{"id":5295,"date":"2021-07-07T11:08:44","date_gmt":"2021-07-07T11:08:44","guid":{"rendered":"https:\/\/vincentedelicacies.com\/?post_type=product&#038;p=5295"},"modified":"2023-10-11T09:38:49","modified_gmt":"2023-10-11T09:38:49","slug":"zagara-enrobe-de-chocolat-extra-noir-70-avec-orange-sanguine-confite","status":"publish","type":"product","link":"https:\/\/vincentedelicacies.com\/fr\/produit\/zagara-enrobe-de-chocolat-extra-noir-70-avec-orange-sanguine-confite\/","title":{"rendered":"ZAGARA - Panettone enrob\u00e9 de chocolat noir extra 70% avec orange sanguine confite"},"content":{"rendered":"<p>Ingr\u00e9dients :<\/p>\n<div class=\"page\" title=\"Page 2\">\n<div class=\"layoutArea\">\n<div class=\"column\">\n<p>farine de <strong>FRUMENTO<\/strong>\u00e9corce d'orange sanguine confite 20% (\u00e9corce d'orange, sirop de glucose-fructose, sucre, acidifiant : acide citrique E330), <strong>BEURRE<\/strong>sucre, jaune d'\u0153uf<strong>EGG<\/strong>P\u00e9pites de chocolat noir extra 6% (p\u00e2te de cacao, sucre, dextrose, \u00e9mulsifiant : l\u00e9cithine de cacao) <strong>SOYA<\/strong>), levure naturelle (farine de <strong>FRUMENTO<\/strong>eau), \u00e9mulsifiants : mono et diglyc\u00e9rides d'acides gras, sirop de glucose, <strong>LAIT<\/strong> poudre de cacao \u00e9cr\u00e9m\u00e9, beurre de cacao, miel, ar\u00f4me naturel, sel. Enrobage : chocolat noir extra 8% (p\u00e2te de cacao, sucre, cacao maigre en poudre, \u00e9mulsifiant : l\u00e9cithine de cacao), ar\u00f4me naturel, sel. <strong>SOYA<\/strong>ar\u00f4me naturel de vanille), cubes d'orange confite 1% (cubes d'orange, sirop de glucose-fructose, sucre, acidifiant : acide citrique E330), sucre cristallis\u00e9. Peut contenir <strong>PISTACHES, AMANDES, NOISETTES, MOUTARDE ET LUPINS. ORIGINE ORANGE : ITALIE<\/strong><\/p>\n<\/div>\n<\/div>\n<\/div>\n<p>&nbsp;<\/p>","protected":false},"excerpt":{"rendered":"<p>Panettone recouvert de chocolat extra noir 70% \u00e0 l'orange sanguine 750 g<\/p>","protected":false},"featured_media":16176,"comment_status":"open","ping_status":"closed","template":"","meta":[],"product_brand":[],"product_cat":[122,140],"product_tag":[],"class_list":{"0":"post-5295","1":"product","2":"type-product","3":"status-publish","4":"has-post-thumbnail","6":"product_cat-natale","7":"product_cat-panettoni-linea-classica","9":"first","10":"outofstock","11":"shipping-taxable","12":"product-type-variable"},"yoast_head":"<!-- This site is optimized with the Yoast SEO Premium plugin v21.8 (Yoast SEO v26.6) - https:\/\/yoast.com\/wordpress\/plugins\/seo\/ -->\n<title>ZAGARA \u2013 Panettone ricoperto di cioccolato fondente extra 70% con arancia rossa candita - Vincente Delicacies<\/title>\n<meta name=\"description\" content=\"Panettone ricoperto di cioccolato extra fondente 70% con arancia rossa da 750 gr.\" \/>\n<meta name=\"robots\" content=\"index, follow, max-snippet:-1, max-image-preview:large, max-video-preview:-1\" \/>\n<link rel=\"canonical\" href=\"https:\/\/vincentedelicacies.com\/fr\/produit\/zagara-enrobe-de-chocolat-extra-noir-70-avec-orange-sanguine-confite\/\" \/>\n<meta property=\"og:locale\" content=\"fr_FR\" \/>\n<meta property=\"og:type\" content=\"article\" \/>\n<meta property=\"og:title\" content=\"ZAGARA \u2013 Panettone ricoperto di cioccolato fondente extra 70% con arancia rossa candita\" \/>\n<meta property=\"og:description\" content=\"Panettone ricoperto di cioccolato extra fondente 70% con arancia rossa da 750 gr.\" \/>\n<meta property=\"og:url\" content=\"https:\/\/vincentedelicacies.com\/fr\/produit\/zagara-enrobe-de-chocolat-extra-noir-70-avec-orange-sanguine-confite\/\" \/>\n<meta property=\"og:site_name\" content=\"Vincente Delicacies\" \/>\n<meta property=\"article:modified_time\" content=\"2023-10-11T09:38:49+00:00\" \/>\n<meta property=\"og:image\" content=\"https:\/\/vincentedelicacies.com\/wp-content\/uploads\/2021\/07\/zagara-12.jpg\" \/>\n\t<meta property=\"og:image:width\" content=\"890\" \/>\n\t<meta property=\"og:image:height\" content=\"899\" \/>\n\t<meta property=\"og:image:type\" content=\"image\/jpeg\" \/>\n<meta name=\"twitter:card\" content=\"summary_large_image\" \/>\n<meta name=\"twitter:label1\" content=\"Dur\u00e9e de lecture estim\u00e9e\" \/>\n\t<meta name=\"twitter:data1\" content=\"1 minute\" \/>\n<script type=\"application\/ld+json\" class=\"yoast-schema-graph\">{\"@context\":\"https:\/\/schema.org\",\"@graph\":[{\"@type\":\"WebPage\",\"@id\":\"https:\/\/vincentedelicacies.com\/prodotto\/zagara-ricoperto-di-cioccolato-fondente-extra-70-con-arancia-rossa-candita\/\",\"url\":\"https:\/\/vincentedelicacies.com\/prodotto\/zagara-ricoperto-di-cioccolato-fondente-extra-70-con-arancia-rossa-candita\/\",\"name\":\"ZAGARA \u2013 Panettone ricoperto di cioccolato fondente extra 70% con arancia rossa candita - Vincente Delicacies\",\"isPartOf\":{\"@id\":\"https:\/\/vincentedelicacies.com\/#website\"},\"primaryImageOfPage\":{\"@id\":\"https:\/\/vincentedelicacies.com\/prodotto\/zagara-ricoperto-di-cioccolato-fondente-extra-70-con-arancia-rossa-candita\/#primaryimage\"},\"image\":{\"@id\":\"https:\/\/vincentedelicacies.com\/prodotto\/zagara-ricoperto-di-cioccolato-fondente-extra-70-con-arancia-rossa-candita\/#primaryimage\"},\"thumbnailUrl\":\"https:\/\/vincentedelicacies.com\/wp-content\/uploads\/2021\/07\/zagara-12.jpg\",\"datePublished\":\"2021-07-07T11:08:44+00:00\",\"dateModified\":\"2023-10-11T09:38:49+00:00\",\"description\":\"Panettone ricoperto di cioccolato extra fondente 70% con arancia rossa da 750 gr.\",\"breadcrumb\":{\"@id\":\"https:\/\/vincentedelicacies.com\/prodotto\/zagara-ricoperto-di-cioccolato-fondente-extra-70-con-arancia-rossa-candita\/#breadcrumb\"},\"inLanguage\":\"fr-FR\",\"potentialAction\":[{\"@type\":\"ReadAction\",\"target\":[\"https:\/\/vincentedelicacies.com\/prodotto\/zagara-ricoperto-di-cioccolato-fondente-extra-70-con-arancia-rossa-candita\/\"]}]},{\"@type\":\"ImageObject\",\"inLanguage\":\"fr-FR\",\"@id\":\"https:\/\/vincentedelicacies.com\/prodotto\/zagara-ricoperto-di-cioccolato-fondente-extra-70-con-arancia-rossa-candita\/#primaryimage\",\"url\":\"https:\/\/vincentedelicacies.com\/wp-content\/uploads\/2021\/07\/zagara-12.jpg\",\"contentUrl\":\"https:\/\/vincentedelicacies.com\/wp-content\/uploads\/2021\/07\/zagara-12.jpg\",\"width\":890,\"height\":899},{\"@type\":\"BreadcrumbList\",\"@id\":\"https:\/\/vincentedelicacies.com\/prodotto\/zagara-ricoperto-di-cioccolato-fondente-extra-70-con-arancia-rossa-candita\/#breadcrumb\",\"itemListElement\":[{\"@type\":\"ListItem\",\"position\":1,\"name\":\"Home\",\"item\":\"https:\/\/vincentedelicacies.com\/\"},{\"@type\":\"ListItem\",\"position\":2,\"name\":\"Prodotti\",\"item\":\"https:\/\/vincentedelicacies.com\/shop1__trashed\/\"},{\"@type\":\"ListItem\",\"position\":3,\"name\":\"ZAGARA \u2013 Panettone ricoperto di cioccolato fondente extra 70% con arancia rossa candita\"}]},{\"@type\":\"WebSite\",\"@id\":\"https:\/\/vincentedelicacies.com\/#website\",\"url\":\"https:\/\/vincentedelicacies.com\/\",\"name\":\"Vincente Delicacies\",\"description\":\"Un grande laboratorio di pasticceria\",\"publisher\":{\"@id\":\"https:\/\/vincentedelicacies.com\/#organization\"},\"potentialAction\":[{\"@type\":\"SearchAction\",\"target\":{\"@type\":\"EntryPoint\",\"urlTemplate\":\"https:\/\/vincentedelicacies.com\/?s={search_term_string}\"},\"query-input\":{\"@type\":\"PropertyValueSpecification\",\"valueRequired\":true,\"valueName\":\"search_term_string\"}}],\"inLanguage\":\"fr-FR\"},{\"@type\":\"Organization\",\"@id\":\"https:\/\/vincentedelicacies.com\/#organization\",\"name\":\"Vincente Delicacies\",\"url\":\"https:\/\/vincentedelicacies.com\/\",\"logo\":{\"@type\":\"ImageObject\",\"inLanguage\":\"fr-FR\",\"@id\":\"https:\/\/vincentedelicacies.com\/#\/schema\/logo\/image\/\",\"url\":\"https:\/\/vincentedelicacies.com\/wp-content\/uploads\/2021\/06\/logo.png\",\"contentUrl\":\"https:\/\/vincentedelicacies.com\/wp-content\/uploads\/2021\/06\/logo.png\",\"width\":159,\"height\":47,\"caption\":\"Vincente Delicacies\"},\"image\":{\"@id\":\"https:\/\/vincentedelicacies.com\/#\/schema\/logo\/image\/\"}}]}<\/script>\n<!-- \/ Yoast SEO Premium plugin. -->","yoast_head_json":{"title":"ZAGARA \u2013 Panettone ricoperto di cioccolato fondente extra 70% con arancia rossa candita - Vincente Delicacies","description":"Panettone ricoperto di cioccolato extra fondente 70% con arancia rossa da 750 gr.","robots":{"index":"index","follow":"follow","max-snippet":"max-snippet:-1","max-image-preview":"max-image-preview:large","max-video-preview":"max-video-preview:-1"},"canonical":"https:\/\/vincentedelicacies.com\/fr\/produit\/zagara-enrobe-de-chocolat-extra-noir-70-avec-orange-sanguine-confite\/","og_locale":"fr_FR","og_type":"article","og_title":"ZAGARA \u2013 Panettone ricoperto di cioccolato fondente extra 70% con arancia rossa candita","og_description":"Panettone ricoperto di cioccolato extra fondente 70% con arancia rossa da 750 gr.","og_url":"https:\/\/vincentedelicacies.com\/fr\/produit\/zagara-enrobe-de-chocolat-extra-noir-70-avec-orange-sanguine-confite\/","og_site_name":"Vincente Delicacies","article_modified_time":"2023-10-11T09:38:49+00:00","og_image":[{"width":890,"height":899,"url":"https:\/\/vincentedelicacies.com\/wp-content\/uploads\/2021\/07\/zagara-12.jpg","type":"image\/jpeg"}],"twitter_card":"summary_large_image","twitter_misc":{"Dur\u00e9e de lecture estim\u00e9e":"1 minute"},"schema":{"@context":"https:\/\/schema.org","@graph":[{"@type":"WebPage","@id":"https:\/\/vincentedelicacies.com\/prodotto\/zagara-ricoperto-di-cioccolato-fondente-extra-70-con-arancia-rossa-candita\/","url":"https:\/\/vincentedelicacies.com\/prodotto\/zagara-ricoperto-di-cioccolato-fondente-extra-70-con-arancia-rossa-candita\/","name":"ZAGARA \u2013 Panettone ricoperto di cioccolato fondente extra 70% con arancia rossa candita - Vincente Delicacies","isPartOf":{"@id":"https:\/\/vincentedelicacies.com\/#website"},"primaryImageOfPage":{"@id":"https:\/\/vincentedelicacies.com\/prodotto\/zagara-ricoperto-di-cioccolato-fondente-extra-70-con-arancia-rossa-candita\/#primaryimage"},"image":{"@id":"https:\/\/vincentedelicacies.com\/prodotto\/zagara-ricoperto-di-cioccolato-fondente-extra-70-con-arancia-rossa-candita\/#primaryimage"},"thumbnailUrl":"https:\/\/vincentedelicacies.com\/wp-content\/uploads\/2021\/07\/zagara-12.jpg","datePublished":"2021-07-07T11:08:44+00:00","dateModified":"2023-10-11T09:38:49+00:00","description":"Panettone ricoperto di cioccolato extra fondente 70% con arancia rossa da 750 gr.","breadcrumb":{"@id":"https:\/\/vincentedelicacies.com\/prodotto\/zagara-ricoperto-di-cioccolato-fondente-extra-70-con-arancia-rossa-candita\/#breadcrumb"},"inLanguage":"fr-FR","potentialAction":[{"@type":"ReadAction","target":["https:\/\/vincentedelicacies.com\/prodotto\/zagara-ricoperto-di-cioccolato-fondente-extra-70-con-arancia-rossa-candita\/"]}]},{"@type":"ImageObject","inLanguage":"fr-FR","@id":"https:\/\/vincentedelicacies.com\/prodotto\/zagara-ricoperto-di-cioccolato-fondente-extra-70-con-arancia-rossa-candita\/#primaryimage","url":"https:\/\/vincentedelicacies.com\/wp-content\/uploads\/2021\/07\/zagara-12.jpg","contentUrl":"https:\/\/vincentedelicacies.com\/wp-content\/uploads\/2021\/07\/zagara-12.jpg","width":890,"height":899},{"@type":"BreadcrumbList","@id":"https:\/\/vincentedelicacies.com\/prodotto\/zagara-ricoperto-di-cioccolato-fondente-extra-70-con-arancia-rossa-candita\/#breadcrumb","itemListElement":[{"@type":"ListItem","position":1,"name":"Home","item":"https:\/\/vincentedelicacies.com\/"},{"@type":"ListItem","position":2,"name":"Prodotti","item":"https:\/\/vincentedelicacies.com\/shop1__trashed\/"},{"@type":"ListItem","position":3,"name":"ZAGARA \u2013 Panettone ricoperto di cioccolato fondente extra 70% con arancia rossa candita"}]},{"@type":"WebSite","@id":"https:\/\/vincentedelicacies.com\/#website","url":"https:\/\/vincentedelicacies.com\/","name":"Vincente Delicacies","description":"Un grande laboratorio di pasticceria","publisher":{"@id":"https:\/\/vincentedelicacies.com\/#organization"},"potentialAction":[{"@type":"SearchAction","target":{"@type":"EntryPoint","urlTemplate":"https:\/\/vincentedelicacies.com\/?s={search_term_string}"},"query-input":{"@type":"PropertyValueSpecification","valueRequired":true,"valueName":"search_term_string"}}],"inLanguage":"fr-FR"},{"@type":"Organization","@id":"https:\/\/vincentedelicacies.com\/#organization","name":"Vincente Delicacies","url":"https:\/\/vincentedelicacies.com\/","logo":{"@type":"ImageObject","inLanguage":"fr-FR","@id":"https:\/\/vincentedelicacies.com\/#\/schema\/logo\/image\/","url":"https:\/\/vincentedelicacies.com\/wp-content\/uploads\/2021\/06\/logo.png","contentUrl":"https:\/\/vincentedelicacies.com\/wp-content\/uploads\/2021\/06\/logo.png","width":159,"height":47,"caption":"Vincente Delicacies"},"image":{"@id":"https:\/\/vincentedelicacies.com\/#\/schema\/logo\/image\/"}}]}},"_links":{"self":[{"href":"https:\/\/vincentedelicacies.com\/fr\/wp-json\/wp\/v2\/product\/5295","targetHints":{"allow":["GET"]}}],"collection":[{"href":"https:\/\/vincentedelicacies.com\/fr\/wp-json\/wp\/v2\/product"}],"about":[{"href":"https:\/\/vincentedelicacies.com\/fr\/wp-json\/wp\/v2\/types\/product"}],"replies":[{"embeddable":true,"href":"https:\/\/vincentedelicacies.com\/fr\/wp-json\/wp\/v2\/comments?post=5295"}],"wp:featuredmedia":[{"embeddable":true,"href":"https:\/\/vincentedelicacies.com\/fr\/wp-json\/wp\/v2\/media\/16176"}],"wp:attachment":[{"href":"https:\/\/vincentedelicacies.com\/fr\/wp-json\/wp\/v2\/media?parent=5295"}],"wp:term":[{"taxonomy":"product_brand","embeddable":true,"href":"https:\/\/vincentedelicacies.com\/fr\/wp-json\/wp\/v2\/product_brand?post=5295"},{"taxonomy":"product_cat","embeddable":true,"href":"https:\/\/vincentedelicacies.com\/fr\/wp-json\/wp\/v2\/product_cat?post=5295"},{"taxonomy":"product_tag","embeddable":true,"href":"https:\/\/vincentedelicacies.com\/fr\/wp-json\/wp\/v2\/product_tag?post=5295"}],"curies":[{"name":"wp","href":"https:\/\/api.w.org\/{rel}","templated":true}]}}