{"id":5255,"date":"2021-07-07T10:37:31","date_gmt":"2021-07-07T10:37:31","guid":{"rendered":"https:\/\/vincentedelicacies.com\/?post_type=product&#038;p=5255"},"modified":"2023-10-19T10:17:44","modified_gmt":"2023-10-19T10:17:44","slug":"melange-enrobe-de-chocolat-blanc-avec-baies-confites-creme-au-chocolat-blanc","status":"publish","type":"product","link":"https:\/\/vincentedelicacies.com\/fr\/produit\/melange-enrobe-de-chocolat-blanc-avec-baies-confites-creme-au-chocolat-blanc\/","title":{"rendered":"M\u00e9lange - Panettone enrob\u00e9 de chocolat blanc avec baies confites + cr\u00e8me au chocolat blanc"},"content":{"rendered":"<p>Ingr\u00e9dients :<\/p>\n<div class=\"page\" title=\"Page 1\">\n<div class=\"layoutArea\">\n<div class=\"column\">\n<p>farine de <strong>FRUMENTO<\/strong>baies confites 20% (fraises, myrtilles, m\u00fbres, sirop de glucose, sucre, acidifiant : acide citrique, acide tartrique, jus concentr\u00e9 de carotte noire, ar\u00f4me naturel), <strong>BEURRE<\/strong>jaune d'\u0153uf <strong>de l'EGG<\/strong>, levure naturelle (farine <strong>FRUMENTO<\/strong>eau), sucre, \u00e9mulsifiants : mono et diglyc\u00e9rides d'acides gras, sirop de glucose, <strong>LAIT<\/strong> chocolat \u00e9cr\u00e9m\u00e9 en poudre, beurre de cacao, miel, ar\u00f4me naturel, sel. Enrobage : chocolat blanc 8% (sucre, beurre de cacao, <strong>LAIT<\/strong> poudre de bl\u00e9 complet, \u00e9mulsifiant : l\u00e9cithine de <strong>SOYA<\/strong>(fraises, myrtilles, m\u00fbres, sirop de glucose, sucre, acidifiant : acide citrique, acide tartrique, jus concentr\u00e9 de carotte noire, ar\u00f4me naturel). Peut contenir <strong>PISTACHES, AMANDES, NOISETTES, MOUTARDE ET LUPINS.<\/strong><\/p>\n<p><strong>CR\u00c8ME AU CHOCOLAT BLANC<\/strong> - Ingr\u00e9dients : sucre, chocolat blanc 25% (beurre de cacao, <strong>LAIT<\/strong> poudre, \u00e9mulsifiant : l\u00e9cithine de <strong>SOYA<\/strong>ar\u00f4me naturel de vanille), <strong>LAIT<\/strong> poudre, lactos\u00e9rum de <strong>LAIT<\/strong> poudre, graisses v\u00e9g\u00e9tales non hydrog\u00e9n\u00e9es (huile de tournesol, huile de coco, beurre de cacao), huile d'olive extra vierge, \u00e9mulsifiant : l\u00e9cithine de <strong>SOYA<\/strong>ar\u00f4mes. PEUT CONTENIR DES FRUITS \u00c0 COQUE : <strong>PISTACHES, AMANDES, NOIX, NOIX DE CAJOU<\/strong><\/p>\n<\/div>\n<\/div>\n<\/div>","protected":false},"excerpt":{"rendered":"<p>Panettone enrob\u00e9 de chocolat blanc avec baies confites + Pot de p\u00e2te \u00e0 tartiner au chocolat blanc + Couteau \u00e0 tartiner \u00e0 la cr\u00e8me Panettone enrob\u00e9 de chocolat blanc.<\/p>","protected":false},"featured_media":13029,"comment_status":"open","ping_status":"closed","template":"","meta":[],"product_brand":[],"product_cat":[122,138],"product_tag":[],"class_list":{"0":"post-5255","1":"product","2":"type-product","3":"status-publish","4":"has-post-thumbnail","6":"product_cat-natale","7":"product_cat-scatoleregalo","9":"first","10":"outofstock","11":"shipping-taxable","12":"product-type-variable"},"yoast_head":"<!-- This site is optimized with the Yoast SEO Premium plugin v21.8 (Yoast SEO v26.6) - https:\/\/yoast.com\/wordpress\/plugins\/seo\/ -->\n<title>M\u00e9lange \u2013Panettone ricoperto di cioccolato bianco con frutti di bosco canditi + crema di cioccolato bianco - Vincente Delicacies<\/title>\n<meta name=\"description\" content=\"Panettone ricoperto di cioccolato bianco con frutti di bosco canditi + Vasetto di crema spalmabile al cioccolato bianco+ Coltello spalmacrema Panettone coated with white.\" \/>\n<meta name=\"robots\" content=\"index, follow, max-snippet:-1, max-image-preview:large, max-video-preview:-1\" \/>\n<link rel=\"canonical\" href=\"https:\/\/vincentedelicacies.com\/fr\/produit\/melange-enrobe-de-chocolat-blanc-avec-baies-confites-creme-au-chocolat-blanc\/\" \/>\n<meta property=\"og:locale\" content=\"fr_FR\" \/>\n<meta property=\"og:type\" content=\"article\" \/>\n<meta property=\"og:title\" content=\"M\u00e9lange \u2013Panettone ricoperto di cioccolato bianco con frutti di bosco canditi + crema di cioccolato bianco\" \/>\n<meta property=\"og:description\" content=\"Panettone ricoperto di cioccolato bianco con frutti di bosco canditi + Vasetto di crema spalmabile al cioccolato bianco+ Coltello spalmacrema Panettone coated with white.\" \/>\n<meta property=\"og:url\" content=\"https:\/\/vincentedelicacies.com\/fr\/produit\/melange-enrobe-de-chocolat-blanc-avec-baies-confites-creme-au-chocolat-blanc\/\" \/>\n<meta property=\"og:site_name\" content=\"Vincente Delicacies\" \/>\n<meta property=\"article:modified_time\" content=\"2023-10-19T10:17:44+00:00\" \/>\n<meta property=\"og:image\" content=\"https:\/\/vincentedelicacies.com\/wp-content\/uploads\/2021\/07\/silvestre-5.jpg\" \/>\n\t<meta property=\"og:image:width\" content=\"890\" \/>\n\t<meta property=\"og:image:height\" content=\"899\" \/>\n\t<meta property=\"og:image:type\" content=\"image\/jpeg\" \/>\n<meta name=\"twitter:card\" content=\"summary_large_image\" \/>\n<meta name=\"twitter:label1\" content=\"Dur\u00e9e de lecture estim\u00e9e\" \/>\n\t<meta name=\"twitter:data1\" content=\"1 minute\" \/>\n<script type=\"application\/ld+json\" class=\"yoast-schema-graph\">{\"@context\":\"https:\/\/schema.org\",\"@graph\":[{\"@type\":\"WebPage\",\"@id\":\"https:\/\/vincentedelicacies.com\/prodotto\/melange-ricoperto-di-cioccolato-bianco-con-frutti-di-bosco-canditi-crema-di-cioccolato-bianco\/\",\"url\":\"https:\/\/vincentedelicacies.com\/prodotto\/melange-ricoperto-di-cioccolato-bianco-con-frutti-di-bosco-canditi-crema-di-cioccolato-bianco\/\",\"name\":\"M\u00e9lange \u2013Panettone ricoperto di cioccolato bianco con frutti di bosco canditi + crema di cioccolato bianco - Vincente Delicacies\",\"isPartOf\":{\"@id\":\"https:\/\/vincentedelicacies.com\/#website\"},\"primaryImageOfPage\":{\"@id\":\"https:\/\/vincentedelicacies.com\/prodotto\/melange-ricoperto-di-cioccolato-bianco-con-frutti-di-bosco-canditi-crema-di-cioccolato-bianco\/#primaryimage\"},\"image\":{\"@id\":\"https:\/\/vincentedelicacies.com\/prodotto\/melange-ricoperto-di-cioccolato-bianco-con-frutti-di-bosco-canditi-crema-di-cioccolato-bianco\/#primaryimage\"},\"thumbnailUrl\":\"https:\/\/vincentedelicacies.com\/wp-content\/uploads\/2021\/07\/silvestre-5.jpg\",\"datePublished\":\"2021-07-07T10:37:31+00:00\",\"dateModified\":\"2023-10-19T10:17:44+00:00\",\"description\":\"Panettone ricoperto di cioccolato bianco con frutti di bosco canditi + Vasetto di crema spalmabile al cioccolato bianco+ Coltello spalmacrema Panettone coated with white.\",\"breadcrumb\":{\"@id\":\"https:\/\/vincentedelicacies.com\/prodotto\/melange-ricoperto-di-cioccolato-bianco-con-frutti-di-bosco-canditi-crema-di-cioccolato-bianco\/#breadcrumb\"},\"inLanguage\":\"fr-FR\",\"potentialAction\":[{\"@type\":\"ReadAction\",\"target\":[\"https:\/\/vincentedelicacies.com\/prodotto\/melange-ricoperto-di-cioccolato-bianco-con-frutti-di-bosco-canditi-crema-di-cioccolato-bianco\/\"]}]},{\"@type\":\"ImageObject\",\"inLanguage\":\"fr-FR\",\"@id\":\"https:\/\/vincentedelicacies.com\/prodotto\/melange-ricoperto-di-cioccolato-bianco-con-frutti-di-bosco-canditi-crema-di-cioccolato-bianco\/#primaryimage\",\"url\":\"https:\/\/vincentedelicacies.com\/wp-content\/uploads\/2021\/07\/silvestre-5.jpg\",\"contentUrl\":\"https:\/\/vincentedelicacies.com\/wp-content\/uploads\/2021\/07\/silvestre-5.jpg\",\"width\":890,\"height\":899,\"caption\":\"M\u00e9lange \u2013Panettone ricoperto di cioccolato bianco con frutti di bosco canditi + crema di cioccolato bianco\"},{\"@type\":\"BreadcrumbList\",\"@id\":\"https:\/\/vincentedelicacies.com\/prodotto\/melange-ricoperto-di-cioccolato-bianco-con-frutti-di-bosco-canditi-crema-di-cioccolato-bianco\/#breadcrumb\",\"itemListElement\":[{\"@type\":\"ListItem\",\"position\":1,\"name\":\"Home\",\"item\":\"https:\/\/vincentedelicacies.com\/\"},{\"@type\":\"ListItem\",\"position\":2,\"name\":\"Prodotti\",\"item\":\"https:\/\/vincentedelicacies.com\/shop1__trashed\/\"},{\"@type\":\"ListItem\",\"position\":3,\"name\":\"M\u00e9lange \u2013Panettone ricoperto di cioccolato bianco con frutti di bosco canditi + crema di cioccolato bianco\"}]},{\"@type\":\"WebSite\",\"@id\":\"https:\/\/vincentedelicacies.com\/#website\",\"url\":\"https:\/\/vincentedelicacies.com\/\",\"name\":\"Vincente Delicacies\",\"description\":\"Un grande laboratorio di pasticceria\",\"publisher\":{\"@id\":\"https:\/\/vincentedelicacies.com\/#organization\"},\"potentialAction\":[{\"@type\":\"SearchAction\",\"target\":{\"@type\":\"EntryPoint\",\"urlTemplate\":\"https:\/\/vincentedelicacies.com\/?s={search_term_string}\"},\"query-input\":{\"@type\":\"PropertyValueSpecification\",\"valueRequired\":true,\"valueName\":\"search_term_string\"}}],\"inLanguage\":\"fr-FR\"},{\"@type\":\"Organization\",\"@id\":\"https:\/\/vincentedelicacies.com\/#organization\",\"name\":\"Vincente Delicacies\",\"url\":\"https:\/\/vincentedelicacies.com\/\",\"logo\":{\"@type\":\"ImageObject\",\"inLanguage\":\"fr-FR\",\"@id\":\"https:\/\/vincentedelicacies.com\/#\/schema\/logo\/image\/\",\"url\":\"https:\/\/vincentedelicacies.com\/wp-content\/uploads\/2021\/06\/logo.png\",\"contentUrl\":\"https:\/\/vincentedelicacies.com\/wp-content\/uploads\/2021\/06\/logo.png\",\"width\":159,\"height\":47,\"caption\":\"Vincente Delicacies\"},\"image\":{\"@id\":\"https:\/\/vincentedelicacies.com\/#\/schema\/logo\/image\/\"}}]}<\/script>\n<!-- \/ Yoast SEO Premium plugin. -->","yoast_head_json":{"title":"M\u00e9lange \u2013Panettone ricoperto di cioccolato bianco con frutti di bosco canditi + crema di cioccolato bianco - Vincente Delicacies","description":"Panettone ricoperto di cioccolato bianco con frutti di bosco canditi + Vasetto di crema spalmabile al cioccolato bianco+ Coltello spalmacrema Panettone coated with white.","robots":{"index":"index","follow":"follow","max-snippet":"max-snippet:-1","max-image-preview":"max-image-preview:large","max-video-preview":"max-video-preview:-1"},"canonical":"https:\/\/vincentedelicacies.com\/fr\/produit\/melange-enrobe-de-chocolat-blanc-avec-baies-confites-creme-au-chocolat-blanc\/","og_locale":"fr_FR","og_type":"article","og_title":"M\u00e9lange \u2013Panettone ricoperto di cioccolato bianco con frutti di bosco canditi + crema di cioccolato bianco","og_description":"Panettone ricoperto di cioccolato bianco con frutti di bosco canditi + Vasetto di crema spalmabile al cioccolato bianco+ Coltello spalmacrema Panettone coated with white.","og_url":"https:\/\/vincentedelicacies.com\/fr\/produit\/melange-enrobe-de-chocolat-blanc-avec-baies-confites-creme-au-chocolat-blanc\/","og_site_name":"Vincente Delicacies","article_modified_time":"2023-10-19T10:17:44+00:00","og_image":[{"width":890,"height":899,"url":"https:\/\/vincentedelicacies.com\/wp-content\/uploads\/2021\/07\/silvestre-5.jpg","type":"image\/jpeg"}],"twitter_card":"summary_large_image","twitter_misc":{"Dur\u00e9e de lecture estim\u00e9e":"1 minute"},"schema":{"@context":"https:\/\/schema.org","@graph":[{"@type":"WebPage","@id":"https:\/\/vincentedelicacies.com\/prodotto\/melange-ricoperto-di-cioccolato-bianco-con-frutti-di-bosco-canditi-crema-di-cioccolato-bianco\/","url":"https:\/\/vincentedelicacies.com\/prodotto\/melange-ricoperto-di-cioccolato-bianco-con-frutti-di-bosco-canditi-crema-di-cioccolato-bianco\/","name":"M\u00e9lange \u2013Panettone ricoperto di cioccolato bianco con frutti di bosco canditi + crema di cioccolato bianco - Vincente Delicacies","isPartOf":{"@id":"https:\/\/vincentedelicacies.com\/#website"},"primaryImageOfPage":{"@id":"https:\/\/vincentedelicacies.com\/prodotto\/melange-ricoperto-di-cioccolato-bianco-con-frutti-di-bosco-canditi-crema-di-cioccolato-bianco\/#primaryimage"},"image":{"@id":"https:\/\/vincentedelicacies.com\/prodotto\/melange-ricoperto-di-cioccolato-bianco-con-frutti-di-bosco-canditi-crema-di-cioccolato-bianco\/#primaryimage"},"thumbnailUrl":"https:\/\/vincentedelicacies.com\/wp-content\/uploads\/2021\/07\/silvestre-5.jpg","datePublished":"2021-07-07T10:37:31+00:00","dateModified":"2023-10-19T10:17:44+00:00","description":"Panettone ricoperto di cioccolato bianco con frutti di bosco canditi + Vasetto di crema spalmabile al cioccolato bianco+ Coltello spalmacrema Panettone coated with white.","breadcrumb":{"@id":"https:\/\/vincentedelicacies.com\/prodotto\/melange-ricoperto-di-cioccolato-bianco-con-frutti-di-bosco-canditi-crema-di-cioccolato-bianco\/#breadcrumb"},"inLanguage":"fr-FR","potentialAction":[{"@type":"ReadAction","target":["https:\/\/vincentedelicacies.com\/prodotto\/melange-ricoperto-di-cioccolato-bianco-con-frutti-di-bosco-canditi-crema-di-cioccolato-bianco\/"]}]},{"@type":"ImageObject","inLanguage":"fr-FR","@id":"https:\/\/vincentedelicacies.com\/prodotto\/melange-ricoperto-di-cioccolato-bianco-con-frutti-di-bosco-canditi-crema-di-cioccolato-bianco\/#primaryimage","url":"https:\/\/vincentedelicacies.com\/wp-content\/uploads\/2021\/07\/silvestre-5.jpg","contentUrl":"https:\/\/vincentedelicacies.com\/wp-content\/uploads\/2021\/07\/silvestre-5.jpg","width":890,"height":899,"caption":"M\u00e9lange \u2013Panettone ricoperto di cioccolato bianco con frutti di bosco canditi + crema di cioccolato bianco"},{"@type":"BreadcrumbList","@id":"https:\/\/vincentedelicacies.com\/prodotto\/melange-ricoperto-di-cioccolato-bianco-con-frutti-di-bosco-canditi-crema-di-cioccolato-bianco\/#breadcrumb","itemListElement":[{"@type":"ListItem","position":1,"name":"Home","item":"https:\/\/vincentedelicacies.com\/"},{"@type":"ListItem","position":2,"name":"Prodotti","item":"https:\/\/vincentedelicacies.com\/shop1__trashed\/"},{"@type":"ListItem","position":3,"name":"M\u00e9lange \u2013Panettone ricoperto di cioccolato bianco con frutti di bosco canditi + crema di cioccolato bianco"}]},{"@type":"WebSite","@id":"https:\/\/vincentedelicacies.com\/#website","url":"https:\/\/vincentedelicacies.com\/","name":"Vincente Delicacies","description":"Un grande laboratorio di pasticceria","publisher":{"@id":"https:\/\/vincentedelicacies.com\/#organization"},"potentialAction":[{"@type":"SearchAction","target":{"@type":"EntryPoint","urlTemplate":"https:\/\/vincentedelicacies.com\/?s={search_term_string}"},"query-input":{"@type":"PropertyValueSpecification","valueRequired":true,"valueName":"search_term_string"}}],"inLanguage":"fr-FR"},{"@type":"Organization","@id":"https:\/\/vincentedelicacies.com\/#organization","name":"Vincente Delicacies","url":"https:\/\/vincentedelicacies.com\/","logo":{"@type":"ImageObject","inLanguage":"fr-FR","@id":"https:\/\/vincentedelicacies.com\/#\/schema\/logo\/image\/","url":"https:\/\/vincentedelicacies.com\/wp-content\/uploads\/2021\/06\/logo.png","contentUrl":"https:\/\/vincentedelicacies.com\/wp-content\/uploads\/2021\/06\/logo.png","width":159,"height":47,"caption":"Vincente Delicacies"},"image":{"@id":"https:\/\/vincentedelicacies.com\/#\/schema\/logo\/image\/"}}]}},"_links":{"self":[{"href":"https:\/\/vincentedelicacies.com\/fr\/wp-json\/wp\/v2\/product\/5255","targetHints":{"allow":["GET"]}}],"collection":[{"href":"https:\/\/vincentedelicacies.com\/fr\/wp-json\/wp\/v2\/product"}],"about":[{"href":"https:\/\/vincentedelicacies.com\/fr\/wp-json\/wp\/v2\/types\/product"}],"replies":[{"embeddable":true,"href":"https:\/\/vincentedelicacies.com\/fr\/wp-json\/wp\/v2\/comments?post=5255"}],"wp:featuredmedia":[{"embeddable":true,"href":"https:\/\/vincentedelicacies.com\/fr\/wp-json\/wp\/v2\/media\/13029"}],"wp:attachment":[{"href":"https:\/\/vincentedelicacies.com\/fr\/wp-json\/wp\/v2\/media?parent=5255"}],"wp:term":[{"taxonomy":"product_brand","embeddable":true,"href":"https:\/\/vincentedelicacies.com\/fr\/wp-json\/wp\/v2\/product_brand?post=5255"},{"taxonomy":"product_cat","embeddable":true,"href":"https:\/\/vincentedelicacies.com\/fr\/wp-json\/wp\/v2\/product_cat?post=5255"},{"taxonomy":"product_tag","embeddable":true,"href":"https:\/\/vincentedelicacies.com\/fr\/wp-json\/wp\/v2\/product_tag?post=5255"}],"curies":[{"name":"wp","href":"https:\/\/api.w.org\/{rel}","templated":true}]}}