{"id":5191,"date":"2021-07-07T08:30:03","date_gmt":"2021-07-07T08:30:03","guid":{"rendered":"https:\/\/vincentedelicacies.com\/?post_type=product&#038;p=5191"},"modified":"2023-10-19T08:46:42","modified_gmt":"2023-10-19T08:46:42","slug":"le-chic-enrobe-de-chocolat-noir-et-de-pistaches-fourrees-a-la-creme-de-pistache","status":"publish","type":"product","link":"https:\/\/vincentedelicacies.com\/fr\/produit\/le-chic-enrobe-de-chocolat-noir-et-de-pistaches-fourrees-a-la-creme-de-pistache\/","title":{"rendered":"LE CHIC - Panettone enrob\u00e9 de chocolat noir et de pistache, fourr\u00e9 \u00e0 la cr\u00e8me de pistache"},"content":{"rendered":"<p>Ingr\u00e9dients : Farine de<b> BLE, BEURRE<\/b>Sucre, jaune d'\u0153uf<b> <\/b>d'<b>EGG<\/b>Levure naturelle (farine)<b> FRUMENTO<\/b>eau), \u00e9mulsifiants : mono et diglyc\u00e9rides d'acides gras, sirop de glucose,<b> LAIT <\/b>lait \u00e9cr\u00e9m\u00e9 en poudre, beurre de cacao, miel, ar\u00f4me naturel, sel. Garniture : cr\u00e8me avec<b> PISTACHO\u00a0 <\/b>de Sicile 16% (sucre,<b> PISTACHO <\/b>20%,<b> <\/b>Lait \u00e9cr\u00e9m\u00e9 en poudre, graisses v\u00e9g\u00e9tales non hydrog\u00e9n\u00e9es (huile de tournesol, beurre de cacao), \u00e9mulsifiant : l\u00e9cithine de cacao.<b> SOYA<\/b>(p\u00e2te de cacao, sucre, poudre de cacao maigre, \u00e9mulsifiant : l\u00e9cithine de cacao). Enrobage : chocolat noir 8% (p\u00e2te de cacao, sucre, poudre de cacao maigre, \u00e9mulsifiant : l\u00e9cithine de cacao), sucre, poudre de cacao maigre, \u00e9mulsifiant : l\u00e9cithine de cacao.<b> SOYA<\/b>ar\u00f4me naturel de vanille), grains de<b>PISTACHO <\/b>de Sicile 5%. Il peut contenir<b>\u00a0 AMANDES, NOISETTES, MOUTARDE ET LUPINS.<\/b><\/p>","protected":false},"excerpt":{"rendered":"<p>Panettone recouvert de chocolat noir extra 70% et de pistaches siciliennes, fourr\u00e9 de 900 g de cr\u00e8me de pistache<\/p>","protected":false},"featured_media":19068,"comment_status":"open","ping_status":"closed","template":"","meta":[],"product_brand":[],"product_cat":[122,141],"product_tag":[],"class_list":{"0":"post-5191","1":"product","2":"type-product","3":"status-publish","4":"has-post-thumbnail","6":"product_cat-natale","7":"product_cat-le-chic","9":"first","10":"outofstock","11":"shipping-taxable","12":"product-type-variable"},"yoast_head":"<!-- This site is optimized with the Yoast SEO Premium plugin v21.8 (Yoast SEO v26.6) - https:\/\/yoast.com\/wordpress\/plugins\/seo\/ -->\n<title>LE CHIC \u2013 Panettone ricoperto cioccolato fondente e pistacchio farcito con crema al Pistacchio - Vincente Delicacies<\/title>\n<meta name=\"description\" content=\"Panettone ricoperto di cioccolato extra fondente 70% e pistacchio di Sicilia farcito con crema di Pistacchio da 900 gr\" \/>\n<meta name=\"robots\" content=\"index, follow, max-snippet:-1, max-image-preview:large, max-video-preview:-1\" \/>\n<link rel=\"canonical\" href=\"https:\/\/vincentedelicacies.com\/fr\/produit\/le-chic-enrobe-de-chocolat-noir-et-de-pistaches-fourrees-a-la-creme-de-pistache\/\" \/>\n<meta property=\"og:locale\" content=\"fr_FR\" \/>\n<meta property=\"og:type\" content=\"article\" \/>\n<meta property=\"og:title\" content=\"LE CHIC \u2013 Panettone ricoperto cioccolato fondente e pistacchio farcito con crema al Pistacchio\" \/>\n<meta property=\"og:description\" content=\"Panettone ricoperto di cioccolato extra fondente 70% e pistacchio di Sicilia farcito con crema di Pistacchio da 900 gr\" \/>\n<meta property=\"og:url\" content=\"https:\/\/vincentedelicacies.com\/fr\/produit\/le-chic-enrobe-de-chocolat-noir-et-de-pistaches-fourrees-a-la-creme-de-pistache\/\" \/>\n<meta property=\"og:site_name\" content=\"Vincente Delicacies\" \/>\n<meta property=\"article:modified_time\" content=\"2023-10-19T08:46:42+00:00\" \/>\n<meta property=\"og:image\" content=\"https:\/\/vincentedelicacies.com\/wp-content\/uploads\/2021\/07\/le-chic-1.jpg\" \/>\n\t<meta property=\"og:image:width\" content=\"790\" \/>\n\t<meta property=\"og:image:height\" content=\"799\" \/>\n\t<meta property=\"og:image:type\" content=\"image\/jpeg\" \/>\n<meta name=\"twitter:card\" content=\"summary_large_image\" \/>\n<meta name=\"twitter:label1\" content=\"Dur\u00e9e de lecture estim\u00e9e\" \/>\n\t<meta name=\"twitter:data1\" content=\"1 minute\" \/>\n<script type=\"application\/ld+json\" class=\"yoast-schema-graph\">{\"@context\":\"https:\/\/schema.org\",\"@graph\":[{\"@type\":\"WebPage\",\"@id\":\"https:\/\/vincentedelicacies.com\/prodotto\/le-chic-ricoperto-cioccolato-fondente-e-pistacchio-farcito-con-crema-al-pistacchi\/\",\"url\":\"https:\/\/vincentedelicacies.com\/prodotto\/le-chic-ricoperto-cioccolato-fondente-e-pistacchio-farcito-con-crema-al-pistacchi\/\",\"name\":\"LE CHIC \u2013 Panettone ricoperto cioccolato fondente e pistacchio farcito con crema al Pistacchio - Vincente Delicacies\",\"isPartOf\":{\"@id\":\"https:\/\/vincentedelicacies.com\/#website\"},\"primaryImageOfPage\":{\"@id\":\"https:\/\/vincentedelicacies.com\/prodotto\/le-chic-ricoperto-cioccolato-fondente-e-pistacchio-farcito-con-crema-al-pistacchi\/#primaryimage\"},\"image\":{\"@id\":\"https:\/\/vincentedelicacies.com\/prodotto\/le-chic-ricoperto-cioccolato-fondente-e-pistacchio-farcito-con-crema-al-pistacchi\/#primaryimage\"},\"thumbnailUrl\":\"https:\/\/vincentedelicacies.com\/wp-content\/uploads\/2021\/07\/le-chic-1.jpg\",\"datePublished\":\"2021-07-07T08:30:03+00:00\",\"dateModified\":\"2023-10-19T08:46:42+00:00\",\"description\":\"Panettone ricoperto di cioccolato extra fondente 70% e pistacchio di Sicilia farcito con crema di Pistacchio da 900 gr\",\"breadcrumb\":{\"@id\":\"https:\/\/vincentedelicacies.com\/prodotto\/le-chic-ricoperto-cioccolato-fondente-e-pistacchio-farcito-con-crema-al-pistacchi\/#breadcrumb\"},\"inLanguage\":\"fr-FR\",\"potentialAction\":[{\"@type\":\"ReadAction\",\"target\":[\"https:\/\/vincentedelicacies.com\/prodotto\/le-chic-ricoperto-cioccolato-fondente-e-pistacchio-farcito-con-crema-al-pistacchi\/\"]}]},{\"@type\":\"ImageObject\",\"inLanguage\":\"fr-FR\",\"@id\":\"https:\/\/vincentedelicacies.com\/prodotto\/le-chic-ricoperto-cioccolato-fondente-e-pistacchio-farcito-con-crema-al-pistacchi\/#primaryimage\",\"url\":\"https:\/\/vincentedelicacies.com\/wp-content\/uploads\/2021\/07\/le-chic-1.jpg\",\"contentUrl\":\"https:\/\/vincentedelicacies.com\/wp-content\/uploads\/2021\/07\/le-chic-1.jpg\",\"width\":790,\"height\":799},{\"@type\":\"BreadcrumbList\",\"@id\":\"https:\/\/vincentedelicacies.com\/prodotto\/le-chic-ricoperto-cioccolato-fondente-e-pistacchio-farcito-con-crema-al-pistacchi\/#breadcrumb\",\"itemListElement\":[{\"@type\":\"ListItem\",\"position\":1,\"name\":\"Home\",\"item\":\"https:\/\/vincentedelicacies.com\/\"},{\"@type\":\"ListItem\",\"position\":2,\"name\":\"Prodotti\",\"item\":\"https:\/\/vincentedelicacies.com\/shop1__trashed\/\"},{\"@type\":\"ListItem\",\"position\":3,\"name\":\"LE CHIC \u2013 Panettone ricoperto cioccolato fondente e pistacchio farcito con crema al Pistacchio\"}]},{\"@type\":\"WebSite\",\"@id\":\"https:\/\/vincentedelicacies.com\/#website\",\"url\":\"https:\/\/vincentedelicacies.com\/\",\"name\":\"Vincente Delicacies\",\"description\":\"Un grande laboratorio di pasticceria\",\"publisher\":{\"@id\":\"https:\/\/vincentedelicacies.com\/#organization\"},\"potentialAction\":[{\"@type\":\"SearchAction\",\"target\":{\"@type\":\"EntryPoint\",\"urlTemplate\":\"https:\/\/vincentedelicacies.com\/?s={search_term_string}\"},\"query-input\":{\"@type\":\"PropertyValueSpecification\",\"valueRequired\":true,\"valueName\":\"search_term_string\"}}],\"inLanguage\":\"fr-FR\"},{\"@type\":\"Organization\",\"@id\":\"https:\/\/vincentedelicacies.com\/#organization\",\"name\":\"Vincente Delicacies\",\"url\":\"https:\/\/vincentedelicacies.com\/\",\"logo\":{\"@type\":\"ImageObject\",\"inLanguage\":\"fr-FR\",\"@id\":\"https:\/\/vincentedelicacies.com\/#\/schema\/logo\/image\/\",\"url\":\"https:\/\/vincentedelicacies.com\/wp-content\/uploads\/2021\/06\/logo.png\",\"contentUrl\":\"https:\/\/vincentedelicacies.com\/wp-content\/uploads\/2021\/06\/logo.png\",\"width\":159,\"height\":47,\"caption\":\"Vincente Delicacies\"},\"image\":{\"@id\":\"https:\/\/vincentedelicacies.com\/#\/schema\/logo\/image\/\"}}]}<\/script>\n<!-- \/ Yoast SEO Premium plugin. -->","yoast_head_json":{"title":"LE CHIC \u2013 Panettone ricoperto cioccolato fondente e pistacchio farcito con crema al Pistacchio - Vincente Delicacies","description":"Panettone ricoperto di cioccolato extra fondente 70% e pistacchio di Sicilia farcito con crema di Pistacchio da 900 gr","robots":{"index":"index","follow":"follow","max-snippet":"max-snippet:-1","max-image-preview":"max-image-preview:large","max-video-preview":"max-video-preview:-1"},"canonical":"https:\/\/vincentedelicacies.com\/fr\/produit\/le-chic-enrobe-de-chocolat-noir-et-de-pistaches-fourrees-a-la-creme-de-pistache\/","og_locale":"fr_FR","og_type":"article","og_title":"LE CHIC \u2013 Panettone ricoperto cioccolato fondente e pistacchio farcito con crema al Pistacchio","og_description":"Panettone ricoperto di cioccolato extra fondente 70% e pistacchio di Sicilia farcito con crema di Pistacchio da 900 gr","og_url":"https:\/\/vincentedelicacies.com\/fr\/produit\/le-chic-enrobe-de-chocolat-noir-et-de-pistaches-fourrees-a-la-creme-de-pistache\/","og_site_name":"Vincente Delicacies","article_modified_time":"2023-10-19T08:46:42+00:00","og_image":[{"width":790,"height":799,"url":"https:\/\/vincentedelicacies.com\/wp-content\/uploads\/2021\/07\/le-chic-1.jpg","type":"image\/jpeg"}],"twitter_card":"summary_large_image","twitter_misc":{"Dur\u00e9e de lecture estim\u00e9e":"1 minute"},"schema":{"@context":"https:\/\/schema.org","@graph":[{"@type":"WebPage","@id":"https:\/\/vincentedelicacies.com\/prodotto\/le-chic-ricoperto-cioccolato-fondente-e-pistacchio-farcito-con-crema-al-pistacchi\/","url":"https:\/\/vincentedelicacies.com\/prodotto\/le-chic-ricoperto-cioccolato-fondente-e-pistacchio-farcito-con-crema-al-pistacchi\/","name":"LE CHIC \u2013 Panettone ricoperto cioccolato fondente e pistacchio farcito con crema al Pistacchio - Vincente Delicacies","isPartOf":{"@id":"https:\/\/vincentedelicacies.com\/#website"},"primaryImageOfPage":{"@id":"https:\/\/vincentedelicacies.com\/prodotto\/le-chic-ricoperto-cioccolato-fondente-e-pistacchio-farcito-con-crema-al-pistacchi\/#primaryimage"},"image":{"@id":"https:\/\/vincentedelicacies.com\/prodotto\/le-chic-ricoperto-cioccolato-fondente-e-pistacchio-farcito-con-crema-al-pistacchi\/#primaryimage"},"thumbnailUrl":"https:\/\/vincentedelicacies.com\/wp-content\/uploads\/2021\/07\/le-chic-1.jpg","datePublished":"2021-07-07T08:30:03+00:00","dateModified":"2023-10-19T08:46:42+00:00","description":"Panettone ricoperto di cioccolato extra fondente 70% e pistacchio di Sicilia farcito con crema di Pistacchio da 900 gr","breadcrumb":{"@id":"https:\/\/vincentedelicacies.com\/prodotto\/le-chic-ricoperto-cioccolato-fondente-e-pistacchio-farcito-con-crema-al-pistacchi\/#breadcrumb"},"inLanguage":"fr-FR","potentialAction":[{"@type":"ReadAction","target":["https:\/\/vincentedelicacies.com\/prodotto\/le-chic-ricoperto-cioccolato-fondente-e-pistacchio-farcito-con-crema-al-pistacchi\/"]}]},{"@type":"ImageObject","inLanguage":"fr-FR","@id":"https:\/\/vincentedelicacies.com\/prodotto\/le-chic-ricoperto-cioccolato-fondente-e-pistacchio-farcito-con-crema-al-pistacchi\/#primaryimage","url":"https:\/\/vincentedelicacies.com\/wp-content\/uploads\/2021\/07\/le-chic-1.jpg","contentUrl":"https:\/\/vincentedelicacies.com\/wp-content\/uploads\/2021\/07\/le-chic-1.jpg","width":790,"height":799},{"@type":"BreadcrumbList","@id":"https:\/\/vincentedelicacies.com\/prodotto\/le-chic-ricoperto-cioccolato-fondente-e-pistacchio-farcito-con-crema-al-pistacchi\/#breadcrumb","itemListElement":[{"@type":"ListItem","position":1,"name":"Home","item":"https:\/\/vincentedelicacies.com\/"},{"@type":"ListItem","position":2,"name":"Prodotti","item":"https:\/\/vincentedelicacies.com\/shop1__trashed\/"},{"@type":"ListItem","position":3,"name":"LE CHIC \u2013 Panettone ricoperto cioccolato fondente e pistacchio farcito con crema al Pistacchio"}]},{"@type":"WebSite","@id":"https:\/\/vincentedelicacies.com\/#website","url":"https:\/\/vincentedelicacies.com\/","name":"Vincente Delicacies","description":"Un grande laboratorio di pasticceria","publisher":{"@id":"https:\/\/vincentedelicacies.com\/#organization"},"potentialAction":[{"@type":"SearchAction","target":{"@type":"EntryPoint","urlTemplate":"https:\/\/vincentedelicacies.com\/?s={search_term_string}"},"query-input":{"@type":"PropertyValueSpecification","valueRequired":true,"valueName":"search_term_string"}}],"inLanguage":"fr-FR"},{"@type":"Organization","@id":"https:\/\/vincentedelicacies.com\/#organization","name":"Vincente Delicacies","url":"https:\/\/vincentedelicacies.com\/","logo":{"@type":"ImageObject","inLanguage":"fr-FR","@id":"https:\/\/vincentedelicacies.com\/#\/schema\/logo\/image\/","url":"https:\/\/vincentedelicacies.com\/wp-content\/uploads\/2021\/06\/logo.png","contentUrl":"https:\/\/vincentedelicacies.com\/wp-content\/uploads\/2021\/06\/logo.png","width":159,"height":47,"caption":"Vincente Delicacies"},"image":{"@id":"https:\/\/vincentedelicacies.com\/#\/schema\/logo\/image\/"}}]}},"_links":{"self":[{"href":"https:\/\/vincentedelicacies.com\/fr\/wp-json\/wp\/v2\/product\/5191","targetHints":{"allow":["GET"]}}],"collection":[{"href":"https:\/\/vincentedelicacies.com\/fr\/wp-json\/wp\/v2\/product"}],"about":[{"href":"https:\/\/vincentedelicacies.com\/fr\/wp-json\/wp\/v2\/types\/product"}],"replies":[{"embeddable":true,"href":"https:\/\/vincentedelicacies.com\/fr\/wp-json\/wp\/v2\/comments?post=5191"}],"wp:featuredmedia":[{"embeddable":true,"href":"https:\/\/vincentedelicacies.com\/fr\/wp-json\/wp\/v2\/media\/19068"}],"wp:attachment":[{"href":"https:\/\/vincentedelicacies.com\/fr\/wp-json\/wp\/v2\/media?parent=5191"}],"wp:term":[{"taxonomy":"product_brand","embeddable":true,"href":"https:\/\/vincentedelicacies.com\/fr\/wp-json\/wp\/v2\/product_brand?post=5191"},{"taxonomy":"product_cat","embeddable":true,"href":"https:\/\/vincentedelicacies.com\/fr\/wp-json\/wp\/v2\/product_cat?post=5191"},{"taxonomy":"product_tag","embeddable":true,"href":"https:\/\/vincentedelicacies.com\/fr\/wp-json\/wp\/v2\/product_tag?post=5191"}],"curies":[{"name":"wp","href":"https:\/\/api.w.org\/{rel}","templated":true}]}}