{"id":5155,"date":"2021-07-07T08:06:01","date_gmt":"2021-07-07T08:06:01","guid":{"rendered":"https:\/\/vincentedelicacies.com\/?post_type=product&#038;p=5155"},"modified":"2023-04-04T13:30:36","modified_gmt":"2023-04-04T13:30:36","slug":"le-chic-enrobe-de-chocolat-blanc-et-fourre-de-creme-au-chocolat-blanc","status":"publish","type":"product","link":"https:\/\/vincentedelicacies.com\/fr\/produit\/le-chic-enrobe-de-chocolat-blanc-et-fourre-de-creme-au-chocolat-blanc\/","title":{"rendered":"LE CHIC - Colombe pandoro artisanale enrob\u00e9e de chocolat blanc et fourr\u00e9e de cr\u00e8me au chocolat blanc"},"content":{"rendered":"<p>Ingr\u00e9dients : farine de <strong>FRUMENTO<\/strong>, <strong>BEURRE<\/strong>sucre, jaune d'\u0153uf <strong>de l'EGG<\/strong>, levure naturelle (farine <strong>FRUMENTO<\/strong>eau), \u00e9mulsifiants : mono et diglyc\u00e9rides d'acides gras, sirop de glucose, <strong>LAIT<\/strong> chocolat \u00e9cr\u00e9m\u00e9 en poudre, beurre de cacao, miel, ar\u00f4me naturel, sel. Garniture : cr\u00e8me au chocolat blanc : sucre, chocolat blanc 25% (beurre de cacao, <strong>LAIT<\/strong> poudre, \u00e9mulsifiant : l\u00e9cithine de <strong>SOYA<\/strong>ar\u00f4me naturel de vanille), <strong>LAIT<\/strong> poudre, lactos\u00e9rum de <strong>LAIT<\/strong> Graisses v\u00e9g\u00e9tales non hydrog\u00e9n\u00e9es en poudre (huile de tournesol, huile de coco, beurre de cacao), huile d'olive extra vierge, \u00e9mulsifiant : l\u00e9cithine de <strong>SOYA<\/strong>ar\u00f4mes. Enrobage : chocolat blanc 8% (sucre, <strong>LAIT<\/strong> lait entier en poudre, beurre de cacao, \u00e9mulsifiant : l\u00e9cithine de cacao <strong>SOYA<\/strong>ar\u00f4me naturel de vanille), p\u00e9pites de chocolat blanc 2% (sucre, sucre de canne, ar\u00f4me naturel de vanille, ar\u00f4me naturel de vanille) <strong>LAIT<\/strong>beurre de cacao (22.5%), mati\u00e8res grasses provenant de l'huile de palme, de l'huile d'olive et de l'huile d'olive. <strong>LAIT<\/strong>\u00e9mulsifiant : l\u00e9cithine de <strong>SOYA<\/strong>ar\u00f4mes. Peut contenir <strong>PISTACHES, AMANDES, NOISETTES, MOUTARDE ET LUPIN.<\/strong><\/p>","protected":false},"excerpt":{"rendered":"<p>Ingr\u00e9dients : farine de BLE, BEURRE, sucre, jaune d'\u0153uf, levure naturelle (farine de BLE, eau), \u00e9mulsifiants : farine de bl\u00e9, jaune d'\u0153uf,...<\/p>","protected":false},"featured_media":14394,"comment_status":"open","ping_status":"closed","template":"","meta":[],"product_brand":[],"product_cat":[46,112],"product_tag":[],"class_list":{"0":"post-5155","1":"product","2":"type-product","3":"status-publish","4":"has-post-thumbnail","6":"product_cat-pasqua","7":"product_cat-farcite-in-scatola","9":"first","10":"outofstock","11":"shipping-taxable","12":"product-type-simple"},"yoast_head":"<!-- This site is optimized with the Yoast SEO Premium plugin v21.8 (Yoast SEO v26.6) - https:\/\/yoast.com\/wordpress\/plugins\/seo\/ -->\n<title>LE CHIC \u2013 Colomba artigianale pandorata ricoperta di cioccolato bianco farcita con crema al cioccolato bianco - Vincente Delicacies<\/title>\n<meta name=\"description\" content=\"Ingredienti: farina di FRUMENTO, BURRO, zucchero, tuorlo d\u2019UOVO, lievito naturale (farina di FRUMENTO, acqua), emulsionanti: mono e digliceridi degli\" \/>\n<meta name=\"robots\" content=\"index, follow, max-snippet:-1, max-image-preview:large, max-video-preview:-1\" \/>\n<link rel=\"canonical\" href=\"https:\/\/vincentedelicacies.com\/fr\/produit\/le-chic-enrobe-de-chocolat-blanc-et-fourre-de-creme-au-chocolat-blanc\/\" \/>\n<meta property=\"og:locale\" content=\"fr_FR\" \/>\n<meta property=\"og:type\" content=\"article\" \/>\n<meta property=\"og:title\" content=\"LE CHIC \u2013 Colomba artigianale pandorata ricoperta di cioccolato bianco farcita con crema al cioccolato bianco\" \/>\n<meta property=\"og:description\" content=\"Ingredienti: farina di FRUMENTO, BURRO, zucchero, tuorlo d\u2019UOVO, lievito naturale (farina di FRUMENTO, acqua), emulsionanti: mono e digliceridi degli\" \/>\n<meta property=\"og:url\" content=\"https:\/\/vincentedelicacies.com\/fr\/produit\/le-chic-enrobe-de-chocolat-blanc-et-fourre-de-creme-au-chocolat-blanc\/\" \/>\n<meta property=\"og:site_name\" content=\"Vincente Delicacies\" \/>\n<meta property=\"article:modified_time\" content=\"2023-04-04T13:30:36+00:00\" \/>\n<meta property=\"og:image\" content=\"https:\/\/vincentedelicacies.com\/wp-content\/uploads\/2021\/06\/LE-CHIC-CIOCCOLATO-BIANCO-CON-CREMA-AL-CIOCCOLATO-BIANCO.jpg\" \/>\n\t<meta property=\"og:image:width\" content=\"890\" \/>\n\t<meta property=\"og:image:height\" content=\"899\" \/>\n\t<meta property=\"og:image:type\" content=\"image\/jpeg\" \/>\n<meta name=\"twitter:card\" content=\"summary_large_image\" \/>\n<meta name=\"twitter:label1\" content=\"Dur\u00e9e de lecture estim\u00e9e\" \/>\n\t<meta name=\"twitter:data1\" content=\"1 minute\" \/>\n<script type=\"application\/ld+json\" class=\"yoast-schema-graph\">{\"@context\":\"https:\/\/schema.org\",\"@graph\":[{\"@type\":\"WebPage\",\"@id\":\"https:\/\/vincentedelicacies.com\/prodotto\/le-chic-ricoperta-di-cioccolato-bianco-e-farcita-con-crema-al-cioccolato-bianco\/\",\"url\":\"https:\/\/vincentedelicacies.com\/prodotto\/le-chic-ricoperta-di-cioccolato-bianco-e-farcita-con-crema-al-cioccolato-bianco\/\",\"name\":\"LE CHIC \u2013 Colomba artigianale pandorata ricoperta di cioccolato bianco farcita con crema al cioccolato bianco - Vincente Delicacies\",\"isPartOf\":{\"@id\":\"https:\/\/vincentedelicacies.com\/#website\"},\"primaryImageOfPage\":{\"@id\":\"https:\/\/vincentedelicacies.com\/prodotto\/le-chic-ricoperta-di-cioccolato-bianco-e-farcita-con-crema-al-cioccolato-bianco\/#primaryimage\"},\"image\":{\"@id\":\"https:\/\/vincentedelicacies.com\/prodotto\/le-chic-ricoperta-di-cioccolato-bianco-e-farcita-con-crema-al-cioccolato-bianco\/#primaryimage\"},\"thumbnailUrl\":\"https:\/\/vincentedelicacies.com\/wp-content\/uploads\/2021\/06\/LE-CHIC-CIOCCOLATO-BIANCO-CON-CREMA-AL-CIOCCOLATO-BIANCO.jpg\",\"datePublished\":\"2021-07-07T08:06:01+00:00\",\"dateModified\":\"2023-04-04T13:30:36+00:00\",\"description\":\"Ingredienti: farina di FRUMENTO, BURRO, zucchero, tuorlo d\u2019UOVO, lievito naturale (farina di FRUMENTO, acqua), emulsionanti: mono e digliceridi degli\",\"breadcrumb\":{\"@id\":\"https:\/\/vincentedelicacies.com\/prodotto\/le-chic-ricoperta-di-cioccolato-bianco-e-farcita-con-crema-al-cioccolato-bianco\/#breadcrumb\"},\"inLanguage\":\"fr-FR\",\"potentialAction\":[{\"@type\":\"ReadAction\",\"target\":[\"https:\/\/vincentedelicacies.com\/prodotto\/le-chic-ricoperta-di-cioccolato-bianco-e-farcita-con-crema-al-cioccolato-bianco\/\"]}]},{\"@type\":\"ImageObject\",\"inLanguage\":\"fr-FR\",\"@id\":\"https:\/\/vincentedelicacies.com\/prodotto\/le-chic-ricoperta-di-cioccolato-bianco-e-farcita-con-crema-al-cioccolato-bianco\/#primaryimage\",\"url\":\"https:\/\/vincentedelicacies.com\/wp-content\/uploads\/2021\/06\/LE-CHIC-CIOCCOLATO-BIANCO-CON-CREMA-AL-CIOCCOLATO-BIANCO.jpg\",\"contentUrl\":\"https:\/\/vincentedelicacies.com\/wp-content\/uploads\/2021\/06\/LE-CHIC-CIOCCOLATO-BIANCO-CON-CREMA-AL-CIOCCOLATO-BIANCO.jpg\",\"width\":890,\"height\":899,\"caption\":\"Colomba Ricoperta di Cioccolato Bianco e Farcita con Crema al Cioccolato Bianco\"},{\"@type\":\"BreadcrumbList\",\"@id\":\"https:\/\/vincentedelicacies.com\/prodotto\/le-chic-ricoperta-di-cioccolato-bianco-e-farcita-con-crema-al-cioccolato-bianco\/#breadcrumb\",\"itemListElement\":[{\"@type\":\"ListItem\",\"position\":1,\"name\":\"Home\",\"item\":\"https:\/\/vincentedelicacies.com\/\"},{\"@type\":\"ListItem\",\"position\":2,\"name\":\"Prodotti\",\"item\":\"https:\/\/vincentedelicacies.com\/shop1__trashed\/\"},{\"@type\":\"ListItem\",\"position\":3,\"name\":\"LE CHIC \u2013 Colomba artigianale pandorata ricoperta di cioccolato bianco farcita con crema al cioccolato bianco\"}]},{\"@type\":\"WebSite\",\"@id\":\"https:\/\/vincentedelicacies.com\/#website\",\"url\":\"https:\/\/vincentedelicacies.com\/\",\"name\":\"Vincente Delicacies\",\"description\":\"Un grande laboratorio di pasticceria\",\"publisher\":{\"@id\":\"https:\/\/vincentedelicacies.com\/#organization\"},\"potentialAction\":[{\"@type\":\"SearchAction\",\"target\":{\"@type\":\"EntryPoint\",\"urlTemplate\":\"https:\/\/vincentedelicacies.com\/?s={search_term_string}\"},\"query-input\":{\"@type\":\"PropertyValueSpecification\",\"valueRequired\":true,\"valueName\":\"search_term_string\"}}],\"inLanguage\":\"fr-FR\"},{\"@type\":\"Organization\",\"@id\":\"https:\/\/vincentedelicacies.com\/#organization\",\"name\":\"Vincente Delicacies\",\"url\":\"https:\/\/vincentedelicacies.com\/\",\"logo\":{\"@type\":\"ImageObject\",\"inLanguage\":\"fr-FR\",\"@id\":\"https:\/\/vincentedelicacies.com\/#\/schema\/logo\/image\/\",\"url\":\"https:\/\/vincentedelicacies.com\/wp-content\/uploads\/2021\/06\/logo.png\",\"contentUrl\":\"https:\/\/vincentedelicacies.com\/wp-content\/uploads\/2021\/06\/logo.png\",\"width\":159,\"height\":47,\"caption\":\"Vincente Delicacies\"},\"image\":{\"@id\":\"https:\/\/vincentedelicacies.com\/#\/schema\/logo\/image\/\"}}]}<\/script>\n<!-- \/ Yoast SEO Premium plugin. -->","yoast_head_json":{"title":"LE CHIC \u2013 Colomba artigianale pandorata ricoperta di cioccolato bianco farcita con crema al cioccolato bianco - Vincente Delicacies","description":"Ingredienti: farina di FRUMENTO, BURRO, zucchero, tuorlo d\u2019UOVO, lievito naturale (farina di FRUMENTO, acqua), emulsionanti: mono e digliceridi degli","robots":{"index":"index","follow":"follow","max-snippet":"max-snippet:-1","max-image-preview":"max-image-preview:large","max-video-preview":"max-video-preview:-1"},"canonical":"https:\/\/vincentedelicacies.com\/fr\/produit\/le-chic-enrobe-de-chocolat-blanc-et-fourre-de-creme-au-chocolat-blanc\/","og_locale":"fr_FR","og_type":"article","og_title":"LE CHIC \u2013 Colomba artigianale pandorata ricoperta di cioccolato bianco farcita con crema al cioccolato bianco","og_description":"Ingredienti: farina di FRUMENTO, BURRO, zucchero, tuorlo d\u2019UOVO, lievito naturale (farina di FRUMENTO, acqua), emulsionanti: mono e digliceridi degli","og_url":"https:\/\/vincentedelicacies.com\/fr\/produit\/le-chic-enrobe-de-chocolat-blanc-et-fourre-de-creme-au-chocolat-blanc\/","og_site_name":"Vincente Delicacies","article_modified_time":"2023-04-04T13:30:36+00:00","og_image":[{"width":890,"height":899,"url":"https:\/\/vincentedelicacies.com\/wp-content\/uploads\/2021\/06\/LE-CHIC-CIOCCOLATO-BIANCO-CON-CREMA-AL-CIOCCOLATO-BIANCO.jpg","type":"image\/jpeg"}],"twitter_card":"summary_large_image","twitter_misc":{"Dur\u00e9e de lecture estim\u00e9e":"1 minute"},"schema":{"@context":"https:\/\/schema.org","@graph":[{"@type":"WebPage","@id":"https:\/\/vincentedelicacies.com\/prodotto\/le-chic-ricoperta-di-cioccolato-bianco-e-farcita-con-crema-al-cioccolato-bianco\/","url":"https:\/\/vincentedelicacies.com\/prodotto\/le-chic-ricoperta-di-cioccolato-bianco-e-farcita-con-crema-al-cioccolato-bianco\/","name":"LE CHIC \u2013 Colomba artigianale pandorata ricoperta di cioccolato bianco farcita con crema al cioccolato bianco - Vincente Delicacies","isPartOf":{"@id":"https:\/\/vincentedelicacies.com\/#website"},"primaryImageOfPage":{"@id":"https:\/\/vincentedelicacies.com\/prodotto\/le-chic-ricoperta-di-cioccolato-bianco-e-farcita-con-crema-al-cioccolato-bianco\/#primaryimage"},"image":{"@id":"https:\/\/vincentedelicacies.com\/prodotto\/le-chic-ricoperta-di-cioccolato-bianco-e-farcita-con-crema-al-cioccolato-bianco\/#primaryimage"},"thumbnailUrl":"https:\/\/vincentedelicacies.com\/wp-content\/uploads\/2021\/06\/LE-CHIC-CIOCCOLATO-BIANCO-CON-CREMA-AL-CIOCCOLATO-BIANCO.jpg","datePublished":"2021-07-07T08:06:01+00:00","dateModified":"2023-04-04T13:30:36+00:00","description":"Ingredienti: farina di FRUMENTO, BURRO, zucchero, tuorlo d\u2019UOVO, lievito naturale (farina di FRUMENTO, acqua), emulsionanti: mono e digliceridi degli","breadcrumb":{"@id":"https:\/\/vincentedelicacies.com\/prodotto\/le-chic-ricoperta-di-cioccolato-bianco-e-farcita-con-crema-al-cioccolato-bianco\/#breadcrumb"},"inLanguage":"fr-FR","potentialAction":[{"@type":"ReadAction","target":["https:\/\/vincentedelicacies.com\/prodotto\/le-chic-ricoperta-di-cioccolato-bianco-e-farcita-con-crema-al-cioccolato-bianco\/"]}]},{"@type":"ImageObject","inLanguage":"fr-FR","@id":"https:\/\/vincentedelicacies.com\/prodotto\/le-chic-ricoperta-di-cioccolato-bianco-e-farcita-con-crema-al-cioccolato-bianco\/#primaryimage","url":"https:\/\/vincentedelicacies.com\/wp-content\/uploads\/2021\/06\/LE-CHIC-CIOCCOLATO-BIANCO-CON-CREMA-AL-CIOCCOLATO-BIANCO.jpg","contentUrl":"https:\/\/vincentedelicacies.com\/wp-content\/uploads\/2021\/06\/LE-CHIC-CIOCCOLATO-BIANCO-CON-CREMA-AL-CIOCCOLATO-BIANCO.jpg","width":890,"height":899,"caption":"Colomba Ricoperta di Cioccolato Bianco e Farcita con Crema al Cioccolato Bianco"},{"@type":"BreadcrumbList","@id":"https:\/\/vincentedelicacies.com\/prodotto\/le-chic-ricoperta-di-cioccolato-bianco-e-farcita-con-crema-al-cioccolato-bianco\/#breadcrumb","itemListElement":[{"@type":"ListItem","position":1,"name":"Home","item":"https:\/\/vincentedelicacies.com\/"},{"@type":"ListItem","position":2,"name":"Prodotti","item":"https:\/\/vincentedelicacies.com\/shop1__trashed\/"},{"@type":"ListItem","position":3,"name":"LE CHIC \u2013 Colomba artigianale pandorata ricoperta di cioccolato bianco farcita con crema al cioccolato bianco"}]},{"@type":"WebSite","@id":"https:\/\/vincentedelicacies.com\/#website","url":"https:\/\/vincentedelicacies.com\/","name":"Vincente Delicacies","description":"Un grande laboratorio di pasticceria","publisher":{"@id":"https:\/\/vincentedelicacies.com\/#organization"},"potentialAction":[{"@type":"SearchAction","target":{"@type":"EntryPoint","urlTemplate":"https:\/\/vincentedelicacies.com\/?s={search_term_string}"},"query-input":{"@type":"PropertyValueSpecification","valueRequired":true,"valueName":"search_term_string"}}],"inLanguage":"fr-FR"},{"@type":"Organization","@id":"https:\/\/vincentedelicacies.com\/#organization","name":"Vincente Delicacies","url":"https:\/\/vincentedelicacies.com\/","logo":{"@type":"ImageObject","inLanguage":"fr-FR","@id":"https:\/\/vincentedelicacies.com\/#\/schema\/logo\/image\/","url":"https:\/\/vincentedelicacies.com\/wp-content\/uploads\/2021\/06\/logo.png","contentUrl":"https:\/\/vincentedelicacies.com\/wp-content\/uploads\/2021\/06\/logo.png","width":159,"height":47,"caption":"Vincente Delicacies"},"image":{"@id":"https:\/\/vincentedelicacies.com\/#\/schema\/logo\/image\/"}}]}},"_links":{"self":[{"href":"https:\/\/vincentedelicacies.com\/fr\/wp-json\/wp\/v2\/product\/5155","targetHints":{"allow":["GET"]}}],"collection":[{"href":"https:\/\/vincentedelicacies.com\/fr\/wp-json\/wp\/v2\/product"}],"about":[{"href":"https:\/\/vincentedelicacies.com\/fr\/wp-json\/wp\/v2\/types\/product"}],"replies":[{"embeddable":true,"href":"https:\/\/vincentedelicacies.com\/fr\/wp-json\/wp\/v2\/comments?post=5155"}],"wp:featuredmedia":[{"embeddable":true,"href":"https:\/\/vincentedelicacies.com\/fr\/wp-json\/wp\/v2\/media\/14394"}],"wp:attachment":[{"href":"https:\/\/vincentedelicacies.com\/fr\/wp-json\/wp\/v2\/media?parent=5155"}],"wp:term":[{"taxonomy":"product_brand","embeddable":true,"href":"https:\/\/vincentedelicacies.com\/fr\/wp-json\/wp\/v2\/product_brand?post=5155"},{"taxonomy":"product_cat","embeddable":true,"href":"https:\/\/vincentedelicacies.com\/fr\/wp-json\/wp\/v2\/product_cat?post=5155"},{"taxonomy":"product_tag","embeddable":true,"href":"https:\/\/vincentedelicacies.com\/fr\/wp-json\/wp\/v2\/product_tag?post=5155"}],"curies":[{"name":"wp","href":"https:\/\/api.w.org\/{rel}","templated":true}]}}