{"id":5135,"date":"2021-07-07T07:43:33","date_gmt":"2021-07-07T07:43:33","guid":{"rendered":"https:\/\/vincentedelicacies.com\/?post_type=product&#038;p=5135"},"modified":"2023-10-19T08:48:03","modified_gmt":"2023-10-19T08:48:03","slug":"les-fruits-avec-pistaches-de-sicile-ananas-et-abricot","status":"publish","type":"product","link":"https:\/\/vincentedelicacies.com\/fr\/produit\/les-fruits-avec-pistaches-de-sicile-ananas-et-abricot\/","title":{"rendered":"Les Fruits - Panettone \u00e0 la pistache de Sicile, \u00e0 l'ananas et \u00e0 l'abricot"},"content":{"rendered":"<p>Ingr\u00e9dients :<\/p>\n<div class=\"page\" title=\"Page 1\">\n<div class=\"layoutArea\">\n<div class=\"column\">\n<p>farine de <strong>FRUMENTO<\/strong>, <strong>BEURRE<\/strong>abricot confit 15% (abricots en d\u00e9s, sirop de fructose-glucose, sucre, acidifiant : acide citrique E330), ananas confit 10% (ananas en d\u00e9s, sirop de fructose-glucose, sucre, acidifiant : acide citrique E330), sucre, jaune d'\u0153uf, jaune d'\u0153uf, jaune d'\u0153uf, jaune d'\u0153uf, jaune d'\u0153uf, jaune d'\u0153uf, jaune d'\u0153uf, jaune d'\u0153uf, jaune d'\u0153uf, jaune d'\u0153uf. <strong>de l'EGG<\/strong>, levure naturelle (farine <strong>FRUMENTO<\/strong>eau), \u00e9mulsifiants : mono et diglyc\u00e9rides d'acides gras, sirop de glucose, <strong>LAIT<\/strong> lait \u00e9cr\u00e9m\u00e9 en poudre, beurre de cacao, miel, ar\u00f4me naturel, sel. Enrobage : gla\u00e7age (sucre, farine de riz, farine de riz, cacao, beurre de cacao). <strong>ALMOND<\/strong>amidon de ma\u00efs, ar\u00f4me naturel), <strong>PISTACHO<\/strong> de Sicile 3%, sucre cristallis\u00e9. Peut contenir <strong>HAZELNUTS<\/strong>, <strong>LE SOJA, LA MOUTARDE ET LE LUPIN.<\/strong><\/p>\n<\/div>\n<\/div>\n<\/div>\n<p>&nbsp;<\/p>","protected":false},"excerpt":{"rendered":"<p>Panettone \u00e0 la pistache sicilienne, ananas et abricot 75o gr.<\/p>","protected":false},"featured_media":13163,"comment_status":"open","ping_status":"closed","template":"","meta":[],"product_brand":[],"product_cat":[122,140],"product_tag":[],"class_list":{"0":"post-5135","1":"product","2":"type-product","3":"status-publish","4":"has-post-thumbnail","6":"product_cat-natale","7":"product_cat-panettoni-linea-classica","9":"first","10":"outofstock","11":"shipping-taxable","12":"product-type-variable"},"yoast_head":"<!-- This site is optimized with the Yoast SEO Premium plugin v21.8 (Yoast SEO v26.6) - https:\/\/yoast.com\/wordpress\/plugins\/seo\/ -->\n<title>Les Fruits \u2013 Panettone con Pistacchio di Sicilia, Ananas e Albicocca - Vincente Delicacies<\/title>\n<meta name=\"description\" content=\"Panettone con pistacchio di Sicilia, ananas e albicocca da 75o gr.\" \/>\n<meta name=\"robots\" content=\"index, follow, max-snippet:-1, max-image-preview:large, max-video-preview:-1\" \/>\n<link rel=\"canonical\" href=\"https:\/\/vincentedelicacies.com\/fr\/produit\/les-fruits-avec-pistaches-de-sicile-ananas-et-abricot\/\" \/>\n<meta property=\"og:locale\" content=\"fr_FR\" \/>\n<meta property=\"og:type\" content=\"article\" \/>\n<meta property=\"og:title\" content=\"Les Fruits \u2013 Panettone con Pistacchio di Sicilia, Ananas e Albicocca\" \/>\n<meta property=\"og:description\" content=\"Panettone con pistacchio di Sicilia, ananas e albicocca da 75o gr.\" \/>\n<meta property=\"og:url\" content=\"https:\/\/vincentedelicacies.com\/fr\/produit\/les-fruits-avec-pistaches-de-sicile-ananas-et-abricot\/\" \/>\n<meta property=\"og:site_name\" content=\"Vincente Delicacies\" \/>\n<meta property=\"article:modified_time\" content=\"2023-10-19T08:48:03+00:00\" \/>\n<meta property=\"og:image\" content=\"https:\/\/vincentedelicacies.com\/wp-content\/uploads\/2021\/07\/les-fruits-1-4.jpg\" \/>\n\t<meta property=\"og:image:width\" content=\"890\" \/>\n\t<meta property=\"og:image:height\" content=\"899\" \/>\n\t<meta property=\"og:image:type\" content=\"image\/jpeg\" \/>\n<meta name=\"twitter:card\" content=\"summary_large_image\" \/>\n<meta name=\"twitter:label1\" content=\"Dur\u00e9e de lecture estim\u00e9e\" \/>\n\t<meta name=\"twitter:data1\" content=\"1 minute\" \/>\n<script type=\"application\/ld+json\" class=\"yoast-schema-graph\">{\"@context\":\"https:\/\/schema.org\",\"@graph\":[{\"@type\":\"WebPage\",\"@id\":\"https:\/\/vincentedelicacies.com\/prodotto\/les-fruits-con-pistacchio-di-sicilia-ananas-e-albicocca\/\",\"url\":\"https:\/\/vincentedelicacies.com\/prodotto\/les-fruits-con-pistacchio-di-sicilia-ananas-e-albicocca\/\",\"name\":\"Les Fruits \u2013 Panettone con Pistacchio di Sicilia, Ananas e Albicocca - Vincente Delicacies\",\"isPartOf\":{\"@id\":\"https:\/\/vincentedelicacies.com\/#website\"},\"primaryImageOfPage\":{\"@id\":\"https:\/\/vincentedelicacies.com\/prodotto\/les-fruits-con-pistacchio-di-sicilia-ananas-e-albicocca\/#primaryimage\"},\"image\":{\"@id\":\"https:\/\/vincentedelicacies.com\/prodotto\/les-fruits-con-pistacchio-di-sicilia-ananas-e-albicocca\/#primaryimage\"},\"thumbnailUrl\":\"https:\/\/vincentedelicacies.com\/wp-content\/uploads\/2021\/07\/les-fruits-1-4.jpg\",\"datePublished\":\"2021-07-07T07:43:33+00:00\",\"dateModified\":\"2023-10-19T08:48:03+00:00\",\"description\":\"Panettone con pistacchio di Sicilia, ananas e albicocca da 75o gr.\",\"breadcrumb\":{\"@id\":\"https:\/\/vincentedelicacies.com\/prodotto\/les-fruits-con-pistacchio-di-sicilia-ananas-e-albicocca\/#breadcrumb\"},\"inLanguage\":\"fr-FR\",\"potentialAction\":[{\"@type\":\"ReadAction\",\"target\":[\"https:\/\/vincentedelicacies.com\/prodotto\/les-fruits-con-pistacchio-di-sicilia-ananas-e-albicocca\/\"]}]},{\"@type\":\"ImageObject\",\"inLanguage\":\"fr-FR\",\"@id\":\"https:\/\/vincentedelicacies.com\/prodotto\/les-fruits-con-pistacchio-di-sicilia-ananas-e-albicocca\/#primaryimage\",\"url\":\"https:\/\/vincentedelicacies.com\/wp-content\/uploads\/2021\/07\/les-fruits-1-4.jpg\",\"contentUrl\":\"https:\/\/vincentedelicacies.com\/wp-content\/uploads\/2021\/07\/les-fruits-1-4.jpg\",\"width\":890,\"height\":899,\"caption\":\"Les Fruits \u2013 Panettone con Pistacchio di Sicilia, Ananas e Albicocca\"},{\"@type\":\"BreadcrumbList\",\"@id\":\"https:\/\/vincentedelicacies.com\/prodotto\/les-fruits-con-pistacchio-di-sicilia-ananas-e-albicocca\/#breadcrumb\",\"itemListElement\":[{\"@type\":\"ListItem\",\"position\":1,\"name\":\"Home\",\"item\":\"https:\/\/vincentedelicacies.com\/\"},{\"@type\":\"ListItem\",\"position\":2,\"name\":\"Prodotti\",\"item\":\"https:\/\/vincentedelicacies.com\/shop1__trashed\/\"},{\"@type\":\"ListItem\",\"position\":3,\"name\":\"Les Fruits \u2013 Panettone con Pistacchio di Sicilia, Ananas e Albicocca\"}]},{\"@type\":\"WebSite\",\"@id\":\"https:\/\/vincentedelicacies.com\/#website\",\"url\":\"https:\/\/vincentedelicacies.com\/\",\"name\":\"Vincente Delicacies\",\"description\":\"Un grande laboratorio di pasticceria\",\"publisher\":{\"@id\":\"https:\/\/vincentedelicacies.com\/#organization\"},\"potentialAction\":[{\"@type\":\"SearchAction\",\"target\":{\"@type\":\"EntryPoint\",\"urlTemplate\":\"https:\/\/vincentedelicacies.com\/?s={search_term_string}\"},\"query-input\":{\"@type\":\"PropertyValueSpecification\",\"valueRequired\":true,\"valueName\":\"search_term_string\"}}],\"inLanguage\":\"fr-FR\"},{\"@type\":\"Organization\",\"@id\":\"https:\/\/vincentedelicacies.com\/#organization\",\"name\":\"Vincente Delicacies\",\"url\":\"https:\/\/vincentedelicacies.com\/\",\"logo\":{\"@type\":\"ImageObject\",\"inLanguage\":\"fr-FR\",\"@id\":\"https:\/\/vincentedelicacies.com\/#\/schema\/logo\/image\/\",\"url\":\"https:\/\/vincentedelicacies.com\/wp-content\/uploads\/2021\/06\/logo.png\",\"contentUrl\":\"https:\/\/vincentedelicacies.com\/wp-content\/uploads\/2021\/06\/logo.png\",\"width\":159,\"height\":47,\"caption\":\"Vincente Delicacies\"},\"image\":{\"@id\":\"https:\/\/vincentedelicacies.com\/#\/schema\/logo\/image\/\"}}]}<\/script>\n<!-- \/ Yoast SEO Premium plugin. -->","yoast_head_json":{"title":"Les Fruits \u2013 Panettone con Pistacchio di Sicilia, Ananas e Albicocca - Vincente Delicacies","description":"Panettone con pistacchio di Sicilia, ananas e albicocca da 75o gr.","robots":{"index":"index","follow":"follow","max-snippet":"max-snippet:-1","max-image-preview":"max-image-preview:large","max-video-preview":"max-video-preview:-1"},"canonical":"https:\/\/vincentedelicacies.com\/fr\/produit\/les-fruits-avec-pistaches-de-sicile-ananas-et-abricot\/","og_locale":"fr_FR","og_type":"article","og_title":"Les Fruits \u2013 Panettone con Pistacchio di Sicilia, Ananas e Albicocca","og_description":"Panettone con pistacchio di Sicilia, ananas e albicocca da 75o gr.","og_url":"https:\/\/vincentedelicacies.com\/fr\/produit\/les-fruits-avec-pistaches-de-sicile-ananas-et-abricot\/","og_site_name":"Vincente Delicacies","article_modified_time":"2023-10-19T08:48:03+00:00","og_image":[{"width":890,"height":899,"url":"https:\/\/vincentedelicacies.com\/wp-content\/uploads\/2021\/07\/les-fruits-1-4.jpg","type":"image\/jpeg"}],"twitter_card":"summary_large_image","twitter_misc":{"Dur\u00e9e de lecture estim\u00e9e":"1 minute"},"schema":{"@context":"https:\/\/schema.org","@graph":[{"@type":"WebPage","@id":"https:\/\/vincentedelicacies.com\/prodotto\/les-fruits-con-pistacchio-di-sicilia-ananas-e-albicocca\/","url":"https:\/\/vincentedelicacies.com\/prodotto\/les-fruits-con-pistacchio-di-sicilia-ananas-e-albicocca\/","name":"Les Fruits \u2013 Panettone con Pistacchio di Sicilia, Ananas e Albicocca - Vincente Delicacies","isPartOf":{"@id":"https:\/\/vincentedelicacies.com\/#website"},"primaryImageOfPage":{"@id":"https:\/\/vincentedelicacies.com\/prodotto\/les-fruits-con-pistacchio-di-sicilia-ananas-e-albicocca\/#primaryimage"},"image":{"@id":"https:\/\/vincentedelicacies.com\/prodotto\/les-fruits-con-pistacchio-di-sicilia-ananas-e-albicocca\/#primaryimage"},"thumbnailUrl":"https:\/\/vincentedelicacies.com\/wp-content\/uploads\/2021\/07\/les-fruits-1-4.jpg","datePublished":"2021-07-07T07:43:33+00:00","dateModified":"2023-10-19T08:48:03+00:00","description":"Panettone con pistacchio di Sicilia, ananas e albicocca da 75o gr.","breadcrumb":{"@id":"https:\/\/vincentedelicacies.com\/prodotto\/les-fruits-con-pistacchio-di-sicilia-ananas-e-albicocca\/#breadcrumb"},"inLanguage":"fr-FR","potentialAction":[{"@type":"ReadAction","target":["https:\/\/vincentedelicacies.com\/prodotto\/les-fruits-con-pistacchio-di-sicilia-ananas-e-albicocca\/"]}]},{"@type":"ImageObject","inLanguage":"fr-FR","@id":"https:\/\/vincentedelicacies.com\/prodotto\/les-fruits-con-pistacchio-di-sicilia-ananas-e-albicocca\/#primaryimage","url":"https:\/\/vincentedelicacies.com\/wp-content\/uploads\/2021\/07\/les-fruits-1-4.jpg","contentUrl":"https:\/\/vincentedelicacies.com\/wp-content\/uploads\/2021\/07\/les-fruits-1-4.jpg","width":890,"height":899,"caption":"Les Fruits \u2013 Panettone con Pistacchio di Sicilia, Ananas e Albicocca"},{"@type":"BreadcrumbList","@id":"https:\/\/vincentedelicacies.com\/prodotto\/les-fruits-con-pistacchio-di-sicilia-ananas-e-albicocca\/#breadcrumb","itemListElement":[{"@type":"ListItem","position":1,"name":"Home","item":"https:\/\/vincentedelicacies.com\/"},{"@type":"ListItem","position":2,"name":"Prodotti","item":"https:\/\/vincentedelicacies.com\/shop1__trashed\/"},{"@type":"ListItem","position":3,"name":"Les Fruits \u2013 Panettone con Pistacchio di Sicilia, Ananas e Albicocca"}]},{"@type":"WebSite","@id":"https:\/\/vincentedelicacies.com\/#website","url":"https:\/\/vincentedelicacies.com\/","name":"Vincente Delicacies","description":"Un grande laboratorio di pasticceria","publisher":{"@id":"https:\/\/vincentedelicacies.com\/#organization"},"potentialAction":[{"@type":"SearchAction","target":{"@type":"EntryPoint","urlTemplate":"https:\/\/vincentedelicacies.com\/?s={search_term_string}"},"query-input":{"@type":"PropertyValueSpecification","valueRequired":true,"valueName":"search_term_string"}}],"inLanguage":"fr-FR"},{"@type":"Organization","@id":"https:\/\/vincentedelicacies.com\/#organization","name":"Vincente Delicacies","url":"https:\/\/vincentedelicacies.com\/","logo":{"@type":"ImageObject","inLanguage":"fr-FR","@id":"https:\/\/vincentedelicacies.com\/#\/schema\/logo\/image\/","url":"https:\/\/vincentedelicacies.com\/wp-content\/uploads\/2021\/06\/logo.png","contentUrl":"https:\/\/vincentedelicacies.com\/wp-content\/uploads\/2021\/06\/logo.png","width":159,"height":47,"caption":"Vincente Delicacies"},"image":{"@id":"https:\/\/vincentedelicacies.com\/#\/schema\/logo\/image\/"}}]}},"_links":{"self":[{"href":"https:\/\/vincentedelicacies.com\/fr\/wp-json\/wp\/v2\/product\/5135","targetHints":{"allow":["GET"]}}],"collection":[{"href":"https:\/\/vincentedelicacies.com\/fr\/wp-json\/wp\/v2\/product"}],"about":[{"href":"https:\/\/vincentedelicacies.com\/fr\/wp-json\/wp\/v2\/types\/product"}],"replies":[{"embeddable":true,"href":"https:\/\/vincentedelicacies.com\/fr\/wp-json\/wp\/v2\/comments?post=5135"}],"wp:featuredmedia":[{"embeddable":true,"href":"https:\/\/vincentedelicacies.com\/fr\/wp-json\/wp\/v2\/media\/13163"}],"wp:attachment":[{"href":"https:\/\/vincentedelicacies.com\/fr\/wp-json\/wp\/v2\/media?parent=5135"}],"wp:term":[{"taxonomy":"product_brand","embeddable":true,"href":"https:\/\/vincentedelicacies.com\/fr\/wp-json\/wp\/v2\/product_brand?post=5135"},{"taxonomy":"product_cat","embeddable":true,"href":"https:\/\/vincentedelicacies.com\/fr\/wp-json\/wp\/v2\/product_cat?post=5135"},{"taxonomy":"product_tag","embeddable":true,"href":"https:\/\/vincentedelicacies.com\/fr\/wp-json\/wp\/v2\/product_tag?post=5135"}],"curies":[{"name":"wp","href":"https:\/\/api.w.org\/{rel}","templated":true}]}}