{"id":5056,"date":"2021-07-07T06:45:55","date_gmt":"2021-07-07T06:45:55","guid":{"rendered":"https:\/\/vincentedelicacies.com\/?post_type=product&#038;p=5056"},"modified":"2023-10-19T10:04:14","modified_gmt":"2023-10-19T10:04:14","slug":"actrice-panettone-enrobe-de-chocolat-et-fourre-de-chocolat-modicain","status":"publish","type":"product","link":"https:\/\/vincentedelicacies.com\/fr\/produit\/actrice-panettone-enrobe-de-chocolat-et-fourre-de-chocolat-modicain\/","title":{"rendered":"L'Attrice-Panettone recouvert de \"Cioccolato di Modica IGP\" et fourr\u00e9 de cr\u00e8me au chocolat avec \"Cioccolato di Modica IGP\"."},"content":{"rendered":"<p>Ingr\u00e9dients :<\/p>\n<div class=\"page\" title=\"Page 5\">\n<div class=\"layoutArea\">\n<div class=\"column\">\n<p>farine de <strong>BLE, BEURRE<\/strong>sucre, jaune d'\u0153uf<strong>EGG<\/strong>, levure naturelle (farine <strong>FRUMENTO<\/strong>eau), \u00e9mulsifiants : mono et diglyc\u00e9rides d'acides gras, sirop de glucose, <strong>LAIT<\/strong> poudre de cacao \u00e9cr\u00e9m\u00e9, beurre de cacao, miel, ar\u00f4me naturel, sel. Garniture : cr\u00e8me au chocolat avec \"Cioccolato di Modica IGP\" 16% (sucre, cacao en poudre all\u00e9g\u00e9, <strong>HAZELNUTS<\/strong>Les mati\u00e8res premi\u00e8res utilis\u00e9es pour la fabrication de la p\u00e2te de cacao sont : le \"Cioccolato di Modica IGP\" 10% (p\u00e2te de cacao 60%, sucre de canne), <strong>LAIT<\/strong> poudre, graisses v\u00e9g\u00e9tales non hydrog\u00e9n\u00e9es (huile de tournesol, beurre de cacao), huile d'olive extra vierge, \u00e9mulsifiant : l\u00e9cithine de <strong>SOYA<\/strong>ar\u00f4me naturel de vanille, hydrate d'alcool). Enrobage : \"Cioccolato di Modica IGP\" 6 % (p\u00e2te de cacao 60%, sucre de canne), p\u00e9pites de chocolat \"Cioccolato di Modica IGP\" 2% (p\u00e2te de cacao 60%, sucre de canne). <strong>PEUT CONTENIR DES PISTACHES, DES AMANDES, DE LA MOUTARDE ET DES LUPINS<\/strong><\/p>\n<\/div>\n<\/div>\n<\/div>","protected":false},"excerpt":{"rendered":"<p>G\u00e2teau panettone artisanal recouvert de chocolat extra noir 70% et de grains de chocolat modicain, fourr\u00e9 de 900 g de cr\u00e8me au chocolat modicain.<\/p>","protected":false},"featured_media":13047,"comment_status":"open","ping_status":"closed","template":"","meta":[],"product_brand":[],"product_cat":[122,139],"product_tag":[],"class_list":{"0":"post-5056","1":"product","2":"type-product","3":"status-publish","4":"has-post-thumbnail","6":"product_cat-natale","7":"product_cat-sguardi-siciliani","9":"first","10":"outofstock","11":"shipping-taxable","12":"product-type-variable"},"yoast_head":"<!-- This site is optimized with the Yoast SEO Premium plugin v21.8 (Yoast SEO v26.6) - https:\/\/yoast.com\/wordpress\/plugins\/seo\/ -->\n<title>L\u2019Attrice-Panettone ricoperto di &quot;Cioccolato di Modica IGP&quot; farcito di crema al cioccolato con &quot;cioccolato di Modica IGP - Vincente Delicacies<\/title>\n<meta name=\"description\" content=\"Panettone artigianale ricoperto di cioccolato extra fondente 70% e granella di cioccolato modicano farcito con crema al cioccolato Modicano da 900 gr.\" \/>\n<meta name=\"robots\" content=\"index, follow, max-snippet:-1, max-image-preview:large, max-video-preview:-1\" \/>\n<link rel=\"canonical\" href=\"https:\/\/vincentedelicacies.com\/fr\/produit\/actrice-panettone-enrobe-de-chocolat-et-fourre-de-chocolat-modicain\/\" \/>\n<meta property=\"og:locale\" content=\"fr_FR\" \/>\n<meta property=\"og:type\" content=\"article\" \/>\n<meta property=\"og:title\" content=\"L\u2019Attrice-Panettone ricoperto di &quot;Cioccolato di Modica IGP&quot; farcito di crema al cioccolato con &quot;cioccolato di Modica IGP\" \/>\n<meta property=\"og:description\" content=\"Panettone artigianale ricoperto di cioccolato extra fondente 70% e granella di cioccolato modicano farcito con crema al cioccolato Modicano da 900 gr.\" \/>\n<meta property=\"og:url\" content=\"https:\/\/vincentedelicacies.com\/fr\/produit\/actrice-panettone-enrobe-de-chocolat-et-fourre-de-chocolat-modicain\/\" \/>\n<meta property=\"og:site_name\" content=\"Vincente Delicacies\" \/>\n<meta property=\"article:modified_time\" content=\"2023-10-19T10:04:14+00:00\" \/>\n<meta property=\"og:image\" content=\"https:\/\/vincentedelicacies.com\/wp-content\/uploads\/2021\/07\/cardinale-1.jpg\" \/>\n\t<meta property=\"og:image:width\" content=\"890\" \/>\n\t<meta property=\"og:image:height\" content=\"899\" \/>\n\t<meta property=\"og:image:type\" content=\"image\/jpeg\" \/>\n<meta name=\"twitter:card\" content=\"summary_large_image\" \/>\n<meta name=\"twitter:label1\" content=\"Dur\u00e9e de lecture estim\u00e9e\" \/>\n\t<meta name=\"twitter:data1\" content=\"1 minute\" \/>\n<script type=\"application\/ld+json\" class=\"yoast-schema-graph\">{\"@context\":\"https:\/\/schema.org\",\"@graph\":[{\"@type\":\"WebPage\",\"@id\":\"https:\/\/vincentedelicacies.com\/prodotto\/attrice-panettone-ricoperto-di-cioccolato-farcito-con-cioccolato-modicano\/\",\"url\":\"https:\/\/vincentedelicacies.com\/prodotto\/attrice-panettone-ricoperto-di-cioccolato-farcito-con-cioccolato-modicano\/\",\"name\":\"L\u2019Attrice-Panettone ricoperto di \\\"Cioccolato di Modica IGP\\\" farcito di crema al cioccolato con \\\"cioccolato di Modica IGP - Vincente Delicacies\",\"isPartOf\":{\"@id\":\"https:\/\/vincentedelicacies.com\/#website\"},\"primaryImageOfPage\":{\"@id\":\"https:\/\/vincentedelicacies.com\/prodotto\/attrice-panettone-ricoperto-di-cioccolato-farcito-con-cioccolato-modicano\/#primaryimage\"},\"image\":{\"@id\":\"https:\/\/vincentedelicacies.com\/prodotto\/attrice-panettone-ricoperto-di-cioccolato-farcito-con-cioccolato-modicano\/#primaryimage\"},\"thumbnailUrl\":\"https:\/\/vincentedelicacies.com\/wp-content\/uploads\/2021\/07\/cardinale-1.jpg\",\"datePublished\":\"2021-07-07T06:45:55+00:00\",\"dateModified\":\"2023-10-19T10:04:14+00:00\",\"description\":\"Panettone artigianale ricoperto di cioccolato extra fondente 70% e granella di cioccolato modicano farcito con crema al cioccolato Modicano da 900 gr.\",\"breadcrumb\":{\"@id\":\"https:\/\/vincentedelicacies.com\/prodotto\/attrice-panettone-ricoperto-di-cioccolato-farcito-con-cioccolato-modicano\/#breadcrumb\"},\"inLanguage\":\"fr-FR\",\"potentialAction\":[{\"@type\":\"ReadAction\",\"target\":[\"https:\/\/vincentedelicacies.com\/prodotto\/attrice-panettone-ricoperto-di-cioccolato-farcito-con-cioccolato-modicano\/\"]}]},{\"@type\":\"ImageObject\",\"inLanguage\":\"fr-FR\",\"@id\":\"https:\/\/vincentedelicacies.com\/prodotto\/attrice-panettone-ricoperto-di-cioccolato-farcito-con-cioccolato-modicano\/#primaryimage\",\"url\":\"https:\/\/vincentedelicacies.com\/wp-content\/uploads\/2021\/07\/cardinale-1.jpg\",\"contentUrl\":\"https:\/\/vincentedelicacies.com\/wp-content\/uploads\/2021\/07\/cardinale-1.jpg\",\"width\":890,\"height\":899,\"caption\":\"Claudia Cardinale \u2013 Panettone Ricoperto di Cioccolato Farcito con Cioccolato Modicano\"},{\"@type\":\"BreadcrumbList\",\"@id\":\"https:\/\/vincentedelicacies.com\/prodotto\/attrice-panettone-ricoperto-di-cioccolato-farcito-con-cioccolato-modicano\/#breadcrumb\",\"itemListElement\":[{\"@type\":\"ListItem\",\"position\":1,\"name\":\"Home\",\"item\":\"https:\/\/vincentedelicacies.com\/\"},{\"@type\":\"ListItem\",\"position\":2,\"name\":\"Prodotti\",\"item\":\"https:\/\/vincentedelicacies.com\/shop1__trashed\/\"},{\"@type\":\"ListItem\",\"position\":3,\"name\":\"L\u2019Attrice-Panettone ricoperto di &#8220;Cioccolato di Modica IGP&#8221; farcito di crema al cioccolato con &#8220;cioccolato di Modica IGP\"}]},{\"@type\":\"WebSite\",\"@id\":\"https:\/\/vincentedelicacies.com\/#website\",\"url\":\"https:\/\/vincentedelicacies.com\/\",\"name\":\"Vincente Delicacies\",\"description\":\"Un grande laboratorio di pasticceria\",\"publisher\":{\"@id\":\"https:\/\/vincentedelicacies.com\/#organization\"},\"potentialAction\":[{\"@type\":\"SearchAction\",\"target\":{\"@type\":\"EntryPoint\",\"urlTemplate\":\"https:\/\/vincentedelicacies.com\/?s={search_term_string}\"},\"query-input\":{\"@type\":\"PropertyValueSpecification\",\"valueRequired\":true,\"valueName\":\"search_term_string\"}}],\"inLanguage\":\"fr-FR\"},{\"@type\":\"Organization\",\"@id\":\"https:\/\/vincentedelicacies.com\/#organization\",\"name\":\"Vincente Delicacies\",\"url\":\"https:\/\/vincentedelicacies.com\/\",\"logo\":{\"@type\":\"ImageObject\",\"inLanguage\":\"fr-FR\",\"@id\":\"https:\/\/vincentedelicacies.com\/#\/schema\/logo\/image\/\",\"url\":\"https:\/\/vincentedelicacies.com\/wp-content\/uploads\/2021\/06\/logo.png\",\"contentUrl\":\"https:\/\/vincentedelicacies.com\/wp-content\/uploads\/2021\/06\/logo.png\",\"width\":159,\"height\":47,\"caption\":\"Vincente Delicacies\"},\"image\":{\"@id\":\"https:\/\/vincentedelicacies.com\/#\/schema\/logo\/image\/\"}}]}<\/script>\n<!-- \/ Yoast SEO Premium plugin. -->","yoast_head_json":{"title":"L\u2019Attrice-Panettone ricoperto di \"Cioccolato di Modica IGP\" farcito di crema al cioccolato con \"cioccolato di Modica IGP - Vincente Delicacies","description":"Panettone artigianale ricoperto di cioccolato extra fondente 70% e granella di cioccolato modicano farcito con crema al cioccolato Modicano da 900 gr.","robots":{"index":"index","follow":"follow","max-snippet":"max-snippet:-1","max-image-preview":"max-image-preview:large","max-video-preview":"max-video-preview:-1"},"canonical":"https:\/\/vincentedelicacies.com\/fr\/produit\/actrice-panettone-enrobe-de-chocolat-et-fourre-de-chocolat-modicain\/","og_locale":"fr_FR","og_type":"article","og_title":"L\u2019Attrice-Panettone ricoperto di \"Cioccolato di Modica IGP\" farcito di crema al cioccolato con \"cioccolato di Modica IGP","og_description":"Panettone artigianale ricoperto di cioccolato extra fondente 70% e granella di cioccolato modicano farcito con crema al cioccolato Modicano da 900 gr.","og_url":"https:\/\/vincentedelicacies.com\/fr\/produit\/actrice-panettone-enrobe-de-chocolat-et-fourre-de-chocolat-modicain\/","og_site_name":"Vincente Delicacies","article_modified_time":"2023-10-19T10:04:14+00:00","og_image":[{"width":890,"height":899,"url":"https:\/\/vincentedelicacies.com\/wp-content\/uploads\/2021\/07\/cardinale-1.jpg","type":"image\/jpeg"}],"twitter_card":"summary_large_image","twitter_misc":{"Dur\u00e9e de lecture estim\u00e9e":"1 minute"},"schema":{"@context":"https:\/\/schema.org","@graph":[{"@type":"WebPage","@id":"https:\/\/vincentedelicacies.com\/prodotto\/attrice-panettone-ricoperto-di-cioccolato-farcito-con-cioccolato-modicano\/","url":"https:\/\/vincentedelicacies.com\/prodotto\/attrice-panettone-ricoperto-di-cioccolato-farcito-con-cioccolato-modicano\/","name":"L\u2019Attrice-Panettone ricoperto di \"Cioccolato di Modica IGP\" farcito di crema al cioccolato con \"cioccolato di Modica IGP - Vincente Delicacies","isPartOf":{"@id":"https:\/\/vincentedelicacies.com\/#website"},"primaryImageOfPage":{"@id":"https:\/\/vincentedelicacies.com\/prodotto\/attrice-panettone-ricoperto-di-cioccolato-farcito-con-cioccolato-modicano\/#primaryimage"},"image":{"@id":"https:\/\/vincentedelicacies.com\/prodotto\/attrice-panettone-ricoperto-di-cioccolato-farcito-con-cioccolato-modicano\/#primaryimage"},"thumbnailUrl":"https:\/\/vincentedelicacies.com\/wp-content\/uploads\/2021\/07\/cardinale-1.jpg","datePublished":"2021-07-07T06:45:55+00:00","dateModified":"2023-10-19T10:04:14+00:00","description":"Panettone artigianale ricoperto di cioccolato extra fondente 70% e granella di cioccolato modicano farcito con crema al cioccolato Modicano da 900 gr.","breadcrumb":{"@id":"https:\/\/vincentedelicacies.com\/prodotto\/attrice-panettone-ricoperto-di-cioccolato-farcito-con-cioccolato-modicano\/#breadcrumb"},"inLanguage":"fr-FR","potentialAction":[{"@type":"ReadAction","target":["https:\/\/vincentedelicacies.com\/prodotto\/attrice-panettone-ricoperto-di-cioccolato-farcito-con-cioccolato-modicano\/"]}]},{"@type":"ImageObject","inLanguage":"fr-FR","@id":"https:\/\/vincentedelicacies.com\/prodotto\/attrice-panettone-ricoperto-di-cioccolato-farcito-con-cioccolato-modicano\/#primaryimage","url":"https:\/\/vincentedelicacies.com\/wp-content\/uploads\/2021\/07\/cardinale-1.jpg","contentUrl":"https:\/\/vincentedelicacies.com\/wp-content\/uploads\/2021\/07\/cardinale-1.jpg","width":890,"height":899,"caption":"Claudia Cardinale \u2013 Panettone Ricoperto di Cioccolato Farcito con Cioccolato Modicano"},{"@type":"BreadcrumbList","@id":"https:\/\/vincentedelicacies.com\/prodotto\/attrice-panettone-ricoperto-di-cioccolato-farcito-con-cioccolato-modicano\/#breadcrumb","itemListElement":[{"@type":"ListItem","position":1,"name":"Home","item":"https:\/\/vincentedelicacies.com\/"},{"@type":"ListItem","position":2,"name":"Prodotti","item":"https:\/\/vincentedelicacies.com\/shop1__trashed\/"},{"@type":"ListItem","position":3,"name":"L\u2019Attrice-Panettone ricoperto di &#8220;Cioccolato di Modica IGP&#8221; farcito di crema al cioccolato con &#8220;cioccolato di Modica IGP"}]},{"@type":"WebSite","@id":"https:\/\/vincentedelicacies.com\/#website","url":"https:\/\/vincentedelicacies.com\/","name":"Vincente Delicacies","description":"Un grande laboratorio di pasticceria","publisher":{"@id":"https:\/\/vincentedelicacies.com\/#organization"},"potentialAction":[{"@type":"SearchAction","target":{"@type":"EntryPoint","urlTemplate":"https:\/\/vincentedelicacies.com\/?s={search_term_string}"},"query-input":{"@type":"PropertyValueSpecification","valueRequired":true,"valueName":"search_term_string"}}],"inLanguage":"fr-FR"},{"@type":"Organization","@id":"https:\/\/vincentedelicacies.com\/#organization","name":"Vincente Delicacies","url":"https:\/\/vincentedelicacies.com\/","logo":{"@type":"ImageObject","inLanguage":"fr-FR","@id":"https:\/\/vincentedelicacies.com\/#\/schema\/logo\/image\/","url":"https:\/\/vincentedelicacies.com\/wp-content\/uploads\/2021\/06\/logo.png","contentUrl":"https:\/\/vincentedelicacies.com\/wp-content\/uploads\/2021\/06\/logo.png","width":159,"height":47,"caption":"Vincente Delicacies"},"image":{"@id":"https:\/\/vincentedelicacies.com\/#\/schema\/logo\/image\/"}}]}},"_links":{"self":[{"href":"https:\/\/vincentedelicacies.com\/fr\/wp-json\/wp\/v2\/product\/5056","targetHints":{"allow":["GET"]}}],"collection":[{"href":"https:\/\/vincentedelicacies.com\/fr\/wp-json\/wp\/v2\/product"}],"about":[{"href":"https:\/\/vincentedelicacies.com\/fr\/wp-json\/wp\/v2\/types\/product"}],"replies":[{"embeddable":true,"href":"https:\/\/vincentedelicacies.com\/fr\/wp-json\/wp\/v2\/comments?post=5056"}],"wp:featuredmedia":[{"embeddable":true,"href":"https:\/\/vincentedelicacies.com\/fr\/wp-json\/wp\/v2\/media\/13047"}],"wp:attachment":[{"href":"https:\/\/vincentedelicacies.com\/fr\/wp-json\/wp\/v2\/media?parent=5056"}],"wp:term":[{"taxonomy":"product_brand","embeddable":true,"href":"https:\/\/vincentedelicacies.com\/fr\/wp-json\/wp\/v2\/product_brand?post=5056"},{"taxonomy":"product_cat","embeddable":true,"href":"https:\/\/vincentedelicacies.com\/fr\/wp-json\/wp\/v2\/product_cat?post=5056"},{"taxonomy":"product_tag","embeddable":true,"href":"https:\/\/vincentedelicacies.com\/fr\/wp-json\/wp\/v2\/product_tag?post=5056"}],"curies":[{"name":"wp","href":"https:\/\/api.w.org\/{rel}","templated":true}]}}