{"id":2617,"date":"2021-06-24T08:51:32","date_gmt":"2021-06-24T08:51:32","guid":{"rendered":"https:\/\/vincentedelicacies.com\/?post_type=product&#038;p=2617"},"modified":"2023-04-04T13:30:45","modified_gmt":"2023-04-04T13:30:45","slug":"colomba-au-chocolat-blanc-et-a-la-pistache-avec-un-pot-de-creme-a-la-pistache","status":"publish","type":"product","link":"https:\/\/vincentedelicacies.com\/fr\/produit\/colomba-au-chocolat-blanc-et-a-la-pistache-avec-un-pot-de-creme-a-la-pistache\/","title":{"rendered":"Colomba Ensamble - Chocolat blanc et pistache avec cr\u00e8me de pistache 750g + 180g"},"content":{"rendered":"<p>Ingr\u00e9dients : farine de <strong>BLE, BEURRE<\/strong>sucre, jaune d'\u0153uf <strong>de l'EGG<\/strong>, levure naturelle (farine <strong>FRUMENTO<\/strong>eau), \u00e9mulsifiants : mono et diglyc\u00e9rides d'acides gras, sirop de glucose, <strong>LAIT<\/strong> chocolat \u00e9cr\u00e9m\u00e9 en poudre, beurre de cacao, miel, ar\u00f4me naturel, sel. Enrobage : chocolat blanc 8% (sucre, <strong>LAIT<\/strong> lait entier en poudre, beurre de cacao, \u00e9mulsifiant : l\u00e9cithine de cacao <strong>SOYA<\/strong>ar\u00f4me naturel de vanille), <strong>PISTACHO<\/strong> de Sicile 5%. Il peut contenir <strong>AMANDES, NOISETTES, MOUTARDE ET LUPIN. P\u00c2TE \u00c0 TARTINER \u00c0 LA PISTACHE VERTE DE BRONTE DOP<\/strong>\"Ingr\u00e9dients : \"<strong>PISTACHO<\/strong> verde di Bronte DOP' 45%, sucre, <strong>LAIT<\/strong> poudre, lactos\u00e9rum en poudre, graisses v\u00e9g\u00e9tales non hydrog\u00e9n\u00e9es (huile de tournesol, huile de coco, beurre de cacao), huile d'olive extra vierge, \u00e9mulsifiant : l\u00e9cithine de ma\u00efs. <strong>SOYA<\/strong>ar\u00f4mes. Peut contenir d'autres fruits \u00e0 coque :<strong> AMANDES, NOISETTES, NOIX, NOIX DE CAJOU<\/strong>.<\/p>","protected":false},"excerpt":{"rendered":"<p>Colomba artigianale Pandorata al cioccolato bianco e Pistacchio di Sicilia- Sans raisins secs et sans \u00e9corces d'agrumes confites, avec un pot de 180 g de cr\u00e8me Pistacchio Verde di Bronte Dop.<\/p>","protected":false},"featured_media":14367,"comment_status":"open","ping_status":"closed","template":"","meta":[],"product_brand":[],"product_cat":[46,113],"product_tag":[],"class_list":{"0":"post-2617","1":"product","2":"type-product","3":"status-publish","4":"has-post-thumbnail","6":"product_cat-pasqua","7":"product_cat-colomba-vasetto","9":"first","10":"outofstock","11":"shipping-taxable","12":"product-type-simple"},"yoast_head":"<!-- This site is optimized with the Yoast SEO Premium plugin v21.8 (Yoast SEO v26.6) - https:\/\/yoast.com\/wordpress\/plugins\/seo\/ -->\n<title>Colomba Ensamble - Cioccolato Bianco e Pistacchio con Vasetto di Crema al Pistacchio 750g + 180g - Vincente Delicacies<\/title>\n<meta name=\"description\" content=\"Colomba artigianale Pandorata al cioccolato bianco e Pistacchio di Sicilia- Senza uvetta e scorze di agrumi canditi, con vasetto di crema di \u201cPistacchio Verde di Bronte Dop\u201d da 180 gr.\" \/>\n<meta name=\"robots\" content=\"index, follow, max-snippet:-1, max-image-preview:large, max-video-preview:-1\" \/>\n<link rel=\"canonical\" href=\"https:\/\/vincentedelicacies.com\/fr\/produit\/colomba-au-chocolat-blanc-et-a-la-pistache-avec-un-pot-de-creme-a-la-pistache\/\" \/>\n<meta property=\"og:locale\" content=\"fr_FR\" \/>\n<meta property=\"og:type\" content=\"article\" \/>\n<meta property=\"og:title\" content=\"Colomba Ensamble - Cioccolato Bianco e Pistacchio con Vasetto di Crema al Pistacchio 750g + 180g\" \/>\n<meta property=\"og:description\" content=\"Colomba artigianale Pandorata al cioccolato bianco e Pistacchio di Sicilia- Senza uvetta e scorze di agrumi canditi, con vasetto di crema di \u201cPistacchio Verde di Bronte Dop\u201d da 180 gr.\" \/>\n<meta property=\"og:url\" content=\"https:\/\/vincentedelicacies.com\/fr\/produit\/colomba-au-chocolat-blanc-et-a-la-pistache-avec-un-pot-de-creme-a-la-pistache\/\" \/>\n<meta property=\"og:site_name\" content=\"Vincente Delicacies\" \/>\n<meta property=\"article:modified_time\" content=\"2023-04-04T13:30:45+00:00\" \/>\n<meta property=\"og:image\" content=\"https:\/\/vincentedelicacies.com\/wp-content\/uploads\/2021\/06\/ensamble-ciocclato-bianco-e-pistacchio-con-vasetto-pistacchio.jpg\" \/>\n\t<meta property=\"og:image:width\" content=\"890\" \/>\n\t<meta property=\"og:image:height\" content=\"899\" \/>\n\t<meta property=\"og:image:type\" content=\"image\/jpeg\" \/>\n<meta name=\"twitter:card\" content=\"summary_large_image\" \/>\n<meta name=\"twitter:label1\" content=\"Dur\u00e9e de lecture estim\u00e9e\" \/>\n\t<meta name=\"twitter:data1\" content=\"1 minute\" \/>\n<script type=\"application\/ld+json\" class=\"yoast-schema-graph\">{\"@context\":\"https:\/\/schema.org\",\"@graph\":[{\"@type\":\"WebPage\",\"@id\":\"https:\/\/vincentedelicacies.com\/prodotto\/colomba-cioccolato-bianco-e-pistacchio-con-vasetto-di-crema-al-pistacchio\/\",\"url\":\"https:\/\/vincentedelicacies.com\/prodotto\/colomba-cioccolato-bianco-e-pistacchio-con-vasetto-di-crema-al-pistacchio\/\",\"name\":\"Colomba Ensamble - Cioccolato Bianco e Pistacchio con Vasetto di Crema al Pistacchio 750g + 180g - Vincente Delicacies\",\"isPartOf\":{\"@id\":\"https:\/\/vincentedelicacies.com\/#website\"},\"primaryImageOfPage\":{\"@id\":\"https:\/\/vincentedelicacies.com\/prodotto\/colomba-cioccolato-bianco-e-pistacchio-con-vasetto-di-crema-al-pistacchio\/#primaryimage\"},\"image\":{\"@id\":\"https:\/\/vincentedelicacies.com\/prodotto\/colomba-cioccolato-bianco-e-pistacchio-con-vasetto-di-crema-al-pistacchio\/#primaryimage\"},\"thumbnailUrl\":\"https:\/\/vincentedelicacies.com\/wp-content\/uploads\/2021\/06\/ensamble-ciocclato-bianco-e-pistacchio-con-vasetto-pistacchio.jpg\",\"datePublished\":\"2021-06-24T08:51:32+00:00\",\"dateModified\":\"2023-04-04T13:30:45+00:00\",\"description\":\"Colomba artigianale Pandorata al cioccolato bianco e Pistacchio di Sicilia- Senza uvetta e scorze di agrumi canditi, con vasetto di crema di \u201cPistacchio Verde di Bronte Dop\u201d da 180 gr.\",\"breadcrumb\":{\"@id\":\"https:\/\/vincentedelicacies.com\/prodotto\/colomba-cioccolato-bianco-e-pistacchio-con-vasetto-di-crema-al-pistacchio\/#breadcrumb\"},\"inLanguage\":\"fr-FR\",\"potentialAction\":[{\"@type\":\"ReadAction\",\"target\":[\"https:\/\/vincentedelicacies.com\/prodotto\/colomba-cioccolato-bianco-e-pistacchio-con-vasetto-di-crema-al-pistacchio\/\"]}]},{\"@type\":\"ImageObject\",\"inLanguage\":\"fr-FR\",\"@id\":\"https:\/\/vincentedelicacies.com\/prodotto\/colomba-cioccolato-bianco-e-pistacchio-con-vasetto-di-crema-al-pistacchio\/#primaryimage\",\"url\":\"https:\/\/vincentedelicacies.com\/wp-content\/uploads\/2021\/06\/ensamble-ciocclato-bianco-e-pistacchio-con-vasetto-pistacchio.jpg\",\"contentUrl\":\"https:\/\/vincentedelicacies.com\/wp-content\/uploads\/2021\/06\/ensamble-ciocclato-bianco-e-pistacchio-con-vasetto-pistacchio.jpg\",\"width\":890,\"height\":899,\"caption\":\"Colomba artigianale con Ananas, Albicocca e Pistacchio di Sicilia 750g\"},{\"@type\":\"BreadcrumbList\",\"@id\":\"https:\/\/vincentedelicacies.com\/prodotto\/colomba-cioccolato-bianco-e-pistacchio-con-vasetto-di-crema-al-pistacchio\/#breadcrumb\",\"itemListElement\":[{\"@type\":\"ListItem\",\"position\":1,\"name\":\"Home\",\"item\":\"https:\/\/vincentedelicacies.com\/\"},{\"@type\":\"ListItem\",\"position\":2,\"name\":\"Prodotti\",\"item\":\"https:\/\/vincentedelicacies.com\/shop1__trashed\/\"},{\"@type\":\"ListItem\",\"position\":3,\"name\":\"Colomba Ensamble &#8211; Cioccolato Bianco e Pistacchio con Vasetto di Crema al Pistacchio 750g + 180g\"}]},{\"@type\":\"WebSite\",\"@id\":\"https:\/\/vincentedelicacies.com\/#website\",\"url\":\"https:\/\/vincentedelicacies.com\/\",\"name\":\"Vincente Delicacies\",\"description\":\"Un grande laboratorio di pasticceria\",\"publisher\":{\"@id\":\"https:\/\/vincentedelicacies.com\/#organization\"},\"potentialAction\":[{\"@type\":\"SearchAction\",\"target\":{\"@type\":\"EntryPoint\",\"urlTemplate\":\"https:\/\/vincentedelicacies.com\/?s={search_term_string}\"},\"query-input\":{\"@type\":\"PropertyValueSpecification\",\"valueRequired\":true,\"valueName\":\"search_term_string\"}}],\"inLanguage\":\"fr-FR\"},{\"@type\":\"Organization\",\"@id\":\"https:\/\/vincentedelicacies.com\/#organization\",\"name\":\"Vincente Delicacies\",\"url\":\"https:\/\/vincentedelicacies.com\/\",\"logo\":{\"@type\":\"ImageObject\",\"inLanguage\":\"fr-FR\",\"@id\":\"https:\/\/vincentedelicacies.com\/#\/schema\/logo\/image\/\",\"url\":\"https:\/\/vincentedelicacies.com\/wp-content\/uploads\/2021\/06\/logo.png\",\"contentUrl\":\"https:\/\/vincentedelicacies.com\/wp-content\/uploads\/2021\/06\/logo.png\",\"width\":159,\"height\":47,\"caption\":\"Vincente Delicacies\"},\"image\":{\"@id\":\"https:\/\/vincentedelicacies.com\/#\/schema\/logo\/image\/\"}}]}<\/script>\n<!-- \/ Yoast SEO Premium plugin. -->","yoast_head_json":{"title":"Colomba Ensamble - Cioccolato Bianco e Pistacchio con Vasetto di Crema al Pistacchio 750g + 180g - Vincente Delicacies","description":"Colomba artigianale Pandorata al cioccolato bianco e Pistacchio di Sicilia- Senza uvetta e scorze di agrumi canditi, con vasetto di crema di \u201cPistacchio Verde di Bronte Dop\u201d da 180 gr.","robots":{"index":"index","follow":"follow","max-snippet":"max-snippet:-1","max-image-preview":"max-image-preview:large","max-video-preview":"max-video-preview:-1"},"canonical":"https:\/\/vincentedelicacies.com\/fr\/produit\/colomba-au-chocolat-blanc-et-a-la-pistache-avec-un-pot-de-creme-a-la-pistache\/","og_locale":"fr_FR","og_type":"article","og_title":"Colomba Ensamble - Cioccolato Bianco e Pistacchio con Vasetto di Crema al Pistacchio 750g + 180g","og_description":"Colomba artigianale Pandorata al cioccolato bianco e Pistacchio di Sicilia- Senza uvetta e scorze di agrumi canditi, con vasetto di crema di \u201cPistacchio Verde di Bronte Dop\u201d da 180 gr.","og_url":"https:\/\/vincentedelicacies.com\/fr\/produit\/colomba-au-chocolat-blanc-et-a-la-pistache-avec-un-pot-de-creme-a-la-pistache\/","og_site_name":"Vincente Delicacies","article_modified_time":"2023-04-04T13:30:45+00:00","og_image":[{"width":890,"height":899,"url":"https:\/\/vincentedelicacies.com\/wp-content\/uploads\/2021\/06\/ensamble-ciocclato-bianco-e-pistacchio-con-vasetto-pistacchio.jpg","type":"image\/jpeg"}],"twitter_card":"summary_large_image","twitter_misc":{"Dur\u00e9e de lecture estim\u00e9e":"1 minute"},"schema":{"@context":"https:\/\/schema.org","@graph":[{"@type":"WebPage","@id":"https:\/\/vincentedelicacies.com\/prodotto\/colomba-cioccolato-bianco-e-pistacchio-con-vasetto-di-crema-al-pistacchio\/","url":"https:\/\/vincentedelicacies.com\/prodotto\/colomba-cioccolato-bianco-e-pistacchio-con-vasetto-di-crema-al-pistacchio\/","name":"Colomba Ensamble - Cioccolato Bianco e Pistacchio con Vasetto di Crema al Pistacchio 750g + 180g - Vincente Delicacies","isPartOf":{"@id":"https:\/\/vincentedelicacies.com\/#website"},"primaryImageOfPage":{"@id":"https:\/\/vincentedelicacies.com\/prodotto\/colomba-cioccolato-bianco-e-pistacchio-con-vasetto-di-crema-al-pistacchio\/#primaryimage"},"image":{"@id":"https:\/\/vincentedelicacies.com\/prodotto\/colomba-cioccolato-bianco-e-pistacchio-con-vasetto-di-crema-al-pistacchio\/#primaryimage"},"thumbnailUrl":"https:\/\/vincentedelicacies.com\/wp-content\/uploads\/2021\/06\/ensamble-ciocclato-bianco-e-pistacchio-con-vasetto-pistacchio.jpg","datePublished":"2021-06-24T08:51:32+00:00","dateModified":"2023-04-04T13:30:45+00:00","description":"Colomba artigianale Pandorata al cioccolato bianco e Pistacchio di Sicilia- Senza uvetta e scorze di agrumi canditi, con vasetto di crema di \u201cPistacchio Verde di Bronte Dop\u201d da 180 gr.","breadcrumb":{"@id":"https:\/\/vincentedelicacies.com\/prodotto\/colomba-cioccolato-bianco-e-pistacchio-con-vasetto-di-crema-al-pistacchio\/#breadcrumb"},"inLanguage":"fr-FR","potentialAction":[{"@type":"ReadAction","target":["https:\/\/vincentedelicacies.com\/prodotto\/colomba-cioccolato-bianco-e-pistacchio-con-vasetto-di-crema-al-pistacchio\/"]}]},{"@type":"ImageObject","inLanguage":"fr-FR","@id":"https:\/\/vincentedelicacies.com\/prodotto\/colomba-cioccolato-bianco-e-pistacchio-con-vasetto-di-crema-al-pistacchio\/#primaryimage","url":"https:\/\/vincentedelicacies.com\/wp-content\/uploads\/2021\/06\/ensamble-ciocclato-bianco-e-pistacchio-con-vasetto-pistacchio.jpg","contentUrl":"https:\/\/vincentedelicacies.com\/wp-content\/uploads\/2021\/06\/ensamble-ciocclato-bianco-e-pistacchio-con-vasetto-pistacchio.jpg","width":890,"height":899,"caption":"Colomba artigianale con Ananas, Albicocca e Pistacchio di Sicilia 750g"},{"@type":"BreadcrumbList","@id":"https:\/\/vincentedelicacies.com\/prodotto\/colomba-cioccolato-bianco-e-pistacchio-con-vasetto-di-crema-al-pistacchio\/#breadcrumb","itemListElement":[{"@type":"ListItem","position":1,"name":"Home","item":"https:\/\/vincentedelicacies.com\/"},{"@type":"ListItem","position":2,"name":"Prodotti","item":"https:\/\/vincentedelicacies.com\/shop1__trashed\/"},{"@type":"ListItem","position":3,"name":"Colomba Ensamble &#8211; Cioccolato Bianco e Pistacchio con Vasetto di Crema al Pistacchio 750g + 180g"}]},{"@type":"WebSite","@id":"https:\/\/vincentedelicacies.com\/#website","url":"https:\/\/vincentedelicacies.com\/","name":"Vincente Delicacies","description":"Un grande laboratorio di pasticceria","publisher":{"@id":"https:\/\/vincentedelicacies.com\/#organization"},"potentialAction":[{"@type":"SearchAction","target":{"@type":"EntryPoint","urlTemplate":"https:\/\/vincentedelicacies.com\/?s={search_term_string}"},"query-input":{"@type":"PropertyValueSpecification","valueRequired":true,"valueName":"search_term_string"}}],"inLanguage":"fr-FR"},{"@type":"Organization","@id":"https:\/\/vincentedelicacies.com\/#organization","name":"Vincente Delicacies","url":"https:\/\/vincentedelicacies.com\/","logo":{"@type":"ImageObject","inLanguage":"fr-FR","@id":"https:\/\/vincentedelicacies.com\/#\/schema\/logo\/image\/","url":"https:\/\/vincentedelicacies.com\/wp-content\/uploads\/2021\/06\/logo.png","contentUrl":"https:\/\/vincentedelicacies.com\/wp-content\/uploads\/2021\/06\/logo.png","width":159,"height":47,"caption":"Vincente Delicacies"},"image":{"@id":"https:\/\/vincentedelicacies.com\/#\/schema\/logo\/image\/"}}]}},"_links":{"self":[{"href":"https:\/\/vincentedelicacies.com\/fr\/wp-json\/wp\/v2\/product\/2617","targetHints":{"allow":["GET"]}}],"collection":[{"href":"https:\/\/vincentedelicacies.com\/fr\/wp-json\/wp\/v2\/product"}],"about":[{"href":"https:\/\/vincentedelicacies.com\/fr\/wp-json\/wp\/v2\/types\/product"}],"replies":[{"embeddable":true,"href":"https:\/\/vincentedelicacies.com\/fr\/wp-json\/wp\/v2\/comments?post=2617"}],"wp:featuredmedia":[{"embeddable":true,"href":"https:\/\/vincentedelicacies.com\/fr\/wp-json\/wp\/v2\/media\/14367"}],"wp:attachment":[{"href":"https:\/\/vincentedelicacies.com\/fr\/wp-json\/wp\/v2\/media?parent=2617"}],"wp:term":[{"taxonomy":"product_brand","embeddable":true,"href":"https:\/\/vincentedelicacies.com\/fr\/wp-json\/wp\/v2\/product_brand?post=2617"},{"taxonomy":"product_cat","embeddable":true,"href":"https:\/\/vincentedelicacies.com\/fr\/wp-json\/wp\/v2\/product_cat?post=2617"},{"taxonomy":"product_tag","embeddable":true,"href":"https:\/\/vincentedelicacies.com\/fr\/wp-json\/wp\/v2\/product_tag?post=2617"}],"curies":[{"name":"wp","href":"https:\/\/api.w.org\/{rel}","templated":true}]}}