{"id":2585,"date":"2021-06-24T06:46:27","date_gmt":"2021-06-24T06:46:27","guid":{"rendered":"https:\/\/vincentedelicacies.com\/?post_type=product&#038;p=2585"},"modified":"2023-04-04T13:31:18","modified_gmt":"2023-04-04T13:31:18","slug":"colomba-enrobee-de-chocolat-blanc-et-fourree-de-creme-dop-a-la-pistache-verte-di-bronte","status":"publish","type":"product","link":"https:\/\/vincentedelicacies.com\/fr\/produit\/colomba-enrobee-de-chocolat-blanc-et-fourree-de-creme-dop-a-la-pistache-verte-di-bronte\/","title":{"rendered":"Le CHIC - Colomba enrob\u00e9e de chocolat blanc et fourr\u00e9e de cr\u00e8me 'Bronte Green Pistachio Dop' 900g"},"content":{"rendered":"<p>Ingr\u00e9dients : farine de <strong>FRUMENTO<\/strong>, <strong>BEURRE<\/strong>sucre, jaune d'\u0153uf <strong>de l'EGG<\/strong>, levure naturelle (farine <strong>FRUMENTO<\/strong>eau), \u00e9mulsifiants : mono et diglyc\u00e9rides d'acides gras, sirop de glucose, <strong>LAIT<\/strong> poudre \u00e9cr\u00e9m\u00e9e, beurre de cacao, miel, ar\u00f4me naturel, sel. Garniture : cr\u00e8me \u00e0 la pistache avec \"<strong>PISTACHO<\/strong> verde di Bronte PDO\" 16% (sucre,\" <strong>PISTACHO<\/strong> verde di Bronte PDO' 20%, <strong>LAIT<\/strong> poudre, lactos\u00e9rum de <strong>LAIT<\/strong> poudre, graisses v\u00e9g\u00e9tales non hydrog\u00e9n\u00e9es (huile de tournesol, huile de coco, beurre de cacao), \u00e9mulsifiant : l\u00e9cithine de cacao <strong>SOYA<\/strong>ar\u00f4me, hydrate d'alcool, colorant : E141)). Enrobage : chocolat blanc 8% (sucre, <strong>LAIT<\/strong> lait entier en poudre, beurre de cacao, \u00e9mulsifiant : l\u00e9cithine de cacao <strong>SOYA<\/strong>ar\u00f4me naturel de vanille), grains de ' <strong>PISTACHO<\/strong> verde di Bronte DOP \" 5%. Peut contenir <strong>AMANDES, NOISETTES, MOUTARDE ET LUPIN<\/strong>.<\/p>","protected":false},"excerpt":{"rendered":"<p>G\u00e2teau recouvert d'un gla\u00e7age tr\u00e8s fin au chocolat blanc, enrichi de pistaches siciliennes hach\u00e9es. Sa p\u00e2te est tr\u00e8s souple et il est fourr\u00e9 de cr\u00e8me de pistache verte de Bronte DOP. Une \u0153uvre artisanale de haute p\u00e2tisserie au go\u00fbt intense et enveloppant.<\/p>","protected":false},"featured_media":14448,"comment_status":"open","ping_status":"closed","template":"","meta":[],"product_brand":[],"product_cat":[46,112],"product_tag":[],"class_list":{"0":"post-2585","1":"product","2":"type-product","3":"status-publish","4":"has-post-thumbnail","6":"product_cat-pasqua","7":"product_cat-farcite-in-scatola","9":"first","10":"outofstock","11":"shipping-taxable","12":"product-type-simple"},"yoast_head":"<!-- This site is optimized with the Yoast SEO Premium plugin v21.8 (Yoast SEO v26.6) - https:\/\/yoast.com\/wordpress\/plugins\/seo\/ -->\n<title>Le CHIC - Colomba Ricoperta di Cioccolato Bianco e Farcita con Crema di \u201cPistacchio Verde di Bronte Dop\u201d 900g - Vincente Delicacies<\/title>\n<meta name=\"description\" content=\"Un dolce ricoperto da una glassatura al finissimo cioccolato bianco arricchita dalla granella di pistacchi di Sicilia. Ha un impasto morbidissimo, farcito con crema al \u201cPistacchio Verde di Bronte DOP\u201d. Un\u2019opera artigianale di alta pasticceria dal gusto intenso e avvolgente.\" \/>\n<meta name=\"robots\" content=\"index, follow, max-snippet:-1, max-image-preview:large, max-video-preview:-1\" \/>\n<link rel=\"canonical\" href=\"https:\/\/vincentedelicacies.com\/fr\/produit\/colomba-enrobee-de-chocolat-blanc-et-fourree-de-creme-dop-a-la-pistache-verte-di-bronte\/\" \/>\n<meta property=\"og:locale\" content=\"fr_FR\" \/>\n<meta property=\"og:type\" content=\"article\" \/>\n<meta property=\"og:title\" content=\"Le CHIC - Colomba Ricoperta di Cioccolato Bianco e Farcita con Crema di \u201cPistacchio Verde di Bronte Dop\u201d 900g\" \/>\n<meta property=\"og:description\" content=\"Un dolce ricoperto da una glassatura al finissimo cioccolato bianco arricchita dalla granella di pistacchi di Sicilia. Ha un impasto morbidissimo, farcito con crema al \u201cPistacchio Verde di Bronte DOP\u201d. Un\u2019opera artigianale di alta pasticceria dal gusto intenso e avvolgente.\" \/>\n<meta property=\"og:url\" content=\"https:\/\/vincentedelicacies.com\/fr\/produit\/colomba-enrobee-de-chocolat-blanc-et-fourree-de-creme-dop-a-la-pistache-verte-di-bronte\/\" \/>\n<meta property=\"og:site_name\" content=\"Vincente Delicacies\" \/>\n<meta property=\"article:modified_time\" content=\"2023-04-04T13:31:18+00:00\" \/>\n<meta property=\"og:image\" content=\"https:\/\/vincentedelicacies.com\/wp-content\/uploads\/2021\/06\/chic-1.jpg\" \/>\n\t<meta property=\"og:image:width\" content=\"890\" \/>\n\t<meta property=\"og:image:height\" content=\"899\" \/>\n\t<meta property=\"og:image:type\" content=\"image\/jpeg\" \/>\n<meta name=\"twitter:card\" content=\"summary_large_image\" \/>\n<meta name=\"twitter:label1\" content=\"Dur\u00e9e de lecture estim\u00e9e\" \/>\n\t<meta name=\"twitter:data1\" content=\"1 minute\" \/>\n<script type=\"application\/ld+json\" class=\"yoast-schema-graph\">{\"@context\":\"https:\/\/schema.org\",\"@graph\":[{\"@type\":\"WebPage\",\"@id\":\"https:\/\/vincentedelicacies.com\/prodotto\/colomba-ricoperta-di-cioccolato-bianco-e-farcita-con-crema-di-pistacchio-verde-di-bronte-dop\/\",\"url\":\"https:\/\/vincentedelicacies.com\/prodotto\/colomba-ricoperta-di-cioccolato-bianco-e-farcita-con-crema-di-pistacchio-verde-di-bronte-dop\/\",\"name\":\"Le CHIC - Colomba Ricoperta di Cioccolato Bianco e Farcita con Crema di \u201cPistacchio Verde di Bronte Dop\u201d 900g - Vincente Delicacies\",\"isPartOf\":{\"@id\":\"https:\/\/vincentedelicacies.com\/#website\"},\"primaryImageOfPage\":{\"@id\":\"https:\/\/vincentedelicacies.com\/prodotto\/colomba-ricoperta-di-cioccolato-bianco-e-farcita-con-crema-di-pistacchio-verde-di-bronte-dop\/#primaryimage\"},\"image\":{\"@id\":\"https:\/\/vincentedelicacies.com\/prodotto\/colomba-ricoperta-di-cioccolato-bianco-e-farcita-con-crema-di-pistacchio-verde-di-bronte-dop\/#primaryimage\"},\"thumbnailUrl\":\"https:\/\/vincentedelicacies.com\/wp-content\/uploads\/2021\/06\/chic-1.jpg\",\"datePublished\":\"2021-06-24T06:46:27+00:00\",\"dateModified\":\"2023-04-04T13:31:18+00:00\",\"description\":\"Un dolce ricoperto da una glassatura al finissimo cioccolato bianco arricchita dalla granella di pistacchi di Sicilia. Ha un impasto morbidissimo, farcito con crema al \u201cPistacchio Verde di Bronte DOP\u201d. Un\u2019opera artigianale di alta pasticceria dal gusto intenso e avvolgente.\",\"breadcrumb\":{\"@id\":\"https:\/\/vincentedelicacies.com\/prodotto\/colomba-ricoperta-di-cioccolato-bianco-e-farcita-con-crema-di-pistacchio-verde-di-bronte-dop\/#breadcrumb\"},\"inLanguage\":\"fr-FR\",\"potentialAction\":[{\"@type\":\"ReadAction\",\"target\":[\"https:\/\/vincentedelicacies.com\/prodotto\/colomba-ricoperta-di-cioccolato-bianco-e-farcita-con-crema-di-pistacchio-verde-di-bronte-dop\/\"]}]},{\"@type\":\"ImageObject\",\"inLanguage\":\"fr-FR\",\"@id\":\"https:\/\/vincentedelicacies.com\/prodotto\/colomba-ricoperta-di-cioccolato-bianco-e-farcita-con-crema-di-pistacchio-verde-di-bronte-dop\/#primaryimage\",\"url\":\"https:\/\/vincentedelicacies.com\/wp-content\/uploads\/2021\/06\/chic-1.jpg\",\"contentUrl\":\"https:\/\/vincentedelicacies.com\/wp-content\/uploads\/2021\/06\/chic-1.jpg\",\"width\":890,\"height\":899,\"caption\":\"Colomba Ricoperta di Cioccolato Bianco e Farcita con Crema di \u201cPistacchio Verde di Bronte Dop\u201d 900g\"},{\"@type\":\"BreadcrumbList\",\"@id\":\"https:\/\/vincentedelicacies.com\/prodotto\/colomba-ricoperta-di-cioccolato-bianco-e-farcita-con-crema-di-pistacchio-verde-di-bronte-dop\/#breadcrumb\",\"itemListElement\":[{\"@type\":\"ListItem\",\"position\":1,\"name\":\"Home\",\"item\":\"https:\/\/vincentedelicacies.com\/\"},{\"@type\":\"ListItem\",\"position\":2,\"name\":\"Prodotti\",\"item\":\"https:\/\/vincentedelicacies.com\/shop1__trashed\/\"},{\"@type\":\"ListItem\",\"position\":3,\"name\":\"Le CHIC &#8211; Colomba Ricoperta di Cioccolato Bianco e Farcita con Crema di \u201cPistacchio Verde di Bronte Dop\u201d 900g\"}]},{\"@type\":\"WebSite\",\"@id\":\"https:\/\/vincentedelicacies.com\/#website\",\"url\":\"https:\/\/vincentedelicacies.com\/\",\"name\":\"Vincente Delicacies\",\"description\":\"Un grande laboratorio di pasticceria\",\"publisher\":{\"@id\":\"https:\/\/vincentedelicacies.com\/#organization\"},\"potentialAction\":[{\"@type\":\"SearchAction\",\"target\":{\"@type\":\"EntryPoint\",\"urlTemplate\":\"https:\/\/vincentedelicacies.com\/?s={search_term_string}\"},\"query-input\":{\"@type\":\"PropertyValueSpecification\",\"valueRequired\":true,\"valueName\":\"search_term_string\"}}],\"inLanguage\":\"fr-FR\"},{\"@type\":\"Organization\",\"@id\":\"https:\/\/vincentedelicacies.com\/#organization\",\"name\":\"Vincente Delicacies\",\"url\":\"https:\/\/vincentedelicacies.com\/\",\"logo\":{\"@type\":\"ImageObject\",\"inLanguage\":\"fr-FR\",\"@id\":\"https:\/\/vincentedelicacies.com\/#\/schema\/logo\/image\/\",\"url\":\"https:\/\/vincentedelicacies.com\/wp-content\/uploads\/2021\/06\/logo.png\",\"contentUrl\":\"https:\/\/vincentedelicacies.com\/wp-content\/uploads\/2021\/06\/logo.png\",\"width\":159,\"height\":47,\"caption\":\"Vincente Delicacies\"},\"image\":{\"@id\":\"https:\/\/vincentedelicacies.com\/#\/schema\/logo\/image\/\"}}]}<\/script>\n<!-- \/ Yoast SEO Premium plugin. -->","yoast_head_json":{"title":"Le CHIC - Colomba Ricoperta di Cioccolato Bianco e Farcita con Crema di \u201cPistacchio Verde di Bronte Dop\u201d 900g - Vincente Delicacies","description":"Un dolce ricoperto da una glassatura al finissimo cioccolato bianco arricchita dalla granella di pistacchi di Sicilia. Ha un impasto morbidissimo, farcito con crema al \u201cPistacchio Verde di Bronte DOP\u201d. Un\u2019opera artigianale di alta pasticceria dal gusto intenso e avvolgente.","robots":{"index":"index","follow":"follow","max-snippet":"max-snippet:-1","max-image-preview":"max-image-preview:large","max-video-preview":"max-video-preview:-1"},"canonical":"https:\/\/vincentedelicacies.com\/fr\/produit\/colomba-enrobee-de-chocolat-blanc-et-fourree-de-creme-dop-a-la-pistache-verte-di-bronte\/","og_locale":"fr_FR","og_type":"article","og_title":"Le CHIC - Colomba Ricoperta di Cioccolato Bianco e Farcita con Crema di \u201cPistacchio Verde di Bronte Dop\u201d 900g","og_description":"Un dolce ricoperto da una glassatura al finissimo cioccolato bianco arricchita dalla granella di pistacchi di Sicilia. Ha un impasto morbidissimo, farcito con crema al \u201cPistacchio Verde di Bronte DOP\u201d. Un\u2019opera artigianale di alta pasticceria dal gusto intenso e avvolgente.","og_url":"https:\/\/vincentedelicacies.com\/fr\/produit\/colomba-enrobee-de-chocolat-blanc-et-fourree-de-creme-dop-a-la-pistache-verte-di-bronte\/","og_site_name":"Vincente Delicacies","article_modified_time":"2023-04-04T13:31:18+00:00","og_image":[{"width":890,"height":899,"url":"https:\/\/vincentedelicacies.com\/wp-content\/uploads\/2021\/06\/chic-1.jpg","type":"image\/jpeg"}],"twitter_card":"summary_large_image","twitter_misc":{"Dur\u00e9e de lecture estim\u00e9e":"1 minute"},"schema":{"@context":"https:\/\/schema.org","@graph":[{"@type":"WebPage","@id":"https:\/\/vincentedelicacies.com\/prodotto\/colomba-ricoperta-di-cioccolato-bianco-e-farcita-con-crema-di-pistacchio-verde-di-bronte-dop\/","url":"https:\/\/vincentedelicacies.com\/prodotto\/colomba-ricoperta-di-cioccolato-bianco-e-farcita-con-crema-di-pistacchio-verde-di-bronte-dop\/","name":"Le CHIC - Colomba Ricoperta di Cioccolato Bianco e Farcita con Crema di \u201cPistacchio Verde di Bronte Dop\u201d 900g - Vincente Delicacies","isPartOf":{"@id":"https:\/\/vincentedelicacies.com\/#website"},"primaryImageOfPage":{"@id":"https:\/\/vincentedelicacies.com\/prodotto\/colomba-ricoperta-di-cioccolato-bianco-e-farcita-con-crema-di-pistacchio-verde-di-bronte-dop\/#primaryimage"},"image":{"@id":"https:\/\/vincentedelicacies.com\/prodotto\/colomba-ricoperta-di-cioccolato-bianco-e-farcita-con-crema-di-pistacchio-verde-di-bronte-dop\/#primaryimage"},"thumbnailUrl":"https:\/\/vincentedelicacies.com\/wp-content\/uploads\/2021\/06\/chic-1.jpg","datePublished":"2021-06-24T06:46:27+00:00","dateModified":"2023-04-04T13:31:18+00:00","description":"Un dolce ricoperto da una glassatura al finissimo cioccolato bianco arricchita dalla granella di pistacchi di Sicilia. Ha un impasto morbidissimo, farcito con crema al \u201cPistacchio Verde di Bronte DOP\u201d. Un\u2019opera artigianale di alta pasticceria dal gusto intenso e avvolgente.","breadcrumb":{"@id":"https:\/\/vincentedelicacies.com\/prodotto\/colomba-ricoperta-di-cioccolato-bianco-e-farcita-con-crema-di-pistacchio-verde-di-bronte-dop\/#breadcrumb"},"inLanguage":"fr-FR","potentialAction":[{"@type":"ReadAction","target":["https:\/\/vincentedelicacies.com\/prodotto\/colomba-ricoperta-di-cioccolato-bianco-e-farcita-con-crema-di-pistacchio-verde-di-bronte-dop\/"]}]},{"@type":"ImageObject","inLanguage":"fr-FR","@id":"https:\/\/vincentedelicacies.com\/prodotto\/colomba-ricoperta-di-cioccolato-bianco-e-farcita-con-crema-di-pistacchio-verde-di-bronte-dop\/#primaryimage","url":"https:\/\/vincentedelicacies.com\/wp-content\/uploads\/2021\/06\/chic-1.jpg","contentUrl":"https:\/\/vincentedelicacies.com\/wp-content\/uploads\/2021\/06\/chic-1.jpg","width":890,"height":899,"caption":"Colomba Ricoperta di Cioccolato Bianco e Farcita con Crema di \u201cPistacchio Verde di Bronte Dop\u201d 900g"},{"@type":"BreadcrumbList","@id":"https:\/\/vincentedelicacies.com\/prodotto\/colomba-ricoperta-di-cioccolato-bianco-e-farcita-con-crema-di-pistacchio-verde-di-bronte-dop\/#breadcrumb","itemListElement":[{"@type":"ListItem","position":1,"name":"Home","item":"https:\/\/vincentedelicacies.com\/"},{"@type":"ListItem","position":2,"name":"Prodotti","item":"https:\/\/vincentedelicacies.com\/shop1__trashed\/"},{"@type":"ListItem","position":3,"name":"Le CHIC &#8211; Colomba Ricoperta di Cioccolato Bianco e Farcita con Crema di \u201cPistacchio Verde di Bronte Dop\u201d 900g"}]},{"@type":"WebSite","@id":"https:\/\/vincentedelicacies.com\/#website","url":"https:\/\/vincentedelicacies.com\/","name":"Vincente Delicacies","description":"Un grande laboratorio di pasticceria","publisher":{"@id":"https:\/\/vincentedelicacies.com\/#organization"},"potentialAction":[{"@type":"SearchAction","target":{"@type":"EntryPoint","urlTemplate":"https:\/\/vincentedelicacies.com\/?s={search_term_string}"},"query-input":{"@type":"PropertyValueSpecification","valueRequired":true,"valueName":"search_term_string"}}],"inLanguage":"fr-FR"},{"@type":"Organization","@id":"https:\/\/vincentedelicacies.com\/#organization","name":"Vincente Delicacies","url":"https:\/\/vincentedelicacies.com\/","logo":{"@type":"ImageObject","inLanguage":"fr-FR","@id":"https:\/\/vincentedelicacies.com\/#\/schema\/logo\/image\/","url":"https:\/\/vincentedelicacies.com\/wp-content\/uploads\/2021\/06\/logo.png","contentUrl":"https:\/\/vincentedelicacies.com\/wp-content\/uploads\/2021\/06\/logo.png","width":159,"height":47,"caption":"Vincente Delicacies"},"image":{"@id":"https:\/\/vincentedelicacies.com\/#\/schema\/logo\/image\/"}}]}},"_links":{"self":[{"href":"https:\/\/vincentedelicacies.com\/fr\/wp-json\/wp\/v2\/product\/2585","targetHints":{"allow":["GET"]}}],"collection":[{"href":"https:\/\/vincentedelicacies.com\/fr\/wp-json\/wp\/v2\/product"}],"about":[{"href":"https:\/\/vincentedelicacies.com\/fr\/wp-json\/wp\/v2\/types\/product"}],"replies":[{"embeddable":true,"href":"https:\/\/vincentedelicacies.com\/fr\/wp-json\/wp\/v2\/comments?post=2585"}],"wp:featuredmedia":[{"embeddable":true,"href":"https:\/\/vincentedelicacies.com\/fr\/wp-json\/wp\/v2\/media\/14448"}],"wp:attachment":[{"href":"https:\/\/vincentedelicacies.com\/fr\/wp-json\/wp\/v2\/media?parent=2585"}],"wp:term":[{"taxonomy":"product_brand","embeddable":true,"href":"https:\/\/vincentedelicacies.com\/fr\/wp-json\/wp\/v2\/product_brand?post=2585"},{"taxonomy":"product_cat","embeddable":true,"href":"https:\/\/vincentedelicacies.com\/fr\/wp-json\/wp\/v2\/product_cat?post=2585"},{"taxonomy":"product_tag","embeddable":true,"href":"https:\/\/vincentedelicacies.com\/fr\/wp-json\/wp\/v2\/product_tag?post=2585"}],"curies":[{"name":"wp","href":"https:\/\/api.w.org\/{rel}","templated":true}]}}