{"id":2574,"date":"2021-06-24T06:32:33","date_gmt":"2021-06-24T06:32:33","guid":{"rendered":"https:\/\/vincentedelicacies.com\/?post_type=product&#038;p=2574"},"modified":"2023-03-15T09:59:47","modified_gmt":"2023-03-15T09:59:47","slug":"classique-avec-des-raisins-secs-et-des-ecorces-dorange-confites","status":"publish","type":"product","link":"https:\/\/vincentedelicacies.com\/fr\/produit\/classique-avec-des-raisins-secs-et-des-ecorces-dorange-confites\/","title":{"rendered":"Colomba artisanale classique avec raisins secs et fruits confits \u00e0 l'orange 750g"},"content":{"rendered":"<p>Ingr\u00e9dients : farine de <strong>BLE, BEURRE<\/strong>sultanines 15%, sucre, jaune d'\u0153uf <strong>de l'EGG<\/strong>\u00e9corces d'orange confites 10% (\u00e9corces d'orange, sirop de glucose-fructose, sucre, acidifiant : acide citrique E330), levure naturelle (farine de ma\u00efs, de bl\u00e9, de canne \u00e0 sucre, d'orge et de pomme de terre). <strong>FRUMENTO<\/strong>eau), \u00e9mulsifiants : mono et diglyc\u00e9rides d'acides gras, sirop de glucose, <strong>LAIT<\/strong> lait \u00e9cr\u00e9m\u00e9 en poudre, beurre de cacao, miel, ar\u00f4me naturel, sel. Gla\u00e7age : gla\u00e7age (sucre, amidon de riz, blanc d'\u0153uf en poudre, graisse v\u00e9g\u00e9tale : huile de palme, sirop de glucose, prot\u00e9ine de <strong>LAIT<\/strong>, <strong>ALMOND<\/strong>amidon modifi\u00e9 (pomme de terre), ar\u00f4mes), <strong>ALMOND<\/strong> 3%, sucre cristallis\u00e9. Peut contenir <strong>PISTACHE, NOISETTE, SOJA, MOUTARDE ET LUPIN.<\/strong><\/p>","protected":false},"excerpt":{"rendered":"<p>Une colomba artisanale avec un gla\u00e7age croustillant recouvert de grains de sucre et d'amandes siciliennes. Un g\u00e2teau classique et traditionnel avec une p\u00e2te tendre et parfum\u00e9e, fourr\u00e9e de raisins secs et de fruits confits \u00e0 l'orange de Sicile.<\/p>","protected":false},"featured_media":14390,"comment_status":"open","ping_status":"closed","template":"","meta":[],"product_brand":[],"product_cat":[46,110],"product_tag":[],"class_list":{"0":"post-2574","1":"product","2":"type-product","3":"status-publish","4":"has-post-thumbnail","6":"product_cat-pasqua","7":"product_cat-linea-classica","9":"first","10":"outofstock","11":"shipping-taxable","12":"product-type-simple"},"yoast_head":"<!-- This site is optimized with the Yoast SEO Premium plugin v21.8 (Yoast SEO v26.6) - https:\/\/yoast.com\/wordpress\/plugins\/seo\/ -->\n<title>Colomba artigianale classica con uvetta e canditi d\u2019arancia 750g - Vincente Delicacies<\/title>\n<meta name=\"description\" content=\"Una colomba artigianale con una glassa croccante ricoperta di granelli di zucchero e mandorle siciliane. Dolce classico e tradizionale con una pasta morbida e profumata farcita con uvetta e canditi di arancia siciliana.\" \/>\n<meta name=\"robots\" content=\"index, follow, max-snippet:-1, max-image-preview:large, max-video-preview:-1\" \/>\n<link rel=\"canonical\" href=\"https:\/\/vincentedelicacies.com\/fr\/produit\/classique-avec-des-raisins-secs-et-des-ecorces-dorange-confites\/\" \/>\n<meta property=\"og:locale\" content=\"fr_FR\" \/>\n<meta property=\"og:type\" content=\"article\" \/>\n<meta property=\"og:title\" content=\"Colomba artigianale classica con uvetta e canditi d\u2019arancia 750g\" \/>\n<meta property=\"og:description\" content=\"Una colomba artigianale con una glassa croccante ricoperta di granelli di zucchero e mandorle siciliane. Dolce classico e tradizionale con una pasta morbida e profumata farcita con uvetta e canditi di arancia siciliana.\" \/>\n<meta property=\"og:url\" content=\"https:\/\/vincentedelicacies.com\/fr\/produit\/classique-avec-des-raisins-secs-et-des-ecorces-dorange-confites\/\" \/>\n<meta property=\"og:site_name\" content=\"Vincente Delicacies\" \/>\n<meta property=\"article:modified_time\" content=\"2023-03-15T09:59:47+00:00\" \/>\n<meta property=\"og:image\" content=\"https:\/\/vincentedelicacies.com\/wp-content\/uploads\/2021\/06\/classica-mandorla.jpg\" \/>\n\t<meta property=\"og:image:width\" content=\"890\" \/>\n\t<meta property=\"og:image:height\" content=\"899\" \/>\n\t<meta property=\"og:image:type\" content=\"image\/jpeg\" \/>\n<meta name=\"twitter:card\" content=\"summary_large_image\" \/>\n<meta name=\"twitter:label1\" content=\"Dur\u00e9e de lecture estim\u00e9e\" \/>\n\t<meta name=\"twitter:data1\" content=\"1 minute\" \/>\n<script type=\"application\/ld+json\" class=\"yoast-schema-graph\">{\"@context\":\"https:\/\/schema.org\",\"@graph\":[{\"@type\":\"WebPage\",\"@id\":\"https:\/\/vincentedelicacies.com\/prodotto\/classica-con-uvetta-e-canditi-darancia\/\",\"url\":\"https:\/\/vincentedelicacies.com\/prodotto\/classica-con-uvetta-e-canditi-darancia\/\",\"name\":\"Colomba artigianale classica con uvetta e canditi d\u2019arancia 750g - Vincente Delicacies\",\"isPartOf\":{\"@id\":\"https:\/\/vincentedelicacies.com\/#website\"},\"primaryImageOfPage\":{\"@id\":\"https:\/\/vincentedelicacies.com\/prodotto\/classica-con-uvetta-e-canditi-darancia\/#primaryimage\"},\"image\":{\"@id\":\"https:\/\/vincentedelicacies.com\/prodotto\/classica-con-uvetta-e-canditi-darancia\/#primaryimage\"},\"thumbnailUrl\":\"https:\/\/vincentedelicacies.com\/wp-content\/uploads\/2021\/06\/classica-mandorla.jpg\",\"datePublished\":\"2021-06-24T06:32:33+00:00\",\"dateModified\":\"2023-03-15T09:59:47+00:00\",\"description\":\"Una colomba artigianale con una glassa croccante ricoperta di granelli di zucchero e mandorle siciliane. Dolce classico e tradizionale con una pasta morbida e profumata farcita con uvetta e canditi di arancia siciliana.\",\"breadcrumb\":{\"@id\":\"https:\/\/vincentedelicacies.com\/prodotto\/classica-con-uvetta-e-canditi-darancia\/#breadcrumb\"},\"inLanguage\":\"fr-FR\",\"potentialAction\":[{\"@type\":\"ReadAction\",\"target\":[\"https:\/\/vincentedelicacies.com\/prodotto\/classica-con-uvetta-e-canditi-darancia\/\"]}]},{\"@type\":\"ImageObject\",\"inLanguage\":\"fr-FR\",\"@id\":\"https:\/\/vincentedelicacies.com\/prodotto\/classica-con-uvetta-e-canditi-darancia\/#primaryimage\",\"url\":\"https:\/\/vincentedelicacies.com\/wp-content\/uploads\/2021\/06\/classica-mandorla.jpg\",\"contentUrl\":\"https:\/\/vincentedelicacies.com\/wp-content\/uploads\/2021\/06\/classica-mandorla.jpg\",\"width\":890,\"height\":899,\"caption\":\"Colomba artigianale classica con uvetta e canditi d\u2019arancia 750g\"},{\"@type\":\"BreadcrumbList\",\"@id\":\"https:\/\/vincentedelicacies.com\/prodotto\/classica-con-uvetta-e-canditi-darancia\/#breadcrumb\",\"itemListElement\":[{\"@type\":\"ListItem\",\"position\":1,\"name\":\"Home\",\"item\":\"https:\/\/vincentedelicacies.com\/\"},{\"@type\":\"ListItem\",\"position\":2,\"name\":\"Prodotti\",\"item\":\"https:\/\/vincentedelicacies.com\/shop1__trashed\/\"},{\"@type\":\"ListItem\",\"position\":3,\"name\":\"Colomba artigianale classica con uvetta e canditi d\u2019arancia 750g\"}]},{\"@type\":\"WebSite\",\"@id\":\"https:\/\/vincentedelicacies.com\/#website\",\"url\":\"https:\/\/vincentedelicacies.com\/\",\"name\":\"Vincente Delicacies\",\"description\":\"Un grande laboratorio di pasticceria\",\"publisher\":{\"@id\":\"https:\/\/vincentedelicacies.com\/#organization\"},\"potentialAction\":[{\"@type\":\"SearchAction\",\"target\":{\"@type\":\"EntryPoint\",\"urlTemplate\":\"https:\/\/vincentedelicacies.com\/?s={search_term_string}\"},\"query-input\":{\"@type\":\"PropertyValueSpecification\",\"valueRequired\":true,\"valueName\":\"search_term_string\"}}],\"inLanguage\":\"fr-FR\"},{\"@type\":\"Organization\",\"@id\":\"https:\/\/vincentedelicacies.com\/#organization\",\"name\":\"Vincente Delicacies\",\"url\":\"https:\/\/vincentedelicacies.com\/\",\"logo\":{\"@type\":\"ImageObject\",\"inLanguage\":\"fr-FR\",\"@id\":\"https:\/\/vincentedelicacies.com\/#\/schema\/logo\/image\/\",\"url\":\"https:\/\/vincentedelicacies.com\/wp-content\/uploads\/2021\/06\/logo.png\",\"contentUrl\":\"https:\/\/vincentedelicacies.com\/wp-content\/uploads\/2021\/06\/logo.png\",\"width\":159,\"height\":47,\"caption\":\"Vincente Delicacies\"},\"image\":{\"@id\":\"https:\/\/vincentedelicacies.com\/#\/schema\/logo\/image\/\"}}]}<\/script>\n<!-- \/ Yoast SEO Premium plugin. -->","yoast_head_json":{"title":"Colomba artigianale classica con uvetta e canditi d\u2019arancia 750g - Vincente Delicacies","description":"Una colomba artigianale con una glassa croccante ricoperta di granelli di zucchero e mandorle siciliane. Dolce classico e tradizionale con una pasta morbida e profumata farcita con uvetta e canditi di arancia siciliana.","robots":{"index":"index","follow":"follow","max-snippet":"max-snippet:-1","max-image-preview":"max-image-preview:large","max-video-preview":"max-video-preview:-1"},"canonical":"https:\/\/vincentedelicacies.com\/fr\/produit\/classique-avec-des-raisins-secs-et-des-ecorces-dorange-confites\/","og_locale":"fr_FR","og_type":"article","og_title":"Colomba artigianale classica con uvetta e canditi d\u2019arancia 750g","og_description":"Una colomba artigianale con una glassa croccante ricoperta di granelli di zucchero e mandorle siciliane. Dolce classico e tradizionale con una pasta morbida e profumata farcita con uvetta e canditi di arancia siciliana.","og_url":"https:\/\/vincentedelicacies.com\/fr\/produit\/classique-avec-des-raisins-secs-et-des-ecorces-dorange-confites\/","og_site_name":"Vincente Delicacies","article_modified_time":"2023-03-15T09:59:47+00:00","og_image":[{"width":890,"height":899,"url":"https:\/\/vincentedelicacies.com\/wp-content\/uploads\/2021\/06\/classica-mandorla.jpg","type":"image\/jpeg"}],"twitter_card":"summary_large_image","twitter_misc":{"Dur\u00e9e de lecture estim\u00e9e":"1 minute"},"schema":{"@context":"https:\/\/schema.org","@graph":[{"@type":"WebPage","@id":"https:\/\/vincentedelicacies.com\/prodotto\/classica-con-uvetta-e-canditi-darancia\/","url":"https:\/\/vincentedelicacies.com\/prodotto\/classica-con-uvetta-e-canditi-darancia\/","name":"Colomba artigianale classica con uvetta e canditi d\u2019arancia 750g - Vincente Delicacies","isPartOf":{"@id":"https:\/\/vincentedelicacies.com\/#website"},"primaryImageOfPage":{"@id":"https:\/\/vincentedelicacies.com\/prodotto\/classica-con-uvetta-e-canditi-darancia\/#primaryimage"},"image":{"@id":"https:\/\/vincentedelicacies.com\/prodotto\/classica-con-uvetta-e-canditi-darancia\/#primaryimage"},"thumbnailUrl":"https:\/\/vincentedelicacies.com\/wp-content\/uploads\/2021\/06\/classica-mandorla.jpg","datePublished":"2021-06-24T06:32:33+00:00","dateModified":"2023-03-15T09:59:47+00:00","description":"Una colomba artigianale con una glassa croccante ricoperta di granelli di zucchero e mandorle siciliane. Dolce classico e tradizionale con una pasta morbida e profumata farcita con uvetta e canditi di arancia siciliana.","breadcrumb":{"@id":"https:\/\/vincentedelicacies.com\/prodotto\/classica-con-uvetta-e-canditi-darancia\/#breadcrumb"},"inLanguage":"fr-FR","potentialAction":[{"@type":"ReadAction","target":["https:\/\/vincentedelicacies.com\/prodotto\/classica-con-uvetta-e-canditi-darancia\/"]}]},{"@type":"ImageObject","inLanguage":"fr-FR","@id":"https:\/\/vincentedelicacies.com\/prodotto\/classica-con-uvetta-e-canditi-darancia\/#primaryimage","url":"https:\/\/vincentedelicacies.com\/wp-content\/uploads\/2021\/06\/classica-mandorla.jpg","contentUrl":"https:\/\/vincentedelicacies.com\/wp-content\/uploads\/2021\/06\/classica-mandorla.jpg","width":890,"height":899,"caption":"Colomba artigianale classica con uvetta e canditi d\u2019arancia 750g"},{"@type":"BreadcrumbList","@id":"https:\/\/vincentedelicacies.com\/prodotto\/classica-con-uvetta-e-canditi-darancia\/#breadcrumb","itemListElement":[{"@type":"ListItem","position":1,"name":"Home","item":"https:\/\/vincentedelicacies.com\/"},{"@type":"ListItem","position":2,"name":"Prodotti","item":"https:\/\/vincentedelicacies.com\/shop1__trashed\/"},{"@type":"ListItem","position":3,"name":"Colomba artigianale classica con uvetta e canditi d\u2019arancia 750g"}]},{"@type":"WebSite","@id":"https:\/\/vincentedelicacies.com\/#website","url":"https:\/\/vincentedelicacies.com\/","name":"Vincente Delicacies","description":"Un grande laboratorio di pasticceria","publisher":{"@id":"https:\/\/vincentedelicacies.com\/#organization"},"potentialAction":[{"@type":"SearchAction","target":{"@type":"EntryPoint","urlTemplate":"https:\/\/vincentedelicacies.com\/?s={search_term_string}"},"query-input":{"@type":"PropertyValueSpecification","valueRequired":true,"valueName":"search_term_string"}}],"inLanguage":"fr-FR"},{"@type":"Organization","@id":"https:\/\/vincentedelicacies.com\/#organization","name":"Vincente Delicacies","url":"https:\/\/vincentedelicacies.com\/","logo":{"@type":"ImageObject","inLanguage":"fr-FR","@id":"https:\/\/vincentedelicacies.com\/#\/schema\/logo\/image\/","url":"https:\/\/vincentedelicacies.com\/wp-content\/uploads\/2021\/06\/logo.png","contentUrl":"https:\/\/vincentedelicacies.com\/wp-content\/uploads\/2021\/06\/logo.png","width":159,"height":47,"caption":"Vincente Delicacies"},"image":{"@id":"https:\/\/vincentedelicacies.com\/#\/schema\/logo\/image\/"}}]}},"_links":{"self":[{"href":"https:\/\/vincentedelicacies.com\/fr\/wp-json\/wp\/v2\/product\/2574","targetHints":{"allow":["GET"]}}],"collection":[{"href":"https:\/\/vincentedelicacies.com\/fr\/wp-json\/wp\/v2\/product"}],"about":[{"href":"https:\/\/vincentedelicacies.com\/fr\/wp-json\/wp\/v2\/types\/product"}],"replies":[{"embeddable":true,"href":"https:\/\/vincentedelicacies.com\/fr\/wp-json\/wp\/v2\/comments?post=2574"}],"wp:featuredmedia":[{"embeddable":true,"href":"https:\/\/vincentedelicacies.com\/fr\/wp-json\/wp\/v2\/media\/14390"}],"wp:attachment":[{"href":"https:\/\/vincentedelicacies.com\/fr\/wp-json\/wp\/v2\/media?parent=2574"}],"wp:term":[{"taxonomy":"product_brand","embeddable":true,"href":"https:\/\/vincentedelicacies.com\/fr\/wp-json\/wp\/v2\/product_brand?post=2574"},{"taxonomy":"product_cat","embeddable":true,"href":"https:\/\/vincentedelicacies.com\/fr\/wp-json\/wp\/v2\/product_cat?post=2574"},{"taxonomy":"product_tag","embeddable":true,"href":"https:\/\/vincentedelicacies.com\/fr\/wp-json\/wp\/v2\/product_tag?post=2574"}],"curies":[{"name":"wp","href":"https:\/\/api.w.org\/{rel}","templated":true}]}}