{"id":2569,"date":"2021-06-24T06:27:38","date_gmt":"2021-06-24T06:27:38","guid":{"rendered":"https:\/\/vincentedelicacies.com\/?post_type=product&#038;p=2569"},"modified":"2023-03-20T09:32:13","modified_gmt":"2023-03-20T09:32:13","slug":"jardina-ananas-abricot-et-pistache","status":"publish","type":"product","link":"https:\/\/vincentedelicacies.com\/fr\/produit\/jardina-ananas-abricot-et-pistache\/","title":{"rendered":"Jardina - Colomba artisanale \u00e0 l'ananas, \u00e0 l'abricot et \u00e0 la pistache de Sicile 750g"},"content":{"rendered":"<p>Ingr\u00e9dients : farine de <strong>BLE, BEURRE<\/strong>abricot confit 15% (abricots en d\u00e9s, sirop d'abricot)<br \/>\nfructose-glucose, sucre, acidifi cation : acide citrique E330), ananas confits 10% (ananas en d\u00e9s, sirop d'ananas, acide citrique<br \/>\nfructose-glucose, sucre, acidifiant : acide citrique E330), sucre, jaune d'\u0153uf <strong>de l'EGG<\/strong>, levure naturelle (farine <strong>FRUMENTO<\/strong>,<br \/>\neau), \u00e9mulsifiants : mono et diglyc\u00e9rides d'acides gras, sirop de glucose, <strong>LAIT<\/strong> lait \u00e9cr\u00e9m\u00e9 en poudre, beurre de cacao,<br \/>\nmiel, ar\u00f4mes naturels, sel. Enrobage : gla\u00e7age (sucre, amidon de riz, blanc d'\u0153uf, etc.). <strong>de l'EGG<\/strong> poudre, graisses v\u00e9g\u00e9tales : huile de<br \/>\npalmier, sirop de glucose, prot\u00e9ines de la <strong>LAIT, ALMONDS<\/strong>(par exemple, modi fication de l'amidon, ar\u00f4mes), <strong>PISTACHO<\/strong> de Sicile 3%,<br \/>\nsucre cristallis\u00e9. Peut contenir <strong>LES NOISETTES, LE SOJA, LA MOUTARDE ET LE LUPIN. <\/strong><\/p>","protected":false},"excerpt":{"rendered":"<p>La colomba artisanale Jardina, fourr\u00e9e d'ananas et d'abricots confits, est recouverte d'un gla\u00e7age sicilien \u00e0 la pistache et de grains de sucre. La Jardina, pr\u00e9sent\u00e9e dans l'emballage blanc typique de Vincente, est un g\u00e2teau qui allie la saveur fruit\u00e9e de l'ananas et de l'abricot au go\u00fbt doux et enveloppant du gla\u00e7age \u00e0 la pistache.<\/p>","protected":false},"featured_media":14402,"comment_status":"open","ping_status":"closed","template":"","meta":[],"product_brand":[],"product_cat":[46,109],"product_tag":[],"class_list":{"0":"post-2569","1":"product","2":"type-product","3":"status-publish","4":"has-post-thumbnail","6":"product_cat-pasqua","7":"product_cat-linea-fastuca","9":"first","10":"outofstock","11":"shipping-taxable","12":"product-type-simple"},"yoast_head":"<!-- This site is optimized with the Yoast SEO Premium plugin v21.8 (Yoast SEO v26.6) - https:\/\/yoast.com\/wordpress\/plugins\/seo\/ -->\n<title>Jardina \u2013 Colomba artigianale con Ananas, Albicocca e Pistacchio di Sicilia 750g - Vincente Delicacies<\/title>\n<meta name=\"description\" content=\"La colomba artigianale Jardina, farcita con canditi di ananas e albicocche \u00e8 ricoperta da una glassa al pistacchio di Sicilia e granella di zucchero. Jardina, presentata con il tipico incarto bianco Vincente, \u00e8 un dolce che unisce il sapore fruttato dell\u2019ananas e delle albicocche al gusto soave e avvolgente della glassatura al pistacchio.\" \/>\n<meta name=\"robots\" content=\"index, follow, max-snippet:-1, max-image-preview:large, max-video-preview:-1\" \/>\n<link rel=\"canonical\" href=\"https:\/\/vincentedelicacies.com\/fr\/produit\/jardina-ananas-abricot-et-pistache\/\" \/>\n<meta property=\"og:locale\" content=\"fr_FR\" \/>\n<meta property=\"og:type\" content=\"article\" \/>\n<meta property=\"og:title\" content=\"Jardina \u2013 Colomba artigianale con Ananas, Albicocca e Pistacchio di Sicilia 750g\" \/>\n<meta property=\"og:description\" content=\"La colomba artigianale Jardina, farcita con canditi di ananas e albicocche \u00e8 ricoperta da una glassa al pistacchio di Sicilia e granella di zucchero. Jardina, presentata con il tipico incarto bianco Vincente, \u00e8 un dolce che unisce il sapore fruttato dell\u2019ananas e delle albicocche al gusto soave e avvolgente della glassatura al pistacchio.\" \/>\n<meta property=\"og:url\" content=\"https:\/\/vincentedelicacies.com\/fr\/produit\/jardina-ananas-abricot-et-pistache\/\" \/>\n<meta property=\"og:site_name\" content=\"Vincente Delicacies\" \/>\n<meta property=\"article:modified_time\" content=\"2023-03-20T09:32:13+00:00\" \/>\n<meta property=\"og:image\" content=\"https:\/\/vincentedelicacies.com\/wp-content\/uploads\/2021\/06\/JARDINA-2.jpg\" \/>\n\t<meta property=\"og:image:width\" content=\"890\" \/>\n\t<meta property=\"og:image:height\" content=\"899\" \/>\n\t<meta property=\"og:image:type\" content=\"image\/jpeg\" \/>\n<meta name=\"twitter:card\" content=\"summary_large_image\" \/>\n<meta name=\"twitter:label1\" content=\"Dur\u00e9e de lecture estim\u00e9e\" \/>\n\t<meta name=\"twitter:data1\" content=\"1 minute\" \/>\n<script type=\"application\/ld+json\" class=\"yoast-schema-graph\">{\"@context\":\"https:\/\/schema.org\",\"@graph\":[{\"@type\":\"WebPage\",\"@id\":\"https:\/\/vincentedelicacies.com\/prodotto\/jardina-ananas-albicocca-e-pistacchio\/\",\"url\":\"https:\/\/vincentedelicacies.com\/prodotto\/jardina-ananas-albicocca-e-pistacchio\/\",\"name\":\"Jardina \u2013 Colomba artigianale con Ananas, Albicocca e Pistacchio di Sicilia 750g - Vincente Delicacies\",\"isPartOf\":{\"@id\":\"https:\/\/vincentedelicacies.com\/#website\"},\"primaryImageOfPage\":{\"@id\":\"https:\/\/vincentedelicacies.com\/prodotto\/jardina-ananas-albicocca-e-pistacchio\/#primaryimage\"},\"image\":{\"@id\":\"https:\/\/vincentedelicacies.com\/prodotto\/jardina-ananas-albicocca-e-pistacchio\/#primaryimage\"},\"thumbnailUrl\":\"https:\/\/vincentedelicacies.com\/wp-content\/uploads\/2021\/06\/JARDINA-2.jpg\",\"datePublished\":\"2021-06-24T06:27:38+00:00\",\"dateModified\":\"2023-03-20T09:32:13+00:00\",\"description\":\"La colomba artigianale Jardina, farcita con canditi di ananas e albicocche \u00e8 ricoperta da una glassa al pistacchio di Sicilia e granella di zucchero. Jardina, presentata con il tipico incarto bianco Vincente, \u00e8 un dolce che unisce il sapore fruttato dell\u2019ananas e delle albicocche al gusto soave e avvolgente della glassatura al pistacchio.\",\"breadcrumb\":{\"@id\":\"https:\/\/vincentedelicacies.com\/prodotto\/jardina-ananas-albicocca-e-pistacchio\/#breadcrumb\"},\"inLanguage\":\"fr-FR\",\"potentialAction\":[{\"@type\":\"ReadAction\",\"target\":[\"https:\/\/vincentedelicacies.com\/prodotto\/jardina-ananas-albicocca-e-pistacchio\/\"]}]},{\"@type\":\"ImageObject\",\"inLanguage\":\"fr-FR\",\"@id\":\"https:\/\/vincentedelicacies.com\/prodotto\/jardina-ananas-albicocca-e-pistacchio\/#primaryimage\",\"url\":\"https:\/\/vincentedelicacies.com\/wp-content\/uploads\/2021\/06\/JARDINA-2.jpg\",\"contentUrl\":\"https:\/\/vincentedelicacies.com\/wp-content\/uploads\/2021\/06\/JARDINA-2.jpg\",\"width\":890,\"height\":899,\"caption\":\"Jardina \u2013 Colomba artigianale con Ananas, Albicocca e Pistacchio di Sicilia 750g\"},{\"@type\":\"BreadcrumbList\",\"@id\":\"https:\/\/vincentedelicacies.com\/prodotto\/jardina-ananas-albicocca-e-pistacchio\/#breadcrumb\",\"itemListElement\":[{\"@type\":\"ListItem\",\"position\":1,\"name\":\"Home\",\"item\":\"https:\/\/vincentedelicacies.com\/\"},{\"@type\":\"ListItem\",\"position\":2,\"name\":\"Prodotti\",\"item\":\"https:\/\/vincentedelicacies.com\/shop1__trashed\/\"},{\"@type\":\"ListItem\",\"position\":3,\"name\":\"Jardina \u2013 Colomba artigianale con Ananas, Albicocca e Pistacchio di Sicilia 750g\"}]},{\"@type\":\"WebSite\",\"@id\":\"https:\/\/vincentedelicacies.com\/#website\",\"url\":\"https:\/\/vincentedelicacies.com\/\",\"name\":\"Vincente Delicacies\",\"description\":\"Un grande laboratorio di pasticceria\",\"publisher\":{\"@id\":\"https:\/\/vincentedelicacies.com\/#organization\"},\"potentialAction\":[{\"@type\":\"SearchAction\",\"target\":{\"@type\":\"EntryPoint\",\"urlTemplate\":\"https:\/\/vincentedelicacies.com\/?s={search_term_string}\"},\"query-input\":{\"@type\":\"PropertyValueSpecification\",\"valueRequired\":true,\"valueName\":\"search_term_string\"}}],\"inLanguage\":\"fr-FR\"},{\"@type\":\"Organization\",\"@id\":\"https:\/\/vincentedelicacies.com\/#organization\",\"name\":\"Vincente Delicacies\",\"url\":\"https:\/\/vincentedelicacies.com\/\",\"logo\":{\"@type\":\"ImageObject\",\"inLanguage\":\"fr-FR\",\"@id\":\"https:\/\/vincentedelicacies.com\/#\/schema\/logo\/image\/\",\"url\":\"https:\/\/vincentedelicacies.com\/wp-content\/uploads\/2021\/06\/logo.png\",\"contentUrl\":\"https:\/\/vincentedelicacies.com\/wp-content\/uploads\/2021\/06\/logo.png\",\"width\":159,\"height\":47,\"caption\":\"Vincente Delicacies\"},\"image\":{\"@id\":\"https:\/\/vincentedelicacies.com\/#\/schema\/logo\/image\/\"}}]}<\/script>\n<!-- \/ Yoast SEO Premium plugin. -->","yoast_head_json":{"title":"Jardina \u2013 Colomba artigianale con Ananas, Albicocca e Pistacchio di Sicilia 750g - Vincente Delicacies","description":"La colomba artigianale Jardina, farcita con canditi di ananas e albicocche \u00e8 ricoperta da una glassa al pistacchio di Sicilia e granella di zucchero. Jardina, presentata con il tipico incarto bianco Vincente, \u00e8 un dolce che unisce il sapore fruttato dell\u2019ananas e delle albicocche al gusto soave e avvolgente della glassatura al pistacchio.","robots":{"index":"index","follow":"follow","max-snippet":"max-snippet:-1","max-image-preview":"max-image-preview:large","max-video-preview":"max-video-preview:-1"},"canonical":"https:\/\/vincentedelicacies.com\/fr\/produit\/jardina-ananas-abricot-et-pistache\/","og_locale":"fr_FR","og_type":"article","og_title":"Jardina \u2013 Colomba artigianale con Ananas, Albicocca e Pistacchio di Sicilia 750g","og_description":"La colomba artigianale Jardina, farcita con canditi di ananas e albicocche \u00e8 ricoperta da una glassa al pistacchio di Sicilia e granella di zucchero. Jardina, presentata con il tipico incarto bianco Vincente, \u00e8 un dolce che unisce il sapore fruttato dell\u2019ananas e delle albicocche al gusto soave e avvolgente della glassatura al pistacchio.","og_url":"https:\/\/vincentedelicacies.com\/fr\/produit\/jardina-ananas-abricot-et-pistache\/","og_site_name":"Vincente Delicacies","article_modified_time":"2023-03-20T09:32:13+00:00","og_image":[{"width":890,"height":899,"url":"https:\/\/vincentedelicacies.com\/wp-content\/uploads\/2021\/06\/JARDINA-2.jpg","type":"image\/jpeg"}],"twitter_card":"summary_large_image","twitter_misc":{"Dur\u00e9e de lecture estim\u00e9e":"1 minute"},"schema":{"@context":"https:\/\/schema.org","@graph":[{"@type":"WebPage","@id":"https:\/\/vincentedelicacies.com\/prodotto\/jardina-ananas-albicocca-e-pistacchio\/","url":"https:\/\/vincentedelicacies.com\/prodotto\/jardina-ananas-albicocca-e-pistacchio\/","name":"Jardina \u2013 Colomba artigianale con Ananas, Albicocca e Pistacchio di Sicilia 750g - Vincente Delicacies","isPartOf":{"@id":"https:\/\/vincentedelicacies.com\/#website"},"primaryImageOfPage":{"@id":"https:\/\/vincentedelicacies.com\/prodotto\/jardina-ananas-albicocca-e-pistacchio\/#primaryimage"},"image":{"@id":"https:\/\/vincentedelicacies.com\/prodotto\/jardina-ananas-albicocca-e-pistacchio\/#primaryimage"},"thumbnailUrl":"https:\/\/vincentedelicacies.com\/wp-content\/uploads\/2021\/06\/JARDINA-2.jpg","datePublished":"2021-06-24T06:27:38+00:00","dateModified":"2023-03-20T09:32:13+00:00","description":"La colomba artigianale Jardina, farcita con canditi di ananas e albicocche \u00e8 ricoperta da una glassa al pistacchio di Sicilia e granella di zucchero. Jardina, presentata con il tipico incarto bianco Vincente, \u00e8 un dolce che unisce il sapore fruttato dell\u2019ananas e delle albicocche al gusto soave e avvolgente della glassatura al pistacchio.","breadcrumb":{"@id":"https:\/\/vincentedelicacies.com\/prodotto\/jardina-ananas-albicocca-e-pistacchio\/#breadcrumb"},"inLanguage":"fr-FR","potentialAction":[{"@type":"ReadAction","target":["https:\/\/vincentedelicacies.com\/prodotto\/jardina-ananas-albicocca-e-pistacchio\/"]}]},{"@type":"ImageObject","inLanguage":"fr-FR","@id":"https:\/\/vincentedelicacies.com\/prodotto\/jardina-ananas-albicocca-e-pistacchio\/#primaryimage","url":"https:\/\/vincentedelicacies.com\/wp-content\/uploads\/2021\/06\/JARDINA-2.jpg","contentUrl":"https:\/\/vincentedelicacies.com\/wp-content\/uploads\/2021\/06\/JARDINA-2.jpg","width":890,"height":899,"caption":"Jardina \u2013 Colomba artigianale con Ananas, Albicocca e Pistacchio di Sicilia 750g"},{"@type":"BreadcrumbList","@id":"https:\/\/vincentedelicacies.com\/prodotto\/jardina-ananas-albicocca-e-pistacchio\/#breadcrumb","itemListElement":[{"@type":"ListItem","position":1,"name":"Home","item":"https:\/\/vincentedelicacies.com\/"},{"@type":"ListItem","position":2,"name":"Prodotti","item":"https:\/\/vincentedelicacies.com\/shop1__trashed\/"},{"@type":"ListItem","position":3,"name":"Jardina \u2013 Colomba artigianale con Ananas, Albicocca e Pistacchio di Sicilia 750g"}]},{"@type":"WebSite","@id":"https:\/\/vincentedelicacies.com\/#website","url":"https:\/\/vincentedelicacies.com\/","name":"Vincente Delicacies","description":"Un grande laboratorio di pasticceria","publisher":{"@id":"https:\/\/vincentedelicacies.com\/#organization"},"potentialAction":[{"@type":"SearchAction","target":{"@type":"EntryPoint","urlTemplate":"https:\/\/vincentedelicacies.com\/?s={search_term_string}"},"query-input":{"@type":"PropertyValueSpecification","valueRequired":true,"valueName":"search_term_string"}}],"inLanguage":"fr-FR"},{"@type":"Organization","@id":"https:\/\/vincentedelicacies.com\/#organization","name":"Vincente Delicacies","url":"https:\/\/vincentedelicacies.com\/","logo":{"@type":"ImageObject","inLanguage":"fr-FR","@id":"https:\/\/vincentedelicacies.com\/#\/schema\/logo\/image\/","url":"https:\/\/vincentedelicacies.com\/wp-content\/uploads\/2021\/06\/logo.png","contentUrl":"https:\/\/vincentedelicacies.com\/wp-content\/uploads\/2021\/06\/logo.png","width":159,"height":47,"caption":"Vincente Delicacies"},"image":{"@id":"https:\/\/vincentedelicacies.com\/#\/schema\/logo\/image\/"}}]}},"_links":{"self":[{"href":"https:\/\/vincentedelicacies.com\/fr\/wp-json\/wp\/v2\/product\/2569","targetHints":{"allow":["GET"]}}],"collection":[{"href":"https:\/\/vincentedelicacies.com\/fr\/wp-json\/wp\/v2\/product"}],"about":[{"href":"https:\/\/vincentedelicacies.com\/fr\/wp-json\/wp\/v2\/types\/product"}],"replies":[{"embeddable":true,"href":"https:\/\/vincentedelicacies.com\/fr\/wp-json\/wp\/v2\/comments?post=2569"}],"wp:featuredmedia":[{"embeddable":true,"href":"https:\/\/vincentedelicacies.com\/fr\/wp-json\/wp\/v2\/media\/14402"}],"wp:attachment":[{"href":"https:\/\/vincentedelicacies.com\/fr\/wp-json\/wp\/v2\/media?parent=2569"}],"wp:term":[{"taxonomy":"product_brand","embeddable":true,"href":"https:\/\/vincentedelicacies.com\/fr\/wp-json\/wp\/v2\/product_brand?post=2569"},{"taxonomy":"product_cat","embeddable":true,"href":"https:\/\/vincentedelicacies.com\/fr\/wp-json\/wp\/v2\/product_cat?post=2569"},{"taxonomy":"product_tag","embeddable":true,"href":"https:\/\/vincentedelicacies.com\/fr\/wp-json\/wp\/v2\/product_tag?post=2569"}],"curies":[{"name":"wp","href":"https:\/\/api.w.org\/{rel}","templated":true}]}}