{"id":2549,"date":"2021-06-24T05:59:09","date_gmt":"2021-06-24T05:59:09","guid":{"rendered":"https:\/\/vincentedelicacies.com\/?post_type=product&#038;p=2549"},"modified":"2023-04-04T13:31:48","modified_gmt":"2023-04-04T13:31:48","slug":"moresca-enrobee-de-chocolat-noir-et-de-creme-de-pistache","status":"publish","type":"product","link":"https:\/\/vincentedelicacies.com\/fr\/produit\/moresca-enrobee-de-chocolat-noir-et-de-creme-de-pistache\/","title":{"rendered":"Moresca - Colomba Pandorata artisanale recouverte de chocolat noir et de pistaches, farcie de cr\u00e8me de pistache verte de Bronte D.O.P 900g"},"content":{"rendered":"<p>Ingr\u00e9dients : Farine de <strong>BLE, BEURRE<\/strong>sucre, jaune d'\u0153uf, levure naturelle (farine de ma\u00efs) <strong>FRUMENTO<\/strong>eau), \u00e9mulsifiants : mono et diglyc\u00e9rides d'acides gras, sirop de glucose, <strong>LAIT<\/strong> lait \u00e9cr\u00e9m\u00e9 en poudre, beurre de cacao, miel, ar\u00f4me naturel, sel. Garniture : cr\u00e8me avec <strong>PISTACHO<\/strong> avec\" <strong>PISTACHO<\/strong> verde di Bronte AOP\" 16% (sucre, \"<strong>PISTACHO<\/strong> verde di Bronte PDO' 20%, <strong>LAIT<\/strong> poudre, lactos\u00e9rum de <strong>LAIT<\/strong> poudre, graisses v\u00e9g\u00e9tales non hydrog\u00e9n\u00e9es (huile de tournesol, huile de coco, beurre de cacao), \u00e9mulsifiant : l\u00e9cithine de cacao <strong>SOYA<\/strong>(p\u00e2te de cacao, sucre, beurre de cacao, \u00e9mulsifiant : l\u00e9cithine de cacao), ar\u00f4mes, alcool hydrat\u00e9, colorant : E141). Enrobage : chocolat noir extra 8% (p\u00e2te de cacao, sucre, beurre de cacao, \u00e9mulsifiant : l\u00e9cithine de cacao), colorant : E141. <strong>SOYA<\/strong>ar\u00f4me naturel de vanille), grains de '<strong>PISTACHO<\/strong> verde di Bronte DOP' 5%. Peut contenir <strong>AMANDES, NOISETTES, MOUTARDE ET LUPIN.<\/strong><\/p>","protected":false},"excerpt":{"rendered":"<p>Moresca, une colomba artisanale recouverte d'un gla\u00e7age au chocolat noir extra 70% parsem\u00e9 de grains de pistache de Sicile et \u00e0 l'int\u00e9rieur d'une p\u00e2te molle fourr\u00e9e \u00e0 la cr\u00e8me de pistache. Un dessert artisanal et unique gr\u00e2ce \u00e0 la combinaison du chocolat noir extra et de la pistache sicilienne.<\/p>","protected":false},"featured_media":14406,"comment_status":"open","ping_status":"closed","template":"","meta":[],"product_brand":[],"product_cat":[46,109],"product_tag":[],"class_list":{"0":"post-2549","1":"product","2":"type-product","3":"status-publish","4":"has-post-thumbnail","6":"product_cat-pasqua","7":"product_cat-linea-fastuca","9":"first","10":"outofstock","11":"shipping-taxable","12":"product-type-simple"},"yoast_head":"<!-- This site is optimized with the Yoast SEO Premium plugin v21.8 (Yoast SEO v26.6) - https:\/\/yoast.com\/wordpress\/plugins\/seo\/ -->\n<title>Moresca \u2013 Colomba artigianale pandorata ricoperta di Cioccolato Fondente e Pistacchio Farcita con Crema di Pistacchio Verde di Bronte D.O.P 900g - Vincente Delicacies<\/title>\n<meta name=\"description\" content=\"Moresca, una colomba artigianale ricoperta da una glassa al cioccolato extra fondente al 70% con una spolverata di granella di pistacchio siciliano e all\u2019interno un morbido impasto farcito con crema al pistacchio. Dolce artigianale e unico grazie all\u2019unione del cioccolato extra fondente e del pistacchio di Sicilia.\" \/>\n<meta name=\"robots\" content=\"index, follow, max-snippet:-1, max-image-preview:large, max-video-preview:-1\" \/>\n<link rel=\"canonical\" href=\"https:\/\/vincentedelicacies.com\/fr\/produit\/moresca-enrobee-de-chocolat-noir-et-de-creme-de-pistache\/\" \/>\n<meta property=\"og:locale\" content=\"fr_FR\" \/>\n<meta property=\"og:type\" content=\"article\" \/>\n<meta property=\"og:title\" content=\"Moresca \u2013 Colomba artigianale pandorata ricoperta di Cioccolato Fondente e Pistacchio Farcita con Crema di Pistacchio Verde di Bronte D.O.P 900g\" \/>\n<meta property=\"og:description\" content=\"Moresca, una colomba artigianale ricoperta da una glassa al cioccolato extra fondente al 70% con una spolverata di granella di pistacchio siciliano e all\u2019interno un morbido impasto farcito con crema al pistacchio. Dolce artigianale e unico grazie all\u2019unione del cioccolato extra fondente e del pistacchio di Sicilia.\" \/>\n<meta property=\"og:url\" content=\"https:\/\/vincentedelicacies.com\/fr\/produit\/moresca-enrobee-de-chocolat-noir-et-de-creme-de-pistache\/\" \/>\n<meta property=\"og:site_name\" content=\"Vincente Delicacies\" \/>\n<meta property=\"article:modified_time\" content=\"2023-04-04T13:31:48+00:00\" \/>\n<meta property=\"og:image\" content=\"https:\/\/vincentedelicacies.com\/wp-content\/uploads\/2021\/06\/MORESCA-2.jpg\" \/>\n\t<meta property=\"og:image:width\" content=\"890\" \/>\n\t<meta property=\"og:image:height\" content=\"899\" \/>\n\t<meta property=\"og:image:type\" content=\"image\/jpeg\" \/>\n<meta name=\"twitter:card\" content=\"summary_large_image\" \/>\n<meta name=\"twitter:label1\" content=\"Dur\u00e9e de lecture estim\u00e9e\" \/>\n\t<meta name=\"twitter:data1\" content=\"1 minute\" \/>\n<script type=\"application\/ld+json\" class=\"yoast-schema-graph\">{\"@context\":\"https:\/\/schema.org\",\"@graph\":[{\"@type\":\"WebPage\",\"@id\":\"https:\/\/vincentedelicacies.com\/prodotto\/moresca-ricoperta-di-cioccolato-fondente-e-pistacchio-farcita-con-crema-di-pistacchio\/\",\"url\":\"https:\/\/vincentedelicacies.com\/prodotto\/moresca-ricoperta-di-cioccolato-fondente-e-pistacchio-farcita-con-crema-di-pistacchio\/\",\"name\":\"Moresca \u2013 Colomba artigianale pandorata ricoperta di Cioccolato Fondente e Pistacchio Farcita con Crema di Pistacchio Verde di Bronte D.O.P 900g - Vincente Delicacies\",\"isPartOf\":{\"@id\":\"https:\/\/vincentedelicacies.com\/#website\"},\"primaryImageOfPage\":{\"@id\":\"https:\/\/vincentedelicacies.com\/prodotto\/moresca-ricoperta-di-cioccolato-fondente-e-pistacchio-farcita-con-crema-di-pistacchio\/#primaryimage\"},\"image\":{\"@id\":\"https:\/\/vincentedelicacies.com\/prodotto\/moresca-ricoperta-di-cioccolato-fondente-e-pistacchio-farcita-con-crema-di-pistacchio\/#primaryimage\"},\"thumbnailUrl\":\"https:\/\/vincentedelicacies.com\/wp-content\/uploads\/2021\/06\/MORESCA-2.jpg\",\"datePublished\":\"2021-06-24T05:59:09+00:00\",\"dateModified\":\"2023-04-04T13:31:48+00:00\",\"description\":\"Moresca, una colomba artigianale ricoperta da una glassa al cioccolato extra fondente al 70% con una spolverata di granella di pistacchio siciliano e all\u2019interno un morbido impasto farcito con crema al pistacchio. Dolce artigianale e unico grazie all\u2019unione del cioccolato extra fondente e del pistacchio di Sicilia.\",\"breadcrumb\":{\"@id\":\"https:\/\/vincentedelicacies.com\/prodotto\/moresca-ricoperta-di-cioccolato-fondente-e-pistacchio-farcita-con-crema-di-pistacchio\/#breadcrumb\"},\"inLanguage\":\"fr-FR\",\"potentialAction\":[{\"@type\":\"ReadAction\",\"target\":[\"https:\/\/vincentedelicacies.com\/prodotto\/moresca-ricoperta-di-cioccolato-fondente-e-pistacchio-farcita-con-crema-di-pistacchio\/\"]}]},{\"@type\":\"ImageObject\",\"inLanguage\":\"fr-FR\",\"@id\":\"https:\/\/vincentedelicacies.com\/prodotto\/moresca-ricoperta-di-cioccolato-fondente-e-pistacchio-farcita-con-crema-di-pistacchio\/#primaryimage\",\"url\":\"https:\/\/vincentedelicacies.com\/wp-content\/uploads\/2021\/06\/MORESCA-2.jpg\",\"contentUrl\":\"https:\/\/vincentedelicacies.com\/wp-content\/uploads\/2021\/06\/MORESCA-2.jpg\",\"width\":890,\"height\":899,\"caption\":\"Colomba artigianale pandorata ricoperta di Cioccolato Fondente e Pistacchio Farcita con Crema di Pistacchio Verde di Bronte D.O.P 900g\"},{\"@type\":\"BreadcrumbList\",\"@id\":\"https:\/\/vincentedelicacies.com\/prodotto\/moresca-ricoperta-di-cioccolato-fondente-e-pistacchio-farcita-con-crema-di-pistacchio\/#breadcrumb\",\"itemListElement\":[{\"@type\":\"ListItem\",\"position\":1,\"name\":\"Home\",\"item\":\"https:\/\/vincentedelicacies.com\/\"},{\"@type\":\"ListItem\",\"position\":2,\"name\":\"Prodotti\",\"item\":\"https:\/\/vincentedelicacies.com\/shop1__trashed\/\"},{\"@type\":\"ListItem\",\"position\":3,\"name\":\"Moresca \u2013 Colomba artigianale pandorata ricoperta di Cioccolato Fondente e Pistacchio Farcita con Crema di Pistacchio Verde di Bronte D.O.P 900g\"}]},{\"@type\":\"WebSite\",\"@id\":\"https:\/\/vincentedelicacies.com\/#website\",\"url\":\"https:\/\/vincentedelicacies.com\/\",\"name\":\"Vincente Delicacies\",\"description\":\"Un grande laboratorio di pasticceria\",\"publisher\":{\"@id\":\"https:\/\/vincentedelicacies.com\/#organization\"},\"potentialAction\":[{\"@type\":\"SearchAction\",\"target\":{\"@type\":\"EntryPoint\",\"urlTemplate\":\"https:\/\/vincentedelicacies.com\/?s={search_term_string}\"},\"query-input\":{\"@type\":\"PropertyValueSpecification\",\"valueRequired\":true,\"valueName\":\"search_term_string\"}}],\"inLanguage\":\"fr-FR\"},{\"@type\":\"Organization\",\"@id\":\"https:\/\/vincentedelicacies.com\/#organization\",\"name\":\"Vincente Delicacies\",\"url\":\"https:\/\/vincentedelicacies.com\/\",\"logo\":{\"@type\":\"ImageObject\",\"inLanguage\":\"fr-FR\",\"@id\":\"https:\/\/vincentedelicacies.com\/#\/schema\/logo\/image\/\",\"url\":\"https:\/\/vincentedelicacies.com\/wp-content\/uploads\/2021\/06\/logo.png\",\"contentUrl\":\"https:\/\/vincentedelicacies.com\/wp-content\/uploads\/2021\/06\/logo.png\",\"width\":159,\"height\":47,\"caption\":\"Vincente Delicacies\"},\"image\":{\"@id\":\"https:\/\/vincentedelicacies.com\/#\/schema\/logo\/image\/\"}}]}<\/script>\n<!-- \/ Yoast SEO Premium plugin. -->","yoast_head_json":{"title":"Moresca \u2013 Colomba artigianale pandorata ricoperta di Cioccolato Fondente e Pistacchio Farcita con Crema di Pistacchio Verde di Bronte D.O.P 900g - Vincente Delicacies","description":"Moresca, una colomba artigianale ricoperta da una glassa al cioccolato extra fondente al 70% con una spolverata di granella di pistacchio siciliano e all\u2019interno un morbido impasto farcito con crema al pistacchio. Dolce artigianale e unico grazie all\u2019unione del cioccolato extra fondente e del pistacchio di Sicilia.","robots":{"index":"index","follow":"follow","max-snippet":"max-snippet:-1","max-image-preview":"max-image-preview:large","max-video-preview":"max-video-preview:-1"},"canonical":"https:\/\/vincentedelicacies.com\/fr\/produit\/moresca-enrobee-de-chocolat-noir-et-de-creme-de-pistache\/","og_locale":"fr_FR","og_type":"article","og_title":"Moresca \u2013 Colomba artigianale pandorata ricoperta di Cioccolato Fondente e Pistacchio Farcita con Crema di Pistacchio Verde di Bronte D.O.P 900g","og_description":"Moresca, una colomba artigianale ricoperta da una glassa al cioccolato extra fondente al 70% con una spolverata di granella di pistacchio siciliano e all\u2019interno un morbido impasto farcito con crema al pistacchio. Dolce artigianale e unico grazie all\u2019unione del cioccolato extra fondente e del pistacchio di Sicilia.","og_url":"https:\/\/vincentedelicacies.com\/fr\/produit\/moresca-enrobee-de-chocolat-noir-et-de-creme-de-pistache\/","og_site_name":"Vincente Delicacies","article_modified_time":"2023-04-04T13:31:48+00:00","og_image":[{"width":890,"height":899,"url":"https:\/\/vincentedelicacies.com\/wp-content\/uploads\/2021\/06\/MORESCA-2.jpg","type":"image\/jpeg"}],"twitter_card":"summary_large_image","twitter_misc":{"Dur\u00e9e de lecture estim\u00e9e":"1 minute"},"schema":{"@context":"https:\/\/schema.org","@graph":[{"@type":"WebPage","@id":"https:\/\/vincentedelicacies.com\/prodotto\/moresca-ricoperta-di-cioccolato-fondente-e-pistacchio-farcita-con-crema-di-pistacchio\/","url":"https:\/\/vincentedelicacies.com\/prodotto\/moresca-ricoperta-di-cioccolato-fondente-e-pistacchio-farcita-con-crema-di-pistacchio\/","name":"Moresca \u2013 Colomba artigianale pandorata ricoperta di Cioccolato Fondente e Pistacchio Farcita con Crema di Pistacchio Verde di Bronte D.O.P 900g - Vincente Delicacies","isPartOf":{"@id":"https:\/\/vincentedelicacies.com\/#website"},"primaryImageOfPage":{"@id":"https:\/\/vincentedelicacies.com\/prodotto\/moresca-ricoperta-di-cioccolato-fondente-e-pistacchio-farcita-con-crema-di-pistacchio\/#primaryimage"},"image":{"@id":"https:\/\/vincentedelicacies.com\/prodotto\/moresca-ricoperta-di-cioccolato-fondente-e-pistacchio-farcita-con-crema-di-pistacchio\/#primaryimage"},"thumbnailUrl":"https:\/\/vincentedelicacies.com\/wp-content\/uploads\/2021\/06\/MORESCA-2.jpg","datePublished":"2021-06-24T05:59:09+00:00","dateModified":"2023-04-04T13:31:48+00:00","description":"Moresca, una colomba artigianale ricoperta da una glassa al cioccolato extra fondente al 70% con una spolverata di granella di pistacchio siciliano e all\u2019interno un morbido impasto farcito con crema al pistacchio. Dolce artigianale e unico grazie all\u2019unione del cioccolato extra fondente e del pistacchio di Sicilia.","breadcrumb":{"@id":"https:\/\/vincentedelicacies.com\/prodotto\/moresca-ricoperta-di-cioccolato-fondente-e-pistacchio-farcita-con-crema-di-pistacchio\/#breadcrumb"},"inLanguage":"fr-FR","potentialAction":[{"@type":"ReadAction","target":["https:\/\/vincentedelicacies.com\/prodotto\/moresca-ricoperta-di-cioccolato-fondente-e-pistacchio-farcita-con-crema-di-pistacchio\/"]}]},{"@type":"ImageObject","inLanguage":"fr-FR","@id":"https:\/\/vincentedelicacies.com\/prodotto\/moresca-ricoperta-di-cioccolato-fondente-e-pistacchio-farcita-con-crema-di-pistacchio\/#primaryimage","url":"https:\/\/vincentedelicacies.com\/wp-content\/uploads\/2021\/06\/MORESCA-2.jpg","contentUrl":"https:\/\/vincentedelicacies.com\/wp-content\/uploads\/2021\/06\/MORESCA-2.jpg","width":890,"height":899,"caption":"Colomba artigianale pandorata ricoperta di Cioccolato Fondente e Pistacchio Farcita con Crema di Pistacchio Verde di Bronte D.O.P 900g"},{"@type":"BreadcrumbList","@id":"https:\/\/vincentedelicacies.com\/prodotto\/moresca-ricoperta-di-cioccolato-fondente-e-pistacchio-farcita-con-crema-di-pistacchio\/#breadcrumb","itemListElement":[{"@type":"ListItem","position":1,"name":"Home","item":"https:\/\/vincentedelicacies.com\/"},{"@type":"ListItem","position":2,"name":"Prodotti","item":"https:\/\/vincentedelicacies.com\/shop1__trashed\/"},{"@type":"ListItem","position":3,"name":"Moresca \u2013 Colomba artigianale pandorata ricoperta di Cioccolato Fondente e Pistacchio Farcita con Crema di Pistacchio Verde di Bronte D.O.P 900g"}]},{"@type":"WebSite","@id":"https:\/\/vincentedelicacies.com\/#website","url":"https:\/\/vincentedelicacies.com\/","name":"Vincente Delicacies","description":"Un grande laboratorio di pasticceria","publisher":{"@id":"https:\/\/vincentedelicacies.com\/#organization"},"potentialAction":[{"@type":"SearchAction","target":{"@type":"EntryPoint","urlTemplate":"https:\/\/vincentedelicacies.com\/?s={search_term_string}"},"query-input":{"@type":"PropertyValueSpecification","valueRequired":true,"valueName":"search_term_string"}}],"inLanguage":"fr-FR"},{"@type":"Organization","@id":"https:\/\/vincentedelicacies.com\/#organization","name":"Vincente Delicacies","url":"https:\/\/vincentedelicacies.com\/","logo":{"@type":"ImageObject","inLanguage":"fr-FR","@id":"https:\/\/vincentedelicacies.com\/#\/schema\/logo\/image\/","url":"https:\/\/vincentedelicacies.com\/wp-content\/uploads\/2021\/06\/logo.png","contentUrl":"https:\/\/vincentedelicacies.com\/wp-content\/uploads\/2021\/06\/logo.png","width":159,"height":47,"caption":"Vincente Delicacies"},"image":{"@id":"https:\/\/vincentedelicacies.com\/#\/schema\/logo\/image\/"}}]}},"_links":{"self":[{"href":"https:\/\/vincentedelicacies.com\/fr\/wp-json\/wp\/v2\/product\/2549","targetHints":{"allow":["GET"]}}],"collection":[{"href":"https:\/\/vincentedelicacies.com\/fr\/wp-json\/wp\/v2\/product"}],"about":[{"href":"https:\/\/vincentedelicacies.com\/fr\/wp-json\/wp\/v2\/types\/product"}],"replies":[{"embeddable":true,"href":"https:\/\/vincentedelicacies.com\/fr\/wp-json\/wp\/v2\/comments?post=2549"}],"wp:featuredmedia":[{"embeddable":true,"href":"https:\/\/vincentedelicacies.com\/fr\/wp-json\/wp\/v2\/media\/14406"}],"wp:attachment":[{"href":"https:\/\/vincentedelicacies.com\/fr\/wp-json\/wp\/v2\/media?parent=2549"}],"wp:term":[{"taxonomy":"product_brand","embeddable":true,"href":"https:\/\/vincentedelicacies.com\/fr\/wp-json\/wp\/v2\/product_brand?post=2549"},{"taxonomy":"product_cat","embeddable":true,"href":"https:\/\/vincentedelicacies.com\/fr\/wp-json\/wp\/v2\/product_cat?post=2549"},{"taxonomy":"product_tag","embeddable":true,"href":"https:\/\/vincentedelicacies.com\/fr\/wp-json\/wp\/v2\/product_tag?post=2549"}],"curies":[{"name":"wp","href":"https:\/\/api.w.org\/{rel}","templated":true}]}}