{"id":2536,"date":"2021-06-23T14:07:34","date_gmt":"2021-06-23T14:07:34","guid":{"rendered":"https:\/\/vincentedelicacies.com\/?post_type=product&#038;p=2536"},"modified":"2023-03-21T08:21:49","modified_gmt":"2023-03-21T08:21:49","slug":"colomba-au-chocolat-noir-et-a-lorange-sanguine-avec-un-pot-de-marmelade-dorange-sanguine","status":"publish","type":"product","link":"https:\/\/vincentedelicacies.com\/fr\/produit\/colomba-au-chocolat-noir-et-a-lorange-sanguine-avec-un-pot-de-marmelade-dorange-sanguine\/","title":{"rendered":"Colomba Ensamble - Chocolat noir et orange rouge avec pot de marmelade d'orange rouge 750g + 180g"},"content":{"rendered":"<p>Ingr\u00e9dients : farine de <strong>FRUMENTO<\/strong>\u00e9corce d'orange sanguine confite 20% (\u00e9corce d'orange, sirop de glucose-fructose, sucre, acidifiant : acide citrique E330), <strong>BEURRE<\/strong>sucre, jaune d'\u0153uf, p\u00e9pites de chocolat extra noir 6% (p\u00e2te de cacao, sucre, \u00e9mulsifiant : l\u00e9cithine de cacao) <strong>SOYA<\/strong>ar\u00f4me naturel de vanille), levure naturelle (farine de <strong>FRUMENTO<\/strong>eau), \u00e9mulsifiants : mono et diglyc\u00e9rides d'acides gras, sirop de glucose, <strong>LAIT<\/strong> poudre de cacao \u00e9cr\u00e9m\u00e9, beurre de cacao, miel, ar\u00f4me naturel, sel. Enrobage : chocolat noir extra 8% (p\u00e2te de cacao, sucre, beurre de cacao, \u00e9mulsifiant : l\u00e9cithine de cacao), ar\u00f4me naturel, sel. <strong>SOYA<\/strong>ar\u00f4me naturel de vanille), cubes d'orange confite 1% (cubes d'orange, sirop de glucose-fructose, sucre, acidifiant : acide citrique E330), sucre cristallis\u00e9. Peut contenir <strong>PISTACHES, AMANDES, NOISETTES, MOUTARDE ET LUPIN. ORANGE ORIGINE : ITALIE MARMELADE D'ORANGE SANGUINE<\/strong>- Ingr\u00e9dients : sucre, orange sanguine avec \u00e9corce, g\u00e9lifiant : pectine de fruits, r\u00e9gulateur d'acidit\u00e9 : acide citrique.<\/p>","protected":false},"excerpt":{"rendered":"<p>Ingr\u00e9dients : farine de BLE, \u00e9corces d'orange sanguine confites 20% (\u00e9corces d'orange, sirop d'orange sanguine, sirop de sucre,...<\/p>","protected":false},"featured_media":14370,"comment_status":"open","ping_status":"closed","template":"","meta":[],"product_brand":[],"product_cat":[46,113],"product_tag":[],"class_list":{"0":"post-2536","1":"product","2":"type-product","3":"status-publish","4":"has-post-thumbnail","6":"product_cat-pasqua","7":"product_cat-colomba-vasetto","9":"first","10":"outofstock","11":"shipping-taxable","12":"product-type-simple"},"yoast_head":"<!-- This site is optimized with the Yoast SEO Premium plugin v21.8 (Yoast SEO v26.6) - https:\/\/yoast.com\/wordpress\/plugins\/seo\/ -->\n<title>Colomba Ensamble - Cioccolato Fondente e Arancia Rossa con Vasetto di Marmellata di Arancia Rossa 750g + 180g - Vincente Delicacies<\/title>\n<meta name=\"description\" content=\"Ingredienti: farina di FRUMENTO, scorze di arance rosse candite 20% (scorze di arancia, sciroppo di glucosio-fruttosio, zucchero, acidificante: acido\" \/>\n<meta name=\"robots\" content=\"index, follow, max-snippet:-1, max-image-preview:large, max-video-preview:-1\" \/>\n<link rel=\"canonical\" href=\"https:\/\/vincentedelicacies.com\/fr\/produit\/colomba-au-chocolat-noir-et-a-lorange-sanguine-avec-un-pot-de-marmelade-dorange-sanguine\/\" \/>\n<meta property=\"og:locale\" content=\"fr_FR\" \/>\n<meta property=\"og:type\" content=\"article\" \/>\n<meta property=\"og:title\" content=\"Colomba Ensamble - Cioccolato Fondente e Arancia Rossa con Vasetto di Marmellata di Arancia Rossa 750g + 180g\" \/>\n<meta property=\"og:description\" content=\"Ingredienti: farina di FRUMENTO, scorze di arance rosse candite 20% (scorze di arancia, sciroppo di glucosio-fruttosio, zucchero, acidificante: acido\" \/>\n<meta property=\"og:url\" content=\"https:\/\/vincentedelicacies.com\/fr\/produit\/colomba-au-chocolat-noir-et-a-lorange-sanguine-avec-un-pot-de-marmelade-dorange-sanguine\/\" \/>\n<meta property=\"og:site_name\" content=\"Vincente Delicacies\" \/>\n<meta property=\"article:modified_time\" content=\"2023-03-21T08:21:49+00:00\" \/>\n<meta property=\"og:image\" content=\"https:\/\/vincentedelicacies.com\/wp-content\/uploads\/2021\/06\/ensamble-arancia-rossa-e-ciocc-fondente.jpg\" \/>\n\t<meta property=\"og:image:width\" content=\"890\" \/>\n\t<meta property=\"og:image:height\" content=\"899\" \/>\n\t<meta property=\"og:image:type\" content=\"image\/jpeg\" \/>\n<meta name=\"twitter:card\" content=\"summary_large_image\" \/>\n<meta name=\"twitter:label1\" content=\"Dur\u00e9e de lecture estim\u00e9e\" \/>\n\t<meta name=\"twitter:data1\" content=\"1 minute\" \/>\n<script type=\"application\/ld+json\" class=\"yoast-schema-graph\">{\"@context\":\"https:\/\/schema.org\",\"@graph\":[{\"@type\":\"WebPage\",\"@id\":\"https:\/\/vincentedelicacies.com\/prodotto\/colomba-cioccolato-fondente-e-arancia-rossa-con-vasetto-di-marmellata-di-arancia-rossa\/\",\"url\":\"https:\/\/vincentedelicacies.com\/prodotto\/colomba-cioccolato-fondente-e-arancia-rossa-con-vasetto-di-marmellata-di-arancia-rossa\/\",\"name\":\"Colomba Ensamble - Cioccolato Fondente e Arancia Rossa con Vasetto di Marmellata di Arancia Rossa 750g + 180g - Vincente Delicacies\",\"isPartOf\":{\"@id\":\"https:\/\/vincentedelicacies.com\/#website\"},\"primaryImageOfPage\":{\"@id\":\"https:\/\/vincentedelicacies.com\/prodotto\/colomba-cioccolato-fondente-e-arancia-rossa-con-vasetto-di-marmellata-di-arancia-rossa\/#primaryimage\"},\"image\":{\"@id\":\"https:\/\/vincentedelicacies.com\/prodotto\/colomba-cioccolato-fondente-e-arancia-rossa-con-vasetto-di-marmellata-di-arancia-rossa\/#primaryimage\"},\"thumbnailUrl\":\"https:\/\/vincentedelicacies.com\/wp-content\/uploads\/2021\/06\/ensamble-arancia-rossa-e-ciocc-fondente.jpg\",\"datePublished\":\"2021-06-23T14:07:34+00:00\",\"dateModified\":\"2023-03-21T08:21:49+00:00\",\"description\":\"Ingredienti: farina di FRUMENTO, scorze di arance rosse candite 20% (scorze di arancia, sciroppo di glucosio-fruttosio, zucchero, acidificante: acido\",\"breadcrumb\":{\"@id\":\"https:\/\/vincentedelicacies.com\/prodotto\/colomba-cioccolato-fondente-e-arancia-rossa-con-vasetto-di-marmellata-di-arancia-rossa\/#breadcrumb\"},\"inLanguage\":\"fr-FR\",\"potentialAction\":[{\"@type\":\"ReadAction\",\"target\":[\"https:\/\/vincentedelicacies.com\/prodotto\/colomba-cioccolato-fondente-e-arancia-rossa-con-vasetto-di-marmellata-di-arancia-rossa\/\"]}]},{\"@type\":\"ImageObject\",\"inLanguage\":\"fr-FR\",\"@id\":\"https:\/\/vincentedelicacies.com\/prodotto\/colomba-cioccolato-fondente-e-arancia-rossa-con-vasetto-di-marmellata-di-arancia-rossa\/#primaryimage\",\"url\":\"https:\/\/vincentedelicacies.com\/wp-content\/uploads\/2021\/06\/ensamble-arancia-rossa-e-ciocc-fondente.jpg\",\"contentUrl\":\"https:\/\/vincentedelicacies.com\/wp-content\/uploads\/2021\/06\/ensamble-arancia-rossa-e-ciocc-fondente.jpg\",\"width\":890,\"height\":899,\"caption\":\"Colomba artigianale con Ananas, Albicocca e Pistacchio di Sicilia 750g\"},{\"@type\":\"BreadcrumbList\",\"@id\":\"https:\/\/vincentedelicacies.com\/prodotto\/colomba-cioccolato-fondente-e-arancia-rossa-con-vasetto-di-marmellata-di-arancia-rossa\/#breadcrumb\",\"itemListElement\":[{\"@type\":\"ListItem\",\"position\":1,\"name\":\"Home\",\"item\":\"https:\/\/vincentedelicacies.com\/\"},{\"@type\":\"ListItem\",\"position\":2,\"name\":\"Prodotti\",\"item\":\"https:\/\/vincentedelicacies.com\/shop1__trashed\/\"},{\"@type\":\"ListItem\",\"position\":3,\"name\":\"Colomba Ensamble &#8211; Cioccolato Fondente e Arancia Rossa con Vasetto di Marmellata di Arancia Rossa 750g + 180g\"}]},{\"@type\":\"WebSite\",\"@id\":\"https:\/\/vincentedelicacies.com\/#website\",\"url\":\"https:\/\/vincentedelicacies.com\/\",\"name\":\"Vincente Delicacies\",\"description\":\"Un grande laboratorio di pasticceria\",\"publisher\":{\"@id\":\"https:\/\/vincentedelicacies.com\/#organization\"},\"potentialAction\":[{\"@type\":\"SearchAction\",\"target\":{\"@type\":\"EntryPoint\",\"urlTemplate\":\"https:\/\/vincentedelicacies.com\/?s={search_term_string}\"},\"query-input\":{\"@type\":\"PropertyValueSpecification\",\"valueRequired\":true,\"valueName\":\"search_term_string\"}}],\"inLanguage\":\"fr-FR\"},{\"@type\":\"Organization\",\"@id\":\"https:\/\/vincentedelicacies.com\/#organization\",\"name\":\"Vincente Delicacies\",\"url\":\"https:\/\/vincentedelicacies.com\/\",\"logo\":{\"@type\":\"ImageObject\",\"inLanguage\":\"fr-FR\",\"@id\":\"https:\/\/vincentedelicacies.com\/#\/schema\/logo\/image\/\",\"url\":\"https:\/\/vincentedelicacies.com\/wp-content\/uploads\/2021\/06\/logo.png\",\"contentUrl\":\"https:\/\/vincentedelicacies.com\/wp-content\/uploads\/2021\/06\/logo.png\",\"width\":159,\"height\":47,\"caption\":\"Vincente Delicacies\"},\"image\":{\"@id\":\"https:\/\/vincentedelicacies.com\/#\/schema\/logo\/image\/\"}}]}<\/script>\n<!-- \/ Yoast SEO Premium plugin. -->","yoast_head_json":{"title":"Colomba Ensamble - Cioccolato Fondente e Arancia Rossa con Vasetto di Marmellata di Arancia Rossa 750g + 180g - Vincente Delicacies","description":"Ingredienti: farina di FRUMENTO, scorze di arance rosse candite 20% (scorze di arancia, sciroppo di glucosio-fruttosio, zucchero, acidificante: acido","robots":{"index":"index","follow":"follow","max-snippet":"max-snippet:-1","max-image-preview":"max-image-preview:large","max-video-preview":"max-video-preview:-1"},"canonical":"https:\/\/vincentedelicacies.com\/fr\/produit\/colomba-au-chocolat-noir-et-a-lorange-sanguine-avec-un-pot-de-marmelade-dorange-sanguine\/","og_locale":"fr_FR","og_type":"article","og_title":"Colomba Ensamble - Cioccolato Fondente e Arancia Rossa con Vasetto di Marmellata di Arancia Rossa 750g + 180g","og_description":"Ingredienti: farina di FRUMENTO, scorze di arance rosse candite 20% (scorze di arancia, sciroppo di glucosio-fruttosio, zucchero, acidificante: acido","og_url":"https:\/\/vincentedelicacies.com\/fr\/produit\/colomba-au-chocolat-noir-et-a-lorange-sanguine-avec-un-pot-de-marmelade-dorange-sanguine\/","og_site_name":"Vincente Delicacies","article_modified_time":"2023-03-21T08:21:49+00:00","og_image":[{"width":890,"height":899,"url":"https:\/\/vincentedelicacies.com\/wp-content\/uploads\/2021\/06\/ensamble-arancia-rossa-e-ciocc-fondente.jpg","type":"image\/jpeg"}],"twitter_card":"summary_large_image","twitter_misc":{"Dur\u00e9e de lecture estim\u00e9e":"1 minute"},"schema":{"@context":"https:\/\/schema.org","@graph":[{"@type":"WebPage","@id":"https:\/\/vincentedelicacies.com\/prodotto\/colomba-cioccolato-fondente-e-arancia-rossa-con-vasetto-di-marmellata-di-arancia-rossa\/","url":"https:\/\/vincentedelicacies.com\/prodotto\/colomba-cioccolato-fondente-e-arancia-rossa-con-vasetto-di-marmellata-di-arancia-rossa\/","name":"Colomba Ensamble - Cioccolato Fondente e Arancia Rossa con Vasetto di Marmellata di Arancia Rossa 750g + 180g - Vincente Delicacies","isPartOf":{"@id":"https:\/\/vincentedelicacies.com\/#website"},"primaryImageOfPage":{"@id":"https:\/\/vincentedelicacies.com\/prodotto\/colomba-cioccolato-fondente-e-arancia-rossa-con-vasetto-di-marmellata-di-arancia-rossa\/#primaryimage"},"image":{"@id":"https:\/\/vincentedelicacies.com\/prodotto\/colomba-cioccolato-fondente-e-arancia-rossa-con-vasetto-di-marmellata-di-arancia-rossa\/#primaryimage"},"thumbnailUrl":"https:\/\/vincentedelicacies.com\/wp-content\/uploads\/2021\/06\/ensamble-arancia-rossa-e-ciocc-fondente.jpg","datePublished":"2021-06-23T14:07:34+00:00","dateModified":"2023-03-21T08:21:49+00:00","description":"Ingredienti: farina di FRUMENTO, scorze di arance rosse candite 20% (scorze di arancia, sciroppo di glucosio-fruttosio, zucchero, acidificante: acido","breadcrumb":{"@id":"https:\/\/vincentedelicacies.com\/prodotto\/colomba-cioccolato-fondente-e-arancia-rossa-con-vasetto-di-marmellata-di-arancia-rossa\/#breadcrumb"},"inLanguage":"fr-FR","potentialAction":[{"@type":"ReadAction","target":["https:\/\/vincentedelicacies.com\/prodotto\/colomba-cioccolato-fondente-e-arancia-rossa-con-vasetto-di-marmellata-di-arancia-rossa\/"]}]},{"@type":"ImageObject","inLanguage":"fr-FR","@id":"https:\/\/vincentedelicacies.com\/prodotto\/colomba-cioccolato-fondente-e-arancia-rossa-con-vasetto-di-marmellata-di-arancia-rossa\/#primaryimage","url":"https:\/\/vincentedelicacies.com\/wp-content\/uploads\/2021\/06\/ensamble-arancia-rossa-e-ciocc-fondente.jpg","contentUrl":"https:\/\/vincentedelicacies.com\/wp-content\/uploads\/2021\/06\/ensamble-arancia-rossa-e-ciocc-fondente.jpg","width":890,"height":899,"caption":"Colomba artigianale con Ananas, Albicocca e Pistacchio di Sicilia 750g"},{"@type":"BreadcrumbList","@id":"https:\/\/vincentedelicacies.com\/prodotto\/colomba-cioccolato-fondente-e-arancia-rossa-con-vasetto-di-marmellata-di-arancia-rossa\/#breadcrumb","itemListElement":[{"@type":"ListItem","position":1,"name":"Home","item":"https:\/\/vincentedelicacies.com\/"},{"@type":"ListItem","position":2,"name":"Prodotti","item":"https:\/\/vincentedelicacies.com\/shop1__trashed\/"},{"@type":"ListItem","position":3,"name":"Colomba Ensamble &#8211; Cioccolato Fondente e Arancia Rossa con Vasetto di Marmellata di Arancia Rossa 750g + 180g"}]},{"@type":"WebSite","@id":"https:\/\/vincentedelicacies.com\/#website","url":"https:\/\/vincentedelicacies.com\/","name":"Vincente Delicacies","description":"Un grande laboratorio di pasticceria","publisher":{"@id":"https:\/\/vincentedelicacies.com\/#organization"},"potentialAction":[{"@type":"SearchAction","target":{"@type":"EntryPoint","urlTemplate":"https:\/\/vincentedelicacies.com\/?s={search_term_string}"},"query-input":{"@type":"PropertyValueSpecification","valueRequired":true,"valueName":"search_term_string"}}],"inLanguage":"fr-FR"},{"@type":"Organization","@id":"https:\/\/vincentedelicacies.com\/#organization","name":"Vincente Delicacies","url":"https:\/\/vincentedelicacies.com\/","logo":{"@type":"ImageObject","inLanguage":"fr-FR","@id":"https:\/\/vincentedelicacies.com\/#\/schema\/logo\/image\/","url":"https:\/\/vincentedelicacies.com\/wp-content\/uploads\/2021\/06\/logo.png","contentUrl":"https:\/\/vincentedelicacies.com\/wp-content\/uploads\/2021\/06\/logo.png","width":159,"height":47,"caption":"Vincente Delicacies"},"image":{"@id":"https:\/\/vincentedelicacies.com\/#\/schema\/logo\/image\/"}}]}},"_links":{"self":[{"href":"https:\/\/vincentedelicacies.com\/fr\/wp-json\/wp\/v2\/product\/2536","targetHints":{"allow":["GET"]}}],"collection":[{"href":"https:\/\/vincentedelicacies.com\/fr\/wp-json\/wp\/v2\/product"}],"about":[{"href":"https:\/\/vincentedelicacies.com\/fr\/wp-json\/wp\/v2\/types\/product"}],"replies":[{"embeddable":true,"href":"https:\/\/vincentedelicacies.com\/fr\/wp-json\/wp\/v2\/comments?post=2536"}],"wp:featuredmedia":[{"embeddable":true,"href":"https:\/\/vincentedelicacies.com\/fr\/wp-json\/wp\/v2\/media\/14370"}],"wp:attachment":[{"href":"https:\/\/vincentedelicacies.com\/fr\/wp-json\/wp\/v2\/media?parent=2536"}],"wp:term":[{"taxonomy":"product_brand","embeddable":true,"href":"https:\/\/vincentedelicacies.com\/fr\/wp-json\/wp\/v2\/product_brand?post=2536"},{"taxonomy":"product_cat","embeddable":true,"href":"https:\/\/vincentedelicacies.com\/fr\/wp-json\/wp\/v2\/product_cat?post=2536"},{"taxonomy":"product_tag","embeddable":true,"href":"https:\/\/vincentedelicacies.com\/fr\/wp-json\/wp\/v2\/product_tag?post=2536"}],"curies":[{"name":"wp","href":"https:\/\/api.w.org\/{rel}","templated":true}]}}