{"id":2491,"date":"2021-06-23T13:15:28","date_gmt":"2021-06-23T13:15:28","guid":{"rendered":"https:\/\/vincentedelicacies.com\/?post_type=product&#038;p=2491"},"modified":"2023-03-14T16:55:10","modified_gmt":"2023-03-14T16:55:10","slug":"colombe-mandarine","status":"publish","type":"product","link":"https:\/\/vincentedelicacies.com\/fr\/produit\/colombe-mandarine\/","title":{"rendered":"Colomba artisanale \u00e0 la mandarine de Ciaculli 750g"},"content":{"rendered":"<p>Ingr\u00e9dients : Farine de <strong>FRUMENTO<\/strong>\u00e9corces de mandarines confites 20%, (\u00e9corces de mandarines, saccharose, jus de citron concentr\u00e9), <strong>BEURRE<\/strong>Sucre, jaune d'\u0153uf <strong>de l'EGG<\/strong>, levure naturelle (farine <strong>FRUMENTO<\/strong>eau), \u00e9mulsifiants : mono et diglyc\u00e9rides d'acides gras, sirop de glucose, <strong>LAIT<\/strong> lait \u00e9cr\u00e9m\u00e9 en poudre, beurre de cacao, miel, ar\u00f4me naturel, sel. Enrobage : Gla\u00e7age (sucre, amidon de riz, blanc d'\u0153uf, poudre de lait \u00e9cr\u00e9m\u00e9, beurre de cacao, miel, ar\u00f4me naturel, sel). <strong>de l'EGG<\/strong> poudre, graisse v\u00e9g\u00e9tale : huile de palme, sirop de glucose, prot\u00e9ines issues de l'agriculture biologique.<strong> LAIT, ALMONDS<\/strong>amidon modi fi\u00e9, ar\u00f4mes), sucre cristallis\u00e9. Peut contenir <strong>PISTACHE, NOISETTE, SOJA, MOUTARDE ET LUPIN<\/strong>.<\/p>","protected":false},"excerpt":{"rendered":"<p>Colomba artigianale al mandarino tardivo di Ciaculli, un g\u00e2teau au go\u00fbt d'agrumes. La p\u00e2te moelleuse est fourr\u00e9e de mandarines tardives de Ciaculli confites, un v\u00e9ritable d\u00e9lice sicilien. Le tout est agr\u00e9ment\u00e9 du papier blanc velout\u00e9 de Vincente et d'un ruban couleur mandarine, fait \u00e0 la main.<\/p>","protected":false},"featured_media":14388,"comment_status":"open","ping_status":"closed","template":"","meta":[],"product_brand":[],"product_cat":[46,110],"product_tag":[],"class_list":{"0":"post-2491","1":"product","2":"type-product","3":"status-publish","4":"has-post-thumbnail","6":"product_cat-pasqua","7":"product_cat-linea-classica","9":"first","10":"outofstock","11":"shipping-taxable","12":"product-type-simple"},"yoast_head":"<!-- This site is optimized with the Yoast SEO Premium plugin v21.8 (Yoast SEO v26.6) - https:\/\/yoast.com\/wordpress\/plugins\/seo\/ -->\n<title>Colomba artigianale al Mandarino di Ciaculli 750g - Vincente Delicacies<\/title>\n<meta name=\"description\" content=\"Colomba artigianale al mandarino tardivo di Ciaculli, un dolce aromatizzato agli agrumi. L\u2019impasto soffice \u00e8 ripieno di canditi ai mandarini tardivi di Ciaculli, una vera delizia siciliana. Il tutto impreziosito dalla carta bianca vellutata di Vincente e un nastro color mandarino , confezione che viene fatta a mano.\" \/>\n<meta name=\"robots\" content=\"index, follow, max-snippet:-1, max-image-preview:large, max-video-preview:-1\" \/>\n<link rel=\"canonical\" href=\"https:\/\/vincentedelicacies.com\/fr\/produit\/colombe-mandarine\/\" \/>\n<meta property=\"og:locale\" content=\"fr_FR\" \/>\n<meta property=\"og:type\" content=\"article\" \/>\n<meta property=\"og:title\" content=\"Colomba artigianale al Mandarino di Ciaculli 750g\" \/>\n<meta property=\"og:description\" content=\"Colomba artigianale al mandarino tardivo di Ciaculli, un dolce aromatizzato agli agrumi. L\u2019impasto soffice \u00e8 ripieno di canditi ai mandarini tardivi di Ciaculli, una vera delizia siciliana. Il tutto impreziosito dalla carta bianca vellutata di Vincente e un nastro color mandarino , confezione che viene fatta a mano.\" \/>\n<meta property=\"og:url\" content=\"https:\/\/vincentedelicacies.com\/fr\/produit\/colombe-mandarine\/\" \/>\n<meta property=\"og:site_name\" content=\"Vincente Delicacies\" \/>\n<meta property=\"article:modified_time\" content=\"2023-03-14T16:55:10+00:00\" \/>\n<meta property=\"og:image\" content=\"https:\/\/vincentedelicacies.com\/wp-content\/uploads\/2021\/06\/colomba-al-mandarino.jpg\" \/>\n\t<meta property=\"og:image:width\" content=\"890\" \/>\n\t<meta property=\"og:image:height\" content=\"899\" \/>\n\t<meta property=\"og:image:type\" content=\"image\/jpeg\" \/>\n<meta name=\"twitter:card\" content=\"summary_large_image\" \/>\n<meta name=\"twitter:label1\" content=\"Dur\u00e9e de lecture estim\u00e9e\" \/>\n\t<meta name=\"twitter:data1\" content=\"1 minute\" \/>\n<script type=\"application\/ld+json\" class=\"yoast-schema-graph\">{\"@context\":\"https:\/\/schema.org\",\"@graph\":[{\"@type\":\"WebPage\",\"@id\":\"https:\/\/vincentedelicacies.com\/prodotto\/colomba-mandarino\/\",\"url\":\"https:\/\/vincentedelicacies.com\/prodotto\/colomba-mandarino\/\",\"name\":\"Colomba artigianale al Mandarino di Ciaculli 750g - Vincente Delicacies\",\"isPartOf\":{\"@id\":\"https:\/\/vincentedelicacies.com\/#website\"},\"primaryImageOfPage\":{\"@id\":\"https:\/\/vincentedelicacies.com\/prodotto\/colomba-mandarino\/#primaryimage\"},\"image\":{\"@id\":\"https:\/\/vincentedelicacies.com\/prodotto\/colomba-mandarino\/#primaryimage\"},\"thumbnailUrl\":\"https:\/\/vincentedelicacies.com\/wp-content\/uploads\/2021\/06\/colomba-al-mandarino.jpg\",\"datePublished\":\"2021-06-23T13:15:28+00:00\",\"dateModified\":\"2023-03-14T16:55:10+00:00\",\"description\":\"Colomba artigianale al mandarino tardivo di Ciaculli, un dolce aromatizzato agli agrumi. L\u2019impasto soffice \u00e8 ripieno di canditi ai mandarini tardivi di Ciaculli, una vera delizia siciliana. Il tutto impreziosito dalla carta bianca vellutata di Vincente e un nastro color mandarino , confezione che viene fatta a mano.\",\"breadcrumb\":{\"@id\":\"https:\/\/vincentedelicacies.com\/prodotto\/colomba-mandarino\/#breadcrumb\"},\"inLanguage\":\"fr-FR\",\"potentialAction\":[{\"@type\":\"ReadAction\",\"target\":[\"https:\/\/vincentedelicacies.com\/prodotto\/colomba-mandarino\/\"]}]},{\"@type\":\"ImageObject\",\"inLanguage\":\"fr-FR\",\"@id\":\"https:\/\/vincentedelicacies.com\/prodotto\/colomba-mandarino\/#primaryimage\",\"url\":\"https:\/\/vincentedelicacies.com\/wp-content\/uploads\/2021\/06\/colomba-al-mandarino.jpg\",\"contentUrl\":\"https:\/\/vincentedelicacies.com\/wp-content\/uploads\/2021\/06\/colomba-al-mandarino.jpg\",\"width\":890,\"height\":899,\"caption\":\"Colomba artigianale classica con uvetta e canditi d\u2019arancia 750g\"},{\"@type\":\"BreadcrumbList\",\"@id\":\"https:\/\/vincentedelicacies.com\/prodotto\/colomba-mandarino\/#breadcrumb\",\"itemListElement\":[{\"@type\":\"ListItem\",\"position\":1,\"name\":\"Home\",\"item\":\"https:\/\/vincentedelicacies.com\/\"},{\"@type\":\"ListItem\",\"position\":2,\"name\":\"Prodotti\",\"item\":\"https:\/\/vincentedelicacies.com\/shop1__trashed\/\"},{\"@type\":\"ListItem\",\"position\":3,\"name\":\"Colomba artigianale al Mandarino di Ciaculli 750g\"}]},{\"@type\":\"WebSite\",\"@id\":\"https:\/\/vincentedelicacies.com\/#website\",\"url\":\"https:\/\/vincentedelicacies.com\/\",\"name\":\"Vincente Delicacies\",\"description\":\"Un grande laboratorio di pasticceria\",\"publisher\":{\"@id\":\"https:\/\/vincentedelicacies.com\/#organization\"},\"potentialAction\":[{\"@type\":\"SearchAction\",\"target\":{\"@type\":\"EntryPoint\",\"urlTemplate\":\"https:\/\/vincentedelicacies.com\/?s={search_term_string}\"},\"query-input\":{\"@type\":\"PropertyValueSpecification\",\"valueRequired\":true,\"valueName\":\"search_term_string\"}}],\"inLanguage\":\"fr-FR\"},{\"@type\":\"Organization\",\"@id\":\"https:\/\/vincentedelicacies.com\/#organization\",\"name\":\"Vincente Delicacies\",\"url\":\"https:\/\/vincentedelicacies.com\/\",\"logo\":{\"@type\":\"ImageObject\",\"inLanguage\":\"fr-FR\",\"@id\":\"https:\/\/vincentedelicacies.com\/#\/schema\/logo\/image\/\",\"url\":\"https:\/\/vincentedelicacies.com\/wp-content\/uploads\/2021\/06\/logo.png\",\"contentUrl\":\"https:\/\/vincentedelicacies.com\/wp-content\/uploads\/2021\/06\/logo.png\",\"width\":159,\"height\":47,\"caption\":\"Vincente Delicacies\"},\"image\":{\"@id\":\"https:\/\/vincentedelicacies.com\/#\/schema\/logo\/image\/\"}}]}<\/script>\n<!-- \/ Yoast SEO Premium plugin. -->","yoast_head_json":{"title":"Colomba artigianale al Mandarino di Ciaculli 750g - Vincente Delicacies","description":"Colomba artigianale al mandarino tardivo di Ciaculli, un dolce aromatizzato agli agrumi. L\u2019impasto soffice \u00e8 ripieno di canditi ai mandarini tardivi di Ciaculli, una vera delizia siciliana. Il tutto impreziosito dalla carta bianca vellutata di Vincente e un nastro color mandarino , confezione che viene fatta a mano.","robots":{"index":"index","follow":"follow","max-snippet":"max-snippet:-1","max-image-preview":"max-image-preview:large","max-video-preview":"max-video-preview:-1"},"canonical":"https:\/\/vincentedelicacies.com\/fr\/produit\/colombe-mandarine\/","og_locale":"fr_FR","og_type":"article","og_title":"Colomba artigianale al Mandarino di Ciaculli 750g","og_description":"Colomba artigianale al mandarino tardivo di Ciaculli, un dolce aromatizzato agli agrumi. L\u2019impasto soffice \u00e8 ripieno di canditi ai mandarini tardivi di Ciaculli, una vera delizia siciliana. Il tutto impreziosito dalla carta bianca vellutata di Vincente e un nastro color mandarino , confezione che viene fatta a mano.","og_url":"https:\/\/vincentedelicacies.com\/fr\/produit\/colombe-mandarine\/","og_site_name":"Vincente Delicacies","article_modified_time":"2023-03-14T16:55:10+00:00","og_image":[{"width":890,"height":899,"url":"https:\/\/vincentedelicacies.com\/wp-content\/uploads\/2021\/06\/colomba-al-mandarino.jpg","type":"image\/jpeg"}],"twitter_card":"summary_large_image","twitter_misc":{"Dur\u00e9e de lecture estim\u00e9e":"1 minute"},"schema":{"@context":"https:\/\/schema.org","@graph":[{"@type":"WebPage","@id":"https:\/\/vincentedelicacies.com\/prodotto\/colomba-mandarino\/","url":"https:\/\/vincentedelicacies.com\/prodotto\/colomba-mandarino\/","name":"Colomba artigianale al Mandarino di Ciaculli 750g - Vincente Delicacies","isPartOf":{"@id":"https:\/\/vincentedelicacies.com\/#website"},"primaryImageOfPage":{"@id":"https:\/\/vincentedelicacies.com\/prodotto\/colomba-mandarino\/#primaryimage"},"image":{"@id":"https:\/\/vincentedelicacies.com\/prodotto\/colomba-mandarino\/#primaryimage"},"thumbnailUrl":"https:\/\/vincentedelicacies.com\/wp-content\/uploads\/2021\/06\/colomba-al-mandarino.jpg","datePublished":"2021-06-23T13:15:28+00:00","dateModified":"2023-03-14T16:55:10+00:00","description":"Colomba artigianale al mandarino tardivo di Ciaculli, un dolce aromatizzato agli agrumi. L\u2019impasto soffice \u00e8 ripieno di canditi ai mandarini tardivi di Ciaculli, una vera delizia siciliana. Il tutto impreziosito dalla carta bianca vellutata di Vincente e un nastro color mandarino , confezione che viene fatta a mano.","breadcrumb":{"@id":"https:\/\/vincentedelicacies.com\/prodotto\/colomba-mandarino\/#breadcrumb"},"inLanguage":"fr-FR","potentialAction":[{"@type":"ReadAction","target":["https:\/\/vincentedelicacies.com\/prodotto\/colomba-mandarino\/"]}]},{"@type":"ImageObject","inLanguage":"fr-FR","@id":"https:\/\/vincentedelicacies.com\/prodotto\/colomba-mandarino\/#primaryimage","url":"https:\/\/vincentedelicacies.com\/wp-content\/uploads\/2021\/06\/colomba-al-mandarino.jpg","contentUrl":"https:\/\/vincentedelicacies.com\/wp-content\/uploads\/2021\/06\/colomba-al-mandarino.jpg","width":890,"height":899,"caption":"Colomba artigianale classica con uvetta e canditi d\u2019arancia 750g"},{"@type":"BreadcrumbList","@id":"https:\/\/vincentedelicacies.com\/prodotto\/colomba-mandarino\/#breadcrumb","itemListElement":[{"@type":"ListItem","position":1,"name":"Home","item":"https:\/\/vincentedelicacies.com\/"},{"@type":"ListItem","position":2,"name":"Prodotti","item":"https:\/\/vincentedelicacies.com\/shop1__trashed\/"},{"@type":"ListItem","position":3,"name":"Colomba artigianale al Mandarino di Ciaculli 750g"}]},{"@type":"WebSite","@id":"https:\/\/vincentedelicacies.com\/#website","url":"https:\/\/vincentedelicacies.com\/","name":"Vincente Delicacies","description":"Un grande laboratorio di pasticceria","publisher":{"@id":"https:\/\/vincentedelicacies.com\/#organization"},"potentialAction":[{"@type":"SearchAction","target":{"@type":"EntryPoint","urlTemplate":"https:\/\/vincentedelicacies.com\/?s={search_term_string}"},"query-input":{"@type":"PropertyValueSpecification","valueRequired":true,"valueName":"search_term_string"}}],"inLanguage":"fr-FR"},{"@type":"Organization","@id":"https:\/\/vincentedelicacies.com\/#organization","name":"Vincente Delicacies","url":"https:\/\/vincentedelicacies.com\/","logo":{"@type":"ImageObject","inLanguage":"fr-FR","@id":"https:\/\/vincentedelicacies.com\/#\/schema\/logo\/image\/","url":"https:\/\/vincentedelicacies.com\/wp-content\/uploads\/2021\/06\/logo.png","contentUrl":"https:\/\/vincentedelicacies.com\/wp-content\/uploads\/2021\/06\/logo.png","width":159,"height":47,"caption":"Vincente Delicacies"},"image":{"@id":"https:\/\/vincentedelicacies.com\/#\/schema\/logo\/image\/"}}]}},"_links":{"self":[{"href":"https:\/\/vincentedelicacies.com\/fr\/wp-json\/wp\/v2\/product\/2491","targetHints":{"allow":["GET"]}}],"collection":[{"href":"https:\/\/vincentedelicacies.com\/fr\/wp-json\/wp\/v2\/product"}],"about":[{"href":"https:\/\/vincentedelicacies.com\/fr\/wp-json\/wp\/v2\/types\/product"}],"replies":[{"embeddable":true,"href":"https:\/\/vincentedelicacies.com\/fr\/wp-json\/wp\/v2\/comments?post=2491"}],"wp:featuredmedia":[{"embeddable":true,"href":"https:\/\/vincentedelicacies.com\/fr\/wp-json\/wp\/v2\/media\/14388"}],"wp:attachment":[{"href":"https:\/\/vincentedelicacies.com\/fr\/wp-json\/wp\/v2\/media?parent=2491"}],"wp:term":[{"taxonomy":"product_brand","embeddable":true,"href":"https:\/\/vincentedelicacies.com\/fr\/wp-json\/wp\/v2\/product_brand?post=2491"},{"taxonomy":"product_cat","embeddable":true,"href":"https:\/\/vincentedelicacies.com\/fr\/wp-json\/wp\/v2\/product_cat?post=2491"},{"taxonomy":"product_tag","embeddable":true,"href":"https:\/\/vincentedelicacies.com\/fr\/wp-json\/wp\/v2\/product_tag?post=2491"}],"curies":[{"name":"wp","href":"https:\/\/api.w.org\/{rel}","templated":true}]}}