{"id":2485,"date":"2021-06-23T12:51:35","date_gmt":"2021-06-23T12:51:35","guid":{"rendered":"https:\/\/vincentedelicacies.com\/?post_type=product&#038;p=2485"},"modified":"2023-03-20T09:34:19","modified_gmt":"2023-03-20T09:34:19","slug":"vanille-bourbon-de-madagascar-colombe","status":"publish","type":"product","link":"https:\/\/vincentedelicacies.com\/fr\/produit\/vanille-bourbon-de-madagascar-colombe\/","title":{"rendered":"Colombe artisanale \u00e0 la vanille Bourbon de Madagascar 750g"},"content":{"rendered":"<p>Ingr\u00e9dients : farine de <strong>FRUMENTO<\/strong>, <strong>BEURRE<\/strong>sucre, jaune d'\u0153uf <strong>de l'EGG<\/strong>, levure naturelle (farine <strong>FRUMENTO<\/strong>eau), \u00e9mulsifiants : mono et diglyc\u00e9rides d'acides gras, sirop de glucose, <strong>LAIT<\/strong> lait \u00e9cr\u00e9m\u00e9 en poudre, vanille 1%, beurre de cacao, miel, ar\u00f4me naturel, sel. Enrobage : gla\u00e7age (sucre, amidon de riz, blanc d'\u0153uf). <strong>de l'EGG<\/strong> poudre, graisse v\u00e9g\u00e9tale : huile de palme, sirop de glucose, prot\u00e9ines issues de l'agriculture biologique. <strong>LAIT<\/strong>, <strong>ALMOND<\/strong>amidon modifi\u00e9 (pomme de terre), ar\u00f4mes), sucre cristallis\u00e9. Peut contenir <strong>PISTACHES, AMANDES, NOISETTES, SOJA, MOUTARDE ET LUPIN.<\/strong><\/p>","protected":false},"excerpt":{"rendered":"<p>Emball\u00e9 \u00e0 la main, avec une p\u00e2te douce et d\u00e9licate et parfum\u00e9 \u00e0 la vanille Bourbon de Madagascar, c'est le dessert id\u00e9al pour ceux qui aiment les saveurs simples et raffin\u00e9es ; il est impeccable lorsqu'il est associ\u00e9 \u00e0 des cr\u00e8mes \u00e0 tartiner.<\/p>","protected":false},"featured_media":14386,"comment_status":"open","ping_status":"closed","template":"","meta":[],"product_brand":[],"product_cat":[46,110],"product_tag":[],"class_list":{"0":"post-2485","1":"product","2":"type-product","3":"status-publish","4":"has-post-thumbnail","6":"product_cat-pasqua","7":"product_cat-linea-classica","9":"first","10":"outofstock","11":"shipping-taxable","12":"product-type-simple"},"yoast_head":"<!-- This site is optimized with the Yoast SEO Premium plugin v21.8 (Yoast SEO v26.6) - https:\/\/yoast.com\/wordpress\/plugins\/seo\/ -->\n<title>Colomba artigianale alla Vaniglia Bourbon del Madagascar 750g - Vincente Delicacies<\/title>\n<meta name=\"description\" content=\"Confezionata a mano, dall\u2019impasto morbido e delicato e profumata con la Vaniglia del Bourbon del Madagascar, \u00e8 il dolce ideale per chi ama i sapori semplici e raffinati; dal gusto ineccepibile se accompagnata con le creme spalmabili.\" \/>\n<meta name=\"robots\" content=\"index, follow, max-snippet:-1, max-image-preview:large, max-video-preview:-1\" \/>\n<link rel=\"canonical\" href=\"https:\/\/vincentedelicacies.com\/fr\/produit\/vanille-bourbon-de-madagascar-colombe\/\" \/>\n<meta property=\"og:locale\" content=\"fr_FR\" \/>\n<meta property=\"og:type\" content=\"article\" \/>\n<meta property=\"og:title\" content=\"Colomba artigianale alla Vaniglia Bourbon del Madagascar 750g\" \/>\n<meta property=\"og:description\" content=\"Confezionata a mano, dall\u2019impasto morbido e delicato e profumata con la Vaniglia del Bourbon del Madagascar, \u00e8 il dolce ideale per chi ama i sapori semplici e raffinati; dal gusto ineccepibile se accompagnata con le creme spalmabili.\" \/>\n<meta property=\"og:url\" content=\"https:\/\/vincentedelicacies.com\/fr\/produit\/vanille-bourbon-de-madagascar-colombe\/\" \/>\n<meta property=\"og:site_name\" content=\"Vincente Delicacies\" \/>\n<meta property=\"article:modified_time\" content=\"2023-03-20T09:34:19+00:00\" \/>\n<meta property=\"og:image\" content=\"https:\/\/vincentedelicacies.com\/wp-content\/uploads\/2021\/06\/colomba-alla-vaniglia-bourbon.jpg\" \/>\n\t<meta property=\"og:image:width\" content=\"890\" \/>\n\t<meta property=\"og:image:height\" content=\"899\" \/>\n\t<meta property=\"og:image:type\" content=\"image\/jpeg\" \/>\n<meta name=\"twitter:card\" content=\"summary_large_image\" \/>\n<meta name=\"twitter:label1\" content=\"Dur\u00e9e de lecture estim\u00e9e\" \/>\n\t<meta name=\"twitter:data1\" content=\"1 minute\" \/>\n<script type=\"application\/ld+json\" class=\"yoast-schema-graph\">{\"@context\":\"https:\/\/schema.org\",\"@graph\":[{\"@type\":\"WebPage\",\"@id\":\"https:\/\/vincentedelicacies.com\/prodotto\/colomba-alla-vaniglia-bourbon-del-madagascar\/\",\"url\":\"https:\/\/vincentedelicacies.com\/prodotto\/colomba-alla-vaniglia-bourbon-del-madagascar\/\",\"name\":\"Colomba artigianale alla Vaniglia Bourbon del Madagascar 750g - Vincente Delicacies\",\"isPartOf\":{\"@id\":\"https:\/\/vincentedelicacies.com\/#website\"},\"primaryImageOfPage\":{\"@id\":\"https:\/\/vincentedelicacies.com\/prodotto\/colomba-alla-vaniglia-bourbon-del-madagascar\/#primaryimage\"},\"image\":{\"@id\":\"https:\/\/vincentedelicacies.com\/prodotto\/colomba-alla-vaniglia-bourbon-del-madagascar\/#primaryimage\"},\"thumbnailUrl\":\"https:\/\/vincentedelicacies.com\/wp-content\/uploads\/2021\/06\/colomba-alla-vaniglia-bourbon.jpg\",\"datePublished\":\"2021-06-23T12:51:35+00:00\",\"dateModified\":\"2023-03-20T09:34:19+00:00\",\"description\":\"Confezionata a mano, dall\u2019impasto morbido e delicato e profumata con la Vaniglia del Bourbon del Madagascar, \u00e8 il dolce ideale per chi ama i sapori semplici e raffinati; dal gusto ineccepibile se accompagnata con le creme spalmabili.\",\"breadcrumb\":{\"@id\":\"https:\/\/vincentedelicacies.com\/prodotto\/colomba-alla-vaniglia-bourbon-del-madagascar\/#breadcrumb\"},\"inLanguage\":\"fr-FR\",\"potentialAction\":[{\"@type\":\"ReadAction\",\"target\":[\"https:\/\/vincentedelicacies.com\/prodotto\/colomba-alla-vaniglia-bourbon-del-madagascar\/\"]}]},{\"@type\":\"ImageObject\",\"inLanguage\":\"fr-FR\",\"@id\":\"https:\/\/vincentedelicacies.com\/prodotto\/colomba-alla-vaniglia-bourbon-del-madagascar\/#primaryimage\",\"url\":\"https:\/\/vincentedelicacies.com\/wp-content\/uploads\/2021\/06\/colomba-alla-vaniglia-bourbon.jpg\",\"contentUrl\":\"https:\/\/vincentedelicacies.com\/wp-content\/uploads\/2021\/06\/colomba-alla-vaniglia-bourbon.jpg\",\"width\":890,\"height\":899,\"caption\":\"Colomba artigianale classica con uvetta e canditi d\u2019arancia 750g\"},{\"@type\":\"BreadcrumbList\",\"@id\":\"https:\/\/vincentedelicacies.com\/prodotto\/colomba-alla-vaniglia-bourbon-del-madagascar\/#breadcrumb\",\"itemListElement\":[{\"@type\":\"ListItem\",\"position\":1,\"name\":\"Home\",\"item\":\"https:\/\/vincentedelicacies.com\/\"},{\"@type\":\"ListItem\",\"position\":2,\"name\":\"Prodotti\",\"item\":\"https:\/\/vincentedelicacies.com\/shop1__trashed\/\"},{\"@type\":\"ListItem\",\"position\":3,\"name\":\"Colomba artigianale alla Vaniglia Bourbon del Madagascar 750g\"}]},{\"@type\":\"WebSite\",\"@id\":\"https:\/\/vincentedelicacies.com\/#website\",\"url\":\"https:\/\/vincentedelicacies.com\/\",\"name\":\"Vincente Delicacies\",\"description\":\"Un grande laboratorio di pasticceria\",\"publisher\":{\"@id\":\"https:\/\/vincentedelicacies.com\/#organization\"},\"potentialAction\":[{\"@type\":\"SearchAction\",\"target\":{\"@type\":\"EntryPoint\",\"urlTemplate\":\"https:\/\/vincentedelicacies.com\/?s={search_term_string}\"},\"query-input\":{\"@type\":\"PropertyValueSpecification\",\"valueRequired\":true,\"valueName\":\"search_term_string\"}}],\"inLanguage\":\"fr-FR\"},{\"@type\":\"Organization\",\"@id\":\"https:\/\/vincentedelicacies.com\/#organization\",\"name\":\"Vincente Delicacies\",\"url\":\"https:\/\/vincentedelicacies.com\/\",\"logo\":{\"@type\":\"ImageObject\",\"inLanguage\":\"fr-FR\",\"@id\":\"https:\/\/vincentedelicacies.com\/#\/schema\/logo\/image\/\",\"url\":\"https:\/\/vincentedelicacies.com\/wp-content\/uploads\/2021\/06\/logo.png\",\"contentUrl\":\"https:\/\/vincentedelicacies.com\/wp-content\/uploads\/2021\/06\/logo.png\",\"width\":159,\"height\":47,\"caption\":\"Vincente Delicacies\"},\"image\":{\"@id\":\"https:\/\/vincentedelicacies.com\/#\/schema\/logo\/image\/\"}}]}<\/script>\n<!-- \/ Yoast SEO Premium plugin. -->","yoast_head_json":{"title":"Colomba artigianale alla Vaniglia Bourbon del Madagascar 750g - Vincente Delicacies","description":"Confezionata a mano, dall\u2019impasto morbido e delicato e profumata con la Vaniglia del Bourbon del Madagascar, \u00e8 il dolce ideale per chi ama i sapori semplici e raffinati; dal gusto ineccepibile se accompagnata con le creme spalmabili.","robots":{"index":"index","follow":"follow","max-snippet":"max-snippet:-1","max-image-preview":"max-image-preview:large","max-video-preview":"max-video-preview:-1"},"canonical":"https:\/\/vincentedelicacies.com\/fr\/produit\/vanille-bourbon-de-madagascar-colombe\/","og_locale":"fr_FR","og_type":"article","og_title":"Colomba artigianale alla Vaniglia Bourbon del Madagascar 750g","og_description":"Confezionata a mano, dall\u2019impasto morbido e delicato e profumata con la Vaniglia del Bourbon del Madagascar, \u00e8 il dolce ideale per chi ama i sapori semplici e raffinati; dal gusto ineccepibile se accompagnata con le creme spalmabili.","og_url":"https:\/\/vincentedelicacies.com\/fr\/produit\/vanille-bourbon-de-madagascar-colombe\/","og_site_name":"Vincente Delicacies","article_modified_time":"2023-03-20T09:34:19+00:00","og_image":[{"width":890,"height":899,"url":"https:\/\/vincentedelicacies.com\/wp-content\/uploads\/2021\/06\/colomba-alla-vaniglia-bourbon.jpg","type":"image\/jpeg"}],"twitter_card":"summary_large_image","twitter_misc":{"Dur\u00e9e de lecture estim\u00e9e":"1 minute"},"schema":{"@context":"https:\/\/schema.org","@graph":[{"@type":"WebPage","@id":"https:\/\/vincentedelicacies.com\/prodotto\/colomba-alla-vaniglia-bourbon-del-madagascar\/","url":"https:\/\/vincentedelicacies.com\/prodotto\/colomba-alla-vaniglia-bourbon-del-madagascar\/","name":"Colomba artigianale alla Vaniglia Bourbon del Madagascar 750g - Vincente Delicacies","isPartOf":{"@id":"https:\/\/vincentedelicacies.com\/#website"},"primaryImageOfPage":{"@id":"https:\/\/vincentedelicacies.com\/prodotto\/colomba-alla-vaniglia-bourbon-del-madagascar\/#primaryimage"},"image":{"@id":"https:\/\/vincentedelicacies.com\/prodotto\/colomba-alla-vaniglia-bourbon-del-madagascar\/#primaryimage"},"thumbnailUrl":"https:\/\/vincentedelicacies.com\/wp-content\/uploads\/2021\/06\/colomba-alla-vaniglia-bourbon.jpg","datePublished":"2021-06-23T12:51:35+00:00","dateModified":"2023-03-20T09:34:19+00:00","description":"Confezionata a mano, dall\u2019impasto morbido e delicato e profumata con la Vaniglia del Bourbon del Madagascar, \u00e8 il dolce ideale per chi ama i sapori semplici e raffinati; dal gusto ineccepibile se accompagnata con le creme spalmabili.","breadcrumb":{"@id":"https:\/\/vincentedelicacies.com\/prodotto\/colomba-alla-vaniglia-bourbon-del-madagascar\/#breadcrumb"},"inLanguage":"fr-FR","potentialAction":[{"@type":"ReadAction","target":["https:\/\/vincentedelicacies.com\/prodotto\/colomba-alla-vaniglia-bourbon-del-madagascar\/"]}]},{"@type":"ImageObject","inLanguage":"fr-FR","@id":"https:\/\/vincentedelicacies.com\/prodotto\/colomba-alla-vaniglia-bourbon-del-madagascar\/#primaryimage","url":"https:\/\/vincentedelicacies.com\/wp-content\/uploads\/2021\/06\/colomba-alla-vaniglia-bourbon.jpg","contentUrl":"https:\/\/vincentedelicacies.com\/wp-content\/uploads\/2021\/06\/colomba-alla-vaniglia-bourbon.jpg","width":890,"height":899,"caption":"Colomba artigianale classica con uvetta e canditi d\u2019arancia 750g"},{"@type":"BreadcrumbList","@id":"https:\/\/vincentedelicacies.com\/prodotto\/colomba-alla-vaniglia-bourbon-del-madagascar\/#breadcrumb","itemListElement":[{"@type":"ListItem","position":1,"name":"Home","item":"https:\/\/vincentedelicacies.com\/"},{"@type":"ListItem","position":2,"name":"Prodotti","item":"https:\/\/vincentedelicacies.com\/shop1__trashed\/"},{"@type":"ListItem","position":3,"name":"Colomba artigianale alla Vaniglia Bourbon del Madagascar 750g"}]},{"@type":"WebSite","@id":"https:\/\/vincentedelicacies.com\/#website","url":"https:\/\/vincentedelicacies.com\/","name":"Vincente Delicacies","description":"Un grande laboratorio di pasticceria","publisher":{"@id":"https:\/\/vincentedelicacies.com\/#organization"},"potentialAction":[{"@type":"SearchAction","target":{"@type":"EntryPoint","urlTemplate":"https:\/\/vincentedelicacies.com\/?s={search_term_string}"},"query-input":{"@type":"PropertyValueSpecification","valueRequired":true,"valueName":"search_term_string"}}],"inLanguage":"fr-FR"},{"@type":"Organization","@id":"https:\/\/vincentedelicacies.com\/#organization","name":"Vincente Delicacies","url":"https:\/\/vincentedelicacies.com\/","logo":{"@type":"ImageObject","inLanguage":"fr-FR","@id":"https:\/\/vincentedelicacies.com\/#\/schema\/logo\/image\/","url":"https:\/\/vincentedelicacies.com\/wp-content\/uploads\/2021\/06\/logo.png","contentUrl":"https:\/\/vincentedelicacies.com\/wp-content\/uploads\/2021\/06\/logo.png","width":159,"height":47,"caption":"Vincente Delicacies"},"image":{"@id":"https:\/\/vincentedelicacies.com\/#\/schema\/logo\/image\/"}}]}},"_links":{"self":[{"href":"https:\/\/vincentedelicacies.com\/fr\/wp-json\/wp\/v2\/product\/2485","targetHints":{"allow":["GET"]}}],"collection":[{"href":"https:\/\/vincentedelicacies.com\/fr\/wp-json\/wp\/v2\/product"}],"about":[{"href":"https:\/\/vincentedelicacies.com\/fr\/wp-json\/wp\/v2\/types\/product"}],"replies":[{"embeddable":true,"href":"https:\/\/vincentedelicacies.com\/fr\/wp-json\/wp\/v2\/comments?post=2485"}],"wp:featuredmedia":[{"embeddable":true,"href":"https:\/\/vincentedelicacies.com\/fr\/wp-json\/wp\/v2\/media\/14386"}],"wp:attachment":[{"href":"https:\/\/vincentedelicacies.com\/fr\/wp-json\/wp\/v2\/media?parent=2485"}],"wp:term":[{"taxonomy":"product_brand","embeddable":true,"href":"https:\/\/vincentedelicacies.com\/fr\/wp-json\/wp\/v2\/product_brand?post=2485"},{"taxonomy":"product_cat","embeddable":true,"href":"https:\/\/vincentedelicacies.com\/fr\/wp-json\/wp\/v2\/product_cat?post=2485"},{"taxonomy":"product_tag","embeddable":true,"href":"https:\/\/vincentedelicacies.com\/fr\/wp-json\/wp\/v2\/product_tag?post=2485"}],"curies":[{"name":"wp","href":"https:\/\/api.w.org\/{rel}","templated":true}]}}