{"id":2437,"date":"2021-06-23T12:15:00","date_gmt":"2021-06-23T12:15:00","guid":{"rendered":"https:\/\/vincentedelicacies.com\/?post_type=product&#038;p=2437"},"modified":"2023-03-24T13:32:50","modified_gmt":"2023-03-24T13:32:50","slug":"haute-patisserie-sicilienne","status":"publish","type":"product","link":"https:\/\/vincentedelicacies.com\/fr\/produit\/haute-patisserie-sicilienne\/","title":{"rendered":"Assortiment de p\u00e2tisseries siciliennes"},"content":{"rendered":"<p>Ingr\u00e9dients<br \/>\nCOOKIES PISTACCOW : TOMATE Farine de bl\u00e9 00, PISTACCOW 20%, BEURRE, SUCRE, \u0152UFS, Agents de levage (diphosphates, carbonates de sodium, amidon de bl\u00e9), \u00c9mulsifiant : l\u00e9cithine de SOY, Ar\u00f4mes, Sel. PISTACHO FROLLINO ENROBE DE CHOCOLAT BLANC : Farine de froment 00, Sucre, PISTACHO 18%, BEURRE, \u0152UFS, CHOCOLAT BLANC 5% (sucre, beurre de cacao, lait entier en poudre, \u00e9mulsifiant : l\u00e9cithine de SOY, ar\u00f4me naturel de vanille), poudre \u00e0 lever (diphosphates, carbonates de sodium, amidon de BLE), \u00e9mulsifiant : l\u00e9cithine de SOY, ar\u00f4me, sel.<br \/>\nFROLLINO AUX AMANDES ENROBEES DE CHOCOLAT DOUX : Farine de bl\u00e9 00, AMANDES 18%, BEURRE, SUCRE, \u0152UFS, Chocolat noir 5% (p\u00e2te de cacao 72%, sucre, beurre de cacao, \u00e9mulsifiant : l\u00e9cithine de SOY, extrait de vanille), amidon de ma\u00efs, poudre \u00e0 lever (diphosphates, carbonates de sodium, amidon de bl\u00e9), \u00e9mulsifiant : l\u00e9cithine de SOY, ar\u00f4me, sel.<br \/>\nFROLLINO FOURR\u00c9 DE NOIX DE HAZEL : Farine de bl\u00e9 00, NOIX DE HAZEL 18%, BEURRE, sucre, \u0153ufs, amidon de ma\u00efs, chocolat au lait 1% (sucre, beurre de cacao, poudre de LAIT, p\u00e2te de cacao, lactos\u00e9rum en poudre, \u00e9mulsifiant : l\u00e9cithine de SOY, extrait de vanille), poudre \u00e0 lever (diphosphates, carbonates de sodium, amidon de BLE), \u00e9mulsifiant : l\u00e9cithine de SOY, ar\u00f4me, sel.<br \/>\nFROLLINO AU PISTACHO GARNI DE CHOCOLAT BLANC : Farine crue, PISTACHO 20%, BEURRE, SUCRE, CR\u00c8ME DE CHOCOLAT BLANC 10% (sucre, huiles et graisses v\u00e9g\u00e9tales non hydrog\u00e9n\u00e9es (huile de tournesol, huile de coco, beurre de cacao), lait \u00e9cr\u00e9m\u00e9 en poudre 12%, chocolat blanc 10% (sucre, beurre de cacao, lait entier en poudre, \u00e9mulsifiant : l\u00e9cithine de SOY, ar\u00f4me naturel de vanille), lactos\u00e9rum de LAIT en poudre, \u00e9mulsifiant : l\u00e9cithine de SOY, ar\u00f4me (vanilline), \u0153ufs, poudre \u00e0 lever (diphosphate de sodium, carbonate acide de sodium, amidon de BLE), \u00e9mulsifiant : l\u00e9cithine de SOY, ar\u00f4me naturel, sel.<\/p>","protected":false},"excerpt":{"rendered":"<p>Une bo\u00eete en m\u00e9tal qui contient de d\u00e9licieuses p\u00e2tisseries siciliennes \u00e0 la pistache, \u00e0 la noisette et \u00e0 l'amande : un m\u00e9lange de d\u00e9lices irr\u00e9sistibles. Des sabl\u00e9s artisanaux au go\u00fbt d\u00e9licat et enveloppant, agr\u00e9ment\u00e9s du meilleur chocolat, parfaits pour le petit-d\u00e9jeuner ou une petite pause gourmande. 180 g - 300 g<\/p>","protected":false},"featured_media":12787,"comment_status":"open","ping_status":"closed","template":"","meta":[],"product_brand":[],"product_cat":[39,93],"product_tag":[],"class_list":{"0":"post-2437","1":"product","2":"type-product","3":"status-publish","4":"has-post-thumbnail","6":"product_cat-pasticceria","7":"product_cat-assortimento-2","9":"first","10":"instock","11":"shipping-taxable","12":"product-type-variable"},"yoast_head":"<!-- This site is optimized with the Yoast SEO Premium plugin v21.8 (Yoast SEO v26.6) - https:\/\/yoast.com\/wordpress\/plugins\/seo\/ -->\n<title>Assortimento fine Pasticceria Siciliana - Vincente Delicacies<\/title>\n<meta name=\"description\" content=\"Un cofanetto metallico che custodisce deliziosi pasticcini al pistacchio siciliano, alla nocciola e alla mandorla: un mix di prelibatezze irresistibili. Frollini artigianali dal gusto delicato e avvolgente, impreziositi dal miglior cioccolato, perfetti per la colazione o per un piccolo break goloso. 180 g - 300 g\" \/>\n<meta name=\"robots\" content=\"index, follow, max-snippet:-1, max-image-preview:large, max-video-preview:-1\" \/>\n<link rel=\"canonical\" href=\"https:\/\/vincentedelicacies.com\/fr\/produit\/haute-patisserie-sicilienne\/\" \/>\n<meta property=\"og:locale\" content=\"fr_FR\" \/>\n<meta property=\"og:type\" content=\"article\" \/>\n<meta property=\"og:title\" content=\"Assortimento fine Pasticceria Siciliana\" \/>\n<meta property=\"og:description\" content=\"Un cofanetto metallico che custodisce deliziosi pasticcini al pistacchio siciliano, alla nocciola e alla mandorla: un mix di prelibatezze irresistibili. Frollini artigianali dal gusto delicato e avvolgente, impreziositi dal miglior cioccolato, perfetti per la colazione o per un piccolo break goloso. 180 g - 300 g\" \/>\n<meta property=\"og:url\" content=\"https:\/\/vincentedelicacies.com\/fr\/produit\/haute-patisserie-sicilienne\/\" \/>\n<meta property=\"og:site_name\" content=\"Vincente Delicacies\" \/>\n<meta property=\"article:modified_time\" content=\"2023-03-24T13:32:50+00:00\" \/>\n<meta property=\"og:image\" content=\"https:\/\/vincentedelicacies.com\/wp-content\/uploads\/2021\/06\/APS001L.jpg\" \/>\n\t<meta property=\"og:image:width\" content=\"890\" \/>\n\t<meta property=\"og:image:height\" content=\"899\" \/>\n\t<meta property=\"og:image:type\" content=\"image\/jpeg\" \/>\n<meta name=\"twitter:card\" content=\"summary_large_image\" \/>\n<meta name=\"twitter:label1\" content=\"Dur\u00e9e de lecture estim\u00e9e\" \/>\n\t<meta name=\"twitter:data1\" content=\"2 minutes\" \/>\n<script type=\"application\/ld+json\" class=\"yoast-schema-graph\">{\"@context\":\"https:\/\/schema.org\",\"@graph\":[{\"@type\":\"WebPage\",\"@id\":\"https:\/\/vincentedelicacies.com\/prodotto\/alta-pasticceria-siciliana\/\",\"url\":\"https:\/\/vincentedelicacies.com\/prodotto\/alta-pasticceria-siciliana\/\",\"name\":\"Assortimento fine Pasticceria Siciliana - Vincente Delicacies\",\"isPartOf\":{\"@id\":\"https:\/\/vincentedelicacies.com\/#website\"},\"primaryImageOfPage\":{\"@id\":\"https:\/\/vincentedelicacies.com\/prodotto\/alta-pasticceria-siciliana\/#primaryimage\"},\"image\":{\"@id\":\"https:\/\/vincentedelicacies.com\/prodotto\/alta-pasticceria-siciliana\/#primaryimage\"},\"thumbnailUrl\":\"https:\/\/vincentedelicacies.com\/wp-content\/uploads\/2021\/06\/APS001L.jpg\",\"datePublished\":\"2021-06-23T12:15:00+00:00\",\"dateModified\":\"2023-03-24T13:32:50+00:00\",\"description\":\"Un cofanetto metallico che custodisce deliziosi pasticcini al pistacchio siciliano, alla nocciola e alla mandorla: un mix di prelibatezze irresistibili. Frollini artigianali dal gusto delicato e avvolgente, impreziositi dal miglior cioccolato, perfetti per la colazione o per un piccolo break goloso. 180 g - 300 g\",\"breadcrumb\":{\"@id\":\"https:\/\/vincentedelicacies.com\/prodotto\/alta-pasticceria-siciliana\/#breadcrumb\"},\"inLanguage\":\"fr-FR\",\"potentialAction\":[{\"@type\":\"ReadAction\",\"target\":[\"https:\/\/vincentedelicacies.com\/prodotto\/alta-pasticceria-siciliana\/\"]}]},{\"@type\":\"ImageObject\",\"inLanguage\":\"fr-FR\",\"@id\":\"https:\/\/vincentedelicacies.com\/prodotto\/alta-pasticceria-siciliana\/#primaryimage\",\"url\":\"https:\/\/vincentedelicacies.com\/wp-content\/uploads\/2021\/06\/APS001L.jpg\",\"contentUrl\":\"https:\/\/vincentedelicacies.com\/wp-content\/uploads\/2021\/06\/APS001L.jpg\",\"width\":890,\"height\":899,\"caption\":\"Assortimento fine Pasticceria Siciliana\"},{\"@type\":\"BreadcrumbList\",\"@id\":\"https:\/\/vincentedelicacies.com\/prodotto\/alta-pasticceria-siciliana\/#breadcrumb\",\"itemListElement\":[{\"@type\":\"ListItem\",\"position\":1,\"name\":\"Home\",\"item\":\"https:\/\/vincentedelicacies.com\/\"},{\"@type\":\"ListItem\",\"position\":2,\"name\":\"Prodotti\",\"item\":\"https:\/\/vincentedelicacies.com\/shop1__trashed\/\"},{\"@type\":\"ListItem\",\"position\":3,\"name\":\"Assortimento fine Pasticceria Siciliana\"}]},{\"@type\":\"WebSite\",\"@id\":\"https:\/\/vincentedelicacies.com\/#website\",\"url\":\"https:\/\/vincentedelicacies.com\/\",\"name\":\"Vincente Delicacies\",\"description\":\"Un grande laboratorio di pasticceria\",\"publisher\":{\"@id\":\"https:\/\/vincentedelicacies.com\/#organization\"},\"potentialAction\":[{\"@type\":\"SearchAction\",\"target\":{\"@type\":\"EntryPoint\",\"urlTemplate\":\"https:\/\/vincentedelicacies.com\/?s={search_term_string}\"},\"query-input\":{\"@type\":\"PropertyValueSpecification\",\"valueRequired\":true,\"valueName\":\"search_term_string\"}}],\"inLanguage\":\"fr-FR\"},{\"@type\":\"Organization\",\"@id\":\"https:\/\/vincentedelicacies.com\/#organization\",\"name\":\"Vincente Delicacies\",\"url\":\"https:\/\/vincentedelicacies.com\/\",\"logo\":{\"@type\":\"ImageObject\",\"inLanguage\":\"fr-FR\",\"@id\":\"https:\/\/vincentedelicacies.com\/#\/schema\/logo\/image\/\",\"url\":\"https:\/\/vincentedelicacies.com\/wp-content\/uploads\/2021\/06\/logo.png\",\"contentUrl\":\"https:\/\/vincentedelicacies.com\/wp-content\/uploads\/2021\/06\/logo.png\",\"width\":159,\"height\":47,\"caption\":\"Vincente Delicacies\"},\"image\":{\"@id\":\"https:\/\/vincentedelicacies.com\/#\/schema\/logo\/image\/\"}}]}<\/script>\n<!-- \/ Yoast SEO Premium plugin. -->","yoast_head_json":{"title":"Assortimento fine Pasticceria Siciliana - Vincente Delicacies","description":"Un cofanetto metallico che custodisce deliziosi pasticcini al pistacchio siciliano, alla nocciola e alla mandorla: un mix di prelibatezze irresistibili. Frollini artigianali dal gusto delicato e avvolgente, impreziositi dal miglior cioccolato, perfetti per la colazione o per un piccolo break goloso. 180 g - 300 g","robots":{"index":"index","follow":"follow","max-snippet":"max-snippet:-1","max-image-preview":"max-image-preview:large","max-video-preview":"max-video-preview:-1"},"canonical":"https:\/\/vincentedelicacies.com\/fr\/produit\/haute-patisserie-sicilienne\/","og_locale":"fr_FR","og_type":"article","og_title":"Assortimento fine Pasticceria Siciliana","og_description":"Un cofanetto metallico che custodisce deliziosi pasticcini al pistacchio siciliano, alla nocciola e alla mandorla: un mix di prelibatezze irresistibili. Frollini artigianali dal gusto delicato e avvolgente, impreziositi dal miglior cioccolato, perfetti per la colazione o per un piccolo break goloso. 180 g - 300 g","og_url":"https:\/\/vincentedelicacies.com\/fr\/produit\/haute-patisserie-sicilienne\/","og_site_name":"Vincente Delicacies","article_modified_time":"2023-03-24T13:32:50+00:00","og_image":[{"width":890,"height":899,"url":"https:\/\/vincentedelicacies.com\/wp-content\/uploads\/2021\/06\/APS001L.jpg","type":"image\/jpeg"}],"twitter_card":"summary_large_image","twitter_misc":{"Dur\u00e9e de lecture estim\u00e9e":"2 minutes"},"schema":{"@context":"https:\/\/schema.org","@graph":[{"@type":"WebPage","@id":"https:\/\/vincentedelicacies.com\/prodotto\/alta-pasticceria-siciliana\/","url":"https:\/\/vincentedelicacies.com\/prodotto\/alta-pasticceria-siciliana\/","name":"Assortimento fine Pasticceria Siciliana - Vincente Delicacies","isPartOf":{"@id":"https:\/\/vincentedelicacies.com\/#website"},"primaryImageOfPage":{"@id":"https:\/\/vincentedelicacies.com\/prodotto\/alta-pasticceria-siciliana\/#primaryimage"},"image":{"@id":"https:\/\/vincentedelicacies.com\/prodotto\/alta-pasticceria-siciliana\/#primaryimage"},"thumbnailUrl":"https:\/\/vincentedelicacies.com\/wp-content\/uploads\/2021\/06\/APS001L.jpg","datePublished":"2021-06-23T12:15:00+00:00","dateModified":"2023-03-24T13:32:50+00:00","description":"Un cofanetto metallico che custodisce deliziosi pasticcini al pistacchio siciliano, alla nocciola e alla mandorla: un mix di prelibatezze irresistibili. Frollini artigianali dal gusto delicato e avvolgente, impreziositi dal miglior cioccolato, perfetti per la colazione o per un piccolo break goloso. 180 g - 300 g","breadcrumb":{"@id":"https:\/\/vincentedelicacies.com\/prodotto\/alta-pasticceria-siciliana\/#breadcrumb"},"inLanguage":"fr-FR","potentialAction":[{"@type":"ReadAction","target":["https:\/\/vincentedelicacies.com\/prodotto\/alta-pasticceria-siciliana\/"]}]},{"@type":"ImageObject","inLanguage":"fr-FR","@id":"https:\/\/vincentedelicacies.com\/prodotto\/alta-pasticceria-siciliana\/#primaryimage","url":"https:\/\/vincentedelicacies.com\/wp-content\/uploads\/2021\/06\/APS001L.jpg","contentUrl":"https:\/\/vincentedelicacies.com\/wp-content\/uploads\/2021\/06\/APS001L.jpg","width":890,"height":899,"caption":"Assortimento fine Pasticceria Siciliana"},{"@type":"BreadcrumbList","@id":"https:\/\/vincentedelicacies.com\/prodotto\/alta-pasticceria-siciliana\/#breadcrumb","itemListElement":[{"@type":"ListItem","position":1,"name":"Home","item":"https:\/\/vincentedelicacies.com\/"},{"@type":"ListItem","position":2,"name":"Prodotti","item":"https:\/\/vincentedelicacies.com\/shop1__trashed\/"},{"@type":"ListItem","position":3,"name":"Assortimento fine Pasticceria Siciliana"}]},{"@type":"WebSite","@id":"https:\/\/vincentedelicacies.com\/#website","url":"https:\/\/vincentedelicacies.com\/","name":"Vincente Delicacies","description":"Un grande laboratorio di pasticceria","publisher":{"@id":"https:\/\/vincentedelicacies.com\/#organization"},"potentialAction":[{"@type":"SearchAction","target":{"@type":"EntryPoint","urlTemplate":"https:\/\/vincentedelicacies.com\/?s={search_term_string}"},"query-input":{"@type":"PropertyValueSpecification","valueRequired":true,"valueName":"search_term_string"}}],"inLanguage":"fr-FR"},{"@type":"Organization","@id":"https:\/\/vincentedelicacies.com\/#organization","name":"Vincente Delicacies","url":"https:\/\/vincentedelicacies.com\/","logo":{"@type":"ImageObject","inLanguage":"fr-FR","@id":"https:\/\/vincentedelicacies.com\/#\/schema\/logo\/image\/","url":"https:\/\/vincentedelicacies.com\/wp-content\/uploads\/2021\/06\/logo.png","contentUrl":"https:\/\/vincentedelicacies.com\/wp-content\/uploads\/2021\/06\/logo.png","width":159,"height":47,"caption":"Vincente Delicacies"},"image":{"@id":"https:\/\/vincentedelicacies.com\/#\/schema\/logo\/image\/"}}]}},"_links":{"self":[{"href":"https:\/\/vincentedelicacies.com\/fr\/wp-json\/wp\/v2\/product\/2437","targetHints":{"allow":["GET"]}}],"collection":[{"href":"https:\/\/vincentedelicacies.com\/fr\/wp-json\/wp\/v2\/product"}],"about":[{"href":"https:\/\/vincentedelicacies.com\/fr\/wp-json\/wp\/v2\/types\/product"}],"replies":[{"embeddable":true,"href":"https:\/\/vincentedelicacies.com\/fr\/wp-json\/wp\/v2\/comments?post=2437"}],"wp:featuredmedia":[{"embeddable":true,"href":"https:\/\/vincentedelicacies.com\/fr\/wp-json\/wp\/v2\/media\/12787"}],"wp:attachment":[{"href":"https:\/\/vincentedelicacies.com\/fr\/wp-json\/wp\/v2\/media?parent=2437"}],"wp:term":[{"taxonomy":"product_brand","embeddable":true,"href":"https:\/\/vincentedelicacies.com\/fr\/wp-json\/wp\/v2\/product_brand?post=2437"},{"taxonomy":"product_cat","embeddable":true,"href":"https:\/\/vincentedelicacies.com\/fr\/wp-json\/wp\/v2\/product_cat?post=2437"},{"taxonomy":"product_tag","embeddable":true,"href":"https:\/\/vincentedelicacies.com\/fr\/wp-json\/wp\/v2\/product_tag?post=2437"}],"curies":[{"name":"wp","href":"https:\/\/api.w.org\/{rel}","templated":true}]}}