{"id":2367,"date":"2021-06-22T14:24:59","date_gmt":"2021-06-22T14:24:59","guid":{"rendered":"https:\/\/vincentedelicacies.com\/?post_type=product&#038;p=2367"},"modified":"2023-09-26T08:23:38","modified_gmt":"2023-09-26T08:23:38","slug":"creme-fine-de-liqueur-de-pistache-sicilienne","status":"publish","type":"product","link":"https:\/\/vincentedelicacies.com\/fr\/produit\/creme-fine-de-liqueur-de-pistache-sicilienne\/","title":{"rendered":"Cr\u00e8me de liqueur de pistache sicilienne Finest"},"content":{"rendered":"<p>Ingr\u00e9dients :<br \/>\nEau, sucre, alcool, p\u00e2te de PISTACCOCHIO de Sicile (min 4%), lait \u00e9cr\u00e9m\u00e9 en poudre, ar\u00f4me naturel, colorants : E100, E141.<\/p>","protected":false},"excerpt":{"rendered":"<p>Une cr\u00e8me fine pr\u00e9par\u00e9e avec des pistaches siciliennes. La liqueur de pistache Vincente est un v\u00e9ritable plaisir pour le palais. 50 cl<\/p>","protected":false},"featured_media":18918,"comment_status":"open","ping_status":"closed","template":"","meta":[],"product_brand":[],"product_cat":[45,131],"product_tag":[],"class_list":{"0":"post-2367","1":"product","2":"type-product","3":"status-publish","4":"has-post-thumbnail","6":"product_cat-liquori","7":"product_cat-liquori-2","9":"first","10":"instock","11":"shipping-taxable","12":"product-type-simple"},"yoast_head":"<!-- This site is optimized with the Yoast SEO Premium plugin v21.8 (Yoast SEO v26.6) - https:\/\/yoast.com\/wordpress\/plugins\/seo\/ -->\n<title>Finissima Crema di Liquore al Pistacchio di Sicilia - Vincente Delicacies<\/title>\n<meta name=\"description\" content=\"Una finissima crema preparata con pistacchio siciliano. Il liquore Vincente al pistacchio \u00e8 un vero piacere per il palato. 50 cl\" \/>\n<meta name=\"robots\" content=\"index, follow, max-snippet:-1, max-image-preview:large, max-video-preview:-1\" \/>\n<link rel=\"canonical\" href=\"https:\/\/vincentedelicacies.com\/fr\/produit\/creme-fine-de-liqueur-de-pistache-sicilienne\/\" \/>\n<meta property=\"og:locale\" content=\"fr_FR\" \/>\n<meta property=\"og:type\" content=\"article\" \/>\n<meta property=\"og:title\" content=\"Finissima Crema di Liquore al Pistacchio di Sicilia\" \/>\n<meta property=\"og:description\" content=\"Una finissima crema preparata con pistacchio siciliano. Il liquore Vincente al pistacchio \u00e8 un vero piacere per il palato. 50 cl\" \/>\n<meta property=\"og:url\" content=\"https:\/\/vincentedelicacies.com\/fr\/produit\/creme-fine-de-liqueur-de-pistache-sicilienne\/\" \/>\n<meta property=\"og:site_name\" content=\"Vincente Delicacies\" \/>\n<meta property=\"article:modified_time\" content=\"2023-09-26T08:23:38+00:00\" \/>\n<meta property=\"og:image\" content=\"https:\/\/vincentedelicacies.com\/wp-content\/uploads\/2021\/06\/liquore-pistacchio.jpg\" \/>\n\t<meta property=\"og:image:width\" content=\"790\" \/>\n\t<meta property=\"og:image:height\" content=\"799\" \/>\n\t<meta property=\"og:image:type\" content=\"image\/jpeg\" \/>\n<meta name=\"twitter:card\" content=\"summary_large_image\" \/>\n<meta name=\"twitter:label1\" content=\"Dur\u00e9e de lecture estim\u00e9e\" \/>\n\t<meta name=\"twitter:data1\" content=\"1 minute\" \/>\n<script type=\"application\/ld+json\" class=\"yoast-schema-graph\">{\"@context\":\"https:\/\/schema.org\",\"@graph\":[{\"@type\":\"WebPage\",\"@id\":\"https:\/\/vincentedelicacies.com\/prodotto\/finissima-crema-di-liquore-al-pistacchio-di-sicilia\/\",\"url\":\"https:\/\/vincentedelicacies.com\/prodotto\/finissima-crema-di-liquore-al-pistacchio-di-sicilia\/\",\"name\":\"Finissima Crema di Liquore al Pistacchio di Sicilia - Vincente Delicacies\",\"isPartOf\":{\"@id\":\"https:\/\/vincentedelicacies.com\/#website\"},\"primaryImageOfPage\":{\"@id\":\"https:\/\/vincentedelicacies.com\/prodotto\/finissima-crema-di-liquore-al-pistacchio-di-sicilia\/#primaryimage\"},\"image\":{\"@id\":\"https:\/\/vincentedelicacies.com\/prodotto\/finissima-crema-di-liquore-al-pistacchio-di-sicilia\/#primaryimage\"},\"thumbnailUrl\":\"https:\/\/vincentedelicacies.com\/wp-content\/uploads\/2021\/06\/liquore-pistacchio.jpg\",\"datePublished\":\"2021-06-22T14:24:59+00:00\",\"dateModified\":\"2023-09-26T08:23:38+00:00\",\"description\":\"Una finissima crema preparata con pistacchio siciliano. Il liquore Vincente al pistacchio \u00e8 un vero piacere per il palato. 50 cl\",\"breadcrumb\":{\"@id\":\"https:\/\/vincentedelicacies.com\/prodotto\/finissima-crema-di-liquore-al-pistacchio-di-sicilia\/#breadcrumb\"},\"inLanguage\":\"fr-FR\",\"potentialAction\":[{\"@type\":\"ReadAction\",\"target\":[\"https:\/\/vincentedelicacies.com\/prodotto\/finissima-crema-di-liquore-al-pistacchio-di-sicilia\/\"]}]},{\"@type\":\"ImageObject\",\"inLanguage\":\"fr-FR\",\"@id\":\"https:\/\/vincentedelicacies.com\/prodotto\/finissima-crema-di-liquore-al-pistacchio-di-sicilia\/#primaryimage\",\"url\":\"https:\/\/vincentedelicacies.com\/wp-content\/uploads\/2021\/06\/liquore-pistacchio.jpg\",\"contentUrl\":\"https:\/\/vincentedelicacies.com\/wp-content\/uploads\/2021\/06\/liquore-pistacchio.jpg\",\"width\":790,\"height\":799},{\"@type\":\"BreadcrumbList\",\"@id\":\"https:\/\/vincentedelicacies.com\/prodotto\/finissima-crema-di-liquore-al-pistacchio-di-sicilia\/#breadcrumb\",\"itemListElement\":[{\"@type\":\"ListItem\",\"position\":1,\"name\":\"Home\",\"item\":\"https:\/\/vincentedelicacies.com\/\"},{\"@type\":\"ListItem\",\"position\":2,\"name\":\"Prodotti\",\"item\":\"https:\/\/vincentedelicacies.com\/shop1__trashed\/\"},{\"@type\":\"ListItem\",\"position\":3,\"name\":\"Finissima Crema di Liquore al Pistacchio di Sicilia\"}]},{\"@type\":\"WebSite\",\"@id\":\"https:\/\/vincentedelicacies.com\/#website\",\"url\":\"https:\/\/vincentedelicacies.com\/\",\"name\":\"Vincente Delicacies\",\"description\":\"Un grande laboratorio di pasticceria\",\"publisher\":{\"@id\":\"https:\/\/vincentedelicacies.com\/#organization\"},\"potentialAction\":[{\"@type\":\"SearchAction\",\"target\":{\"@type\":\"EntryPoint\",\"urlTemplate\":\"https:\/\/vincentedelicacies.com\/?s={search_term_string}\"},\"query-input\":{\"@type\":\"PropertyValueSpecification\",\"valueRequired\":true,\"valueName\":\"search_term_string\"}}],\"inLanguage\":\"fr-FR\"},{\"@type\":\"Organization\",\"@id\":\"https:\/\/vincentedelicacies.com\/#organization\",\"name\":\"Vincente Delicacies\",\"url\":\"https:\/\/vincentedelicacies.com\/\",\"logo\":{\"@type\":\"ImageObject\",\"inLanguage\":\"fr-FR\",\"@id\":\"https:\/\/vincentedelicacies.com\/#\/schema\/logo\/image\/\",\"url\":\"https:\/\/vincentedelicacies.com\/wp-content\/uploads\/2021\/06\/logo.png\",\"contentUrl\":\"https:\/\/vincentedelicacies.com\/wp-content\/uploads\/2021\/06\/logo.png\",\"width\":159,\"height\":47,\"caption\":\"Vincente Delicacies\"},\"image\":{\"@id\":\"https:\/\/vincentedelicacies.com\/#\/schema\/logo\/image\/\"}}]}<\/script>\n<!-- \/ Yoast SEO Premium plugin. -->","yoast_head_json":{"title":"Finissima Crema di Liquore al Pistacchio di Sicilia - Vincente Delicacies","description":"Una finissima crema preparata con pistacchio siciliano. Il liquore Vincente al pistacchio \u00e8 un vero piacere per il palato. 50 cl","robots":{"index":"index","follow":"follow","max-snippet":"max-snippet:-1","max-image-preview":"max-image-preview:large","max-video-preview":"max-video-preview:-1"},"canonical":"https:\/\/vincentedelicacies.com\/fr\/produit\/creme-fine-de-liqueur-de-pistache-sicilienne\/","og_locale":"fr_FR","og_type":"article","og_title":"Finissima Crema di Liquore al Pistacchio di Sicilia","og_description":"Una finissima crema preparata con pistacchio siciliano. Il liquore Vincente al pistacchio \u00e8 un vero piacere per il palato. 50 cl","og_url":"https:\/\/vincentedelicacies.com\/fr\/produit\/creme-fine-de-liqueur-de-pistache-sicilienne\/","og_site_name":"Vincente Delicacies","article_modified_time":"2023-09-26T08:23:38+00:00","og_image":[{"width":790,"height":799,"url":"https:\/\/vincentedelicacies.com\/wp-content\/uploads\/2021\/06\/liquore-pistacchio.jpg","type":"image\/jpeg"}],"twitter_card":"summary_large_image","twitter_misc":{"Dur\u00e9e de lecture estim\u00e9e":"1 minute"},"schema":{"@context":"https:\/\/schema.org","@graph":[{"@type":"WebPage","@id":"https:\/\/vincentedelicacies.com\/prodotto\/finissima-crema-di-liquore-al-pistacchio-di-sicilia\/","url":"https:\/\/vincentedelicacies.com\/prodotto\/finissima-crema-di-liquore-al-pistacchio-di-sicilia\/","name":"Finissima Crema di Liquore al Pistacchio di Sicilia - Vincente Delicacies","isPartOf":{"@id":"https:\/\/vincentedelicacies.com\/#website"},"primaryImageOfPage":{"@id":"https:\/\/vincentedelicacies.com\/prodotto\/finissima-crema-di-liquore-al-pistacchio-di-sicilia\/#primaryimage"},"image":{"@id":"https:\/\/vincentedelicacies.com\/prodotto\/finissima-crema-di-liquore-al-pistacchio-di-sicilia\/#primaryimage"},"thumbnailUrl":"https:\/\/vincentedelicacies.com\/wp-content\/uploads\/2021\/06\/liquore-pistacchio.jpg","datePublished":"2021-06-22T14:24:59+00:00","dateModified":"2023-09-26T08:23:38+00:00","description":"Una finissima crema preparata con pistacchio siciliano. Il liquore Vincente al pistacchio \u00e8 un vero piacere per il palato. 50 cl","breadcrumb":{"@id":"https:\/\/vincentedelicacies.com\/prodotto\/finissima-crema-di-liquore-al-pistacchio-di-sicilia\/#breadcrumb"},"inLanguage":"fr-FR","potentialAction":[{"@type":"ReadAction","target":["https:\/\/vincentedelicacies.com\/prodotto\/finissima-crema-di-liquore-al-pistacchio-di-sicilia\/"]}]},{"@type":"ImageObject","inLanguage":"fr-FR","@id":"https:\/\/vincentedelicacies.com\/prodotto\/finissima-crema-di-liquore-al-pistacchio-di-sicilia\/#primaryimage","url":"https:\/\/vincentedelicacies.com\/wp-content\/uploads\/2021\/06\/liquore-pistacchio.jpg","contentUrl":"https:\/\/vincentedelicacies.com\/wp-content\/uploads\/2021\/06\/liquore-pistacchio.jpg","width":790,"height":799},{"@type":"BreadcrumbList","@id":"https:\/\/vincentedelicacies.com\/prodotto\/finissima-crema-di-liquore-al-pistacchio-di-sicilia\/#breadcrumb","itemListElement":[{"@type":"ListItem","position":1,"name":"Home","item":"https:\/\/vincentedelicacies.com\/"},{"@type":"ListItem","position":2,"name":"Prodotti","item":"https:\/\/vincentedelicacies.com\/shop1__trashed\/"},{"@type":"ListItem","position":3,"name":"Finissima Crema di Liquore al Pistacchio di Sicilia"}]},{"@type":"WebSite","@id":"https:\/\/vincentedelicacies.com\/#website","url":"https:\/\/vincentedelicacies.com\/","name":"Vincente Delicacies","description":"Un grande laboratorio di pasticceria","publisher":{"@id":"https:\/\/vincentedelicacies.com\/#organization"},"potentialAction":[{"@type":"SearchAction","target":{"@type":"EntryPoint","urlTemplate":"https:\/\/vincentedelicacies.com\/?s={search_term_string}"},"query-input":{"@type":"PropertyValueSpecification","valueRequired":true,"valueName":"search_term_string"}}],"inLanguage":"fr-FR"},{"@type":"Organization","@id":"https:\/\/vincentedelicacies.com\/#organization","name":"Vincente Delicacies","url":"https:\/\/vincentedelicacies.com\/","logo":{"@type":"ImageObject","inLanguage":"fr-FR","@id":"https:\/\/vincentedelicacies.com\/#\/schema\/logo\/image\/","url":"https:\/\/vincentedelicacies.com\/wp-content\/uploads\/2021\/06\/logo.png","contentUrl":"https:\/\/vincentedelicacies.com\/wp-content\/uploads\/2021\/06\/logo.png","width":159,"height":47,"caption":"Vincente Delicacies"},"image":{"@id":"https:\/\/vincentedelicacies.com\/#\/schema\/logo\/image\/"}}]}},"_links":{"self":[{"href":"https:\/\/vincentedelicacies.com\/fr\/wp-json\/wp\/v2\/product\/2367","targetHints":{"allow":["GET"]}}],"collection":[{"href":"https:\/\/vincentedelicacies.com\/fr\/wp-json\/wp\/v2\/product"}],"about":[{"href":"https:\/\/vincentedelicacies.com\/fr\/wp-json\/wp\/v2\/types\/product"}],"replies":[{"embeddable":true,"href":"https:\/\/vincentedelicacies.com\/fr\/wp-json\/wp\/v2\/comments?post=2367"}],"wp:featuredmedia":[{"embeddable":true,"href":"https:\/\/vincentedelicacies.com\/fr\/wp-json\/wp\/v2\/media\/18918"}],"wp:attachment":[{"href":"https:\/\/vincentedelicacies.com\/fr\/wp-json\/wp\/v2\/media?parent=2367"}],"wp:term":[{"taxonomy":"product_brand","embeddable":true,"href":"https:\/\/vincentedelicacies.com\/fr\/wp-json\/wp\/v2\/product_brand?post=2367"},{"taxonomy":"product_cat","embeddable":true,"href":"https:\/\/vincentedelicacies.com\/fr\/wp-json\/wp\/v2\/product_cat?post=2367"},{"taxonomy":"product_tag","embeddable":true,"href":"https:\/\/vincentedelicacies.com\/fr\/wp-json\/wp\/v2\/product_tag?post=2367"}],"curies":[{"name":"wp","href":"https:\/\/api.w.org\/{rel}","templated":true}]}}