{"id":2362,"date":"2021-06-22T14:19:04","date_gmt":"2021-06-22T14:19:04","guid":{"rendered":"https:\/\/vincentedelicacies.com\/?post_type=product&#038;p=2362"},"modified":"2023-09-26T08:21:42","modified_gmt":"2023-09-26T08:21:42","slug":"creme-a-la-liqueur-de-chocolat-noir-fin","status":"publish","type":"product","link":"https:\/\/vincentedelicacies.com\/fr\/produit\/creme-a-la-liqueur-de-chocolat-noir-fin\/","title":{"rendered":"Cr\u00e8me fine \u00e0 la liqueur de chocolat noir"},"content":{"rendered":"<p>Ingr\u00e9dients :<br \/>\nSucre, alcool hydrat\u00e9, poudre de cacao (min. 4%), chocolat (min. 2%), LAIT \u00e9cr\u00e9m\u00e9, infusion de cacao, ar\u00f4me naturel.<\/p>","protected":false},"excerpt":{"rendered":"<p>La liqueur Vincente au chocolat noir est une cr\u00e8me d\u00e9licieuse, id\u00e9ale pour accompagner les biscuits secs, mais aussi d\u00e9licieuse seule. 50 cl<\/p>","protected":false},"featured_media":18906,"comment_status":"open","ping_status":"closed","template":"","meta":[],"product_brand":[],"product_cat":[45,131],"product_tag":[],"class_list":{"0":"post-2362","1":"product","2":"type-product","3":"status-publish","4":"has-post-thumbnail","6":"product_cat-liquori","7":"product_cat-liquori-2","9":"first","10":"instock","11":"shipping-taxable","12":"product-type-simple"},"yoast_head":"<!-- This site is optimized with the Yoast SEO Premium plugin v21.8 (Yoast SEO v26.6) - https:\/\/yoast.com\/wordpress\/plugins\/seo\/ -->\n<title>Finissima Crema di Liquore al Cioccolato Fondente - Vincente Delicacies<\/title>\n<meta name=\"description\" content=\"Il liquore Vincente al cioccolato fondente \u00e8 una crema deliziosa, ideale da gustare con dei biscotti secchi, ma delizioso anche da solo.\" \/>\n<meta name=\"robots\" content=\"index, follow, max-snippet:-1, max-image-preview:large, max-video-preview:-1\" \/>\n<link rel=\"canonical\" href=\"https:\/\/vincentedelicacies.com\/fr\/produit\/creme-a-la-liqueur-de-chocolat-noir-fin\/\" \/>\n<meta property=\"og:locale\" content=\"fr_FR\" \/>\n<meta property=\"og:type\" content=\"article\" \/>\n<meta property=\"og:title\" content=\"Finissima Crema di Liquore al Cioccolato Fondente\" \/>\n<meta property=\"og:description\" content=\"Il liquore Vincente al cioccolato fondente \u00e8 una crema deliziosa, ideale da gustare con dei biscotti secchi, ma delizioso anche da solo. 50 cl\" \/>\n<meta property=\"og:url\" content=\"https:\/\/vincentedelicacies.com\/fr\/produit\/creme-a-la-liqueur-de-chocolat-noir-fin\/\" \/>\n<meta property=\"og:site_name\" content=\"Vincente Delicacies\" \/>\n<meta property=\"article:modified_time\" content=\"2023-09-26T08:21:42+00:00\" \/>\n<meta property=\"og:image\" content=\"https:\/\/vincentedelicacies.com\/wp-content\/uploads\/2021\/06\/liquore-cioccolato.jpg\" \/>\n\t<meta property=\"og:image:width\" content=\"790\" \/>\n\t<meta property=\"og:image:height\" content=\"799\" \/>\n\t<meta property=\"og:image:type\" content=\"image\/jpeg\" \/>\n<meta name=\"twitter:card\" content=\"summary_large_image\" \/>\n<meta name=\"twitter:label1\" content=\"Dur\u00e9e de lecture estim\u00e9e\" \/>\n\t<meta name=\"twitter:data1\" content=\"1 minute\" \/>\n<script type=\"application\/ld+json\" class=\"yoast-schema-graph\">{\"@context\":\"https:\/\/schema.org\",\"@graph\":[{\"@type\":\"WebPage\",\"@id\":\"https:\/\/vincentedelicacies.com\/prodotto\/finissima-crema-di-liquore-al-cioccolato-fondente\/\",\"url\":\"https:\/\/vincentedelicacies.com\/prodotto\/finissima-crema-di-liquore-al-cioccolato-fondente\/\",\"name\":\"Finissima Crema di Liquore al Cioccolato Fondente - Vincente Delicacies\",\"isPartOf\":{\"@id\":\"https:\/\/vincentedelicacies.com\/#website\"},\"primaryImageOfPage\":{\"@id\":\"https:\/\/vincentedelicacies.com\/prodotto\/finissima-crema-di-liquore-al-cioccolato-fondente\/#primaryimage\"},\"image\":{\"@id\":\"https:\/\/vincentedelicacies.com\/prodotto\/finissima-crema-di-liquore-al-cioccolato-fondente\/#primaryimage\"},\"thumbnailUrl\":\"https:\/\/vincentedelicacies.com\/wp-content\/uploads\/2021\/06\/liquore-cioccolato.jpg\",\"datePublished\":\"2021-06-22T14:19:04+00:00\",\"dateModified\":\"2023-09-26T08:21:42+00:00\",\"description\":\"Il liquore Vincente al cioccolato fondente \u00e8 una crema deliziosa, ideale da gustare con dei biscotti secchi, ma delizioso anche da solo.\",\"breadcrumb\":{\"@id\":\"https:\/\/vincentedelicacies.com\/prodotto\/finissima-crema-di-liquore-al-cioccolato-fondente\/#breadcrumb\"},\"inLanguage\":\"fr-FR\",\"potentialAction\":[{\"@type\":\"ReadAction\",\"target\":[\"https:\/\/vincentedelicacies.com\/prodotto\/finissima-crema-di-liquore-al-cioccolato-fondente\/\"]}]},{\"@type\":\"ImageObject\",\"inLanguage\":\"fr-FR\",\"@id\":\"https:\/\/vincentedelicacies.com\/prodotto\/finissima-crema-di-liquore-al-cioccolato-fondente\/#primaryimage\",\"url\":\"https:\/\/vincentedelicacies.com\/wp-content\/uploads\/2021\/06\/liquore-cioccolato.jpg\",\"contentUrl\":\"https:\/\/vincentedelicacies.com\/wp-content\/uploads\/2021\/06\/liquore-cioccolato.jpg\",\"width\":790,\"height\":799},{\"@type\":\"BreadcrumbList\",\"@id\":\"https:\/\/vincentedelicacies.com\/prodotto\/finissima-crema-di-liquore-al-cioccolato-fondente\/#breadcrumb\",\"itemListElement\":[{\"@type\":\"ListItem\",\"position\":1,\"name\":\"Home\",\"item\":\"https:\/\/vincentedelicacies.com\/\"},{\"@type\":\"ListItem\",\"position\":2,\"name\":\"Prodotti\",\"item\":\"https:\/\/vincentedelicacies.com\/shop1__trashed\/\"},{\"@type\":\"ListItem\",\"position\":3,\"name\":\"Finissima Crema di Liquore al Cioccolato Fondente\"}]},{\"@type\":\"WebSite\",\"@id\":\"https:\/\/vincentedelicacies.com\/#website\",\"url\":\"https:\/\/vincentedelicacies.com\/\",\"name\":\"Vincente Delicacies\",\"description\":\"Un grande laboratorio di pasticceria\",\"publisher\":{\"@id\":\"https:\/\/vincentedelicacies.com\/#organization\"},\"potentialAction\":[{\"@type\":\"SearchAction\",\"target\":{\"@type\":\"EntryPoint\",\"urlTemplate\":\"https:\/\/vincentedelicacies.com\/?s={search_term_string}\"},\"query-input\":{\"@type\":\"PropertyValueSpecification\",\"valueRequired\":true,\"valueName\":\"search_term_string\"}}],\"inLanguage\":\"fr-FR\"},{\"@type\":\"Organization\",\"@id\":\"https:\/\/vincentedelicacies.com\/#organization\",\"name\":\"Vincente Delicacies\",\"url\":\"https:\/\/vincentedelicacies.com\/\",\"logo\":{\"@type\":\"ImageObject\",\"inLanguage\":\"fr-FR\",\"@id\":\"https:\/\/vincentedelicacies.com\/#\/schema\/logo\/image\/\",\"url\":\"https:\/\/vincentedelicacies.com\/wp-content\/uploads\/2021\/06\/logo.png\",\"contentUrl\":\"https:\/\/vincentedelicacies.com\/wp-content\/uploads\/2021\/06\/logo.png\",\"width\":159,\"height\":47,\"caption\":\"Vincente Delicacies\"},\"image\":{\"@id\":\"https:\/\/vincentedelicacies.com\/#\/schema\/logo\/image\/\"}}]}<\/script>\n<!-- \/ Yoast SEO Premium plugin. -->","yoast_head_json":{"title":"Finissima Crema di Liquore al Cioccolato Fondente - Vincente Delicacies","description":"Il liquore Vincente al cioccolato fondente \u00e8 una crema deliziosa, ideale da gustare con dei biscotti secchi, ma delizioso anche da solo.","robots":{"index":"index","follow":"follow","max-snippet":"max-snippet:-1","max-image-preview":"max-image-preview:large","max-video-preview":"max-video-preview:-1"},"canonical":"https:\/\/vincentedelicacies.com\/fr\/produit\/creme-a-la-liqueur-de-chocolat-noir-fin\/","og_locale":"fr_FR","og_type":"article","og_title":"Finissima Crema di Liquore al Cioccolato Fondente","og_description":"Il liquore Vincente al cioccolato fondente \u00e8 una crema deliziosa, ideale da gustare con dei biscotti secchi, ma delizioso anche da solo. 50 cl","og_url":"https:\/\/vincentedelicacies.com\/fr\/produit\/creme-a-la-liqueur-de-chocolat-noir-fin\/","og_site_name":"Vincente Delicacies","article_modified_time":"2023-09-26T08:21:42+00:00","og_image":[{"width":790,"height":799,"url":"https:\/\/vincentedelicacies.com\/wp-content\/uploads\/2021\/06\/liquore-cioccolato.jpg","type":"image\/jpeg"}],"twitter_card":"summary_large_image","twitter_misc":{"Dur\u00e9e de lecture estim\u00e9e":"1 minute"},"schema":{"@context":"https:\/\/schema.org","@graph":[{"@type":"WebPage","@id":"https:\/\/vincentedelicacies.com\/prodotto\/finissima-crema-di-liquore-al-cioccolato-fondente\/","url":"https:\/\/vincentedelicacies.com\/prodotto\/finissima-crema-di-liquore-al-cioccolato-fondente\/","name":"Finissima Crema di Liquore al Cioccolato Fondente - Vincente Delicacies","isPartOf":{"@id":"https:\/\/vincentedelicacies.com\/#website"},"primaryImageOfPage":{"@id":"https:\/\/vincentedelicacies.com\/prodotto\/finissima-crema-di-liquore-al-cioccolato-fondente\/#primaryimage"},"image":{"@id":"https:\/\/vincentedelicacies.com\/prodotto\/finissima-crema-di-liquore-al-cioccolato-fondente\/#primaryimage"},"thumbnailUrl":"https:\/\/vincentedelicacies.com\/wp-content\/uploads\/2021\/06\/liquore-cioccolato.jpg","datePublished":"2021-06-22T14:19:04+00:00","dateModified":"2023-09-26T08:21:42+00:00","description":"Il liquore Vincente al cioccolato fondente \u00e8 una crema deliziosa, ideale da gustare con dei biscotti secchi, ma delizioso anche da solo.","breadcrumb":{"@id":"https:\/\/vincentedelicacies.com\/prodotto\/finissima-crema-di-liquore-al-cioccolato-fondente\/#breadcrumb"},"inLanguage":"fr-FR","potentialAction":[{"@type":"ReadAction","target":["https:\/\/vincentedelicacies.com\/prodotto\/finissima-crema-di-liquore-al-cioccolato-fondente\/"]}]},{"@type":"ImageObject","inLanguage":"fr-FR","@id":"https:\/\/vincentedelicacies.com\/prodotto\/finissima-crema-di-liquore-al-cioccolato-fondente\/#primaryimage","url":"https:\/\/vincentedelicacies.com\/wp-content\/uploads\/2021\/06\/liquore-cioccolato.jpg","contentUrl":"https:\/\/vincentedelicacies.com\/wp-content\/uploads\/2021\/06\/liquore-cioccolato.jpg","width":790,"height":799},{"@type":"BreadcrumbList","@id":"https:\/\/vincentedelicacies.com\/prodotto\/finissima-crema-di-liquore-al-cioccolato-fondente\/#breadcrumb","itemListElement":[{"@type":"ListItem","position":1,"name":"Home","item":"https:\/\/vincentedelicacies.com\/"},{"@type":"ListItem","position":2,"name":"Prodotti","item":"https:\/\/vincentedelicacies.com\/shop1__trashed\/"},{"@type":"ListItem","position":3,"name":"Finissima Crema di Liquore al Cioccolato Fondente"}]},{"@type":"WebSite","@id":"https:\/\/vincentedelicacies.com\/#website","url":"https:\/\/vincentedelicacies.com\/","name":"Vincente Delicacies","description":"Un grande laboratorio di pasticceria","publisher":{"@id":"https:\/\/vincentedelicacies.com\/#organization"},"potentialAction":[{"@type":"SearchAction","target":{"@type":"EntryPoint","urlTemplate":"https:\/\/vincentedelicacies.com\/?s={search_term_string}"},"query-input":{"@type":"PropertyValueSpecification","valueRequired":true,"valueName":"search_term_string"}}],"inLanguage":"fr-FR"},{"@type":"Organization","@id":"https:\/\/vincentedelicacies.com\/#organization","name":"Vincente Delicacies","url":"https:\/\/vincentedelicacies.com\/","logo":{"@type":"ImageObject","inLanguage":"fr-FR","@id":"https:\/\/vincentedelicacies.com\/#\/schema\/logo\/image\/","url":"https:\/\/vincentedelicacies.com\/wp-content\/uploads\/2021\/06\/logo.png","contentUrl":"https:\/\/vincentedelicacies.com\/wp-content\/uploads\/2021\/06\/logo.png","width":159,"height":47,"caption":"Vincente Delicacies"},"image":{"@id":"https:\/\/vincentedelicacies.com\/#\/schema\/logo\/image\/"}}]}},"_links":{"self":[{"href":"https:\/\/vincentedelicacies.com\/fr\/wp-json\/wp\/v2\/product\/2362","targetHints":{"allow":["GET"]}}],"collection":[{"href":"https:\/\/vincentedelicacies.com\/fr\/wp-json\/wp\/v2\/product"}],"about":[{"href":"https:\/\/vincentedelicacies.com\/fr\/wp-json\/wp\/v2\/types\/product"}],"replies":[{"embeddable":true,"href":"https:\/\/vincentedelicacies.com\/fr\/wp-json\/wp\/v2\/comments?post=2362"}],"wp:featuredmedia":[{"embeddable":true,"href":"https:\/\/vincentedelicacies.com\/fr\/wp-json\/wp\/v2\/media\/18906"}],"wp:attachment":[{"href":"https:\/\/vincentedelicacies.com\/fr\/wp-json\/wp\/v2\/media?parent=2362"}],"wp:term":[{"taxonomy":"product_brand","embeddable":true,"href":"https:\/\/vincentedelicacies.com\/fr\/wp-json\/wp\/v2\/product_brand?post=2362"},{"taxonomy":"product_cat","embeddable":true,"href":"https:\/\/vincentedelicacies.com\/fr\/wp-json\/wp\/v2\/product_cat?post=2362"},{"taxonomy":"product_tag","embeddable":true,"href":"https:\/\/vincentedelicacies.com\/fr\/wp-json\/wp\/v2\/product_tag?post=2362"}],"curies":[{"name":"wp","href":"https:\/\/api.w.org\/{rel}","templated":true}]}}