{"id":2307,"date":"2021-06-22T12:29:39","date_gmt":"2021-06-22T12:29:39","guid":{"rendered":"https:\/\/vincentedelicacies.com\/?post_type=product&#038;p=2307"},"modified":"2023-09-14T12:29:45","modified_gmt":"2023-09-14T12:29:45","slug":"carres-de-figues-enrobes-de-chocolat-extra-noir-70","status":"publish","type":"product","link":"https:\/\/vincentedelicacies.com\/fr\/produit\/carres-de-figues-enrobes-de-chocolat-extra-noir-70\/","title":{"rendered":"Quadrelli di Fichi ricoperti di Cioccolato Extra Fondente 70 %"},"content":{"rendered":"<p>Ingr\u00e9dients :<br \/>\nChocolat extra noir (p\u00e2te de cacao 70%, sucre, beurre de cacao, \u00e9mulsifiant : l\u00e9cithine SOY, extrait de vanille), cubes de figues s\u00e9ch\u00e9es 35%<\/p>","protected":false},"excerpt":{"rendered":"<p>Le chocolat noir avec 70% recouvre des cubes de figues s\u00e9ch\u00e9es, un vrai r\u00e9gal. 100 g<\/p>","protected":false},"featured_media":18869,"comment_status":"open","ping_status":"closed","template":"","meta":[],"product_brand":[],"product_cat":[43,442],"product_tag":[],"class_list":{"0":"post-2307","1":"product","2":"type-product","3":"status-publish","4":"has-post-thumbnail","6":"product_cat-frutta-secca","7":"product_cat-secca-ricoperta-di-cioccolato-2","9":"first","10":"instock","11":"shipping-taxable","12":"product-type-simple"},"yoast_head":"<!-- This site is optimized with the Yoast SEO Premium plugin v21.8 (Yoast SEO v26.6) - https:\/\/yoast.com\/wordpress\/plugins\/seo\/ -->\n<title>Quadrelli di Fichi ricoperti di Cioccolato Extra Fondente 70 % - Vincente Delicacies<\/title>\n<meta name=\"description\" content=\"Quadrelli di ottimi fichi secchi ricoperti dal miglior Cioccolato extra fondente al 70%\" \/>\n<meta name=\"robots\" content=\"index, follow, max-snippet:-1, max-image-preview:large, max-video-preview:-1\" \/>\n<link rel=\"canonical\" href=\"https:\/\/vincentedelicacies.com\/fr\/produit\/carres-de-figues-enrobes-de-chocolat-extra-noir-70\/\" \/>\n<meta property=\"og:locale\" content=\"fr_FR\" \/>\n<meta property=\"og:type\" content=\"article\" \/>\n<meta property=\"og:title\" content=\"Quadrelli di Fichi ricoperti di Cioccolato Extra Fondente 70 %\" \/>\n<meta property=\"og:description\" content=\"Cioccolato fondente al 70% ricopre cubetti di fichi secchi, una vera goduria. 100 g\" \/>\n<meta property=\"og:url\" content=\"https:\/\/vincentedelicacies.com\/fr\/produit\/carres-de-figues-enrobes-de-chocolat-extra-noir-70\/\" \/>\n<meta property=\"og:site_name\" content=\"Vincente Delicacies\" \/>\n<meta property=\"article:modified_time\" content=\"2023-09-14T12:29:45+00:00\" \/>\n<meta property=\"og:image\" content=\"https:\/\/vincentedelicacies.com\/wp-content\/uploads\/2021\/06\/quadrelli.jpg\" \/>\n\t<meta property=\"og:image:width\" content=\"790\" \/>\n\t<meta property=\"og:image:height\" content=\"799\" \/>\n\t<meta property=\"og:image:type\" content=\"image\/jpeg\" \/>\n<meta name=\"twitter:card\" content=\"summary_large_image\" \/>\n<meta name=\"twitter:label1\" content=\"Dur\u00e9e de lecture estim\u00e9e\" \/>\n\t<meta name=\"twitter:data1\" content=\"1 minute\" \/>\n<script type=\"application\/ld+json\" class=\"yoast-schema-graph\">{\"@context\":\"https:\/\/schema.org\",\"@graph\":[{\"@type\":\"WebPage\",\"@id\":\"https:\/\/vincentedelicacies.com\/prodotto\/quadrelli-di-fichi-ricoperti-di-cioccolato-extra-fondente-70\/\",\"url\":\"https:\/\/vincentedelicacies.com\/prodotto\/quadrelli-di-fichi-ricoperti-di-cioccolato-extra-fondente-70\/\",\"name\":\"Quadrelli di Fichi ricoperti di Cioccolato Extra Fondente 70 % - Vincente Delicacies\",\"isPartOf\":{\"@id\":\"https:\/\/vincentedelicacies.com\/#website\"},\"primaryImageOfPage\":{\"@id\":\"https:\/\/vincentedelicacies.com\/prodotto\/quadrelli-di-fichi-ricoperti-di-cioccolato-extra-fondente-70\/#primaryimage\"},\"image\":{\"@id\":\"https:\/\/vincentedelicacies.com\/prodotto\/quadrelli-di-fichi-ricoperti-di-cioccolato-extra-fondente-70\/#primaryimage\"},\"thumbnailUrl\":\"https:\/\/vincentedelicacies.com\/wp-content\/uploads\/2021\/06\/quadrelli.jpg\",\"datePublished\":\"2021-06-22T12:29:39+00:00\",\"dateModified\":\"2023-09-14T12:29:45+00:00\",\"description\":\"Quadrelli di ottimi fichi secchi ricoperti dal miglior Cioccolato extra fondente al 70%\",\"breadcrumb\":{\"@id\":\"https:\/\/vincentedelicacies.com\/prodotto\/quadrelli-di-fichi-ricoperti-di-cioccolato-extra-fondente-70\/#breadcrumb\"},\"inLanguage\":\"fr-FR\",\"potentialAction\":[{\"@type\":\"ReadAction\",\"target\":[\"https:\/\/vincentedelicacies.com\/prodotto\/quadrelli-di-fichi-ricoperti-di-cioccolato-extra-fondente-70\/\"]}]},{\"@type\":\"ImageObject\",\"inLanguage\":\"fr-FR\",\"@id\":\"https:\/\/vincentedelicacies.com\/prodotto\/quadrelli-di-fichi-ricoperti-di-cioccolato-extra-fondente-70\/#primaryimage\",\"url\":\"https:\/\/vincentedelicacies.com\/wp-content\/uploads\/2021\/06\/quadrelli.jpg\",\"contentUrl\":\"https:\/\/vincentedelicacies.com\/wp-content\/uploads\/2021\/06\/quadrelli.jpg\",\"width\":790,\"height\":799},{\"@type\":\"BreadcrumbList\",\"@id\":\"https:\/\/vincentedelicacies.com\/prodotto\/quadrelli-di-fichi-ricoperti-di-cioccolato-extra-fondente-70\/#breadcrumb\",\"itemListElement\":[{\"@type\":\"ListItem\",\"position\":1,\"name\":\"Home\",\"item\":\"https:\/\/vincentedelicacies.com\/\"},{\"@type\":\"ListItem\",\"position\":2,\"name\":\"Prodotti\",\"item\":\"https:\/\/vincentedelicacies.com\/shop1__trashed\/\"},{\"@type\":\"ListItem\",\"position\":3,\"name\":\"Quadrelli di Fichi ricoperti di Cioccolato Extra Fondente 70 %\"}]},{\"@type\":\"WebSite\",\"@id\":\"https:\/\/vincentedelicacies.com\/#website\",\"url\":\"https:\/\/vincentedelicacies.com\/\",\"name\":\"Vincente Delicacies\",\"description\":\"Un grande laboratorio di pasticceria\",\"publisher\":{\"@id\":\"https:\/\/vincentedelicacies.com\/#organization\"},\"potentialAction\":[{\"@type\":\"SearchAction\",\"target\":{\"@type\":\"EntryPoint\",\"urlTemplate\":\"https:\/\/vincentedelicacies.com\/?s={search_term_string}\"},\"query-input\":{\"@type\":\"PropertyValueSpecification\",\"valueRequired\":true,\"valueName\":\"search_term_string\"}}],\"inLanguage\":\"fr-FR\"},{\"@type\":\"Organization\",\"@id\":\"https:\/\/vincentedelicacies.com\/#organization\",\"name\":\"Vincente Delicacies\",\"url\":\"https:\/\/vincentedelicacies.com\/\",\"logo\":{\"@type\":\"ImageObject\",\"inLanguage\":\"fr-FR\",\"@id\":\"https:\/\/vincentedelicacies.com\/#\/schema\/logo\/image\/\",\"url\":\"https:\/\/vincentedelicacies.com\/wp-content\/uploads\/2021\/06\/logo.png\",\"contentUrl\":\"https:\/\/vincentedelicacies.com\/wp-content\/uploads\/2021\/06\/logo.png\",\"width\":159,\"height\":47,\"caption\":\"Vincente Delicacies\"},\"image\":{\"@id\":\"https:\/\/vincentedelicacies.com\/#\/schema\/logo\/image\/\"}}]}<\/script>\n<!-- \/ Yoast SEO Premium plugin. -->","yoast_head_json":{"title":"Quadrelli di Fichi ricoperti di Cioccolato Extra Fondente 70 % - Vincente Delicacies","description":"Quadrelli di ottimi fichi secchi ricoperti dal miglior Cioccolato extra fondente al 70%","robots":{"index":"index","follow":"follow","max-snippet":"max-snippet:-1","max-image-preview":"max-image-preview:large","max-video-preview":"max-video-preview:-1"},"canonical":"https:\/\/vincentedelicacies.com\/fr\/produit\/carres-de-figues-enrobes-de-chocolat-extra-noir-70\/","og_locale":"fr_FR","og_type":"article","og_title":"Quadrelli di Fichi ricoperti di Cioccolato Extra Fondente 70 %","og_description":"Cioccolato fondente al 70% ricopre cubetti di fichi secchi, una vera goduria. 100 g","og_url":"https:\/\/vincentedelicacies.com\/fr\/produit\/carres-de-figues-enrobes-de-chocolat-extra-noir-70\/","og_site_name":"Vincente Delicacies","article_modified_time":"2023-09-14T12:29:45+00:00","og_image":[{"width":790,"height":799,"url":"https:\/\/vincentedelicacies.com\/wp-content\/uploads\/2021\/06\/quadrelli.jpg","type":"image\/jpeg"}],"twitter_card":"summary_large_image","twitter_misc":{"Dur\u00e9e de lecture estim\u00e9e":"1 minute"},"schema":{"@context":"https:\/\/schema.org","@graph":[{"@type":"WebPage","@id":"https:\/\/vincentedelicacies.com\/prodotto\/quadrelli-di-fichi-ricoperti-di-cioccolato-extra-fondente-70\/","url":"https:\/\/vincentedelicacies.com\/prodotto\/quadrelli-di-fichi-ricoperti-di-cioccolato-extra-fondente-70\/","name":"Quadrelli di Fichi ricoperti di Cioccolato Extra Fondente 70 % - Vincente Delicacies","isPartOf":{"@id":"https:\/\/vincentedelicacies.com\/#website"},"primaryImageOfPage":{"@id":"https:\/\/vincentedelicacies.com\/prodotto\/quadrelli-di-fichi-ricoperti-di-cioccolato-extra-fondente-70\/#primaryimage"},"image":{"@id":"https:\/\/vincentedelicacies.com\/prodotto\/quadrelli-di-fichi-ricoperti-di-cioccolato-extra-fondente-70\/#primaryimage"},"thumbnailUrl":"https:\/\/vincentedelicacies.com\/wp-content\/uploads\/2021\/06\/quadrelli.jpg","datePublished":"2021-06-22T12:29:39+00:00","dateModified":"2023-09-14T12:29:45+00:00","description":"Quadrelli di ottimi fichi secchi ricoperti dal miglior Cioccolato extra fondente al 70%","breadcrumb":{"@id":"https:\/\/vincentedelicacies.com\/prodotto\/quadrelli-di-fichi-ricoperti-di-cioccolato-extra-fondente-70\/#breadcrumb"},"inLanguage":"fr-FR","potentialAction":[{"@type":"ReadAction","target":["https:\/\/vincentedelicacies.com\/prodotto\/quadrelli-di-fichi-ricoperti-di-cioccolato-extra-fondente-70\/"]}]},{"@type":"ImageObject","inLanguage":"fr-FR","@id":"https:\/\/vincentedelicacies.com\/prodotto\/quadrelli-di-fichi-ricoperti-di-cioccolato-extra-fondente-70\/#primaryimage","url":"https:\/\/vincentedelicacies.com\/wp-content\/uploads\/2021\/06\/quadrelli.jpg","contentUrl":"https:\/\/vincentedelicacies.com\/wp-content\/uploads\/2021\/06\/quadrelli.jpg","width":790,"height":799},{"@type":"BreadcrumbList","@id":"https:\/\/vincentedelicacies.com\/prodotto\/quadrelli-di-fichi-ricoperti-di-cioccolato-extra-fondente-70\/#breadcrumb","itemListElement":[{"@type":"ListItem","position":1,"name":"Home","item":"https:\/\/vincentedelicacies.com\/"},{"@type":"ListItem","position":2,"name":"Prodotti","item":"https:\/\/vincentedelicacies.com\/shop1__trashed\/"},{"@type":"ListItem","position":3,"name":"Quadrelli di Fichi ricoperti di Cioccolato Extra Fondente 70 %"}]},{"@type":"WebSite","@id":"https:\/\/vincentedelicacies.com\/#website","url":"https:\/\/vincentedelicacies.com\/","name":"Vincente Delicacies","description":"Un grande laboratorio di pasticceria","publisher":{"@id":"https:\/\/vincentedelicacies.com\/#organization"},"potentialAction":[{"@type":"SearchAction","target":{"@type":"EntryPoint","urlTemplate":"https:\/\/vincentedelicacies.com\/?s={search_term_string}"},"query-input":{"@type":"PropertyValueSpecification","valueRequired":true,"valueName":"search_term_string"}}],"inLanguage":"fr-FR"},{"@type":"Organization","@id":"https:\/\/vincentedelicacies.com\/#organization","name":"Vincente Delicacies","url":"https:\/\/vincentedelicacies.com\/","logo":{"@type":"ImageObject","inLanguage":"fr-FR","@id":"https:\/\/vincentedelicacies.com\/#\/schema\/logo\/image\/","url":"https:\/\/vincentedelicacies.com\/wp-content\/uploads\/2021\/06\/logo.png","contentUrl":"https:\/\/vincentedelicacies.com\/wp-content\/uploads\/2021\/06\/logo.png","width":159,"height":47,"caption":"Vincente Delicacies"},"image":{"@id":"https:\/\/vincentedelicacies.com\/#\/schema\/logo\/image\/"}}]}},"_links":{"self":[{"href":"https:\/\/vincentedelicacies.com\/fr\/wp-json\/wp\/v2\/product\/2307","targetHints":{"allow":["GET"]}}],"collection":[{"href":"https:\/\/vincentedelicacies.com\/fr\/wp-json\/wp\/v2\/product"}],"about":[{"href":"https:\/\/vincentedelicacies.com\/fr\/wp-json\/wp\/v2\/types\/product"}],"replies":[{"embeddable":true,"href":"https:\/\/vincentedelicacies.com\/fr\/wp-json\/wp\/v2\/comments?post=2307"}],"wp:featuredmedia":[{"embeddable":true,"href":"https:\/\/vincentedelicacies.com\/fr\/wp-json\/wp\/v2\/media\/18869"}],"wp:attachment":[{"href":"https:\/\/vincentedelicacies.com\/fr\/wp-json\/wp\/v2\/media?parent=2307"}],"wp:term":[{"taxonomy":"product_brand","embeddable":true,"href":"https:\/\/vincentedelicacies.com\/fr\/wp-json\/wp\/v2\/product_brand?post=2307"},{"taxonomy":"product_cat","embeddable":true,"href":"https:\/\/vincentedelicacies.com\/fr\/wp-json\/wp\/v2\/product_cat?post=2307"},{"taxonomy":"product_tag","embeddable":true,"href":"https:\/\/vincentedelicacies.com\/fr\/wp-json\/wp\/v2\/product_tag?post=2307"}],"curies":[{"name":"wp","href":"https:\/\/api.w.org\/{rel}","templated":true}]}}