{"id":2301,"date":"2021-06-22T12:19:06","date_gmt":"2021-06-22T12:19:06","guid":{"rendered":"https:\/\/vincentedelicacies.com\/?post_type=product&#038;p=2301"},"modified":"2023-09-26T07:43:48","modified_gmt":"2023-09-26T07:43:48","slug":"pistaches-siciliennes-enrobees-de-chocolat-blanc-fin","status":"publish","type":"product","link":"https:\/\/vincentedelicacies.com\/fr\/produit\/pistaches-siciliennes-enrobees-de-chocolat-blanc-fin\/","title":{"rendered":"F\u00e8ves de pistaches siciliennes enrob\u00e9es de chocolat blanc fin"},"content":{"rendered":"<p>Ingr\u00e9dients :<br \/>\nChocolat blanc (sucre, beurre de cacao, poudre de LAIT, poudre de lactos\u00e9rum, \u00e9mulsifiant : l\u00e9cithine de SOY, extrait de vanille), PISTACHO 35%.<\/p>","protected":false},"excerpt":{"rendered":"<p>Un \u00e9l\u00e9gant pot contient des pistaches siciliennes enrob\u00e9es de chocolat blanc fin. 130 g<\/p>","protected":false},"featured_media":18857,"comment_status":"open","ping_status":"closed","template":"","meta":[],"product_brand":[],"product_cat":[43,442],"product_tag":[],"class_list":{"0":"post-2301","1":"product","2":"type-product","3":"status-publish","4":"has-post-thumbnail","6":"product_cat-frutta-secca","7":"product_cat-secca-ricoperta-di-cioccolato-2","9":"first","10":"instock","11":"shipping-taxable","12":"product-type-variable"},"yoast_head":"<!-- This site is optimized with the Yoast SEO Premium plugin v21.8 (Yoast SEO v26.6) - https:\/\/yoast.com\/wordpress\/plugins\/seo\/ -->\n<title>Chicchi di Pistacchio di Sicilia ricoperti di Finissimo Cioccolato Bianco - Vincente Delicacies<\/title>\n<meta name=\"description\" content=\"Un vasetto elegante custodisce del pistacchio siciliano ricoperto da finissimo cioccolato bianco. 130 g\" \/>\n<meta name=\"robots\" content=\"index, follow, max-snippet:-1, max-image-preview:large, max-video-preview:-1\" \/>\n<link rel=\"canonical\" href=\"https:\/\/vincentedelicacies.com\/fr\/produit\/pistaches-siciliennes-enrobees-de-chocolat-blanc-fin\/\" \/>\n<meta property=\"og:locale\" content=\"fr_FR\" \/>\n<meta property=\"og:type\" content=\"article\" \/>\n<meta property=\"og:title\" content=\"Chicchi di Pistacchio di Sicilia ricoperti di Finissimo Cioccolato Bianco\" \/>\n<meta property=\"og:description\" content=\"Un vasetto elegante custodisce del pistacchio siciliano ricoperto da finissimo cioccolato bianco. 130 g\" \/>\n<meta property=\"og:url\" content=\"https:\/\/vincentedelicacies.com\/fr\/produit\/pistaches-siciliennes-enrobees-de-chocolat-blanc-fin\/\" \/>\n<meta property=\"og:site_name\" content=\"Vincente Delicacies\" \/>\n<meta property=\"article:modified_time\" content=\"2023-09-26T07:43:48+00:00\" \/>\n<meta property=\"og:image\" content=\"https:\/\/vincentedelicacies.com\/wp-content\/uploads\/2021\/06\/chicchi-pistacchio.jpg\" \/>\n\t<meta property=\"og:image:width\" content=\"790\" \/>\n\t<meta property=\"og:image:height\" content=\"799\" \/>\n\t<meta property=\"og:image:type\" content=\"image\/jpeg\" \/>\n<meta name=\"twitter:card\" content=\"summary_large_image\" \/>\n<meta name=\"twitter:label1\" content=\"Dur\u00e9e de lecture estim\u00e9e\" \/>\n\t<meta name=\"twitter:data1\" content=\"1 minute\" \/>\n<script type=\"application\/ld+json\" class=\"yoast-schema-graph\">{\"@context\":\"https:\/\/schema.org\",\"@graph\":[{\"@type\":\"WebPage\",\"@id\":\"https:\/\/vincentedelicacies.com\/prodotto\/chicchi-di-pistacchio-di-sicilia-ricoperti-di-finissimo-cioccolato-bianco\/\",\"url\":\"https:\/\/vincentedelicacies.com\/prodotto\/chicchi-di-pistacchio-di-sicilia-ricoperti-di-finissimo-cioccolato-bianco\/\",\"name\":\"Chicchi di Pistacchio di Sicilia ricoperti di Finissimo Cioccolato Bianco - Vincente Delicacies\",\"isPartOf\":{\"@id\":\"https:\/\/vincentedelicacies.com\/#website\"},\"primaryImageOfPage\":{\"@id\":\"https:\/\/vincentedelicacies.com\/prodotto\/chicchi-di-pistacchio-di-sicilia-ricoperti-di-finissimo-cioccolato-bianco\/#primaryimage\"},\"image\":{\"@id\":\"https:\/\/vincentedelicacies.com\/prodotto\/chicchi-di-pistacchio-di-sicilia-ricoperti-di-finissimo-cioccolato-bianco\/#primaryimage\"},\"thumbnailUrl\":\"https:\/\/vincentedelicacies.com\/wp-content\/uploads\/2021\/06\/chicchi-pistacchio.jpg\",\"datePublished\":\"2021-06-22T12:19:06+00:00\",\"dateModified\":\"2023-09-26T07:43:48+00:00\",\"description\":\"Un vasetto elegante custodisce del pistacchio siciliano ricoperto da finissimo cioccolato bianco. 130 g\",\"breadcrumb\":{\"@id\":\"https:\/\/vincentedelicacies.com\/prodotto\/chicchi-di-pistacchio-di-sicilia-ricoperti-di-finissimo-cioccolato-bianco\/#breadcrumb\"},\"inLanguage\":\"fr-FR\",\"potentialAction\":[{\"@type\":\"ReadAction\",\"target\":[\"https:\/\/vincentedelicacies.com\/prodotto\/chicchi-di-pistacchio-di-sicilia-ricoperti-di-finissimo-cioccolato-bianco\/\"]}]},{\"@type\":\"ImageObject\",\"inLanguage\":\"fr-FR\",\"@id\":\"https:\/\/vincentedelicacies.com\/prodotto\/chicchi-di-pistacchio-di-sicilia-ricoperti-di-finissimo-cioccolato-bianco\/#primaryimage\",\"url\":\"https:\/\/vincentedelicacies.com\/wp-content\/uploads\/2021\/06\/chicchi-pistacchio.jpg\",\"contentUrl\":\"https:\/\/vincentedelicacies.com\/wp-content\/uploads\/2021\/06\/chicchi-pistacchio.jpg\",\"width\":790,\"height\":799},{\"@type\":\"BreadcrumbList\",\"@id\":\"https:\/\/vincentedelicacies.com\/prodotto\/chicchi-di-pistacchio-di-sicilia-ricoperti-di-finissimo-cioccolato-bianco\/#breadcrumb\",\"itemListElement\":[{\"@type\":\"ListItem\",\"position\":1,\"name\":\"Home\",\"item\":\"https:\/\/vincentedelicacies.com\/\"},{\"@type\":\"ListItem\",\"position\":2,\"name\":\"Prodotti\",\"item\":\"https:\/\/vincentedelicacies.com\/shop1__trashed\/\"},{\"@type\":\"ListItem\",\"position\":3,\"name\":\"Chicchi di Pistacchio di Sicilia ricoperti di Finissimo Cioccolato Bianco\"}]},{\"@type\":\"WebSite\",\"@id\":\"https:\/\/vincentedelicacies.com\/#website\",\"url\":\"https:\/\/vincentedelicacies.com\/\",\"name\":\"Vincente Delicacies\",\"description\":\"Un grande laboratorio di pasticceria\",\"publisher\":{\"@id\":\"https:\/\/vincentedelicacies.com\/#organization\"},\"potentialAction\":[{\"@type\":\"SearchAction\",\"target\":{\"@type\":\"EntryPoint\",\"urlTemplate\":\"https:\/\/vincentedelicacies.com\/?s={search_term_string}\"},\"query-input\":{\"@type\":\"PropertyValueSpecification\",\"valueRequired\":true,\"valueName\":\"search_term_string\"}}],\"inLanguage\":\"fr-FR\"},{\"@type\":\"Organization\",\"@id\":\"https:\/\/vincentedelicacies.com\/#organization\",\"name\":\"Vincente Delicacies\",\"url\":\"https:\/\/vincentedelicacies.com\/\",\"logo\":{\"@type\":\"ImageObject\",\"inLanguage\":\"fr-FR\",\"@id\":\"https:\/\/vincentedelicacies.com\/#\/schema\/logo\/image\/\",\"url\":\"https:\/\/vincentedelicacies.com\/wp-content\/uploads\/2021\/06\/logo.png\",\"contentUrl\":\"https:\/\/vincentedelicacies.com\/wp-content\/uploads\/2021\/06\/logo.png\",\"width\":159,\"height\":47,\"caption\":\"Vincente Delicacies\"},\"image\":{\"@id\":\"https:\/\/vincentedelicacies.com\/#\/schema\/logo\/image\/\"}}]}<\/script>\n<!-- \/ Yoast SEO Premium plugin. -->","yoast_head_json":{"title":"Chicchi di Pistacchio di Sicilia ricoperti di Finissimo Cioccolato Bianco - Vincente Delicacies","description":"Un vasetto elegante custodisce del pistacchio siciliano ricoperto da finissimo cioccolato bianco. 130 g","robots":{"index":"index","follow":"follow","max-snippet":"max-snippet:-1","max-image-preview":"max-image-preview:large","max-video-preview":"max-video-preview:-1"},"canonical":"https:\/\/vincentedelicacies.com\/fr\/produit\/pistaches-siciliennes-enrobees-de-chocolat-blanc-fin\/","og_locale":"fr_FR","og_type":"article","og_title":"Chicchi di Pistacchio di Sicilia ricoperti di Finissimo Cioccolato Bianco","og_description":"Un vasetto elegante custodisce del pistacchio siciliano ricoperto da finissimo cioccolato bianco. 130 g","og_url":"https:\/\/vincentedelicacies.com\/fr\/produit\/pistaches-siciliennes-enrobees-de-chocolat-blanc-fin\/","og_site_name":"Vincente Delicacies","article_modified_time":"2023-09-26T07:43:48+00:00","og_image":[{"width":790,"height":799,"url":"https:\/\/vincentedelicacies.com\/wp-content\/uploads\/2021\/06\/chicchi-pistacchio.jpg","type":"image\/jpeg"}],"twitter_card":"summary_large_image","twitter_misc":{"Dur\u00e9e de lecture estim\u00e9e":"1 minute"},"schema":{"@context":"https:\/\/schema.org","@graph":[{"@type":"WebPage","@id":"https:\/\/vincentedelicacies.com\/prodotto\/chicchi-di-pistacchio-di-sicilia-ricoperti-di-finissimo-cioccolato-bianco\/","url":"https:\/\/vincentedelicacies.com\/prodotto\/chicchi-di-pistacchio-di-sicilia-ricoperti-di-finissimo-cioccolato-bianco\/","name":"Chicchi di Pistacchio di Sicilia ricoperti di Finissimo Cioccolato Bianco - Vincente Delicacies","isPartOf":{"@id":"https:\/\/vincentedelicacies.com\/#website"},"primaryImageOfPage":{"@id":"https:\/\/vincentedelicacies.com\/prodotto\/chicchi-di-pistacchio-di-sicilia-ricoperti-di-finissimo-cioccolato-bianco\/#primaryimage"},"image":{"@id":"https:\/\/vincentedelicacies.com\/prodotto\/chicchi-di-pistacchio-di-sicilia-ricoperti-di-finissimo-cioccolato-bianco\/#primaryimage"},"thumbnailUrl":"https:\/\/vincentedelicacies.com\/wp-content\/uploads\/2021\/06\/chicchi-pistacchio.jpg","datePublished":"2021-06-22T12:19:06+00:00","dateModified":"2023-09-26T07:43:48+00:00","description":"Un vasetto elegante custodisce del pistacchio siciliano ricoperto da finissimo cioccolato bianco. 130 g","breadcrumb":{"@id":"https:\/\/vincentedelicacies.com\/prodotto\/chicchi-di-pistacchio-di-sicilia-ricoperti-di-finissimo-cioccolato-bianco\/#breadcrumb"},"inLanguage":"fr-FR","potentialAction":[{"@type":"ReadAction","target":["https:\/\/vincentedelicacies.com\/prodotto\/chicchi-di-pistacchio-di-sicilia-ricoperti-di-finissimo-cioccolato-bianco\/"]}]},{"@type":"ImageObject","inLanguage":"fr-FR","@id":"https:\/\/vincentedelicacies.com\/prodotto\/chicchi-di-pistacchio-di-sicilia-ricoperti-di-finissimo-cioccolato-bianco\/#primaryimage","url":"https:\/\/vincentedelicacies.com\/wp-content\/uploads\/2021\/06\/chicchi-pistacchio.jpg","contentUrl":"https:\/\/vincentedelicacies.com\/wp-content\/uploads\/2021\/06\/chicchi-pistacchio.jpg","width":790,"height":799},{"@type":"BreadcrumbList","@id":"https:\/\/vincentedelicacies.com\/prodotto\/chicchi-di-pistacchio-di-sicilia-ricoperti-di-finissimo-cioccolato-bianco\/#breadcrumb","itemListElement":[{"@type":"ListItem","position":1,"name":"Home","item":"https:\/\/vincentedelicacies.com\/"},{"@type":"ListItem","position":2,"name":"Prodotti","item":"https:\/\/vincentedelicacies.com\/shop1__trashed\/"},{"@type":"ListItem","position":3,"name":"Chicchi di Pistacchio di Sicilia ricoperti di Finissimo Cioccolato Bianco"}]},{"@type":"WebSite","@id":"https:\/\/vincentedelicacies.com\/#website","url":"https:\/\/vincentedelicacies.com\/","name":"Vincente Delicacies","description":"Un grande laboratorio di pasticceria","publisher":{"@id":"https:\/\/vincentedelicacies.com\/#organization"},"potentialAction":[{"@type":"SearchAction","target":{"@type":"EntryPoint","urlTemplate":"https:\/\/vincentedelicacies.com\/?s={search_term_string}"},"query-input":{"@type":"PropertyValueSpecification","valueRequired":true,"valueName":"search_term_string"}}],"inLanguage":"fr-FR"},{"@type":"Organization","@id":"https:\/\/vincentedelicacies.com\/#organization","name":"Vincente Delicacies","url":"https:\/\/vincentedelicacies.com\/","logo":{"@type":"ImageObject","inLanguage":"fr-FR","@id":"https:\/\/vincentedelicacies.com\/#\/schema\/logo\/image\/","url":"https:\/\/vincentedelicacies.com\/wp-content\/uploads\/2021\/06\/logo.png","contentUrl":"https:\/\/vincentedelicacies.com\/wp-content\/uploads\/2021\/06\/logo.png","width":159,"height":47,"caption":"Vincente Delicacies"},"image":{"@id":"https:\/\/vincentedelicacies.com\/#\/schema\/logo\/image\/"}}]}},"_links":{"self":[{"href":"https:\/\/vincentedelicacies.com\/fr\/wp-json\/wp\/v2\/product\/2301","targetHints":{"allow":["GET"]}}],"collection":[{"href":"https:\/\/vincentedelicacies.com\/fr\/wp-json\/wp\/v2\/product"}],"about":[{"href":"https:\/\/vincentedelicacies.com\/fr\/wp-json\/wp\/v2\/types\/product"}],"replies":[{"embeddable":true,"href":"https:\/\/vincentedelicacies.com\/fr\/wp-json\/wp\/v2\/comments?post=2301"}],"wp:featuredmedia":[{"embeddable":true,"href":"https:\/\/vincentedelicacies.com\/fr\/wp-json\/wp\/v2\/media\/18857"}],"wp:attachment":[{"href":"https:\/\/vincentedelicacies.com\/fr\/wp-json\/wp\/v2\/media?parent=2301"}],"wp:term":[{"taxonomy":"product_brand","embeddable":true,"href":"https:\/\/vincentedelicacies.com\/fr\/wp-json\/wp\/v2\/product_brand?post=2301"},{"taxonomy":"product_cat","embeddable":true,"href":"https:\/\/vincentedelicacies.com\/fr\/wp-json\/wp\/v2\/product_cat?post=2301"},{"taxonomy":"product_tag","embeddable":true,"href":"https:\/\/vincentedelicacies.com\/fr\/wp-json\/wp\/v2\/product_tag?post=2301"}],"curies":[{"name":"wp","href":"https:\/\/api.w.org\/{rel}","templated":true}]}}