{"id":2264,"date":"2021-06-22T11:07:48","date_gmt":"2021-06-22T11:07:48","guid":{"rendered":"https:\/\/vincentedelicacies.com\/?post_type=product&#038;p=2264"},"modified":"2024-03-14T07:30:21","modified_gmt":"2024-03-14T07:30:21","slug":"amande","status":"publish","type":"product","link":"https:\/\/vincentedelicacies.com\/fr\/produit\/amande\/","title":{"rendered":"Cr\u00e8me d'amande"},"content":{"rendered":"<p><strong>Ingr\u00e9dients : ALMONDES<\/strong> 45%, sucre, <strong>LAIT<\/strong> poudre, lactos\u00e9rum de <strong>LAIT<\/strong> poudre, graisses v\u00e9g\u00e9tales non hydrog\u00e9n\u00e9es (huile de tournesol, huile de coco, beurre de cacao), huile d'olive extra vierge, \u00e9mulsifiant : l\u00e9cithine de <strong>SOYA<\/strong>ar\u00f4mes.<\/p>\n<p>Peut contenir d'autres fruits \u00e0 coque : <strong>Pistaches, noisettes, noix, noix de cajou.<\/strong><\/p>\n<p>&nbsp;<\/p>","protected":false},"excerpt":{"rendered":"<p>La cr\u00e8me \u00e0 tartiner aux amandes de Sicile 45% est fabriqu\u00e9e \u00e0 la main avec des amandes Avola, une excellence sicilienne. La cr\u00e8me \u00e0 tartiner aux amandes se pr\u00e9sente dans un pot au look \u00e9l\u00e9gant et moderne, pr\u00eat \u00e0 capter tous les sens. D\u00e9licate et cr\u00e9meuse, elle est parfaite pour \u00eatre d\u00e9gust\u00e9e sur des toasts, sur du pain au petit d\u00e9jeuner et pour garnir des desserts.<\/p>","protected":false},"featured_media":2268,"comment_status":"open","ping_status":"closed","template":"","meta":[],"product_brand":[],"product_cat":[42,434],"product_tag":[],"class_list":{"0":"post-2264","1":"product","2":"type-product","3":"status-publish","4":"has-post-thumbnail","6":"product_cat-creme-spalmabili","7":"product_cat-creme-spalmabili-2","9":"first","10":"instock","11":"shipping-taxable","12":"product-type-variable"},"yoast_head":"<!-- This site is optimized with the Yoast SEO Premium plugin v21.8 (Yoast SEO v26.6) - https:\/\/yoast.com\/wordpress\/plugins\/seo\/ -->\n<title>Crema alle Mandorle - Vincente Delicacies<\/title>\n<meta name=\"description\" content=\"La crema spalmabile alla mandorla delicata e cremosa, viene prodotta artigianalmente con le mandorle d\u2019Avola.\" \/>\n<meta name=\"robots\" content=\"index, follow, max-snippet:-1, max-image-preview:large, max-video-preview:-1\" \/>\n<link rel=\"canonical\" href=\"https:\/\/vincentedelicacies.com\/fr\/produit\/amande\/\" \/>\n<meta property=\"og:locale\" content=\"fr_FR\" \/>\n<meta property=\"og:type\" content=\"article\" \/>\n<meta property=\"og:title\" content=\"Crema alle Mandorle\" \/>\n<meta property=\"og:description\" content=\"Crema spalmabile alla mandorla di Sicilia 45%, prodotta artigianalmente con le mandorle d\u2019Avola, eccellenza siciliana. La crema spalmabile alla mandorla si presenta in un vasetto dell\u2019elegante e moderno look pronto a catturare davvero tutti i sensi. Delicata e cremosa, \u00e8 perfetta da gustare su fette biscottate, sul pane a colazione e per guarnire dolci.\" \/>\n<meta property=\"og:url\" content=\"https:\/\/vincentedelicacies.com\/fr\/produit\/amande\/\" \/>\n<meta property=\"og:site_name\" content=\"Vincente Delicacies\" \/>\n<meta property=\"article:modified_time\" content=\"2024-03-14T07:30:21+00:00\" \/>\n<meta property=\"og:image\" content=\"https:\/\/vincentedelicacies.com\/wp-content\/uploads\/2021\/06\/crema-mandorla.jpg\" \/>\n\t<meta property=\"og:image:width\" content=\"790\" \/>\n\t<meta property=\"og:image:height\" content=\"799\" \/>\n\t<meta property=\"og:image:type\" content=\"image\/jpeg\" \/>\n<meta name=\"twitter:card\" content=\"summary_large_image\" \/>\n<meta name=\"twitter:label1\" content=\"Dur\u00e9e de lecture estim\u00e9e\" \/>\n\t<meta name=\"twitter:data1\" content=\"1 minute\" \/>\n<script type=\"application\/ld+json\" class=\"yoast-schema-graph\">{\"@context\":\"https:\/\/schema.org\",\"@graph\":[{\"@type\":\"WebPage\",\"@id\":\"https:\/\/vincentedelicacies.com\/prodotto\/mandorla\/\",\"url\":\"https:\/\/vincentedelicacies.com\/prodotto\/mandorla\/\",\"name\":\"Crema alle Mandorle - Vincente Delicacies\",\"isPartOf\":{\"@id\":\"https:\/\/vincentedelicacies.com\/#website\"},\"primaryImageOfPage\":{\"@id\":\"https:\/\/vincentedelicacies.com\/prodotto\/mandorla\/#primaryimage\"},\"image\":{\"@id\":\"https:\/\/vincentedelicacies.com\/prodotto\/mandorla\/#primaryimage\"},\"thumbnailUrl\":\"https:\/\/vincentedelicacies.com\/wp-content\/uploads\/2021\/06\/crema-mandorla.jpg\",\"datePublished\":\"2021-06-22T11:07:48+00:00\",\"dateModified\":\"2024-03-14T07:30:21+00:00\",\"description\":\"La crema spalmabile alla mandorla delicata e cremosa, viene prodotta artigianalmente con le mandorle d\u2019Avola.\",\"breadcrumb\":{\"@id\":\"https:\/\/vincentedelicacies.com\/prodotto\/mandorla\/#breadcrumb\"},\"inLanguage\":\"fr-FR\",\"potentialAction\":[{\"@type\":\"ReadAction\",\"target\":[\"https:\/\/vincentedelicacies.com\/prodotto\/mandorla\/\"]}]},{\"@type\":\"ImageObject\",\"inLanguage\":\"fr-FR\",\"@id\":\"https:\/\/vincentedelicacies.com\/prodotto\/mandorla\/#primaryimage\",\"url\":\"https:\/\/vincentedelicacies.com\/wp-content\/uploads\/2021\/06\/crema-mandorla.jpg\",\"contentUrl\":\"https:\/\/vincentedelicacies.com\/wp-content\/uploads\/2021\/06\/crema-mandorla.jpg\",\"width\":790,\"height\":799,\"caption\":\"Crema alla Mandorla D\u2019Avola\"},{\"@type\":\"BreadcrumbList\",\"@id\":\"https:\/\/vincentedelicacies.com\/prodotto\/mandorla\/#breadcrumb\",\"itemListElement\":[{\"@type\":\"ListItem\",\"position\":1,\"name\":\"Home\",\"item\":\"https:\/\/vincentedelicacies.com\/\"},{\"@type\":\"ListItem\",\"position\":2,\"name\":\"Prodotti\",\"item\":\"https:\/\/vincentedelicacies.com\/shop1__trashed\/\"},{\"@type\":\"ListItem\",\"position\":3,\"name\":\"Crema alle Mandorle\"}]},{\"@type\":\"WebSite\",\"@id\":\"https:\/\/vincentedelicacies.com\/#website\",\"url\":\"https:\/\/vincentedelicacies.com\/\",\"name\":\"Vincente Delicacies\",\"description\":\"Un grande laboratorio di pasticceria\",\"publisher\":{\"@id\":\"https:\/\/vincentedelicacies.com\/#organization\"},\"potentialAction\":[{\"@type\":\"SearchAction\",\"target\":{\"@type\":\"EntryPoint\",\"urlTemplate\":\"https:\/\/vincentedelicacies.com\/?s={search_term_string}\"},\"query-input\":{\"@type\":\"PropertyValueSpecification\",\"valueRequired\":true,\"valueName\":\"search_term_string\"}}],\"inLanguage\":\"fr-FR\"},{\"@type\":\"Organization\",\"@id\":\"https:\/\/vincentedelicacies.com\/#organization\",\"name\":\"Vincente Delicacies\",\"url\":\"https:\/\/vincentedelicacies.com\/\",\"logo\":{\"@type\":\"ImageObject\",\"inLanguage\":\"fr-FR\",\"@id\":\"https:\/\/vincentedelicacies.com\/#\/schema\/logo\/image\/\",\"url\":\"https:\/\/vincentedelicacies.com\/wp-content\/uploads\/2021\/06\/logo.png\",\"contentUrl\":\"https:\/\/vincentedelicacies.com\/wp-content\/uploads\/2021\/06\/logo.png\",\"width\":159,\"height\":47,\"caption\":\"Vincente Delicacies\"},\"image\":{\"@id\":\"https:\/\/vincentedelicacies.com\/#\/schema\/logo\/image\/\"}}]}<\/script>\n<!-- \/ Yoast SEO Premium plugin. -->","yoast_head_json":{"title":"Crema alle Mandorle - Vincente Delicacies","description":"La crema spalmabile alla mandorla delicata e cremosa, viene prodotta artigianalmente con le mandorle d\u2019Avola.","robots":{"index":"index","follow":"follow","max-snippet":"max-snippet:-1","max-image-preview":"max-image-preview:large","max-video-preview":"max-video-preview:-1"},"canonical":"https:\/\/vincentedelicacies.com\/fr\/produit\/amande\/","og_locale":"fr_FR","og_type":"article","og_title":"Crema alle Mandorle","og_description":"Crema spalmabile alla mandorla di Sicilia 45%, prodotta artigianalmente con le mandorle d\u2019Avola, eccellenza siciliana. La crema spalmabile alla mandorla si presenta in un vasetto dell\u2019elegante e moderno look pronto a catturare davvero tutti i sensi. Delicata e cremosa, \u00e8 perfetta da gustare su fette biscottate, sul pane a colazione e per guarnire dolci.","og_url":"https:\/\/vincentedelicacies.com\/fr\/produit\/amande\/","og_site_name":"Vincente Delicacies","article_modified_time":"2024-03-14T07:30:21+00:00","og_image":[{"width":790,"height":799,"url":"https:\/\/vincentedelicacies.com\/wp-content\/uploads\/2021\/06\/crema-mandorla.jpg","type":"image\/jpeg"}],"twitter_card":"summary_large_image","twitter_misc":{"Dur\u00e9e de lecture estim\u00e9e":"1 minute"},"schema":{"@context":"https:\/\/schema.org","@graph":[{"@type":"WebPage","@id":"https:\/\/vincentedelicacies.com\/prodotto\/mandorla\/","url":"https:\/\/vincentedelicacies.com\/prodotto\/mandorla\/","name":"Crema alle Mandorle - Vincente Delicacies","isPartOf":{"@id":"https:\/\/vincentedelicacies.com\/#website"},"primaryImageOfPage":{"@id":"https:\/\/vincentedelicacies.com\/prodotto\/mandorla\/#primaryimage"},"image":{"@id":"https:\/\/vincentedelicacies.com\/prodotto\/mandorla\/#primaryimage"},"thumbnailUrl":"https:\/\/vincentedelicacies.com\/wp-content\/uploads\/2021\/06\/crema-mandorla.jpg","datePublished":"2021-06-22T11:07:48+00:00","dateModified":"2024-03-14T07:30:21+00:00","description":"La crema spalmabile alla mandorla delicata e cremosa, viene prodotta artigianalmente con le mandorle d\u2019Avola.","breadcrumb":{"@id":"https:\/\/vincentedelicacies.com\/prodotto\/mandorla\/#breadcrumb"},"inLanguage":"fr-FR","potentialAction":[{"@type":"ReadAction","target":["https:\/\/vincentedelicacies.com\/prodotto\/mandorla\/"]}]},{"@type":"ImageObject","inLanguage":"fr-FR","@id":"https:\/\/vincentedelicacies.com\/prodotto\/mandorla\/#primaryimage","url":"https:\/\/vincentedelicacies.com\/wp-content\/uploads\/2021\/06\/crema-mandorla.jpg","contentUrl":"https:\/\/vincentedelicacies.com\/wp-content\/uploads\/2021\/06\/crema-mandorla.jpg","width":790,"height":799,"caption":"Crema alla Mandorla D\u2019Avola"},{"@type":"BreadcrumbList","@id":"https:\/\/vincentedelicacies.com\/prodotto\/mandorla\/#breadcrumb","itemListElement":[{"@type":"ListItem","position":1,"name":"Home","item":"https:\/\/vincentedelicacies.com\/"},{"@type":"ListItem","position":2,"name":"Prodotti","item":"https:\/\/vincentedelicacies.com\/shop1__trashed\/"},{"@type":"ListItem","position":3,"name":"Crema alle Mandorle"}]},{"@type":"WebSite","@id":"https:\/\/vincentedelicacies.com\/#website","url":"https:\/\/vincentedelicacies.com\/","name":"Vincente Delicacies","description":"Un grande laboratorio di pasticceria","publisher":{"@id":"https:\/\/vincentedelicacies.com\/#organization"},"potentialAction":[{"@type":"SearchAction","target":{"@type":"EntryPoint","urlTemplate":"https:\/\/vincentedelicacies.com\/?s={search_term_string}"},"query-input":{"@type":"PropertyValueSpecification","valueRequired":true,"valueName":"search_term_string"}}],"inLanguage":"fr-FR"},{"@type":"Organization","@id":"https:\/\/vincentedelicacies.com\/#organization","name":"Vincente Delicacies","url":"https:\/\/vincentedelicacies.com\/","logo":{"@type":"ImageObject","inLanguage":"fr-FR","@id":"https:\/\/vincentedelicacies.com\/#\/schema\/logo\/image\/","url":"https:\/\/vincentedelicacies.com\/wp-content\/uploads\/2021\/06\/logo.png","contentUrl":"https:\/\/vincentedelicacies.com\/wp-content\/uploads\/2021\/06\/logo.png","width":159,"height":47,"caption":"Vincente Delicacies"},"image":{"@id":"https:\/\/vincentedelicacies.com\/#\/schema\/logo\/image\/"}}]}},"_links":{"self":[{"href":"https:\/\/vincentedelicacies.com\/fr\/wp-json\/wp\/v2\/product\/2264","targetHints":{"allow":["GET"]}}],"collection":[{"href":"https:\/\/vincentedelicacies.com\/fr\/wp-json\/wp\/v2\/product"}],"about":[{"href":"https:\/\/vincentedelicacies.com\/fr\/wp-json\/wp\/v2\/types\/product"}],"replies":[{"embeddable":true,"href":"https:\/\/vincentedelicacies.com\/fr\/wp-json\/wp\/v2\/comments?post=2264"}],"wp:featuredmedia":[{"embeddable":true,"href":"https:\/\/vincentedelicacies.com\/fr\/wp-json\/wp\/v2\/media\/2268"}],"wp:attachment":[{"href":"https:\/\/vincentedelicacies.com\/fr\/wp-json\/wp\/v2\/media?parent=2264"}],"wp:term":[{"taxonomy":"product_brand","embeddable":true,"href":"https:\/\/vincentedelicacies.com\/fr\/wp-json\/wp\/v2\/product_brand?post=2264"},{"taxonomy":"product_cat","embeddable":true,"href":"https:\/\/vincentedelicacies.com\/fr\/wp-json\/wp\/v2\/product_cat?post=2264"},{"taxonomy":"product_tag","embeddable":true,"href":"https:\/\/vincentedelicacies.com\/fr\/wp-json\/wp\/v2\/product_tag?post=2264"}],"curies":[{"name":"wp","href":"https:\/\/api.w.org\/{rel}","templated":true}]}}