{"id":2199,"date":"2021-06-22T09:35:52","date_gmt":"2021-06-22T09:35:52","guid":{"rendered":"https:\/\/vincentedelicacies.com\/?post_type=product&#038;p=2199"},"modified":"2023-11-17T10:25:30","modified_gmt":"2023-11-17T10:25:30","slug":"morceaux-de-croustillant-aux-amandes-recouverts-de-chocolat-noir-extra","status":"publish","type":"product","link":"https:\/\/vincentedelicacies.com\/fr\/produit\/morceaux-de-croustillant-aux-amandes-recouverts-de-chocolat-noir-extra\/","title":{"rendered":"Touches d'amandes siciliennes croustillantes enrob\u00e9es de chocolat extra noir"},"content":{"rendered":"<p>Ingr\u00e9dients<br \/>\nAmande sicilienne 65%, sucre, miel.<br \/>\nEnrobage Chocolat extra noir 8% (p\u00e2te de cacao 72%, sucre, beurre de cacao, \u00e9mulsifiant : l\u00e9cithine SOY, extrait de vanille).<\/p>\n<p>&nbsp;<\/p>","protected":false},"excerpt":{"rendered":"<p>La saveur chaude et enveloppante du chocolat noir extra est associ\u00e9e \u00e0 celle du croccante Vincente. Notre croccante, \u00e0 base d'amandes siciliennes, de sucre et de miel, est recouvert de chocolat noir extra. Un vrai r\u00e9gal pour le palais. 200 g<\/p>","protected":false},"featured_media":18882,"comment_status":"open","ping_status":"closed","template":"","meta":[],"product_brand":[],"product_cat":[41,440],"product_tag":[],"class_list":{"0":"post-2199","1":"product","2":"type-product","3":"status-publish","4":"has-post-thumbnail","6":"product_cat-croccante","7":"product_cat-matador","9":"first","10":"instock","11":"shipping-taxable","12":"product-type-variable"},"yoast_head":"<!-- This site is optimized with the Yoast SEO Premium plugin v21.8 (Yoast SEO v26.6) - https:\/\/yoast.com\/wordpress\/plugins\/seo\/ -->\n<title>Tocchetti di croccante alla mandorla di Sicilia ricoperti di cioccolato extra fondente - Vincente Delicacies<\/title>\n<meta name=\"description\" content=\"Il sapore caldo e avvolgente del cioccolato extra fondente si unisce a quello del delizioso croccante Vincente.\" \/>\n<meta name=\"robots\" content=\"index, follow, max-snippet:-1, max-image-preview:large, max-video-preview:-1\" \/>\n<link rel=\"canonical\" href=\"https:\/\/vincentedelicacies.com\/fr\/produit\/morceaux-de-croustillant-aux-amandes-recouverts-de-chocolat-noir-extra\/\" \/>\n<meta property=\"og:locale\" content=\"fr_FR\" \/>\n<meta property=\"og:type\" content=\"article\" \/>\n<meta property=\"og:title\" content=\"Tocchetti di croccante alla mandorla di Sicilia ricoperti di cioccolato extra fondente\" \/>\n<meta property=\"og:description\" content=\"Il sapore caldo e avvolgente del cioccolato extra fondente si unisce a quello del croccante Vincente. Il nostro croccante, preparato con mandorle di Sicilia, zucchero e miele viene ricoperto con cioccolato extra fondente. Una vera delizia per il palato. 200 g\" \/>\n<meta property=\"og:url\" content=\"https:\/\/vincentedelicacies.com\/fr\/produit\/morceaux-de-croustillant-aux-amandes-recouverts-de-chocolat-noir-extra\/\" \/>\n<meta property=\"og:site_name\" content=\"Vincente Delicacies\" \/>\n<meta property=\"article:modified_time\" content=\"2023-11-17T10:25:30+00:00\" \/>\n<meta property=\"og:image\" content=\"https:\/\/vincentedelicacies.com\/wp-content\/uploads\/2021\/06\/croccante-mandorle-ciocco-fondente.jpg\" \/>\n\t<meta property=\"og:image:width\" content=\"790\" \/>\n\t<meta property=\"og:image:height\" content=\"799\" \/>\n\t<meta property=\"og:image:type\" content=\"image\/jpeg\" \/>\n<meta name=\"twitter:card\" content=\"summary_large_image\" \/>\n<meta name=\"twitter:label1\" content=\"Dur\u00e9e de lecture estim\u00e9e\" \/>\n\t<meta name=\"twitter:data1\" content=\"1 minute\" \/>\n<script type=\"application\/ld+json\" class=\"yoast-schema-graph\">{\"@context\":\"https:\/\/schema.org\",\"@graph\":[{\"@type\":\"WebPage\",\"@id\":\"https:\/\/vincentedelicacies.com\/prodotto\/tocchetti-di-croccante-alla-mandorla-ricoperti-di-cioccolato-extra-fondente\/\",\"url\":\"https:\/\/vincentedelicacies.com\/prodotto\/tocchetti-di-croccante-alla-mandorla-ricoperti-di-cioccolato-extra-fondente\/\",\"name\":\"Tocchetti di croccante alla mandorla di Sicilia ricoperti di cioccolato extra fondente - Vincente Delicacies\",\"isPartOf\":{\"@id\":\"https:\/\/vincentedelicacies.com\/#website\"},\"primaryImageOfPage\":{\"@id\":\"https:\/\/vincentedelicacies.com\/prodotto\/tocchetti-di-croccante-alla-mandorla-ricoperti-di-cioccolato-extra-fondente\/#primaryimage\"},\"image\":{\"@id\":\"https:\/\/vincentedelicacies.com\/prodotto\/tocchetti-di-croccante-alla-mandorla-ricoperti-di-cioccolato-extra-fondente\/#primaryimage\"},\"thumbnailUrl\":\"https:\/\/vincentedelicacies.com\/wp-content\/uploads\/2021\/06\/croccante-mandorle-ciocco-fondente.jpg\",\"datePublished\":\"2021-06-22T09:35:52+00:00\",\"dateModified\":\"2023-11-17T10:25:30+00:00\",\"description\":\"Il sapore caldo e avvolgente del cioccolato extra fondente si unisce a quello del delizioso croccante Vincente.\",\"breadcrumb\":{\"@id\":\"https:\/\/vincentedelicacies.com\/prodotto\/tocchetti-di-croccante-alla-mandorla-ricoperti-di-cioccolato-extra-fondente\/#breadcrumb\"},\"inLanguage\":\"fr-FR\",\"potentialAction\":[{\"@type\":\"ReadAction\",\"target\":[\"https:\/\/vincentedelicacies.com\/prodotto\/tocchetti-di-croccante-alla-mandorla-ricoperti-di-cioccolato-extra-fondente\/\"]}]},{\"@type\":\"ImageObject\",\"inLanguage\":\"fr-FR\",\"@id\":\"https:\/\/vincentedelicacies.com\/prodotto\/tocchetti-di-croccante-alla-mandorla-ricoperti-di-cioccolato-extra-fondente\/#primaryimage\",\"url\":\"https:\/\/vincentedelicacies.com\/wp-content\/uploads\/2021\/06\/croccante-mandorle-ciocco-fondente.jpg\",\"contentUrl\":\"https:\/\/vincentedelicacies.com\/wp-content\/uploads\/2021\/06\/croccante-mandorle-ciocco-fondente.jpg\",\"width\":790,\"height\":799},{\"@type\":\"BreadcrumbList\",\"@id\":\"https:\/\/vincentedelicacies.com\/prodotto\/tocchetti-di-croccante-alla-mandorla-ricoperti-di-cioccolato-extra-fondente\/#breadcrumb\",\"itemListElement\":[{\"@type\":\"ListItem\",\"position\":1,\"name\":\"Home\",\"item\":\"https:\/\/vincentedelicacies.com\/\"},{\"@type\":\"ListItem\",\"position\":2,\"name\":\"Prodotti\",\"item\":\"https:\/\/vincentedelicacies.com\/shop1__trashed\/\"},{\"@type\":\"ListItem\",\"position\":3,\"name\":\"Tocchetti di croccante alla mandorla di Sicilia ricoperti di cioccolato extra fondente\"}]},{\"@type\":\"WebSite\",\"@id\":\"https:\/\/vincentedelicacies.com\/#website\",\"url\":\"https:\/\/vincentedelicacies.com\/\",\"name\":\"Vincente Delicacies\",\"description\":\"Un grande laboratorio di pasticceria\",\"publisher\":{\"@id\":\"https:\/\/vincentedelicacies.com\/#organization\"},\"potentialAction\":[{\"@type\":\"SearchAction\",\"target\":{\"@type\":\"EntryPoint\",\"urlTemplate\":\"https:\/\/vincentedelicacies.com\/?s={search_term_string}\"},\"query-input\":{\"@type\":\"PropertyValueSpecification\",\"valueRequired\":true,\"valueName\":\"search_term_string\"}}],\"inLanguage\":\"fr-FR\"},{\"@type\":\"Organization\",\"@id\":\"https:\/\/vincentedelicacies.com\/#organization\",\"name\":\"Vincente Delicacies\",\"url\":\"https:\/\/vincentedelicacies.com\/\",\"logo\":{\"@type\":\"ImageObject\",\"inLanguage\":\"fr-FR\",\"@id\":\"https:\/\/vincentedelicacies.com\/#\/schema\/logo\/image\/\",\"url\":\"https:\/\/vincentedelicacies.com\/wp-content\/uploads\/2021\/06\/logo.png\",\"contentUrl\":\"https:\/\/vincentedelicacies.com\/wp-content\/uploads\/2021\/06\/logo.png\",\"width\":159,\"height\":47,\"caption\":\"Vincente Delicacies\"},\"image\":{\"@id\":\"https:\/\/vincentedelicacies.com\/#\/schema\/logo\/image\/\"}}]}<\/script>\n<!-- \/ Yoast SEO Premium plugin. -->","yoast_head_json":{"title":"Tocchetti di croccante alla mandorla di Sicilia ricoperti di cioccolato extra fondente - Vincente Delicacies","description":"Il sapore caldo e avvolgente del cioccolato extra fondente si unisce a quello del delizioso croccante Vincente.","robots":{"index":"index","follow":"follow","max-snippet":"max-snippet:-1","max-image-preview":"max-image-preview:large","max-video-preview":"max-video-preview:-1"},"canonical":"https:\/\/vincentedelicacies.com\/fr\/produit\/morceaux-de-croustillant-aux-amandes-recouverts-de-chocolat-noir-extra\/","og_locale":"fr_FR","og_type":"article","og_title":"Tocchetti di croccante alla mandorla di Sicilia ricoperti di cioccolato extra fondente","og_description":"Il sapore caldo e avvolgente del cioccolato extra fondente si unisce a quello del croccante Vincente. Il nostro croccante, preparato con mandorle di Sicilia, zucchero e miele viene ricoperto con cioccolato extra fondente. Una vera delizia per il palato. 200 g","og_url":"https:\/\/vincentedelicacies.com\/fr\/produit\/morceaux-de-croustillant-aux-amandes-recouverts-de-chocolat-noir-extra\/","og_site_name":"Vincente Delicacies","article_modified_time":"2023-11-17T10:25:30+00:00","og_image":[{"width":790,"height":799,"url":"https:\/\/vincentedelicacies.com\/wp-content\/uploads\/2021\/06\/croccante-mandorle-ciocco-fondente.jpg","type":"image\/jpeg"}],"twitter_card":"summary_large_image","twitter_misc":{"Dur\u00e9e de lecture estim\u00e9e":"1 minute"},"schema":{"@context":"https:\/\/schema.org","@graph":[{"@type":"WebPage","@id":"https:\/\/vincentedelicacies.com\/prodotto\/tocchetti-di-croccante-alla-mandorla-ricoperti-di-cioccolato-extra-fondente\/","url":"https:\/\/vincentedelicacies.com\/prodotto\/tocchetti-di-croccante-alla-mandorla-ricoperti-di-cioccolato-extra-fondente\/","name":"Tocchetti di croccante alla mandorla di Sicilia ricoperti di cioccolato extra fondente - Vincente Delicacies","isPartOf":{"@id":"https:\/\/vincentedelicacies.com\/#website"},"primaryImageOfPage":{"@id":"https:\/\/vincentedelicacies.com\/prodotto\/tocchetti-di-croccante-alla-mandorla-ricoperti-di-cioccolato-extra-fondente\/#primaryimage"},"image":{"@id":"https:\/\/vincentedelicacies.com\/prodotto\/tocchetti-di-croccante-alla-mandorla-ricoperti-di-cioccolato-extra-fondente\/#primaryimage"},"thumbnailUrl":"https:\/\/vincentedelicacies.com\/wp-content\/uploads\/2021\/06\/croccante-mandorle-ciocco-fondente.jpg","datePublished":"2021-06-22T09:35:52+00:00","dateModified":"2023-11-17T10:25:30+00:00","description":"Il sapore caldo e avvolgente del cioccolato extra fondente si unisce a quello del delizioso croccante Vincente.","breadcrumb":{"@id":"https:\/\/vincentedelicacies.com\/prodotto\/tocchetti-di-croccante-alla-mandorla-ricoperti-di-cioccolato-extra-fondente\/#breadcrumb"},"inLanguage":"fr-FR","potentialAction":[{"@type":"ReadAction","target":["https:\/\/vincentedelicacies.com\/prodotto\/tocchetti-di-croccante-alla-mandorla-ricoperti-di-cioccolato-extra-fondente\/"]}]},{"@type":"ImageObject","inLanguage":"fr-FR","@id":"https:\/\/vincentedelicacies.com\/prodotto\/tocchetti-di-croccante-alla-mandorla-ricoperti-di-cioccolato-extra-fondente\/#primaryimage","url":"https:\/\/vincentedelicacies.com\/wp-content\/uploads\/2021\/06\/croccante-mandorle-ciocco-fondente.jpg","contentUrl":"https:\/\/vincentedelicacies.com\/wp-content\/uploads\/2021\/06\/croccante-mandorle-ciocco-fondente.jpg","width":790,"height":799},{"@type":"BreadcrumbList","@id":"https:\/\/vincentedelicacies.com\/prodotto\/tocchetti-di-croccante-alla-mandorla-ricoperti-di-cioccolato-extra-fondente\/#breadcrumb","itemListElement":[{"@type":"ListItem","position":1,"name":"Home","item":"https:\/\/vincentedelicacies.com\/"},{"@type":"ListItem","position":2,"name":"Prodotti","item":"https:\/\/vincentedelicacies.com\/shop1__trashed\/"},{"@type":"ListItem","position":3,"name":"Tocchetti di croccante alla mandorla di Sicilia ricoperti di cioccolato extra fondente"}]},{"@type":"WebSite","@id":"https:\/\/vincentedelicacies.com\/#website","url":"https:\/\/vincentedelicacies.com\/","name":"Vincente Delicacies","description":"Un grande laboratorio di pasticceria","publisher":{"@id":"https:\/\/vincentedelicacies.com\/#organization"},"potentialAction":[{"@type":"SearchAction","target":{"@type":"EntryPoint","urlTemplate":"https:\/\/vincentedelicacies.com\/?s={search_term_string}"},"query-input":{"@type":"PropertyValueSpecification","valueRequired":true,"valueName":"search_term_string"}}],"inLanguage":"fr-FR"},{"@type":"Organization","@id":"https:\/\/vincentedelicacies.com\/#organization","name":"Vincente Delicacies","url":"https:\/\/vincentedelicacies.com\/","logo":{"@type":"ImageObject","inLanguage":"fr-FR","@id":"https:\/\/vincentedelicacies.com\/#\/schema\/logo\/image\/","url":"https:\/\/vincentedelicacies.com\/wp-content\/uploads\/2021\/06\/logo.png","contentUrl":"https:\/\/vincentedelicacies.com\/wp-content\/uploads\/2021\/06\/logo.png","width":159,"height":47,"caption":"Vincente Delicacies"},"image":{"@id":"https:\/\/vincentedelicacies.com\/#\/schema\/logo\/image\/"}}]}},"_links":{"self":[{"href":"https:\/\/vincentedelicacies.com\/fr\/wp-json\/wp\/v2\/product\/2199","targetHints":{"allow":["GET"]}}],"collection":[{"href":"https:\/\/vincentedelicacies.com\/fr\/wp-json\/wp\/v2\/product"}],"about":[{"href":"https:\/\/vincentedelicacies.com\/fr\/wp-json\/wp\/v2\/types\/product"}],"replies":[{"embeddable":true,"href":"https:\/\/vincentedelicacies.com\/fr\/wp-json\/wp\/v2\/comments?post=2199"}],"wp:featuredmedia":[{"embeddable":true,"href":"https:\/\/vincentedelicacies.com\/fr\/wp-json\/wp\/v2\/media\/18882"}],"wp:attachment":[{"href":"https:\/\/vincentedelicacies.com\/fr\/wp-json\/wp\/v2\/media?parent=2199"}],"wp:term":[{"taxonomy":"product_brand","embeddable":true,"href":"https:\/\/vincentedelicacies.com\/fr\/wp-json\/wp\/v2\/product_brand?post=2199"},{"taxonomy":"product_cat","embeddable":true,"href":"https:\/\/vincentedelicacies.com\/fr\/wp-json\/wp\/v2\/product_cat?post=2199"},{"taxonomy":"product_tag","embeddable":true,"href":"https:\/\/vincentedelicacies.com\/fr\/wp-json\/wp\/v2\/product_tag?post=2199"}],"curies":[{"name":"wp","href":"https:\/\/api.w.org\/{rel}","templated":true}]}}