{"id":2183,"date":"2021-06-22T09:25:25","date_gmt":"2021-06-22T09:25:25","guid":{"rendered":"https:\/\/vincentedelicacies.com\/?post_type=product&#038;p=2183"},"modified":"2023-09-14T13:03:56","modified_gmt":"2023-09-14T13:03:56","slug":"morceaux-de-pistaches-enrobes-de-chocolat-blanc-fin","status":"publish","type":"product","link":"https:\/\/vincentedelicacies.com\/fr\/produit\/morceaux-de-pistaches-enrobes-de-chocolat-blanc-fin\/","title":{"rendered":"Touches croustillantes \u00e0 la pistache sicilienne recouvertes de chocolat blanc fin"},"content":{"rendered":"<p>Ingr\u00e9dients<br \/>\nPISTACCOCHIO di Sicilia 40%, MANDORLA di Sicilia 25%, sucre, miel.<br \/>\nEnrobage de chocolat blanc 8% (sucre, beurre de cacao, poudre de LAIT, poudre de lactos\u00e9rum, \u00e9mulsifiant : l\u00e9cithine de SOY, extrait de vanille)).<\/p>","protected":false},"excerpt":{"rendered":"<p>Nos tocchetti \u00e0 la pistache et au chocolat blanc sont une exp\u00e9rience sublime. Sucreries siciliennes, les tocchetti de Vincente sont faits \u00e0 la main avec des pistaches siciliennes et recouverts d'un gla\u00e7age de chocolat blanc fin. 200 g<\/p>","protected":false},"featured_media":18898,"comment_status":"open","ping_status":"closed","template":"","meta":[],"product_brand":[],"product_cat":[41,440],"product_tag":[],"class_list":{"0":"post-2183","1":"product","2":"type-product","3":"status-publish","4":"has-post-thumbnail","6":"product_cat-croccante","7":"product_cat-matador","9":"first","10":"instock","11":"shipping-taxable","12":"product-type-variable"},"yoast_head":"<!-- This site is optimized with the Yoast SEO Premium plugin v21.8 (Yoast SEO v26.6) - https:\/\/yoast.com\/wordpress\/plugins\/seo\/ -->\n<title>Tocchetti di Croccante al Pistacchio di Sicilia ricoperti di finissimo Cioccolato Bianco - Vincente Delicacies<\/title>\n<meta name=\"description\" content=\"I tocchetti Vincente vengono preparati a mano con pistacchio di Sicilia e ricoperti da una glassa di finissimo cioccolato bianco.\" \/>\n<meta name=\"robots\" content=\"index, follow, max-snippet:-1, max-image-preview:large, max-video-preview:-1\" \/>\n<link rel=\"canonical\" href=\"https:\/\/vincentedelicacies.com\/fr\/produit\/morceaux-de-pistaches-enrobes-de-chocolat-blanc-fin\/\" \/>\n<meta property=\"og:locale\" content=\"fr_FR\" \/>\n<meta property=\"og:type\" content=\"article\" \/>\n<meta property=\"og:title\" content=\"Tocchetti di Croccante al Pistacchio di Sicilia ricoperti di finissimo Cioccolato Bianco\" \/>\n<meta property=\"og:description\" content=\"I nostri tocchetti di croccante al pistacchio con cioccolato bianco sono un\u2019esperienza sublime. Dolce siciliano, i tocchetti Vincente vengono preparati a mano con pistacchio di Sicilia e ricoperti da una glassa di finissimo cioccolato bianco. 200 g\" \/>\n<meta property=\"og:url\" content=\"https:\/\/vincentedelicacies.com\/fr\/produit\/morceaux-de-pistaches-enrobes-de-chocolat-blanc-fin\/\" \/>\n<meta property=\"og:site_name\" content=\"Vincente Delicacies\" \/>\n<meta property=\"article:modified_time\" content=\"2023-09-14T13:03:56+00:00\" \/>\n<meta property=\"og:image\" content=\"https:\/\/vincentedelicacies.com\/wp-content\/uploads\/2021\/06\/croccante-pistacchio-e-ciocc-bianco.jpg\" \/>\n\t<meta property=\"og:image:width\" content=\"790\" \/>\n\t<meta property=\"og:image:height\" content=\"799\" \/>\n\t<meta property=\"og:image:type\" content=\"image\/jpeg\" \/>\n<meta name=\"twitter:card\" content=\"summary_large_image\" \/>\n<meta name=\"twitter:label1\" content=\"Dur\u00e9e de lecture estim\u00e9e\" \/>\n\t<meta name=\"twitter:data1\" content=\"1 minute\" \/>\n<script type=\"application\/ld+json\" class=\"yoast-schema-graph\">{\"@context\":\"https:\/\/schema.org\",\"@graph\":[{\"@type\":\"WebPage\",\"@id\":\"https:\/\/vincentedelicacies.com\/prodotto\/tocchetti-di-croccante-al-pistacchio-ricoperti-di-finissimo-cioccolato-bianco\/\",\"url\":\"https:\/\/vincentedelicacies.com\/prodotto\/tocchetti-di-croccante-al-pistacchio-ricoperti-di-finissimo-cioccolato-bianco\/\",\"name\":\"Tocchetti di Croccante al Pistacchio di Sicilia ricoperti di finissimo Cioccolato Bianco - Vincente Delicacies\",\"isPartOf\":{\"@id\":\"https:\/\/vincentedelicacies.com\/#website\"},\"primaryImageOfPage\":{\"@id\":\"https:\/\/vincentedelicacies.com\/prodotto\/tocchetti-di-croccante-al-pistacchio-ricoperti-di-finissimo-cioccolato-bianco\/#primaryimage\"},\"image\":{\"@id\":\"https:\/\/vincentedelicacies.com\/prodotto\/tocchetti-di-croccante-al-pistacchio-ricoperti-di-finissimo-cioccolato-bianco\/#primaryimage\"},\"thumbnailUrl\":\"https:\/\/vincentedelicacies.com\/wp-content\/uploads\/2021\/06\/croccante-pistacchio-e-ciocc-bianco.jpg\",\"datePublished\":\"2021-06-22T09:25:25+00:00\",\"dateModified\":\"2023-09-14T13:03:56+00:00\",\"description\":\"I tocchetti Vincente vengono preparati a mano con pistacchio di Sicilia e ricoperti da una glassa di finissimo cioccolato bianco.\",\"breadcrumb\":{\"@id\":\"https:\/\/vincentedelicacies.com\/prodotto\/tocchetti-di-croccante-al-pistacchio-ricoperti-di-finissimo-cioccolato-bianco\/#breadcrumb\"},\"inLanguage\":\"fr-FR\",\"potentialAction\":[{\"@type\":\"ReadAction\",\"target\":[\"https:\/\/vincentedelicacies.com\/prodotto\/tocchetti-di-croccante-al-pistacchio-ricoperti-di-finissimo-cioccolato-bianco\/\"]}]},{\"@type\":\"ImageObject\",\"inLanguage\":\"fr-FR\",\"@id\":\"https:\/\/vincentedelicacies.com\/prodotto\/tocchetti-di-croccante-al-pistacchio-ricoperti-di-finissimo-cioccolato-bianco\/#primaryimage\",\"url\":\"https:\/\/vincentedelicacies.com\/wp-content\/uploads\/2021\/06\/croccante-pistacchio-e-ciocc-bianco.jpg\",\"contentUrl\":\"https:\/\/vincentedelicacies.com\/wp-content\/uploads\/2021\/06\/croccante-pistacchio-e-ciocc-bianco.jpg\",\"width\":790,\"height\":799},{\"@type\":\"BreadcrumbList\",\"@id\":\"https:\/\/vincentedelicacies.com\/prodotto\/tocchetti-di-croccante-al-pistacchio-ricoperti-di-finissimo-cioccolato-bianco\/#breadcrumb\",\"itemListElement\":[{\"@type\":\"ListItem\",\"position\":1,\"name\":\"Home\",\"item\":\"https:\/\/vincentedelicacies.com\/\"},{\"@type\":\"ListItem\",\"position\":2,\"name\":\"Prodotti\",\"item\":\"https:\/\/vincentedelicacies.com\/shop1__trashed\/\"},{\"@type\":\"ListItem\",\"position\":3,\"name\":\"Tocchetti di Croccante al Pistacchio di Sicilia ricoperti di finissimo Cioccolato Bianco\"}]},{\"@type\":\"WebSite\",\"@id\":\"https:\/\/vincentedelicacies.com\/#website\",\"url\":\"https:\/\/vincentedelicacies.com\/\",\"name\":\"Vincente Delicacies\",\"description\":\"Un grande laboratorio di pasticceria\",\"publisher\":{\"@id\":\"https:\/\/vincentedelicacies.com\/#organization\"},\"potentialAction\":[{\"@type\":\"SearchAction\",\"target\":{\"@type\":\"EntryPoint\",\"urlTemplate\":\"https:\/\/vincentedelicacies.com\/?s={search_term_string}\"},\"query-input\":{\"@type\":\"PropertyValueSpecification\",\"valueRequired\":true,\"valueName\":\"search_term_string\"}}],\"inLanguage\":\"fr-FR\"},{\"@type\":\"Organization\",\"@id\":\"https:\/\/vincentedelicacies.com\/#organization\",\"name\":\"Vincente Delicacies\",\"url\":\"https:\/\/vincentedelicacies.com\/\",\"logo\":{\"@type\":\"ImageObject\",\"inLanguage\":\"fr-FR\",\"@id\":\"https:\/\/vincentedelicacies.com\/#\/schema\/logo\/image\/\",\"url\":\"https:\/\/vincentedelicacies.com\/wp-content\/uploads\/2021\/06\/logo.png\",\"contentUrl\":\"https:\/\/vincentedelicacies.com\/wp-content\/uploads\/2021\/06\/logo.png\",\"width\":159,\"height\":47,\"caption\":\"Vincente Delicacies\"},\"image\":{\"@id\":\"https:\/\/vincentedelicacies.com\/#\/schema\/logo\/image\/\"}}]}<\/script>\n<!-- \/ Yoast SEO Premium plugin. -->","yoast_head_json":{"title":"Tocchetti di Croccante al Pistacchio di Sicilia ricoperti di finissimo Cioccolato Bianco - Vincente Delicacies","description":"I tocchetti Vincente vengono preparati a mano con pistacchio di Sicilia e ricoperti da una glassa di finissimo cioccolato bianco.","robots":{"index":"index","follow":"follow","max-snippet":"max-snippet:-1","max-image-preview":"max-image-preview:large","max-video-preview":"max-video-preview:-1"},"canonical":"https:\/\/vincentedelicacies.com\/fr\/produit\/morceaux-de-pistaches-enrobes-de-chocolat-blanc-fin\/","og_locale":"fr_FR","og_type":"article","og_title":"Tocchetti di Croccante al Pistacchio di Sicilia ricoperti di finissimo Cioccolato Bianco","og_description":"I nostri tocchetti di croccante al pistacchio con cioccolato bianco sono un\u2019esperienza sublime. Dolce siciliano, i tocchetti Vincente vengono preparati a mano con pistacchio di Sicilia e ricoperti da una glassa di finissimo cioccolato bianco. 200 g","og_url":"https:\/\/vincentedelicacies.com\/fr\/produit\/morceaux-de-pistaches-enrobes-de-chocolat-blanc-fin\/","og_site_name":"Vincente Delicacies","article_modified_time":"2023-09-14T13:03:56+00:00","og_image":[{"width":790,"height":799,"url":"https:\/\/vincentedelicacies.com\/wp-content\/uploads\/2021\/06\/croccante-pistacchio-e-ciocc-bianco.jpg","type":"image\/jpeg"}],"twitter_card":"summary_large_image","twitter_misc":{"Dur\u00e9e de lecture estim\u00e9e":"1 minute"},"schema":{"@context":"https:\/\/schema.org","@graph":[{"@type":"WebPage","@id":"https:\/\/vincentedelicacies.com\/prodotto\/tocchetti-di-croccante-al-pistacchio-ricoperti-di-finissimo-cioccolato-bianco\/","url":"https:\/\/vincentedelicacies.com\/prodotto\/tocchetti-di-croccante-al-pistacchio-ricoperti-di-finissimo-cioccolato-bianco\/","name":"Tocchetti di Croccante al Pistacchio di Sicilia ricoperti di finissimo Cioccolato Bianco - Vincente Delicacies","isPartOf":{"@id":"https:\/\/vincentedelicacies.com\/#website"},"primaryImageOfPage":{"@id":"https:\/\/vincentedelicacies.com\/prodotto\/tocchetti-di-croccante-al-pistacchio-ricoperti-di-finissimo-cioccolato-bianco\/#primaryimage"},"image":{"@id":"https:\/\/vincentedelicacies.com\/prodotto\/tocchetti-di-croccante-al-pistacchio-ricoperti-di-finissimo-cioccolato-bianco\/#primaryimage"},"thumbnailUrl":"https:\/\/vincentedelicacies.com\/wp-content\/uploads\/2021\/06\/croccante-pistacchio-e-ciocc-bianco.jpg","datePublished":"2021-06-22T09:25:25+00:00","dateModified":"2023-09-14T13:03:56+00:00","description":"I tocchetti Vincente vengono preparati a mano con pistacchio di Sicilia e ricoperti da una glassa di finissimo cioccolato bianco.","breadcrumb":{"@id":"https:\/\/vincentedelicacies.com\/prodotto\/tocchetti-di-croccante-al-pistacchio-ricoperti-di-finissimo-cioccolato-bianco\/#breadcrumb"},"inLanguage":"fr-FR","potentialAction":[{"@type":"ReadAction","target":["https:\/\/vincentedelicacies.com\/prodotto\/tocchetti-di-croccante-al-pistacchio-ricoperti-di-finissimo-cioccolato-bianco\/"]}]},{"@type":"ImageObject","inLanguage":"fr-FR","@id":"https:\/\/vincentedelicacies.com\/prodotto\/tocchetti-di-croccante-al-pistacchio-ricoperti-di-finissimo-cioccolato-bianco\/#primaryimage","url":"https:\/\/vincentedelicacies.com\/wp-content\/uploads\/2021\/06\/croccante-pistacchio-e-ciocc-bianco.jpg","contentUrl":"https:\/\/vincentedelicacies.com\/wp-content\/uploads\/2021\/06\/croccante-pistacchio-e-ciocc-bianco.jpg","width":790,"height":799},{"@type":"BreadcrumbList","@id":"https:\/\/vincentedelicacies.com\/prodotto\/tocchetti-di-croccante-al-pistacchio-ricoperti-di-finissimo-cioccolato-bianco\/#breadcrumb","itemListElement":[{"@type":"ListItem","position":1,"name":"Home","item":"https:\/\/vincentedelicacies.com\/"},{"@type":"ListItem","position":2,"name":"Prodotti","item":"https:\/\/vincentedelicacies.com\/shop1__trashed\/"},{"@type":"ListItem","position":3,"name":"Tocchetti di Croccante al Pistacchio di Sicilia ricoperti di finissimo Cioccolato Bianco"}]},{"@type":"WebSite","@id":"https:\/\/vincentedelicacies.com\/#website","url":"https:\/\/vincentedelicacies.com\/","name":"Vincente Delicacies","description":"Un grande laboratorio di pasticceria","publisher":{"@id":"https:\/\/vincentedelicacies.com\/#organization"},"potentialAction":[{"@type":"SearchAction","target":{"@type":"EntryPoint","urlTemplate":"https:\/\/vincentedelicacies.com\/?s={search_term_string}"},"query-input":{"@type":"PropertyValueSpecification","valueRequired":true,"valueName":"search_term_string"}}],"inLanguage":"fr-FR"},{"@type":"Organization","@id":"https:\/\/vincentedelicacies.com\/#organization","name":"Vincente Delicacies","url":"https:\/\/vincentedelicacies.com\/","logo":{"@type":"ImageObject","inLanguage":"fr-FR","@id":"https:\/\/vincentedelicacies.com\/#\/schema\/logo\/image\/","url":"https:\/\/vincentedelicacies.com\/wp-content\/uploads\/2021\/06\/logo.png","contentUrl":"https:\/\/vincentedelicacies.com\/wp-content\/uploads\/2021\/06\/logo.png","width":159,"height":47,"caption":"Vincente Delicacies"},"image":{"@id":"https:\/\/vincentedelicacies.com\/#\/schema\/logo\/image\/"}}]}},"_links":{"self":[{"href":"https:\/\/vincentedelicacies.com\/fr\/wp-json\/wp\/v2\/product\/2183","targetHints":{"allow":["GET"]}}],"collection":[{"href":"https:\/\/vincentedelicacies.com\/fr\/wp-json\/wp\/v2\/product"}],"about":[{"href":"https:\/\/vincentedelicacies.com\/fr\/wp-json\/wp\/v2\/types\/product"}],"replies":[{"embeddable":true,"href":"https:\/\/vincentedelicacies.com\/fr\/wp-json\/wp\/v2\/comments?post=2183"}],"wp:featuredmedia":[{"embeddable":true,"href":"https:\/\/vincentedelicacies.com\/fr\/wp-json\/wp\/v2\/media\/18898"}],"wp:attachment":[{"href":"https:\/\/vincentedelicacies.com\/fr\/wp-json\/wp\/v2\/media?parent=2183"}],"wp:term":[{"taxonomy":"product_brand","embeddable":true,"href":"https:\/\/vincentedelicacies.com\/fr\/wp-json\/wp\/v2\/product_brand?post=2183"},{"taxonomy":"product_cat","embeddable":true,"href":"https:\/\/vincentedelicacies.com\/fr\/wp-json\/wp\/v2\/product_cat?post=2183"},{"taxonomy":"product_tag","embeddable":true,"href":"https:\/\/vincentedelicacies.com\/fr\/wp-json\/wp\/v2\/product_tag?post=2183"}],"curies":[{"name":"wp","href":"https:\/\/api.w.org\/{rel}","templated":true}]}}