{"id":2162,"date":"2021-06-22T09:05:40","date_gmt":"2021-06-22T09:05:40","guid":{"rendered":"https:\/\/vincentedelicacies.com\/?post_type=product&#038;p=2162"},"modified":"2022-11-04T06:51:08","modified_gmt":"2022-11-04T06:51:08","slug":"cubes-de-nougat-aux-amandes-enrobes-de-chocolat-noir-extra-avec-des-granules-damandes","status":"publish","type":"product","link":"https:\/\/vincentedelicacies.com\/fr\/produit\/cubes-de-nougat-aux-amandes-enrobes-de-chocolat-noir-extra-avec-des-granules-damandes\/","title":{"rendered":"Cubes moelleux de nougat aux amandes enrob\u00e9s de chocolat extra noir avec morceaux d'amandes"},"content":{"rendered":"<p>Ingr\u00e9dients :<br \/>\nAmande de Sicile 60%, sucre, miel, blanc d'\u0153uf, sirop de glucose, huile essentielle de vanille. Enrobage : chocolat noir extra 8% (p\u00e2te de cacao 72%, sucre, beurre de cacao, \u00e9mulsifiant : l\u00e9cithine SOY, extrait de vanille).<\/p>","protected":false},"excerpt":{"rendered":"<p>La saveur chaude et intense du chocolat noir est associ\u00e9e \u00e0 celle du nougat aux amandes Vincente. Fabriqu\u00e9s \u00e0 la main, nos cubes enrob\u00e9s de nougat sont parfaits pour les petits moments de gourmandise. 200 gr<\/p>","protected":false},"featured_media":12743,"comment_status":"open","ping_status":"closed","template":"","meta":[],"product_brand":[],"product_cat":[40,57],"product_tag":[],"class_list":{"0":"post-2162","1":"product","2":"type-product","3":"status-publish","4":"has-post-thumbnail","6":"product_cat-torrone","7":"product_cat-baroque","9":"first","10":"outofstock","11":"shipping-taxable","12":"product-type-variable"},"yoast_head":"<!-- This site is optimized with the Yoast SEO Premium plugin v21.8 (Yoast SEO v26.6) - https:\/\/yoast.com\/wordpress\/plugins\/seo\/ -->\n<title>Morbidi cubetti di Torrone alla Mandorla ricoperti di Cioccolato extra Fondente con Granella di Mandorla - Vincente Delicacies<\/title>\n<meta name=\"description\" content=\"Dolce preparato artigianalmente, i nostri cubetti di torrone ricoperti sono perfetti per far fronte ai piccoli momenti di golosit\u00e0.\" \/>\n<meta name=\"robots\" content=\"index, follow, max-snippet:-1, max-image-preview:large, max-video-preview:-1\" \/>\n<link rel=\"canonical\" href=\"https:\/\/vincentedelicacies.com\/fr\/produit\/cubes-de-nougat-aux-amandes-enrobes-de-chocolat-noir-extra-avec-des-granules-damandes\/\" \/>\n<meta property=\"og:locale\" content=\"fr_FR\" \/>\n<meta property=\"og:type\" content=\"article\" \/>\n<meta property=\"og:title\" content=\"Morbidi cubetti di Torrone alla Mandorla ricoperti di Cioccolato extra Fondente con Granella di Mandorla\" \/>\n<meta property=\"og:description\" content=\"Il sapore caldo e intenso del cioccolato fondente si unisce a quello del torrone Vincente alla mandorla. Dolce preparato artigianalmente, i nostri cubetti di torrone ricoperti sono perfetti per far fronte ai piccoli momenti di golosit\u00e0. 200 gr\" \/>\n<meta property=\"og:url\" content=\"https:\/\/vincentedelicacies.com\/fr\/produit\/cubes-de-nougat-aux-amandes-enrobes-de-chocolat-noir-extra-avec-des-granules-damandes\/\" \/>\n<meta property=\"og:site_name\" content=\"Vincente Delicacies\" \/>\n<meta property=\"article:modified_time\" content=\"2022-11-04T06:51:08+00:00\" \/>\n<meta property=\"og:image\" content=\"https:\/\/vincentedelicacies.com\/wp-content\/uploads\/2021\/06\/ct-001.jpg\" \/>\n\t<meta property=\"og:image:width\" content=\"890\" \/>\n\t<meta property=\"og:image:height\" content=\"899\" \/>\n\t<meta property=\"og:image:type\" content=\"image\/jpeg\" \/>\n<meta name=\"twitter:card\" content=\"summary_large_image\" \/>\n<meta name=\"twitter:label1\" content=\"Dur\u00e9e de lecture estim\u00e9e\" \/>\n\t<meta name=\"twitter:data1\" content=\"1 minute\" \/>\n<script type=\"application\/ld+json\" class=\"yoast-schema-graph\">{\"@context\":\"https:\/\/schema.org\",\"@graph\":[{\"@type\":\"WebPage\",\"@id\":\"https:\/\/vincentedelicacies.com\/prodotto\/morbidi-cubetti-di-torrone-alla-mandorla-ricoperti-di-cioccolato-extra-fondente-con-granella-di-mandorla\/\",\"url\":\"https:\/\/vincentedelicacies.com\/prodotto\/morbidi-cubetti-di-torrone-alla-mandorla-ricoperti-di-cioccolato-extra-fondente-con-granella-di-mandorla\/\",\"name\":\"Morbidi cubetti di Torrone alla Mandorla ricoperti di Cioccolato extra Fondente con Granella di Mandorla - Vincente Delicacies\",\"isPartOf\":{\"@id\":\"https:\/\/vincentedelicacies.com\/#website\"},\"primaryImageOfPage\":{\"@id\":\"https:\/\/vincentedelicacies.com\/prodotto\/morbidi-cubetti-di-torrone-alla-mandorla-ricoperti-di-cioccolato-extra-fondente-con-granella-di-mandorla\/#primaryimage\"},\"image\":{\"@id\":\"https:\/\/vincentedelicacies.com\/prodotto\/morbidi-cubetti-di-torrone-alla-mandorla-ricoperti-di-cioccolato-extra-fondente-con-granella-di-mandorla\/#primaryimage\"},\"thumbnailUrl\":\"https:\/\/vincentedelicacies.com\/wp-content\/uploads\/2021\/06\/ct-001.jpg\",\"datePublished\":\"2021-06-22T09:05:40+00:00\",\"dateModified\":\"2022-11-04T06:51:08+00:00\",\"description\":\"Dolce preparato artigianalmente, i nostri cubetti di torrone ricoperti sono perfetti per far fronte ai piccoli momenti di golosit\u00e0.\",\"breadcrumb\":{\"@id\":\"https:\/\/vincentedelicacies.com\/prodotto\/morbidi-cubetti-di-torrone-alla-mandorla-ricoperti-di-cioccolato-extra-fondente-con-granella-di-mandorla\/#breadcrumb\"},\"inLanguage\":\"fr-FR\",\"potentialAction\":[{\"@type\":\"ReadAction\",\"target\":[\"https:\/\/vincentedelicacies.com\/prodotto\/morbidi-cubetti-di-torrone-alla-mandorla-ricoperti-di-cioccolato-extra-fondente-con-granella-di-mandorla\/\"]}]},{\"@type\":\"ImageObject\",\"inLanguage\":\"fr-FR\",\"@id\":\"https:\/\/vincentedelicacies.com\/prodotto\/morbidi-cubetti-di-torrone-alla-mandorla-ricoperti-di-cioccolato-extra-fondente-con-granella-di-mandorla\/#primaryimage\",\"url\":\"https:\/\/vincentedelicacies.com\/wp-content\/uploads\/2021\/06\/ct-001.jpg\",\"contentUrl\":\"https:\/\/vincentedelicacies.com\/wp-content\/uploads\/2021\/06\/ct-001.jpg\",\"width\":890,\"height\":899,\"caption\":\"Morbidi cubetti di Torrone alla Mandorla ricoperti di Cioccolato extra Fondente con Granella di Mandorla\"},{\"@type\":\"BreadcrumbList\",\"@id\":\"https:\/\/vincentedelicacies.com\/prodotto\/morbidi-cubetti-di-torrone-alla-mandorla-ricoperti-di-cioccolato-extra-fondente-con-granella-di-mandorla\/#breadcrumb\",\"itemListElement\":[{\"@type\":\"ListItem\",\"position\":1,\"name\":\"Home\",\"item\":\"https:\/\/vincentedelicacies.com\/\"},{\"@type\":\"ListItem\",\"position\":2,\"name\":\"Prodotti\",\"item\":\"https:\/\/vincentedelicacies.com\/shop1__trashed\/\"},{\"@type\":\"ListItem\",\"position\":3,\"name\":\"Morbidi cubetti di Torrone alla Mandorla ricoperti di Cioccolato extra Fondente con Granella di Mandorla\"}]},{\"@type\":\"WebSite\",\"@id\":\"https:\/\/vincentedelicacies.com\/#website\",\"url\":\"https:\/\/vincentedelicacies.com\/\",\"name\":\"Vincente Delicacies\",\"description\":\"Un grande laboratorio di pasticceria\",\"publisher\":{\"@id\":\"https:\/\/vincentedelicacies.com\/#organization\"},\"potentialAction\":[{\"@type\":\"SearchAction\",\"target\":{\"@type\":\"EntryPoint\",\"urlTemplate\":\"https:\/\/vincentedelicacies.com\/?s={search_term_string}\"},\"query-input\":{\"@type\":\"PropertyValueSpecification\",\"valueRequired\":true,\"valueName\":\"search_term_string\"}}],\"inLanguage\":\"fr-FR\"},{\"@type\":\"Organization\",\"@id\":\"https:\/\/vincentedelicacies.com\/#organization\",\"name\":\"Vincente Delicacies\",\"url\":\"https:\/\/vincentedelicacies.com\/\",\"logo\":{\"@type\":\"ImageObject\",\"inLanguage\":\"fr-FR\",\"@id\":\"https:\/\/vincentedelicacies.com\/#\/schema\/logo\/image\/\",\"url\":\"https:\/\/vincentedelicacies.com\/wp-content\/uploads\/2021\/06\/logo.png\",\"contentUrl\":\"https:\/\/vincentedelicacies.com\/wp-content\/uploads\/2021\/06\/logo.png\",\"width\":159,\"height\":47,\"caption\":\"Vincente Delicacies\"},\"image\":{\"@id\":\"https:\/\/vincentedelicacies.com\/#\/schema\/logo\/image\/\"}}]}<\/script>\n<!-- \/ Yoast SEO Premium plugin. -->","yoast_head_json":{"title":"Morbidi cubetti di Torrone alla Mandorla ricoperti di Cioccolato extra Fondente con Granella di Mandorla - Vincente Delicacies","description":"Dolce preparato artigianalmente, i nostri cubetti di torrone ricoperti sono perfetti per far fronte ai piccoli momenti di golosit\u00e0.","robots":{"index":"index","follow":"follow","max-snippet":"max-snippet:-1","max-image-preview":"max-image-preview:large","max-video-preview":"max-video-preview:-1"},"canonical":"https:\/\/vincentedelicacies.com\/fr\/produit\/cubes-de-nougat-aux-amandes-enrobes-de-chocolat-noir-extra-avec-des-granules-damandes\/","og_locale":"fr_FR","og_type":"article","og_title":"Morbidi cubetti di Torrone alla Mandorla ricoperti di Cioccolato extra Fondente con Granella di Mandorla","og_description":"Il sapore caldo e intenso del cioccolato fondente si unisce a quello del torrone Vincente alla mandorla. Dolce preparato artigianalmente, i nostri cubetti di torrone ricoperti sono perfetti per far fronte ai piccoli momenti di golosit\u00e0. 200 gr","og_url":"https:\/\/vincentedelicacies.com\/fr\/produit\/cubes-de-nougat-aux-amandes-enrobes-de-chocolat-noir-extra-avec-des-granules-damandes\/","og_site_name":"Vincente Delicacies","article_modified_time":"2022-11-04T06:51:08+00:00","og_image":[{"width":890,"height":899,"url":"https:\/\/vincentedelicacies.com\/wp-content\/uploads\/2021\/06\/ct-001.jpg","type":"image\/jpeg"}],"twitter_card":"summary_large_image","twitter_misc":{"Dur\u00e9e de lecture estim\u00e9e":"1 minute"},"schema":{"@context":"https:\/\/schema.org","@graph":[{"@type":"WebPage","@id":"https:\/\/vincentedelicacies.com\/prodotto\/morbidi-cubetti-di-torrone-alla-mandorla-ricoperti-di-cioccolato-extra-fondente-con-granella-di-mandorla\/","url":"https:\/\/vincentedelicacies.com\/prodotto\/morbidi-cubetti-di-torrone-alla-mandorla-ricoperti-di-cioccolato-extra-fondente-con-granella-di-mandorla\/","name":"Morbidi cubetti di Torrone alla Mandorla ricoperti di Cioccolato extra Fondente con Granella di Mandorla - Vincente Delicacies","isPartOf":{"@id":"https:\/\/vincentedelicacies.com\/#website"},"primaryImageOfPage":{"@id":"https:\/\/vincentedelicacies.com\/prodotto\/morbidi-cubetti-di-torrone-alla-mandorla-ricoperti-di-cioccolato-extra-fondente-con-granella-di-mandorla\/#primaryimage"},"image":{"@id":"https:\/\/vincentedelicacies.com\/prodotto\/morbidi-cubetti-di-torrone-alla-mandorla-ricoperti-di-cioccolato-extra-fondente-con-granella-di-mandorla\/#primaryimage"},"thumbnailUrl":"https:\/\/vincentedelicacies.com\/wp-content\/uploads\/2021\/06\/ct-001.jpg","datePublished":"2021-06-22T09:05:40+00:00","dateModified":"2022-11-04T06:51:08+00:00","description":"Dolce preparato artigianalmente, i nostri cubetti di torrone ricoperti sono perfetti per far fronte ai piccoli momenti di golosit\u00e0.","breadcrumb":{"@id":"https:\/\/vincentedelicacies.com\/prodotto\/morbidi-cubetti-di-torrone-alla-mandorla-ricoperti-di-cioccolato-extra-fondente-con-granella-di-mandorla\/#breadcrumb"},"inLanguage":"fr-FR","potentialAction":[{"@type":"ReadAction","target":["https:\/\/vincentedelicacies.com\/prodotto\/morbidi-cubetti-di-torrone-alla-mandorla-ricoperti-di-cioccolato-extra-fondente-con-granella-di-mandorla\/"]}]},{"@type":"ImageObject","inLanguage":"fr-FR","@id":"https:\/\/vincentedelicacies.com\/prodotto\/morbidi-cubetti-di-torrone-alla-mandorla-ricoperti-di-cioccolato-extra-fondente-con-granella-di-mandorla\/#primaryimage","url":"https:\/\/vincentedelicacies.com\/wp-content\/uploads\/2021\/06\/ct-001.jpg","contentUrl":"https:\/\/vincentedelicacies.com\/wp-content\/uploads\/2021\/06\/ct-001.jpg","width":890,"height":899,"caption":"Morbidi cubetti di Torrone alla Mandorla ricoperti di Cioccolato extra Fondente con Granella di Mandorla"},{"@type":"BreadcrumbList","@id":"https:\/\/vincentedelicacies.com\/prodotto\/morbidi-cubetti-di-torrone-alla-mandorla-ricoperti-di-cioccolato-extra-fondente-con-granella-di-mandorla\/#breadcrumb","itemListElement":[{"@type":"ListItem","position":1,"name":"Home","item":"https:\/\/vincentedelicacies.com\/"},{"@type":"ListItem","position":2,"name":"Prodotti","item":"https:\/\/vincentedelicacies.com\/shop1__trashed\/"},{"@type":"ListItem","position":3,"name":"Morbidi cubetti di Torrone alla Mandorla ricoperti di Cioccolato extra Fondente con Granella di Mandorla"}]},{"@type":"WebSite","@id":"https:\/\/vincentedelicacies.com\/#website","url":"https:\/\/vincentedelicacies.com\/","name":"Vincente Delicacies","description":"Un grande laboratorio di pasticceria","publisher":{"@id":"https:\/\/vincentedelicacies.com\/#organization"},"potentialAction":[{"@type":"SearchAction","target":{"@type":"EntryPoint","urlTemplate":"https:\/\/vincentedelicacies.com\/?s={search_term_string}"},"query-input":{"@type":"PropertyValueSpecification","valueRequired":true,"valueName":"search_term_string"}}],"inLanguage":"fr-FR"},{"@type":"Organization","@id":"https:\/\/vincentedelicacies.com\/#organization","name":"Vincente Delicacies","url":"https:\/\/vincentedelicacies.com\/","logo":{"@type":"ImageObject","inLanguage":"fr-FR","@id":"https:\/\/vincentedelicacies.com\/#\/schema\/logo\/image\/","url":"https:\/\/vincentedelicacies.com\/wp-content\/uploads\/2021\/06\/logo.png","contentUrl":"https:\/\/vincentedelicacies.com\/wp-content\/uploads\/2021\/06\/logo.png","width":159,"height":47,"caption":"Vincente Delicacies"},"image":{"@id":"https:\/\/vincentedelicacies.com\/#\/schema\/logo\/image\/"}}]}},"_links":{"self":[{"href":"https:\/\/vincentedelicacies.com\/fr\/wp-json\/wp\/v2\/product\/2162","targetHints":{"allow":["GET"]}}],"collection":[{"href":"https:\/\/vincentedelicacies.com\/fr\/wp-json\/wp\/v2\/product"}],"about":[{"href":"https:\/\/vincentedelicacies.com\/fr\/wp-json\/wp\/v2\/types\/product"}],"replies":[{"embeddable":true,"href":"https:\/\/vincentedelicacies.com\/fr\/wp-json\/wp\/v2\/comments?post=2162"}],"wp:featuredmedia":[{"embeddable":true,"href":"https:\/\/vincentedelicacies.com\/fr\/wp-json\/wp\/v2\/media\/12743"}],"wp:attachment":[{"href":"https:\/\/vincentedelicacies.com\/fr\/wp-json\/wp\/v2\/media?parent=2162"}],"wp:term":[{"taxonomy":"product_brand","embeddable":true,"href":"https:\/\/vincentedelicacies.com\/fr\/wp-json\/wp\/v2\/product_brand?post=2162"},{"taxonomy":"product_cat","embeddable":true,"href":"https:\/\/vincentedelicacies.com\/fr\/wp-json\/wp\/v2\/product_cat?post=2162"},{"taxonomy":"product_tag","embeddable":true,"href":"https:\/\/vincentedelicacies.com\/fr\/wp-json\/wp\/v2\/product_tag?post=2162"}],"curies":[{"name":"wp","href":"https:\/\/api.w.org\/{rel}","templated":true}]}}