{"id":2107,"date":"2021-06-22T08:32:15","date_gmt":"2021-06-22T08:32:15","guid":{"rendered":"https:\/\/vincentedelicacies.com\/?post_type=product&#038;p=2107"},"modified":"2023-09-16T08:43:07","modified_gmt":"2023-09-16T08:43:07","slug":"nougat-aux-amandes-enrobe-de-chocolat-au-lait-pur","status":"publish","type":"product","link":"https:\/\/vincentedelicacies.com\/fr\/produit\/nougat-aux-amandes-enrobe-de-chocolat-au-lait-pur\/","title":{"rendered":"Nougat aux amandes enrob\u00e9 de chocolat au lait pur"},"content":{"rendered":"<p>Ingr\u00e9dients :<br \/>\nAmande de Sicile 60%, sucre, miel, blanc d'\u0153uf, sirop de glucose, huile essentielle de vanille. Enrobage : chocolat au lait 8% (sucre, beurre de cacao, lait en poudre, p\u00e2te de cacao, lactos\u00e9rum en poudre, \u00e9mulsifiant : l\u00e9cithine de SOY, extrait de vanille).<\/p>","protected":false},"excerpt":{"rendered":"<p>Recouvert d'un gla\u00e7age au chocolat au lait pur, le nougat aux amandes Vincente est un dessert d\u00e9licat, id\u00e9al pour terminer le d\u00eener sur une note sucr\u00e9e. Pr\u00e9par\u00e9 avec du miel de Zagara, des amandes de Sicile et du sucre, c'est un triomphe d'ar\u00f4mes et de saveurs. 200 g<\/p>","protected":false},"featured_media":18963,"comment_status":"open","ping_status":"closed","template":"","meta":[],"product_brand":[],"product_cat":[40,56],"product_tag":[],"class_list":{"0":"post-2107","1":"product","2":"type-product","3":"status-publish","4":"has-post-thumbnail","6":"product_cat-torrone","7":"product_cat-morbido","9":"first","10":"outofstock","11":"shipping-taxable","12":"product-type-variable"},"yoast_head":"<!-- This site is optimized with the Yoast SEO Premium plugin v21.8 (Yoast SEO v26.6) - https:\/\/yoast.com\/wordpress\/plugins\/seo\/ -->\n<title>Torrone Mandorla ricoperto di puro Cioccolato al Latte - Vincente Delicacies<\/title>\n<meta name=\"description\" content=\"Ricoperto da una glassa di puro cioccolato al latte, il Torrone Vincente alla mandorla \u00e8 un dolce delicato, ideale per chiudere la cena con dolcezza. Preparato con miele di Zagara, mandorle siciliane e zucchero \u00e8 un trionfo di odori e sapori. 200 g\" \/>\n<meta name=\"robots\" content=\"index, follow, max-snippet:-1, max-image-preview:large, max-video-preview:-1\" \/>\n<link rel=\"canonical\" href=\"https:\/\/vincentedelicacies.com\/fr\/produit\/nougat-aux-amandes-enrobe-de-chocolat-au-lait-pur\/\" \/>\n<meta property=\"og:locale\" content=\"fr_FR\" \/>\n<meta property=\"og:type\" content=\"article\" \/>\n<meta property=\"og:title\" content=\"Torrone Mandorla ricoperto di puro Cioccolato al Latte\" \/>\n<meta property=\"og:description\" content=\"Ricoperto da una glassa di puro cioccolato al latte, il Torrone Vincente alla mandorla \u00e8 un dolce delicato, ideale per chiudere la cena con dolcezza. Preparato con miele di Zagara, mandorle siciliane e zucchero \u00e8 un trionfo di odori e sapori. 200 g\" \/>\n<meta property=\"og:url\" content=\"https:\/\/vincentedelicacies.com\/fr\/produit\/nougat-aux-amandes-enrobe-de-chocolat-au-lait-pur\/\" \/>\n<meta property=\"og:site_name\" content=\"Vincente Delicacies\" \/>\n<meta property=\"article:modified_time\" content=\"2023-09-16T08:43:07+00:00\" \/>\n<meta property=\"og:image\" content=\"https:\/\/vincentedelicacies.com\/wp-content\/uploads\/2021\/06\/torrone-mandorle-ciocc-al-latte.jpg\" \/>\n\t<meta property=\"og:image:width\" content=\"790\" \/>\n\t<meta property=\"og:image:height\" content=\"799\" \/>\n\t<meta property=\"og:image:type\" content=\"image\/jpeg\" \/>\n<meta name=\"twitter:card\" content=\"summary_large_image\" \/>\n<meta name=\"twitter:label1\" content=\"Dur\u00e9e de lecture estim\u00e9e\" \/>\n\t<meta name=\"twitter:data1\" content=\"1 minute\" \/>\n<script type=\"application\/ld+json\" class=\"yoast-schema-graph\">{\"@context\":\"https:\/\/schema.org\",\"@graph\":[{\"@type\":\"WebPage\",\"@id\":\"https:\/\/vincentedelicacies.com\/prodotto\/torrone-mandorla-ricoperto-di-puro-cioccolato-al-latte\/\",\"url\":\"https:\/\/vincentedelicacies.com\/prodotto\/torrone-mandorla-ricoperto-di-puro-cioccolato-al-latte\/\",\"name\":\"Torrone Mandorla ricoperto di puro Cioccolato al Latte - Vincente Delicacies\",\"isPartOf\":{\"@id\":\"https:\/\/vincentedelicacies.com\/#website\"},\"primaryImageOfPage\":{\"@id\":\"https:\/\/vincentedelicacies.com\/prodotto\/torrone-mandorla-ricoperto-di-puro-cioccolato-al-latte\/#primaryimage\"},\"image\":{\"@id\":\"https:\/\/vincentedelicacies.com\/prodotto\/torrone-mandorla-ricoperto-di-puro-cioccolato-al-latte\/#primaryimage\"},\"thumbnailUrl\":\"https:\/\/vincentedelicacies.com\/wp-content\/uploads\/2021\/06\/torrone-mandorle-ciocc-al-latte.jpg\",\"datePublished\":\"2021-06-22T08:32:15+00:00\",\"dateModified\":\"2023-09-16T08:43:07+00:00\",\"description\":\"Ricoperto da una glassa di puro cioccolato al latte, il Torrone Vincente alla mandorla \u00e8 un dolce delicato, ideale per chiudere la cena con dolcezza. Preparato con miele di Zagara, mandorle siciliane e zucchero \u00e8 un trionfo di odori e sapori. 200 g\",\"breadcrumb\":{\"@id\":\"https:\/\/vincentedelicacies.com\/prodotto\/torrone-mandorla-ricoperto-di-puro-cioccolato-al-latte\/#breadcrumb\"},\"inLanguage\":\"fr-FR\",\"potentialAction\":[{\"@type\":\"ReadAction\",\"target\":[\"https:\/\/vincentedelicacies.com\/prodotto\/torrone-mandorla-ricoperto-di-puro-cioccolato-al-latte\/\"]}]},{\"@type\":\"ImageObject\",\"inLanguage\":\"fr-FR\",\"@id\":\"https:\/\/vincentedelicacies.com\/prodotto\/torrone-mandorla-ricoperto-di-puro-cioccolato-al-latte\/#primaryimage\",\"url\":\"https:\/\/vincentedelicacies.com\/wp-content\/uploads\/2021\/06\/torrone-mandorle-ciocc-al-latte.jpg\",\"contentUrl\":\"https:\/\/vincentedelicacies.com\/wp-content\/uploads\/2021\/06\/torrone-mandorle-ciocc-al-latte.jpg\",\"width\":790,\"height\":799},{\"@type\":\"BreadcrumbList\",\"@id\":\"https:\/\/vincentedelicacies.com\/prodotto\/torrone-mandorla-ricoperto-di-puro-cioccolato-al-latte\/#breadcrumb\",\"itemListElement\":[{\"@type\":\"ListItem\",\"position\":1,\"name\":\"Home\",\"item\":\"https:\/\/vincentedelicacies.com\/\"},{\"@type\":\"ListItem\",\"position\":2,\"name\":\"Prodotti\",\"item\":\"https:\/\/vincentedelicacies.com\/shop1__trashed\/\"},{\"@type\":\"ListItem\",\"position\":3,\"name\":\"Torrone Mandorla ricoperto di puro Cioccolato al Latte\"}]},{\"@type\":\"WebSite\",\"@id\":\"https:\/\/vincentedelicacies.com\/#website\",\"url\":\"https:\/\/vincentedelicacies.com\/\",\"name\":\"Vincente Delicacies\",\"description\":\"Un grande laboratorio di pasticceria\",\"publisher\":{\"@id\":\"https:\/\/vincentedelicacies.com\/#organization\"},\"potentialAction\":[{\"@type\":\"SearchAction\",\"target\":{\"@type\":\"EntryPoint\",\"urlTemplate\":\"https:\/\/vincentedelicacies.com\/?s={search_term_string}\"},\"query-input\":{\"@type\":\"PropertyValueSpecification\",\"valueRequired\":true,\"valueName\":\"search_term_string\"}}],\"inLanguage\":\"fr-FR\"},{\"@type\":\"Organization\",\"@id\":\"https:\/\/vincentedelicacies.com\/#organization\",\"name\":\"Vincente Delicacies\",\"url\":\"https:\/\/vincentedelicacies.com\/\",\"logo\":{\"@type\":\"ImageObject\",\"inLanguage\":\"fr-FR\",\"@id\":\"https:\/\/vincentedelicacies.com\/#\/schema\/logo\/image\/\",\"url\":\"https:\/\/vincentedelicacies.com\/wp-content\/uploads\/2021\/06\/logo.png\",\"contentUrl\":\"https:\/\/vincentedelicacies.com\/wp-content\/uploads\/2021\/06\/logo.png\",\"width\":159,\"height\":47,\"caption\":\"Vincente Delicacies\"},\"image\":{\"@id\":\"https:\/\/vincentedelicacies.com\/#\/schema\/logo\/image\/\"}}]}<\/script>\n<!-- \/ Yoast SEO Premium plugin. -->","yoast_head_json":{"title":"Torrone Mandorla ricoperto di puro Cioccolato al Latte - Vincente Delicacies","description":"Ricoperto da una glassa di puro cioccolato al latte, il Torrone Vincente alla mandorla \u00e8 un dolce delicato, ideale per chiudere la cena con dolcezza. Preparato con miele di Zagara, mandorle siciliane e zucchero \u00e8 un trionfo di odori e sapori. 200 g","robots":{"index":"index","follow":"follow","max-snippet":"max-snippet:-1","max-image-preview":"max-image-preview:large","max-video-preview":"max-video-preview:-1"},"canonical":"https:\/\/vincentedelicacies.com\/fr\/produit\/nougat-aux-amandes-enrobe-de-chocolat-au-lait-pur\/","og_locale":"fr_FR","og_type":"article","og_title":"Torrone Mandorla ricoperto di puro Cioccolato al Latte","og_description":"Ricoperto da una glassa di puro cioccolato al latte, il Torrone Vincente alla mandorla \u00e8 un dolce delicato, ideale per chiudere la cena con dolcezza. Preparato con miele di Zagara, mandorle siciliane e zucchero \u00e8 un trionfo di odori e sapori. 200 g","og_url":"https:\/\/vincentedelicacies.com\/fr\/produit\/nougat-aux-amandes-enrobe-de-chocolat-au-lait-pur\/","og_site_name":"Vincente Delicacies","article_modified_time":"2023-09-16T08:43:07+00:00","og_image":[{"width":790,"height":799,"url":"https:\/\/vincentedelicacies.com\/wp-content\/uploads\/2021\/06\/torrone-mandorle-ciocc-al-latte.jpg","type":"image\/jpeg"}],"twitter_card":"summary_large_image","twitter_misc":{"Dur\u00e9e de lecture estim\u00e9e":"1 minute"},"schema":{"@context":"https:\/\/schema.org","@graph":[{"@type":"WebPage","@id":"https:\/\/vincentedelicacies.com\/prodotto\/torrone-mandorla-ricoperto-di-puro-cioccolato-al-latte\/","url":"https:\/\/vincentedelicacies.com\/prodotto\/torrone-mandorla-ricoperto-di-puro-cioccolato-al-latte\/","name":"Torrone Mandorla ricoperto di puro Cioccolato al Latte - Vincente Delicacies","isPartOf":{"@id":"https:\/\/vincentedelicacies.com\/#website"},"primaryImageOfPage":{"@id":"https:\/\/vincentedelicacies.com\/prodotto\/torrone-mandorla-ricoperto-di-puro-cioccolato-al-latte\/#primaryimage"},"image":{"@id":"https:\/\/vincentedelicacies.com\/prodotto\/torrone-mandorla-ricoperto-di-puro-cioccolato-al-latte\/#primaryimage"},"thumbnailUrl":"https:\/\/vincentedelicacies.com\/wp-content\/uploads\/2021\/06\/torrone-mandorle-ciocc-al-latte.jpg","datePublished":"2021-06-22T08:32:15+00:00","dateModified":"2023-09-16T08:43:07+00:00","description":"Ricoperto da una glassa di puro cioccolato al latte, il Torrone Vincente alla mandorla \u00e8 un dolce delicato, ideale per chiudere la cena con dolcezza. Preparato con miele di Zagara, mandorle siciliane e zucchero \u00e8 un trionfo di odori e sapori. 200 g","breadcrumb":{"@id":"https:\/\/vincentedelicacies.com\/prodotto\/torrone-mandorla-ricoperto-di-puro-cioccolato-al-latte\/#breadcrumb"},"inLanguage":"fr-FR","potentialAction":[{"@type":"ReadAction","target":["https:\/\/vincentedelicacies.com\/prodotto\/torrone-mandorla-ricoperto-di-puro-cioccolato-al-latte\/"]}]},{"@type":"ImageObject","inLanguage":"fr-FR","@id":"https:\/\/vincentedelicacies.com\/prodotto\/torrone-mandorla-ricoperto-di-puro-cioccolato-al-latte\/#primaryimage","url":"https:\/\/vincentedelicacies.com\/wp-content\/uploads\/2021\/06\/torrone-mandorle-ciocc-al-latte.jpg","contentUrl":"https:\/\/vincentedelicacies.com\/wp-content\/uploads\/2021\/06\/torrone-mandorle-ciocc-al-latte.jpg","width":790,"height":799},{"@type":"BreadcrumbList","@id":"https:\/\/vincentedelicacies.com\/prodotto\/torrone-mandorla-ricoperto-di-puro-cioccolato-al-latte\/#breadcrumb","itemListElement":[{"@type":"ListItem","position":1,"name":"Home","item":"https:\/\/vincentedelicacies.com\/"},{"@type":"ListItem","position":2,"name":"Prodotti","item":"https:\/\/vincentedelicacies.com\/shop1__trashed\/"},{"@type":"ListItem","position":3,"name":"Torrone Mandorla ricoperto di puro Cioccolato al Latte"}]},{"@type":"WebSite","@id":"https:\/\/vincentedelicacies.com\/#website","url":"https:\/\/vincentedelicacies.com\/","name":"Vincente Delicacies","description":"Un grande laboratorio di pasticceria","publisher":{"@id":"https:\/\/vincentedelicacies.com\/#organization"},"potentialAction":[{"@type":"SearchAction","target":{"@type":"EntryPoint","urlTemplate":"https:\/\/vincentedelicacies.com\/?s={search_term_string}"},"query-input":{"@type":"PropertyValueSpecification","valueRequired":true,"valueName":"search_term_string"}}],"inLanguage":"fr-FR"},{"@type":"Organization","@id":"https:\/\/vincentedelicacies.com\/#organization","name":"Vincente Delicacies","url":"https:\/\/vincentedelicacies.com\/","logo":{"@type":"ImageObject","inLanguage":"fr-FR","@id":"https:\/\/vincentedelicacies.com\/#\/schema\/logo\/image\/","url":"https:\/\/vincentedelicacies.com\/wp-content\/uploads\/2021\/06\/logo.png","contentUrl":"https:\/\/vincentedelicacies.com\/wp-content\/uploads\/2021\/06\/logo.png","width":159,"height":47,"caption":"Vincente Delicacies"},"image":{"@id":"https:\/\/vincentedelicacies.com\/#\/schema\/logo\/image\/"}}]}},"_links":{"self":[{"href":"https:\/\/vincentedelicacies.com\/fr\/wp-json\/wp\/v2\/product\/2107","targetHints":{"allow":["GET"]}}],"collection":[{"href":"https:\/\/vincentedelicacies.com\/fr\/wp-json\/wp\/v2\/product"}],"about":[{"href":"https:\/\/vincentedelicacies.com\/fr\/wp-json\/wp\/v2\/types\/product"}],"replies":[{"embeddable":true,"href":"https:\/\/vincentedelicacies.com\/fr\/wp-json\/wp\/v2\/comments?post=2107"}],"wp:featuredmedia":[{"embeddable":true,"href":"https:\/\/vincentedelicacies.com\/fr\/wp-json\/wp\/v2\/media\/18963"}],"wp:attachment":[{"href":"https:\/\/vincentedelicacies.com\/fr\/wp-json\/wp\/v2\/media?parent=2107"}],"wp:term":[{"taxonomy":"product_brand","embeddable":true,"href":"https:\/\/vincentedelicacies.com\/fr\/wp-json\/wp\/v2\/product_brand?post=2107"},{"taxonomy":"product_cat","embeddable":true,"href":"https:\/\/vincentedelicacies.com\/fr\/wp-json\/wp\/v2\/product_cat?post=2107"},{"taxonomy":"product_tag","embeddable":true,"href":"https:\/\/vincentedelicacies.com\/fr\/wp-json\/wp\/v2\/product_tag?post=2107"}],"curies":[{"name":"wp","href":"https:\/\/api.w.org\/{rel}","templated":true}]}}