{"id":1990,"date":"2021-06-21T08:19:23","date_gmt":"2021-06-21T08:19:23","guid":{"rendered":"https:\/\/vincentedelicacies.com\/?post_type=product&#038;p=1990"},"modified":"2022-11-04T08:12:21","modified_gmt":"2022-11-04T08:12:21","slug":"pate-damande-enrobee-de-chocolat-blanc-fin","status":"publish","type":"product","link":"https:\/\/vincentedelicacies.com\/fr\/produit\/pate-damande-enrobee-de-chocolat-blanc-fin\/","title":{"rendered":"P\u00e2te d'amande enrob\u00e9e de chocolat blanc fin"},"content":{"rendered":"<p>Ingr\u00e9dients<br \/>\nAmande sicilienne 30%, pistache 20%, sucre, blanc d'\u0153uf, glucose, stabilisant : sirop de sorbitol, miel, sucre inverti, \u00e9mulsifiant : l\u00e9cithine SOY, ar\u00f4me naturel, conservateur : acide sorbique. Enrobage : chocolat blanc 8% (sucre, beurre de cacao, poudre de LAIT, poudre de lactos\u00e9rum, \u00e9mulsifiant : l\u00e9cithine de SOY, extrait de vanille).<\/p>","protected":false},"excerpt":{"rendered":"<p>C'est \u00e0 partir d'une p\u00e2te compos\u00e9e d'amandes, de pistaches, d'eau et de sucre que naissent ces d\u00e9licieuses p\u00e2tisseries. La p\u00e2te, recouverte d'un gla\u00e7age au chocolat blanc le plus fin, est agr\u00e9ment\u00e9e de pistaches hach\u00e9es. Un dessert raffin\u00e9 pour un moment de pur plaisir. 200 g<\/p>","protected":false},"featured_media":12838,"comment_status":"open","ping_status":"closed","template":"","meta":[],"product_brand":[],"product_cat":[15,55],"product_tag":[],"class_list":{"0":"post-1990","1":"product","2":"type-product","3":"status-publish","4":"has-post-thumbnail","6":"product_cat-pasta-di-mandorla","7":"product_cat-pistacchio","9":"first","10":"instock","11":"shipping-taxable","12":"product-type-variable"},"yoast_head":"<!-- This site is optimized with the Yoast SEO Premium plugin v21.8 (Yoast SEO v26.6) - https:\/\/yoast.com\/wordpress\/plugins\/seo\/ -->\n<title>Pasta di Mandorla ricoperta di finissimo Cioccolato Bianco - Vincente Delicacies<\/title>\n<meta name=\"description\" content=\"La pasta di mandorla, ricoperta da una glassa di finissimo cioccolato bianco, viene impreziosita dalla granella di pistacchio.\" \/>\n<meta name=\"robots\" content=\"index, follow, max-snippet:-1, max-image-preview:large, max-video-preview:-1\" \/>\n<link rel=\"canonical\" href=\"https:\/\/vincentedelicacies.com\/fr\/produit\/pate-damande-enrobee-de-chocolat-blanc-fin\/\" \/>\n<meta property=\"og:locale\" content=\"fr_FR\" \/>\n<meta property=\"og:type\" content=\"article\" \/>\n<meta property=\"og:title\" content=\"Pasta di Mandorla ricoperta di finissimo Cioccolato Bianco\" \/>\n<meta property=\"og:description\" content=\"Da una pasta realizzata con mandorle, pistacchio, acqua e zucchero nascono questi deliziosi pasticcini. La pasta, ricoperta da una glassa di finissimo cioccolato bianco, viene impreziosita da granella di pistacchio. Un dessert raffinato, per un momento di puro piacere. 200 g\" \/>\n<meta property=\"og:url\" content=\"https:\/\/vincentedelicacies.com\/fr\/produit\/pate-damande-enrobee-de-chocolat-blanc-fin\/\" \/>\n<meta property=\"og:site_name\" content=\"Vincente Delicacies\" \/>\n<meta property=\"article:modified_time\" content=\"2022-11-04T08:12:21+00:00\" \/>\n<meta property=\"og:image\" content=\"https:\/\/vincentedelicacies.com\/wp-content\/uploads\/2021\/06\/P-5005.jpg\" \/>\n\t<meta property=\"og:image:width\" content=\"890\" \/>\n\t<meta property=\"og:image:height\" content=\"899\" \/>\n\t<meta property=\"og:image:type\" content=\"image\/jpeg\" \/>\n<meta name=\"twitter:card\" content=\"summary_large_image\" \/>\n<meta name=\"twitter:label1\" content=\"Dur\u00e9e de lecture estim\u00e9e\" \/>\n\t<meta name=\"twitter:data1\" content=\"1 minute\" \/>\n<script type=\"application\/ld+json\" class=\"yoast-schema-graph\">{\"@context\":\"https:\/\/schema.org\",\"@graph\":[{\"@type\":\"WebPage\",\"@id\":\"https:\/\/vincentedelicacies.com\/prodotto\/pasta-di-mandorla-ricoperta-di-finissimo-cioccolato-bianco\/\",\"url\":\"https:\/\/vincentedelicacies.com\/prodotto\/pasta-di-mandorla-ricoperta-di-finissimo-cioccolato-bianco\/\",\"name\":\"Pasta di Mandorla ricoperta di finissimo Cioccolato Bianco - Vincente Delicacies\",\"isPartOf\":{\"@id\":\"https:\/\/vincentedelicacies.com\/#website\"},\"primaryImageOfPage\":{\"@id\":\"https:\/\/vincentedelicacies.com\/prodotto\/pasta-di-mandorla-ricoperta-di-finissimo-cioccolato-bianco\/#primaryimage\"},\"image\":{\"@id\":\"https:\/\/vincentedelicacies.com\/prodotto\/pasta-di-mandorla-ricoperta-di-finissimo-cioccolato-bianco\/#primaryimage\"},\"thumbnailUrl\":\"https:\/\/vincentedelicacies.com\/wp-content\/uploads\/2021\/06\/P-5005.jpg\",\"datePublished\":\"2021-06-21T08:19:23+00:00\",\"dateModified\":\"2022-11-04T08:12:21+00:00\",\"description\":\"La pasta di mandorla, ricoperta da una glassa di finissimo cioccolato bianco, viene impreziosita dalla granella di pistacchio.\",\"breadcrumb\":{\"@id\":\"https:\/\/vincentedelicacies.com\/prodotto\/pasta-di-mandorla-ricoperta-di-finissimo-cioccolato-bianco\/#breadcrumb\"},\"inLanguage\":\"fr-FR\",\"potentialAction\":[{\"@type\":\"ReadAction\",\"target\":[\"https:\/\/vincentedelicacies.com\/prodotto\/pasta-di-mandorla-ricoperta-di-finissimo-cioccolato-bianco\/\"]}]},{\"@type\":\"ImageObject\",\"inLanguage\":\"fr-FR\",\"@id\":\"https:\/\/vincentedelicacies.com\/prodotto\/pasta-di-mandorla-ricoperta-di-finissimo-cioccolato-bianco\/#primaryimage\",\"url\":\"https:\/\/vincentedelicacies.com\/wp-content\/uploads\/2021\/06\/P-5005.jpg\",\"contentUrl\":\"https:\/\/vincentedelicacies.com\/wp-content\/uploads\/2021\/06\/P-5005.jpg\",\"width\":890,\"height\":899,\"caption\":\"Pasta di Mandorla ricoperta di finissimo Cioccolato Bianco\"},{\"@type\":\"BreadcrumbList\",\"@id\":\"https:\/\/vincentedelicacies.com\/prodotto\/pasta-di-mandorla-ricoperta-di-finissimo-cioccolato-bianco\/#breadcrumb\",\"itemListElement\":[{\"@type\":\"ListItem\",\"position\":1,\"name\":\"Home\",\"item\":\"https:\/\/vincentedelicacies.com\/\"},{\"@type\":\"ListItem\",\"position\":2,\"name\":\"Prodotti\",\"item\":\"https:\/\/vincentedelicacies.com\/shop1__trashed\/\"},{\"@type\":\"ListItem\",\"position\":3,\"name\":\"Pasta di Mandorla ricoperta di finissimo Cioccolato Bianco\"}]},{\"@type\":\"WebSite\",\"@id\":\"https:\/\/vincentedelicacies.com\/#website\",\"url\":\"https:\/\/vincentedelicacies.com\/\",\"name\":\"Vincente Delicacies\",\"description\":\"Un grande laboratorio di pasticceria\",\"publisher\":{\"@id\":\"https:\/\/vincentedelicacies.com\/#organization\"},\"potentialAction\":[{\"@type\":\"SearchAction\",\"target\":{\"@type\":\"EntryPoint\",\"urlTemplate\":\"https:\/\/vincentedelicacies.com\/?s={search_term_string}\"},\"query-input\":{\"@type\":\"PropertyValueSpecification\",\"valueRequired\":true,\"valueName\":\"search_term_string\"}}],\"inLanguage\":\"fr-FR\"},{\"@type\":\"Organization\",\"@id\":\"https:\/\/vincentedelicacies.com\/#organization\",\"name\":\"Vincente Delicacies\",\"url\":\"https:\/\/vincentedelicacies.com\/\",\"logo\":{\"@type\":\"ImageObject\",\"inLanguage\":\"fr-FR\",\"@id\":\"https:\/\/vincentedelicacies.com\/#\/schema\/logo\/image\/\",\"url\":\"https:\/\/vincentedelicacies.com\/wp-content\/uploads\/2021\/06\/logo.png\",\"contentUrl\":\"https:\/\/vincentedelicacies.com\/wp-content\/uploads\/2021\/06\/logo.png\",\"width\":159,\"height\":47,\"caption\":\"Vincente Delicacies\"},\"image\":{\"@id\":\"https:\/\/vincentedelicacies.com\/#\/schema\/logo\/image\/\"}}]}<\/script>\n<!-- \/ Yoast SEO Premium plugin. -->","yoast_head_json":{"title":"Pasta di Mandorla ricoperta di finissimo Cioccolato Bianco - Vincente Delicacies","description":"La pasta di mandorla, ricoperta da una glassa di finissimo cioccolato bianco, viene impreziosita dalla granella di pistacchio.","robots":{"index":"index","follow":"follow","max-snippet":"max-snippet:-1","max-image-preview":"max-image-preview:large","max-video-preview":"max-video-preview:-1"},"canonical":"https:\/\/vincentedelicacies.com\/fr\/produit\/pate-damande-enrobee-de-chocolat-blanc-fin\/","og_locale":"fr_FR","og_type":"article","og_title":"Pasta di Mandorla ricoperta di finissimo Cioccolato Bianco","og_description":"Da una pasta realizzata con mandorle, pistacchio, acqua e zucchero nascono questi deliziosi pasticcini. La pasta, ricoperta da una glassa di finissimo cioccolato bianco, viene impreziosita da granella di pistacchio. Un dessert raffinato, per un momento di puro piacere. 200 g","og_url":"https:\/\/vincentedelicacies.com\/fr\/produit\/pate-damande-enrobee-de-chocolat-blanc-fin\/","og_site_name":"Vincente Delicacies","article_modified_time":"2022-11-04T08:12:21+00:00","og_image":[{"width":890,"height":899,"url":"https:\/\/vincentedelicacies.com\/wp-content\/uploads\/2021\/06\/P-5005.jpg","type":"image\/jpeg"}],"twitter_card":"summary_large_image","twitter_misc":{"Dur\u00e9e de lecture estim\u00e9e":"1 minute"},"schema":{"@context":"https:\/\/schema.org","@graph":[{"@type":"WebPage","@id":"https:\/\/vincentedelicacies.com\/prodotto\/pasta-di-mandorla-ricoperta-di-finissimo-cioccolato-bianco\/","url":"https:\/\/vincentedelicacies.com\/prodotto\/pasta-di-mandorla-ricoperta-di-finissimo-cioccolato-bianco\/","name":"Pasta di Mandorla ricoperta di finissimo Cioccolato Bianco - Vincente Delicacies","isPartOf":{"@id":"https:\/\/vincentedelicacies.com\/#website"},"primaryImageOfPage":{"@id":"https:\/\/vincentedelicacies.com\/prodotto\/pasta-di-mandorla-ricoperta-di-finissimo-cioccolato-bianco\/#primaryimage"},"image":{"@id":"https:\/\/vincentedelicacies.com\/prodotto\/pasta-di-mandorla-ricoperta-di-finissimo-cioccolato-bianco\/#primaryimage"},"thumbnailUrl":"https:\/\/vincentedelicacies.com\/wp-content\/uploads\/2021\/06\/P-5005.jpg","datePublished":"2021-06-21T08:19:23+00:00","dateModified":"2022-11-04T08:12:21+00:00","description":"La pasta di mandorla, ricoperta da una glassa di finissimo cioccolato bianco, viene impreziosita dalla granella di pistacchio.","breadcrumb":{"@id":"https:\/\/vincentedelicacies.com\/prodotto\/pasta-di-mandorla-ricoperta-di-finissimo-cioccolato-bianco\/#breadcrumb"},"inLanguage":"fr-FR","potentialAction":[{"@type":"ReadAction","target":["https:\/\/vincentedelicacies.com\/prodotto\/pasta-di-mandorla-ricoperta-di-finissimo-cioccolato-bianco\/"]}]},{"@type":"ImageObject","inLanguage":"fr-FR","@id":"https:\/\/vincentedelicacies.com\/prodotto\/pasta-di-mandorla-ricoperta-di-finissimo-cioccolato-bianco\/#primaryimage","url":"https:\/\/vincentedelicacies.com\/wp-content\/uploads\/2021\/06\/P-5005.jpg","contentUrl":"https:\/\/vincentedelicacies.com\/wp-content\/uploads\/2021\/06\/P-5005.jpg","width":890,"height":899,"caption":"Pasta di Mandorla ricoperta di finissimo Cioccolato Bianco"},{"@type":"BreadcrumbList","@id":"https:\/\/vincentedelicacies.com\/prodotto\/pasta-di-mandorla-ricoperta-di-finissimo-cioccolato-bianco\/#breadcrumb","itemListElement":[{"@type":"ListItem","position":1,"name":"Home","item":"https:\/\/vincentedelicacies.com\/"},{"@type":"ListItem","position":2,"name":"Prodotti","item":"https:\/\/vincentedelicacies.com\/shop1__trashed\/"},{"@type":"ListItem","position":3,"name":"Pasta di Mandorla ricoperta di finissimo Cioccolato Bianco"}]},{"@type":"WebSite","@id":"https:\/\/vincentedelicacies.com\/#website","url":"https:\/\/vincentedelicacies.com\/","name":"Vincente Delicacies","description":"Un grande laboratorio di pasticceria","publisher":{"@id":"https:\/\/vincentedelicacies.com\/#organization"},"potentialAction":[{"@type":"SearchAction","target":{"@type":"EntryPoint","urlTemplate":"https:\/\/vincentedelicacies.com\/?s={search_term_string}"},"query-input":{"@type":"PropertyValueSpecification","valueRequired":true,"valueName":"search_term_string"}}],"inLanguage":"fr-FR"},{"@type":"Organization","@id":"https:\/\/vincentedelicacies.com\/#organization","name":"Vincente Delicacies","url":"https:\/\/vincentedelicacies.com\/","logo":{"@type":"ImageObject","inLanguage":"fr-FR","@id":"https:\/\/vincentedelicacies.com\/#\/schema\/logo\/image\/","url":"https:\/\/vincentedelicacies.com\/wp-content\/uploads\/2021\/06\/logo.png","contentUrl":"https:\/\/vincentedelicacies.com\/wp-content\/uploads\/2021\/06\/logo.png","width":159,"height":47,"caption":"Vincente Delicacies"},"image":{"@id":"https:\/\/vincentedelicacies.com\/#\/schema\/logo\/image\/"}}]}},"_links":{"self":[{"href":"https:\/\/vincentedelicacies.com\/fr\/wp-json\/wp\/v2\/product\/1990","targetHints":{"allow":["GET"]}}],"collection":[{"href":"https:\/\/vincentedelicacies.com\/fr\/wp-json\/wp\/v2\/product"}],"about":[{"href":"https:\/\/vincentedelicacies.com\/fr\/wp-json\/wp\/v2\/types\/product"}],"replies":[{"embeddable":true,"href":"https:\/\/vincentedelicacies.com\/fr\/wp-json\/wp\/v2\/comments?post=1990"}],"wp:featuredmedia":[{"embeddable":true,"href":"https:\/\/vincentedelicacies.com\/fr\/wp-json\/wp\/v2\/media\/12838"}],"wp:attachment":[{"href":"https:\/\/vincentedelicacies.com\/fr\/wp-json\/wp\/v2\/media?parent=1990"}],"wp:term":[{"taxonomy":"product_brand","embeddable":true,"href":"https:\/\/vincentedelicacies.com\/fr\/wp-json\/wp\/v2\/product_brand?post=1990"},{"taxonomy":"product_cat","embeddable":true,"href":"https:\/\/vincentedelicacies.com\/fr\/wp-json\/wp\/v2\/product_cat?post=1990"},{"taxonomy":"product_tag","embeddable":true,"href":"https:\/\/vincentedelicacies.com\/fr\/wp-json\/wp\/v2\/product_tag?post=1990"}],"curies":[{"name":"wp","href":"https:\/\/api.w.org\/{rel}","templated":true}]}}