{"id":1974,"date":"2021-06-21T07:52:55","date_gmt":"2021-06-21T07:52:55","guid":{"rendered":"https:\/\/vincentedelicacies.com\/?post_type=product&#038;p=1974"},"modified":"2022-11-25T12:44:49","modified_gmt":"2022-11-25T12:44:49","slug":"pate-damandes-aux-agrumes","status":"publish","type":"product","link":"https:\/\/vincentedelicacies.com\/fr\/produit\/pate-damandes-aux-agrumes\/","title":{"rendered":"P\u00e2te d'amandes sicilienne aux agrumes"},"content":{"rendered":"<p><span style=\"vertical-align: inherit;\"><span style=\"vertical-align: inherit;\">Ingr\u00e9dients <\/span><\/span><br \/>\n<span style=\"vertical-align: inherit;\"><span style=\"vertical-align: inherit;\">P\u00e2te d'amande \u00e0 l'orange : AMANDE 50%, sucre, b\u00e2tonnets d'orange 10% (\u00e9corce d'orange, sirop de glucose-fructose, saccharose, correcteur d'acidit\u00e9 : acide citrique, conservateur : DIOXIDE DE SOUFRE), blanc d'\u0153uf EGG, sirop de glucose, stabilisant : sorbitol, miel, sirop de sucre inverti, \u00e9mulsifiant : l\u00e9cithine de SOY, ar\u00f4me d'orange 0,2%, ar\u00f4mes, conservateur : acide sorbique.<\/span><\/span><br \/>\n<span style=\"vertical-align: inherit;\"><span style=\"vertical-align: inherit;\">P\u00e2te d'amande mandarine : ALMOND 50%, sucre, cubes d'\u00e9corces de mandarines confites 10% (\u00e9corces de mandarines, sirop de glucose-fructose, saccharose, correcteur d'acidit\u00e9 : acide citrique, conservateur : DIOXIDE DE SULFURE), blanc d'EGG, sirop de glucose, stabilisant : sorbitol, miel, sirop de sucre inverti, \u00e9mulsifiant : l\u00e9cithine de SOY, ar\u00f4me de mandarine 0,2%, ar\u00f4mes, conservateur : acide sorbique.<\/span><\/span><br \/>\n<span style=\"vertical-align: inherit;\"><span style=\"vertical-align: inherit;\">P\u00e2te d'amandes au citron : AMANDES 50%, sucre, cubes de zestes de citron confits 10% (zestes de citron, sirop de glucose - fructose, saccharose, correcteur d'acidit\u00e9 : acide citrique, conservateur : DIOXIDE DE SULFURE), blanc d'EGG, sirop de glucose, stabilisant : sorbitol, miel, sirop de sucre inverti, \u00e9mulsifiant : l\u00e9cithine de SOY, ar\u00f4me citron 0,2%, ar\u00f4mes, conservateur : acide sorbique.<\/span><\/span><\/p>","protected":false},"excerpt":{"rendered":"<p>Un emballage simple et \u00e9l\u00e9gant contient les p\u00e2tisseries aux amandes de Vincente avec des agrumes siciliens. Les p\u00e2tisseries sont agr\u00e9ment\u00e9es d'orange confite, de zestes de citron en d\u00e9s et de mandarine confite. La Sicile, ses odeurs et ses saveurs, enferm\u00e9es dans de d\u00e9licieuses p\u00e2tisseries. 200 g<\/p>","protected":false},"featured_media":12725,"comment_status":"open","ping_status":"closed","template":"","meta":[],"product_brand":[],"product_cat":[15,54],"product_tag":[],"class_list":{"0":"post-1974","1":"product","2":"type-product","3":"status-publish","4":"has-post-thumbnail","6":"product_cat-pasta-di-mandorla","7":"product_cat-agrumi","9":"first","10":"instock","11":"shipping-taxable","12":"product-type-variable"},"yoast_head":"<!-- This site is optimized with the Yoast SEO Premium plugin v21.8 (Yoast SEO v26.6) - https:\/\/yoast.com\/wordpress\/plugins\/seo\/ -->\n<title>Pasta di mandorla di Sicilia agli agrumi - Vincente Delicacies<\/title>\n<meta name=\"description\" content=\"Le paste di mandorla Vincente agli agrumi di Sicilia sono completate da tondini d\u2019arancia candita, cubetti di scorza di limone e mandarino\" \/>\n<meta name=\"robots\" content=\"index, follow, max-snippet:-1, max-image-preview:large, max-video-preview:-1\" \/>\n<link rel=\"canonical\" href=\"https:\/\/vincentedelicacies.com\/fr\/produit\/pate-damandes-aux-agrumes\/\" \/>\n<meta property=\"og:locale\" content=\"fr_FR\" \/>\n<meta property=\"og:type\" content=\"article\" \/>\n<meta property=\"og:title\" content=\"Pasta di mandorla di Sicilia agli agrumi\" \/>\n<meta property=\"og:description\" content=\"Una confezione semplice ed elegante custodisce le paste di mandorla Vincente agli agrumi di Sicilia. Le paste sono completate da tondini d\u2019arancia candita, cubetti di scorza di limone e mandarino canditi. La Sicilia e i suoi odori e sapori racchiusi in deliziosi pasticcini. 200gr\" \/>\n<meta property=\"og:url\" content=\"https:\/\/vincentedelicacies.com\/fr\/produit\/pate-damandes-aux-agrumes\/\" \/>\n<meta property=\"og:site_name\" content=\"Vincente Delicacies\" \/>\n<meta property=\"article:modified_time\" content=\"2022-11-25T12:44:49+00:00\" \/>\n<meta property=\"og:image\" content=\"https:\/\/vincentedelicacies.com\/wp-content\/uploads\/2021\/06\/P5002.jpg\" \/>\n\t<meta property=\"og:image:width\" content=\"890\" \/>\n\t<meta property=\"og:image:height\" content=\"899\" \/>\n\t<meta property=\"og:image:type\" content=\"image\/jpeg\" \/>\n<meta name=\"twitter:card\" content=\"summary_large_image\" \/>\n<meta name=\"twitter:label1\" content=\"Dur\u00e9e de lecture estim\u00e9e\" \/>\n\t<meta name=\"twitter:data1\" content=\"1 minute\" \/>\n<script type=\"application\/ld+json\" class=\"yoast-schema-graph\">{\"@context\":\"https:\/\/schema.org\",\"@graph\":[{\"@type\":\"WebPage\",\"@id\":\"https:\/\/vincentedelicacies.com\/prodotto\/pasta-di-mandorla-agli-agrumi\/\",\"url\":\"https:\/\/vincentedelicacies.com\/prodotto\/pasta-di-mandorla-agli-agrumi\/\",\"name\":\"Pasta di mandorla di Sicilia agli agrumi - Vincente Delicacies\",\"isPartOf\":{\"@id\":\"https:\/\/vincentedelicacies.com\/#website\"},\"primaryImageOfPage\":{\"@id\":\"https:\/\/vincentedelicacies.com\/prodotto\/pasta-di-mandorla-agli-agrumi\/#primaryimage\"},\"image\":{\"@id\":\"https:\/\/vincentedelicacies.com\/prodotto\/pasta-di-mandorla-agli-agrumi\/#primaryimage\"},\"thumbnailUrl\":\"https:\/\/vincentedelicacies.com\/wp-content\/uploads\/2021\/06\/P5002.jpg\",\"datePublished\":\"2021-06-21T07:52:55+00:00\",\"dateModified\":\"2022-11-25T12:44:49+00:00\",\"description\":\"Le paste di mandorla Vincente agli agrumi di Sicilia sono completate da tondini d\u2019arancia candita, cubetti di scorza di limone e mandarino\",\"breadcrumb\":{\"@id\":\"https:\/\/vincentedelicacies.com\/prodotto\/pasta-di-mandorla-agli-agrumi\/#breadcrumb\"},\"inLanguage\":\"fr-FR\",\"potentialAction\":[{\"@type\":\"ReadAction\",\"target\":[\"https:\/\/vincentedelicacies.com\/prodotto\/pasta-di-mandorla-agli-agrumi\/\"]}]},{\"@type\":\"ImageObject\",\"inLanguage\":\"fr-FR\",\"@id\":\"https:\/\/vincentedelicacies.com\/prodotto\/pasta-di-mandorla-agli-agrumi\/#primaryimage\",\"url\":\"https:\/\/vincentedelicacies.com\/wp-content\/uploads\/2021\/06\/P5002.jpg\",\"contentUrl\":\"https:\/\/vincentedelicacies.com\/wp-content\/uploads\/2021\/06\/P5002.jpg\",\"width\":890,\"height\":899,\"caption\":\"Pasta di mandorla di Sicilia agli agrumi\"},{\"@type\":\"BreadcrumbList\",\"@id\":\"https:\/\/vincentedelicacies.com\/prodotto\/pasta-di-mandorla-agli-agrumi\/#breadcrumb\",\"itemListElement\":[{\"@type\":\"ListItem\",\"position\":1,\"name\":\"Home\",\"item\":\"https:\/\/vincentedelicacies.com\/\"},{\"@type\":\"ListItem\",\"position\":2,\"name\":\"Prodotti\",\"item\":\"https:\/\/vincentedelicacies.com\/shop1__trashed\/\"},{\"@type\":\"ListItem\",\"position\":3,\"name\":\"Pasta di mandorla di Sicilia agli agrumi\"}]},{\"@type\":\"WebSite\",\"@id\":\"https:\/\/vincentedelicacies.com\/#website\",\"url\":\"https:\/\/vincentedelicacies.com\/\",\"name\":\"Vincente Delicacies\",\"description\":\"Un grande laboratorio di pasticceria\",\"publisher\":{\"@id\":\"https:\/\/vincentedelicacies.com\/#organization\"},\"potentialAction\":[{\"@type\":\"SearchAction\",\"target\":{\"@type\":\"EntryPoint\",\"urlTemplate\":\"https:\/\/vincentedelicacies.com\/?s={search_term_string}\"},\"query-input\":{\"@type\":\"PropertyValueSpecification\",\"valueRequired\":true,\"valueName\":\"search_term_string\"}}],\"inLanguage\":\"fr-FR\"},{\"@type\":\"Organization\",\"@id\":\"https:\/\/vincentedelicacies.com\/#organization\",\"name\":\"Vincente Delicacies\",\"url\":\"https:\/\/vincentedelicacies.com\/\",\"logo\":{\"@type\":\"ImageObject\",\"inLanguage\":\"fr-FR\",\"@id\":\"https:\/\/vincentedelicacies.com\/#\/schema\/logo\/image\/\",\"url\":\"https:\/\/vincentedelicacies.com\/wp-content\/uploads\/2021\/06\/logo.png\",\"contentUrl\":\"https:\/\/vincentedelicacies.com\/wp-content\/uploads\/2021\/06\/logo.png\",\"width\":159,\"height\":47,\"caption\":\"Vincente Delicacies\"},\"image\":{\"@id\":\"https:\/\/vincentedelicacies.com\/#\/schema\/logo\/image\/\"}}]}<\/script>\n<!-- \/ Yoast SEO Premium plugin. -->","yoast_head_json":{"title":"Pasta di mandorla di Sicilia agli agrumi - Vincente Delicacies","description":"Le paste di mandorla Vincente agli agrumi di Sicilia sono completate da tondini d\u2019arancia candita, cubetti di scorza di limone e mandarino","robots":{"index":"index","follow":"follow","max-snippet":"max-snippet:-1","max-image-preview":"max-image-preview:large","max-video-preview":"max-video-preview:-1"},"canonical":"https:\/\/vincentedelicacies.com\/fr\/produit\/pate-damandes-aux-agrumes\/","og_locale":"fr_FR","og_type":"article","og_title":"Pasta di mandorla di Sicilia agli agrumi","og_description":"Una confezione semplice ed elegante custodisce le paste di mandorla Vincente agli agrumi di Sicilia. Le paste sono completate da tondini d\u2019arancia candita, cubetti di scorza di limone e mandarino canditi. La Sicilia e i suoi odori e sapori racchiusi in deliziosi pasticcini. 200gr","og_url":"https:\/\/vincentedelicacies.com\/fr\/produit\/pate-damandes-aux-agrumes\/","og_site_name":"Vincente Delicacies","article_modified_time":"2022-11-25T12:44:49+00:00","og_image":[{"width":890,"height":899,"url":"https:\/\/vincentedelicacies.com\/wp-content\/uploads\/2021\/06\/P5002.jpg","type":"image\/jpeg"}],"twitter_card":"summary_large_image","twitter_misc":{"Dur\u00e9e de lecture estim\u00e9e":"1 minute"},"schema":{"@context":"https:\/\/schema.org","@graph":[{"@type":"WebPage","@id":"https:\/\/vincentedelicacies.com\/prodotto\/pasta-di-mandorla-agli-agrumi\/","url":"https:\/\/vincentedelicacies.com\/prodotto\/pasta-di-mandorla-agli-agrumi\/","name":"Pasta di mandorla di Sicilia agli agrumi - Vincente Delicacies","isPartOf":{"@id":"https:\/\/vincentedelicacies.com\/#website"},"primaryImageOfPage":{"@id":"https:\/\/vincentedelicacies.com\/prodotto\/pasta-di-mandorla-agli-agrumi\/#primaryimage"},"image":{"@id":"https:\/\/vincentedelicacies.com\/prodotto\/pasta-di-mandorla-agli-agrumi\/#primaryimage"},"thumbnailUrl":"https:\/\/vincentedelicacies.com\/wp-content\/uploads\/2021\/06\/P5002.jpg","datePublished":"2021-06-21T07:52:55+00:00","dateModified":"2022-11-25T12:44:49+00:00","description":"Le paste di mandorla Vincente agli agrumi di Sicilia sono completate da tondini d\u2019arancia candita, cubetti di scorza di limone e mandarino","breadcrumb":{"@id":"https:\/\/vincentedelicacies.com\/prodotto\/pasta-di-mandorla-agli-agrumi\/#breadcrumb"},"inLanguage":"fr-FR","potentialAction":[{"@type":"ReadAction","target":["https:\/\/vincentedelicacies.com\/prodotto\/pasta-di-mandorla-agli-agrumi\/"]}]},{"@type":"ImageObject","inLanguage":"fr-FR","@id":"https:\/\/vincentedelicacies.com\/prodotto\/pasta-di-mandorla-agli-agrumi\/#primaryimage","url":"https:\/\/vincentedelicacies.com\/wp-content\/uploads\/2021\/06\/P5002.jpg","contentUrl":"https:\/\/vincentedelicacies.com\/wp-content\/uploads\/2021\/06\/P5002.jpg","width":890,"height":899,"caption":"Pasta di mandorla di Sicilia agli agrumi"},{"@type":"BreadcrumbList","@id":"https:\/\/vincentedelicacies.com\/prodotto\/pasta-di-mandorla-agli-agrumi\/#breadcrumb","itemListElement":[{"@type":"ListItem","position":1,"name":"Home","item":"https:\/\/vincentedelicacies.com\/"},{"@type":"ListItem","position":2,"name":"Prodotti","item":"https:\/\/vincentedelicacies.com\/shop1__trashed\/"},{"@type":"ListItem","position":3,"name":"Pasta di mandorla di Sicilia agli agrumi"}]},{"@type":"WebSite","@id":"https:\/\/vincentedelicacies.com\/#website","url":"https:\/\/vincentedelicacies.com\/","name":"Vincente Delicacies","description":"Un grande laboratorio di pasticceria","publisher":{"@id":"https:\/\/vincentedelicacies.com\/#organization"},"potentialAction":[{"@type":"SearchAction","target":{"@type":"EntryPoint","urlTemplate":"https:\/\/vincentedelicacies.com\/?s={search_term_string}"},"query-input":{"@type":"PropertyValueSpecification","valueRequired":true,"valueName":"search_term_string"}}],"inLanguage":"fr-FR"},{"@type":"Organization","@id":"https:\/\/vincentedelicacies.com\/#organization","name":"Vincente Delicacies","url":"https:\/\/vincentedelicacies.com\/","logo":{"@type":"ImageObject","inLanguage":"fr-FR","@id":"https:\/\/vincentedelicacies.com\/#\/schema\/logo\/image\/","url":"https:\/\/vincentedelicacies.com\/wp-content\/uploads\/2021\/06\/logo.png","contentUrl":"https:\/\/vincentedelicacies.com\/wp-content\/uploads\/2021\/06\/logo.png","width":159,"height":47,"caption":"Vincente Delicacies"},"image":{"@id":"https:\/\/vincentedelicacies.com\/#\/schema\/logo\/image\/"}}]}},"_links":{"self":[{"href":"https:\/\/vincentedelicacies.com\/fr\/wp-json\/wp\/v2\/product\/1974","targetHints":{"allow":["GET"]}}],"collection":[{"href":"https:\/\/vincentedelicacies.com\/fr\/wp-json\/wp\/v2\/product"}],"about":[{"href":"https:\/\/vincentedelicacies.com\/fr\/wp-json\/wp\/v2\/types\/product"}],"replies":[{"embeddable":true,"href":"https:\/\/vincentedelicacies.com\/fr\/wp-json\/wp\/v2\/comments?post=1974"}],"wp:featuredmedia":[{"embeddable":true,"href":"https:\/\/vincentedelicacies.com\/fr\/wp-json\/wp\/v2\/media\/12725"}],"wp:attachment":[{"href":"https:\/\/vincentedelicacies.com\/fr\/wp-json\/wp\/v2\/media?parent=1974"}],"wp:term":[{"taxonomy":"product_brand","embeddable":true,"href":"https:\/\/vincentedelicacies.com\/fr\/wp-json\/wp\/v2\/product_brand?post=1974"},{"taxonomy":"product_cat","embeddable":true,"href":"https:\/\/vincentedelicacies.com\/fr\/wp-json\/wp\/v2\/product_cat?post=1974"},{"taxonomy":"product_tag","embeddable":true,"href":"https:\/\/vincentedelicacies.com\/fr\/wp-json\/wp\/v2\/product_tag?post=1974"}],"curies":[{"name":"wp","href":"https:\/\/api.w.org\/{rel}","templated":true}]}}