{"id":18944,"date":"2023-09-16T07:21:43","date_gmt":"2023-09-16T07:21:43","guid":{"rendered":"https:\/\/vincentedelicacies.com\/?post_type=product&#038;p=18944"},"modified":"2023-09-16T07:28:01","modified_gmt":"2023-09-16T07:28:01","slug":"assortiment-de-patisseries-a-la-pistache","status":"publish","type":"product","link":"https:\/\/vincentedelicacies.com\/fr\/produit\/assortiment-de-patisseries-a-la-pistache\/","title":{"rendered":"Assortiment de p\u00e2tisseries \u00e0 la pistache"},"content":{"rendered":"<p><strong>Ingr\u00e9dients<\/strong><\/p>\n<p><u>P\u00e2te d'amande pistach\u00e9e sicilienne :<\/u> <strong>MANDORLA <\/strong>de Sicile 50%, sucre, <strong>PISTACHO<\/strong> de Sicile 10%, blanc d'\u0153uf de<strong>EGG<\/strong>Sirop de glucose, stabilisant : sorbitol, miel, sirop de sucre inverti, \u00e9mulsifiant : l\u00e9cithine de <strong>SOYA,<\/strong> ar\u00f4mes naturels, conservateur : acide sorbique.<\/p>\n<p><u>\u00a0<\/u><\/p>\n<p><u>P\u00e2te d'amande pistache sicilienne enrob\u00e9e de chocolat blanc fin<strong>:<\/strong><\/u><strong> MANDORLA<\/strong> de Sicile 30%, <strong>PISTACHO<\/strong> de Sicile 20%, sucre, blanc d'\u0153uf de<strong>EGG<\/strong>Sirop de glucose, stabilisant : sorbitol, miel, sirop de sucre inverti, \u00e9mulsifiant : l\u00e9cithine de <strong>SOYA<\/strong>ar\u00f4mes naturels, conservateur : acide sorbique. Enrobage : chocolat blanc 8% (sucre, beurre de cacao, <strong>LAIT<\/strong> poudre, lactos\u00e9rum de <strong>LAIT<\/strong> poudre, \u00e9mulsifiant : l\u00e9cithine de <strong>SOYA<\/strong>ar\u00f4me naturel de vanille).<\/p>\n<p>&nbsp;<\/p>\n<p><u>Des touches de pistaches siciliennes croustillantes :<\/u> <strong>PISTACHO<\/strong> de Sicile 40%, <strong>MANDORLA<\/strong> de Sicile 25%, sucre, miel.<\/p>\n<p>&nbsp;<\/p>\n<p><u>Touches de croustillant de pistaches siciliennes enrob\u00e9es de chocolat blanc fin<\/u>:<strong> PISTACHO<\/strong> de Sicile 40%, <strong>MANDORLA<\/strong> de Sicile 25%, sucre, miel. Enrobage : chocolat blanc 8% (sucre, beurre de cacao,<strong> LAIT<\/strong> poudre, \u00e9mulsifiant : l\u00e9cithine de <strong>SOYA,<\/strong> ar\u00f4me naturel de vanille).<\/p>\n<p>&nbsp;<\/p>\n<p><u>Biscuits \u00e0 la pistache<\/u>: farine de <strong>BL\u00c9, PISTACHE<\/strong> 20%, <strong>BEURRE<\/strong>, sucre, <strong>\u0152UFS,<\/strong> les agents de levage (diphosphates, carbonates de sodium, amidon de <strong>FRUMENT)<\/strong>\u00e9mulsifiant : l\u00e9cithine de <strong>SOYA<\/strong>ar\u00f4mes, sel.<\/p>\n<p><u>\u00a0<\/u><\/p>\n<p><u>Sabl\u00e9s aux pistaches enrob\u00e9s de chocolat blanc :<\/u> farine de <strong>FRUMENTO<\/strong>, sucre, <strong>PISTACHO<\/strong> 18%, <strong>BEURRE, \u0152UFS,<\/strong> chocolat blanc 5% (sucre, beurre de cacao,<strong> LAIT<\/strong> poudre, \u00e9mulsifiant : l\u00e9cithine de <strong>SOYA<\/strong>ar\u00f4me naturel de vanille), poudre \u00e0 lever (diphosphates, carbonates de sodium, amidon, etc.<strong> FRUMENTO<\/strong>), \u00e9mulsifiant : l\u00e9cithine de <strong>SOYA<\/strong>ar\u00f4mes, sel.<\/p>\n<p>&nbsp;<\/p>\n<p><u>Sabl\u00e9s aux pistaches fourr\u00e9s au chocolat blanc<\/u>: farine de <strong>BL\u00c9, PISTACHE<\/strong> 20%, <strong>BEURRE,<\/strong> sucre, cr\u00e8me de chocolat blanc 10% (sucre, huiles et graisses v\u00e9g\u00e9tales non hydrog\u00e9n\u00e9es (huile de tournesol, huile de coco, beurre de cacao), <strong>LAIT<\/strong> poudre \u00e9cr\u00e9m\u00e9e 12%, chocolat blanc 10% (sucre, beurre de cacao, <strong>LAIT<\/strong> poudre de bl\u00e9 complet, \u00e9mulsifiant : l\u00e9cithine de<strong> SOYA<\/strong>ar\u00f4me naturel de vanille), lactos\u00e9rum<strong> LAIT<\/strong> poudre, \u00e9mulsifiant : l\u00e9cithine de <strong>SOYA<\/strong>ar\u00f4me (vanilline)), <strong>\u0152UFS<\/strong>les agents de levage (diphosphates, carbonates de sodium, amidon, etc. <strong>FRUMENTO<\/strong>), \u00e9mulsifiant : l\u00e9cithine de <strong>SOYA<\/strong>ar\u00f4mes, sel.<\/p>","protected":false},"excerpt":{"rendered":"<p>Cube opale de 500 g avec \u00e9cailles et diverses friandises \u00e0 la pistache \u00e0 l'int\u00e9rieur : p\u00e2te d'amande \u00e0 la pistache, p\u00e2te d'amande \u00e0 la pistache enrob\u00e9e de chocolat blanc, morceaux de p\u00e2te d'amande \u00e0 la pistache, morceaux de p\u00e2te d'amande \u00e0 la pistache enrob\u00e9s de chocolat blanc, sabl\u00e9s \u00e0 la pistache et biscuits \u00e0 la pistache.<\/p>","protected":false},"featured_media":18947,"comment_status":"open","ping_status":"closed","template":"","meta":[],"product_brand":[],"product_cat":[39,93],"product_tag":[],"class_list":{"0":"post-18944","1":"product","2":"type-product","3":"status-publish","4":"has-post-thumbnail","6":"product_cat-pasticceria","7":"product_cat-assortimento-2","9":"first","10":"instock","11":"shipping-taxable","12":"product-type-simple"},"yoast_head":"<!-- This site is optimized with the Yoast SEO Premium plugin v21.8 (Yoast SEO v26.6) - https:\/\/yoast.com\/wordpress\/plugins\/seo\/ -->\n<title>Assortimento di Pasticceria al Pistacchio - Vincente Delicacies<\/title>\n<meta name=\"description\" content=\"Cubo opal con fiocco da 500 gr con all&#039;interno diverse delizie al pistacchio: paste di mandorla al pistacchio, paste di mandorla al pistacchio ricoperte di cioccolato bianco, tocchetti di croccante al pistacchio, tocchetti di croccante al pistacchio ricoperti di cioccolato bianco, frollini e cookies al pistacchio.\" \/>\n<meta name=\"robots\" content=\"index, follow, max-snippet:-1, max-image-preview:large, max-video-preview:-1\" \/>\n<link rel=\"canonical\" href=\"https:\/\/vincentedelicacies.com\/fr\/produit\/assortiment-de-patisseries-a-la-pistache\/\" \/>\n<meta property=\"og:locale\" content=\"fr_FR\" \/>\n<meta property=\"og:type\" content=\"article\" \/>\n<meta property=\"og:title\" content=\"Assortimento di Pasticceria al Pistacchio\" \/>\n<meta property=\"og:description\" content=\"Cubo opal con fiocco da 500 gr con all&#039;interno diverse delizie al pistacchio: paste di mandorla al pistacchio, paste di mandorla al pistacchio ricoperte di cioccolato bianco, tocchetti di croccante al pistacchio, tocchetti di croccante al pistacchio ricoperti di cioccolato bianco, frollini e cookies al pistacchio.\" \/>\n<meta property=\"og:url\" content=\"https:\/\/vincentedelicacies.com\/fr\/produit\/assortiment-de-patisseries-a-la-pistache\/\" \/>\n<meta property=\"og:site_name\" content=\"Vincente Delicacies\" \/>\n<meta property=\"article:modified_time\" content=\"2023-09-16T07:28:01+00:00\" \/>\n<meta property=\"og:image\" content=\"https:\/\/vincentedelicacies.com\/wp-content\/uploads\/2023\/09\/mag-500.jpg\" \/>\n\t<meta property=\"og:image:width\" content=\"790\" \/>\n\t<meta property=\"og:image:height\" content=\"799\" \/>\n\t<meta property=\"og:image:type\" content=\"image\/jpeg\" \/>\n<meta name=\"twitter:card\" content=\"summary_large_image\" \/>\n<meta name=\"twitter:label1\" content=\"Dur\u00e9e de lecture estim\u00e9e\" \/>\n\t<meta name=\"twitter:data1\" content=\"2 minutes\" \/>\n<script type=\"application\/ld+json\" class=\"yoast-schema-graph\">{\"@context\":\"https:\/\/schema.org\",\"@graph\":[{\"@type\":\"WebPage\",\"@id\":\"https:\/\/vincentedelicacies.com\/prodotto\/assortimento-pasticceria-pistacchio\/\",\"url\":\"https:\/\/vincentedelicacies.com\/prodotto\/assortimento-pasticceria-pistacchio\/\",\"name\":\"Assortimento di Pasticceria al Pistacchio - Vincente Delicacies\",\"isPartOf\":{\"@id\":\"https:\/\/vincentedelicacies.com\/#website\"},\"primaryImageOfPage\":{\"@id\":\"https:\/\/vincentedelicacies.com\/prodotto\/assortimento-pasticceria-pistacchio\/#primaryimage\"},\"image\":{\"@id\":\"https:\/\/vincentedelicacies.com\/prodotto\/assortimento-pasticceria-pistacchio\/#primaryimage\"},\"thumbnailUrl\":\"https:\/\/vincentedelicacies.com\/wp-content\/uploads\/2023\/09\/mag-500.jpg\",\"datePublished\":\"2023-09-16T07:21:43+00:00\",\"dateModified\":\"2023-09-16T07:28:01+00:00\",\"description\":\"Cubo opal con fiocco da 500 gr con all'interno diverse delizie al pistacchio: paste di mandorla al pistacchio, paste di mandorla al pistacchio ricoperte di cioccolato bianco, tocchetti di croccante al pistacchio, tocchetti di croccante al pistacchio ricoperti di cioccolato bianco, frollini e cookies al pistacchio.\",\"breadcrumb\":{\"@id\":\"https:\/\/vincentedelicacies.com\/prodotto\/assortimento-pasticceria-pistacchio\/#breadcrumb\"},\"inLanguage\":\"fr-FR\",\"potentialAction\":[{\"@type\":\"ReadAction\",\"target\":[\"https:\/\/vincentedelicacies.com\/prodotto\/assortimento-pasticceria-pistacchio\/\"]}]},{\"@type\":\"ImageObject\",\"inLanguage\":\"fr-FR\",\"@id\":\"https:\/\/vincentedelicacies.com\/prodotto\/assortimento-pasticceria-pistacchio\/#primaryimage\",\"url\":\"https:\/\/vincentedelicacies.com\/wp-content\/uploads\/2023\/09\/mag-500.jpg\",\"contentUrl\":\"https:\/\/vincentedelicacies.com\/wp-content\/uploads\/2023\/09\/mag-500.jpg\",\"width\":790,\"height\":799},{\"@type\":\"BreadcrumbList\",\"@id\":\"https:\/\/vincentedelicacies.com\/prodotto\/assortimento-pasticceria-pistacchio\/#breadcrumb\",\"itemListElement\":[{\"@type\":\"ListItem\",\"position\":1,\"name\":\"Home\",\"item\":\"https:\/\/vincentedelicacies.com\/\"},{\"@type\":\"ListItem\",\"position\":2,\"name\":\"Prodotti\",\"item\":\"https:\/\/vincentedelicacies.com\/shop1__trashed\/\"},{\"@type\":\"ListItem\",\"position\":3,\"name\":\"Assortimento di Pasticceria al Pistacchio\"}]},{\"@type\":\"WebSite\",\"@id\":\"https:\/\/vincentedelicacies.com\/#website\",\"url\":\"https:\/\/vincentedelicacies.com\/\",\"name\":\"Vincente Delicacies\",\"description\":\"Un grande laboratorio di pasticceria\",\"publisher\":{\"@id\":\"https:\/\/vincentedelicacies.com\/#organization\"},\"potentialAction\":[{\"@type\":\"SearchAction\",\"target\":{\"@type\":\"EntryPoint\",\"urlTemplate\":\"https:\/\/vincentedelicacies.com\/?s={search_term_string}\"},\"query-input\":{\"@type\":\"PropertyValueSpecification\",\"valueRequired\":true,\"valueName\":\"search_term_string\"}}],\"inLanguage\":\"fr-FR\"},{\"@type\":\"Organization\",\"@id\":\"https:\/\/vincentedelicacies.com\/#organization\",\"name\":\"Vincente Delicacies\",\"url\":\"https:\/\/vincentedelicacies.com\/\",\"logo\":{\"@type\":\"ImageObject\",\"inLanguage\":\"fr-FR\",\"@id\":\"https:\/\/vincentedelicacies.com\/#\/schema\/logo\/image\/\",\"url\":\"https:\/\/vincentedelicacies.com\/wp-content\/uploads\/2021\/06\/logo.png\",\"contentUrl\":\"https:\/\/vincentedelicacies.com\/wp-content\/uploads\/2021\/06\/logo.png\",\"width\":159,\"height\":47,\"caption\":\"Vincente Delicacies\"},\"image\":{\"@id\":\"https:\/\/vincentedelicacies.com\/#\/schema\/logo\/image\/\"}}]}<\/script>\n<!-- \/ Yoast SEO Premium plugin. -->","yoast_head_json":{"title":"Assortimento di Pasticceria al Pistacchio - Vincente Delicacies","description":"Cubo opal con fiocco da 500 gr con all'interno diverse delizie al pistacchio: paste di mandorla al pistacchio, paste di mandorla al pistacchio ricoperte di cioccolato bianco, tocchetti di croccante al pistacchio, tocchetti di croccante al pistacchio ricoperti di cioccolato bianco, frollini e cookies al pistacchio.","robots":{"index":"index","follow":"follow","max-snippet":"max-snippet:-1","max-image-preview":"max-image-preview:large","max-video-preview":"max-video-preview:-1"},"canonical":"https:\/\/vincentedelicacies.com\/fr\/produit\/assortiment-de-patisseries-a-la-pistache\/","og_locale":"fr_FR","og_type":"article","og_title":"Assortimento di Pasticceria al Pistacchio","og_description":"Cubo opal con fiocco da 500 gr con all'interno diverse delizie al pistacchio: paste di mandorla al pistacchio, paste di mandorla al pistacchio ricoperte di cioccolato bianco, tocchetti di croccante al pistacchio, tocchetti di croccante al pistacchio ricoperti di cioccolato bianco, frollini e cookies al pistacchio.","og_url":"https:\/\/vincentedelicacies.com\/fr\/produit\/assortiment-de-patisseries-a-la-pistache\/","og_site_name":"Vincente Delicacies","article_modified_time":"2023-09-16T07:28:01+00:00","og_image":[{"width":790,"height":799,"url":"https:\/\/vincentedelicacies.com\/wp-content\/uploads\/2023\/09\/mag-500.jpg","type":"image\/jpeg"}],"twitter_card":"summary_large_image","twitter_misc":{"Dur\u00e9e de lecture estim\u00e9e":"2 minutes"},"schema":{"@context":"https:\/\/schema.org","@graph":[{"@type":"WebPage","@id":"https:\/\/vincentedelicacies.com\/prodotto\/assortimento-pasticceria-pistacchio\/","url":"https:\/\/vincentedelicacies.com\/prodotto\/assortimento-pasticceria-pistacchio\/","name":"Assortimento di Pasticceria al Pistacchio - Vincente Delicacies","isPartOf":{"@id":"https:\/\/vincentedelicacies.com\/#website"},"primaryImageOfPage":{"@id":"https:\/\/vincentedelicacies.com\/prodotto\/assortimento-pasticceria-pistacchio\/#primaryimage"},"image":{"@id":"https:\/\/vincentedelicacies.com\/prodotto\/assortimento-pasticceria-pistacchio\/#primaryimage"},"thumbnailUrl":"https:\/\/vincentedelicacies.com\/wp-content\/uploads\/2023\/09\/mag-500.jpg","datePublished":"2023-09-16T07:21:43+00:00","dateModified":"2023-09-16T07:28:01+00:00","description":"Cubo opal con fiocco da 500 gr con all'interno diverse delizie al pistacchio: paste di mandorla al pistacchio, paste di mandorla al pistacchio ricoperte di cioccolato bianco, tocchetti di croccante al pistacchio, tocchetti di croccante al pistacchio ricoperti di cioccolato bianco, frollini e cookies al pistacchio.","breadcrumb":{"@id":"https:\/\/vincentedelicacies.com\/prodotto\/assortimento-pasticceria-pistacchio\/#breadcrumb"},"inLanguage":"fr-FR","potentialAction":[{"@type":"ReadAction","target":["https:\/\/vincentedelicacies.com\/prodotto\/assortimento-pasticceria-pistacchio\/"]}]},{"@type":"ImageObject","inLanguage":"fr-FR","@id":"https:\/\/vincentedelicacies.com\/prodotto\/assortimento-pasticceria-pistacchio\/#primaryimage","url":"https:\/\/vincentedelicacies.com\/wp-content\/uploads\/2023\/09\/mag-500.jpg","contentUrl":"https:\/\/vincentedelicacies.com\/wp-content\/uploads\/2023\/09\/mag-500.jpg","width":790,"height":799},{"@type":"BreadcrumbList","@id":"https:\/\/vincentedelicacies.com\/prodotto\/assortimento-pasticceria-pistacchio\/#breadcrumb","itemListElement":[{"@type":"ListItem","position":1,"name":"Home","item":"https:\/\/vincentedelicacies.com\/"},{"@type":"ListItem","position":2,"name":"Prodotti","item":"https:\/\/vincentedelicacies.com\/shop1__trashed\/"},{"@type":"ListItem","position":3,"name":"Assortimento di Pasticceria al Pistacchio"}]},{"@type":"WebSite","@id":"https:\/\/vincentedelicacies.com\/#website","url":"https:\/\/vincentedelicacies.com\/","name":"Vincente Delicacies","description":"Un grande laboratorio di pasticceria","publisher":{"@id":"https:\/\/vincentedelicacies.com\/#organization"},"potentialAction":[{"@type":"SearchAction","target":{"@type":"EntryPoint","urlTemplate":"https:\/\/vincentedelicacies.com\/?s={search_term_string}"},"query-input":{"@type":"PropertyValueSpecification","valueRequired":true,"valueName":"search_term_string"}}],"inLanguage":"fr-FR"},{"@type":"Organization","@id":"https:\/\/vincentedelicacies.com\/#organization","name":"Vincente Delicacies","url":"https:\/\/vincentedelicacies.com\/","logo":{"@type":"ImageObject","inLanguage":"fr-FR","@id":"https:\/\/vincentedelicacies.com\/#\/schema\/logo\/image\/","url":"https:\/\/vincentedelicacies.com\/wp-content\/uploads\/2021\/06\/logo.png","contentUrl":"https:\/\/vincentedelicacies.com\/wp-content\/uploads\/2021\/06\/logo.png","width":159,"height":47,"caption":"Vincente Delicacies"},"image":{"@id":"https:\/\/vincentedelicacies.com\/#\/schema\/logo\/image\/"}}]}},"_links":{"self":[{"href":"https:\/\/vincentedelicacies.com\/fr\/wp-json\/wp\/v2\/product\/18944","targetHints":{"allow":["GET"]}}],"collection":[{"href":"https:\/\/vincentedelicacies.com\/fr\/wp-json\/wp\/v2\/product"}],"about":[{"href":"https:\/\/vincentedelicacies.com\/fr\/wp-json\/wp\/v2\/types\/product"}],"replies":[{"embeddable":true,"href":"https:\/\/vincentedelicacies.com\/fr\/wp-json\/wp\/v2\/comments?post=18944"}],"wp:featuredmedia":[{"embeddable":true,"href":"https:\/\/vincentedelicacies.com\/fr\/wp-json\/wp\/v2\/media\/18947"}],"wp:attachment":[{"href":"https:\/\/vincentedelicacies.com\/fr\/wp-json\/wp\/v2\/media?parent=18944"}],"wp:term":[{"taxonomy":"product_brand","embeddable":true,"href":"https:\/\/vincentedelicacies.com\/fr\/wp-json\/wp\/v2\/product_brand?post=18944"},{"taxonomy":"product_cat","embeddable":true,"href":"https:\/\/vincentedelicacies.com\/fr\/wp-json\/wp\/v2\/product_cat?post=18944"},{"taxonomy":"product_tag","embeddable":true,"href":"https:\/\/vincentedelicacies.com\/fr\/wp-json\/wp\/v2\/product_tag?post=18944"}],"curies":[{"name":"wp","href":"https:\/\/api.w.org\/{rel}","templated":true}]}}