{"id":18345,"date":"2023-02-16T11:32:52","date_gmt":"2023-02-16T11:32:52","guid":{"rendered":"https:\/\/vincentedelicacies.com\/?post_type=product&#038;p=18345"},"modified":"2023-03-22T08:48:20","modified_gmt":"2023-03-22T08:48:20","slug":"3-colombes-au-chocolat","status":"publish","type":"product","link":"https:\/\/vincentedelicacies.com\/fr\/produit\/3-colombes-au-chocolat\/","title":{"rendered":"Colomba aux 3 chocolats"},"content":{"rendered":"<p>Ingr\u00e9dients : Farine de bl\u00e9, BEURRE, sucre, jaune d'\u0153uf, extra fondant 5%<br \/>\np\u00e9pites de chocolat<br \/>\n(p\u00e2te de cacao, sucre, \u00e9mulsifiant : l\u00e9cithine de SOY, ar\u00f4me naturel de vanille), p\u00e9pites de chocolat au lait 5% (sucre, lait entier en poudre, beurre de cacao, p\u00e2te de cacao, lactos\u00e9rum en poudre, lait \u00e9cr\u00e9m\u00e9 en poudre, beurre de cacao, beurre de cacao, lactos\u00e9rum en poudre, lait \u00e9cr\u00e9m\u00e9 en poudre, lait \u00e9cr\u00e9m\u00e9 en poudre).<br \/>\npoudre, \u00e9mulsifiant : l\u00e9cithine SOY, ar\u00f4me naturel de vanille), p\u00e9pites de chocolat blanc 5% (sucre, sucre LAITIER, beurre de cacao (22,5%), mati\u00e8re grasse LAITI\u00c8RE, \u00e9mulsifiant : l\u00e9cithine SOY, ar\u00f4me), \u00e9mulsifiants :<br \/>\nmono et diglyc\u00e9rides d'acides gras, sirop de glucose, lait \u00e9cr\u00e9m\u00e9 en poudre, beurre de cacao, miel, ar\u00f4me naturel, sel. Enrobage : chocolat blanc 8% (sucre, lait entier en poudre, cacao, beurre de cacao).<br \/>\nbeurre, \u00e9mulsifiant : l\u00e9cithine de SOY, ar\u00f4me naturel de vanille), C\u00e9r\u00e9ales enrob\u00e9es de chocolat noir 0.5% (chocolat noir 84.0 % (p\u00e2te de cacao, sucre, beurre de cacao, graisse de LAIT, \u00e9mulsifiant : l\u00e9cithine de SOY<br \/>\nl\u00e9cithine, ar\u00f4me naturel de vanille), c\u00e9r\u00e9ales croustillantes (farine de bl\u00e9, sucre, farine de malt de bl\u00e9, amidon (bl\u00e9), poudre \u00e0 lever E500ii, sel, beurre de cacao, ar\u00f4me naturel de vanille), glucose<br \/>\nsirop, sucre, agent d'enrobage : E414)), c\u00e9r\u00e9ales enrob\u00e9es de chocolat au lait 0.5% (chocolat au lait 84.0% (sucre, beurre de cacao, lait entier en poudre, p\u00e2te de cacao, lactos\u00e9rum en poudre, \u00e9mulsifiant : SOY<br \/>\nl\u00e9cithine, ar\u00f4me naturel de vanille), c\u00e9r\u00e9ales croustillantes (farine de bl\u00e9, sucre, farine de malt de bl\u00e9, amidon (bl\u00e9), poudre \u00e0 lever : E500ii, sel, beurre de cacao, ar\u00f4me naturel de vanille), glucose<br \/>\nsirop, sucre, agent d'enrobage : E414)), c\u00e9r\u00e9ales enrob\u00e9es de chocolat blanc 0,5% (chocolat blanc 84,0% (sucre, beurre de cacao, lait entier en poudre, lactos\u00e9rum en poudre, \u00e9mulsifiant : l\u00e9cithine SOY,<br \/>\nar\u00f4me naturel de vanille), c\u00e9r\u00e9ales croustillantes (farine FRUMENTO, sucre, farine de malt, amidon (FRUMENTO), poudre \u00e0 lever : E500ii, sel, beurre de cacao, ar\u00f4me naturel de vanille), sirop de glucose,<br \/>\nsucre, agent d'enrobage : E414). Peut contenir <\/p>\n<p> PISTACHES, AMANDES, NOISETTES, MOUTARDE ET LUPIN.<\/p>","protected":false},"excerpt":{"rendered":"<p>Colombe avec <strong>3 chocolats<\/strong> avec des gouttes de chocolat extra-noir, de chocolat au lait et de chocolat blanc, recouvertes de fines sph\u00e8res de chocolat blanc et de chocolat.   750 g<\/p>","protected":false},"featured_media":18347,"comment_status":"open","ping_status":"closed","template":"","meta":[],"product_brand":[],"product_cat":[46,111],"product_tag":[461],"class_list":{"0":"post-18345","1":"product","2":"type-product","3":"status-publish","4":"has-post-thumbnail","6":"product_cat-pasqua","7":"product_cat-ricoperte","8":"product_tag-colombe","10":"first","11":"outofstock","12":"shipping-taxable","13":"product-type-simple"},"yoast_head":"<!-- This site is optimized with the Yoast SEO Premium plugin v21.8 (Yoast SEO v26.6) - https:\/\/yoast.com\/wordpress\/plugins\/seo\/ -->\n<title>Colomba ai 3 Cioccolati - Vincente Delicacies<\/title>\n<meta name=\"description\" content=\"Colomba ai 3 Cioccolati con gocce di Cioccolato Extra Fondente, Cioccolato al Latte e cioccolato Bianco, ricoperto di finissimo Cioccolato Bianco e Sfere di Cioccolato.\u00a0 \u00a0750 g\" \/>\n<meta name=\"robots\" content=\"index, follow, max-snippet:-1, max-image-preview:large, max-video-preview:-1\" \/>\n<link rel=\"canonical\" href=\"https:\/\/vincentedelicacies.com\/fr\/produit\/3-colombes-au-chocolat\/\" \/>\n<meta property=\"og:locale\" content=\"fr_FR\" \/>\n<meta property=\"og:type\" content=\"article\" \/>\n<meta property=\"og:title\" content=\"Colomba ai 3 Cioccolati\" \/>\n<meta property=\"og:description\" content=\"Colomba ai 3 Cioccolati con gocce di Cioccolato Extra Fondente, Cioccolato al Latte e cioccolato Bianco, ricoperto di finissimo Cioccolato Bianco e Sfere di Cioccolato.\u00a0 \u00a0750 g\" \/>\n<meta property=\"og:url\" content=\"https:\/\/vincentedelicacies.com\/fr\/produit\/3-colombes-au-chocolat\/\" \/>\n<meta property=\"og:site_name\" content=\"Vincente Delicacies\" \/>\n<meta property=\"article:modified_time\" content=\"2023-03-22T08:48:20+00:00\" \/>\n<meta property=\"og:image\" content=\"https:\/\/vincentedelicacies.com\/wp-content\/uploads\/2023\/02\/colomba-ai-3-cioccolati.jpg\" \/>\n\t<meta property=\"og:image:width\" content=\"890\" \/>\n\t<meta property=\"og:image:height\" content=\"899\" \/>\n\t<meta property=\"og:image:type\" content=\"image\/jpeg\" \/>\n<meta name=\"twitter:card\" content=\"summary_large_image\" \/>\n<meta name=\"twitter:label1\" content=\"Dur\u00e9e de lecture estim\u00e9e\" \/>\n\t<meta name=\"twitter:data1\" content=\"2 minutes\" \/>\n<script type=\"application\/ld+json\" class=\"yoast-schema-graph\">{\"@context\":\"https:\/\/schema.org\",\"@graph\":[{\"@type\":\"WebPage\",\"@id\":\"https:\/\/vincentedelicacies.com\/prodotto\/colomba-ai-3-cioccolati\/\",\"url\":\"https:\/\/vincentedelicacies.com\/prodotto\/colomba-ai-3-cioccolati\/\",\"name\":\"Colomba ai 3 Cioccolati - Vincente Delicacies\",\"isPartOf\":{\"@id\":\"https:\/\/vincentedelicacies.com\/#website\"},\"primaryImageOfPage\":{\"@id\":\"https:\/\/vincentedelicacies.com\/prodotto\/colomba-ai-3-cioccolati\/#primaryimage\"},\"image\":{\"@id\":\"https:\/\/vincentedelicacies.com\/prodotto\/colomba-ai-3-cioccolati\/#primaryimage\"},\"thumbnailUrl\":\"https:\/\/vincentedelicacies.com\/wp-content\/uploads\/2023\/02\/colomba-ai-3-cioccolati.jpg\",\"datePublished\":\"2023-02-16T11:32:52+00:00\",\"dateModified\":\"2023-03-22T08:48:20+00:00\",\"description\":\"Colomba ai 3 Cioccolati con gocce di Cioccolato Extra Fondente, Cioccolato al Latte e cioccolato Bianco, ricoperto di finissimo Cioccolato Bianco e Sfere di Cioccolato.\u00a0 \u00a0750 g\",\"breadcrumb\":{\"@id\":\"https:\/\/vincentedelicacies.com\/prodotto\/colomba-ai-3-cioccolati\/#breadcrumb\"},\"inLanguage\":\"fr-FR\",\"potentialAction\":[{\"@type\":\"ReadAction\",\"target\":[\"https:\/\/vincentedelicacies.com\/prodotto\/colomba-ai-3-cioccolati\/\"]}]},{\"@type\":\"ImageObject\",\"inLanguage\":\"fr-FR\",\"@id\":\"https:\/\/vincentedelicacies.com\/prodotto\/colomba-ai-3-cioccolati\/#primaryimage\",\"url\":\"https:\/\/vincentedelicacies.com\/wp-content\/uploads\/2023\/02\/colomba-ai-3-cioccolati.jpg\",\"contentUrl\":\"https:\/\/vincentedelicacies.com\/wp-content\/uploads\/2023\/02\/colomba-ai-3-cioccolati.jpg\",\"width\":890,\"height\":899},{\"@type\":\"BreadcrumbList\",\"@id\":\"https:\/\/vincentedelicacies.com\/prodotto\/colomba-ai-3-cioccolati\/#breadcrumb\",\"itemListElement\":[{\"@type\":\"ListItem\",\"position\":1,\"name\":\"Home\",\"item\":\"https:\/\/vincentedelicacies.com\/\"},{\"@type\":\"ListItem\",\"position\":2,\"name\":\"Prodotti\",\"item\":\"https:\/\/vincentedelicacies.com\/shop1__trashed\/\"},{\"@type\":\"ListItem\",\"position\":3,\"name\":\"Colomba ai 3 Cioccolati\"}]},{\"@type\":\"WebSite\",\"@id\":\"https:\/\/vincentedelicacies.com\/#website\",\"url\":\"https:\/\/vincentedelicacies.com\/\",\"name\":\"Vincente Delicacies\",\"description\":\"Un grande laboratorio di pasticceria\",\"publisher\":{\"@id\":\"https:\/\/vincentedelicacies.com\/#organization\"},\"potentialAction\":[{\"@type\":\"SearchAction\",\"target\":{\"@type\":\"EntryPoint\",\"urlTemplate\":\"https:\/\/vincentedelicacies.com\/?s={search_term_string}\"},\"query-input\":{\"@type\":\"PropertyValueSpecification\",\"valueRequired\":true,\"valueName\":\"search_term_string\"}}],\"inLanguage\":\"fr-FR\"},{\"@type\":\"Organization\",\"@id\":\"https:\/\/vincentedelicacies.com\/#organization\",\"name\":\"Vincente Delicacies\",\"url\":\"https:\/\/vincentedelicacies.com\/\",\"logo\":{\"@type\":\"ImageObject\",\"inLanguage\":\"fr-FR\",\"@id\":\"https:\/\/vincentedelicacies.com\/#\/schema\/logo\/image\/\",\"url\":\"https:\/\/vincentedelicacies.com\/wp-content\/uploads\/2021\/06\/logo.png\",\"contentUrl\":\"https:\/\/vincentedelicacies.com\/wp-content\/uploads\/2021\/06\/logo.png\",\"width\":159,\"height\":47,\"caption\":\"Vincente Delicacies\"},\"image\":{\"@id\":\"https:\/\/vincentedelicacies.com\/#\/schema\/logo\/image\/\"}}]}<\/script>\n<!-- \/ Yoast SEO Premium plugin. -->","yoast_head_json":{"title":"Colomba ai 3 Cioccolati - Vincente Delicacies","description":"Colomba ai 3 Cioccolati con gocce di Cioccolato Extra Fondente, Cioccolato al Latte e cioccolato Bianco, ricoperto di finissimo Cioccolato Bianco e Sfere di Cioccolato.\u00a0 \u00a0750 g","robots":{"index":"index","follow":"follow","max-snippet":"max-snippet:-1","max-image-preview":"max-image-preview:large","max-video-preview":"max-video-preview:-1"},"canonical":"https:\/\/vincentedelicacies.com\/fr\/produit\/3-colombes-au-chocolat\/","og_locale":"fr_FR","og_type":"article","og_title":"Colomba ai 3 Cioccolati","og_description":"Colomba ai 3 Cioccolati con gocce di Cioccolato Extra Fondente, Cioccolato al Latte e cioccolato Bianco, ricoperto di finissimo Cioccolato Bianco e Sfere di Cioccolato.\u00a0 \u00a0750 g","og_url":"https:\/\/vincentedelicacies.com\/fr\/produit\/3-colombes-au-chocolat\/","og_site_name":"Vincente Delicacies","article_modified_time":"2023-03-22T08:48:20+00:00","og_image":[{"width":890,"height":899,"url":"https:\/\/vincentedelicacies.com\/wp-content\/uploads\/2023\/02\/colomba-ai-3-cioccolati.jpg","type":"image\/jpeg"}],"twitter_card":"summary_large_image","twitter_misc":{"Dur\u00e9e de lecture estim\u00e9e":"2 minutes"},"schema":{"@context":"https:\/\/schema.org","@graph":[{"@type":"WebPage","@id":"https:\/\/vincentedelicacies.com\/prodotto\/colomba-ai-3-cioccolati\/","url":"https:\/\/vincentedelicacies.com\/prodotto\/colomba-ai-3-cioccolati\/","name":"Colomba ai 3 Cioccolati - Vincente Delicacies","isPartOf":{"@id":"https:\/\/vincentedelicacies.com\/#website"},"primaryImageOfPage":{"@id":"https:\/\/vincentedelicacies.com\/prodotto\/colomba-ai-3-cioccolati\/#primaryimage"},"image":{"@id":"https:\/\/vincentedelicacies.com\/prodotto\/colomba-ai-3-cioccolati\/#primaryimage"},"thumbnailUrl":"https:\/\/vincentedelicacies.com\/wp-content\/uploads\/2023\/02\/colomba-ai-3-cioccolati.jpg","datePublished":"2023-02-16T11:32:52+00:00","dateModified":"2023-03-22T08:48:20+00:00","description":"Colomba ai 3 Cioccolati con gocce di Cioccolato Extra Fondente, Cioccolato al Latte e cioccolato Bianco, ricoperto di finissimo Cioccolato Bianco e Sfere di Cioccolato.\u00a0 \u00a0750 g","breadcrumb":{"@id":"https:\/\/vincentedelicacies.com\/prodotto\/colomba-ai-3-cioccolati\/#breadcrumb"},"inLanguage":"fr-FR","potentialAction":[{"@type":"ReadAction","target":["https:\/\/vincentedelicacies.com\/prodotto\/colomba-ai-3-cioccolati\/"]}]},{"@type":"ImageObject","inLanguage":"fr-FR","@id":"https:\/\/vincentedelicacies.com\/prodotto\/colomba-ai-3-cioccolati\/#primaryimage","url":"https:\/\/vincentedelicacies.com\/wp-content\/uploads\/2023\/02\/colomba-ai-3-cioccolati.jpg","contentUrl":"https:\/\/vincentedelicacies.com\/wp-content\/uploads\/2023\/02\/colomba-ai-3-cioccolati.jpg","width":890,"height":899},{"@type":"BreadcrumbList","@id":"https:\/\/vincentedelicacies.com\/prodotto\/colomba-ai-3-cioccolati\/#breadcrumb","itemListElement":[{"@type":"ListItem","position":1,"name":"Home","item":"https:\/\/vincentedelicacies.com\/"},{"@type":"ListItem","position":2,"name":"Prodotti","item":"https:\/\/vincentedelicacies.com\/shop1__trashed\/"},{"@type":"ListItem","position":3,"name":"Colomba ai 3 Cioccolati"}]},{"@type":"WebSite","@id":"https:\/\/vincentedelicacies.com\/#website","url":"https:\/\/vincentedelicacies.com\/","name":"Vincente Delicacies","description":"Un grande laboratorio di pasticceria","publisher":{"@id":"https:\/\/vincentedelicacies.com\/#organization"},"potentialAction":[{"@type":"SearchAction","target":{"@type":"EntryPoint","urlTemplate":"https:\/\/vincentedelicacies.com\/?s={search_term_string}"},"query-input":{"@type":"PropertyValueSpecification","valueRequired":true,"valueName":"search_term_string"}}],"inLanguage":"fr-FR"},{"@type":"Organization","@id":"https:\/\/vincentedelicacies.com\/#organization","name":"Vincente Delicacies","url":"https:\/\/vincentedelicacies.com\/","logo":{"@type":"ImageObject","inLanguage":"fr-FR","@id":"https:\/\/vincentedelicacies.com\/#\/schema\/logo\/image\/","url":"https:\/\/vincentedelicacies.com\/wp-content\/uploads\/2021\/06\/logo.png","contentUrl":"https:\/\/vincentedelicacies.com\/wp-content\/uploads\/2021\/06\/logo.png","width":159,"height":47,"caption":"Vincente Delicacies"},"image":{"@id":"https:\/\/vincentedelicacies.com\/#\/schema\/logo\/image\/"}}]}},"_links":{"self":[{"href":"https:\/\/vincentedelicacies.com\/fr\/wp-json\/wp\/v2\/product\/18345","targetHints":{"allow":["GET"]}}],"collection":[{"href":"https:\/\/vincentedelicacies.com\/fr\/wp-json\/wp\/v2\/product"}],"about":[{"href":"https:\/\/vincentedelicacies.com\/fr\/wp-json\/wp\/v2\/types\/product"}],"replies":[{"embeddable":true,"href":"https:\/\/vincentedelicacies.com\/fr\/wp-json\/wp\/v2\/comments?post=18345"}],"wp:featuredmedia":[{"embeddable":true,"href":"https:\/\/vincentedelicacies.com\/fr\/wp-json\/wp\/v2\/media\/18347"}],"wp:attachment":[{"href":"https:\/\/vincentedelicacies.com\/fr\/wp-json\/wp\/v2\/media?parent=18345"}],"wp:term":[{"taxonomy":"product_brand","embeddable":true,"href":"https:\/\/vincentedelicacies.com\/fr\/wp-json\/wp\/v2\/product_brand?post=18345"},{"taxonomy":"product_cat","embeddable":true,"href":"https:\/\/vincentedelicacies.com\/fr\/wp-json\/wp\/v2\/product_cat?post=18345"},{"taxonomy":"product_tag","embeddable":true,"href":"https:\/\/vincentedelicacies.com\/fr\/wp-json\/wp\/v2\/product_tag?post=18345"}],"curies":[{"name":"wp","href":"https:\/\/api.w.org\/{rel}","templated":true}]}}