{"id":15128,"date":"2022-10-04T13:34:00","date_gmt":"2022-10-04T13:34:00","guid":{"rendered":"https:\/\/vincentedelicacies.com\/?post_type=product&#038;p=15128"},"modified":"2023-10-19T08:52:49","modified_gmt":"2023-10-19T08:52:49","slug":"panettone-vivant-a-3-chocolats","status":"publish","type":"product","link":"https:\/\/vincentedelicacies.com\/fr\/produit\/panettone-vivant-a-3-chocolats\/","title":{"rendered":"VIVACE - Panettone avec 3 chocolats"},"content":{"rendered":"<p>Ingr\u00e9dients :<\/p>\n<div class=\"page\" title=\"Page 4\">\n<div class=\"layoutArea\">\n<div class=\"column\">\n<p>Farine de <strong>BLE, BEURRE<\/strong>sucre, jaune d'\u0153uf<strong>EGG<\/strong>P\u00e9pites de chocolat noir extra 5% (p\u00e2te de cacao, sucre, dextrose, \u00e9mulsifiant : l\u00e9cithine de cacao), P\u00e9pites de chocolat noir extra 5% (p\u00e2te de cacao, sucre, dextrose, \u00e9mulsifiant : l\u00e9cithine de cacao). <strong>SOYA<\/strong>), p\u00e9pites de chocolat au lait 5% (sucre, beurre de cacao, p\u00e2te de cacao, lait entier en poudre, lactos\u00e9rum <strong>LAIT<\/strong> poudre, \u00e9mulsifiant : l\u00e9cithine de <strong>SOYA<\/strong>), p\u00e9pites de chocolat blanc 5% (sucre, <strong>LAIT<\/strong> lait entier en poudre, beurre de cacao, <strong>LAIT<\/strong> lait \u00e9cr\u00e9m\u00e9 en poudre, \u00e9mulsifiant : l\u00e9cithine de soja, ar\u00f4me naturel de vanille), levure naturelle (farine de bl\u00e9, eau), \u00e9mulsifiants : mono et diglyc\u00e9rides d'acides gras, sirop de glucose, <strong>LAIT<\/strong> chocolat \u00e9cr\u00e9m\u00e9 en poudre, beurre de cacao, miel, ar\u00f4me naturel, sel. Enrobage : chocolat blanc 8% (sucre, beurre de cacao, <strong>LAIT<\/strong> poudre de bl\u00e9 complet, \u00e9mulsifiant : l\u00e9cithine de <strong>SOYA<\/strong>(p\u00e2te de cacao, sucre, beurre de cacao, graisse de cacao, ar\u00f4me naturel de vanille), c\u00e9r\u00e9ales enrob\u00e9es de chocolat noir 0,5 % (chocolat noir 84,0% (p\u00e2te de cacao, sucre, beurre de cacao, graisse de cacao, ar\u00f4me naturel de vanille, ar\u00f4me naturel de vanille). <strong>LAIT<\/strong>\u00e9mulsifiant : l\u00e9cithine de <strong>SOYA<\/strong>ar\u00f4me naturel de vanille),C\u00e9r\u00e9ales croustillantes (farine de <strong>FRUMENTO<\/strong>sucre, farine de malt <strong>FRUMENTO<\/strong>l'amidon (<strong>FRUMENTO<\/strong>), poudre \u00e0 lever : E500ii, sel, beurre de cacao, ar\u00f4me naturel de vanille), sirop de glucose, sucre, agent d'enrobage : E414)), C\u00e9r\u00e9ales enrob\u00e9es de chocolat au lait 0.5% (chocolat au lait 84.0% (sucre, beurre de cacao, <strong>LAIT<\/strong> lait entier en poudre, p\u00e2te de cacao, lactos\u00e9rum <strong>LAIT<\/strong> poudre, \u00e9mulsifiant : l\u00e9cithine de <strong>SOYA<\/strong>ar\u00f4me naturel de vanille), c\u00e9r\u00e9ales croustillantes (farine de <strong>FRUMENTO<\/strong>sucre, farine de malt <strong>FRUMENTO<\/strong>l'amidon (<strong>FRUMENTO<\/strong>), poudre \u00e0 lever : E500ii, sel, beurre de cacao, ar\u00f4me naturel de vanille), sirop de glucose, sucre, agent d'enrobage : E414)), C\u00e9r\u00e9ales enrob\u00e9es de chocolat blanc 0.5% (chocolat blanc 84.0% (sucre, beurre de cacao, <strong>LAIT<\/strong> poudre enti\u00e8re, lactos\u00e9rum de <strong>LAIT<\/strong> poudre, \u00e9mulsifiant : l\u00e9cithine de <strong>SOYA<\/strong>ar\u00f4me naturel de vanille), c\u00e9r\u00e9ales croustillantes (farine de <strong>FRUMENTO<\/strong>sucre, farine de malt <strong>FRUMENTO<\/strong>l'amidon (<strong>FRUMENTO<\/strong>), poudre \u00e0 lever : E500ii, sel, beurre de cacao, ar\u00f4me naturel de vanille), sirop de glucose, sucre, agent d'enrobage : E414 )). Peut contenir <strong>PISTACHES, AMANDES, NOISETTES, MOUTARDE ET LUPINS.<\/strong><\/p>\n<\/div>\n<\/div>\n<\/div>","protected":false},"excerpt":{"rendered":"<p>Panettone avec <strong>3 chocolats<\/strong> avec des gouttes de chocolat extra noir 70%, de chocolat au lait 36% et de chocolat blanc, recouvert de fines boules de chocolat blanc et de chocolat.   750 g<\/p>","protected":false},"featured_media":15131,"comment_status":"open","ping_status":"closed","template":"","meta":[],"product_brand":[],"product_cat":[122,140],"product_tag":[],"class_list":{"0":"post-15128","1":"product","2":"type-product","3":"status-publish","4":"has-post-thumbnail","6":"product_cat-natale","7":"product_cat-panettoni-linea-classica","9":"first","10":"outofstock","11":"shipping-taxable","12":"product-type-variable"},"yoast_head":"<!-- This site is optimized with the Yoast SEO Premium plugin v21.8 (Yoast SEO v26.6) - https:\/\/yoast.com\/wordpress\/plugins\/seo\/ -->\n<title>VIVACE - Panettone ai 3 Cioccolati - Vincente Delicacies<\/title>\n<meta name=\"description\" content=\"Panettone ai 3 Cioccolati con gocce di Cioccolato Extra Fondente 70%, Cioccolato al Latte 36% e cioccolato Bianco, ricoperto di finissimo Cioccolato Bianco e Sfere di Cioccolato.\u00a0 \u00a0750 g\" \/>\n<meta name=\"robots\" content=\"index, follow, max-snippet:-1, max-image-preview:large, max-video-preview:-1\" \/>\n<link rel=\"canonical\" href=\"https:\/\/vincentedelicacies.com\/fr\/produit\/panettone-vivant-a-3-chocolats\/\" \/>\n<meta property=\"og:locale\" content=\"fr_FR\" \/>\n<meta property=\"og:type\" content=\"article\" \/>\n<meta property=\"og:title\" content=\"VIVACE - Panettone ai 3 Cioccolati\" \/>\n<meta property=\"og:description\" content=\"Panettone ai 3 Cioccolati con gocce di Cioccolato Extra Fondente 70%, Cioccolato al Latte 36% e cioccolato Bianco, ricoperto di finissimo Cioccolato Bianco e Sfere di Cioccolato.\u00a0 \u00a0750 g\" \/>\n<meta property=\"og:url\" content=\"https:\/\/vincentedelicacies.com\/fr\/produit\/panettone-vivant-a-3-chocolats\/\" \/>\n<meta property=\"og:site_name\" content=\"Vincente Delicacies\" \/>\n<meta property=\"article:modified_time\" content=\"2023-10-19T08:52:49+00:00\" \/>\n<meta property=\"og:image\" content=\"https:\/\/vincentedelicacies.com\/wp-content\/uploads\/2022\/10\/vivace-ok.jpg\" \/>\n\t<meta property=\"og:image:width\" content=\"768\" \/>\n\t<meta property=\"og:image:height\" content=\"776\" \/>\n\t<meta property=\"og:image:type\" content=\"image\/jpeg\" \/>\n<meta name=\"twitter:card\" content=\"summary_large_image\" \/>\n<meta name=\"twitter:label1\" content=\"Dur\u00e9e de lecture estim\u00e9e\" \/>\n\t<meta name=\"twitter:data1\" content=\"2 minutes\" \/>\n<script type=\"application\/ld+json\" class=\"yoast-schema-graph\">{\"@context\":\"https:\/\/schema.org\",\"@graph\":[{\"@type\":\"WebPage\",\"@id\":\"https:\/\/vincentedelicacies.com\/prodotto\/vivace-panettone-ai-3-cioccolati\/\",\"url\":\"https:\/\/vincentedelicacies.com\/prodotto\/vivace-panettone-ai-3-cioccolati\/\",\"name\":\"VIVACE - Panettone ai 3 Cioccolati - Vincente Delicacies\",\"isPartOf\":{\"@id\":\"https:\/\/vincentedelicacies.com\/#website\"},\"primaryImageOfPage\":{\"@id\":\"https:\/\/vincentedelicacies.com\/prodotto\/vivace-panettone-ai-3-cioccolati\/#primaryimage\"},\"image\":{\"@id\":\"https:\/\/vincentedelicacies.com\/prodotto\/vivace-panettone-ai-3-cioccolati\/#primaryimage\"},\"thumbnailUrl\":\"https:\/\/vincentedelicacies.com\/wp-content\/uploads\/2022\/10\/vivace-ok.jpg\",\"datePublished\":\"2022-10-04T13:34:00+00:00\",\"dateModified\":\"2023-10-19T08:52:49+00:00\",\"description\":\"Panettone ai 3 Cioccolati con gocce di Cioccolato Extra Fondente 70%, Cioccolato al Latte 36% e cioccolato Bianco, ricoperto di finissimo Cioccolato Bianco e Sfere di Cioccolato.\u00a0 \u00a0750 g\",\"breadcrumb\":{\"@id\":\"https:\/\/vincentedelicacies.com\/prodotto\/vivace-panettone-ai-3-cioccolati\/#breadcrumb\"},\"inLanguage\":\"fr-FR\",\"potentialAction\":[{\"@type\":\"ReadAction\",\"target\":[\"https:\/\/vincentedelicacies.com\/prodotto\/vivace-panettone-ai-3-cioccolati\/\"]}]},{\"@type\":\"ImageObject\",\"inLanguage\":\"fr-FR\",\"@id\":\"https:\/\/vincentedelicacies.com\/prodotto\/vivace-panettone-ai-3-cioccolati\/#primaryimage\",\"url\":\"https:\/\/vincentedelicacies.com\/wp-content\/uploads\/2022\/10\/vivace-ok.jpg\",\"contentUrl\":\"https:\/\/vincentedelicacies.com\/wp-content\/uploads\/2022\/10\/vivace-ok.jpg\",\"width\":768,\"height\":776},{\"@type\":\"BreadcrumbList\",\"@id\":\"https:\/\/vincentedelicacies.com\/prodotto\/vivace-panettone-ai-3-cioccolati\/#breadcrumb\",\"itemListElement\":[{\"@type\":\"ListItem\",\"position\":1,\"name\":\"Home\",\"item\":\"https:\/\/vincentedelicacies.com\/\"},{\"@type\":\"ListItem\",\"position\":2,\"name\":\"Prodotti\",\"item\":\"https:\/\/vincentedelicacies.com\/shop1__trashed\/\"},{\"@type\":\"ListItem\",\"position\":3,\"name\":\"VIVACE &#8211; Panettone ai 3 Cioccolati\"}]},{\"@type\":\"WebSite\",\"@id\":\"https:\/\/vincentedelicacies.com\/#website\",\"url\":\"https:\/\/vincentedelicacies.com\/\",\"name\":\"Vincente Delicacies\",\"description\":\"Un grande laboratorio di pasticceria\",\"publisher\":{\"@id\":\"https:\/\/vincentedelicacies.com\/#organization\"},\"potentialAction\":[{\"@type\":\"SearchAction\",\"target\":{\"@type\":\"EntryPoint\",\"urlTemplate\":\"https:\/\/vincentedelicacies.com\/?s={search_term_string}\"},\"query-input\":{\"@type\":\"PropertyValueSpecification\",\"valueRequired\":true,\"valueName\":\"search_term_string\"}}],\"inLanguage\":\"fr-FR\"},{\"@type\":\"Organization\",\"@id\":\"https:\/\/vincentedelicacies.com\/#organization\",\"name\":\"Vincente Delicacies\",\"url\":\"https:\/\/vincentedelicacies.com\/\",\"logo\":{\"@type\":\"ImageObject\",\"inLanguage\":\"fr-FR\",\"@id\":\"https:\/\/vincentedelicacies.com\/#\/schema\/logo\/image\/\",\"url\":\"https:\/\/vincentedelicacies.com\/wp-content\/uploads\/2021\/06\/logo.png\",\"contentUrl\":\"https:\/\/vincentedelicacies.com\/wp-content\/uploads\/2021\/06\/logo.png\",\"width\":159,\"height\":47,\"caption\":\"Vincente Delicacies\"},\"image\":{\"@id\":\"https:\/\/vincentedelicacies.com\/#\/schema\/logo\/image\/\"}}]}<\/script>\n<!-- \/ Yoast SEO Premium plugin. -->","yoast_head_json":{"title":"VIVACE - Panettone ai 3 Cioccolati - Vincente Delicacies","description":"Panettone ai 3 Cioccolati con gocce di Cioccolato Extra Fondente 70%, Cioccolato al Latte 36% e cioccolato Bianco, ricoperto di finissimo Cioccolato Bianco e Sfere di Cioccolato.\u00a0 \u00a0750 g","robots":{"index":"index","follow":"follow","max-snippet":"max-snippet:-1","max-image-preview":"max-image-preview:large","max-video-preview":"max-video-preview:-1"},"canonical":"https:\/\/vincentedelicacies.com\/fr\/produit\/panettone-vivant-a-3-chocolats\/","og_locale":"fr_FR","og_type":"article","og_title":"VIVACE - Panettone ai 3 Cioccolati","og_description":"Panettone ai 3 Cioccolati con gocce di Cioccolato Extra Fondente 70%, Cioccolato al Latte 36% e cioccolato Bianco, ricoperto di finissimo Cioccolato Bianco e Sfere di Cioccolato.\u00a0 \u00a0750 g","og_url":"https:\/\/vincentedelicacies.com\/fr\/produit\/panettone-vivant-a-3-chocolats\/","og_site_name":"Vincente Delicacies","article_modified_time":"2023-10-19T08:52:49+00:00","og_image":[{"width":768,"height":776,"url":"https:\/\/vincentedelicacies.com\/wp-content\/uploads\/2022\/10\/vivace-ok.jpg","type":"image\/jpeg"}],"twitter_card":"summary_large_image","twitter_misc":{"Dur\u00e9e de lecture estim\u00e9e":"2 minutes"},"schema":{"@context":"https:\/\/schema.org","@graph":[{"@type":"WebPage","@id":"https:\/\/vincentedelicacies.com\/prodotto\/vivace-panettone-ai-3-cioccolati\/","url":"https:\/\/vincentedelicacies.com\/prodotto\/vivace-panettone-ai-3-cioccolati\/","name":"VIVACE - Panettone ai 3 Cioccolati - Vincente Delicacies","isPartOf":{"@id":"https:\/\/vincentedelicacies.com\/#website"},"primaryImageOfPage":{"@id":"https:\/\/vincentedelicacies.com\/prodotto\/vivace-panettone-ai-3-cioccolati\/#primaryimage"},"image":{"@id":"https:\/\/vincentedelicacies.com\/prodotto\/vivace-panettone-ai-3-cioccolati\/#primaryimage"},"thumbnailUrl":"https:\/\/vincentedelicacies.com\/wp-content\/uploads\/2022\/10\/vivace-ok.jpg","datePublished":"2022-10-04T13:34:00+00:00","dateModified":"2023-10-19T08:52:49+00:00","description":"Panettone ai 3 Cioccolati con gocce di Cioccolato Extra Fondente 70%, Cioccolato al Latte 36% e cioccolato Bianco, ricoperto di finissimo Cioccolato Bianco e Sfere di Cioccolato.\u00a0 \u00a0750 g","breadcrumb":{"@id":"https:\/\/vincentedelicacies.com\/prodotto\/vivace-panettone-ai-3-cioccolati\/#breadcrumb"},"inLanguage":"fr-FR","potentialAction":[{"@type":"ReadAction","target":["https:\/\/vincentedelicacies.com\/prodotto\/vivace-panettone-ai-3-cioccolati\/"]}]},{"@type":"ImageObject","inLanguage":"fr-FR","@id":"https:\/\/vincentedelicacies.com\/prodotto\/vivace-panettone-ai-3-cioccolati\/#primaryimage","url":"https:\/\/vincentedelicacies.com\/wp-content\/uploads\/2022\/10\/vivace-ok.jpg","contentUrl":"https:\/\/vincentedelicacies.com\/wp-content\/uploads\/2022\/10\/vivace-ok.jpg","width":768,"height":776},{"@type":"BreadcrumbList","@id":"https:\/\/vincentedelicacies.com\/prodotto\/vivace-panettone-ai-3-cioccolati\/#breadcrumb","itemListElement":[{"@type":"ListItem","position":1,"name":"Home","item":"https:\/\/vincentedelicacies.com\/"},{"@type":"ListItem","position":2,"name":"Prodotti","item":"https:\/\/vincentedelicacies.com\/shop1__trashed\/"},{"@type":"ListItem","position":3,"name":"VIVACE &#8211; Panettone ai 3 Cioccolati"}]},{"@type":"WebSite","@id":"https:\/\/vincentedelicacies.com\/#website","url":"https:\/\/vincentedelicacies.com\/","name":"Vincente Delicacies","description":"Un grande laboratorio di pasticceria","publisher":{"@id":"https:\/\/vincentedelicacies.com\/#organization"},"potentialAction":[{"@type":"SearchAction","target":{"@type":"EntryPoint","urlTemplate":"https:\/\/vincentedelicacies.com\/?s={search_term_string}"},"query-input":{"@type":"PropertyValueSpecification","valueRequired":true,"valueName":"search_term_string"}}],"inLanguage":"fr-FR"},{"@type":"Organization","@id":"https:\/\/vincentedelicacies.com\/#organization","name":"Vincente Delicacies","url":"https:\/\/vincentedelicacies.com\/","logo":{"@type":"ImageObject","inLanguage":"fr-FR","@id":"https:\/\/vincentedelicacies.com\/#\/schema\/logo\/image\/","url":"https:\/\/vincentedelicacies.com\/wp-content\/uploads\/2021\/06\/logo.png","contentUrl":"https:\/\/vincentedelicacies.com\/wp-content\/uploads\/2021\/06\/logo.png","width":159,"height":47,"caption":"Vincente Delicacies"},"image":{"@id":"https:\/\/vincentedelicacies.com\/#\/schema\/logo\/image\/"}}]}},"_links":{"self":[{"href":"https:\/\/vincentedelicacies.com\/fr\/wp-json\/wp\/v2\/product\/15128","targetHints":{"allow":["GET"]}}],"collection":[{"href":"https:\/\/vincentedelicacies.com\/fr\/wp-json\/wp\/v2\/product"}],"about":[{"href":"https:\/\/vincentedelicacies.com\/fr\/wp-json\/wp\/v2\/types\/product"}],"replies":[{"embeddable":true,"href":"https:\/\/vincentedelicacies.com\/fr\/wp-json\/wp\/v2\/comments?post=15128"}],"wp:featuredmedia":[{"embeddable":true,"href":"https:\/\/vincentedelicacies.com\/fr\/wp-json\/wp\/v2\/media\/15131"}],"wp:attachment":[{"href":"https:\/\/vincentedelicacies.com\/fr\/wp-json\/wp\/v2\/media?parent=15128"}],"wp:term":[{"taxonomy":"product_brand","embeddable":true,"href":"https:\/\/vincentedelicacies.com\/fr\/wp-json\/wp\/v2\/product_brand?post=15128"},{"taxonomy":"product_cat","embeddable":true,"href":"https:\/\/vincentedelicacies.com\/fr\/wp-json\/wp\/v2\/product_cat?post=15128"},{"taxonomy":"product_tag","embeddable":true,"href":"https:\/\/vincentedelicacies.com\/fr\/wp-json\/wp\/v2\/product_tag?post=15128"}],"curies":[{"name":"wp","href":"https:\/\/api.w.org\/{rel}","templated":true}]}}