{"id":13069,"date":"2021-11-05T13:34:22","date_gmt":"2021-11-05T13:34:22","guid":{"rendered":"https:\/\/vincentedelicacies.com\/?post_type=product&#038;p=13069"},"modified":"2023-10-19T10:16:03","modified_gmt":"2023-10-19T10:16:03","slug":"melange-cacao","status":"publish","type":"product","link":"https:\/\/vincentedelicacies.com\/fr\/produit\/melange-cacao\/","title":{"rendered":"M\u00e9lange -Panettone enrob\u00e9e de chocolat noir 70% et pistache de Sicile + cr\u00e8me au chocolat"},"content":{"rendered":"<p>Ingr\u00e9dients<\/p>\n<div class=\"page\" title=\"Page 1\">\n<div class=\"layoutArea\">\n<div class=\"column\">\n<p>Farine de <strong>BLE, BEURRE<\/strong>sucre, jaune d'\u0153uf <strong>de l'EGG<\/strong>, levure naturelle (farine <strong>FRUMENTO<\/strong>eau), \u00e9mulsifiants : mono et diglyc\u00e9rides d'acides gras, sirop de glucose, <strong>LAIT<\/strong> poudre de cacao \u00e9cr\u00e9m\u00e9, beurre de cacao, miel, ar\u00f4me naturel, sel. Enrobage : chocolat noir extra 8% (p\u00e2te de cacao, sucre, cacao maigre en poudre, \u00e9mulsifiant : l\u00e9cithine de cacao), beurre de cacao, miel, sel. <strong>SOYA<\/strong>ar\u00f4me naturel de vanille), <strong>PISTACLES<\/strong> de Sicile enrob\u00e9 de chocolat noir 2% ((chocolat extra noir (p\u00e2te de cacao, sucre, cacao maigre en poudre, \u00e9mulsifiant : l\u00e9cithine de cacao)). <strong>SOYA<\/strong>ar\u00f4me naturel de vanille), <strong>PISTACLES<\/strong> de Sicile 35%)). Il peut contenir <strong>AMANDES, NOISETTES, MOUTARDE ET LUPINS<\/strong>.<\/p>\n<p><strong>CR\u00c8ME AU CHOCOLAT<\/strong> - Ingr\u00e9dients : sucre, poudre de cacao all\u00e9g\u00e9e 25%, <strong>HAZELNUTS<\/strong> 15%, <strong>LAIT<\/strong> poudre, lactos\u00e9rum de <strong>LAIT<\/strong> poudre, graisses v\u00e9g\u00e9tales non hydrog\u00e9n\u00e9es (huile de tournesol, huile de coco, beurre de cacao), huile d'olive extra vierge, \u00e9mulsifiant : l\u00e9cithine de SOY, ar\u00f4mes. PEUT CONTENIR D'AUTRES FRUITS \u00c0 COQUE : <strong>PISTACHES, AMANDES, NOIX, NOIX DE CAJOU.<\/strong><\/p>\n<\/div>\n<\/div>\n<\/div>","protected":false},"excerpt":{"rendered":"<p>Panettone 70% enrob\u00e9 de chocolat extra noir avec pistaches siciliennes Chiccosi + pot de cr\u00e8me \u00e0 tartiner Chocolat + couteau \u00e0 cr\u00e8me \u00e0 tartiner 750 g - 180 g<\/p>","protected":false},"featured_media":13072,"comment_status":"open","ping_status":"closed","template":"","meta":[],"product_brand":[],"product_cat":[122,138],"product_tag":[],"class_list":{"0":"post-13069","1":"product","2":"type-product","3":"status-publish","4":"has-post-thumbnail","6":"product_cat-natale","7":"product_cat-scatoleregalo","9":"first","10":"outofstock","11":"shipping-taxable","12":"product-type-variable"},"yoast_head":"<!-- This site is optimized with the Yoast SEO Premium plugin v21.8 (Yoast SEO v26.6) - https:\/\/yoast.com\/wordpress\/plugins\/seo\/ -->\n<title>M\u00e9lange \u2013Panettone ricoperto di cioccolato fondente 70% e pistacchio di Sicilia + crema di Chocolat - Vincente Delicacies<\/title>\n<meta name=\"description\" content=\"Panettone ricoperto di cioccolato extrafondente 70% con Chiccosi di Pistacchio di Sicilia + Vasetto di crema spalmabile Chocolat + coltello spalmacrema. 750 g - 180 g\" \/>\n<meta name=\"robots\" content=\"index, follow, max-snippet:-1, max-image-preview:large, max-video-preview:-1\" \/>\n<link rel=\"canonical\" href=\"https:\/\/vincentedelicacies.com\/fr\/produit\/melange-cacao\/\" \/>\n<meta property=\"og:locale\" content=\"fr_FR\" \/>\n<meta property=\"og:type\" content=\"article\" \/>\n<meta property=\"og:title\" content=\"M\u00e9lange \u2013Panettone ricoperto di cioccolato fondente 70% e pistacchio di Sicilia + crema di Chocolat\" \/>\n<meta property=\"og:description\" content=\"Panettone ricoperto di cioccolato extrafondente 70% con Chiccosi di Pistacchio di Sicilia + Vasetto di crema spalmabile Chocolat + coltello spalmacrema. 750 g - 180 g\" \/>\n<meta property=\"og:url\" content=\"https:\/\/vincentedelicacies.com\/fr\/produit\/melange-cacao\/\" \/>\n<meta property=\"og:site_name\" content=\"Vincente Delicacies\" \/>\n<meta property=\"article:modified_time\" content=\"2023-10-19T10:16:03+00:00\" \/>\n<meta property=\"og:image\" content=\"https:\/\/vincentedelicacies.com\/wp-content\/uploads\/2021\/11\/cocoa.jpg\" \/>\n\t<meta property=\"og:image:width\" content=\"890\" \/>\n\t<meta property=\"og:image:height\" content=\"899\" \/>\n\t<meta property=\"og:image:type\" content=\"image\/jpeg\" \/>\n<meta name=\"twitter:card\" content=\"summary_large_image\" \/>\n<meta name=\"twitter:label1\" content=\"Dur\u00e9e de lecture estim\u00e9e\" \/>\n\t<meta name=\"twitter:data1\" content=\"1 minute\" \/>\n<script type=\"application\/ld+json\" class=\"yoast-schema-graph\">{\"@context\":\"https:\/\/schema.org\",\"@graph\":[{\"@type\":\"WebPage\",\"@id\":\"https:\/\/vincentedelicacies.com\/prodotto\/melange-cocoa\/\",\"url\":\"https:\/\/vincentedelicacies.com\/prodotto\/melange-cocoa\/\",\"name\":\"M\u00e9lange \u2013Panettone ricoperto di cioccolato fondente 70% e pistacchio di Sicilia + crema di Chocolat - Vincente Delicacies\",\"isPartOf\":{\"@id\":\"https:\/\/vincentedelicacies.com\/#website\"},\"primaryImageOfPage\":{\"@id\":\"https:\/\/vincentedelicacies.com\/prodotto\/melange-cocoa\/#primaryimage\"},\"image\":{\"@id\":\"https:\/\/vincentedelicacies.com\/prodotto\/melange-cocoa\/#primaryimage\"},\"thumbnailUrl\":\"https:\/\/vincentedelicacies.com\/wp-content\/uploads\/2021\/11\/cocoa.jpg\",\"datePublished\":\"2021-11-05T13:34:22+00:00\",\"dateModified\":\"2023-10-19T10:16:03+00:00\",\"description\":\"Panettone ricoperto di cioccolato extrafondente 70% con Chiccosi di Pistacchio di Sicilia + Vasetto di crema spalmabile Chocolat + coltello spalmacrema. 750 g - 180 g\",\"breadcrumb\":{\"@id\":\"https:\/\/vincentedelicacies.com\/prodotto\/melange-cocoa\/#breadcrumb\"},\"inLanguage\":\"fr-FR\",\"potentialAction\":[{\"@type\":\"ReadAction\",\"target\":[\"https:\/\/vincentedelicacies.com\/prodotto\/melange-cocoa\/\"]}]},{\"@type\":\"ImageObject\",\"inLanguage\":\"fr-FR\",\"@id\":\"https:\/\/vincentedelicacies.com\/prodotto\/melange-cocoa\/#primaryimage\",\"url\":\"https:\/\/vincentedelicacies.com\/wp-content\/uploads\/2021\/11\/cocoa.jpg\",\"contentUrl\":\"https:\/\/vincentedelicacies.com\/wp-content\/uploads\/2021\/11\/cocoa.jpg\",\"width\":890,\"height\":899,\"caption\":\"M\u00e9lange \u2013Panettone ricoperto di cioccolato fondente 70% e pistacchio di Sicilia + crema di Chocolat\"},{\"@type\":\"BreadcrumbList\",\"@id\":\"https:\/\/vincentedelicacies.com\/prodotto\/melange-cocoa\/#breadcrumb\",\"itemListElement\":[{\"@type\":\"ListItem\",\"position\":1,\"name\":\"Home\",\"item\":\"https:\/\/vincentedelicacies.com\/\"},{\"@type\":\"ListItem\",\"position\":2,\"name\":\"Prodotti\",\"item\":\"https:\/\/vincentedelicacies.com\/shop1__trashed\/\"},{\"@type\":\"ListItem\",\"position\":3,\"name\":\"M\u00e9lange \u2013Panettone ricoperto di cioccolato fondente 70% e pistacchio di Sicilia + crema di Chocolat\"}]},{\"@type\":\"WebSite\",\"@id\":\"https:\/\/vincentedelicacies.com\/#website\",\"url\":\"https:\/\/vincentedelicacies.com\/\",\"name\":\"Vincente Delicacies\",\"description\":\"Un grande laboratorio di pasticceria\",\"publisher\":{\"@id\":\"https:\/\/vincentedelicacies.com\/#organization\"},\"potentialAction\":[{\"@type\":\"SearchAction\",\"target\":{\"@type\":\"EntryPoint\",\"urlTemplate\":\"https:\/\/vincentedelicacies.com\/?s={search_term_string}\"},\"query-input\":{\"@type\":\"PropertyValueSpecification\",\"valueRequired\":true,\"valueName\":\"search_term_string\"}}],\"inLanguage\":\"fr-FR\"},{\"@type\":\"Organization\",\"@id\":\"https:\/\/vincentedelicacies.com\/#organization\",\"name\":\"Vincente Delicacies\",\"url\":\"https:\/\/vincentedelicacies.com\/\",\"logo\":{\"@type\":\"ImageObject\",\"inLanguage\":\"fr-FR\",\"@id\":\"https:\/\/vincentedelicacies.com\/#\/schema\/logo\/image\/\",\"url\":\"https:\/\/vincentedelicacies.com\/wp-content\/uploads\/2021\/06\/logo.png\",\"contentUrl\":\"https:\/\/vincentedelicacies.com\/wp-content\/uploads\/2021\/06\/logo.png\",\"width\":159,\"height\":47,\"caption\":\"Vincente Delicacies\"},\"image\":{\"@id\":\"https:\/\/vincentedelicacies.com\/#\/schema\/logo\/image\/\"}}]}<\/script>\n<!-- \/ Yoast SEO Premium plugin. -->","yoast_head_json":{"title":"M\u00e9lange \u2013Panettone ricoperto di cioccolato fondente 70% e pistacchio di Sicilia + crema di Chocolat - Vincente Delicacies","description":"Panettone ricoperto di cioccolato extrafondente 70% con Chiccosi di Pistacchio di Sicilia + Vasetto di crema spalmabile Chocolat + coltello spalmacrema. 750 g - 180 g","robots":{"index":"index","follow":"follow","max-snippet":"max-snippet:-1","max-image-preview":"max-image-preview:large","max-video-preview":"max-video-preview:-1"},"canonical":"https:\/\/vincentedelicacies.com\/fr\/produit\/melange-cacao\/","og_locale":"fr_FR","og_type":"article","og_title":"M\u00e9lange \u2013Panettone ricoperto di cioccolato fondente 70% e pistacchio di Sicilia + crema di Chocolat","og_description":"Panettone ricoperto di cioccolato extrafondente 70% con Chiccosi di Pistacchio di Sicilia + Vasetto di crema spalmabile Chocolat + coltello spalmacrema. 750 g - 180 g","og_url":"https:\/\/vincentedelicacies.com\/fr\/produit\/melange-cacao\/","og_site_name":"Vincente Delicacies","article_modified_time":"2023-10-19T10:16:03+00:00","og_image":[{"width":890,"height":899,"url":"https:\/\/vincentedelicacies.com\/wp-content\/uploads\/2021\/11\/cocoa.jpg","type":"image\/jpeg"}],"twitter_card":"summary_large_image","twitter_misc":{"Dur\u00e9e de lecture estim\u00e9e":"1 minute"},"schema":{"@context":"https:\/\/schema.org","@graph":[{"@type":"WebPage","@id":"https:\/\/vincentedelicacies.com\/prodotto\/melange-cocoa\/","url":"https:\/\/vincentedelicacies.com\/prodotto\/melange-cocoa\/","name":"M\u00e9lange \u2013Panettone ricoperto di cioccolato fondente 70% e pistacchio di Sicilia + crema di Chocolat - Vincente Delicacies","isPartOf":{"@id":"https:\/\/vincentedelicacies.com\/#website"},"primaryImageOfPage":{"@id":"https:\/\/vincentedelicacies.com\/prodotto\/melange-cocoa\/#primaryimage"},"image":{"@id":"https:\/\/vincentedelicacies.com\/prodotto\/melange-cocoa\/#primaryimage"},"thumbnailUrl":"https:\/\/vincentedelicacies.com\/wp-content\/uploads\/2021\/11\/cocoa.jpg","datePublished":"2021-11-05T13:34:22+00:00","dateModified":"2023-10-19T10:16:03+00:00","description":"Panettone ricoperto di cioccolato extrafondente 70% con Chiccosi di Pistacchio di Sicilia + Vasetto di crema spalmabile Chocolat + coltello spalmacrema. 750 g - 180 g","breadcrumb":{"@id":"https:\/\/vincentedelicacies.com\/prodotto\/melange-cocoa\/#breadcrumb"},"inLanguage":"fr-FR","potentialAction":[{"@type":"ReadAction","target":["https:\/\/vincentedelicacies.com\/prodotto\/melange-cocoa\/"]}]},{"@type":"ImageObject","inLanguage":"fr-FR","@id":"https:\/\/vincentedelicacies.com\/prodotto\/melange-cocoa\/#primaryimage","url":"https:\/\/vincentedelicacies.com\/wp-content\/uploads\/2021\/11\/cocoa.jpg","contentUrl":"https:\/\/vincentedelicacies.com\/wp-content\/uploads\/2021\/11\/cocoa.jpg","width":890,"height":899,"caption":"M\u00e9lange \u2013Panettone ricoperto di cioccolato fondente 70% e pistacchio di Sicilia + crema di Chocolat"},{"@type":"BreadcrumbList","@id":"https:\/\/vincentedelicacies.com\/prodotto\/melange-cocoa\/#breadcrumb","itemListElement":[{"@type":"ListItem","position":1,"name":"Home","item":"https:\/\/vincentedelicacies.com\/"},{"@type":"ListItem","position":2,"name":"Prodotti","item":"https:\/\/vincentedelicacies.com\/shop1__trashed\/"},{"@type":"ListItem","position":3,"name":"M\u00e9lange \u2013Panettone ricoperto di cioccolato fondente 70% e pistacchio di Sicilia + crema di Chocolat"}]},{"@type":"WebSite","@id":"https:\/\/vincentedelicacies.com\/#website","url":"https:\/\/vincentedelicacies.com\/","name":"Vincente Delicacies","description":"Un grande laboratorio di pasticceria","publisher":{"@id":"https:\/\/vincentedelicacies.com\/#organization"},"potentialAction":[{"@type":"SearchAction","target":{"@type":"EntryPoint","urlTemplate":"https:\/\/vincentedelicacies.com\/?s={search_term_string}"},"query-input":{"@type":"PropertyValueSpecification","valueRequired":true,"valueName":"search_term_string"}}],"inLanguage":"fr-FR"},{"@type":"Organization","@id":"https:\/\/vincentedelicacies.com\/#organization","name":"Vincente Delicacies","url":"https:\/\/vincentedelicacies.com\/","logo":{"@type":"ImageObject","inLanguage":"fr-FR","@id":"https:\/\/vincentedelicacies.com\/#\/schema\/logo\/image\/","url":"https:\/\/vincentedelicacies.com\/wp-content\/uploads\/2021\/06\/logo.png","contentUrl":"https:\/\/vincentedelicacies.com\/wp-content\/uploads\/2021\/06\/logo.png","width":159,"height":47,"caption":"Vincente Delicacies"},"image":{"@id":"https:\/\/vincentedelicacies.com\/#\/schema\/logo\/image\/"}}]}},"_links":{"self":[{"href":"https:\/\/vincentedelicacies.com\/fr\/wp-json\/wp\/v2\/product\/13069","targetHints":{"allow":["GET"]}}],"collection":[{"href":"https:\/\/vincentedelicacies.com\/fr\/wp-json\/wp\/v2\/product"}],"about":[{"href":"https:\/\/vincentedelicacies.com\/fr\/wp-json\/wp\/v2\/types\/product"}],"replies":[{"embeddable":true,"href":"https:\/\/vincentedelicacies.com\/fr\/wp-json\/wp\/v2\/comments?post=13069"}],"wp:featuredmedia":[{"embeddable":true,"href":"https:\/\/vincentedelicacies.com\/fr\/wp-json\/wp\/v2\/media\/13072"}],"wp:attachment":[{"href":"https:\/\/vincentedelicacies.com\/fr\/wp-json\/wp\/v2\/media?parent=13069"}],"wp:term":[{"taxonomy":"product_brand","embeddable":true,"href":"https:\/\/vincentedelicacies.com\/fr\/wp-json\/wp\/v2\/product_brand?post=13069"},{"taxonomy":"product_cat","embeddable":true,"href":"https:\/\/vincentedelicacies.com\/fr\/wp-json\/wp\/v2\/product_cat?post=13069"},{"taxonomy":"product_tag","embeddable":true,"href":"https:\/\/vincentedelicacies.com\/fr\/wp-json\/wp\/v2\/product_tag?post=13069"}],"curies":[{"name":"wp","href":"https:\/\/api.w.org\/{rel}","templated":true}]}}