{"id":12483,"date":"2021-10-31T09:34:45","date_gmt":"2021-10-31T09:34:45","guid":{"rendered":"https:\/\/vincentedelicacies.com\/?post_type=product&#038;p=12483"},"modified":"2023-10-11T08:31:45","modified_gmt":"2023-10-11T08:31:45","slug":"la-santa-dop-farcie-creme-pistache","status":"publish","type":"product","link":"https:\/\/vincentedelicacies.com\/fr\/produit\/la-santa-dop-farcie-creme-pistache\/","title":{"rendered":"La Santa - Panettone recouvert de chocolat blanc et de pistache verte de Bronte DOP, fourr\u00e9 \u00e0 la cr\u00e8me."},"content":{"rendered":"<p>Ingr\u00e9dients :<\/p>\n<div class=\"page\" title=\"Page 5\">\n<div class=\"layoutArea\">\n<div class=\"column\">\n<p>Farine de <strong>BLE, BEURRE<\/strong>Sucre, Jaune d'\u0153uf<strong>EGG<\/strong>Levure naturelle (farine) <strong>FRUMENTO<\/strong>eau), \u00e9mulsifiants : mono et diglyc\u00e9rides d'acides gras, sirop de glucose, <strong>LAIT<\/strong> poudre de cacao \u00e9cr\u00e9m\u00e9, beurre de cacao, miel, ar\u00f4mes naturels, sel. Garniture : cr\u00e8me de pistache avec \"<strong>PISTACHO<\/strong> Verde di Bronte DOP\" 16% (sucre, \"<strong>PISTACHO<\/strong> Verde di Bronte PDO' 20%, <strong>LAIT<\/strong> poudre, lactos\u00e9rum de <strong>LAIT<\/strong> poudre, graisse v\u00e9g\u00e9tale non hydrog\u00e9n\u00e9e (huile de tournesol, beurre de cacao), \u00e9mulsifiant : l\u00e9cithine de cacao <strong>SOYA<\/strong>ar\u00f4mes naturels, alcool hydrat\u00e9, colorant : E141). Enrobage : chocolat blanc 8% (sucre, beurre de cacao, <strong>LAIT<\/strong> poudre de bl\u00e9 complet, \u00e9mulsifiant : l\u00e9cithine de <strong>SOYA<\/strong>ar\u00f4me naturel de vanille), grains de '<strong>PISTACHO<\/strong> Verde di Bronte PDO' 5%. <strong>PEUT CONTENIR des amandes, des noisettes, de la moutarde et des lupins.<\/strong><\/p>\n<\/div>\n<\/div>\n<\/div>","protected":false},"excerpt":{"rendered":"<div class=\"page\" title=\"Page 26\">\n<div class=\"layoutArea\">\n<div class=\"column\">\n<p>900 g de panettone artisanal enrob\u00e9 de chocolat blanc et de \"Pistacchio Verde di Bronte DOP\" fourr\u00e9 \u00e0 la cr\u00e8me de pistache<\/p>\n<\/div>\n<\/div>\n<\/div>","protected":false},"featured_media":13053,"comment_status":"open","ping_status":"closed","template":"","meta":[],"product_brand":[],"product_cat":[122,139],"product_tag":[],"class_list":{"0":"post-12483","1":"product","2":"type-product","3":"status-publish","4":"has-post-thumbnail","6":"product_cat-natale","7":"product_cat-sguardi-siciliani","9":"first","10":"outofstock","11":"shipping-taxable","12":"product-type-variable"},"yoast_head":"<!-- This site is optimized with the Yoast SEO Premium plugin v21.8 (Yoast SEO v26.6) - https:\/\/yoast.com\/wordpress\/plugins\/seo\/ -->\n<title>Panettone di Cioccolato Bianco e Pistacchio con Crema al Pistacchio<\/title>\n<meta name=\"description\" content=\"Panettone ricoperto di Cioccolato Bianco e Pistacchio Farcito con Crema al Pistacchio\" \/>\n<meta name=\"robots\" content=\"index, follow, max-snippet:-1, max-image-preview:large, max-video-preview:-1\" \/>\n<link rel=\"canonical\" href=\"https:\/\/vincentedelicacies.com\/fr\/produit\/la-santa-dop-farcie-creme-pistache\/\" \/>\n<meta property=\"og:locale\" content=\"fr_FR\" \/>\n<meta property=\"og:type\" content=\"article\" \/>\n<meta property=\"og:title\" content=\"La Santa - Panettone ricoperto di Cioccolato Bianco e &quot;Pistacchio Verde di Bronte DOP&quot; farcito di Crema con \u201cPistacchio Verde di Bronte DOP\u201d\" \/>\n<meta property=\"og:description\" content=\"Panettone artigianale da 900 gr ricoperto di cioccolato bianco e &quot;Pistacchio Verde di Bronte DOP&quot; farcito di crema al pistacchio con \u201cPistacchio Verde di Bronte DOP\u201d\" \/>\n<meta property=\"og:url\" content=\"https:\/\/vincentedelicacies.com\/fr\/produit\/la-santa-dop-farcie-creme-pistache\/\" \/>\n<meta property=\"og:site_name\" content=\"Vincente Delicacies\" \/>\n<meta property=\"article:modified_time\" content=\"2023-10-11T08:31:45+00:00\" \/>\n<meta property=\"og:image\" content=\"https:\/\/vincentedelicacies.com\/wp-content\/uploads\/2021\/10\/santagata.jpg\" \/>\n\t<meta property=\"og:image:width\" content=\"890\" \/>\n\t<meta property=\"og:image:height\" content=\"899\" \/>\n\t<meta property=\"og:image:type\" content=\"image\/jpeg\" \/>\n<meta name=\"twitter:card\" content=\"summary_large_image\" \/>\n<meta name=\"twitter:label1\" content=\"Dur\u00e9e de lecture estim\u00e9e\" \/>\n\t<meta name=\"twitter:data1\" content=\"1 minute\" \/>\n<script type=\"application\/ld+json\" class=\"yoast-schema-graph\">{\"@context\":\"https:\/\/schema.org\",\"@graph\":[{\"@type\":\"WebPage\",\"@id\":\"https:\/\/vincentedelicacies.com\/prodotto\/la-santa-farcito-crema-pistacchio-dop\/\",\"url\":\"https:\/\/vincentedelicacies.com\/prodotto\/la-santa-farcito-crema-pistacchio-dop\/\",\"name\":\"Panettone di Cioccolato Bianco e Pistacchio con Crema al Pistacchio\",\"isPartOf\":{\"@id\":\"https:\/\/vincentedelicacies.com\/#website\"},\"primaryImageOfPage\":{\"@id\":\"https:\/\/vincentedelicacies.com\/prodotto\/la-santa-farcito-crema-pistacchio-dop\/#primaryimage\"},\"image\":{\"@id\":\"https:\/\/vincentedelicacies.com\/prodotto\/la-santa-farcito-crema-pistacchio-dop\/#primaryimage\"},\"thumbnailUrl\":\"https:\/\/vincentedelicacies.com\/wp-content\/uploads\/2021\/10\/santagata.jpg\",\"datePublished\":\"2021-10-31T09:34:45+00:00\",\"dateModified\":\"2023-10-11T08:31:45+00:00\",\"description\":\"Panettone ricoperto di Cioccolato Bianco e Pistacchio Farcito con Crema al Pistacchio\",\"breadcrumb\":{\"@id\":\"https:\/\/vincentedelicacies.com\/prodotto\/la-santa-farcito-crema-pistacchio-dop\/#breadcrumb\"},\"inLanguage\":\"fr-FR\",\"potentialAction\":[{\"@type\":\"ReadAction\",\"target\":[\"https:\/\/vincentedelicacies.com\/prodotto\/la-santa-farcito-crema-pistacchio-dop\/\"]}]},{\"@type\":\"ImageObject\",\"inLanguage\":\"fr-FR\",\"@id\":\"https:\/\/vincentedelicacies.com\/prodotto\/la-santa-farcito-crema-pistacchio-dop\/#primaryimage\",\"url\":\"https:\/\/vincentedelicacies.com\/wp-content\/uploads\/2021\/10\/santagata.jpg\",\"contentUrl\":\"https:\/\/vincentedelicacies.com\/wp-content\/uploads\/2021\/10\/santagata.jpg\",\"width\":890,\"height\":899,\"caption\":\"Sant'Agata - Panettone ricoperto di Cioccolato Bianco e \\\"Pistacchio Verde di Bronte DOP\\\" farcito di Crema con \u201cPistacchio Verde di Bronte DOP\u201d\"},{\"@type\":\"BreadcrumbList\",\"@id\":\"https:\/\/vincentedelicacies.com\/prodotto\/la-santa-farcito-crema-pistacchio-dop\/#breadcrumb\",\"itemListElement\":[{\"@type\":\"ListItem\",\"position\":1,\"name\":\"Home\",\"item\":\"https:\/\/vincentedelicacies.com\/\"},{\"@type\":\"ListItem\",\"position\":2,\"name\":\"Prodotti\",\"item\":\"https:\/\/vincentedelicacies.com\/shop1__trashed\/\"},{\"@type\":\"ListItem\",\"position\":3,\"name\":\"La Santa &#8211; Panettone ricoperto di Cioccolato Bianco e &#8220;Pistacchio Verde di Bronte DOP&#8221; farcito di Crema con \u201cPistacchio Verde di Bronte DOP\u201d\"}]},{\"@type\":\"WebSite\",\"@id\":\"https:\/\/vincentedelicacies.com\/#website\",\"url\":\"https:\/\/vincentedelicacies.com\/\",\"name\":\"Vincente Delicacies\",\"description\":\"Un grande laboratorio di pasticceria\",\"publisher\":{\"@id\":\"https:\/\/vincentedelicacies.com\/#organization\"},\"potentialAction\":[{\"@type\":\"SearchAction\",\"target\":{\"@type\":\"EntryPoint\",\"urlTemplate\":\"https:\/\/vincentedelicacies.com\/?s={search_term_string}\"},\"query-input\":{\"@type\":\"PropertyValueSpecification\",\"valueRequired\":true,\"valueName\":\"search_term_string\"}}],\"inLanguage\":\"fr-FR\"},{\"@type\":\"Organization\",\"@id\":\"https:\/\/vincentedelicacies.com\/#organization\",\"name\":\"Vincente Delicacies\",\"url\":\"https:\/\/vincentedelicacies.com\/\",\"logo\":{\"@type\":\"ImageObject\",\"inLanguage\":\"fr-FR\",\"@id\":\"https:\/\/vincentedelicacies.com\/#\/schema\/logo\/image\/\",\"url\":\"https:\/\/vincentedelicacies.com\/wp-content\/uploads\/2021\/06\/logo.png\",\"contentUrl\":\"https:\/\/vincentedelicacies.com\/wp-content\/uploads\/2021\/06\/logo.png\",\"width\":159,\"height\":47,\"caption\":\"Vincente Delicacies\"},\"image\":{\"@id\":\"https:\/\/vincentedelicacies.com\/#\/schema\/logo\/image\/\"}}]}<\/script>\n<!-- \/ Yoast SEO Premium plugin. -->","yoast_head_json":{"title":"Panettone di Cioccolato Bianco e Pistacchio con Crema al Pistacchio","description":"Panettone ricoperto di Cioccolato Bianco e Pistacchio Farcito con Crema al Pistacchio","robots":{"index":"index","follow":"follow","max-snippet":"max-snippet:-1","max-image-preview":"max-image-preview:large","max-video-preview":"max-video-preview:-1"},"canonical":"https:\/\/vincentedelicacies.com\/fr\/produit\/la-santa-dop-farcie-creme-pistache\/","og_locale":"fr_FR","og_type":"article","og_title":"La Santa - Panettone ricoperto di Cioccolato Bianco e \"Pistacchio Verde di Bronte DOP\" farcito di Crema con \u201cPistacchio Verde di Bronte DOP\u201d","og_description":"Panettone artigianale da 900 gr ricoperto di cioccolato bianco e \"Pistacchio Verde di Bronte DOP\" farcito di crema al pistacchio con \u201cPistacchio Verde di Bronte DOP\u201d","og_url":"https:\/\/vincentedelicacies.com\/fr\/produit\/la-santa-dop-farcie-creme-pistache\/","og_site_name":"Vincente Delicacies","article_modified_time":"2023-10-11T08:31:45+00:00","og_image":[{"width":890,"height":899,"url":"https:\/\/vincentedelicacies.com\/wp-content\/uploads\/2021\/10\/santagata.jpg","type":"image\/jpeg"}],"twitter_card":"summary_large_image","twitter_misc":{"Dur\u00e9e de lecture estim\u00e9e":"1 minute"},"schema":{"@context":"https:\/\/schema.org","@graph":[{"@type":"WebPage","@id":"https:\/\/vincentedelicacies.com\/prodotto\/la-santa-farcito-crema-pistacchio-dop\/","url":"https:\/\/vincentedelicacies.com\/prodotto\/la-santa-farcito-crema-pistacchio-dop\/","name":"Panettone di Cioccolato Bianco e Pistacchio con Crema al Pistacchio","isPartOf":{"@id":"https:\/\/vincentedelicacies.com\/#website"},"primaryImageOfPage":{"@id":"https:\/\/vincentedelicacies.com\/prodotto\/la-santa-farcito-crema-pistacchio-dop\/#primaryimage"},"image":{"@id":"https:\/\/vincentedelicacies.com\/prodotto\/la-santa-farcito-crema-pistacchio-dop\/#primaryimage"},"thumbnailUrl":"https:\/\/vincentedelicacies.com\/wp-content\/uploads\/2021\/10\/santagata.jpg","datePublished":"2021-10-31T09:34:45+00:00","dateModified":"2023-10-11T08:31:45+00:00","description":"Panettone ricoperto di Cioccolato Bianco e Pistacchio Farcito con Crema al Pistacchio","breadcrumb":{"@id":"https:\/\/vincentedelicacies.com\/prodotto\/la-santa-farcito-crema-pistacchio-dop\/#breadcrumb"},"inLanguage":"fr-FR","potentialAction":[{"@type":"ReadAction","target":["https:\/\/vincentedelicacies.com\/prodotto\/la-santa-farcito-crema-pistacchio-dop\/"]}]},{"@type":"ImageObject","inLanguage":"fr-FR","@id":"https:\/\/vincentedelicacies.com\/prodotto\/la-santa-farcito-crema-pistacchio-dop\/#primaryimage","url":"https:\/\/vincentedelicacies.com\/wp-content\/uploads\/2021\/10\/santagata.jpg","contentUrl":"https:\/\/vincentedelicacies.com\/wp-content\/uploads\/2021\/10\/santagata.jpg","width":890,"height":899,"caption":"Sant'Agata - Panettone ricoperto di Cioccolato Bianco e \"Pistacchio Verde di Bronte DOP\" farcito di Crema con \u201cPistacchio Verde di Bronte DOP\u201d"},{"@type":"BreadcrumbList","@id":"https:\/\/vincentedelicacies.com\/prodotto\/la-santa-farcito-crema-pistacchio-dop\/#breadcrumb","itemListElement":[{"@type":"ListItem","position":1,"name":"Home","item":"https:\/\/vincentedelicacies.com\/"},{"@type":"ListItem","position":2,"name":"Prodotti","item":"https:\/\/vincentedelicacies.com\/shop1__trashed\/"},{"@type":"ListItem","position":3,"name":"La Santa &#8211; Panettone ricoperto di Cioccolato Bianco e &#8220;Pistacchio Verde di Bronte DOP&#8221; farcito di Crema con \u201cPistacchio Verde di Bronte DOP\u201d"}]},{"@type":"WebSite","@id":"https:\/\/vincentedelicacies.com\/#website","url":"https:\/\/vincentedelicacies.com\/","name":"Vincente Delicacies","description":"Un grande laboratorio di pasticceria","publisher":{"@id":"https:\/\/vincentedelicacies.com\/#organization"},"potentialAction":[{"@type":"SearchAction","target":{"@type":"EntryPoint","urlTemplate":"https:\/\/vincentedelicacies.com\/?s={search_term_string}"},"query-input":{"@type":"PropertyValueSpecification","valueRequired":true,"valueName":"search_term_string"}}],"inLanguage":"fr-FR"},{"@type":"Organization","@id":"https:\/\/vincentedelicacies.com\/#organization","name":"Vincente Delicacies","url":"https:\/\/vincentedelicacies.com\/","logo":{"@type":"ImageObject","inLanguage":"fr-FR","@id":"https:\/\/vincentedelicacies.com\/#\/schema\/logo\/image\/","url":"https:\/\/vincentedelicacies.com\/wp-content\/uploads\/2021\/06\/logo.png","contentUrl":"https:\/\/vincentedelicacies.com\/wp-content\/uploads\/2021\/06\/logo.png","width":159,"height":47,"caption":"Vincente Delicacies"},"image":{"@id":"https:\/\/vincentedelicacies.com\/#\/schema\/logo\/image\/"}}]}},"_links":{"self":[{"href":"https:\/\/vincentedelicacies.com\/fr\/wp-json\/wp\/v2\/product\/12483","targetHints":{"allow":["GET"]}}],"collection":[{"href":"https:\/\/vincentedelicacies.com\/fr\/wp-json\/wp\/v2\/product"}],"about":[{"href":"https:\/\/vincentedelicacies.com\/fr\/wp-json\/wp\/v2\/types\/product"}],"replies":[{"embeddable":true,"href":"https:\/\/vincentedelicacies.com\/fr\/wp-json\/wp\/v2\/comments?post=12483"}],"wp:featuredmedia":[{"embeddable":true,"href":"https:\/\/vincentedelicacies.com\/fr\/wp-json\/wp\/v2\/media\/13053"}],"wp:attachment":[{"href":"https:\/\/vincentedelicacies.com\/fr\/wp-json\/wp\/v2\/media?parent=12483"}],"wp:term":[{"taxonomy":"product_brand","embeddable":true,"href":"https:\/\/vincentedelicacies.com\/fr\/wp-json\/wp\/v2\/product_brand?post=12483"},{"taxonomy":"product_cat","embeddable":true,"href":"https:\/\/vincentedelicacies.com\/fr\/wp-json\/wp\/v2\/product_cat?post=12483"},{"taxonomy":"product_tag","embeddable":true,"href":"https:\/\/vincentedelicacies.com\/fr\/wp-json\/wp\/v2\/product_tag?post=12483"}],"curies":[{"name":"wp","href":"https:\/\/api.w.org\/{rel}","templated":true}]}}