{"id":2497,"date":"2021-06-23T13:20:41","date_gmt":"2021-06-23T13:20:41","guid":{"rendered":"https:\/\/vincentedelicacies.com\/?post_type=product&#038;p=2497"},"modified":"2023-03-29T15:14:20","modified_gmt":"2023-03-29T15:14:20","slug":"colomba-extra-dark-chocolate-70","status":"publish","type":"product","link":"https:\/\/vincentedelicacies.com\/en\/product-2\/colomba-extra-dark-chocolate-70\/","title":{"rendered":"Camastra Line - Colomba Artisan Extra Dark Chocolate 70% 750g"},"content":{"rendered":"<p>Ingredients: flour from <strong>WHEAT, BUTTER<\/strong>, 15% extra dark chocolate chips (cocoa mass,<br \/>\nsugar, emulsifier: lecithin of <strong>SOYA<\/strong>, natural vanilla flavouring), sugar, yolk <strong>of EGG<\/strong>, natural yeast (flour <strong>FRUMENTO<\/strong>, water), emulsifiers: mono and diglycerides of fatty acids, glucose syrup, <strong>MILK<\/strong> skimmed cocoa powder, cocoa butter, honey, natural flavouring, salt. Coating: extra dark chocolate 8% (cocoa paste, sugar, cocoa butter, emulsifier: cocoa lecithin), natural flavouring, salt. <strong>SOYA<\/strong>, natural vanilla flavouring). May contain <strong>PISTACHIOS, ALMONDS, HAZELNUTS, MUSTARD AND LUPINE.<\/strong><\/p>","protected":false},"excerpt":{"rendered":"<p>The 70% extra dark chocolate colomba is a super mouth-watering artisan cake. It is covered in an extra dark chocolate icing with a shower of chocolate drops. The very soft dough is embellished with just as many extra dark chocolate chips. What makes the cake even more unique is the packaging, which is done by hand, with its velvety brown paper.<\/p>","protected":false},"featured_media":18385,"comment_status":"open","ping_status":"closed","template":"","meta":[],"product_brand":[],"product_cat":[46,111],"product_tag":[],"class_list":{"0":"post-2497","1":"product","2":"type-product","3":"status-publish","4":"has-post-thumbnail","6":"product_cat-pasqua","7":"product_cat-ricoperte","9":"first","10":"outofstock","11":"shipping-taxable","12":"product-type-simple"},"yoast_head":"<!-- This site is optimized with the Yoast SEO Premium plugin v21.8 (Yoast SEO v26.6) - https:\/\/yoast.com\/wordpress\/plugins\/seo\/ -->\n<title>Linea Camastra - Colomba artigianale Cioccolato Extra Fondente 70% 750g - Vincente Delicacies<\/title>\n<meta name=\"description\" content=\"La colomba al cioccolato extra fondente al 70%, \u00e8 un dolce artigianale super goloso. \u00c8 Ricoperta da una glassa al cioccolato extra fondente con una pioggia di gocce di cioccolato. L\u2019impasto morbidissimo \u00e8 impreziosito con altrettante gocce al cioccolato extra fondente. A rendere il dolce ancora pi\u00f9 unico \u00e8 il confezionamento che viene fatto a mano, con la sua carta marrone vellutata.\" \/>\n<meta name=\"robots\" content=\"index, follow, max-snippet:-1, max-image-preview:large, max-video-preview:-1\" \/>\n<link rel=\"canonical\" href=\"https:\/\/vincentedelicacies.com\/en\/product-2\/colomba-extra-dark-chocolate-70\/\" \/>\n<meta property=\"og:locale\" content=\"en_GB\" \/>\n<meta property=\"og:type\" content=\"article\" \/>\n<meta property=\"og:title\" content=\"Linea Camastra - Colomba artigianale Cioccolato Extra Fondente 70% 750g\" \/>\n<meta property=\"og:description\" content=\"La colomba al cioccolato extra fondente al 70%, \u00e8 un dolce artigianale super goloso. \u00c8 Ricoperta da una glassa al cioccolato extra fondente con una pioggia di gocce di cioccolato. L\u2019impasto morbidissimo \u00e8 impreziosito con altrettante gocce al cioccolato extra fondente. A rendere il dolce ancora pi\u00f9 unico \u00e8 il confezionamento che viene fatto a mano, con la sua carta marrone vellutata.\" \/>\n<meta property=\"og:url\" content=\"https:\/\/vincentedelicacies.com\/en\/product-2\/colomba-extra-dark-chocolate-70\/\" \/>\n<meta property=\"og:site_name\" content=\"Vincente Delicacies\" \/>\n<meta property=\"article:modified_time\" content=\"2023-03-29T15:14:20+00:00\" \/>\n<meta property=\"og:image\" content=\"https:\/\/vincentedelicacies.com\/wp-content\/uploads\/2021\/06\/colomba-ciocco-fondente-camastra.jpg\" \/>\n\t<meta property=\"og:image:width\" content=\"890\" \/>\n\t<meta property=\"og:image:height\" content=\"899\" \/>\n\t<meta property=\"og:image:type\" content=\"image\/jpeg\" \/>\n<meta name=\"twitter:card\" content=\"summary_large_image\" \/>\n<meta name=\"twitter:label1\" content=\"Estimated reading time\" \/>\n\t<meta name=\"twitter:data1\" content=\"1 minute\" \/>\n<script type=\"application\/ld+json\" class=\"yoast-schema-graph\">{\"@context\":\"https:\/\/schema.org\",\"@graph\":[{\"@type\":\"WebPage\",\"@id\":\"https:\/\/vincentedelicacies.com\/prodotto\/colomba-cioccolato-extra-fondente-70\/\",\"url\":\"https:\/\/vincentedelicacies.com\/prodotto\/colomba-cioccolato-extra-fondente-70\/\",\"name\":\"Linea Camastra - Colomba artigianale Cioccolato Extra Fondente 70% 750g - Vincente Delicacies\",\"isPartOf\":{\"@id\":\"https:\/\/vincentedelicacies.com\/#website\"},\"primaryImageOfPage\":{\"@id\":\"https:\/\/vincentedelicacies.com\/prodotto\/colomba-cioccolato-extra-fondente-70\/#primaryimage\"},\"image\":{\"@id\":\"https:\/\/vincentedelicacies.com\/prodotto\/colomba-cioccolato-extra-fondente-70\/#primaryimage\"},\"thumbnailUrl\":\"https:\/\/vincentedelicacies.com\/wp-content\/uploads\/2021\/06\/colomba-ciocco-fondente-camastra.jpg\",\"datePublished\":\"2021-06-23T13:20:41+00:00\",\"dateModified\":\"2023-03-29T15:14:20+00:00\",\"description\":\"La colomba al cioccolato extra fondente al 70%, \u00e8 un dolce artigianale super goloso. \u00c8 Ricoperta da una glassa al cioccolato extra fondente con una pioggia di gocce di cioccolato. L\u2019impasto morbidissimo \u00e8 impreziosito con altrettante gocce al cioccolato extra fondente. A rendere il dolce ancora pi\u00f9 unico \u00e8 il confezionamento che viene fatto a mano, con la sua carta marrone vellutata.\",\"breadcrumb\":{\"@id\":\"https:\/\/vincentedelicacies.com\/prodotto\/colomba-cioccolato-extra-fondente-70\/#breadcrumb\"},\"inLanguage\":\"en-GB\",\"potentialAction\":[{\"@type\":\"ReadAction\",\"target\":[\"https:\/\/vincentedelicacies.com\/prodotto\/colomba-cioccolato-extra-fondente-70\/\"]}]},{\"@type\":\"ImageObject\",\"inLanguage\":\"en-GB\",\"@id\":\"https:\/\/vincentedelicacies.com\/prodotto\/colomba-cioccolato-extra-fondente-70\/#primaryimage\",\"url\":\"https:\/\/vincentedelicacies.com\/wp-content\/uploads\/2021\/06\/colomba-ciocco-fondente-camastra.jpg\",\"contentUrl\":\"https:\/\/vincentedelicacies.com\/wp-content\/uploads\/2021\/06\/colomba-ciocco-fondente-camastra.jpg\",\"width\":890,\"height\":899},{\"@type\":\"BreadcrumbList\",\"@id\":\"https:\/\/vincentedelicacies.com\/prodotto\/colomba-cioccolato-extra-fondente-70\/#breadcrumb\",\"itemListElement\":[{\"@type\":\"ListItem\",\"position\":1,\"name\":\"Home\",\"item\":\"https:\/\/vincentedelicacies.com\/\"},{\"@type\":\"ListItem\",\"position\":2,\"name\":\"Prodotti\",\"item\":\"https:\/\/vincentedelicacies.com\/shop1__trashed\/\"},{\"@type\":\"ListItem\",\"position\":3,\"name\":\"Linea Camastra &#8211; Colomba artigianale Cioccolato Extra Fondente 70% 750g\"}]},{\"@type\":\"WebSite\",\"@id\":\"https:\/\/vincentedelicacies.com\/#website\",\"url\":\"https:\/\/vincentedelicacies.com\/\",\"name\":\"Vincente Delicacies\",\"description\":\"Un grande laboratorio di pasticceria\",\"publisher\":{\"@id\":\"https:\/\/vincentedelicacies.com\/#organization\"},\"potentialAction\":[{\"@type\":\"SearchAction\",\"target\":{\"@type\":\"EntryPoint\",\"urlTemplate\":\"https:\/\/vincentedelicacies.com\/?s={search_term_string}\"},\"query-input\":{\"@type\":\"PropertyValueSpecification\",\"valueRequired\":true,\"valueName\":\"search_term_string\"}}],\"inLanguage\":\"en-GB\"},{\"@type\":\"Organization\",\"@id\":\"https:\/\/vincentedelicacies.com\/#organization\",\"name\":\"Vincente Delicacies\",\"url\":\"https:\/\/vincentedelicacies.com\/\",\"logo\":{\"@type\":\"ImageObject\",\"inLanguage\":\"en-GB\",\"@id\":\"https:\/\/vincentedelicacies.com\/#\/schema\/logo\/image\/\",\"url\":\"https:\/\/vincentedelicacies.com\/wp-content\/uploads\/2021\/06\/logo.png\",\"contentUrl\":\"https:\/\/vincentedelicacies.com\/wp-content\/uploads\/2021\/06\/logo.png\",\"width\":159,\"height\":47,\"caption\":\"Vincente Delicacies\"},\"image\":{\"@id\":\"https:\/\/vincentedelicacies.com\/#\/schema\/logo\/image\/\"}}]}<\/script>\n<!-- \/ Yoast SEO Premium plugin. -->","yoast_head_json":{"title":"Linea Camastra - Colomba artigianale Cioccolato Extra Fondente 70% 750g - Vincente Delicacies","description":"La colomba al cioccolato extra fondente al 70%, \u00e8 un dolce artigianale super goloso. \u00c8 Ricoperta da una glassa al cioccolato extra fondente con una pioggia di gocce di cioccolato. L\u2019impasto morbidissimo \u00e8 impreziosito con altrettante gocce al cioccolato extra fondente. A rendere il dolce ancora pi\u00f9 unico \u00e8 il confezionamento che viene fatto a mano, con la sua carta marrone vellutata.","robots":{"index":"index","follow":"follow","max-snippet":"max-snippet:-1","max-image-preview":"max-image-preview:large","max-video-preview":"max-video-preview:-1"},"canonical":"https:\/\/vincentedelicacies.com\/en\/product-2\/colomba-extra-dark-chocolate-70\/","og_locale":"en_GB","og_type":"article","og_title":"Linea Camastra - Colomba artigianale Cioccolato Extra Fondente 70% 750g","og_description":"La colomba al cioccolato extra fondente al 70%, \u00e8 un dolce artigianale super goloso. \u00c8 Ricoperta da una glassa al cioccolato extra fondente con una pioggia di gocce di cioccolato. L\u2019impasto morbidissimo \u00e8 impreziosito con altrettante gocce al cioccolato extra fondente. A rendere il dolce ancora pi\u00f9 unico \u00e8 il confezionamento che viene fatto a mano, con la sua carta marrone vellutata.","og_url":"https:\/\/vincentedelicacies.com\/en\/product-2\/colomba-extra-dark-chocolate-70\/","og_site_name":"Vincente Delicacies","article_modified_time":"2023-03-29T15:14:20+00:00","og_image":[{"width":890,"height":899,"url":"https:\/\/vincentedelicacies.com\/wp-content\/uploads\/2021\/06\/colomba-ciocco-fondente-camastra.jpg","type":"image\/jpeg"}],"twitter_card":"summary_large_image","twitter_misc":{"Estimated reading time":"1 minute"},"schema":{"@context":"https:\/\/schema.org","@graph":[{"@type":"WebPage","@id":"https:\/\/vincentedelicacies.com\/prodotto\/colomba-cioccolato-extra-fondente-70\/","url":"https:\/\/vincentedelicacies.com\/prodotto\/colomba-cioccolato-extra-fondente-70\/","name":"Linea Camastra - Colomba artigianale Cioccolato Extra Fondente 70% 750g - Vincente Delicacies","isPartOf":{"@id":"https:\/\/vincentedelicacies.com\/#website"},"primaryImageOfPage":{"@id":"https:\/\/vincentedelicacies.com\/prodotto\/colomba-cioccolato-extra-fondente-70\/#primaryimage"},"image":{"@id":"https:\/\/vincentedelicacies.com\/prodotto\/colomba-cioccolato-extra-fondente-70\/#primaryimage"},"thumbnailUrl":"https:\/\/vincentedelicacies.com\/wp-content\/uploads\/2021\/06\/colomba-ciocco-fondente-camastra.jpg","datePublished":"2021-06-23T13:20:41+00:00","dateModified":"2023-03-29T15:14:20+00:00","description":"La colomba al cioccolato extra fondente al 70%, \u00e8 un dolce artigianale super goloso. \u00c8 Ricoperta da una glassa al cioccolato extra fondente con una pioggia di gocce di cioccolato. L\u2019impasto morbidissimo \u00e8 impreziosito con altrettante gocce al cioccolato extra fondente. A rendere il dolce ancora pi\u00f9 unico \u00e8 il confezionamento che viene fatto a mano, con la sua carta marrone vellutata.","breadcrumb":{"@id":"https:\/\/vincentedelicacies.com\/prodotto\/colomba-cioccolato-extra-fondente-70\/#breadcrumb"},"inLanguage":"en-GB","potentialAction":[{"@type":"ReadAction","target":["https:\/\/vincentedelicacies.com\/prodotto\/colomba-cioccolato-extra-fondente-70\/"]}]},{"@type":"ImageObject","inLanguage":"en-GB","@id":"https:\/\/vincentedelicacies.com\/prodotto\/colomba-cioccolato-extra-fondente-70\/#primaryimage","url":"https:\/\/vincentedelicacies.com\/wp-content\/uploads\/2021\/06\/colomba-ciocco-fondente-camastra.jpg","contentUrl":"https:\/\/vincentedelicacies.com\/wp-content\/uploads\/2021\/06\/colomba-ciocco-fondente-camastra.jpg","width":890,"height":899},{"@type":"BreadcrumbList","@id":"https:\/\/vincentedelicacies.com\/prodotto\/colomba-cioccolato-extra-fondente-70\/#breadcrumb","itemListElement":[{"@type":"ListItem","position":1,"name":"Home","item":"https:\/\/vincentedelicacies.com\/"},{"@type":"ListItem","position":2,"name":"Prodotti","item":"https:\/\/vincentedelicacies.com\/shop1__trashed\/"},{"@type":"ListItem","position":3,"name":"Linea Camastra &#8211; Colomba artigianale Cioccolato Extra Fondente 70% 750g"}]},{"@type":"WebSite","@id":"https:\/\/vincentedelicacies.com\/#website","url":"https:\/\/vincentedelicacies.com\/","name":"Vincente Delicacies","description":"Un grande laboratorio di pasticceria","publisher":{"@id":"https:\/\/vincentedelicacies.com\/#organization"},"potentialAction":[{"@type":"SearchAction","target":{"@type":"EntryPoint","urlTemplate":"https:\/\/vincentedelicacies.com\/?s={search_term_string}"},"query-input":{"@type":"PropertyValueSpecification","valueRequired":true,"valueName":"search_term_string"}}],"inLanguage":"en-GB"},{"@type":"Organization","@id":"https:\/\/vincentedelicacies.com\/#organization","name":"Vincente Delicacies","url":"https:\/\/vincentedelicacies.com\/","logo":{"@type":"ImageObject","inLanguage":"en-GB","@id":"https:\/\/vincentedelicacies.com\/#\/schema\/logo\/image\/","url":"https:\/\/vincentedelicacies.com\/wp-content\/uploads\/2021\/06\/logo.png","contentUrl":"https:\/\/vincentedelicacies.com\/wp-content\/uploads\/2021\/06\/logo.png","width":159,"height":47,"caption":"Vincente Delicacies"},"image":{"@id":"https:\/\/vincentedelicacies.com\/#\/schema\/logo\/image\/"}}]}},"_links":{"self":[{"href":"https:\/\/vincentedelicacies.com\/en\/wp-json\/wp\/v2\/product\/2497","targetHints":{"allow":["GET"]}}],"collection":[{"href":"https:\/\/vincentedelicacies.com\/en\/wp-json\/wp\/v2\/product"}],"about":[{"href":"https:\/\/vincentedelicacies.com\/en\/wp-json\/wp\/v2\/types\/product"}],"replies":[{"embeddable":true,"href":"https:\/\/vincentedelicacies.com\/en\/wp-json\/wp\/v2\/comments?post=2497"}],"wp:featuredmedia":[{"embeddable":true,"href":"https:\/\/vincentedelicacies.com\/en\/wp-json\/wp\/v2\/media\/18385"}],"wp:attachment":[{"href":"https:\/\/vincentedelicacies.com\/en\/wp-json\/wp\/v2\/media?parent=2497"}],"wp:term":[{"taxonomy":"product_brand","embeddable":true,"href":"https:\/\/vincentedelicacies.com\/en\/wp-json\/wp\/v2\/product_brand?post=2497"},{"taxonomy":"product_cat","embeddable":true,"href":"https:\/\/vincentedelicacies.com\/en\/wp-json\/wp\/v2\/product_cat?post=2497"},{"taxonomy":"product_tag","embeddable":true,"href":"https:\/\/vincentedelicacies.com\/en\/wp-json\/wp\/v2\/product_tag?post=2497"}],"curies":[{"name":"wp","href":"https:\/\/api.w.org\/{rel}","templated":true}]}}