{"id":2293,"date":"2021-06-22T11:21:59","date_gmt":"2021-06-22T11:21:59","guid":{"rendered":"https:\/\/vincentedelicacies.com\/?post_type=product&#038;p=2293"},"modified":"2022-12-22T08:01:49","modified_gmt":"2022-12-22T08:01:49","slug":"dark-chocolate","status":"publish","type":"product","link":"https:\/\/vincentedelicacies.com\/en\/product-2\/dark-chocolate\/","title":{"rendered":"Chocolat Chocolate Cream"},"content":{"rendered":"<p><strong>Ingredients<\/strong>: Sugar, low-fat cocoa powder 25%, <strong>HAZELNUTS <\/strong>15%, <strong>MILK i<\/strong>n powder, serum of<strong> MILK <\/strong>powder, non-hydrogenated vegetable fats (sunflower oil, coconut oil, cocoa butter), extra virgin olive oil, emulsifier: lecithin of <strong>SOYA<\/strong>, aromas.<\/p>\n<p>&nbsp;<\/p>\n<p>May contain other nuts: <strong>Pistachios, Almonds, Walnuts, Cashews.<\/strong><\/p>\n<p>It does not contain gluten.<\/p>","protected":false},"excerpt":{"rendered":"<p>The chocolat cream with extra dark chocolate is ideal for super gluttonous moments. With its distinctive, elegant packaging and its enveloping, intense flavour, it can be enjoyed directly with a spoon, perhaps after coffee or as a garnish for delicious tarts.<\/p>","protected":false},"featured_media":2297,"comment_status":"open","ping_status":"closed","template":"","meta":[],"product_brand":[],"product_cat":[42,434],"product_tag":[],"class_list":{"0":"post-2293","1":"product","2":"type-product","3":"status-publish","4":"has-post-thumbnail","6":"product_cat-creme-spalmabili","7":"product_cat-creme-spalmabili-2","9":"first","10":"instock","11":"shipping-taxable","12":"product-type-variable"},"yoast_head":"<!-- This site is optimized with the Yoast SEO Premium plugin v21.8 (Yoast SEO v26.6) - https:\/\/yoast.com\/wordpress\/plugins\/seo\/ -->\n<title>Crema al Cioccolato Chocolat - Vincente Delicacies<\/title>\n<meta name=\"description\" content=\"La crema chocolat dal sapore avvolgente e intenso, con cioccolato extra fondente \u00e8 ideale per momenti super golosi.\" \/>\n<meta name=\"robots\" content=\"index, follow, max-snippet:-1, max-image-preview:large, max-video-preview:-1\" \/>\n<link rel=\"canonical\" href=\"https:\/\/vincentedelicacies.com\/en\/product-2\/dark-chocolate\/\" \/>\n<meta property=\"og:locale\" content=\"en_GB\" \/>\n<meta property=\"og:type\" content=\"article\" \/>\n<meta property=\"og:title\" content=\"Crema al Cioccolato Chocolat\" \/>\n<meta property=\"og:description\" content=\"La crema chocolat con cioccolato extra fondente \u00e8 ideale per momenti super golosi. Dal packaging caratteristico ed elegante e dal sapore avvolgente e intenso pu\u00f2 essere gustata direttamente con il cucchiaino, magari dopo il caff\u00e8 o ancora per guarnire deliziose crostate.\" \/>\n<meta property=\"og:url\" content=\"https:\/\/vincentedelicacies.com\/en\/product-2\/dark-chocolate\/\" \/>\n<meta property=\"og:site_name\" content=\"Vincente Delicacies\" \/>\n<meta property=\"article:modified_time\" content=\"2022-12-22T08:01:49+00:00\" \/>\n<meta property=\"og:image\" content=\"https:\/\/vincentedelicacies.com\/wp-content\/uploads\/2021\/06\/crema-chocolat-180-g.jpg\" \/>\n\t<meta property=\"og:image:width\" content=\"790\" \/>\n\t<meta property=\"og:image:height\" content=\"799\" \/>\n\t<meta property=\"og:image:type\" content=\"image\/jpeg\" \/>\n<meta name=\"twitter:card\" content=\"summary_large_image\" \/>\n<meta name=\"twitter:label1\" content=\"Estimated reading time\" \/>\n\t<meta name=\"twitter:data1\" content=\"1 minute\" \/>\n<script type=\"application\/ld+json\" class=\"yoast-schema-graph\">{\"@context\":\"https:\/\/schema.org\",\"@graph\":[{\"@type\":\"WebPage\",\"@id\":\"https:\/\/vincentedelicacies.com\/prodotto\/cioccolato-fondente\/\",\"url\":\"https:\/\/vincentedelicacies.com\/prodotto\/cioccolato-fondente\/\",\"name\":\"Crema al Cioccolato Chocolat - Vincente Delicacies\",\"isPartOf\":{\"@id\":\"https:\/\/vincentedelicacies.com\/#website\"},\"primaryImageOfPage\":{\"@id\":\"https:\/\/vincentedelicacies.com\/prodotto\/cioccolato-fondente\/#primaryimage\"},\"image\":{\"@id\":\"https:\/\/vincentedelicacies.com\/prodotto\/cioccolato-fondente\/#primaryimage\"},\"thumbnailUrl\":\"https:\/\/vincentedelicacies.com\/wp-content\/uploads\/2021\/06\/crema-chocolat-180-g.jpg\",\"datePublished\":\"2021-06-22T11:21:59+00:00\",\"dateModified\":\"2022-12-22T08:01:49+00:00\",\"description\":\"La crema chocolat dal sapore avvolgente e intenso, con cioccolato extra fondente \u00e8 ideale per momenti super golosi.\",\"breadcrumb\":{\"@id\":\"https:\/\/vincentedelicacies.com\/prodotto\/cioccolato-fondente\/#breadcrumb\"},\"inLanguage\":\"en-GB\",\"potentialAction\":[{\"@type\":\"ReadAction\",\"target\":[\"https:\/\/vincentedelicacies.com\/prodotto\/cioccolato-fondente\/\"]}]},{\"@type\":\"ImageObject\",\"inLanguage\":\"en-GB\",\"@id\":\"https:\/\/vincentedelicacies.com\/prodotto\/cioccolato-fondente\/#primaryimage\",\"url\":\"https:\/\/vincentedelicacies.com\/wp-content\/uploads\/2021\/06\/crema-chocolat-180-g.jpg\",\"contentUrl\":\"https:\/\/vincentedelicacies.com\/wp-content\/uploads\/2021\/06\/crema-chocolat-180-g.jpg\",\"width\":790,\"height\":799,\"caption\":\"Crema al Cioccolato Chocolat\"},{\"@type\":\"BreadcrumbList\",\"@id\":\"https:\/\/vincentedelicacies.com\/prodotto\/cioccolato-fondente\/#breadcrumb\",\"itemListElement\":[{\"@type\":\"ListItem\",\"position\":1,\"name\":\"Home\",\"item\":\"https:\/\/vincentedelicacies.com\/\"},{\"@type\":\"ListItem\",\"position\":2,\"name\":\"Prodotti\",\"item\":\"https:\/\/vincentedelicacies.com\/shop1__trashed\/\"},{\"@type\":\"ListItem\",\"position\":3,\"name\":\"Crema al Cioccolato Chocolat\"}]},{\"@type\":\"WebSite\",\"@id\":\"https:\/\/vincentedelicacies.com\/#website\",\"url\":\"https:\/\/vincentedelicacies.com\/\",\"name\":\"Vincente Delicacies\",\"description\":\"Un grande laboratorio di pasticceria\",\"publisher\":{\"@id\":\"https:\/\/vincentedelicacies.com\/#organization\"},\"potentialAction\":[{\"@type\":\"SearchAction\",\"target\":{\"@type\":\"EntryPoint\",\"urlTemplate\":\"https:\/\/vincentedelicacies.com\/?s={search_term_string}\"},\"query-input\":{\"@type\":\"PropertyValueSpecification\",\"valueRequired\":true,\"valueName\":\"search_term_string\"}}],\"inLanguage\":\"en-GB\"},{\"@type\":\"Organization\",\"@id\":\"https:\/\/vincentedelicacies.com\/#organization\",\"name\":\"Vincente Delicacies\",\"url\":\"https:\/\/vincentedelicacies.com\/\",\"logo\":{\"@type\":\"ImageObject\",\"inLanguage\":\"en-GB\",\"@id\":\"https:\/\/vincentedelicacies.com\/#\/schema\/logo\/image\/\",\"url\":\"https:\/\/vincentedelicacies.com\/wp-content\/uploads\/2021\/06\/logo.png\",\"contentUrl\":\"https:\/\/vincentedelicacies.com\/wp-content\/uploads\/2021\/06\/logo.png\",\"width\":159,\"height\":47,\"caption\":\"Vincente Delicacies\"},\"image\":{\"@id\":\"https:\/\/vincentedelicacies.com\/#\/schema\/logo\/image\/\"}}]}<\/script>\n<!-- \/ Yoast SEO Premium plugin. -->","yoast_head_json":{"title":"Crema al Cioccolato Chocolat - Vincente Delicacies","description":"La crema chocolat dal sapore avvolgente e intenso, con cioccolato extra fondente \u00e8 ideale per momenti super golosi.","robots":{"index":"index","follow":"follow","max-snippet":"max-snippet:-1","max-image-preview":"max-image-preview:large","max-video-preview":"max-video-preview:-1"},"canonical":"https:\/\/vincentedelicacies.com\/en\/product-2\/dark-chocolate\/","og_locale":"en_GB","og_type":"article","og_title":"Crema al Cioccolato Chocolat","og_description":"La crema chocolat con cioccolato extra fondente \u00e8 ideale per momenti super golosi. Dal packaging caratteristico ed elegante e dal sapore avvolgente e intenso pu\u00f2 essere gustata direttamente con il cucchiaino, magari dopo il caff\u00e8 o ancora per guarnire deliziose crostate.","og_url":"https:\/\/vincentedelicacies.com\/en\/product-2\/dark-chocolate\/","og_site_name":"Vincente Delicacies","article_modified_time":"2022-12-22T08:01:49+00:00","og_image":[{"width":790,"height":799,"url":"https:\/\/vincentedelicacies.com\/wp-content\/uploads\/2021\/06\/crema-chocolat-180-g.jpg","type":"image\/jpeg"}],"twitter_card":"summary_large_image","twitter_misc":{"Estimated reading time":"1 minute"},"schema":{"@context":"https:\/\/schema.org","@graph":[{"@type":"WebPage","@id":"https:\/\/vincentedelicacies.com\/prodotto\/cioccolato-fondente\/","url":"https:\/\/vincentedelicacies.com\/prodotto\/cioccolato-fondente\/","name":"Crema al Cioccolato Chocolat - Vincente Delicacies","isPartOf":{"@id":"https:\/\/vincentedelicacies.com\/#website"},"primaryImageOfPage":{"@id":"https:\/\/vincentedelicacies.com\/prodotto\/cioccolato-fondente\/#primaryimage"},"image":{"@id":"https:\/\/vincentedelicacies.com\/prodotto\/cioccolato-fondente\/#primaryimage"},"thumbnailUrl":"https:\/\/vincentedelicacies.com\/wp-content\/uploads\/2021\/06\/crema-chocolat-180-g.jpg","datePublished":"2021-06-22T11:21:59+00:00","dateModified":"2022-12-22T08:01:49+00:00","description":"La crema chocolat dal sapore avvolgente e intenso, con cioccolato extra fondente \u00e8 ideale per momenti super golosi.","breadcrumb":{"@id":"https:\/\/vincentedelicacies.com\/prodotto\/cioccolato-fondente\/#breadcrumb"},"inLanguage":"en-GB","potentialAction":[{"@type":"ReadAction","target":["https:\/\/vincentedelicacies.com\/prodotto\/cioccolato-fondente\/"]}]},{"@type":"ImageObject","inLanguage":"en-GB","@id":"https:\/\/vincentedelicacies.com\/prodotto\/cioccolato-fondente\/#primaryimage","url":"https:\/\/vincentedelicacies.com\/wp-content\/uploads\/2021\/06\/crema-chocolat-180-g.jpg","contentUrl":"https:\/\/vincentedelicacies.com\/wp-content\/uploads\/2021\/06\/crema-chocolat-180-g.jpg","width":790,"height":799,"caption":"Crema al Cioccolato Chocolat"},{"@type":"BreadcrumbList","@id":"https:\/\/vincentedelicacies.com\/prodotto\/cioccolato-fondente\/#breadcrumb","itemListElement":[{"@type":"ListItem","position":1,"name":"Home","item":"https:\/\/vincentedelicacies.com\/"},{"@type":"ListItem","position":2,"name":"Prodotti","item":"https:\/\/vincentedelicacies.com\/shop1__trashed\/"},{"@type":"ListItem","position":3,"name":"Crema al Cioccolato Chocolat"}]},{"@type":"WebSite","@id":"https:\/\/vincentedelicacies.com\/#website","url":"https:\/\/vincentedelicacies.com\/","name":"Vincente Delicacies","description":"Un grande laboratorio di pasticceria","publisher":{"@id":"https:\/\/vincentedelicacies.com\/#organization"},"potentialAction":[{"@type":"SearchAction","target":{"@type":"EntryPoint","urlTemplate":"https:\/\/vincentedelicacies.com\/?s={search_term_string}"},"query-input":{"@type":"PropertyValueSpecification","valueRequired":true,"valueName":"search_term_string"}}],"inLanguage":"en-GB"},{"@type":"Organization","@id":"https:\/\/vincentedelicacies.com\/#organization","name":"Vincente Delicacies","url":"https:\/\/vincentedelicacies.com\/","logo":{"@type":"ImageObject","inLanguage":"en-GB","@id":"https:\/\/vincentedelicacies.com\/#\/schema\/logo\/image\/","url":"https:\/\/vincentedelicacies.com\/wp-content\/uploads\/2021\/06\/logo.png","contentUrl":"https:\/\/vincentedelicacies.com\/wp-content\/uploads\/2021\/06\/logo.png","width":159,"height":47,"caption":"Vincente Delicacies"},"image":{"@id":"https:\/\/vincentedelicacies.com\/#\/schema\/logo\/image\/"}}]}},"_links":{"self":[{"href":"https:\/\/vincentedelicacies.com\/en\/wp-json\/wp\/v2\/product\/2293","targetHints":{"allow":["GET"]}}],"collection":[{"href":"https:\/\/vincentedelicacies.com\/en\/wp-json\/wp\/v2\/product"}],"about":[{"href":"https:\/\/vincentedelicacies.com\/en\/wp-json\/wp\/v2\/types\/product"}],"replies":[{"embeddable":true,"href":"https:\/\/vincentedelicacies.com\/en\/wp-json\/wp\/v2\/comments?post=2293"}],"wp:featuredmedia":[{"embeddable":true,"href":"https:\/\/vincentedelicacies.com\/en\/wp-json\/wp\/v2\/media\/2297"}],"wp:attachment":[{"href":"https:\/\/vincentedelicacies.com\/en\/wp-json\/wp\/v2\/media?parent=2293"}],"wp:term":[{"taxonomy":"product_brand","embeddable":true,"href":"https:\/\/vincentedelicacies.com\/en\/wp-json\/wp\/v2\/product_brand?post=2293"},{"taxonomy":"product_cat","embeddable":true,"href":"https:\/\/vincentedelicacies.com\/en\/wp-json\/wp\/v2\/product_cat?post=2293"},{"taxonomy":"product_tag","embeddable":true,"href":"https:\/\/vincentedelicacies.com\/en\/wp-json\/wp\/v2\/product_tag?post=2293"}],"curies":[{"name":"wp","href":"https:\/\/api.w.org\/{rel}","templated":true}]}}