{"id":5095,"date":"2021-07-07T07:13:11","date_gmt":"2021-07-07T07:13:11","guid":{"rendered":"https:\/\/vincentedelicacies.com\/?post_type=product&#038;p=5095"},"modified":"2023-10-19T10:07:24","modified_gmt":"2023-10-19T10:07:24","slug":"der-schriftsteller-panettone-mit-dunkler-schokolade-und-blutorange-uberzogen","status":"publish","type":"product","link":"https:\/\/vincentedelicacies.com\/de\/produkt\/der-schriftsteller-panettone-mit-dunkler-schokolade-und-blutorange-uberzogen\/","title":{"rendered":"Lo Scrittore - Panettone mit Zartbitterschokolade und roter Orange \u00fcberzogen"},"content":{"rendered":"<p>Zutaten:<\/p>\n<div class=\"page\" title=\"Seite 5\">\n<div class=\"layoutArea\">\n<div class=\"column\">\n<p>Mehl von<strong> FRUMENTO<\/strong>Orangeat 20% (Orangenschalen, Glukose-Fruktose-Sirup, Zucker, S\u00e4uerungsmittel: Zitronens\u00e4ure E330), <strong>BUTTER<\/strong>Zucker, Eigelb<strong>EGG<\/strong>Nat\u00fcrliche Hefe (Mehl) <strong>FRUMENTO<\/strong>, Wasser), Extra Dark Chocolate Drops 6% (Kakaomasse, Zucker, Dextrose, Emulgator: Kakao-Lecithin <strong>SOYA<\/strong>), Emulgatoren: Mono- und Diglyceride von Speisefetts\u00e4uren, Glukosesirup, <strong>MILCH<\/strong> entrahmtes Kakaopulver, Kakaobutter, Honig, nat\u00fcrliches Aroma, Salz. \u00dcberzug: Extra dunkle Schokolade 8% (Kakaomasse, Zucker, fettarmes Kakaopulver, Emulgator: Kakao-Lecithin), nat\u00fcrliches Aroma, Salz. <strong>SOYA<\/strong>, nat\u00fcrliches Vanillearoma), kandierte Orangenw\u00fcrfel 1% (Orangenw\u00fcrfel, Glukose-Fruktose-Sirup, Zucker, S\u00e4uerungsmittel: Zitronens\u00e4ure E330), Kristallzucker.<\/p>\n<p><strong>KANN PISTAZIEN, MANDELN, HASELN\u00dcSSE, SENF UND LUPINEN ENTHALTEN.<\/strong><\/p>\n<\/div>\n<\/div>\n<\/div>","protected":false},"excerpt":{"rendered":"<p>Handwerklich hergestellter Panettone mit Zartbitterschokolade 70% und kandierten Orangen 750 g<\/p>","protected":false},"featured_media":13057,"comment_status":"open","ping_status":"closed","template":"","meta":[],"product_brand":[],"product_cat":[122,139],"product_tag":[],"class_list":{"0":"post-5095","1":"product","2":"type-product","3":"status-publish","4":"has-post-thumbnail","6":"product_cat-natale","7":"product_cat-sguardi-siciliani","9":"first","10":"outofstock","11":"shipping-taxable","12":"product-type-variable"},"yoast_head":"<!-- This site is optimized with the Yoast SEO Premium plugin v21.8 (Yoast SEO v26.6) - https:\/\/yoast.com\/wordpress\/plugins\/seo\/ -->\n<title>Lo Scrittore \u2013 Panettone Ricoperto di Cioccolato Fondente e Arancia Rossa - Vincente Delicacies<\/title>\n<meta name=\"description\" content=\"Panettone artigianale ricoperto di cioccolato extra fondente 70% e arancia candita da 750 gr.\" \/>\n<meta name=\"robots\" content=\"index, follow, max-snippet:-1, max-image-preview:large, max-video-preview:-1\" \/>\n<link rel=\"canonical\" href=\"https:\/\/vincentedelicacies.com\/de\/produkt\/der-schriftsteller-panettone-mit-dunkler-schokolade-und-blutorange-uberzogen\/\" \/>\n<meta property=\"og:locale\" content=\"de_DE\" \/>\n<meta property=\"og:type\" content=\"article\" \/>\n<meta property=\"og:title\" content=\"Lo Scrittore \u2013 Panettone Ricoperto di Cioccolato Fondente e Arancia Rossa\" \/>\n<meta property=\"og:description\" content=\"Panettone artigianale ricoperto di cioccolato extra fondente 70% e arancia candita da 750 gr.\" \/>\n<meta property=\"og:url\" content=\"https:\/\/vincentedelicacies.com\/de\/produkt\/der-schriftsteller-panettone-mit-dunkler-schokolade-und-blutorange-uberzogen\/\" \/>\n<meta property=\"og:site_name\" content=\"Vincente Delicacies\" \/>\n<meta property=\"article:modified_time\" content=\"2023-10-19T10:07:24+00:00\" \/>\n<meta property=\"og:image\" content=\"https:\/\/vincentedelicacies.com\/wp-content\/uploads\/2021\/07\/sciascia-1.jpg\" \/>\n\t<meta property=\"og:image:width\" content=\"890\" \/>\n\t<meta property=\"og:image:height\" content=\"899\" \/>\n\t<meta property=\"og:image:type\" content=\"image\/jpeg\" \/>\n<meta name=\"twitter:card\" content=\"summary_large_image\" \/>\n<meta name=\"twitter:label1\" content=\"Gesch\u00e4tzte Lesezeit\" \/>\n\t<meta name=\"twitter:data1\" content=\"1\u00a0Minute\" \/>\n<script type=\"application\/ld+json\" class=\"yoast-schema-graph\">{\"@context\":\"https:\/\/schema.org\",\"@graph\":[{\"@type\":\"WebPage\",\"@id\":\"https:\/\/vincentedelicacies.com\/prodotto\/lo-scrittore-panettone-ricoperto-di-cioccolato-fondente-e-arancia-rossa\/\",\"url\":\"https:\/\/vincentedelicacies.com\/prodotto\/lo-scrittore-panettone-ricoperto-di-cioccolato-fondente-e-arancia-rossa\/\",\"name\":\"Lo Scrittore \u2013 Panettone Ricoperto di Cioccolato Fondente e Arancia Rossa - Vincente Delicacies\",\"isPartOf\":{\"@id\":\"https:\/\/vincentedelicacies.com\/#website\"},\"primaryImageOfPage\":{\"@id\":\"https:\/\/vincentedelicacies.com\/prodotto\/lo-scrittore-panettone-ricoperto-di-cioccolato-fondente-e-arancia-rossa\/#primaryimage\"},\"image\":{\"@id\":\"https:\/\/vincentedelicacies.com\/prodotto\/lo-scrittore-panettone-ricoperto-di-cioccolato-fondente-e-arancia-rossa\/#primaryimage\"},\"thumbnailUrl\":\"https:\/\/vincentedelicacies.com\/wp-content\/uploads\/2021\/07\/sciascia-1.jpg\",\"datePublished\":\"2021-07-07T07:13:11+00:00\",\"dateModified\":\"2023-10-19T10:07:24+00:00\",\"description\":\"Panettone artigianale ricoperto di cioccolato extra fondente 70% e arancia candita da 750 gr.\",\"breadcrumb\":{\"@id\":\"https:\/\/vincentedelicacies.com\/prodotto\/lo-scrittore-panettone-ricoperto-di-cioccolato-fondente-e-arancia-rossa\/#breadcrumb\"},\"inLanguage\":\"de\",\"potentialAction\":[{\"@type\":\"ReadAction\",\"target\":[\"https:\/\/vincentedelicacies.com\/prodotto\/lo-scrittore-panettone-ricoperto-di-cioccolato-fondente-e-arancia-rossa\/\"]}]},{\"@type\":\"ImageObject\",\"inLanguage\":\"de\",\"@id\":\"https:\/\/vincentedelicacies.com\/prodotto\/lo-scrittore-panettone-ricoperto-di-cioccolato-fondente-e-arancia-rossa\/#primaryimage\",\"url\":\"https:\/\/vincentedelicacies.com\/wp-content\/uploads\/2021\/07\/sciascia-1.jpg\",\"contentUrl\":\"https:\/\/vincentedelicacies.com\/wp-content\/uploads\/2021\/07\/sciascia-1.jpg\",\"width\":890,\"height\":899,\"caption\":\"Leonardo Sciascia \u2013 Panettone Ricoperto di Cioccolato Fondente e Arancia Rossa\"},{\"@type\":\"BreadcrumbList\",\"@id\":\"https:\/\/vincentedelicacies.com\/prodotto\/lo-scrittore-panettone-ricoperto-di-cioccolato-fondente-e-arancia-rossa\/#breadcrumb\",\"itemListElement\":[{\"@type\":\"ListItem\",\"position\":1,\"name\":\"Home\",\"item\":\"https:\/\/vincentedelicacies.com\/\"},{\"@type\":\"ListItem\",\"position\":2,\"name\":\"Prodotti\",\"item\":\"https:\/\/vincentedelicacies.com\/shop1__trashed\/\"},{\"@type\":\"ListItem\",\"position\":3,\"name\":\"Lo Scrittore \u2013 Panettone Ricoperto di Cioccolato Fondente e Arancia Rossa\"}]},{\"@type\":\"WebSite\",\"@id\":\"https:\/\/vincentedelicacies.com\/#website\",\"url\":\"https:\/\/vincentedelicacies.com\/\",\"name\":\"Vincente Delicacies\",\"description\":\"Un grande laboratorio di pasticceria\",\"publisher\":{\"@id\":\"https:\/\/vincentedelicacies.com\/#organization\"},\"potentialAction\":[{\"@type\":\"SearchAction\",\"target\":{\"@type\":\"EntryPoint\",\"urlTemplate\":\"https:\/\/vincentedelicacies.com\/?s={search_term_string}\"},\"query-input\":{\"@type\":\"PropertyValueSpecification\",\"valueRequired\":true,\"valueName\":\"search_term_string\"}}],\"inLanguage\":\"de\"},{\"@type\":\"Organization\",\"@id\":\"https:\/\/vincentedelicacies.com\/#organization\",\"name\":\"Vincente Delicacies\",\"url\":\"https:\/\/vincentedelicacies.com\/\",\"logo\":{\"@type\":\"ImageObject\",\"inLanguage\":\"de\",\"@id\":\"https:\/\/vincentedelicacies.com\/#\/schema\/logo\/image\/\",\"url\":\"https:\/\/vincentedelicacies.com\/wp-content\/uploads\/2021\/06\/logo.png\",\"contentUrl\":\"https:\/\/vincentedelicacies.com\/wp-content\/uploads\/2021\/06\/logo.png\",\"width\":159,\"height\":47,\"caption\":\"Vincente Delicacies\"},\"image\":{\"@id\":\"https:\/\/vincentedelicacies.com\/#\/schema\/logo\/image\/\"}}]}<\/script>\n<!-- \/ Yoast SEO Premium plugin. -->","yoast_head_json":{"title":"Lo Scrittore \u2013 Panettone Ricoperto di Cioccolato Fondente e Arancia Rossa - Vincente Delicacies","description":"Panettone artigianale ricoperto di cioccolato extra fondente 70% e arancia candita da 750 gr.","robots":{"index":"index","follow":"follow","max-snippet":"max-snippet:-1","max-image-preview":"max-image-preview:large","max-video-preview":"max-video-preview:-1"},"canonical":"https:\/\/vincentedelicacies.com\/de\/produkt\/der-schriftsteller-panettone-mit-dunkler-schokolade-und-blutorange-uberzogen\/","og_locale":"de_DE","og_type":"article","og_title":"Lo Scrittore \u2013 Panettone Ricoperto di Cioccolato Fondente e Arancia Rossa","og_description":"Panettone artigianale ricoperto di cioccolato extra fondente 70% e arancia candita da 750 gr.","og_url":"https:\/\/vincentedelicacies.com\/de\/produkt\/der-schriftsteller-panettone-mit-dunkler-schokolade-und-blutorange-uberzogen\/","og_site_name":"Vincente Delicacies","article_modified_time":"2023-10-19T10:07:24+00:00","og_image":[{"width":890,"height":899,"url":"https:\/\/vincentedelicacies.com\/wp-content\/uploads\/2021\/07\/sciascia-1.jpg","type":"image\/jpeg"}],"twitter_card":"summary_large_image","twitter_misc":{"Gesch\u00e4tzte Lesezeit":"1\u00a0Minute"},"schema":{"@context":"https:\/\/schema.org","@graph":[{"@type":"WebPage","@id":"https:\/\/vincentedelicacies.com\/prodotto\/lo-scrittore-panettone-ricoperto-di-cioccolato-fondente-e-arancia-rossa\/","url":"https:\/\/vincentedelicacies.com\/prodotto\/lo-scrittore-panettone-ricoperto-di-cioccolato-fondente-e-arancia-rossa\/","name":"Lo Scrittore \u2013 Panettone Ricoperto di Cioccolato Fondente e Arancia Rossa - Vincente Delicacies","isPartOf":{"@id":"https:\/\/vincentedelicacies.com\/#website"},"primaryImageOfPage":{"@id":"https:\/\/vincentedelicacies.com\/prodotto\/lo-scrittore-panettone-ricoperto-di-cioccolato-fondente-e-arancia-rossa\/#primaryimage"},"image":{"@id":"https:\/\/vincentedelicacies.com\/prodotto\/lo-scrittore-panettone-ricoperto-di-cioccolato-fondente-e-arancia-rossa\/#primaryimage"},"thumbnailUrl":"https:\/\/vincentedelicacies.com\/wp-content\/uploads\/2021\/07\/sciascia-1.jpg","datePublished":"2021-07-07T07:13:11+00:00","dateModified":"2023-10-19T10:07:24+00:00","description":"Panettone artigianale ricoperto di cioccolato extra fondente 70% e arancia candita da 750 gr.","breadcrumb":{"@id":"https:\/\/vincentedelicacies.com\/prodotto\/lo-scrittore-panettone-ricoperto-di-cioccolato-fondente-e-arancia-rossa\/#breadcrumb"},"inLanguage":"de","potentialAction":[{"@type":"ReadAction","target":["https:\/\/vincentedelicacies.com\/prodotto\/lo-scrittore-panettone-ricoperto-di-cioccolato-fondente-e-arancia-rossa\/"]}]},{"@type":"ImageObject","inLanguage":"de","@id":"https:\/\/vincentedelicacies.com\/prodotto\/lo-scrittore-panettone-ricoperto-di-cioccolato-fondente-e-arancia-rossa\/#primaryimage","url":"https:\/\/vincentedelicacies.com\/wp-content\/uploads\/2021\/07\/sciascia-1.jpg","contentUrl":"https:\/\/vincentedelicacies.com\/wp-content\/uploads\/2021\/07\/sciascia-1.jpg","width":890,"height":899,"caption":"Leonardo Sciascia \u2013 Panettone Ricoperto di Cioccolato Fondente e Arancia Rossa"},{"@type":"BreadcrumbList","@id":"https:\/\/vincentedelicacies.com\/prodotto\/lo-scrittore-panettone-ricoperto-di-cioccolato-fondente-e-arancia-rossa\/#breadcrumb","itemListElement":[{"@type":"ListItem","position":1,"name":"Home","item":"https:\/\/vincentedelicacies.com\/"},{"@type":"ListItem","position":2,"name":"Prodotti","item":"https:\/\/vincentedelicacies.com\/shop1__trashed\/"},{"@type":"ListItem","position":3,"name":"Lo Scrittore \u2013 Panettone Ricoperto di Cioccolato Fondente e Arancia Rossa"}]},{"@type":"WebSite","@id":"https:\/\/vincentedelicacies.com\/#website","url":"https:\/\/vincentedelicacies.com\/","name":"Vincente Delicacies","description":"Un grande laboratorio di pasticceria","publisher":{"@id":"https:\/\/vincentedelicacies.com\/#organization"},"potentialAction":[{"@type":"SearchAction","target":{"@type":"EntryPoint","urlTemplate":"https:\/\/vincentedelicacies.com\/?s={search_term_string}"},"query-input":{"@type":"PropertyValueSpecification","valueRequired":true,"valueName":"search_term_string"}}],"inLanguage":"de"},{"@type":"Organization","@id":"https:\/\/vincentedelicacies.com\/#organization","name":"Vincente Delicacies","url":"https:\/\/vincentedelicacies.com\/","logo":{"@type":"ImageObject","inLanguage":"de","@id":"https:\/\/vincentedelicacies.com\/#\/schema\/logo\/image\/","url":"https:\/\/vincentedelicacies.com\/wp-content\/uploads\/2021\/06\/logo.png","contentUrl":"https:\/\/vincentedelicacies.com\/wp-content\/uploads\/2021\/06\/logo.png","width":159,"height":47,"caption":"Vincente Delicacies"},"image":{"@id":"https:\/\/vincentedelicacies.com\/#\/schema\/logo\/image\/"}}]}},"_links":{"self":[{"href":"https:\/\/vincentedelicacies.com\/de\/wp-json\/wp\/v2\/product\/5095","targetHints":{"allow":["GET"]}}],"collection":[{"href":"https:\/\/vincentedelicacies.com\/de\/wp-json\/wp\/v2\/product"}],"about":[{"href":"https:\/\/vincentedelicacies.com\/de\/wp-json\/wp\/v2\/types\/product"}],"replies":[{"embeddable":true,"href":"https:\/\/vincentedelicacies.com\/de\/wp-json\/wp\/v2\/comments?post=5095"}],"wp:featuredmedia":[{"embeddable":true,"href":"https:\/\/vincentedelicacies.com\/de\/wp-json\/wp\/v2\/media\/13057"}],"wp:attachment":[{"href":"https:\/\/vincentedelicacies.com\/de\/wp-json\/wp\/v2\/media?parent=5095"}],"wp:term":[{"taxonomy":"product_brand","embeddable":true,"href":"https:\/\/vincentedelicacies.com\/de\/wp-json\/wp\/v2\/product_brand?post=5095"},{"taxonomy":"product_cat","embeddable":true,"href":"https:\/\/vincentedelicacies.com\/de\/wp-json\/wp\/v2\/product_cat?post=5095"},{"taxonomy":"product_tag","embeddable":true,"href":"https:\/\/vincentedelicacies.com\/de\/wp-json\/wp\/v2\/product_tag?post=5095"}],"curies":[{"name":"wp","href":"https:\/\/api.w.org\/{rel}","templated":true}]}}