{"id":2574,"date":"2021-06-24T06:32:33","date_gmt":"2021-06-24T06:32:33","guid":{"rendered":"https:\/\/vincentedelicacies.com\/?post_type=product&#038;p=2574"},"modified":"2023-03-15T09:59:47","modified_gmt":"2023-03-15T09:59:47","slug":"klassisch-mit-sultaninen-und-kandierten-orangenschalen","status":"publish","type":"product","link":"https:\/\/vincentedelicacies.com\/de\/produkt\/klassisch-mit-sultaninen-und-kandierten-orangenschalen\/","title":{"rendered":"Klassische Artisan Colomba mit Sultaninen und kandierten Orangenfr\u00fcchten 750g"},"content":{"rendered":"<p>Zutaten: Mehl aus <strong>WEIZEN, BUTTER<\/strong>, Sultaninen 15%, Zucker, Eigelb <strong>der EGG<\/strong>Orangeat 10% (Orangenschalen, Glukose-Fruktose-Sirup, Zucker, S\u00e4uerungsmittel: Zitronens\u00e4ure E330), nat\u00fcrliche Hefe (Mehl aus <strong>FRUMENTO<\/strong>, Wasser), Emulgatoren: Mono- und Diglyceride von Speisefetts\u00e4uren, Glukosesirup, <strong>MILCH<\/strong> Magermilchpulver, Kakaobutter, Honig, nat\u00fcrliche Aromen, Salz. \u00dcberzug: Glasur (Zucker, Reisst\u00e4rke, Eiwei\u00dfpulver, pflanzliches Fett: Palm\u00f6l, Glukosesirup, Eiwei\u00df aus <strong>MILCH<\/strong>, <strong>ALMOND<\/strong>modifizierte St\u00e4rke (Kartoffel), Aromastoffe), <strong>ALMOND<\/strong> 3%, Kristallzucker. Kann enthalten <strong>PISTAZIE, HASELNUSS, SOJA, SENF UND LUPINE.<\/strong><\/p>","protected":false},"excerpt":{"rendered":"<p>Eine handgefertigte Colomba mit einer knusprigen Glasur, die mit Zuckerk\u00f6rnern und sizilianischen Mandeln bestreut ist. Ein klassischer, traditioneller Kuchen mit einem weichen, duftenden Teig, gef\u00fcllt mit Sultaninen und kandierten sizilianischen Orangenfr\u00fcchten.<\/p>","protected":false},"featured_media":14390,"comment_status":"open","ping_status":"closed","template":"","meta":[],"product_brand":[],"product_cat":[46,110],"product_tag":[],"class_list":{"0":"post-2574","1":"product","2":"type-product","3":"status-publish","4":"has-post-thumbnail","6":"product_cat-pasqua","7":"product_cat-linea-classica","9":"first","10":"outofstock","11":"shipping-taxable","12":"product-type-simple"},"yoast_head":"<!-- This site is optimized with the Yoast SEO Premium plugin v21.8 (Yoast SEO v26.6) - https:\/\/yoast.com\/wordpress\/plugins\/seo\/ -->\n<title>Colomba artigianale classica con uvetta e canditi d\u2019arancia 750g - Vincente Delicacies<\/title>\n<meta name=\"description\" content=\"Una colomba artigianale con una glassa croccante ricoperta di granelli di zucchero e mandorle siciliane. Dolce classico e tradizionale con una pasta morbida e profumata farcita con uvetta e canditi di arancia siciliana.\" \/>\n<meta name=\"robots\" content=\"index, follow, max-snippet:-1, max-image-preview:large, max-video-preview:-1\" \/>\n<link rel=\"canonical\" href=\"https:\/\/vincentedelicacies.com\/de\/produkt\/klassisch-mit-sultaninen-und-kandierten-orangenschalen\/\" \/>\n<meta property=\"og:locale\" content=\"de_DE\" \/>\n<meta property=\"og:type\" content=\"article\" \/>\n<meta property=\"og:title\" content=\"Colomba artigianale classica con uvetta e canditi d\u2019arancia 750g\" \/>\n<meta property=\"og:description\" content=\"Una colomba artigianale con una glassa croccante ricoperta di granelli di zucchero e mandorle siciliane. Dolce classico e tradizionale con una pasta morbida e profumata farcita con uvetta e canditi di arancia siciliana.\" \/>\n<meta property=\"og:url\" content=\"https:\/\/vincentedelicacies.com\/de\/produkt\/klassisch-mit-sultaninen-und-kandierten-orangenschalen\/\" \/>\n<meta property=\"og:site_name\" content=\"Vincente Delicacies\" \/>\n<meta property=\"article:modified_time\" content=\"2023-03-15T09:59:47+00:00\" \/>\n<meta property=\"og:image\" content=\"https:\/\/vincentedelicacies.com\/wp-content\/uploads\/2021\/06\/classica-mandorla.jpg\" \/>\n\t<meta property=\"og:image:width\" content=\"890\" \/>\n\t<meta property=\"og:image:height\" content=\"899\" \/>\n\t<meta property=\"og:image:type\" content=\"image\/jpeg\" \/>\n<meta name=\"twitter:card\" content=\"summary_large_image\" \/>\n<meta name=\"twitter:label1\" content=\"Gesch\u00e4tzte Lesezeit\" \/>\n\t<meta name=\"twitter:data1\" content=\"1\u00a0Minute\" \/>\n<script type=\"application\/ld+json\" class=\"yoast-schema-graph\">{\"@context\":\"https:\/\/schema.org\",\"@graph\":[{\"@type\":\"WebPage\",\"@id\":\"https:\/\/vincentedelicacies.com\/prodotto\/classica-con-uvetta-e-canditi-darancia\/\",\"url\":\"https:\/\/vincentedelicacies.com\/prodotto\/classica-con-uvetta-e-canditi-darancia\/\",\"name\":\"Colomba artigianale classica con uvetta e canditi d\u2019arancia 750g - Vincente Delicacies\",\"isPartOf\":{\"@id\":\"https:\/\/vincentedelicacies.com\/#website\"},\"primaryImageOfPage\":{\"@id\":\"https:\/\/vincentedelicacies.com\/prodotto\/classica-con-uvetta-e-canditi-darancia\/#primaryimage\"},\"image\":{\"@id\":\"https:\/\/vincentedelicacies.com\/prodotto\/classica-con-uvetta-e-canditi-darancia\/#primaryimage\"},\"thumbnailUrl\":\"https:\/\/vincentedelicacies.com\/wp-content\/uploads\/2021\/06\/classica-mandorla.jpg\",\"datePublished\":\"2021-06-24T06:32:33+00:00\",\"dateModified\":\"2023-03-15T09:59:47+00:00\",\"description\":\"Una colomba artigianale con una glassa croccante ricoperta di granelli di zucchero e mandorle siciliane. Dolce classico e tradizionale con una pasta morbida e profumata farcita con uvetta e canditi di arancia siciliana.\",\"breadcrumb\":{\"@id\":\"https:\/\/vincentedelicacies.com\/prodotto\/classica-con-uvetta-e-canditi-darancia\/#breadcrumb\"},\"inLanguage\":\"de\",\"potentialAction\":[{\"@type\":\"ReadAction\",\"target\":[\"https:\/\/vincentedelicacies.com\/prodotto\/classica-con-uvetta-e-canditi-darancia\/\"]}]},{\"@type\":\"ImageObject\",\"inLanguage\":\"de\",\"@id\":\"https:\/\/vincentedelicacies.com\/prodotto\/classica-con-uvetta-e-canditi-darancia\/#primaryimage\",\"url\":\"https:\/\/vincentedelicacies.com\/wp-content\/uploads\/2021\/06\/classica-mandorla.jpg\",\"contentUrl\":\"https:\/\/vincentedelicacies.com\/wp-content\/uploads\/2021\/06\/classica-mandorla.jpg\",\"width\":890,\"height\":899,\"caption\":\"Colomba artigianale classica con uvetta e canditi d\u2019arancia 750g\"},{\"@type\":\"BreadcrumbList\",\"@id\":\"https:\/\/vincentedelicacies.com\/prodotto\/classica-con-uvetta-e-canditi-darancia\/#breadcrumb\",\"itemListElement\":[{\"@type\":\"ListItem\",\"position\":1,\"name\":\"Home\",\"item\":\"https:\/\/vincentedelicacies.com\/\"},{\"@type\":\"ListItem\",\"position\":2,\"name\":\"Prodotti\",\"item\":\"https:\/\/vincentedelicacies.com\/shop1__trashed\/\"},{\"@type\":\"ListItem\",\"position\":3,\"name\":\"Colomba artigianale classica con uvetta e canditi d\u2019arancia 750g\"}]},{\"@type\":\"WebSite\",\"@id\":\"https:\/\/vincentedelicacies.com\/#website\",\"url\":\"https:\/\/vincentedelicacies.com\/\",\"name\":\"Vincente Delicacies\",\"description\":\"Un grande laboratorio di pasticceria\",\"publisher\":{\"@id\":\"https:\/\/vincentedelicacies.com\/#organization\"},\"potentialAction\":[{\"@type\":\"SearchAction\",\"target\":{\"@type\":\"EntryPoint\",\"urlTemplate\":\"https:\/\/vincentedelicacies.com\/?s={search_term_string}\"},\"query-input\":{\"@type\":\"PropertyValueSpecification\",\"valueRequired\":true,\"valueName\":\"search_term_string\"}}],\"inLanguage\":\"de\"},{\"@type\":\"Organization\",\"@id\":\"https:\/\/vincentedelicacies.com\/#organization\",\"name\":\"Vincente Delicacies\",\"url\":\"https:\/\/vincentedelicacies.com\/\",\"logo\":{\"@type\":\"ImageObject\",\"inLanguage\":\"de\",\"@id\":\"https:\/\/vincentedelicacies.com\/#\/schema\/logo\/image\/\",\"url\":\"https:\/\/vincentedelicacies.com\/wp-content\/uploads\/2021\/06\/logo.png\",\"contentUrl\":\"https:\/\/vincentedelicacies.com\/wp-content\/uploads\/2021\/06\/logo.png\",\"width\":159,\"height\":47,\"caption\":\"Vincente Delicacies\"},\"image\":{\"@id\":\"https:\/\/vincentedelicacies.com\/#\/schema\/logo\/image\/\"}}]}<\/script>\n<!-- \/ Yoast SEO Premium plugin. -->","yoast_head_json":{"title":"Colomba artigianale classica con uvetta e canditi d\u2019arancia 750g - Vincente Delicacies","description":"Una colomba artigianale con una glassa croccante ricoperta di granelli di zucchero e mandorle siciliane. Dolce classico e tradizionale con una pasta morbida e profumata farcita con uvetta e canditi di arancia siciliana.","robots":{"index":"index","follow":"follow","max-snippet":"max-snippet:-1","max-image-preview":"max-image-preview:large","max-video-preview":"max-video-preview:-1"},"canonical":"https:\/\/vincentedelicacies.com\/de\/produkt\/klassisch-mit-sultaninen-und-kandierten-orangenschalen\/","og_locale":"de_DE","og_type":"article","og_title":"Colomba artigianale classica con uvetta e canditi d\u2019arancia 750g","og_description":"Una colomba artigianale con una glassa croccante ricoperta di granelli di zucchero e mandorle siciliane. Dolce classico e tradizionale con una pasta morbida e profumata farcita con uvetta e canditi di arancia siciliana.","og_url":"https:\/\/vincentedelicacies.com\/de\/produkt\/klassisch-mit-sultaninen-und-kandierten-orangenschalen\/","og_site_name":"Vincente Delicacies","article_modified_time":"2023-03-15T09:59:47+00:00","og_image":[{"width":890,"height":899,"url":"https:\/\/vincentedelicacies.com\/wp-content\/uploads\/2021\/06\/classica-mandorla.jpg","type":"image\/jpeg"}],"twitter_card":"summary_large_image","twitter_misc":{"Gesch\u00e4tzte Lesezeit":"1\u00a0Minute"},"schema":{"@context":"https:\/\/schema.org","@graph":[{"@type":"WebPage","@id":"https:\/\/vincentedelicacies.com\/prodotto\/classica-con-uvetta-e-canditi-darancia\/","url":"https:\/\/vincentedelicacies.com\/prodotto\/classica-con-uvetta-e-canditi-darancia\/","name":"Colomba artigianale classica con uvetta e canditi d\u2019arancia 750g - Vincente Delicacies","isPartOf":{"@id":"https:\/\/vincentedelicacies.com\/#website"},"primaryImageOfPage":{"@id":"https:\/\/vincentedelicacies.com\/prodotto\/classica-con-uvetta-e-canditi-darancia\/#primaryimage"},"image":{"@id":"https:\/\/vincentedelicacies.com\/prodotto\/classica-con-uvetta-e-canditi-darancia\/#primaryimage"},"thumbnailUrl":"https:\/\/vincentedelicacies.com\/wp-content\/uploads\/2021\/06\/classica-mandorla.jpg","datePublished":"2021-06-24T06:32:33+00:00","dateModified":"2023-03-15T09:59:47+00:00","description":"Una colomba artigianale con una glassa croccante ricoperta di granelli di zucchero e mandorle siciliane. Dolce classico e tradizionale con una pasta morbida e profumata farcita con uvetta e canditi di arancia siciliana.","breadcrumb":{"@id":"https:\/\/vincentedelicacies.com\/prodotto\/classica-con-uvetta-e-canditi-darancia\/#breadcrumb"},"inLanguage":"de","potentialAction":[{"@type":"ReadAction","target":["https:\/\/vincentedelicacies.com\/prodotto\/classica-con-uvetta-e-canditi-darancia\/"]}]},{"@type":"ImageObject","inLanguage":"de","@id":"https:\/\/vincentedelicacies.com\/prodotto\/classica-con-uvetta-e-canditi-darancia\/#primaryimage","url":"https:\/\/vincentedelicacies.com\/wp-content\/uploads\/2021\/06\/classica-mandorla.jpg","contentUrl":"https:\/\/vincentedelicacies.com\/wp-content\/uploads\/2021\/06\/classica-mandorla.jpg","width":890,"height":899,"caption":"Colomba artigianale classica con uvetta e canditi d\u2019arancia 750g"},{"@type":"BreadcrumbList","@id":"https:\/\/vincentedelicacies.com\/prodotto\/classica-con-uvetta-e-canditi-darancia\/#breadcrumb","itemListElement":[{"@type":"ListItem","position":1,"name":"Home","item":"https:\/\/vincentedelicacies.com\/"},{"@type":"ListItem","position":2,"name":"Prodotti","item":"https:\/\/vincentedelicacies.com\/shop1__trashed\/"},{"@type":"ListItem","position":3,"name":"Colomba artigianale classica con uvetta e canditi d\u2019arancia 750g"}]},{"@type":"WebSite","@id":"https:\/\/vincentedelicacies.com\/#website","url":"https:\/\/vincentedelicacies.com\/","name":"Vincente Delicacies","description":"Un grande laboratorio di pasticceria","publisher":{"@id":"https:\/\/vincentedelicacies.com\/#organization"},"potentialAction":[{"@type":"SearchAction","target":{"@type":"EntryPoint","urlTemplate":"https:\/\/vincentedelicacies.com\/?s={search_term_string}"},"query-input":{"@type":"PropertyValueSpecification","valueRequired":true,"valueName":"search_term_string"}}],"inLanguage":"de"},{"@type":"Organization","@id":"https:\/\/vincentedelicacies.com\/#organization","name":"Vincente Delicacies","url":"https:\/\/vincentedelicacies.com\/","logo":{"@type":"ImageObject","inLanguage":"de","@id":"https:\/\/vincentedelicacies.com\/#\/schema\/logo\/image\/","url":"https:\/\/vincentedelicacies.com\/wp-content\/uploads\/2021\/06\/logo.png","contentUrl":"https:\/\/vincentedelicacies.com\/wp-content\/uploads\/2021\/06\/logo.png","width":159,"height":47,"caption":"Vincente Delicacies"},"image":{"@id":"https:\/\/vincentedelicacies.com\/#\/schema\/logo\/image\/"}}]}},"_links":{"self":[{"href":"https:\/\/vincentedelicacies.com\/de\/wp-json\/wp\/v2\/product\/2574","targetHints":{"allow":["GET"]}}],"collection":[{"href":"https:\/\/vincentedelicacies.com\/de\/wp-json\/wp\/v2\/product"}],"about":[{"href":"https:\/\/vincentedelicacies.com\/de\/wp-json\/wp\/v2\/types\/product"}],"replies":[{"embeddable":true,"href":"https:\/\/vincentedelicacies.com\/de\/wp-json\/wp\/v2\/comments?post=2574"}],"wp:featuredmedia":[{"embeddable":true,"href":"https:\/\/vincentedelicacies.com\/de\/wp-json\/wp\/v2\/media\/14390"}],"wp:attachment":[{"href":"https:\/\/vincentedelicacies.com\/de\/wp-json\/wp\/v2\/media?parent=2574"}],"wp:term":[{"taxonomy":"product_brand","embeddable":true,"href":"https:\/\/vincentedelicacies.com\/de\/wp-json\/wp\/v2\/product_brand?post=2574"},{"taxonomy":"product_cat","embeddable":true,"href":"https:\/\/vincentedelicacies.com\/de\/wp-json\/wp\/v2\/product_cat?post=2574"},{"taxonomy":"product_tag","embeddable":true,"href":"https:\/\/vincentedelicacies.com\/de\/wp-json\/wp\/v2\/product_tag?post=2574"}],"curies":[{"name":"wp","href":"https:\/\/api.w.org\/{rel}","templated":true}]}}