{"id":2569,"date":"2021-06-24T06:27:38","date_gmt":"2021-06-24T06:27:38","guid":{"rendered":"https:\/\/vincentedelicacies.com\/?post_type=product&#038;p=2569"},"modified":"2023-03-20T09:32:13","modified_gmt":"2023-03-20T09:32:13","slug":"jardina-ananas-aprikose-und-pistazie","status":"publish","type":"product","link":"https:\/\/vincentedelicacies.com\/de\/produkt\/jardina-ananas-aprikose-und-pistazie\/","title":{"rendered":"Jardina - Artisan Colomba mit Ananas, Aprikose und sizilianischen Pistazien 750g"},"content":{"rendered":"<p>Zutaten: Mehl aus <strong>WEIZEN, BUTTER<\/strong>kandierte Aprikose 15% (gew\u00fcrfelte Aprikosen, Aprikosensirup<br \/>\nFruktose-Glukose, Zucker, S\u00e4uerungsmittel: Zitronens\u00e4ure E330), kandierte Ananas 10% (Ananasw\u00fcrfel, Ananassirup, Zitronens\u00e4ure<br \/>\nFruktose-Glukose, Zucker, S\u00e4uerungsmittel: Zitronens\u00e4ure E330), Zucker, Eigelb <strong>der EGG<\/strong>nat\u00fcrliche Hefe (Mehl) <strong>FRUMENTO<\/strong>,<br \/>\nWasser), Emulgatoren: Mono- und Diglyceride von Speisefetts\u00e4uren, Glukosesirup, <strong>MILCH<\/strong> Magermilchpulver, Kakaobutter,<br \/>\nHonig, nat\u00fcrliche Aromen, Salz. \u00dcberzug: Zuckerguss (Zucker, Reisst\u00e4rke, Eiwei\u00df <strong>der EGG<\/strong> Pulver, pflanzliche Fette: \u00d6l aus<br \/>\nPalme, Glukosesirup, Eiwei\u00df aus der <strong>MILCH, ALMONDS<\/strong>, St\u00e4rkemodifizierung, Aromastoffe), <strong>PISTACHO<\/strong> von Sizilien 3%,<br \/>\nk\u00f6rniger Zucker. Kann enthalten <strong>HASELN\u00dcSSE, SOJA, SENF UND LUPINEN. <\/strong><\/p>","protected":false},"excerpt":{"rendered":"<p>Die handwerklich hergestellte Colomba Jardina, gef\u00fcllt mit kandierten Ananas- und Aprikosenfr\u00fcchten, ist mit einer sizilianischen Pistazienglasur und Zuckerk\u00f6rnern \u00fcberzogen. Die Jardina, die in der f\u00fcr Vincente typischen wei\u00dfen Verpackung pr\u00e4sentiert wird, ist ein Kuchen, der den fruchtigen Geschmack von Ananas und Aprikosen mit dem weichen, umh\u00fcllenden Geschmack der Pistazienglasur verbindet.<\/p>","protected":false},"featured_media":14402,"comment_status":"open","ping_status":"closed","template":"","meta":[],"product_brand":[],"product_cat":[46,109],"product_tag":[],"class_list":{"0":"post-2569","1":"product","2":"type-product","3":"status-publish","4":"has-post-thumbnail","6":"product_cat-pasqua","7":"product_cat-linea-fastuca","9":"first","10":"outofstock","11":"shipping-taxable","12":"product-type-simple"},"yoast_head":"<!-- This site is optimized with the Yoast SEO Premium plugin v21.8 (Yoast SEO v26.6) - https:\/\/yoast.com\/wordpress\/plugins\/seo\/ -->\n<title>Jardina \u2013 Colomba artigianale con Ananas, Albicocca e Pistacchio di Sicilia 750g - Vincente Delicacies<\/title>\n<meta name=\"description\" content=\"La colomba artigianale Jardina, farcita con canditi di ananas e albicocche \u00e8 ricoperta da una glassa al pistacchio di Sicilia e granella di zucchero. Jardina, presentata con il tipico incarto bianco Vincente, \u00e8 un dolce che unisce il sapore fruttato dell\u2019ananas e delle albicocche al gusto soave e avvolgente della glassatura al pistacchio.\" \/>\n<meta name=\"robots\" content=\"index, follow, max-snippet:-1, max-image-preview:large, max-video-preview:-1\" \/>\n<link rel=\"canonical\" href=\"https:\/\/vincentedelicacies.com\/de\/produkt\/jardina-ananas-aprikose-und-pistazie\/\" \/>\n<meta property=\"og:locale\" content=\"de_DE\" \/>\n<meta property=\"og:type\" content=\"article\" \/>\n<meta property=\"og:title\" content=\"Jardina \u2013 Colomba artigianale con Ananas, Albicocca e Pistacchio di Sicilia 750g\" \/>\n<meta property=\"og:description\" content=\"La colomba artigianale Jardina, farcita con canditi di ananas e albicocche \u00e8 ricoperta da una glassa al pistacchio di Sicilia e granella di zucchero. Jardina, presentata con il tipico incarto bianco Vincente, \u00e8 un dolce che unisce il sapore fruttato dell\u2019ananas e delle albicocche al gusto soave e avvolgente della glassatura al pistacchio.\" \/>\n<meta property=\"og:url\" content=\"https:\/\/vincentedelicacies.com\/de\/produkt\/jardina-ananas-aprikose-und-pistazie\/\" \/>\n<meta property=\"og:site_name\" content=\"Vincente Delicacies\" \/>\n<meta property=\"article:modified_time\" content=\"2023-03-20T09:32:13+00:00\" \/>\n<meta property=\"og:image\" content=\"https:\/\/vincentedelicacies.com\/wp-content\/uploads\/2021\/06\/JARDINA-2.jpg\" \/>\n\t<meta property=\"og:image:width\" content=\"890\" \/>\n\t<meta property=\"og:image:height\" content=\"899\" \/>\n\t<meta property=\"og:image:type\" content=\"image\/jpeg\" \/>\n<meta name=\"twitter:card\" content=\"summary_large_image\" \/>\n<meta name=\"twitter:label1\" content=\"Gesch\u00e4tzte Lesezeit\" \/>\n\t<meta name=\"twitter:data1\" content=\"1\u00a0Minute\" \/>\n<script type=\"application\/ld+json\" class=\"yoast-schema-graph\">{\"@context\":\"https:\/\/schema.org\",\"@graph\":[{\"@type\":\"WebPage\",\"@id\":\"https:\/\/vincentedelicacies.com\/prodotto\/jardina-ananas-albicocca-e-pistacchio\/\",\"url\":\"https:\/\/vincentedelicacies.com\/prodotto\/jardina-ananas-albicocca-e-pistacchio\/\",\"name\":\"Jardina \u2013 Colomba artigianale con Ananas, Albicocca e Pistacchio di Sicilia 750g - Vincente Delicacies\",\"isPartOf\":{\"@id\":\"https:\/\/vincentedelicacies.com\/#website\"},\"primaryImageOfPage\":{\"@id\":\"https:\/\/vincentedelicacies.com\/prodotto\/jardina-ananas-albicocca-e-pistacchio\/#primaryimage\"},\"image\":{\"@id\":\"https:\/\/vincentedelicacies.com\/prodotto\/jardina-ananas-albicocca-e-pistacchio\/#primaryimage\"},\"thumbnailUrl\":\"https:\/\/vincentedelicacies.com\/wp-content\/uploads\/2021\/06\/JARDINA-2.jpg\",\"datePublished\":\"2021-06-24T06:27:38+00:00\",\"dateModified\":\"2023-03-20T09:32:13+00:00\",\"description\":\"La colomba artigianale Jardina, farcita con canditi di ananas e albicocche \u00e8 ricoperta da una glassa al pistacchio di Sicilia e granella di zucchero. Jardina, presentata con il tipico incarto bianco Vincente, \u00e8 un dolce che unisce il sapore fruttato dell\u2019ananas e delle albicocche al gusto soave e avvolgente della glassatura al pistacchio.\",\"breadcrumb\":{\"@id\":\"https:\/\/vincentedelicacies.com\/prodotto\/jardina-ananas-albicocca-e-pistacchio\/#breadcrumb\"},\"inLanguage\":\"de\",\"potentialAction\":[{\"@type\":\"ReadAction\",\"target\":[\"https:\/\/vincentedelicacies.com\/prodotto\/jardina-ananas-albicocca-e-pistacchio\/\"]}]},{\"@type\":\"ImageObject\",\"inLanguage\":\"de\",\"@id\":\"https:\/\/vincentedelicacies.com\/prodotto\/jardina-ananas-albicocca-e-pistacchio\/#primaryimage\",\"url\":\"https:\/\/vincentedelicacies.com\/wp-content\/uploads\/2021\/06\/JARDINA-2.jpg\",\"contentUrl\":\"https:\/\/vincentedelicacies.com\/wp-content\/uploads\/2021\/06\/JARDINA-2.jpg\",\"width\":890,\"height\":899,\"caption\":\"Jardina \u2013 Colomba artigianale con Ananas, Albicocca e Pistacchio di Sicilia 750g\"},{\"@type\":\"BreadcrumbList\",\"@id\":\"https:\/\/vincentedelicacies.com\/prodotto\/jardina-ananas-albicocca-e-pistacchio\/#breadcrumb\",\"itemListElement\":[{\"@type\":\"ListItem\",\"position\":1,\"name\":\"Home\",\"item\":\"https:\/\/vincentedelicacies.com\/\"},{\"@type\":\"ListItem\",\"position\":2,\"name\":\"Prodotti\",\"item\":\"https:\/\/vincentedelicacies.com\/shop1__trashed\/\"},{\"@type\":\"ListItem\",\"position\":3,\"name\":\"Jardina \u2013 Colomba artigianale con Ananas, Albicocca e Pistacchio di Sicilia 750g\"}]},{\"@type\":\"WebSite\",\"@id\":\"https:\/\/vincentedelicacies.com\/#website\",\"url\":\"https:\/\/vincentedelicacies.com\/\",\"name\":\"Vincente Delicacies\",\"description\":\"Un grande laboratorio di pasticceria\",\"publisher\":{\"@id\":\"https:\/\/vincentedelicacies.com\/#organization\"},\"potentialAction\":[{\"@type\":\"SearchAction\",\"target\":{\"@type\":\"EntryPoint\",\"urlTemplate\":\"https:\/\/vincentedelicacies.com\/?s={search_term_string}\"},\"query-input\":{\"@type\":\"PropertyValueSpecification\",\"valueRequired\":true,\"valueName\":\"search_term_string\"}}],\"inLanguage\":\"de\"},{\"@type\":\"Organization\",\"@id\":\"https:\/\/vincentedelicacies.com\/#organization\",\"name\":\"Vincente Delicacies\",\"url\":\"https:\/\/vincentedelicacies.com\/\",\"logo\":{\"@type\":\"ImageObject\",\"inLanguage\":\"de\",\"@id\":\"https:\/\/vincentedelicacies.com\/#\/schema\/logo\/image\/\",\"url\":\"https:\/\/vincentedelicacies.com\/wp-content\/uploads\/2021\/06\/logo.png\",\"contentUrl\":\"https:\/\/vincentedelicacies.com\/wp-content\/uploads\/2021\/06\/logo.png\",\"width\":159,\"height\":47,\"caption\":\"Vincente Delicacies\"},\"image\":{\"@id\":\"https:\/\/vincentedelicacies.com\/#\/schema\/logo\/image\/\"}}]}<\/script>\n<!-- \/ Yoast SEO Premium plugin. -->","yoast_head_json":{"title":"Jardina \u2013 Colomba artigianale con Ananas, Albicocca e Pistacchio di Sicilia 750g - Vincente Delicacies","description":"La colomba artigianale Jardina, farcita con canditi di ananas e albicocche \u00e8 ricoperta da una glassa al pistacchio di Sicilia e granella di zucchero. Jardina, presentata con il tipico incarto bianco Vincente, \u00e8 un dolce che unisce il sapore fruttato dell\u2019ananas e delle albicocche al gusto soave e avvolgente della glassatura al pistacchio.","robots":{"index":"index","follow":"follow","max-snippet":"max-snippet:-1","max-image-preview":"max-image-preview:large","max-video-preview":"max-video-preview:-1"},"canonical":"https:\/\/vincentedelicacies.com\/de\/produkt\/jardina-ananas-aprikose-und-pistazie\/","og_locale":"de_DE","og_type":"article","og_title":"Jardina \u2013 Colomba artigianale con Ananas, Albicocca e Pistacchio di Sicilia 750g","og_description":"La colomba artigianale Jardina, farcita con canditi di ananas e albicocche \u00e8 ricoperta da una glassa al pistacchio di Sicilia e granella di zucchero. Jardina, presentata con il tipico incarto bianco Vincente, \u00e8 un dolce che unisce il sapore fruttato dell\u2019ananas e delle albicocche al gusto soave e avvolgente della glassatura al pistacchio.","og_url":"https:\/\/vincentedelicacies.com\/de\/produkt\/jardina-ananas-aprikose-und-pistazie\/","og_site_name":"Vincente Delicacies","article_modified_time":"2023-03-20T09:32:13+00:00","og_image":[{"width":890,"height":899,"url":"https:\/\/vincentedelicacies.com\/wp-content\/uploads\/2021\/06\/JARDINA-2.jpg","type":"image\/jpeg"}],"twitter_card":"summary_large_image","twitter_misc":{"Gesch\u00e4tzte Lesezeit":"1\u00a0Minute"},"schema":{"@context":"https:\/\/schema.org","@graph":[{"@type":"WebPage","@id":"https:\/\/vincentedelicacies.com\/prodotto\/jardina-ananas-albicocca-e-pistacchio\/","url":"https:\/\/vincentedelicacies.com\/prodotto\/jardina-ananas-albicocca-e-pistacchio\/","name":"Jardina \u2013 Colomba artigianale con Ananas, Albicocca e Pistacchio di Sicilia 750g - Vincente Delicacies","isPartOf":{"@id":"https:\/\/vincentedelicacies.com\/#website"},"primaryImageOfPage":{"@id":"https:\/\/vincentedelicacies.com\/prodotto\/jardina-ananas-albicocca-e-pistacchio\/#primaryimage"},"image":{"@id":"https:\/\/vincentedelicacies.com\/prodotto\/jardina-ananas-albicocca-e-pistacchio\/#primaryimage"},"thumbnailUrl":"https:\/\/vincentedelicacies.com\/wp-content\/uploads\/2021\/06\/JARDINA-2.jpg","datePublished":"2021-06-24T06:27:38+00:00","dateModified":"2023-03-20T09:32:13+00:00","description":"La colomba artigianale Jardina, farcita con canditi di ananas e albicocche \u00e8 ricoperta da una glassa al pistacchio di Sicilia e granella di zucchero. Jardina, presentata con il tipico incarto bianco Vincente, \u00e8 un dolce che unisce il sapore fruttato dell\u2019ananas e delle albicocche al gusto soave e avvolgente della glassatura al pistacchio.","breadcrumb":{"@id":"https:\/\/vincentedelicacies.com\/prodotto\/jardina-ananas-albicocca-e-pistacchio\/#breadcrumb"},"inLanguage":"de","potentialAction":[{"@type":"ReadAction","target":["https:\/\/vincentedelicacies.com\/prodotto\/jardina-ananas-albicocca-e-pistacchio\/"]}]},{"@type":"ImageObject","inLanguage":"de","@id":"https:\/\/vincentedelicacies.com\/prodotto\/jardina-ananas-albicocca-e-pistacchio\/#primaryimage","url":"https:\/\/vincentedelicacies.com\/wp-content\/uploads\/2021\/06\/JARDINA-2.jpg","contentUrl":"https:\/\/vincentedelicacies.com\/wp-content\/uploads\/2021\/06\/JARDINA-2.jpg","width":890,"height":899,"caption":"Jardina \u2013 Colomba artigianale con Ananas, Albicocca e Pistacchio di Sicilia 750g"},{"@type":"BreadcrumbList","@id":"https:\/\/vincentedelicacies.com\/prodotto\/jardina-ananas-albicocca-e-pistacchio\/#breadcrumb","itemListElement":[{"@type":"ListItem","position":1,"name":"Home","item":"https:\/\/vincentedelicacies.com\/"},{"@type":"ListItem","position":2,"name":"Prodotti","item":"https:\/\/vincentedelicacies.com\/shop1__trashed\/"},{"@type":"ListItem","position":3,"name":"Jardina \u2013 Colomba artigianale con Ananas, Albicocca e Pistacchio di Sicilia 750g"}]},{"@type":"WebSite","@id":"https:\/\/vincentedelicacies.com\/#website","url":"https:\/\/vincentedelicacies.com\/","name":"Vincente Delicacies","description":"Un grande laboratorio di pasticceria","publisher":{"@id":"https:\/\/vincentedelicacies.com\/#organization"},"potentialAction":[{"@type":"SearchAction","target":{"@type":"EntryPoint","urlTemplate":"https:\/\/vincentedelicacies.com\/?s={search_term_string}"},"query-input":{"@type":"PropertyValueSpecification","valueRequired":true,"valueName":"search_term_string"}}],"inLanguage":"de"},{"@type":"Organization","@id":"https:\/\/vincentedelicacies.com\/#organization","name":"Vincente Delicacies","url":"https:\/\/vincentedelicacies.com\/","logo":{"@type":"ImageObject","inLanguage":"de","@id":"https:\/\/vincentedelicacies.com\/#\/schema\/logo\/image\/","url":"https:\/\/vincentedelicacies.com\/wp-content\/uploads\/2021\/06\/logo.png","contentUrl":"https:\/\/vincentedelicacies.com\/wp-content\/uploads\/2021\/06\/logo.png","width":159,"height":47,"caption":"Vincente Delicacies"},"image":{"@id":"https:\/\/vincentedelicacies.com\/#\/schema\/logo\/image\/"}}]}},"_links":{"self":[{"href":"https:\/\/vincentedelicacies.com\/de\/wp-json\/wp\/v2\/product\/2569","targetHints":{"allow":["GET"]}}],"collection":[{"href":"https:\/\/vincentedelicacies.com\/de\/wp-json\/wp\/v2\/product"}],"about":[{"href":"https:\/\/vincentedelicacies.com\/de\/wp-json\/wp\/v2\/types\/product"}],"replies":[{"embeddable":true,"href":"https:\/\/vincentedelicacies.com\/de\/wp-json\/wp\/v2\/comments?post=2569"}],"wp:featuredmedia":[{"embeddable":true,"href":"https:\/\/vincentedelicacies.com\/de\/wp-json\/wp\/v2\/media\/14402"}],"wp:attachment":[{"href":"https:\/\/vincentedelicacies.com\/de\/wp-json\/wp\/v2\/media?parent=2569"}],"wp:term":[{"taxonomy":"product_brand","embeddable":true,"href":"https:\/\/vincentedelicacies.com\/de\/wp-json\/wp\/v2\/product_brand?post=2569"},{"taxonomy":"product_cat","embeddable":true,"href":"https:\/\/vincentedelicacies.com\/de\/wp-json\/wp\/v2\/product_cat?post=2569"},{"taxonomy":"product_tag","embeddable":true,"href":"https:\/\/vincentedelicacies.com\/de\/wp-json\/wp\/v2\/product_tag?post=2569"}],"curies":[{"name":"wp","href":"https:\/\/api.w.org\/{rel}","templated":true}]}}