{"id":2564,"date":"2021-06-24T06:24:35","date_gmt":"2021-06-24T06:24:35","guid":{"rendered":"https:\/\/vincentedelicacies.com\/?post_type=product&#038;p=2564"},"modified":"2023-03-22T08:49:21","modified_gmt":"2023-03-22T08:49:21","slug":"pfirsich-persica-pistazie-und-dunkle-schokolade","status":"publish","type":"product","link":"https:\/\/vincentedelicacies.com\/de\/produkt\/pfirsich-persica-pistazie-und-dunkle-schokolade\/","title":{"rendered":"Persica - Artisan Colomba Pfirsich, Zartbitterschokolade und sizilianische Pistazien 750g"},"content":{"rendered":"<p>Zutaten: Mehl aus <strong>FRUMENTO<\/strong>kandierter Pfirsich 20% (Pfirsiche, Glukose-Fruktose-Sirup, Saccharose, konzentrierter Zitronensaft), <strong>BUTTER<\/strong>Zucker, Eigelb <strong>der EGG<\/strong>nat\u00fcrliche Hefe (Mehl) <strong>FRUMENTO<\/strong>Wasser), extra dunkle Schokoladenst\u00fcckchen 6% (Kakaomasse, Zucker, Emulgator: Kakao-Lecithin <strong>SOYA<\/strong>, nat\u00fcrliches Vanillearoma), Emulgatoren: Mono- und Diglyceride von Speisefetts\u00e4uren, Glukosesirup, <strong>MILCH<\/strong> Magermilchpulver, Kakaobutter, Honig, nat\u00fcrliche Aromen, Salz. \u00dcberzug: Zuckerguss (Zucker, Reisst\u00e4rke, Eiwei\u00df <strong>der EGG<\/strong> Pulver, Fette, pflanzlich: Palm\u00f6l, Glukosesirup, Eiwei\u00df aus <strong>MILCH, ALMONDS<\/strong>modifizierte St\u00e4rke, Aromastoffe), <strong>PISTACHO<\/strong> von Sizilien 3%, Kristallzucker. KANN ENTHALTEN <strong>HASELN\u00dcSSE, SENF UND LUPINEN. <\/strong><\/p>","protected":false},"excerpt":{"rendered":"<p>Persica, eine handwerkliche Colomba aus sehr weichem Teig mit kandiertem Pfirsich und extra dunklen Schokoladentropfen zu 70%. Die Zartheit und der Duft des Pfirsichs, der intensive Geschmack der Zartbitterschokoladentropfen und schlie\u00dflich eine Glasur aus Streuseln und Pistazien.<\/p>","protected":false},"featured_media":14408,"comment_status":"open","ping_status":"closed","template":"","meta":[],"product_brand":[],"product_cat":[46,109],"product_tag":[],"class_list":{"0":"post-2564","1":"product","2":"type-product","3":"status-publish","4":"has-post-thumbnail","6":"product_cat-pasqua","7":"product_cat-linea-fastuca","9":"first","10":"outofstock","11":"shipping-taxable","12":"product-type-simple"},"yoast_head":"<!-- This site is optimized with the Yoast SEO Premium plugin v21.8 (Yoast SEO v26.6) - https:\/\/yoast.com\/wordpress\/plugins\/seo\/ -->\n<title>Persica \u2013 Colomba artigianale Pesca, Cioccolato Fondente e Pistacchio di Sicilia 750g - Vincente Delicacies<\/title>\n<meta name=\"description\" content=\"Persica, una colomba artigianale dall\u2019impasto morbidissimo con pesca candita e gocce di cioccolato extra fondente al 70%. La delicatezza e il profumo della pesca, il sapore inteso delle gocce di cioccolato fondente, e infine una glassatura di zuccherini e pistacchi.\" \/>\n<meta name=\"robots\" content=\"index, follow, max-snippet:-1, max-image-preview:large, max-video-preview:-1\" \/>\n<link rel=\"canonical\" href=\"https:\/\/vincentedelicacies.com\/de\/produkt\/pfirsich-persica-pistazie-und-dunkle-schokolade\/\" \/>\n<meta property=\"og:locale\" content=\"de_DE\" \/>\n<meta property=\"og:type\" content=\"article\" \/>\n<meta property=\"og:title\" content=\"Persica \u2013 Colomba artigianale Pesca, Cioccolato Fondente e Pistacchio di Sicilia 750g\" \/>\n<meta property=\"og:description\" content=\"Persica, una colomba artigianale dall\u2019impasto morbidissimo con pesca candita e gocce di cioccolato extra fondente al 70%. La delicatezza e il profumo della pesca, il sapore inteso delle gocce di cioccolato fondente, e infine una glassatura di zuccherini e pistacchi.\" \/>\n<meta property=\"og:url\" content=\"https:\/\/vincentedelicacies.com\/de\/produkt\/pfirsich-persica-pistazie-und-dunkle-schokolade\/\" \/>\n<meta property=\"og:site_name\" content=\"Vincente Delicacies\" \/>\n<meta property=\"article:modified_time\" content=\"2023-03-22T08:49:21+00:00\" \/>\n<meta property=\"og:image\" content=\"https:\/\/vincentedelicacies.com\/wp-content\/uploads\/2021\/06\/PERSICA-2.jpg\" \/>\n\t<meta property=\"og:image:width\" content=\"890\" \/>\n\t<meta property=\"og:image:height\" content=\"899\" \/>\n\t<meta property=\"og:image:type\" content=\"image\/jpeg\" \/>\n<meta name=\"twitter:card\" content=\"summary_large_image\" \/>\n<meta name=\"twitter:label1\" content=\"Gesch\u00e4tzte Lesezeit\" \/>\n\t<meta name=\"twitter:data1\" content=\"1\u00a0Minute\" \/>\n<script type=\"application\/ld+json\" class=\"yoast-schema-graph\">{\"@context\":\"https:\/\/schema.org\",\"@graph\":[{\"@type\":\"WebPage\",\"@id\":\"https:\/\/vincentedelicacies.com\/prodotto\/persica-pesca-pistacchio-e-cioccolato-fondente\/\",\"url\":\"https:\/\/vincentedelicacies.com\/prodotto\/persica-pesca-pistacchio-e-cioccolato-fondente\/\",\"name\":\"Persica \u2013 Colomba artigianale Pesca, Cioccolato Fondente e Pistacchio di Sicilia 750g - Vincente Delicacies\",\"isPartOf\":{\"@id\":\"https:\/\/vincentedelicacies.com\/#website\"},\"primaryImageOfPage\":{\"@id\":\"https:\/\/vincentedelicacies.com\/prodotto\/persica-pesca-pistacchio-e-cioccolato-fondente\/#primaryimage\"},\"image\":{\"@id\":\"https:\/\/vincentedelicacies.com\/prodotto\/persica-pesca-pistacchio-e-cioccolato-fondente\/#primaryimage\"},\"thumbnailUrl\":\"https:\/\/vincentedelicacies.com\/wp-content\/uploads\/2021\/06\/PERSICA-2.jpg\",\"datePublished\":\"2021-06-24T06:24:35+00:00\",\"dateModified\":\"2023-03-22T08:49:21+00:00\",\"description\":\"Persica, una colomba artigianale dall\u2019impasto morbidissimo con pesca candita e gocce di cioccolato extra fondente al 70%. La delicatezza e il profumo della pesca, il sapore inteso delle gocce di cioccolato fondente, e infine una glassatura di zuccherini e pistacchi.\",\"breadcrumb\":{\"@id\":\"https:\/\/vincentedelicacies.com\/prodotto\/persica-pesca-pistacchio-e-cioccolato-fondente\/#breadcrumb\"},\"inLanguage\":\"de\",\"potentialAction\":[{\"@type\":\"ReadAction\",\"target\":[\"https:\/\/vincentedelicacies.com\/prodotto\/persica-pesca-pistacchio-e-cioccolato-fondente\/\"]}]},{\"@type\":\"ImageObject\",\"inLanguage\":\"de\",\"@id\":\"https:\/\/vincentedelicacies.com\/prodotto\/persica-pesca-pistacchio-e-cioccolato-fondente\/#primaryimage\",\"url\":\"https:\/\/vincentedelicacies.com\/wp-content\/uploads\/2021\/06\/PERSICA-2.jpg\",\"contentUrl\":\"https:\/\/vincentedelicacies.com\/wp-content\/uploads\/2021\/06\/PERSICA-2.jpg\",\"width\":890,\"height\":899,\"caption\":\"Persica \u2013 Colomba artigianale Pesca, Cioccolato Fondente e Pistacchio di Sicilia 750g\"},{\"@type\":\"BreadcrumbList\",\"@id\":\"https:\/\/vincentedelicacies.com\/prodotto\/persica-pesca-pistacchio-e-cioccolato-fondente\/#breadcrumb\",\"itemListElement\":[{\"@type\":\"ListItem\",\"position\":1,\"name\":\"Home\",\"item\":\"https:\/\/vincentedelicacies.com\/\"},{\"@type\":\"ListItem\",\"position\":2,\"name\":\"Prodotti\",\"item\":\"https:\/\/vincentedelicacies.com\/shop1__trashed\/\"},{\"@type\":\"ListItem\",\"position\":3,\"name\":\"Persica \u2013 Colomba artigianale Pesca, Cioccolato Fondente e Pistacchio di Sicilia 750g\"}]},{\"@type\":\"WebSite\",\"@id\":\"https:\/\/vincentedelicacies.com\/#website\",\"url\":\"https:\/\/vincentedelicacies.com\/\",\"name\":\"Vincente Delicacies\",\"description\":\"Un grande laboratorio di pasticceria\",\"publisher\":{\"@id\":\"https:\/\/vincentedelicacies.com\/#organization\"},\"potentialAction\":[{\"@type\":\"SearchAction\",\"target\":{\"@type\":\"EntryPoint\",\"urlTemplate\":\"https:\/\/vincentedelicacies.com\/?s={search_term_string}\"},\"query-input\":{\"@type\":\"PropertyValueSpecification\",\"valueRequired\":true,\"valueName\":\"search_term_string\"}}],\"inLanguage\":\"de\"},{\"@type\":\"Organization\",\"@id\":\"https:\/\/vincentedelicacies.com\/#organization\",\"name\":\"Vincente Delicacies\",\"url\":\"https:\/\/vincentedelicacies.com\/\",\"logo\":{\"@type\":\"ImageObject\",\"inLanguage\":\"de\",\"@id\":\"https:\/\/vincentedelicacies.com\/#\/schema\/logo\/image\/\",\"url\":\"https:\/\/vincentedelicacies.com\/wp-content\/uploads\/2021\/06\/logo.png\",\"contentUrl\":\"https:\/\/vincentedelicacies.com\/wp-content\/uploads\/2021\/06\/logo.png\",\"width\":159,\"height\":47,\"caption\":\"Vincente Delicacies\"},\"image\":{\"@id\":\"https:\/\/vincentedelicacies.com\/#\/schema\/logo\/image\/\"}}]}<\/script>\n<!-- \/ Yoast SEO Premium plugin. -->","yoast_head_json":{"title":"Persica \u2013 Colomba artigianale Pesca, Cioccolato Fondente e Pistacchio di Sicilia 750g - Vincente Delicacies","description":"Persica, una colomba artigianale dall\u2019impasto morbidissimo con pesca candita e gocce di cioccolato extra fondente al 70%. La delicatezza e il profumo della pesca, il sapore inteso delle gocce di cioccolato fondente, e infine una glassatura di zuccherini e pistacchi.","robots":{"index":"index","follow":"follow","max-snippet":"max-snippet:-1","max-image-preview":"max-image-preview:large","max-video-preview":"max-video-preview:-1"},"canonical":"https:\/\/vincentedelicacies.com\/de\/produkt\/pfirsich-persica-pistazie-und-dunkle-schokolade\/","og_locale":"de_DE","og_type":"article","og_title":"Persica \u2013 Colomba artigianale Pesca, Cioccolato Fondente e Pistacchio di Sicilia 750g","og_description":"Persica, una colomba artigianale dall\u2019impasto morbidissimo con pesca candita e gocce di cioccolato extra fondente al 70%. La delicatezza e il profumo della pesca, il sapore inteso delle gocce di cioccolato fondente, e infine una glassatura di zuccherini e pistacchi.","og_url":"https:\/\/vincentedelicacies.com\/de\/produkt\/pfirsich-persica-pistazie-und-dunkle-schokolade\/","og_site_name":"Vincente Delicacies","article_modified_time":"2023-03-22T08:49:21+00:00","og_image":[{"width":890,"height":899,"url":"https:\/\/vincentedelicacies.com\/wp-content\/uploads\/2021\/06\/PERSICA-2.jpg","type":"image\/jpeg"}],"twitter_card":"summary_large_image","twitter_misc":{"Gesch\u00e4tzte Lesezeit":"1\u00a0Minute"},"schema":{"@context":"https:\/\/schema.org","@graph":[{"@type":"WebPage","@id":"https:\/\/vincentedelicacies.com\/prodotto\/persica-pesca-pistacchio-e-cioccolato-fondente\/","url":"https:\/\/vincentedelicacies.com\/prodotto\/persica-pesca-pistacchio-e-cioccolato-fondente\/","name":"Persica \u2013 Colomba artigianale Pesca, Cioccolato Fondente e Pistacchio di Sicilia 750g - Vincente Delicacies","isPartOf":{"@id":"https:\/\/vincentedelicacies.com\/#website"},"primaryImageOfPage":{"@id":"https:\/\/vincentedelicacies.com\/prodotto\/persica-pesca-pistacchio-e-cioccolato-fondente\/#primaryimage"},"image":{"@id":"https:\/\/vincentedelicacies.com\/prodotto\/persica-pesca-pistacchio-e-cioccolato-fondente\/#primaryimage"},"thumbnailUrl":"https:\/\/vincentedelicacies.com\/wp-content\/uploads\/2021\/06\/PERSICA-2.jpg","datePublished":"2021-06-24T06:24:35+00:00","dateModified":"2023-03-22T08:49:21+00:00","description":"Persica, una colomba artigianale dall\u2019impasto morbidissimo con pesca candita e gocce di cioccolato extra fondente al 70%. La delicatezza e il profumo della pesca, il sapore inteso delle gocce di cioccolato fondente, e infine una glassatura di zuccherini e pistacchi.","breadcrumb":{"@id":"https:\/\/vincentedelicacies.com\/prodotto\/persica-pesca-pistacchio-e-cioccolato-fondente\/#breadcrumb"},"inLanguage":"de","potentialAction":[{"@type":"ReadAction","target":["https:\/\/vincentedelicacies.com\/prodotto\/persica-pesca-pistacchio-e-cioccolato-fondente\/"]}]},{"@type":"ImageObject","inLanguage":"de","@id":"https:\/\/vincentedelicacies.com\/prodotto\/persica-pesca-pistacchio-e-cioccolato-fondente\/#primaryimage","url":"https:\/\/vincentedelicacies.com\/wp-content\/uploads\/2021\/06\/PERSICA-2.jpg","contentUrl":"https:\/\/vincentedelicacies.com\/wp-content\/uploads\/2021\/06\/PERSICA-2.jpg","width":890,"height":899,"caption":"Persica \u2013 Colomba artigianale Pesca, Cioccolato Fondente e Pistacchio di Sicilia 750g"},{"@type":"BreadcrumbList","@id":"https:\/\/vincentedelicacies.com\/prodotto\/persica-pesca-pistacchio-e-cioccolato-fondente\/#breadcrumb","itemListElement":[{"@type":"ListItem","position":1,"name":"Home","item":"https:\/\/vincentedelicacies.com\/"},{"@type":"ListItem","position":2,"name":"Prodotti","item":"https:\/\/vincentedelicacies.com\/shop1__trashed\/"},{"@type":"ListItem","position":3,"name":"Persica \u2013 Colomba artigianale Pesca, Cioccolato Fondente e Pistacchio di Sicilia 750g"}]},{"@type":"WebSite","@id":"https:\/\/vincentedelicacies.com\/#website","url":"https:\/\/vincentedelicacies.com\/","name":"Vincente Delicacies","description":"Un grande laboratorio di pasticceria","publisher":{"@id":"https:\/\/vincentedelicacies.com\/#organization"},"potentialAction":[{"@type":"SearchAction","target":{"@type":"EntryPoint","urlTemplate":"https:\/\/vincentedelicacies.com\/?s={search_term_string}"},"query-input":{"@type":"PropertyValueSpecification","valueRequired":true,"valueName":"search_term_string"}}],"inLanguage":"de"},{"@type":"Organization","@id":"https:\/\/vincentedelicacies.com\/#organization","name":"Vincente Delicacies","url":"https:\/\/vincentedelicacies.com\/","logo":{"@type":"ImageObject","inLanguage":"de","@id":"https:\/\/vincentedelicacies.com\/#\/schema\/logo\/image\/","url":"https:\/\/vincentedelicacies.com\/wp-content\/uploads\/2021\/06\/logo.png","contentUrl":"https:\/\/vincentedelicacies.com\/wp-content\/uploads\/2021\/06\/logo.png","width":159,"height":47,"caption":"Vincente Delicacies"},"image":{"@id":"https:\/\/vincentedelicacies.com\/#\/schema\/logo\/image\/"}}]}},"_links":{"self":[{"href":"https:\/\/vincentedelicacies.com\/de\/wp-json\/wp\/v2\/product\/2564","targetHints":{"allow":["GET"]}}],"collection":[{"href":"https:\/\/vincentedelicacies.com\/de\/wp-json\/wp\/v2\/product"}],"about":[{"href":"https:\/\/vincentedelicacies.com\/de\/wp-json\/wp\/v2\/types\/product"}],"replies":[{"embeddable":true,"href":"https:\/\/vincentedelicacies.com\/de\/wp-json\/wp\/v2\/comments?post=2564"}],"wp:featuredmedia":[{"embeddable":true,"href":"https:\/\/vincentedelicacies.com\/de\/wp-json\/wp\/v2\/media\/14408"}],"wp:attachment":[{"href":"https:\/\/vincentedelicacies.com\/de\/wp-json\/wp\/v2\/media?parent=2564"}],"wp:term":[{"taxonomy":"product_brand","embeddable":true,"href":"https:\/\/vincentedelicacies.com\/de\/wp-json\/wp\/v2\/product_brand?post=2564"},{"taxonomy":"product_cat","embeddable":true,"href":"https:\/\/vincentedelicacies.com\/de\/wp-json\/wp\/v2\/product_cat?post=2564"},{"taxonomy":"product_tag","embeddable":true,"href":"https:\/\/vincentedelicacies.com\/de\/wp-json\/wp\/v2\/product_tag?post=2564"}],"curies":[{"name":"wp","href":"https:\/\/api.w.org\/{rel}","templated":true}]}}