{"id":2559,"date":"2021-06-24T06:18:40","date_gmt":"2021-06-24T06:18:40","guid":{"rendered":"https:\/\/vincentedelicacies.com\/?post_type=product&#038;p=2559"},"modified":"2023-04-04T13:31:28","modified_gmt":"2023-04-04T13:31:28","slug":"normandie-mit-weiser-schokolade-und-pistaziencreme","status":"publish","type":"product","link":"https:\/\/vincentedelicacies.com\/de\/produkt\/normandie-mit-weiser-schokolade-und-pistaziencreme\/","title":{"rendered":"Normanna - Colomba artigianale pandorata \u00fcberzogen mit wei\u00dfer Schokolade und Pistazien gef\u00fcllt mit Crema di Pistacchio Verde di Bronte D.O.P. 900g"},"content":{"rendered":"<p>Zutaten: Mehl aus <strong>FRUMENTO<\/strong>, <strong>BUTTER<\/strong>Zucker, Eigelb <strong>der EGG<\/strong>nat\u00fcrliche Hefe (Mehl) <strong>FRUMENTO<\/strong>, Wasser), Emulgatoren: Mono- und Diglyceride von Speisefetts\u00e4uren, Glukosesirup, <strong>MILCH<\/strong> Magermilchpulver, Kakaobutter, Honig, nat\u00fcrliche Aromen, Salz. F\u00fcllung: Pistaziencreme mit \"<strong>PISTACHO<\/strong> verde di Bronte PDO\" 16% (Zucker,\" <strong>PISTACHO<\/strong> verde di Bronte PDO\" 20%, <strong>MILCH<\/strong> Pulver, Molke aus <strong>MILCH<\/strong> Pulver, ungeh\u00e4rtete pflanzliche Fette (Sonnenblumen\u00f6l, Kokosnuss\u00f6l, Kakaobutter), Emulgator: Kakao-Lecithin <strong>SOYA<\/strong>, AromaI, Alkoholhydrat, Farbstoff: E141)). \u00dcberzug: wei\u00dfe Schokolade 8% (Zucker, <strong>MILCH<\/strong> Weizenvollkornpulver, Kakaobutter, Emulgator: SOJA-Lecithin, nat\u00fcrliches Vanillearoma), \" <strong>PISTACHO<\/strong> verde di Bronte DOP 5%. Kann enthalten <strong>ALMOND<\/strong>, <strong>HASELN\u00dcSSE, SENF UND LUPINEN.<\/strong><\/p>","protected":false},"excerpt":{"rendered":"<p>Ein Kuchen mit einer sehr feinen wei\u00dfen Schokoladenglasur, angereichert mit gehackten Pistazien aus Sizilien. Normanna hat einen sehr weichen Teig, der mit der Creme \"Pistacchio Verde di Bronte DOP\" gef\u00fcllt ist. Ein handwerkliches Kunstwerk der Haute Patisserie mit einem intensiven und umh\u00fcllenden Geschmack.<\/p>","protected":false},"featured_media":14410,"comment_status":"open","ping_status":"closed","template":"","meta":[],"product_brand":[],"product_cat":[46,109],"product_tag":[],"class_list":{"0":"post-2559","1":"product","2":"type-product","3":"status-publish","4":"has-post-thumbnail","6":"product_cat-pasqua","7":"product_cat-linea-fastuca","9":"first","10":"outofstock","11":"shipping-taxable","12":"product-type-simple"},"yoast_head":"<!-- This site is optimized with the Yoast SEO Premium plugin v21.8 (Yoast SEO v26.6) - https:\/\/yoast.com\/wordpress\/plugins\/seo\/ -->\n<title>Normanna \u2013 Colomba artigianale pandorata ricoperta di Cioccolato Bianco e Pistacchio Farcita con Crema di Pistacchio Verde di Bronte D.O.P. 900g - Vincente Delicacies<\/title>\n<meta name=\"description\" content=\"Un dolce ricoperto da una glassatura al finissimo cioccolato bianco arricchita dalla granella di pistacchi di Sicilia. Normanna ha un impasto morbidissimo, farcito con crema al \u201cPistacchio Verde di Bronte DOP\u201d. Un\u2019opera artigianale di alta pasticceria dal gusto intenso e avvolgente.\" \/>\n<meta name=\"robots\" content=\"index, follow, max-snippet:-1, max-image-preview:large, max-video-preview:-1\" \/>\n<link rel=\"canonical\" href=\"https:\/\/vincentedelicacies.com\/de\/produkt\/normandie-mit-weiser-schokolade-und-pistaziencreme\/\" \/>\n<meta property=\"og:locale\" content=\"de_DE\" \/>\n<meta property=\"og:type\" content=\"article\" \/>\n<meta property=\"og:title\" content=\"Normanna \u2013 Colomba artigianale pandorata ricoperta di Cioccolato Bianco e Pistacchio Farcita con Crema di Pistacchio Verde di Bronte D.O.P. 900g\" \/>\n<meta property=\"og:description\" content=\"Un dolce ricoperto da una glassatura al finissimo cioccolato bianco arricchita dalla granella di pistacchi di Sicilia. Normanna ha un impasto morbidissimo, farcito con crema al \u201cPistacchio Verde di Bronte DOP\u201d. Un\u2019opera artigianale di alta pasticceria dal gusto intenso e avvolgente.\" \/>\n<meta property=\"og:url\" content=\"https:\/\/vincentedelicacies.com\/de\/produkt\/normandie-mit-weiser-schokolade-und-pistaziencreme\/\" \/>\n<meta property=\"og:site_name\" content=\"Vincente Delicacies\" \/>\n<meta property=\"article:modified_time\" content=\"2023-04-04T13:31:28+00:00\" \/>\n<meta property=\"og:image\" content=\"https:\/\/vincentedelicacies.com\/wp-content\/uploads\/2021\/06\/NORMANNA-2.jpg\" \/>\n\t<meta property=\"og:image:width\" content=\"890\" \/>\n\t<meta property=\"og:image:height\" content=\"899\" \/>\n\t<meta property=\"og:image:type\" content=\"image\/jpeg\" \/>\n<meta name=\"twitter:card\" content=\"summary_large_image\" \/>\n<meta name=\"twitter:label1\" content=\"Gesch\u00e4tzte Lesezeit\" \/>\n\t<meta name=\"twitter:data1\" content=\"1\u00a0Minute\" \/>\n<script type=\"application\/ld+json\" class=\"yoast-schema-graph\">{\"@context\":\"https:\/\/schema.org\",\"@graph\":[{\"@type\":\"WebPage\",\"@id\":\"https:\/\/vincentedelicacies.com\/prodotto\/normanna-ricoperta-di-cioccolato-bianco-e-pistacchio-farcita-con-crema-di-pistacchio\/\",\"url\":\"https:\/\/vincentedelicacies.com\/prodotto\/normanna-ricoperta-di-cioccolato-bianco-e-pistacchio-farcita-con-crema-di-pistacchio\/\",\"name\":\"Normanna \u2013 Colomba artigianale pandorata ricoperta di Cioccolato Bianco e Pistacchio Farcita con Crema di Pistacchio Verde di Bronte D.O.P. 900g - Vincente Delicacies\",\"isPartOf\":{\"@id\":\"https:\/\/vincentedelicacies.com\/#website\"},\"primaryImageOfPage\":{\"@id\":\"https:\/\/vincentedelicacies.com\/prodotto\/normanna-ricoperta-di-cioccolato-bianco-e-pistacchio-farcita-con-crema-di-pistacchio\/#primaryimage\"},\"image\":{\"@id\":\"https:\/\/vincentedelicacies.com\/prodotto\/normanna-ricoperta-di-cioccolato-bianco-e-pistacchio-farcita-con-crema-di-pistacchio\/#primaryimage\"},\"thumbnailUrl\":\"https:\/\/vincentedelicacies.com\/wp-content\/uploads\/2021\/06\/NORMANNA-2.jpg\",\"datePublished\":\"2021-06-24T06:18:40+00:00\",\"dateModified\":\"2023-04-04T13:31:28+00:00\",\"description\":\"Un dolce ricoperto da una glassatura al finissimo cioccolato bianco arricchita dalla granella di pistacchi di Sicilia. Normanna ha un impasto morbidissimo, farcito con crema al \u201cPistacchio Verde di Bronte DOP\u201d. Un\u2019opera artigianale di alta pasticceria dal gusto intenso e avvolgente.\",\"breadcrumb\":{\"@id\":\"https:\/\/vincentedelicacies.com\/prodotto\/normanna-ricoperta-di-cioccolato-bianco-e-pistacchio-farcita-con-crema-di-pistacchio\/#breadcrumb\"},\"inLanguage\":\"de\",\"potentialAction\":[{\"@type\":\"ReadAction\",\"target\":[\"https:\/\/vincentedelicacies.com\/prodotto\/normanna-ricoperta-di-cioccolato-bianco-e-pistacchio-farcita-con-crema-di-pistacchio\/\"]}]},{\"@type\":\"ImageObject\",\"inLanguage\":\"de\",\"@id\":\"https:\/\/vincentedelicacies.com\/prodotto\/normanna-ricoperta-di-cioccolato-bianco-e-pistacchio-farcita-con-crema-di-pistacchio\/#primaryimage\",\"url\":\"https:\/\/vincentedelicacies.com\/wp-content\/uploads\/2021\/06\/NORMANNA-2.jpg\",\"contentUrl\":\"https:\/\/vincentedelicacies.com\/wp-content\/uploads\/2021\/06\/NORMANNA-2.jpg\",\"width\":890,\"height\":899,\"caption\":\"Colomba artigianale pandorata ricoperta di Cioccolato Bianco e Pistacchio Farcita con Crema di Pistacchio Verde di Bronte D.O.P. 900g\"},{\"@type\":\"BreadcrumbList\",\"@id\":\"https:\/\/vincentedelicacies.com\/prodotto\/normanna-ricoperta-di-cioccolato-bianco-e-pistacchio-farcita-con-crema-di-pistacchio\/#breadcrumb\",\"itemListElement\":[{\"@type\":\"ListItem\",\"position\":1,\"name\":\"Home\",\"item\":\"https:\/\/vincentedelicacies.com\/\"},{\"@type\":\"ListItem\",\"position\":2,\"name\":\"Prodotti\",\"item\":\"https:\/\/vincentedelicacies.com\/shop1__trashed\/\"},{\"@type\":\"ListItem\",\"position\":3,\"name\":\"Normanna \u2013 Colomba artigianale pandorata ricoperta di Cioccolato Bianco e Pistacchio Farcita con Crema di Pistacchio Verde di Bronte D.O.P. 900g\"}]},{\"@type\":\"WebSite\",\"@id\":\"https:\/\/vincentedelicacies.com\/#website\",\"url\":\"https:\/\/vincentedelicacies.com\/\",\"name\":\"Vincente Delicacies\",\"description\":\"Un grande laboratorio di pasticceria\",\"publisher\":{\"@id\":\"https:\/\/vincentedelicacies.com\/#organization\"},\"potentialAction\":[{\"@type\":\"SearchAction\",\"target\":{\"@type\":\"EntryPoint\",\"urlTemplate\":\"https:\/\/vincentedelicacies.com\/?s={search_term_string}\"},\"query-input\":{\"@type\":\"PropertyValueSpecification\",\"valueRequired\":true,\"valueName\":\"search_term_string\"}}],\"inLanguage\":\"de\"},{\"@type\":\"Organization\",\"@id\":\"https:\/\/vincentedelicacies.com\/#organization\",\"name\":\"Vincente Delicacies\",\"url\":\"https:\/\/vincentedelicacies.com\/\",\"logo\":{\"@type\":\"ImageObject\",\"inLanguage\":\"de\",\"@id\":\"https:\/\/vincentedelicacies.com\/#\/schema\/logo\/image\/\",\"url\":\"https:\/\/vincentedelicacies.com\/wp-content\/uploads\/2021\/06\/logo.png\",\"contentUrl\":\"https:\/\/vincentedelicacies.com\/wp-content\/uploads\/2021\/06\/logo.png\",\"width\":159,\"height\":47,\"caption\":\"Vincente Delicacies\"},\"image\":{\"@id\":\"https:\/\/vincentedelicacies.com\/#\/schema\/logo\/image\/\"}}]}<\/script>\n<!-- \/ Yoast SEO Premium plugin. -->","yoast_head_json":{"title":"Normanna \u2013 Colomba artigianale pandorata ricoperta di Cioccolato Bianco e Pistacchio Farcita con Crema di Pistacchio Verde di Bronte D.O.P. 900g - Vincente Delicacies","description":"Un dolce ricoperto da una glassatura al finissimo cioccolato bianco arricchita dalla granella di pistacchi di Sicilia. Normanna ha un impasto morbidissimo, farcito con crema al \u201cPistacchio Verde di Bronte DOP\u201d. Un\u2019opera artigianale di alta pasticceria dal gusto intenso e avvolgente.","robots":{"index":"index","follow":"follow","max-snippet":"max-snippet:-1","max-image-preview":"max-image-preview:large","max-video-preview":"max-video-preview:-1"},"canonical":"https:\/\/vincentedelicacies.com\/de\/produkt\/normandie-mit-weiser-schokolade-und-pistaziencreme\/","og_locale":"de_DE","og_type":"article","og_title":"Normanna \u2013 Colomba artigianale pandorata ricoperta di Cioccolato Bianco e Pistacchio Farcita con Crema di Pistacchio Verde di Bronte D.O.P. 900g","og_description":"Un dolce ricoperto da una glassatura al finissimo cioccolato bianco arricchita dalla granella di pistacchi di Sicilia. Normanna ha un impasto morbidissimo, farcito con crema al \u201cPistacchio Verde di Bronte DOP\u201d. Un\u2019opera artigianale di alta pasticceria dal gusto intenso e avvolgente.","og_url":"https:\/\/vincentedelicacies.com\/de\/produkt\/normandie-mit-weiser-schokolade-und-pistaziencreme\/","og_site_name":"Vincente Delicacies","article_modified_time":"2023-04-04T13:31:28+00:00","og_image":[{"width":890,"height":899,"url":"https:\/\/vincentedelicacies.com\/wp-content\/uploads\/2021\/06\/NORMANNA-2.jpg","type":"image\/jpeg"}],"twitter_card":"summary_large_image","twitter_misc":{"Gesch\u00e4tzte Lesezeit":"1\u00a0Minute"},"schema":{"@context":"https:\/\/schema.org","@graph":[{"@type":"WebPage","@id":"https:\/\/vincentedelicacies.com\/prodotto\/normanna-ricoperta-di-cioccolato-bianco-e-pistacchio-farcita-con-crema-di-pistacchio\/","url":"https:\/\/vincentedelicacies.com\/prodotto\/normanna-ricoperta-di-cioccolato-bianco-e-pistacchio-farcita-con-crema-di-pistacchio\/","name":"Normanna \u2013 Colomba artigianale pandorata ricoperta di Cioccolato Bianco e Pistacchio Farcita con Crema di Pistacchio Verde di Bronte D.O.P. 900g - Vincente Delicacies","isPartOf":{"@id":"https:\/\/vincentedelicacies.com\/#website"},"primaryImageOfPage":{"@id":"https:\/\/vincentedelicacies.com\/prodotto\/normanna-ricoperta-di-cioccolato-bianco-e-pistacchio-farcita-con-crema-di-pistacchio\/#primaryimage"},"image":{"@id":"https:\/\/vincentedelicacies.com\/prodotto\/normanna-ricoperta-di-cioccolato-bianco-e-pistacchio-farcita-con-crema-di-pistacchio\/#primaryimage"},"thumbnailUrl":"https:\/\/vincentedelicacies.com\/wp-content\/uploads\/2021\/06\/NORMANNA-2.jpg","datePublished":"2021-06-24T06:18:40+00:00","dateModified":"2023-04-04T13:31:28+00:00","description":"Un dolce ricoperto da una glassatura al finissimo cioccolato bianco arricchita dalla granella di pistacchi di Sicilia. Normanna ha un impasto morbidissimo, farcito con crema al \u201cPistacchio Verde di Bronte DOP\u201d. Un\u2019opera artigianale di alta pasticceria dal gusto intenso e avvolgente.","breadcrumb":{"@id":"https:\/\/vincentedelicacies.com\/prodotto\/normanna-ricoperta-di-cioccolato-bianco-e-pistacchio-farcita-con-crema-di-pistacchio\/#breadcrumb"},"inLanguage":"de","potentialAction":[{"@type":"ReadAction","target":["https:\/\/vincentedelicacies.com\/prodotto\/normanna-ricoperta-di-cioccolato-bianco-e-pistacchio-farcita-con-crema-di-pistacchio\/"]}]},{"@type":"ImageObject","inLanguage":"de","@id":"https:\/\/vincentedelicacies.com\/prodotto\/normanna-ricoperta-di-cioccolato-bianco-e-pistacchio-farcita-con-crema-di-pistacchio\/#primaryimage","url":"https:\/\/vincentedelicacies.com\/wp-content\/uploads\/2021\/06\/NORMANNA-2.jpg","contentUrl":"https:\/\/vincentedelicacies.com\/wp-content\/uploads\/2021\/06\/NORMANNA-2.jpg","width":890,"height":899,"caption":"Colomba artigianale pandorata ricoperta di Cioccolato Bianco e Pistacchio Farcita con Crema di Pistacchio Verde di Bronte D.O.P. 900g"},{"@type":"BreadcrumbList","@id":"https:\/\/vincentedelicacies.com\/prodotto\/normanna-ricoperta-di-cioccolato-bianco-e-pistacchio-farcita-con-crema-di-pistacchio\/#breadcrumb","itemListElement":[{"@type":"ListItem","position":1,"name":"Home","item":"https:\/\/vincentedelicacies.com\/"},{"@type":"ListItem","position":2,"name":"Prodotti","item":"https:\/\/vincentedelicacies.com\/shop1__trashed\/"},{"@type":"ListItem","position":3,"name":"Normanna \u2013 Colomba artigianale pandorata ricoperta di Cioccolato Bianco e Pistacchio Farcita con Crema di Pistacchio Verde di Bronte D.O.P. 900g"}]},{"@type":"WebSite","@id":"https:\/\/vincentedelicacies.com\/#website","url":"https:\/\/vincentedelicacies.com\/","name":"Vincente Delicacies","description":"Un grande laboratorio di pasticceria","publisher":{"@id":"https:\/\/vincentedelicacies.com\/#organization"},"potentialAction":[{"@type":"SearchAction","target":{"@type":"EntryPoint","urlTemplate":"https:\/\/vincentedelicacies.com\/?s={search_term_string}"},"query-input":{"@type":"PropertyValueSpecification","valueRequired":true,"valueName":"search_term_string"}}],"inLanguage":"de"},{"@type":"Organization","@id":"https:\/\/vincentedelicacies.com\/#organization","name":"Vincente Delicacies","url":"https:\/\/vincentedelicacies.com\/","logo":{"@type":"ImageObject","inLanguage":"de","@id":"https:\/\/vincentedelicacies.com\/#\/schema\/logo\/image\/","url":"https:\/\/vincentedelicacies.com\/wp-content\/uploads\/2021\/06\/logo.png","contentUrl":"https:\/\/vincentedelicacies.com\/wp-content\/uploads\/2021\/06\/logo.png","width":159,"height":47,"caption":"Vincente Delicacies"},"image":{"@id":"https:\/\/vincentedelicacies.com\/#\/schema\/logo\/image\/"}}]}},"_links":{"self":[{"href":"https:\/\/vincentedelicacies.com\/de\/wp-json\/wp\/v2\/product\/2559","targetHints":{"allow":["GET"]}}],"collection":[{"href":"https:\/\/vincentedelicacies.com\/de\/wp-json\/wp\/v2\/product"}],"about":[{"href":"https:\/\/vincentedelicacies.com\/de\/wp-json\/wp\/v2\/types\/product"}],"replies":[{"embeddable":true,"href":"https:\/\/vincentedelicacies.com\/de\/wp-json\/wp\/v2\/comments?post=2559"}],"wp:featuredmedia":[{"embeddable":true,"href":"https:\/\/vincentedelicacies.com\/de\/wp-json\/wp\/v2\/media\/14410"}],"wp:attachment":[{"href":"https:\/\/vincentedelicacies.com\/de\/wp-json\/wp\/v2\/media?parent=2559"}],"wp:term":[{"taxonomy":"product_brand","embeddable":true,"href":"https:\/\/vincentedelicacies.com\/de\/wp-json\/wp\/v2\/product_brand?post=2559"},{"taxonomy":"product_cat","embeddable":true,"href":"https:\/\/vincentedelicacies.com\/de\/wp-json\/wp\/v2\/product_cat?post=2559"},{"taxonomy":"product_tag","embeddable":true,"href":"https:\/\/vincentedelicacies.com\/de\/wp-json\/wp\/v2\/product_tag?post=2559"}],"curies":[{"name":"wp","href":"https:\/\/api.w.org\/{rel}","templated":true}]}}