{"id":2529,"date":"2021-06-23T13:59:48","date_gmt":"2021-06-23T13:59:48","guid":{"rendered":"https:\/\/vincentedelicacies.com\/?post_type=product&#038;p=2529"},"modified":"2023-03-21T08:16:06","modified_gmt":"2023-03-21T08:16:06","slug":"colomba-aus-weiser-schokolade-und-beeren-mit-einem-glas-weiser-schokoladencreme","status":"publish","type":"product","link":"https:\/\/vincentedelicacies.com\/de\/produkt\/colomba-aus-weiser-schokolade-und-beeren-mit-einem-glas-weiser-schokoladencreme\/","title":{"rendered":"Colomba Ensamble - Wei\u00dfe Schokolade und Beeren mit wei\u00dfer Schokoladencreme Wanne 750g + 180g"},"content":{"rendered":"<p>Zutaten: Mehl aus <strong>FRUMENTO<\/strong>kandierte Beeren 20% (Erdbeeren, Heidelbeeren, Brombeeren, Glukosesirup,<br \/>\nZucker, S\u00e4uerungsmittel: Zitronens\u00e4ure, Weins\u00e4ure, konzentrierter schwarzer Karottensaft, nat\u00fcrliches Aroma), <strong>BUTTER<\/strong>, Dotter <strong>der EGG<\/strong>nat\u00fcrliche Hefe (Mehl) <strong>FRUMENTO<\/strong>, Wasser), Zucker, Emulgatoren: Mono- und Diglyceride von Speisefetts\u00e4uren, Glukosesirup, <strong>MILCH<\/strong> entrahmtes Schokoladenpulver, Kakaobutter, Honig, nat\u00fcrliches Aroma, Salz. \u00dcberzug: wei\u00dfe Schokolade 8% (Zucker, <strong>MILCH<\/strong> Vollmilchpulver, Kakaobutter, Emulgator: Kakao-Lecithin <strong>SOYA<\/strong>, nat\u00fcrliches Vanillearoma), kandierte Beeren 1% (Erdbeeren, Heidelbeeren, Brombeeren, Glukosesirup, Zucker, S\u00e4uerungsmittel: Zitronens\u00e4ure, Weins\u00e4ure, konzentrierter schwarzer Karottensaft, nat\u00fcrliches Aroma). Kann enthalten: <strong>PISTAZIEN, MANDELN, HASELN\u00dcSSE, SENF UND LUPINE. AUFSTRICH MIT WEISSER SCHOKOLADE<\/strong> - Zutaten: Zucker, wei\u00dfe Schokolade 25% (Kakaobutter, <strong>MILCH<\/strong> Pulver, Emulgator: Lecithin aus <strong>SOYA<\/strong>, nat\u00fcrliches Vanillearoma), <strong>MILCH<\/strong> Pulver, Molke aus <strong>MILCH<\/strong> pulverisierte ungeh\u00e4rtete pflanzliche Fette (Sonnenblumen\u00f6l, Kokosnuss\u00f6l, Kakaobutter), natives Oliven\u00f6l extra,<\/p>","protected":false},"excerpt":{"rendered":"<p>Umh\u00fcllt von einer Kaskade aus wei\u00dfer Schokolade und weichen, saftigen kandierten Beeren, hat diese handgefertigte Colomba einen zarten, duftenden Teig, der mit weiteren kandierten Beeren angereichert ist. In der Verpackung befindet sich ein 180-g-Glas mit wei\u00dfer Schokoladencreme.<\/p>","protected":false},"featured_media":14372,"comment_status":"open","ping_status":"closed","template":"","meta":[],"product_brand":[],"product_cat":[46,113],"product_tag":[],"class_list":{"0":"post-2529","1":"product","2":"type-product","3":"status-publish","4":"has-post-thumbnail","6":"product_cat-pasqua","7":"product_cat-colomba-vasetto","9":"first","10":"outofstock","11":"shipping-taxable","12":"product-type-simple"},"yoast_head":"<!-- This site is optimized with the Yoast SEO Premium plugin v21.8 (Yoast SEO v26.6) - https:\/\/yoast.com\/wordpress\/plugins\/seo\/ -->\n<title>Colomba Ensamble - Cioccolato Bianco e Frutti di Bosco con Vasetto di Crema al Cioccolato Bianco 750g + 180g - Vincente Delicacies<\/title>\n<meta name=\"description\" content=\"Ricoperta da una cascata al cioccolato bianco e da morbidi e succosi frutti di bosco canditi, questa colomba artigianale ha un impasto delicato e profumatissimo arricchito da altri frutti di bosco canditi. All\u2019interno della confezione \u00e8 presente un vasetto di crema di cioccolato bianco da 180 gr.\" \/>\n<meta name=\"robots\" content=\"index, follow, max-snippet:-1, max-image-preview:large, max-video-preview:-1\" \/>\n<link rel=\"canonical\" href=\"https:\/\/vincentedelicacies.com\/de\/produkt\/colomba-aus-weiser-schokolade-und-beeren-mit-einem-glas-weiser-schokoladencreme\/\" \/>\n<meta property=\"og:locale\" content=\"de_DE\" \/>\n<meta property=\"og:type\" content=\"article\" \/>\n<meta property=\"og:title\" content=\"Colomba Ensamble - Cioccolato Bianco e Frutti di Bosco con Vasetto di Crema al Cioccolato Bianco 750g + 180g\" \/>\n<meta property=\"og:description\" content=\"Ricoperta da una cascata al cioccolato bianco e da morbidi e succosi frutti di bosco canditi, questa colomba artigianale ha un impasto delicato e profumatissimo arricchito da altri frutti di bosco canditi. All\u2019interno della confezione \u00e8 presente un vasetto di crema di cioccolato bianco da 180 gr.\" \/>\n<meta property=\"og:url\" content=\"https:\/\/vincentedelicacies.com\/de\/produkt\/colomba-aus-weiser-schokolade-und-beeren-mit-einem-glas-weiser-schokoladencreme\/\" \/>\n<meta property=\"og:site_name\" content=\"Vincente Delicacies\" \/>\n<meta property=\"article:modified_time\" content=\"2023-03-21T08:16:06+00:00\" \/>\n<meta property=\"og:image\" content=\"https:\/\/vincentedelicacies.com\/wp-content\/uploads\/2021\/06\/ensamble-frutti-di-bosco-e-ciocc-binaco-vasetto-cioccolato-bianco.jpg\" \/>\n\t<meta property=\"og:image:width\" content=\"890\" \/>\n\t<meta property=\"og:image:height\" content=\"899\" \/>\n\t<meta property=\"og:image:type\" content=\"image\/jpeg\" \/>\n<meta name=\"twitter:card\" content=\"summary_large_image\" \/>\n<meta name=\"twitter:label1\" content=\"Gesch\u00e4tzte Lesezeit\" \/>\n\t<meta name=\"twitter:data1\" content=\"1\u00a0Minute\" \/>\n<script type=\"application\/ld+json\" class=\"yoast-schema-graph\">{\"@context\":\"https:\/\/schema.org\",\"@graph\":[{\"@type\":\"WebPage\",\"@id\":\"https:\/\/vincentedelicacies.com\/prodotto\/colomba-cioccolato-bianco-e-frutti-di-bosco-con-vasetto-di-crema-al-cioccolato-bianco\/\",\"url\":\"https:\/\/vincentedelicacies.com\/prodotto\/colomba-cioccolato-bianco-e-frutti-di-bosco-con-vasetto-di-crema-al-cioccolato-bianco\/\",\"name\":\"Colomba Ensamble - Cioccolato Bianco e Frutti di Bosco con Vasetto di Crema al Cioccolato Bianco 750g + 180g - Vincente Delicacies\",\"isPartOf\":{\"@id\":\"https:\/\/vincentedelicacies.com\/#website\"},\"primaryImageOfPage\":{\"@id\":\"https:\/\/vincentedelicacies.com\/prodotto\/colomba-cioccolato-bianco-e-frutti-di-bosco-con-vasetto-di-crema-al-cioccolato-bianco\/#primaryimage\"},\"image\":{\"@id\":\"https:\/\/vincentedelicacies.com\/prodotto\/colomba-cioccolato-bianco-e-frutti-di-bosco-con-vasetto-di-crema-al-cioccolato-bianco\/#primaryimage\"},\"thumbnailUrl\":\"https:\/\/vincentedelicacies.com\/wp-content\/uploads\/2021\/06\/ensamble-frutti-di-bosco-e-ciocc-binaco-vasetto-cioccolato-bianco.jpg\",\"datePublished\":\"2021-06-23T13:59:48+00:00\",\"dateModified\":\"2023-03-21T08:16:06+00:00\",\"description\":\"Ricoperta da una cascata al cioccolato bianco e da morbidi e succosi frutti di bosco canditi, questa colomba artigianale ha un impasto delicato e profumatissimo arricchito da altri frutti di bosco canditi. All\u2019interno della confezione \u00e8 presente un vasetto di crema di cioccolato bianco da 180 gr.\",\"breadcrumb\":{\"@id\":\"https:\/\/vincentedelicacies.com\/prodotto\/colomba-cioccolato-bianco-e-frutti-di-bosco-con-vasetto-di-crema-al-cioccolato-bianco\/#breadcrumb\"},\"inLanguage\":\"de\",\"potentialAction\":[{\"@type\":\"ReadAction\",\"target\":[\"https:\/\/vincentedelicacies.com\/prodotto\/colomba-cioccolato-bianco-e-frutti-di-bosco-con-vasetto-di-crema-al-cioccolato-bianco\/\"]}]},{\"@type\":\"ImageObject\",\"inLanguage\":\"de\",\"@id\":\"https:\/\/vincentedelicacies.com\/prodotto\/colomba-cioccolato-bianco-e-frutti-di-bosco-con-vasetto-di-crema-al-cioccolato-bianco\/#primaryimage\",\"url\":\"https:\/\/vincentedelicacies.com\/wp-content\/uploads\/2021\/06\/ensamble-frutti-di-bosco-e-ciocc-binaco-vasetto-cioccolato-bianco.jpg\",\"contentUrl\":\"https:\/\/vincentedelicacies.com\/wp-content\/uploads\/2021\/06\/ensamble-frutti-di-bosco-e-ciocc-binaco-vasetto-cioccolato-bianco.jpg\",\"width\":890,\"height\":899,\"caption\":\"Colomba artigianale con Ananas, Albicocca e Pistacchio di Sicilia 750g\"},{\"@type\":\"BreadcrumbList\",\"@id\":\"https:\/\/vincentedelicacies.com\/prodotto\/colomba-cioccolato-bianco-e-frutti-di-bosco-con-vasetto-di-crema-al-cioccolato-bianco\/#breadcrumb\",\"itemListElement\":[{\"@type\":\"ListItem\",\"position\":1,\"name\":\"Home\",\"item\":\"https:\/\/vincentedelicacies.com\/\"},{\"@type\":\"ListItem\",\"position\":2,\"name\":\"Prodotti\",\"item\":\"https:\/\/vincentedelicacies.com\/shop1__trashed\/\"},{\"@type\":\"ListItem\",\"position\":3,\"name\":\"Colomba Ensamble &#8211; Cioccolato Bianco e Frutti di Bosco con Vasetto di Crema al Cioccolato Bianco 750g + 180g\"}]},{\"@type\":\"WebSite\",\"@id\":\"https:\/\/vincentedelicacies.com\/#website\",\"url\":\"https:\/\/vincentedelicacies.com\/\",\"name\":\"Vincente Delicacies\",\"description\":\"Un grande laboratorio di pasticceria\",\"publisher\":{\"@id\":\"https:\/\/vincentedelicacies.com\/#organization\"},\"potentialAction\":[{\"@type\":\"SearchAction\",\"target\":{\"@type\":\"EntryPoint\",\"urlTemplate\":\"https:\/\/vincentedelicacies.com\/?s={search_term_string}\"},\"query-input\":{\"@type\":\"PropertyValueSpecification\",\"valueRequired\":true,\"valueName\":\"search_term_string\"}}],\"inLanguage\":\"de\"},{\"@type\":\"Organization\",\"@id\":\"https:\/\/vincentedelicacies.com\/#organization\",\"name\":\"Vincente Delicacies\",\"url\":\"https:\/\/vincentedelicacies.com\/\",\"logo\":{\"@type\":\"ImageObject\",\"inLanguage\":\"de\",\"@id\":\"https:\/\/vincentedelicacies.com\/#\/schema\/logo\/image\/\",\"url\":\"https:\/\/vincentedelicacies.com\/wp-content\/uploads\/2021\/06\/logo.png\",\"contentUrl\":\"https:\/\/vincentedelicacies.com\/wp-content\/uploads\/2021\/06\/logo.png\",\"width\":159,\"height\":47,\"caption\":\"Vincente Delicacies\"},\"image\":{\"@id\":\"https:\/\/vincentedelicacies.com\/#\/schema\/logo\/image\/\"}}]}<\/script>\n<!-- \/ Yoast SEO Premium plugin. -->","yoast_head_json":{"title":"Colomba Ensamble - Cioccolato Bianco e Frutti di Bosco con Vasetto di Crema al Cioccolato Bianco 750g + 180g - Vincente Delicacies","description":"Ricoperta da una cascata al cioccolato bianco e da morbidi e succosi frutti di bosco canditi, questa colomba artigianale ha un impasto delicato e profumatissimo arricchito da altri frutti di bosco canditi. All\u2019interno della confezione \u00e8 presente un vasetto di crema di cioccolato bianco da 180 gr.","robots":{"index":"index","follow":"follow","max-snippet":"max-snippet:-1","max-image-preview":"max-image-preview:large","max-video-preview":"max-video-preview:-1"},"canonical":"https:\/\/vincentedelicacies.com\/de\/produkt\/colomba-aus-weiser-schokolade-und-beeren-mit-einem-glas-weiser-schokoladencreme\/","og_locale":"de_DE","og_type":"article","og_title":"Colomba Ensamble - Cioccolato Bianco e Frutti di Bosco con Vasetto di Crema al Cioccolato Bianco 750g + 180g","og_description":"Ricoperta da una cascata al cioccolato bianco e da morbidi e succosi frutti di bosco canditi, questa colomba artigianale ha un impasto delicato e profumatissimo arricchito da altri frutti di bosco canditi. All\u2019interno della confezione \u00e8 presente un vasetto di crema di cioccolato bianco da 180 gr.","og_url":"https:\/\/vincentedelicacies.com\/de\/produkt\/colomba-aus-weiser-schokolade-und-beeren-mit-einem-glas-weiser-schokoladencreme\/","og_site_name":"Vincente Delicacies","article_modified_time":"2023-03-21T08:16:06+00:00","og_image":[{"width":890,"height":899,"url":"https:\/\/vincentedelicacies.com\/wp-content\/uploads\/2021\/06\/ensamble-frutti-di-bosco-e-ciocc-binaco-vasetto-cioccolato-bianco.jpg","type":"image\/jpeg"}],"twitter_card":"summary_large_image","twitter_misc":{"Gesch\u00e4tzte Lesezeit":"1\u00a0Minute"},"schema":{"@context":"https:\/\/schema.org","@graph":[{"@type":"WebPage","@id":"https:\/\/vincentedelicacies.com\/prodotto\/colomba-cioccolato-bianco-e-frutti-di-bosco-con-vasetto-di-crema-al-cioccolato-bianco\/","url":"https:\/\/vincentedelicacies.com\/prodotto\/colomba-cioccolato-bianco-e-frutti-di-bosco-con-vasetto-di-crema-al-cioccolato-bianco\/","name":"Colomba Ensamble - Cioccolato Bianco e Frutti di Bosco con Vasetto di Crema al Cioccolato Bianco 750g + 180g - Vincente Delicacies","isPartOf":{"@id":"https:\/\/vincentedelicacies.com\/#website"},"primaryImageOfPage":{"@id":"https:\/\/vincentedelicacies.com\/prodotto\/colomba-cioccolato-bianco-e-frutti-di-bosco-con-vasetto-di-crema-al-cioccolato-bianco\/#primaryimage"},"image":{"@id":"https:\/\/vincentedelicacies.com\/prodotto\/colomba-cioccolato-bianco-e-frutti-di-bosco-con-vasetto-di-crema-al-cioccolato-bianco\/#primaryimage"},"thumbnailUrl":"https:\/\/vincentedelicacies.com\/wp-content\/uploads\/2021\/06\/ensamble-frutti-di-bosco-e-ciocc-binaco-vasetto-cioccolato-bianco.jpg","datePublished":"2021-06-23T13:59:48+00:00","dateModified":"2023-03-21T08:16:06+00:00","description":"Ricoperta da una cascata al cioccolato bianco e da morbidi e succosi frutti di bosco canditi, questa colomba artigianale ha un impasto delicato e profumatissimo arricchito da altri frutti di bosco canditi. All\u2019interno della confezione \u00e8 presente un vasetto di crema di cioccolato bianco da 180 gr.","breadcrumb":{"@id":"https:\/\/vincentedelicacies.com\/prodotto\/colomba-cioccolato-bianco-e-frutti-di-bosco-con-vasetto-di-crema-al-cioccolato-bianco\/#breadcrumb"},"inLanguage":"de","potentialAction":[{"@type":"ReadAction","target":["https:\/\/vincentedelicacies.com\/prodotto\/colomba-cioccolato-bianco-e-frutti-di-bosco-con-vasetto-di-crema-al-cioccolato-bianco\/"]}]},{"@type":"ImageObject","inLanguage":"de","@id":"https:\/\/vincentedelicacies.com\/prodotto\/colomba-cioccolato-bianco-e-frutti-di-bosco-con-vasetto-di-crema-al-cioccolato-bianco\/#primaryimage","url":"https:\/\/vincentedelicacies.com\/wp-content\/uploads\/2021\/06\/ensamble-frutti-di-bosco-e-ciocc-binaco-vasetto-cioccolato-bianco.jpg","contentUrl":"https:\/\/vincentedelicacies.com\/wp-content\/uploads\/2021\/06\/ensamble-frutti-di-bosco-e-ciocc-binaco-vasetto-cioccolato-bianco.jpg","width":890,"height":899,"caption":"Colomba artigianale con Ananas, Albicocca e Pistacchio di Sicilia 750g"},{"@type":"BreadcrumbList","@id":"https:\/\/vincentedelicacies.com\/prodotto\/colomba-cioccolato-bianco-e-frutti-di-bosco-con-vasetto-di-crema-al-cioccolato-bianco\/#breadcrumb","itemListElement":[{"@type":"ListItem","position":1,"name":"Home","item":"https:\/\/vincentedelicacies.com\/"},{"@type":"ListItem","position":2,"name":"Prodotti","item":"https:\/\/vincentedelicacies.com\/shop1__trashed\/"},{"@type":"ListItem","position":3,"name":"Colomba Ensamble &#8211; Cioccolato Bianco e Frutti di Bosco con Vasetto di Crema al Cioccolato Bianco 750g + 180g"}]},{"@type":"WebSite","@id":"https:\/\/vincentedelicacies.com\/#website","url":"https:\/\/vincentedelicacies.com\/","name":"Vincente Delicacies","description":"Un grande laboratorio di pasticceria","publisher":{"@id":"https:\/\/vincentedelicacies.com\/#organization"},"potentialAction":[{"@type":"SearchAction","target":{"@type":"EntryPoint","urlTemplate":"https:\/\/vincentedelicacies.com\/?s={search_term_string}"},"query-input":{"@type":"PropertyValueSpecification","valueRequired":true,"valueName":"search_term_string"}}],"inLanguage":"de"},{"@type":"Organization","@id":"https:\/\/vincentedelicacies.com\/#organization","name":"Vincente Delicacies","url":"https:\/\/vincentedelicacies.com\/","logo":{"@type":"ImageObject","inLanguage":"de","@id":"https:\/\/vincentedelicacies.com\/#\/schema\/logo\/image\/","url":"https:\/\/vincentedelicacies.com\/wp-content\/uploads\/2021\/06\/logo.png","contentUrl":"https:\/\/vincentedelicacies.com\/wp-content\/uploads\/2021\/06\/logo.png","width":159,"height":47,"caption":"Vincente Delicacies"},"image":{"@id":"https:\/\/vincentedelicacies.com\/#\/schema\/logo\/image\/"}}]}},"_links":{"self":[{"href":"https:\/\/vincentedelicacies.com\/de\/wp-json\/wp\/v2\/product\/2529","targetHints":{"allow":["GET"]}}],"collection":[{"href":"https:\/\/vincentedelicacies.com\/de\/wp-json\/wp\/v2\/product"}],"about":[{"href":"https:\/\/vincentedelicacies.com\/de\/wp-json\/wp\/v2\/types\/product"}],"replies":[{"embeddable":true,"href":"https:\/\/vincentedelicacies.com\/de\/wp-json\/wp\/v2\/comments?post=2529"}],"wp:featuredmedia":[{"embeddable":true,"href":"https:\/\/vincentedelicacies.com\/de\/wp-json\/wp\/v2\/media\/14372"}],"wp:attachment":[{"href":"https:\/\/vincentedelicacies.com\/de\/wp-json\/wp\/v2\/media?parent=2529"}],"wp:term":[{"taxonomy":"product_brand","embeddable":true,"href":"https:\/\/vincentedelicacies.com\/de\/wp-json\/wp\/v2\/product_brand?post=2529"},{"taxonomy":"product_cat","embeddable":true,"href":"https:\/\/vincentedelicacies.com\/de\/wp-json\/wp\/v2\/product_cat?post=2529"},{"taxonomy":"product_tag","embeddable":true,"href":"https:\/\/vincentedelicacies.com\/de\/wp-json\/wp\/v2\/product_tag?post=2529"}],"curies":[{"name":"wp","href":"https:\/\/api.w.org\/{rel}","templated":true}]}}