{"id":2510,"date":"2021-06-23T13:29:03","date_gmt":"2021-06-23T13:29:03","guid":{"rendered":"https:\/\/vincentedelicacies.com\/?post_type=product&#038;p=2510"},"modified":"2023-04-04T13:31:58","modified_gmt":"2023-04-04T13:31:58","slug":"colomba-mit-zartbitterschokolade-uberzogen-und-mit-gruner-pistazien-dop-creme-gefullt","status":"publish","type":"product","link":"https:\/\/vincentedelicacies.com\/de\/produkt\/colomba-mit-zartbitterschokolade-uberzogen-und-mit-gruner-pistazien-dop-creme-gefullt\/","title":{"rendered":"Colomba umh\u00fcllt von Zartbitterschokolade und gef\u00fcllt mit 'Bronte Green Pistachio Dop' Creme 900g"},"content":{"rendered":"<p>Zutaten: Mehl aus <strong>FRUMENTO<\/strong>, <strong>BUTTER<\/strong>Zucker, Eigelb <strong>der EGG<\/strong>nat\u00fcrliche Hefe (Mehl) <strong>FRUMENTO<\/strong>, Wasser), Emulgatoren: Mono- und Diglyceride von Speisefetts\u00e4uren, Glukosesirup, <strong>MILCH<\/strong> Magermilchpulver, Kakaobutter, Honig, nat\u00fcrliche Aromen, Salz. F\u00fcllung: Sahne mit <strong>PISTACHO<\/strong> mit\" <strong>PISTACHO<\/strong> verde di Bronte PDO\" 16% (Zucker, \"<strong>PISTACHO<\/strong> verde di Bronte PDO\" 20%, <strong>MILCH<\/strong> Pulver, Molke aus <strong>MILCH<\/strong> Pulver, ungeh\u00e4rtete pflanzliche Fette (Sonnenblumen\u00f6l, Kokosnuss\u00f6l, Kakaobutter), Emulgator: Kakao-Lecithin <strong>SOYA<\/strong>, Aromen, Alkoholhydrat, Farbstoff: E141). \u00dcberzug: extra dunkle Schokolade 8% (Kakaomasse, Zucker, Kakaobutter, Emulgator: Kakao-Lecithin), Farbstoff: E141. <strong>SOYA<\/strong>nat\u00fcrliches Vanillearoma), K\u00f6rner von '.<strong>PISTACHO<\/strong> verde di Bronte DOP' 5%. Kann enthalten <strong>MANDELN, HASELN\u00dcSSE, SENF UND LUPINEN. <\/strong><\/p>","protected":false},"excerpt":{"rendered":"<p>Eine handwerklich hergestellte Colomba, \u00fcberzogen mit einer 70%-Zartbitterschokoladenglasur mit sizilianischen Pistazienk\u00f6rnern und einem weichen Teig, gef\u00fcllt mit Pistaziencreme. Ein handwerkliches und einzigartiges Dessert dank der Kombination von Zartbitterschokolade und sizilianischen Pistazien.<\/p>","protected":false},"featured_media":14398,"comment_status":"open","ping_status":"closed","template":"","meta":[],"product_brand":[],"product_cat":[46,112],"product_tag":[],"class_list":{"0":"post-2510","1":"product","2":"type-product","3":"status-publish","4":"has-post-thumbnail","6":"product_cat-pasqua","7":"product_cat-farcite-in-scatola","9":"first","10":"outofstock","11":"shipping-taxable","12":"product-type-simple"},"yoast_head":"<!-- This site is optimized with the Yoast SEO Premium plugin v21.8 (Yoast SEO v26.6) - https:\/\/yoast.com\/wordpress\/plugins\/seo\/ -->\n<title>Colomba Ricoperta di Cioccolato Fondente e Farcita con Crema di \u201cPistacchio Verde di Bronte Dop\u201d 900g - Vincente Delicacies<\/title>\n<meta name=\"description\" content=\"Una colomba artigianale ricoperta da una glassa al cioccolato extra fondente al 70% con una spolverata di granella di pistacchio siciliano e all\u2019interno un morbido impasto farcito con crema al pistacchio. Dolce artigianale e unico grazie all\u2019unione del cioccolato extra fondente e del pistacchio di Sicilia.\" \/>\n<meta name=\"robots\" content=\"index, follow, max-snippet:-1, max-image-preview:large, max-video-preview:-1\" \/>\n<link rel=\"canonical\" href=\"https:\/\/vincentedelicacies.com\/de\/produkt\/colomba-mit-zartbitterschokolade-uberzogen-und-mit-gruner-pistazien-dop-creme-gefullt\/\" \/>\n<meta property=\"og:locale\" content=\"de_DE\" \/>\n<meta property=\"og:type\" content=\"article\" \/>\n<meta property=\"og:title\" content=\"Colomba Ricoperta di Cioccolato Fondente e Farcita con Crema di \u201cPistacchio Verde di Bronte Dop\u201d 900g\" \/>\n<meta property=\"og:description\" content=\"Una colomba artigianale ricoperta da una glassa al cioccolato extra fondente al 70% con una spolverata di granella di pistacchio siciliano e all\u2019interno un morbido impasto farcito con crema al pistacchio. Dolce artigianale e unico grazie all\u2019unione del cioccolato extra fondente e del pistacchio di Sicilia.\" \/>\n<meta property=\"og:url\" content=\"https:\/\/vincentedelicacies.com\/de\/produkt\/colomba-mit-zartbitterschokolade-uberzogen-und-mit-gruner-pistazien-dop-creme-gefullt\/\" \/>\n<meta property=\"og:site_name\" content=\"Vincente Delicacies\" \/>\n<meta property=\"article:modified_time\" content=\"2023-04-04T13:31:58+00:00\" \/>\n<meta property=\"og:image\" content=\"https:\/\/vincentedelicacies.com\/wp-content\/uploads\/2021\/06\/colomba-ricoperta-ciocc-fondente-granella-e-ripiena-al-pistacchio.jpg\" \/>\n\t<meta property=\"og:image:width\" content=\"890\" \/>\n\t<meta property=\"og:image:height\" content=\"899\" \/>\n\t<meta property=\"og:image:type\" content=\"image\/jpeg\" \/>\n<meta name=\"twitter:card\" content=\"summary_large_image\" \/>\n<meta name=\"twitter:label1\" content=\"Gesch\u00e4tzte Lesezeit\" \/>\n\t<meta name=\"twitter:data1\" content=\"1\u00a0Minute\" \/>\n<script type=\"application\/ld+json\" class=\"yoast-schema-graph\">{\"@context\":\"https:\/\/schema.org\",\"@graph\":[{\"@type\":\"WebPage\",\"@id\":\"https:\/\/vincentedelicacies.com\/prodotto\/colomba-ricoperta-di-cioccolato-fondente-e-farcita-con-crema-di-pistacchio-verde-di-bronte-dop\/\",\"url\":\"https:\/\/vincentedelicacies.com\/prodotto\/colomba-ricoperta-di-cioccolato-fondente-e-farcita-con-crema-di-pistacchio-verde-di-bronte-dop\/\",\"name\":\"Colomba Ricoperta di Cioccolato Fondente e Farcita con Crema di \u201cPistacchio Verde di Bronte Dop\u201d 900g - Vincente Delicacies\",\"isPartOf\":{\"@id\":\"https:\/\/vincentedelicacies.com\/#website\"},\"primaryImageOfPage\":{\"@id\":\"https:\/\/vincentedelicacies.com\/prodotto\/colomba-ricoperta-di-cioccolato-fondente-e-farcita-con-crema-di-pistacchio-verde-di-bronte-dop\/#primaryimage\"},\"image\":{\"@id\":\"https:\/\/vincentedelicacies.com\/prodotto\/colomba-ricoperta-di-cioccolato-fondente-e-farcita-con-crema-di-pistacchio-verde-di-bronte-dop\/#primaryimage\"},\"thumbnailUrl\":\"https:\/\/vincentedelicacies.com\/wp-content\/uploads\/2021\/06\/colomba-ricoperta-ciocc-fondente-granella-e-ripiena-al-pistacchio.jpg\",\"datePublished\":\"2021-06-23T13:29:03+00:00\",\"dateModified\":\"2023-04-04T13:31:58+00:00\",\"description\":\"Una colomba artigianale ricoperta da una glassa al cioccolato extra fondente al 70% con una spolverata di granella di pistacchio siciliano e all\u2019interno un morbido impasto farcito con crema al pistacchio. Dolce artigianale e unico grazie all\u2019unione del cioccolato extra fondente e del pistacchio di Sicilia.\",\"breadcrumb\":{\"@id\":\"https:\/\/vincentedelicacies.com\/prodotto\/colomba-ricoperta-di-cioccolato-fondente-e-farcita-con-crema-di-pistacchio-verde-di-bronte-dop\/#breadcrumb\"},\"inLanguage\":\"de\",\"potentialAction\":[{\"@type\":\"ReadAction\",\"target\":[\"https:\/\/vincentedelicacies.com\/prodotto\/colomba-ricoperta-di-cioccolato-fondente-e-farcita-con-crema-di-pistacchio-verde-di-bronte-dop\/\"]}]},{\"@type\":\"ImageObject\",\"inLanguage\":\"de\",\"@id\":\"https:\/\/vincentedelicacies.com\/prodotto\/colomba-ricoperta-di-cioccolato-fondente-e-farcita-con-crema-di-pistacchio-verde-di-bronte-dop\/#primaryimage\",\"url\":\"https:\/\/vincentedelicacies.com\/wp-content\/uploads\/2021\/06\/colomba-ricoperta-ciocc-fondente-granella-e-ripiena-al-pistacchio.jpg\",\"contentUrl\":\"https:\/\/vincentedelicacies.com\/wp-content\/uploads\/2021\/06\/colomba-ricoperta-ciocc-fondente-granella-e-ripiena-al-pistacchio.jpg\",\"width\":890,\"height\":899,\"caption\":\"Colomba Ricoperta di Cioccolato Fondente e Farcita con Crema di \u201cPistacchio Verde di Bronte\"},{\"@type\":\"BreadcrumbList\",\"@id\":\"https:\/\/vincentedelicacies.com\/prodotto\/colomba-ricoperta-di-cioccolato-fondente-e-farcita-con-crema-di-pistacchio-verde-di-bronte-dop\/#breadcrumb\",\"itemListElement\":[{\"@type\":\"ListItem\",\"position\":1,\"name\":\"Home\",\"item\":\"https:\/\/vincentedelicacies.com\/\"},{\"@type\":\"ListItem\",\"position\":2,\"name\":\"Prodotti\",\"item\":\"https:\/\/vincentedelicacies.com\/shop1__trashed\/\"},{\"@type\":\"ListItem\",\"position\":3,\"name\":\"Colomba Ricoperta di Cioccolato Fondente e Farcita con Crema di \u201cPistacchio Verde di Bronte Dop\u201d 900g\"}]},{\"@type\":\"WebSite\",\"@id\":\"https:\/\/vincentedelicacies.com\/#website\",\"url\":\"https:\/\/vincentedelicacies.com\/\",\"name\":\"Vincente Delicacies\",\"description\":\"Un grande laboratorio di pasticceria\",\"publisher\":{\"@id\":\"https:\/\/vincentedelicacies.com\/#organization\"},\"potentialAction\":[{\"@type\":\"SearchAction\",\"target\":{\"@type\":\"EntryPoint\",\"urlTemplate\":\"https:\/\/vincentedelicacies.com\/?s={search_term_string}\"},\"query-input\":{\"@type\":\"PropertyValueSpecification\",\"valueRequired\":true,\"valueName\":\"search_term_string\"}}],\"inLanguage\":\"de\"},{\"@type\":\"Organization\",\"@id\":\"https:\/\/vincentedelicacies.com\/#organization\",\"name\":\"Vincente Delicacies\",\"url\":\"https:\/\/vincentedelicacies.com\/\",\"logo\":{\"@type\":\"ImageObject\",\"inLanguage\":\"de\",\"@id\":\"https:\/\/vincentedelicacies.com\/#\/schema\/logo\/image\/\",\"url\":\"https:\/\/vincentedelicacies.com\/wp-content\/uploads\/2021\/06\/logo.png\",\"contentUrl\":\"https:\/\/vincentedelicacies.com\/wp-content\/uploads\/2021\/06\/logo.png\",\"width\":159,\"height\":47,\"caption\":\"Vincente Delicacies\"},\"image\":{\"@id\":\"https:\/\/vincentedelicacies.com\/#\/schema\/logo\/image\/\"}}]}<\/script>\n<!-- \/ Yoast SEO Premium plugin. -->","yoast_head_json":{"title":"Colomba Ricoperta di Cioccolato Fondente e Farcita con Crema di \u201cPistacchio Verde di Bronte Dop\u201d 900g - Vincente Delicacies","description":"Una colomba artigianale ricoperta da una glassa al cioccolato extra fondente al 70% con una spolverata di granella di pistacchio siciliano e all\u2019interno un morbido impasto farcito con crema al pistacchio. Dolce artigianale e unico grazie all\u2019unione del cioccolato extra fondente e del pistacchio di Sicilia.","robots":{"index":"index","follow":"follow","max-snippet":"max-snippet:-1","max-image-preview":"max-image-preview:large","max-video-preview":"max-video-preview:-1"},"canonical":"https:\/\/vincentedelicacies.com\/de\/produkt\/colomba-mit-zartbitterschokolade-uberzogen-und-mit-gruner-pistazien-dop-creme-gefullt\/","og_locale":"de_DE","og_type":"article","og_title":"Colomba Ricoperta di Cioccolato Fondente e Farcita con Crema di \u201cPistacchio Verde di Bronte Dop\u201d 900g","og_description":"Una colomba artigianale ricoperta da una glassa al cioccolato extra fondente al 70% con una spolverata di granella di pistacchio siciliano e all\u2019interno un morbido impasto farcito con crema al pistacchio. Dolce artigianale e unico grazie all\u2019unione del cioccolato extra fondente e del pistacchio di Sicilia.","og_url":"https:\/\/vincentedelicacies.com\/de\/produkt\/colomba-mit-zartbitterschokolade-uberzogen-und-mit-gruner-pistazien-dop-creme-gefullt\/","og_site_name":"Vincente Delicacies","article_modified_time":"2023-04-04T13:31:58+00:00","og_image":[{"width":890,"height":899,"url":"https:\/\/vincentedelicacies.com\/wp-content\/uploads\/2021\/06\/colomba-ricoperta-ciocc-fondente-granella-e-ripiena-al-pistacchio.jpg","type":"image\/jpeg"}],"twitter_card":"summary_large_image","twitter_misc":{"Gesch\u00e4tzte Lesezeit":"1\u00a0Minute"},"schema":{"@context":"https:\/\/schema.org","@graph":[{"@type":"WebPage","@id":"https:\/\/vincentedelicacies.com\/prodotto\/colomba-ricoperta-di-cioccolato-fondente-e-farcita-con-crema-di-pistacchio-verde-di-bronte-dop\/","url":"https:\/\/vincentedelicacies.com\/prodotto\/colomba-ricoperta-di-cioccolato-fondente-e-farcita-con-crema-di-pistacchio-verde-di-bronte-dop\/","name":"Colomba Ricoperta di Cioccolato Fondente e Farcita con Crema di \u201cPistacchio Verde di Bronte Dop\u201d 900g - Vincente Delicacies","isPartOf":{"@id":"https:\/\/vincentedelicacies.com\/#website"},"primaryImageOfPage":{"@id":"https:\/\/vincentedelicacies.com\/prodotto\/colomba-ricoperta-di-cioccolato-fondente-e-farcita-con-crema-di-pistacchio-verde-di-bronte-dop\/#primaryimage"},"image":{"@id":"https:\/\/vincentedelicacies.com\/prodotto\/colomba-ricoperta-di-cioccolato-fondente-e-farcita-con-crema-di-pistacchio-verde-di-bronte-dop\/#primaryimage"},"thumbnailUrl":"https:\/\/vincentedelicacies.com\/wp-content\/uploads\/2021\/06\/colomba-ricoperta-ciocc-fondente-granella-e-ripiena-al-pistacchio.jpg","datePublished":"2021-06-23T13:29:03+00:00","dateModified":"2023-04-04T13:31:58+00:00","description":"Una colomba artigianale ricoperta da una glassa al cioccolato extra fondente al 70% con una spolverata di granella di pistacchio siciliano e all\u2019interno un morbido impasto farcito con crema al pistacchio. Dolce artigianale e unico grazie all\u2019unione del cioccolato extra fondente e del pistacchio di Sicilia.","breadcrumb":{"@id":"https:\/\/vincentedelicacies.com\/prodotto\/colomba-ricoperta-di-cioccolato-fondente-e-farcita-con-crema-di-pistacchio-verde-di-bronte-dop\/#breadcrumb"},"inLanguage":"de","potentialAction":[{"@type":"ReadAction","target":["https:\/\/vincentedelicacies.com\/prodotto\/colomba-ricoperta-di-cioccolato-fondente-e-farcita-con-crema-di-pistacchio-verde-di-bronte-dop\/"]}]},{"@type":"ImageObject","inLanguage":"de","@id":"https:\/\/vincentedelicacies.com\/prodotto\/colomba-ricoperta-di-cioccolato-fondente-e-farcita-con-crema-di-pistacchio-verde-di-bronte-dop\/#primaryimage","url":"https:\/\/vincentedelicacies.com\/wp-content\/uploads\/2021\/06\/colomba-ricoperta-ciocc-fondente-granella-e-ripiena-al-pistacchio.jpg","contentUrl":"https:\/\/vincentedelicacies.com\/wp-content\/uploads\/2021\/06\/colomba-ricoperta-ciocc-fondente-granella-e-ripiena-al-pistacchio.jpg","width":890,"height":899,"caption":"Colomba Ricoperta di Cioccolato Fondente e Farcita con Crema di \u201cPistacchio Verde di Bronte"},{"@type":"BreadcrumbList","@id":"https:\/\/vincentedelicacies.com\/prodotto\/colomba-ricoperta-di-cioccolato-fondente-e-farcita-con-crema-di-pistacchio-verde-di-bronte-dop\/#breadcrumb","itemListElement":[{"@type":"ListItem","position":1,"name":"Home","item":"https:\/\/vincentedelicacies.com\/"},{"@type":"ListItem","position":2,"name":"Prodotti","item":"https:\/\/vincentedelicacies.com\/shop1__trashed\/"},{"@type":"ListItem","position":3,"name":"Colomba Ricoperta di Cioccolato Fondente e Farcita con Crema di \u201cPistacchio Verde di Bronte Dop\u201d 900g"}]},{"@type":"WebSite","@id":"https:\/\/vincentedelicacies.com\/#website","url":"https:\/\/vincentedelicacies.com\/","name":"Vincente Delicacies","description":"Un grande laboratorio di pasticceria","publisher":{"@id":"https:\/\/vincentedelicacies.com\/#organization"},"potentialAction":[{"@type":"SearchAction","target":{"@type":"EntryPoint","urlTemplate":"https:\/\/vincentedelicacies.com\/?s={search_term_string}"},"query-input":{"@type":"PropertyValueSpecification","valueRequired":true,"valueName":"search_term_string"}}],"inLanguage":"de"},{"@type":"Organization","@id":"https:\/\/vincentedelicacies.com\/#organization","name":"Vincente Delicacies","url":"https:\/\/vincentedelicacies.com\/","logo":{"@type":"ImageObject","inLanguage":"de","@id":"https:\/\/vincentedelicacies.com\/#\/schema\/logo\/image\/","url":"https:\/\/vincentedelicacies.com\/wp-content\/uploads\/2021\/06\/logo.png","contentUrl":"https:\/\/vincentedelicacies.com\/wp-content\/uploads\/2021\/06\/logo.png","width":159,"height":47,"caption":"Vincente Delicacies"},"image":{"@id":"https:\/\/vincentedelicacies.com\/#\/schema\/logo\/image\/"}}]}},"_links":{"self":[{"href":"https:\/\/vincentedelicacies.com\/de\/wp-json\/wp\/v2\/product\/2510","targetHints":{"allow":["GET"]}}],"collection":[{"href":"https:\/\/vincentedelicacies.com\/de\/wp-json\/wp\/v2\/product"}],"about":[{"href":"https:\/\/vincentedelicacies.com\/de\/wp-json\/wp\/v2\/types\/product"}],"replies":[{"embeddable":true,"href":"https:\/\/vincentedelicacies.com\/de\/wp-json\/wp\/v2\/comments?post=2510"}],"wp:featuredmedia":[{"embeddable":true,"href":"https:\/\/vincentedelicacies.com\/de\/wp-json\/wp\/v2\/media\/14398"}],"wp:attachment":[{"href":"https:\/\/vincentedelicacies.com\/de\/wp-json\/wp\/v2\/media?parent=2510"}],"wp:term":[{"taxonomy":"product_brand","embeddable":true,"href":"https:\/\/vincentedelicacies.com\/de\/wp-json\/wp\/v2\/product_brand?post=2510"},{"taxonomy":"product_cat","embeddable":true,"href":"https:\/\/vincentedelicacies.com\/de\/wp-json\/wp\/v2\/product_cat?post=2510"},{"taxonomy":"product_tag","embeddable":true,"href":"https:\/\/vincentedelicacies.com\/de\/wp-json\/wp\/v2\/product_tag?post=2510"}],"curies":[{"name":"wp","href":"https:\/\/api.w.org\/{rel}","templated":true}]}}