{"id":2491,"date":"2021-06-23T13:15:28","date_gmt":"2021-06-23T13:15:28","guid":{"rendered":"https:\/\/vincentedelicacies.com\/?post_type=product&#038;p=2491"},"modified":"2023-03-14T16:55:10","modified_gmt":"2023-03-14T16:55:10","slug":"tangerine-taube","status":"publish","type":"product","link":"https:\/\/vincentedelicacies.com\/de\/produkt\/tangerine-taube\/","title":{"rendered":"Artisanale Colomba mit Mandarine von Ciaculli 750g"},"content":{"rendered":"<p>Zutaten: Mehl aus <strong>FRUMENTO<\/strong>kandierte Mandarinenschalen 20%, (Mandarinenschalen, Saccharose, konzentrierter Zitronensaft), <strong>BUTTER<\/strong>Zucker, Eigelb <strong>der EGG<\/strong>nat\u00fcrliche Hefe (Mehl) <strong>FRUMENTO<\/strong>, Wasser), Emulgatoren: Mono- und Diglyceride von Speisefetts\u00e4uren, Glukosesirup, <strong>MILCH<\/strong> Magermilchpulver, Kakaobutter, Honig, nat\u00fcrliche Aromen, Salz. \u00dcberzug: Zuckerguss (Zucker, Reisst\u00e4rke, Eiwei\u00df <strong>der EGG<\/strong> Pulver, pflanzliches Fett: Palm\u00f6l, Glukosesirup, Eiwei\u00df aus der<strong> MILCH, ALMONDS<\/strong>, modifizierte St\u00e4rke, Aromastoffe), Kristallzucker. Kann enthalten <strong>PISTAZIE, HASELNUSS, SOJA, SENF UND LUPINE<\/strong>.<\/p>","protected":false},"excerpt":{"rendered":"<p>Colomba artigianale al mandarino tardivo di Ciaculli, ein Kuchen mit Zitrusgeschmack. Der weiche Teig ist mit kandierten sp\u00e4ten Ciaculli-Mandarinen gef\u00fcllt, einer echten sizilianischen Delikatesse. Verziert wird das Ganze mit dem samtig-wei\u00dfen Papier von Vincente und einem mandarinenfarbenen Band, das von Hand gefertigt wird.<\/p>","protected":false},"featured_media":14388,"comment_status":"open","ping_status":"closed","template":"","meta":[],"product_brand":[],"product_cat":[46,110],"product_tag":[],"class_list":{"0":"post-2491","1":"product","2":"type-product","3":"status-publish","4":"has-post-thumbnail","6":"product_cat-pasqua","7":"product_cat-linea-classica","9":"first","10":"outofstock","11":"shipping-taxable","12":"product-type-simple"},"yoast_head":"<!-- This site is optimized with the Yoast SEO Premium plugin v21.8 (Yoast SEO v26.6) - https:\/\/yoast.com\/wordpress\/plugins\/seo\/ -->\n<title>Colomba artigianale al Mandarino di Ciaculli 750g - Vincente Delicacies<\/title>\n<meta name=\"description\" content=\"Colomba artigianale al mandarino tardivo di Ciaculli, un dolce aromatizzato agli agrumi. L\u2019impasto soffice \u00e8 ripieno di canditi ai mandarini tardivi di Ciaculli, una vera delizia siciliana. Il tutto impreziosito dalla carta bianca vellutata di Vincente e un nastro color mandarino , confezione che viene fatta a mano.\" \/>\n<meta name=\"robots\" content=\"index, follow, max-snippet:-1, max-image-preview:large, max-video-preview:-1\" \/>\n<link rel=\"canonical\" href=\"https:\/\/vincentedelicacies.com\/de\/produkt\/tangerine-taube\/\" \/>\n<meta property=\"og:locale\" content=\"de_DE\" \/>\n<meta property=\"og:type\" content=\"article\" \/>\n<meta property=\"og:title\" content=\"Colomba artigianale al Mandarino di Ciaculli 750g\" \/>\n<meta property=\"og:description\" content=\"Colomba artigianale al mandarino tardivo di Ciaculli, un dolce aromatizzato agli agrumi. L\u2019impasto soffice \u00e8 ripieno di canditi ai mandarini tardivi di Ciaculli, una vera delizia siciliana. Il tutto impreziosito dalla carta bianca vellutata di Vincente e un nastro color mandarino , confezione che viene fatta a mano.\" \/>\n<meta property=\"og:url\" content=\"https:\/\/vincentedelicacies.com\/de\/produkt\/tangerine-taube\/\" \/>\n<meta property=\"og:site_name\" content=\"Vincente Delicacies\" \/>\n<meta property=\"article:modified_time\" content=\"2023-03-14T16:55:10+00:00\" \/>\n<meta property=\"og:image\" content=\"https:\/\/vincentedelicacies.com\/wp-content\/uploads\/2021\/06\/colomba-al-mandarino.jpg\" \/>\n\t<meta property=\"og:image:width\" content=\"890\" \/>\n\t<meta property=\"og:image:height\" content=\"899\" \/>\n\t<meta property=\"og:image:type\" content=\"image\/jpeg\" \/>\n<meta name=\"twitter:card\" content=\"summary_large_image\" \/>\n<meta name=\"twitter:label1\" content=\"Gesch\u00e4tzte Lesezeit\" \/>\n\t<meta name=\"twitter:data1\" content=\"1\u00a0Minute\" \/>\n<script type=\"application\/ld+json\" class=\"yoast-schema-graph\">{\"@context\":\"https:\/\/schema.org\",\"@graph\":[{\"@type\":\"WebPage\",\"@id\":\"https:\/\/vincentedelicacies.com\/prodotto\/colomba-mandarino\/\",\"url\":\"https:\/\/vincentedelicacies.com\/prodotto\/colomba-mandarino\/\",\"name\":\"Colomba artigianale al Mandarino di Ciaculli 750g - Vincente Delicacies\",\"isPartOf\":{\"@id\":\"https:\/\/vincentedelicacies.com\/#website\"},\"primaryImageOfPage\":{\"@id\":\"https:\/\/vincentedelicacies.com\/prodotto\/colomba-mandarino\/#primaryimage\"},\"image\":{\"@id\":\"https:\/\/vincentedelicacies.com\/prodotto\/colomba-mandarino\/#primaryimage\"},\"thumbnailUrl\":\"https:\/\/vincentedelicacies.com\/wp-content\/uploads\/2021\/06\/colomba-al-mandarino.jpg\",\"datePublished\":\"2021-06-23T13:15:28+00:00\",\"dateModified\":\"2023-03-14T16:55:10+00:00\",\"description\":\"Colomba artigianale al mandarino tardivo di Ciaculli, un dolce aromatizzato agli agrumi. L\u2019impasto soffice \u00e8 ripieno di canditi ai mandarini tardivi di Ciaculli, una vera delizia siciliana. Il tutto impreziosito dalla carta bianca vellutata di Vincente e un nastro color mandarino , confezione che viene fatta a mano.\",\"breadcrumb\":{\"@id\":\"https:\/\/vincentedelicacies.com\/prodotto\/colomba-mandarino\/#breadcrumb\"},\"inLanguage\":\"de\",\"potentialAction\":[{\"@type\":\"ReadAction\",\"target\":[\"https:\/\/vincentedelicacies.com\/prodotto\/colomba-mandarino\/\"]}]},{\"@type\":\"ImageObject\",\"inLanguage\":\"de\",\"@id\":\"https:\/\/vincentedelicacies.com\/prodotto\/colomba-mandarino\/#primaryimage\",\"url\":\"https:\/\/vincentedelicacies.com\/wp-content\/uploads\/2021\/06\/colomba-al-mandarino.jpg\",\"contentUrl\":\"https:\/\/vincentedelicacies.com\/wp-content\/uploads\/2021\/06\/colomba-al-mandarino.jpg\",\"width\":890,\"height\":899,\"caption\":\"Colomba artigianale classica con uvetta e canditi d\u2019arancia 750g\"},{\"@type\":\"BreadcrumbList\",\"@id\":\"https:\/\/vincentedelicacies.com\/prodotto\/colomba-mandarino\/#breadcrumb\",\"itemListElement\":[{\"@type\":\"ListItem\",\"position\":1,\"name\":\"Home\",\"item\":\"https:\/\/vincentedelicacies.com\/\"},{\"@type\":\"ListItem\",\"position\":2,\"name\":\"Prodotti\",\"item\":\"https:\/\/vincentedelicacies.com\/shop1__trashed\/\"},{\"@type\":\"ListItem\",\"position\":3,\"name\":\"Colomba artigianale al Mandarino di Ciaculli 750g\"}]},{\"@type\":\"WebSite\",\"@id\":\"https:\/\/vincentedelicacies.com\/#website\",\"url\":\"https:\/\/vincentedelicacies.com\/\",\"name\":\"Vincente Delicacies\",\"description\":\"Un grande laboratorio di pasticceria\",\"publisher\":{\"@id\":\"https:\/\/vincentedelicacies.com\/#organization\"},\"potentialAction\":[{\"@type\":\"SearchAction\",\"target\":{\"@type\":\"EntryPoint\",\"urlTemplate\":\"https:\/\/vincentedelicacies.com\/?s={search_term_string}\"},\"query-input\":{\"@type\":\"PropertyValueSpecification\",\"valueRequired\":true,\"valueName\":\"search_term_string\"}}],\"inLanguage\":\"de\"},{\"@type\":\"Organization\",\"@id\":\"https:\/\/vincentedelicacies.com\/#organization\",\"name\":\"Vincente Delicacies\",\"url\":\"https:\/\/vincentedelicacies.com\/\",\"logo\":{\"@type\":\"ImageObject\",\"inLanguage\":\"de\",\"@id\":\"https:\/\/vincentedelicacies.com\/#\/schema\/logo\/image\/\",\"url\":\"https:\/\/vincentedelicacies.com\/wp-content\/uploads\/2021\/06\/logo.png\",\"contentUrl\":\"https:\/\/vincentedelicacies.com\/wp-content\/uploads\/2021\/06\/logo.png\",\"width\":159,\"height\":47,\"caption\":\"Vincente Delicacies\"},\"image\":{\"@id\":\"https:\/\/vincentedelicacies.com\/#\/schema\/logo\/image\/\"}}]}<\/script>\n<!-- \/ Yoast SEO Premium plugin. -->","yoast_head_json":{"title":"Colomba artigianale al Mandarino di Ciaculli 750g - Vincente Delicacies","description":"Colomba artigianale al mandarino tardivo di Ciaculli, un dolce aromatizzato agli agrumi. L\u2019impasto soffice \u00e8 ripieno di canditi ai mandarini tardivi di Ciaculli, una vera delizia siciliana. Il tutto impreziosito dalla carta bianca vellutata di Vincente e un nastro color mandarino , confezione che viene fatta a mano.","robots":{"index":"index","follow":"follow","max-snippet":"max-snippet:-1","max-image-preview":"max-image-preview:large","max-video-preview":"max-video-preview:-1"},"canonical":"https:\/\/vincentedelicacies.com\/de\/produkt\/tangerine-taube\/","og_locale":"de_DE","og_type":"article","og_title":"Colomba artigianale al Mandarino di Ciaculli 750g","og_description":"Colomba artigianale al mandarino tardivo di Ciaculli, un dolce aromatizzato agli agrumi. L\u2019impasto soffice \u00e8 ripieno di canditi ai mandarini tardivi di Ciaculli, una vera delizia siciliana. Il tutto impreziosito dalla carta bianca vellutata di Vincente e un nastro color mandarino , confezione che viene fatta a mano.","og_url":"https:\/\/vincentedelicacies.com\/de\/produkt\/tangerine-taube\/","og_site_name":"Vincente Delicacies","article_modified_time":"2023-03-14T16:55:10+00:00","og_image":[{"width":890,"height":899,"url":"https:\/\/vincentedelicacies.com\/wp-content\/uploads\/2021\/06\/colomba-al-mandarino.jpg","type":"image\/jpeg"}],"twitter_card":"summary_large_image","twitter_misc":{"Gesch\u00e4tzte Lesezeit":"1\u00a0Minute"},"schema":{"@context":"https:\/\/schema.org","@graph":[{"@type":"WebPage","@id":"https:\/\/vincentedelicacies.com\/prodotto\/colomba-mandarino\/","url":"https:\/\/vincentedelicacies.com\/prodotto\/colomba-mandarino\/","name":"Colomba artigianale al Mandarino di Ciaculli 750g - Vincente Delicacies","isPartOf":{"@id":"https:\/\/vincentedelicacies.com\/#website"},"primaryImageOfPage":{"@id":"https:\/\/vincentedelicacies.com\/prodotto\/colomba-mandarino\/#primaryimage"},"image":{"@id":"https:\/\/vincentedelicacies.com\/prodotto\/colomba-mandarino\/#primaryimage"},"thumbnailUrl":"https:\/\/vincentedelicacies.com\/wp-content\/uploads\/2021\/06\/colomba-al-mandarino.jpg","datePublished":"2021-06-23T13:15:28+00:00","dateModified":"2023-03-14T16:55:10+00:00","description":"Colomba artigianale al mandarino tardivo di Ciaculli, un dolce aromatizzato agli agrumi. L\u2019impasto soffice \u00e8 ripieno di canditi ai mandarini tardivi di Ciaculli, una vera delizia siciliana. Il tutto impreziosito dalla carta bianca vellutata di Vincente e un nastro color mandarino , confezione che viene fatta a mano.","breadcrumb":{"@id":"https:\/\/vincentedelicacies.com\/prodotto\/colomba-mandarino\/#breadcrumb"},"inLanguage":"de","potentialAction":[{"@type":"ReadAction","target":["https:\/\/vincentedelicacies.com\/prodotto\/colomba-mandarino\/"]}]},{"@type":"ImageObject","inLanguage":"de","@id":"https:\/\/vincentedelicacies.com\/prodotto\/colomba-mandarino\/#primaryimage","url":"https:\/\/vincentedelicacies.com\/wp-content\/uploads\/2021\/06\/colomba-al-mandarino.jpg","contentUrl":"https:\/\/vincentedelicacies.com\/wp-content\/uploads\/2021\/06\/colomba-al-mandarino.jpg","width":890,"height":899,"caption":"Colomba artigianale classica con uvetta e canditi d\u2019arancia 750g"},{"@type":"BreadcrumbList","@id":"https:\/\/vincentedelicacies.com\/prodotto\/colomba-mandarino\/#breadcrumb","itemListElement":[{"@type":"ListItem","position":1,"name":"Home","item":"https:\/\/vincentedelicacies.com\/"},{"@type":"ListItem","position":2,"name":"Prodotti","item":"https:\/\/vincentedelicacies.com\/shop1__trashed\/"},{"@type":"ListItem","position":3,"name":"Colomba artigianale al Mandarino di Ciaculli 750g"}]},{"@type":"WebSite","@id":"https:\/\/vincentedelicacies.com\/#website","url":"https:\/\/vincentedelicacies.com\/","name":"Vincente Delicacies","description":"Un grande laboratorio di pasticceria","publisher":{"@id":"https:\/\/vincentedelicacies.com\/#organization"},"potentialAction":[{"@type":"SearchAction","target":{"@type":"EntryPoint","urlTemplate":"https:\/\/vincentedelicacies.com\/?s={search_term_string}"},"query-input":{"@type":"PropertyValueSpecification","valueRequired":true,"valueName":"search_term_string"}}],"inLanguage":"de"},{"@type":"Organization","@id":"https:\/\/vincentedelicacies.com\/#organization","name":"Vincente Delicacies","url":"https:\/\/vincentedelicacies.com\/","logo":{"@type":"ImageObject","inLanguage":"de","@id":"https:\/\/vincentedelicacies.com\/#\/schema\/logo\/image\/","url":"https:\/\/vincentedelicacies.com\/wp-content\/uploads\/2021\/06\/logo.png","contentUrl":"https:\/\/vincentedelicacies.com\/wp-content\/uploads\/2021\/06\/logo.png","width":159,"height":47,"caption":"Vincente Delicacies"},"image":{"@id":"https:\/\/vincentedelicacies.com\/#\/schema\/logo\/image\/"}}]}},"_links":{"self":[{"href":"https:\/\/vincentedelicacies.com\/de\/wp-json\/wp\/v2\/product\/2491","targetHints":{"allow":["GET"]}}],"collection":[{"href":"https:\/\/vincentedelicacies.com\/de\/wp-json\/wp\/v2\/product"}],"about":[{"href":"https:\/\/vincentedelicacies.com\/de\/wp-json\/wp\/v2\/types\/product"}],"replies":[{"embeddable":true,"href":"https:\/\/vincentedelicacies.com\/de\/wp-json\/wp\/v2\/comments?post=2491"}],"wp:featuredmedia":[{"embeddable":true,"href":"https:\/\/vincentedelicacies.com\/de\/wp-json\/wp\/v2\/media\/14388"}],"wp:attachment":[{"href":"https:\/\/vincentedelicacies.com\/de\/wp-json\/wp\/v2\/media?parent=2491"}],"wp:term":[{"taxonomy":"product_brand","embeddable":true,"href":"https:\/\/vincentedelicacies.com\/de\/wp-json\/wp\/v2\/product_brand?post=2491"},{"taxonomy":"product_cat","embeddable":true,"href":"https:\/\/vincentedelicacies.com\/de\/wp-json\/wp\/v2\/product_cat?post=2491"},{"taxonomy":"product_tag","embeddable":true,"href":"https:\/\/vincentedelicacies.com\/de\/wp-json\/wp\/v2\/product_tag?post=2491"}],"curies":[{"name":"wp","href":"https:\/\/api.w.org\/{rel}","templated":true}]}}