{"id":2467,"date":"2021-06-23T12:27:26","date_gmt":"2021-06-23T12:27:26","guid":{"rendered":"https:\/\/vincentedelicacies.com\/?post_type=product&#038;p=2467"},"modified":"2023-09-16T08:38:10","modified_gmt":"2023-09-16T08:38:10","slug":"pistaziennougat","status":"publish","type":"product","link":"https:\/\/vincentedelicacies.com\/de\/produkt\/pistaziennougat\/","title":{"rendered":"Weicher sizilianischer Pistazien-Nougat"},"content":{"rendered":"<p>Zutaten:<br \/>\nSizilianischer PISTACHO 60%, Zucker, Honig, Eiwei\u00df, Glukosesirup, \u00e4therisches Vanille\u00f6l. \u00dcberzug: Waffel (Kartoffelst\u00e4rke, Sonnenblumen\u00f6l)<\/p>","protected":false},"excerpt":{"rendered":"<p>Eine raffinierte und elegante Schachtel enth\u00e4lt Pistazien-Nougat von Vincente. Eine weiche und herrlich duftende S\u00fc\u00dfigkeit aus sizilianischen Pistazien, Zucker und Zagara-Honig. Eine unvergleichliche G\u00fcte. 200 g<\/p>","protected":false},"featured_media":18951,"comment_status":"open","ping_status":"closed","template":"","meta":[],"product_brand":[],"product_cat":[40,56],"product_tag":[],"class_list":{"0":"post-2467","1":"product","2":"type-product","3":"status-publish","4":"has-post-thumbnail","6":"product_cat-torrone","7":"product_cat-morbido","9":"first","10":"outofstock","11":"shipping-taxable","12":"product-type-variable"},"yoast_head":"<!-- This site is optimized with the Yoast SEO Premium plugin v21.8 (Yoast SEO v26.6) - https:\/\/yoast.com\/wordpress\/plugins\/seo\/ -->\n<title>Torrone morbido al Pistacchio di Sicilia - Vincente Delicacies<\/title>\n<meta name=\"description\" content=\"Il torrone Vincente al pistacchio, un dolce dall\u2019impasto morbido e super profumato preparato con vero pistacchio siciliano.\" \/>\n<meta name=\"robots\" content=\"index, follow, max-snippet:-1, max-image-preview:large, max-video-preview:-1\" \/>\n<link rel=\"canonical\" href=\"https:\/\/vincentedelicacies.com\/de\/produkt\/pistaziennougat\/\" \/>\n<meta property=\"og:locale\" content=\"de_DE\" \/>\n<meta property=\"og:type\" content=\"article\" \/>\n<meta property=\"og:title\" content=\"Torrone morbido al Pistacchio di Sicilia\" \/>\n<meta property=\"og:description\" content=\"Un astuccio raffinato ed elegante custodisce il torrone Vincente al pistacchio. Un dolce dall\u2019impasto morbido e super profumato preparato con pistacchio siciliano, zucchero e miele di Zagara. Bont\u00e0 senza eguali. 200 g\" \/>\n<meta property=\"og:url\" content=\"https:\/\/vincentedelicacies.com\/de\/produkt\/pistaziennougat\/\" \/>\n<meta property=\"og:site_name\" content=\"Vincente Delicacies\" \/>\n<meta property=\"article:modified_time\" content=\"2023-09-16T08:38:10+00:00\" \/>\n<meta property=\"og:image\" content=\"https:\/\/vincentedelicacies.com\/wp-content\/uploads\/2021\/06\/torrone-pistacchio-1.jpg\" \/>\n\t<meta property=\"og:image:width\" content=\"790\" \/>\n\t<meta property=\"og:image:height\" content=\"799\" \/>\n\t<meta property=\"og:image:type\" content=\"image\/jpeg\" \/>\n<meta name=\"twitter:card\" content=\"summary_large_image\" \/>\n<meta name=\"twitter:label1\" content=\"Gesch\u00e4tzte Lesezeit\" \/>\n\t<meta name=\"twitter:data1\" content=\"1\u00a0Minute\" \/>\n<script type=\"application\/ld+json\" class=\"yoast-schema-graph\">{\"@context\":\"https:\/\/schema.org\",\"@graph\":[{\"@type\":\"WebPage\",\"@id\":\"https:\/\/vincentedelicacies.com\/prodotto\/torrone-al-pistacchio\/\",\"url\":\"https:\/\/vincentedelicacies.com\/prodotto\/torrone-al-pistacchio\/\",\"name\":\"Torrone morbido al Pistacchio di Sicilia - Vincente Delicacies\",\"isPartOf\":{\"@id\":\"https:\/\/vincentedelicacies.com\/#website\"},\"primaryImageOfPage\":{\"@id\":\"https:\/\/vincentedelicacies.com\/prodotto\/torrone-al-pistacchio\/#primaryimage\"},\"image\":{\"@id\":\"https:\/\/vincentedelicacies.com\/prodotto\/torrone-al-pistacchio\/#primaryimage\"},\"thumbnailUrl\":\"https:\/\/vincentedelicacies.com\/wp-content\/uploads\/2021\/06\/torrone-pistacchio-1.jpg\",\"datePublished\":\"2021-06-23T12:27:26+00:00\",\"dateModified\":\"2023-09-16T08:38:10+00:00\",\"description\":\"Il torrone Vincente al pistacchio, un dolce dall\u2019impasto morbido e super profumato preparato con vero pistacchio siciliano.\",\"breadcrumb\":{\"@id\":\"https:\/\/vincentedelicacies.com\/prodotto\/torrone-al-pistacchio\/#breadcrumb\"},\"inLanguage\":\"de\",\"potentialAction\":[{\"@type\":\"ReadAction\",\"target\":[\"https:\/\/vincentedelicacies.com\/prodotto\/torrone-al-pistacchio\/\"]}]},{\"@type\":\"ImageObject\",\"inLanguage\":\"de\",\"@id\":\"https:\/\/vincentedelicacies.com\/prodotto\/torrone-al-pistacchio\/#primaryimage\",\"url\":\"https:\/\/vincentedelicacies.com\/wp-content\/uploads\/2021\/06\/torrone-pistacchio-1.jpg\",\"contentUrl\":\"https:\/\/vincentedelicacies.com\/wp-content\/uploads\/2021\/06\/torrone-pistacchio-1.jpg\",\"width\":790,\"height\":799},{\"@type\":\"BreadcrumbList\",\"@id\":\"https:\/\/vincentedelicacies.com\/prodotto\/torrone-al-pistacchio\/#breadcrumb\",\"itemListElement\":[{\"@type\":\"ListItem\",\"position\":1,\"name\":\"Home\",\"item\":\"https:\/\/vincentedelicacies.com\/\"},{\"@type\":\"ListItem\",\"position\":2,\"name\":\"Prodotti\",\"item\":\"https:\/\/vincentedelicacies.com\/shop1__trashed\/\"},{\"@type\":\"ListItem\",\"position\":3,\"name\":\"Torrone morbido al Pistacchio di Sicilia\"}]},{\"@type\":\"WebSite\",\"@id\":\"https:\/\/vincentedelicacies.com\/#website\",\"url\":\"https:\/\/vincentedelicacies.com\/\",\"name\":\"Vincente Delicacies\",\"description\":\"Un grande laboratorio di pasticceria\",\"publisher\":{\"@id\":\"https:\/\/vincentedelicacies.com\/#organization\"},\"potentialAction\":[{\"@type\":\"SearchAction\",\"target\":{\"@type\":\"EntryPoint\",\"urlTemplate\":\"https:\/\/vincentedelicacies.com\/?s={search_term_string}\"},\"query-input\":{\"@type\":\"PropertyValueSpecification\",\"valueRequired\":true,\"valueName\":\"search_term_string\"}}],\"inLanguage\":\"de\"},{\"@type\":\"Organization\",\"@id\":\"https:\/\/vincentedelicacies.com\/#organization\",\"name\":\"Vincente Delicacies\",\"url\":\"https:\/\/vincentedelicacies.com\/\",\"logo\":{\"@type\":\"ImageObject\",\"inLanguage\":\"de\",\"@id\":\"https:\/\/vincentedelicacies.com\/#\/schema\/logo\/image\/\",\"url\":\"https:\/\/vincentedelicacies.com\/wp-content\/uploads\/2021\/06\/logo.png\",\"contentUrl\":\"https:\/\/vincentedelicacies.com\/wp-content\/uploads\/2021\/06\/logo.png\",\"width\":159,\"height\":47,\"caption\":\"Vincente Delicacies\"},\"image\":{\"@id\":\"https:\/\/vincentedelicacies.com\/#\/schema\/logo\/image\/\"}}]}<\/script>\n<!-- \/ Yoast SEO Premium plugin. -->","yoast_head_json":{"title":"Torrone morbido al Pistacchio di Sicilia - Vincente Delicacies","description":"Il torrone Vincente al pistacchio, un dolce dall\u2019impasto morbido e super profumato preparato con vero pistacchio siciliano.","robots":{"index":"index","follow":"follow","max-snippet":"max-snippet:-1","max-image-preview":"max-image-preview:large","max-video-preview":"max-video-preview:-1"},"canonical":"https:\/\/vincentedelicacies.com\/de\/produkt\/pistaziennougat\/","og_locale":"de_DE","og_type":"article","og_title":"Torrone morbido al Pistacchio di Sicilia","og_description":"Un astuccio raffinato ed elegante custodisce il torrone Vincente al pistacchio. Un dolce dall\u2019impasto morbido e super profumato preparato con pistacchio siciliano, zucchero e miele di Zagara. Bont\u00e0 senza eguali. 200 g","og_url":"https:\/\/vincentedelicacies.com\/de\/produkt\/pistaziennougat\/","og_site_name":"Vincente Delicacies","article_modified_time":"2023-09-16T08:38:10+00:00","og_image":[{"width":790,"height":799,"url":"https:\/\/vincentedelicacies.com\/wp-content\/uploads\/2021\/06\/torrone-pistacchio-1.jpg","type":"image\/jpeg"}],"twitter_card":"summary_large_image","twitter_misc":{"Gesch\u00e4tzte Lesezeit":"1\u00a0Minute"},"schema":{"@context":"https:\/\/schema.org","@graph":[{"@type":"WebPage","@id":"https:\/\/vincentedelicacies.com\/prodotto\/torrone-al-pistacchio\/","url":"https:\/\/vincentedelicacies.com\/prodotto\/torrone-al-pistacchio\/","name":"Torrone morbido al Pistacchio di Sicilia - Vincente Delicacies","isPartOf":{"@id":"https:\/\/vincentedelicacies.com\/#website"},"primaryImageOfPage":{"@id":"https:\/\/vincentedelicacies.com\/prodotto\/torrone-al-pistacchio\/#primaryimage"},"image":{"@id":"https:\/\/vincentedelicacies.com\/prodotto\/torrone-al-pistacchio\/#primaryimage"},"thumbnailUrl":"https:\/\/vincentedelicacies.com\/wp-content\/uploads\/2021\/06\/torrone-pistacchio-1.jpg","datePublished":"2021-06-23T12:27:26+00:00","dateModified":"2023-09-16T08:38:10+00:00","description":"Il torrone Vincente al pistacchio, un dolce dall\u2019impasto morbido e super profumato preparato con vero pistacchio siciliano.","breadcrumb":{"@id":"https:\/\/vincentedelicacies.com\/prodotto\/torrone-al-pistacchio\/#breadcrumb"},"inLanguage":"de","potentialAction":[{"@type":"ReadAction","target":["https:\/\/vincentedelicacies.com\/prodotto\/torrone-al-pistacchio\/"]}]},{"@type":"ImageObject","inLanguage":"de","@id":"https:\/\/vincentedelicacies.com\/prodotto\/torrone-al-pistacchio\/#primaryimage","url":"https:\/\/vincentedelicacies.com\/wp-content\/uploads\/2021\/06\/torrone-pistacchio-1.jpg","contentUrl":"https:\/\/vincentedelicacies.com\/wp-content\/uploads\/2021\/06\/torrone-pistacchio-1.jpg","width":790,"height":799},{"@type":"BreadcrumbList","@id":"https:\/\/vincentedelicacies.com\/prodotto\/torrone-al-pistacchio\/#breadcrumb","itemListElement":[{"@type":"ListItem","position":1,"name":"Home","item":"https:\/\/vincentedelicacies.com\/"},{"@type":"ListItem","position":2,"name":"Prodotti","item":"https:\/\/vincentedelicacies.com\/shop1__trashed\/"},{"@type":"ListItem","position":3,"name":"Torrone morbido al Pistacchio di Sicilia"}]},{"@type":"WebSite","@id":"https:\/\/vincentedelicacies.com\/#website","url":"https:\/\/vincentedelicacies.com\/","name":"Vincente Delicacies","description":"Un grande laboratorio di pasticceria","publisher":{"@id":"https:\/\/vincentedelicacies.com\/#organization"},"potentialAction":[{"@type":"SearchAction","target":{"@type":"EntryPoint","urlTemplate":"https:\/\/vincentedelicacies.com\/?s={search_term_string}"},"query-input":{"@type":"PropertyValueSpecification","valueRequired":true,"valueName":"search_term_string"}}],"inLanguage":"de"},{"@type":"Organization","@id":"https:\/\/vincentedelicacies.com\/#organization","name":"Vincente Delicacies","url":"https:\/\/vincentedelicacies.com\/","logo":{"@type":"ImageObject","inLanguage":"de","@id":"https:\/\/vincentedelicacies.com\/#\/schema\/logo\/image\/","url":"https:\/\/vincentedelicacies.com\/wp-content\/uploads\/2021\/06\/logo.png","contentUrl":"https:\/\/vincentedelicacies.com\/wp-content\/uploads\/2021\/06\/logo.png","width":159,"height":47,"caption":"Vincente Delicacies"},"image":{"@id":"https:\/\/vincentedelicacies.com\/#\/schema\/logo\/image\/"}}]}},"_links":{"self":[{"href":"https:\/\/vincentedelicacies.com\/de\/wp-json\/wp\/v2\/product\/2467","targetHints":{"allow":["GET"]}}],"collection":[{"href":"https:\/\/vincentedelicacies.com\/de\/wp-json\/wp\/v2\/product"}],"about":[{"href":"https:\/\/vincentedelicacies.com\/de\/wp-json\/wp\/v2\/types\/product"}],"replies":[{"embeddable":true,"href":"https:\/\/vincentedelicacies.com\/de\/wp-json\/wp\/v2\/comments?post=2467"}],"wp:featuredmedia":[{"embeddable":true,"href":"https:\/\/vincentedelicacies.com\/de\/wp-json\/wp\/v2\/media\/18951"}],"wp:attachment":[{"href":"https:\/\/vincentedelicacies.com\/de\/wp-json\/wp\/v2\/media?parent=2467"}],"wp:term":[{"taxonomy":"product_brand","embeddable":true,"href":"https:\/\/vincentedelicacies.com\/de\/wp-json\/wp\/v2\/product_brand?post=2467"},{"taxonomy":"product_cat","embeddable":true,"href":"https:\/\/vincentedelicacies.com\/de\/wp-json\/wp\/v2\/product_cat?post=2467"},{"taxonomy":"product_tag","embeddable":true,"href":"https:\/\/vincentedelicacies.com\/de\/wp-json\/wp\/v2\/product_tag?post=2467"}],"curies":[{"name":"wp","href":"https:\/\/api.w.org\/{rel}","templated":true}]}}