{"id":2437,"date":"2021-06-23T12:15:00","date_gmt":"2021-06-23T12:15:00","guid":{"rendered":"https:\/\/vincentedelicacies.com\/?post_type=product&#038;p=2437"},"modified":"2023-03-24T13:32:50","modified_gmt":"2023-03-24T13:32:50","slug":"sizilianische-haute-patisserie","status":"publish","type":"product","link":"https:\/\/vincentedelicacies.com\/de\/produkt\/sizilianische-haute-patisserie\/","title":{"rendered":"Feines Sortiment sizilianisches Geb\u00e4ck"},"content":{"rendered":"<p>Inhaltsstoffe<br \/>\nPISTACCOW COOKIES: TOMATO WEIZENMEHL 00, PISTACCOW 20%, BUTTER, ZUCKER, EIER, Backtriebmittel (Diphosphate, Natriumcarbonate, Weizenst\u00e4rke), Emulgator: SOJA-Lecithin, Aromen, Salz. PISTACHO FROLLINO MIT WEISSER SCHOKOLADE \u00dcBERZOGEN: Weizenmehl 00, Zucker, PISTACHO 18%, BUTTER, EIER, WEISSE SCHOKOLADE 5% (Zucker, Kakaobutter, Vollmilchpulver, Emulgator: SOJA-Lecithin, nat\u00fcrliches Vanillearoma), Backtriebmittel (Diphosphate, Natriumcarbonate, WEIZENST\u00c4RKE), Emulgator: SOJA-Lecithin, Aromen, Salz.<br \/>\nALMOND FROLLINO \u00dcBERZOGEN MIT WEICHSCHOKOLADE: Weizenmehl 00, ALMOND 18%, BUTTER, ZUCKER, EIER, Bitterschokolade 5% (Kakaomasse 72%, Zucker, Kakaobutter, Emulgator: SOJA-Lecithin, Vanilleextrakt), Maisst\u00e4rke, Backtriebmittel (Diphosphate, Natriumcarbonate, Weizenst\u00e4rke), Emulgator: SOJA-Lecithin, Aromen, Salz.<br \/>\nS\u00dcSSSCHOKOLADE GEF\u00dcLLTE HAZELNUSSROLLINO: Weizenmehl 00, HAZELNUSS 18%, BUTTER, Zucker, Eier, Maisst\u00e4rke, Milchschokolade 1% (Zucker, Kakaobutter, MILCHpulver, Kakaomasse, Molkenpulver, Emulgator: SOJA-Lecithin, Vanilleextrakt), Backtriebmittel (Diphosphate, Natriumcarbonate, WEIZENST\u00c4RKE), Emulgator: SOJA-Lecithin, Aromen, Salz.<br \/>\nWEISSE SCHOKOLADE GEF\u00dcLLTES PISTACHO FROLLINO: ROHMehl, PISTACHO 20%, BUTTER, ZUCKER, WEISSE SCHOKOLADE CREME 10% (Zucker, ungeh\u00e4rtete pflanzliche \u00d6le und Fette (Sonnenblumen\u00f6l, Kokosnuss\u00f6l, Kakaobutter), Magermilchpulver 12%, wei\u00dfe Schokolade 10% (Zucker, Kakaobutter, Vollmilchpulver, Emulgator: SOJA-Lecithin, nat\u00fcrliches Vanillearoma), Molkenpulver, Emulgator: SOJA-Lecithin, Aroma (Vanillin), Eier, Backtriebmittel (Natriumdiphosphat, Natriumhydrogencarbonat, WEIZENST\u00c4RKE), Emulgator: SOJA-Lecithin, nat\u00fcrliches Aroma, Salz.<\/p>","protected":false},"excerpt":{"rendered":"<p>Eine Metalldose, die k\u00f6stliches sizilianisches Pistazien-, Haselnuss- und Mandelgeb\u00e4ck enth\u00e4lt: eine Mischung aus unwiderstehlichen K\u00f6stlichkeiten. Handgefertigtes M\u00fcrbegeb\u00e4ck mit zartem und umh\u00fcllendem Geschmack, verziert mit feinster Schokolade, perfekt zum Fr\u00fchst\u00fcck oder f\u00fcr eine kleine Pause. 180 g - 300 g<\/p>","protected":false},"featured_media":12787,"comment_status":"open","ping_status":"closed","template":"","meta":[],"product_brand":[],"product_cat":[39,93],"product_tag":[],"class_list":{"0":"post-2437","1":"product","2":"type-product","3":"status-publish","4":"has-post-thumbnail","6":"product_cat-pasticceria","7":"product_cat-assortimento-2","9":"first","10":"instock","11":"shipping-taxable","12":"product-type-variable"},"yoast_head":"<!-- This site is optimized with the Yoast SEO Premium plugin v21.8 (Yoast SEO v26.6) - https:\/\/yoast.com\/wordpress\/plugins\/seo\/ -->\n<title>Assortimento fine Pasticceria Siciliana - Vincente Delicacies<\/title>\n<meta name=\"description\" content=\"Un cofanetto metallico che custodisce deliziosi pasticcini al pistacchio siciliano, alla nocciola e alla mandorla: un mix di prelibatezze irresistibili. Frollini artigianali dal gusto delicato e avvolgente, impreziositi dal miglior cioccolato, perfetti per la colazione o per un piccolo break goloso. 180 g - 300 g\" \/>\n<meta name=\"robots\" content=\"index, follow, max-snippet:-1, max-image-preview:large, max-video-preview:-1\" \/>\n<link rel=\"canonical\" href=\"https:\/\/vincentedelicacies.com\/de\/produkt\/sizilianische-haute-patisserie\/\" \/>\n<meta property=\"og:locale\" content=\"de_DE\" \/>\n<meta property=\"og:type\" content=\"article\" \/>\n<meta property=\"og:title\" content=\"Assortimento fine Pasticceria Siciliana\" \/>\n<meta property=\"og:description\" content=\"Un cofanetto metallico che custodisce deliziosi pasticcini al pistacchio siciliano, alla nocciola e alla mandorla: un mix di prelibatezze irresistibili. Frollini artigianali dal gusto delicato e avvolgente, impreziositi dal miglior cioccolato, perfetti per la colazione o per un piccolo break goloso. 180 g - 300 g\" \/>\n<meta property=\"og:url\" content=\"https:\/\/vincentedelicacies.com\/de\/produkt\/sizilianische-haute-patisserie\/\" \/>\n<meta property=\"og:site_name\" content=\"Vincente Delicacies\" \/>\n<meta property=\"article:modified_time\" content=\"2023-03-24T13:32:50+00:00\" \/>\n<meta property=\"og:image\" content=\"https:\/\/vincentedelicacies.com\/wp-content\/uploads\/2021\/06\/APS001L.jpg\" \/>\n\t<meta property=\"og:image:width\" content=\"890\" \/>\n\t<meta property=\"og:image:height\" content=\"899\" \/>\n\t<meta property=\"og:image:type\" content=\"image\/jpeg\" \/>\n<meta name=\"twitter:card\" content=\"summary_large_image\" \/>\n<meta name=\"twitter:label1\" content=\"Gesch\u00e4tzte Lesezeit\" \/>\n\t<meta name=\"twitter:data1\" content=\"2\u00a0Minuten\" \/>\n<script type=\"application\/ld+json\" class=\"yoast-schema-graph\">{\"@context\":\"https:\/\/schema.org\",\"@graph\":[{\"@type\":\"WebPage\",\"@id\":\"https:\/\/vincentedelicacies.com\/prodotto\/alta-pasticceria-siciliana\/\",\"url\":\"https:\/\/vincentedelicacies.com\/prodotto\/alta-pasticceria-siciliana\/\",\"name\":\"Assortimento fine Pasticceria Siciliana - Vincente Delicacies\",\"isPartOf\":{\"@id\":\"https:\/\/vincentedelicacies.com\/#website\"},\"primaryImageOfPage\":{\"@id\":\"https:\/\/vincentedelicacies.com\/prodotto\/alta-pasticceria-siciliana\/#primaryimage\"},\"image\":{\"@id\":\"https:\/\/vincentedelicacies.com\/prodotto\/alta-pasticceria-siciliana\/#primaryimage\"},\"thumbnailUrl\":\"https:\/\/vincentedelicacies.com\/wp-content\/uploads\/2021\/06\/APS001L.jpg\",\"datePublished\":\"2021-06-23T12:15:00+00:00\",\"dateModified\":\"2023-03-24T13:32:50+00:00\",\"description\":\"Un cofanetto metallico che custodisce deliziosi pasticcini al pistacchio siciliano, alla nocciola e alla mandorla: un mix di prelibatezze irresistibili. Frollini artigianali dal gusto delicato e avvolgente, impreziositi dal miglior cioccolato, perfetti per la colazione o per un piccolo break goloso. 180 g - 300 g\",\"breadcrumb\":{\"@id\":\"https:\/\/vincentedelicacies.com\/prodotto\/alta-pasticceria-siciliana\/#breadcrumb\"},\"inLanguage\":\"de\",\"potentialAction\":[{\"@type\":\"ReadAction\",\"target\":[\"https:\/\/vincentedelicacies.com\/prodotto\/alta-pasticceria-siciliana\/\"]}]},{\"@type\":\"ImageObject\",\"inLanguage\":\"de\",\"@id\":\"https:\/\/vincentedelicacies.com\/prodotto\/alta-pasticceria-siciliana\/#primaryimage\",\"url\":\"https:\/\/vincentedelicacies.com\/wp-content\/uploads\/2021\/06\/APS001L.jpg\",\"contentUrl\":\"https:\/\/vincentedelicacies.com\/wp-content\/uploads\/2021\/06\/APS001L.jpg\",\"width\":890,\"height\":899,\"caption\":\"Assortimento fine Pasticceria Siciliana\"},{\"@type\":\"BreadcrumbList\",\"@id\":\"https:\/\/vincentedelicacies.com\/prodotto\/alta-pasticceria-siciliana\/#breadcrumb\",\"itemListElement\":[{\"@type\":\"ListItem\",\"position\":1,\"name\":\"Home\",\"item\":\"https:\/\/vincentedelicacies.com\/\"},{\"@type\":\"ListItem\",\"position\":2,\"name\":\"Prodotti\",\"item\":\"https:\/\/vincentedelicacies.com\/shop1__trashed\/\"},{\"@type\":\"ListItem\",\"position\":3,\"name\":\"Assortimento fine Pasticceria Siciliana\"}]},{\"@type\":\"WebSite\",\"@id\":\"https:\/\/vincentedelicacies.com\/#website\",\"url\":\"https:\/\/vincentedelicacies.com\/\",\"name\":\"Vincente Delicacies\",\"description\":\"Un grande laboratorio di pasticceria\",\"publisher\":{\"@id\":\"https:\/\/vincentedelicacies.com\/#organization\"},\"potentialAction\":[{\"@type\":\"SearchAction\",\"target\":{\"@type\":\"EntryPoint\",\"urlTemplate\":\"https:\/\/vincentedelicacies.com\/?s={search_term_string}\"},\"query-input\":{\"@type\":\"PropertyValueSpecification\",\"valueRequired\":true,\"valueName\":\"search_term_string\"}}],\"inLanguage\":\"de\"},{\"@type\":\"Organization\",\"@id\":\"https:\/\/vincentedelicacies.com\/#organization\",\"name\":\"Vincente Delicacies\",\"url\":\"https:\/\/vincentedelicacies.com\/\",\"logo\":{\"@type\":\"ImageObject\",\"inLanguage\":\"de\",\"@id\":\"https:\/\/vincentedelicacies.com\/#\/schema\/logo\/image\/\",\"url\":\"https:\/\/vincentedelicacies.com\/wp-content\/uploads\/2021\/06\/logo.png\",\"contentUrl\":\"https:\/\/vincentedelicacies.com\/wp-content\/uploads\/2021\/06\/logo.png\",\"width\":159,\"height\":47,\"caption\":\"Vincente Delicacies\"},\"image\":{\"@id\":\"https:\/\/vincentedelicacies.com\/#\/schema\/logo\/image\/\"}}]}<\/script>\n<!-- \/ Yoast SEO Premium plugin. -->","yoast_head_json":{"title":"Assortimento fine Pasticceria Siciliana - Vincente Delicacies","description":"Un cofanetto metallico che custodisce deliziosi pasticcini al pistacchio siciliano, alla nocciola e alla mandorla: un mix di prelibatezze irresistibili. Frollini artigianali dal gusto delicato e avvolgente, impreziositi dal miglior cioccolato, perfetti per la colazione o per un piccolo break goloso. 180 g - 300 g","robots":{"index":"index","follow":"follow","max-snippet":"max-snippet:-1","max-image-preview":"max-image-preview:large","max-video-preview":"max-video-preview:-1"},"canonical":"https:\/\/vincentedelicacies.com\/de\/produkt\/sizilianische-haute-patisserie\/","og_locale":"de_DE","og_type":"article","og_title":"Assortimento fine Pasticceria Siciliana","og_description":"Un cofanetto metallico che custodisce deliziosi pasticcini al pistacchio siciliano, alla nocciola e alla mandorla: un mix di prelibatezze irresistibili. Frollini artigianali dal gusto delicato e avvolgente, impreziositi dal miglior cioccolato, perfetti per la colazione o per un piccolo break goloso. 180 g - 300 g","og_url":"https:\/\/vincentedelicacies.com\/de\/produkt\/sizilianische-haute-patisserie\/","og_site_name":"Vincente Delicacies","article_modified_time":"2023-03-24T13:32:50+00:00","og_image":[{"width":890,"height":899,"url":"https:\/\/vincentedelicacies.com\/wp-content\/uploads\/2021\/06\/APS001L.jpg","type":"image\/jpeg"}],"twitter_card":"summary_large_image","twitter_misc":{"Gesch\u00e4tzte Lesezeit":"2\u00a0Minuten"},"schema":{"@context":"https:\/\/schema.org","@graph":[{"@type":"WebPage","@id":"https:\/\/vincentedelicacies.com\/prodotto\/alta-pasticceria-siciliana\/","url":"https:\/\/vincentedelicacies.com\/prodotto\/alta-pasticceria-siciliana\/","name":"Assortimento fine Pasticceria Siciliana - Vincente Delicacies","isPartOf":{"@id":"https:\/\/vincentedelicacies.com\/#website"},"primaryImageOfPage":{"@id":"https:\/\/vincentedelicacies.com\/prodotto\/alta-pasticceria-siciliana\/#primaryimage"},"image":{"@id":"https:\/\/vincentedelicacies.com\/prodotto\/alta-pasticceria-siciliana\/#primaryimage"},"thumbnailUrl":"https:\/\/vincentedelicacies.com\/wp-content\/uploads\/2021\/06\/APS001L.jpg","datePublished":"2021-06-23T12:15:00+00:00","dateModified":"2023-03-24T13:32:50+00:00","description":"Un cofanetto metallico che custodisce deliziosi pasticcini al pistacchio siciliano, alla nocciola e alla mandorla: un mix di prelibatezze irresistibili. Frollini artigianali dal gusto delicato e avvolgente, impreziositi dal miglior cioccolato, perfetti per la colazione o per un piccolo break goloso. 180 g - 300 g","breadcrumb":{"@id":"https:\/\/vincentedelicacies.com\/prodotto\/alta-pasticceria-siciliana\/#breadcrumb"},"inLanguage":"de","potentialAction":[{"@type":"ReadAction","target":["https:\/\/vincentedelicacies.com\/prodotto\/alta-pasticceria-siciliana\/"]}]},{"@type":"ImageObject","inLanguage":"de","@id":"https:\/\/vincentedelicacies.com\/prodotto\/alta-pasticceria-siciliana\/#primaryimage","url":"https:\/\/vincentedelicacies.com\/wp-content\/uploads\/2021\/06\/APS001L.jpg","contentUrl":"https:\/\/vincentedelicacies.com\/wp-content\/uploads\/2021\/06\/APS001L.jpg","width":890,"height":899,"caption":"Assortimento fine Pasticceria Siciliana"},{"@type":"BreadcrumbList","@id":"https:\/\/vincentedelicacies.com\/prodotto\/alta-pasticceria-siciliana\/#breadcrumb","itemListElement":[{"@type":"ListItem","position":1,"name":"Home","item":"https:\/\/vincentedelicacies.com\/"},{"@type":"ListItem","position":2,"name":"Prodotti","item":"https:\/\/vincentedelicacies.com\/shop1__trashed\/"},{"@type":"ListItem","position":3,"name":"Assortimento fine Pasticceria Siciliana"}]},{"@type":"WebSite","@id":"https:\/\/vincentedelicacies.com\/#website","url":"https:\/\/vincentedelicacies.com\/","name":"Vincente Delicacies","description":"Un grande laboratorio di pasticceria","publisher":{"@id":"https:\/\/vincentedelicacies.com\/#organization"},"potentialAction":[{"@type":"SearchAction","target":{"@type":"EntryPoint","urlTemplate":"https:\/\/vincentedelicacies.com\/?s={search_term_string}"},"query-input":{"@type":"PropertyValueSpecification","valueRequired":true,"valueName":"search_term_string"}}],"inLanguage":"de"},{"@type":"Organization","@id":"https:\/\/vincentedelicacies.com\/#organization","name":"Vincente Delicacies","url":"https:\/\/vincentedelicacies.com\/","logo":{"@type":"ImageObject","inLanguage":"de","@id":"https:\/\/vincentedelicacies.com\/#\/schema\/logo\/image\/","url":"https:\/\/vincentedelicacies.com\/wp-content\/uploads\/2021\/06\/logo.png","contentUrl":"https:\/\/vincentedelicacies.com\/wp-content\/uploads\/2021\/06\/logo.png","width":159,"height":47,"caption":"Vincente Delicacies"},"image":{"@id":"https:\/\/vincentedelicacies.com\/#\/schema\/logo\/image\/"}}]}},"_links":{"self":[{"href":"https:\/\/vincentedelicacies.com\/de\/wp-json\/wp\/v2\/product\/2437","targetHints":{"allow":["GET"]}}],"collection":[{"href":"https:\/\/vincentedelicacies.com\/de\/wp-json\/wp\/v2\/product"}],"about":[{"href":"https:\/\/vincentedelicacies.com\/de\/wp-json\/wp\/v2\/types\/product"}],"replies":[{"embeddable":true,"href":"https:\/\/vincentedelicacies.com\/de\/wp-json\/wp\/v2\/comments?post=2437"}],"wp:featuredmedia":[{"embeddable":true,"href":"https:\/\/vincentedelicacies.com\/de\/wp-json\/wp\/v2\/media\/12787"}],"wp:attachment":[{"href":"https:\/\/vincentedelicacies.com\/de\/wp-json\/wp\/v2\/media?parent=2437"}],"wp:term":[{"taxonomy":"product_brand","embeddable":true,"href":"https:\/\/vincentedelicacies.com\/de\/wp-json\/wp\/v2\/product_brand?post=2437"},{"taxonomy":"product_cat","embeddable":true,"href":"https:\/\/vincentedelicacies.com\/de\/wp-json\/wp\/v2\/product_cat?post=2437"},{"taxonomy":"product_tag","embeddable":true,"href":"https:\/\/vincentedelicacies.com\/de\/wp-json\/wp\/v2\/product_tag?post=2437"}],"curies":[{"name":"wp","href":"https:\/\/api.w.org\/{rel}","templated":true}]}}