{"id":2285,"date":"2021-06-22T11:17:43","date_gmt":"2021-06-22T11:17:43","guid":{"rendered":"https:\/\/vincentedelicacies.com\/?post_type=product&#038;p=2285"},"modified":"2023-10-19T06:47:08","modified_gmt":"2023-10-19T06:47:08","slug":"weise-schokolade","status":"publish","type":"product","link":"https:\/\/vincentedelicacies.com\/de\/produkt\/weise-schokolade\/","title":{"rendered":"Wei\u00dfe Schokoladencreme"},"content":{"rendered":"<p>Zutaten: Zucker, wei\u00dfe Schokolade 25% (Kakaobutter<b>, Milch<\/b> Pulver, Emulgator: Lecithin aus<b> Soja<\/b>, nat\u00fcrliches Vanillearoma), <b>Milch<\/b> Pulver, Molke aus \u00a0\u00a0\u00a0<b>Milch<\/b> pulverisierte ungeh\u00e4rtete pflanzliche Fette (Sonnenblumen\u00f6l, Kokosnuss\u00f6l, Kakaobutter), natives Oliven\u00f6l extra, Emulgator: Lecithin aus<b> Soja<\/b>Aromen. Kann N\u00fcsse enthalten: <b>Pistazien, Mandeln, Waln\u00fcsse, Cashewkerne.<\/b><\/p>","protected":false},"excerpt":{"rendered":"<p>Wei\u00dfer Schokoladenaufstrich, gut f\u00fcr pl\u00f6tzliche Naschkatzen und zum F\u00fcllen von Desserts.<\/p>","protected":false},"featured_media":2289,"comment_status":"open","ping_status":"closed","template":"","meta":[],"product_brand":[],"product_cat":[42,434],"product_tag":[],"class_list":{"0":"post-2285","1":"product","2":"type-product","3":"status-publish","4":"has-post-thumbnail","6":"product_cat-creme-spalmabili","7":"product_cat-creme-spalmabili-2","9":"first","10":"instock","11":"shipping-taxable","12":"product-type-variable"},"yoast_head":"<!-- This site is optimized with the Yoast SEO Premium plugin v21.8 (Yoast SEO v26.6) - https:\/\/yoast.com\/wordpress\/plugins\/seo\/ -->\n<title>Crema al Cioccolato Bianco - Vincente Delicacies<\/title>\n<meta name=\"description\" content=\"Crema spalmabile al cioccolato bianco, buona per improvvisi momenti di golosit\u00e0 e per farcire i dolci.\" \/>\n<meta name=\"robots\" content=\"index, follow, max-snippet:-1, max-image-preview:large, max-video-preview:-1\" \/>\n<link rel=\"canonical\" href=\"https:\/\/vincentedelicacies.com\/de\/produkt\/weise-schokolade\/\" \/>\n<meta property=\"og:locale\" content=\"de_DE\" \/>\n<meta property=\"og:type\" content=\"article\" \/>\n<meta property=\"og:title\" content=\"Crema al Cioccolato Bianco\" \/>\n<meta property=\"og:description\" content=\"Crema spalmabile al cioccolato bianco, buona per improvvisi momenti di golosit\u00e0 e per farcire i dolci.\" \/>\n<meta property=\"og:url\" content=\"https:\/\/vincentedelicacies.com\/de\/produkt\/weise-schokolade\/\" \/>\n<meta property=\"og:site_name\" content=\"Vincente Delicacies\" \/>\n<meta property=\"article:modified_time\" content=\"2023-10-19T06:47:08+00:00\" \/>\n<meta property=\"og:image\" content=\"https:\/\/vincentedelicacies.com\/wp-content\/uploads\/2021\/06\/crema-cioccolato-bianco-180-g-1.jpg\" \/>\n\t<meta property=\"og:image:width\" content=\"790\" \/>\n\t<meta property=\"og:image:height\" content=\"799\" \/>\n\t<meta property=\"og:image:type\" content=\"image\/jpeg\" \/>\n<meta name=\"twitter:card\" content=\"summary_large_image\" \/>\n<meta name=\"twitter:label1\" content=\"Gesch\u00e4tzte Lesezeit\" \/>\n\t<meta name=\"twitter:data1\" content=\"1\u00a0Minute\" \/>\n<script type=\"application\/ld+json\" class=\"yoast-schema-graph\">{\"@context\":\"https:\/\/schema.org\",\"@graph\":[{\"@type\":\"WebPage\",\"@id\":\"https:\/\/vincentedelicacies.com\/prodotto\/cioccolato-bianco\/\",\"url\":\"https:\/\/vincentedelicacies.com\/prodotto\/cioccolato-bianco\/\",\"name\":\"Crema al Cioccolato Bianco - Vincente Delicacies\",\"isPartOf\":{\"@id\":\"https:\/\/vincentedelicacies.com\/#website\"},\"primaryImageOfPage\":{\"@id\":\"https:\/\/vincentedelicacies.com\/prodotto\/cioccolato-bianco\/#primaryimage\"},\"image\":{\"@id\":\"https:\/\/vincentedelicacies.com\/prodotto\/cioccolato-bianco\/#primaryimage\"},\"thumbnailUrl\":\"https:\/\/vincentedelicacies.com\/wp-content\/uploads\/2021\/06\/crema-cioccolato-bianco-180-g-1.jpg\",\"datePublished\":\"2021-06-22T11:17:43+00:00\",\"dateModified\":\"2023-10-19T06:47:08+00:00\",\"description\":\"Crema spalmabile al cioccolato bianco, buona per improvvisi momenti di golosit\u00e0 e per farcire i dolci.\",\"breadcrumb\":{\"@id\":\"https:\/\/vincentedelicacies.com\/prodotto\/cioccolato-bianco\/#breadcrumb\"},\"inLanguage\":\"de\",\"potentialAction\":[{\"@type\":\"ReadAction\",\"target\":[\"https:\/\/vincentedelicacies.com\/prodotto\/cioccolato-bianco\/\"]}]},{\"@type\":\"ImageObject\",\"inLanguage\":\"de\",\"@id\":\"https:\/\/vincentedelicacies.com\/prodotto\/cioccolato-bianco\/#primaryimage\",\"url\":\"https:\/\/vincentedelicacies.com\/wp-content\/uploads\/2021\/06\/crema-cioccolato-bianco-180-g-1.jpg\",\"contentUrl\":\"https:\/\/vincentedelicacies.com\/wp-content\/uploads\/2021\/06\/crema-cioccolato-bianco-180-g-1.jpg\",\"width\":790,\"height\":799,\"caption\":\"Crema al Cioccolato Bianco\"},{\"@type\":\"BreadcrumbList\",\"@id\":\"https:\/\/vincentedelicacies.com\/prodotto\/cioccolato-bianco\/#breadcrumb\",\"itemListElement\":[{\"@type\":\"ListItem\",\"position\":1,\"name\":\"Home\",\"item\":\"https:\/\/vincentedelicacies.com\/\"},{\"@type\":\"ListItem\",\"position\":2,\"name\":\"Prodotti\",\"item\":\"https:\/\/vincentedelicacies.com\/shop1__trashed\/\"},{\"@type\":\"ListItem\",\"position\":3,\"name\":\"Crema al Cioccolato Bianco\"}]},{\"@type\":\"WebSite\",\"@id\":\"https:\/\/vincentedelicacies.com\/#website\",\"url\":\"https:\/\/vincentedelicacies.com\/\",\"name\":\"Vincente Delicacies\",\"description\":\"Un grande laboratorio di pasticceria\",\"publisher\":{\"@id\":\"https:\/\/vincentedelicacies.com\/#organization\"},\"potentialAction\":[{\"@type\":\"SearchAction\",\"target\":{\"@type\":\"EntryPoint\",\"urlTemplate\":\"https:\/\/vincentedelicacies.com\/?s={search_term_string}\"},\"query-input\":{\"@type\":\"PropertyValueSpecification\",\"valueRequired\":true,\"valueName\":\"search_term_string\"}}],\"inLanguage\":\"de\"},{\"@type\":\"Organization\",\"@id\":\"https:\/\/vincentedelicacies.com\/#organization\",\"name\":\"Vincente Delicacies\",\"url\":\"https:\/\/vincentedelicacies.com\/\",\"logo\":{\"@type\":\"ImageObject\",\"inLanguage\":\"de\",\"@id\":\"https:\/\/vincentedelicacies.com\/#\/schema\/logo\/image\/\",\"url\":\"https:\/\/vincentedelicacies.com\/wp-content\/uploads\/2021\/06\/logo.png\",\"contentUrl\":\"https:\/\/vincentedelicacies.com\/wp-content\/uploads\/2021\/06\/logo.png\",\"width\":159,\"height\":47,\"caption\":\"Vincente Delicacies\"},\"image\":{\"@id\":\"https:\/\/vincentedelicacies.com\/#\/schema\/logo\/image\/\"}}]}<\/script>\n<!-- \/ Yoast SEO Premium plugin. -->","yoast_head_json":{"title":"Crema al Cioccolato Bianco - Vincente Delicacies","description":"Crema spalmabile al cioccolato bianco, buona per improvvisi momenti di golosit\u00e0 e per farcire i dolci.","robots":{"index":"index","follow":"follow","max-snippet":"max-snippet:-1","max-image-preview":"max-image-preview:large","max-video-preview":"max-video-preview:-1"},"canonical":"https:\/\/vincentedelicacies.com\/de\/produkt\/weise-schokolade\/","og_locale":"de_DE","og_type":"article","og_title":"Crema al Cioccolato Bianco","og_description":"Crema spalmabile al cioccolato bianco, buona per improvvisi momenti di golosit\u00e0 e per farcire i dolci.","og_url":"https:\/\/vincentedelicacies.com\/de\/produkt\/weise-schokolade\/","og_site_name":"Vincente Delicacies","article_modified_time":"2023-10-19T06:47:08+00:00","og_image":[{"width":790,"height":799,"url":"https:\/\/vincentedelicacies.com\/wp-content\/uploads\/2021\/06\/crema-cioccolato-bianco-180-g-1.jpg","type":"image\/jpeg"}],"twitter_card":"summary_large_image","twitter_misc":{"Gesch\u00e4tzte Lesezeit":"1\u00a0Minute"},"schema":{"@context":"https:\/\/schema.org","@graph":[{"@type":"WebPage","@id":"https:\/\/vincentedelicacies.com\/prodotto\/cioccolato-bianco\/","url":"https:\/\/vincentedelicacies.com\/prodotto\/cioccolato-bianco\/","name":"Crema al Cioccolato Bianco - Vincente Delicacies","isPartOf":{"@id":"https:\/\/vincentedelicacies.com\/#website"},"primaryImageOfPage":{"@id":"https:\/\/vincentedelicacies.com\/prodotto\/cioccolato-bianco\/#primaryimage"},"image":{"@id":"https:\/\/vincentedelicacies.com\/prodotto\/cioccolato-bianco\/#primaryimage"},"thumbnailUrl":"https:\/\/vincentedelicacies.com\/wp-content\/uploads\/2021\/06\/crema-cioccolato-bianco-180-g-1.jpg","datePublished":"2021-06-22T11:17:43+00:00","dateModified":"2023-10-19T06:47:08+00:00","description":"Crema spalmabile al cioccolato bianco, buona per improvvisi momenti di golosit\u00e0 e per farcire i dolci.","breadcrumb":{"@id":"https:\/\/vincentedelicacies.com\/prodotto\/cioccolato-bianco\/#breadcrumb"},"inLanguage":"de","potentialAction":[{"@type":"ReadAction","target":["https:\/\/vincentedelicacies.com\/prodotto\/cioccolato-bianco\/"]}]},{"@type":"ImageObject","inLanguage":"de","@id":"https:\/\/vincentedelicacies.com\/prodotto\/cioccolato-bianco\/#primaryimage","url":"https:\/\/vincentedelicacies.com\/wp-content\/uploads\/2021\/06\/crema-cioccolato-bianco-180-g-1.jpg","contentUrl":"https:\/\/vincentedelicacies.com\/wp-content\/uploads\/2021\/06\/crema-cioccolato-bianco-180-g-1.jpg","width":790,"height":799,"caption":"Crema al Cioccolato Bianco"},{"@type":"BreadcrumbList","@id":"https:\/\/vincentedelicacies.com\/prodotto\/cioccolato-bianco\/#breadcrumb","itemListElement":[{"@type":"ListItem","position":1,"name":"Home","item":"https:\/\/vincentedelicacies.com\/"},{"@type":"ListItem","position":2,"name":"Prodotti","item":"https:\/\/vincentedelicacies.com\/shop1__trashed\/"},{"@type":"ListItem","position":3,"name":"Crema al Cioccolato Bianco"}]},{"@type":"WebSite","@id":"https:\/\/vincentedelicacies.com\/#website","url":"https:\/\/vincentedelicacies.com\/","name":"Vincente Delicacies","description":"Un grande laboratorio di pasticceria","publisher":{"@id":"https:\/\/vincentedelicacies.com\/#organization"},"potentialAction":[{"@type":"SearchAction","target":{"@type":"EntryPoint","urlTemplate":"https:\/\/vincentedelicacies.com\/?s={search_term_string}"},"query-input":{"@type":"PropertyValueSpecification","valueRequired":true,"valueName":"search_term_string"}}],"inLanguage":"de"},{"@type":"Organization","@id":"https:\/\/vincentedelicacies.com\/#organization","name":"Vincente Delicacies","url":"https:\/\/vincentedelicacies.com\/","logo":{"@type":"ImageObject","inLanguage":"de","@id":"https:\/\/vincentedelicacies.com\/#\/schema\/logo\/image\/","url":"https:\/\/vincentedelicacies.com\/wp-content\/uploads\/2021\/06\/logo.png","contentUrl":"https:\/\/vincentedelicacies.com\/wp-content\/uploads\/2021\/06\/logo.png","width":159,"height":47,"caption":"Vincente Delicacies"},"image":{"@id":"https:\/\/vincentedelicacies.com\/#\/schema\/logo\/image\/"}}]}},"_links":{"self":[{"href":"https:\/\/vincentedelicacies.com\/de\/wp-json\/wp\/v2\/product\/2285","targetHints":{"allow":["GET"]}}],"collection":[{"href":"https:\/\/vincentedelicacies.com\/de\/wp-json\/wp\/v2\/product"}],"about":[{"href":"https:\/\/vincentedelicacies.com\/de\/wp-json\/wp\/v2\/types\/product"}],"replies":[{"embeddable":true,"href":"https:\/\/vincentedelicacies.com\/de\/wp-json\/wp\/v2\/comments?post=2285"}],"wp:featuredmedia":[{"embeddable":true,"href":"https:\/\/vincentedelicacies.com\/de\/wp-json\/wp\/v2\/media\/2289"}],"wp:attachment":[{"href":"https:\/\/vincentedelicacies.com\/de\/wp-json\/wp\/v2\/media?parent=2285"}],"wp:term":[{"taxonomy":"product_brand","embeddable":true,"href":"https:\/\/vincentedelicacies.com\/de\/wp-json\/wp\/v2\/product_brand?post=2285"},{"taxonomy":"product_cat","embeddable":true,"href":"https:\/\/vincentedelicacies.com\/de\/wp-json\/wp\/v2\/product_cat?post=2285"},{"taxonomy":"product_tag","embeddable":true,"href":"https:\/\/vincentedelicacies.com\/de\/wp-json\/wp\/v2\/product_tag?post=2285"}],"curies":[{"name":"wp","href":"https:\/\/api.w.org\/{rel}","templated":true}]}}