{"id":2256,"date":"2021-06-22T11:03:42","date_gmt":"2021-06-22T11:03:42","guid":{"rendered":"https:\/\/vincentedelicacies.com\/?post_type=product&#038;p=2256"},"modified":"2024-03-14T07:31:29","modified_gmt":"2024-03-14T07:31:29","slug":"pistazie-bronte-dop","status":"publish","type":"product","link":"https:\/\/vincentedelicacies.com\/de\/produkt\/pistazie-bronte-dop\/","title":{"rendered":"Pistaziencreme mit \"Bronte Green Pistachio g.U."},"content":{"rendered":"<p><strong>Zutaten:<\/strong><\/p>\n<p><strong>\"PISTACHIO<\/strong> verde di Bronte DOP' 45%, Zucker,<strong> MILCH<\/strong> Pulver, ungeh\u00e4rtete pflanzliche Fette (Sonnenblumen\u00f6l, Kakaobutter), natives Oliven\u00f6l extra, Emulgator: Lecithin aus <strong>SOYA.<\/strong><\/p>\n<p>Kann andere N\u00fcsse enthalten: <strong>Mandeln, Haseln\u00fcsse<\/strong>.<\/p>","protected":false},"excerpt":{"rendered":"<p>Pistaziencreme mit \"Pistacchio Verde di Bronte DOP\" 45%, handgefertigt, um die N\u00e4hrwerte und den einzigartigen Geschmack der Pistazie zu erhalten.<br \/>\nDie Pistaziencreme von Vincente mit ihrem intensiven und umh\u00fcllenden Geschmack eignet sich hervorragend zum Bestreichen von Toast oder einer Scheibe Brot f\u00fcr einen Moment der K\u00f6stlichkeit oder zum F\u00fcllen von Kuchen und Torten.<\/p>","protected":false},"featured_media":2259,"comment_status":"open","ping_status":"closed","template":"","meta":[],"product_brand":[],"product_cat":[42,434],"product_tag":[],"class_list":{"0":"post-2256","1":"product","2":"type-product","3":"status-publish","4":"has-post-thumbnail","6":"product_cat-creme-spalmabili","7":"product_cat-creme-spalmabili-2","9":"first","10":"instock","11":"shipping-taxable","12":"product-type-variable"},"yoast_head":"<!-- This site is optimized with the Yoast SEO Premium plugin v21.8 (Yoast SEO v26.6) - https:\/\/yoast.com\/wordpress\/plugins\/seo\/ -->\n<title>Crema al Pistacchio con \u201cPistacchio Verde di Bronte DOP\u201d - Vincente Delicacies<\/title>\n<meta name=\"description\" content=\"La crema al pistacchio Vincente lavorata artigianalmente per preservarne i valori nutrizionali e il gusto unico del pistacchio.\" \/>\n<meta name=\"robots\" content=\"index, follow, max-snippet:-1, max-image-preview:large, max-video-preview:-1\" \/>\n<link rel=\"canonical\" href=\"https:\/\/vincentedelicacies.com\/de\/produkt\/pistazie-bronte-dop\/\" \/>\n<meta property=\"og:locale\" content=\"de_DE\" \/>\n<meta property=\"og:type\" content=\"article\" \/>\n<meta property=\"og:title\" content=\"Crema al Pistacchio con \u201cPistacchio Verde di Bronte DOP\u201d\" \/>\n<meta property=\"og:description\" content=\"La crema al pistacchio Vincente lavorata artigianalmente per preservarne i valori nutrizionali e il gusto unico del pistacchio.\" \/>\n<meta property=\"og:url\" content=\"https:\/\/vincentedelicacies.com\/de\/produkt\/pistazie-bronte-dop\/\" \/>\n<meta property=\"og:site_name\" content=\"Vincente Delicacies\" \/>\n<meta property=\"article:modified_time\" content=\"2024-03-14T07:31:29+00:00\" \/>\n<meta property=\"og:image\" content=\"https:\/\/vincentedelicacies.com\/wp-content\/uploads\/2021\/06\/crema-pistacchio-180-g-1.jpeg\" \/>\n\t<meta property=\"og:image:width\" content=\"790\" \/>\n\t<meta property=\"og:image:height\" content=\"799\" \/>\n\t<meta property=\"og:image:type\" content=\"image\/jpeg\" \/>\n<meta name=\"twitter:card\" content=\"summary_large_image\" \/>\n<meta name=\"twitter:description\" content=\"La crema al pistacchio Vincente lavorata artigianalmente per preservarne i valori nutrizionali e il gusto unico del pistacchio.\" \/>\n<meta name=\"twitter:label1\" content=\"Gesch\u00e4tzte Lesezeit\" \/>\n\t<meta name=\"twitter:data1\" content=\"1\u00a0Minute\" \/>\n<script type=\"application\/ld+json\" class=\"yoast-schema-graph\">{\"@context\":\"https:\/\/schema.org\",\"@graph\":[{\"@type\":\"WebPage\",\"@id\":\"https:\/\/vincentedelicacies.com\/prodotto\/pistacchio-bronte-dop\/\",\"url\":\"https:\/\/vincentedelicacies.com\/prodotto\/pistacchio-bronte-dop\/\",\"name\":\"Crema al Pistacchio con \u201cPistacchio Verde di Bronte DOP\u201d - Vincente Delicacies\",\"isPartOf\":{\"@id\":\"https:\/\/vincentedelicacies.com\/#website\"},\"primaryImageOfPage\":{\"@id\":\"https:\/\/vincentedelicacies.com\/prodotto\/pistacchio-bronte-dop\/#primaryimage\"},\"image\":{\"@id\":\"https:\/\/vincentedelicacies.com\/prodotto\/pistacchio-bronte-dop\/#primaryimage\"},\"thumbnailUrl\":\"https:\/\/vincentedelicacies.com\/wp-content\/uploads\/2021\/06\/crema-pistacchio-180-g-1.jpeg\",\"datePublished\":\"2021-06-22T11:03:42+00:00\",\"dateModified\":\"2024-03-14T07:31:29+00:00\",\"description\":\"La crema al pistacchio Vincente lavorata artigianalmente per preservarne i valori nutrizionali e il gusto unico del pistacchio.\",\"breadcrumb\":{\"@id\":\"https:\/\/vincentedelicacies.com\/prodotto\/pistacchio-bronte-dop\/#breadcrumb\"},\"inLanguage\":\"de\",\"potentialAction\":[{\"@type\":\"ReadAction\",\"target\":[\"https:\/\/vincentedelicacies.com\/prodotto\/pistacchio-bronte-dop\/\"]}]},{\"@type\":\"ImageObject\",\"inLanguage\":\"de\",\"@id\":\"https:\/\/vincentedelicacies.com\/prodotto\/pistacchio-bronte-dop\/#primaryimage\",\"url\":\"https:\/\/vincentedelicacies.com\/wp-content\/uploads\/2021\/06\/crema-pistacchio-180-g-1.jpeg\",\"contentUrl\":\"https:\/\/vincentedelicacies.com\/wp-content\/uploads\/2021\/06\/crema-pistacchio-180-g-1.jpeg\",\"width\":790,\"height\":799,\"caption\":\"Crema al Pistacchio con \u201cPistacchio Verde di Bronte DOP\u201d\"},{\"@type\":\"BreadcrumbList\",\"@id\":\"https:\/\/vincentedelicacies.com\/prodotto\/pistacchio-bronte-dop\/#breadcrumb\",\"itemListElement\":[{\"@type\":\"ListItem\",\"position\":1,\"name\":\"Home\",\"item\":\"https:\/\/vincentedelicacies.com\/\"},{\"@type\":\"ListItem\",\"position\":2,\"name\":\"Prodotti\",\"item\":\"https:\/\/vincentedelicacies.com\/shop1__trashed\/\"},{\"@type\":\"ListItem\",\"position\":3,\"name\":\"Crema al Pistacchio con \u201cPistacchio Verde di Bronte DOP\u201d\"}]},{\"@type\":\"WebSite\",\"@id\":\"https:\/\/vincentedelicacies.com\/#website\",\"url\":\"https:\/\/vincentedelicacies.com\/\",\"name\":\"Vincente Delicacies\",\"description\":\"Un grande laboratorio di pasticceria\",\"publisher\":{\"@id\":\"https:\/\/vincentedelicacies.com\/#organization\"},\"potentialAction\":[{\"@type\":\"SearchAction\",\"target\":{\"@type\":\"EntryPoint\",\"urlTemplate\":\"https:\/\/vincentedelicacies.com\/?s={search_term_string}\"},\"query-input\":{\"@type\":\"PropertyValueSpecification\",\"valueRequired\":true,\"valueName\":\"search_term_string\"}}],\"inLanguage\":\"de\"},{\"@type\":\"Organization\",\"@id\":\"https:\/\/vincentedelicacies.com\/#organization\",\"name\":\"Vincente Delicacies\",\"url\":\"https:\/\/vincentedelicacies.com\/\",\"logo\":{\"@type\":\"ImageObject\",\"inLanguage\":\"de\",\"@id\":\"https:\/\/vincentedelicacies.com\/#\/schema\/logo\/image\/\",\"url\":\"https:\/\/vincentedelicacies.com\/wp-content\/uploads\/2021\/06\/logo.png\",\"contentUrl\":\"https:\/\/vincentedelicacies.com\/wp-content\/uploads\/2021\/06\/logo.png\",\"width\":159,\"height\":47,\"caption\":\"Vincente Delicacies\"},\"image\":{\"@id\":\"https:\/\/vincentedelicacies.com\/#\/schema\/logo\/image\/\"}}]}<\/script>\n<!-- \/ Yoast SEO Premium plugin. -->","yoast_head_json":{"title":"Crema al Pistacchio con \u201cPistacchio Verde di Bronte DOP\u201d - Vincente Delicacies","description":"La crema al pistacchio Vincente lavorata artigianalmente per preservarne i valori nutrizionali e il gusto unico del pistacchio.","robots":{"index":"index","follow":"follow","max-snippet":"max-snippet:-1","max-image-preview":"max-image-preview:large","max-video-preview":"max-video-preview:-1"},"canonical":"https:\/\/vincentedelicacies.com\/de\/produkt\/pistazie-bronte-dop\/","og_locale":"de_DE","og_type":"article","og_title":"Crema al Pistacchio con \u201cPistacchio Verde di Bronte DOP\u201d","og_description":"La crema al pistacchio Vincente lavorata artigianalmente per preservarne i valori nutrizionali e il gusto unico del pistacchio.","og_url":"https:\/\/vincentedelicacies.com\/de\/produkt\/pistazie-bronte-dop\/","og_site_name":"Vincente Delicacies","article_modified_time":"2024-03-14T07:31:29+00:00","og_image":[{"width":790,"height":799,"url":"https:\/\/vincentedelicacies.com\/wp-content\/uploads\/2021\/06\/crema-pistacchio-180-g-1.jpeg","type":"image\/jpeg"}],"twitter_card":"summary_large_image","twitter_description":"La crema al pistacchio Vincente lavorata artigianalmente per preservarne i valori nutrizionali e il gusto unico del pistacchio.","twitter_misc":{"Gesch\u00e4tzte Lesezeit":"1\u00a0Minute"},"schema":{"@context":"https:\/\/schema.org","@graph":[{"@type":"WebPage","@id":"https:\/\/vincentedelicacies.com\/prodotto\/pistacchio-bronte-dop\/","url":"https:\/\/vincentedelicacies.com\/prodotto\/pistacchio-bronte-dop\/","name":"Crema al Pistacchio con \u201cPistacchio Verde di Bronte DOP\u201d - Vincente Delicacies","isPartOf":{"@id":"https:\/\/vincentedelicacies.com\/#website"},"primaryImageOfPage":{"@id":"https:\/\/vincentedelicacies.com\/prodotto\/pistacchio-bronte-dop\/#primaryimage"},"image":{"@id":"https:\/\/vincentedelicacies.com\/prodotto\/pistacchio-bronte-dop\/#primaryimage"},"thumbnailUrl":"https:\/\/vincentedelicacies.com\/wp-content\/uploads\/2021\/06\/crema-pistacchio-180-g-1.jpeg","datePublished":"2021-06-22T11:03:42+00:00","dateModified":"2024-03-14T07:31:29+00:00","description":"La crema al pistacchio Vincente lavorata artigianalmente per preservarne i valori nutrizionali e il gusto unico del pistacchio.","breadcrumb":{"@id":"https:\/\/vincentedelicacies.com\/prodotto\/pistacchio-bronte-dop\/#breadcrumb"},"inLanguage":"de","potentialAction":[{"@type":"ReadAction","target":["https:\/\/vincentedelicacies.com\/prodotto\/pistacchio-bronte-dop\/"]}]},{"@type":"ImageObject","inLanguage":"de","@id":"https:\/\/vincentedelicacies.com\/prodotto\/pistacchio-bronte-dop\/#primaryimage","url":"https:\/\/vincentedelicacies.com\/wp-content\/uploads\/2021\/06\/crema-pistacchio-180-g-1.jpeg","contentUrl":"https:\/\/vincentedelicacies.com\/wp-content\/uploads\/2021\/06\/crema-pistacchio-180-g-1.jpeg","width":790,"height":799,"caption":"Crema al Pistacchio con \u201cPistacchio Verde di Bronte DOP\u201d"},{"@type":"BreadcrumbList","@id":"https:\/\/vincentedelicacies.com\/prodotto\/pistacchio-bronte-dop\/#breadcrumb","itemListElement":[{"@type":"ListItem","position":1,"name":"Home","item":"https:\/\/vincentedelicacies.com\/"},{"@type":"ListItem","position":2,"name":"Prodotti","item":"https:\/\/vincentedelicacies.com\/shop1__trashed\/"},{"@type":"ListItem","position":3,"name":"Crema al Pistacchio con \u201cPistacchio Verde di Bronte DOP\u201d"}]},{"@type":"WebSite","@id":"https:\/\/vincentedelicacies.com\/#website","url":"https:\/\/vincentedelicacies.com\/","name":"Vincente Delicacies","description":"Un grande laboratorio di pasticceria","publisher":{"@id":"https:\/\/vincentedelicacies.com\/#organization"},"potentialAction":[{"@type":"SearchAction","target":{"@type":"EntryPoint","urlTemplate":"https:\/\/vincentedelicacies.com\/?s={search_term_string}"},"query-input":{"@type":"PropertyValueSpecification","valueRequired":true,"valueName":"search_term_string"}}],"inLanguage":"de"},{"@type":"Organization","@id":"https:\/\/vincentedelicacies.com\/#organization","name":"Vincente Delicacies","url":"https:\/\/vincentedelicacies.com\/","logo":{"@type":"ImageObject","inLanguage":"de","@id":"https:\/\/vincentedelicacies.com\/#\/schema\/logo\/image\/","url":"https:\/\/vincentedelicacies.com\/wp-content\/uploads\/2021\/06\/logo.png","contentUrl":"https:\/\/vincentedelicacies.com\/wp-content\/uploads\/2021\/06\/logo.png","width":159,"height":47,"caption":"Vincente Delicacies"},"image":{"@id":"https:\/\/vincentedelicacies.com\/#\/schema\/logo\/image\/"}}]}},"_links":{"self":[{"href":"https:\/\/vincentedelicacies.com\/de\/wp-json\/wp\/v2\/product\/2256","targetHints":{"allow":["GET"]}}],"collection":[{"href":"https:\/\/vincentedelicacies.com\/de\/wp-json\/wp\/v2\/product"}],"about":[{"href":"https:\/\/vincentedelicacies.com\/de\/wp-json\/wp\/v2\/types\/product"}],"replies":[{"embeddable":true,"href":"https:\/\/vincentedelicacies.com\/de\/wp-json\/wp\/v2\/comments?post=2256"}],"wp:featuredmedia":[{"embeddable":true,"href":"https:\/\/vincentedelicacies.com\/de\/wp-json\/wp\/v2\/media\/2259"}],"wp:attachment":[{"href":"https:\/\/vincentedelicacies.com\/de\/wp-json\/wp\/v2\/media?parent=2256"}],"wp:term":[{"taxonomy":"product_brand","embeddable":true,"href":"https:\/\/vincentedelicacies.com\/de\/wp-json\/wp\/v2\/product_brand?post=2256"},{"taxonomy":"product_cat","embeddable":true,"href":"https:\/\/vincentedelicacies.com\/de\/wp-json\/wp\/v2\/product_cat?post=2256"},{"taxonomy":"product_tag","embeddable":true,"href":"https:\/\/vincentedelicacies.com\/de\/wp-json\/wp\/v2\/product_tag?post=2256"}],"curies":[{"name":"wp","href":"https:\/\/api.w.org\/{rel}","templated":true}]}}