{"id":2218,"date":"2021-06-22T10:18:07","date_gmt":"2021-06-22T10:18:07","guid":{"rendered":"https:\/\/vincentedelicacies.com\/?post_type=product&#038;p=2218"},"modified":"2023-09-14T13:01:18","modified_gmt":"2023-09-14T13:01:18","slug":"haselnusskrokant-umhullt-von-reiner-milchschokolade","status":"publish","type":"product","link":"https:\/\/vincentedelicacies.com\/de\/produkt\/haselnusskrokant-umhullt-von-reiner-milchschokolade\/","title":{"rendered":"Haselnuss-Crunch-Touches umh\u00fcllt von reiner Vollmilchschokolade"},"content":{"rendered":"<p>Inhaltsstoffe<br \/>\nSizilianische Haseln\u00fcsse 65%, Zucker, Honig.<br \/>\n\u00dcberzug: Milchschokolade 8% (Zucker, Kakaobutter, Milchpulver, Kakaomasse, Molkenpulver, Emulgator SOY Lecithin,<br \/>\nVanilleextrakt).<\/p>","protected":false},"excerpt":{"rendered":"<p>Unsere Tocchetti di Croccante mit sizilianischen Haseln\u00fcssen, \u00fcberzogen mit einer Glasur aus reiner Milchschokolade, sind die perfekte S\u00fc\u00dfigkeit f\u00fcr eine kleine Pause. Die handgefertigten Tocchetti von Vincente sind ideal, um sie mit Freunden zu genie\u00dfen. 200 g<\/p>","protected":false},"featured_media":18890,"comment_status":"open","ping_status":"closed","template":"","meta":[],"product_brand":[],"product_cat":[41,440],"product_tag":[],"class_list":{"0":"post-2218","1":"product","2":"type-product","3":"status-publish","4":"has-post-thumbnail","6":"product_cat-croccante","7":"product_cat-matador","9":"first","10":"instock","11":"shipping-taxable","12":"product-type-variable"},"yoast_head":"<!-- This site is optimized with the Yoast SEO Premium plugin v21.8 (Yoast SEO v26.6) - https:\/\/yoast.com\/wordpress\/plugins\/seo\/ -->\n<title>Tocchetti di croccante alla Nocciola ricoperti di puro Cioccolato al Latte - Vincente Delicacies<\/title>\n<meta name=\"description\" content=\"I nostri deliziosi tocchetti di croccante con nocciole di Sicilia sono ricoperti da una glassa al puro cioccolato a latte,\" \/>\n<meta name=\"robots\" content=\"index, follow, max-snippet:-1, max-image-preview:large, max-video-preview:-1\" \/>\n<link rel=\"canonical\" href=\"https:\/\/vincentedelicacies.com\/de\/produkt\/haselnusskrokant-umhullt-von-reiner-milchschokolade\/\" \/>\n<meta property=\"og:locale\" content=\"de_DE\" \/>\n<meta property=\"og:type\" content=\"article\" \/>\n<meta property=\"og:title\" content=\"Tocchetti di croccante alla Nocciola ricoperti di puro Cioccolato al Latte\" \/>\n<meta property=\"og:description\" content=\"I nostri tocchetti di croccante con nocciole di Sicilia ricoperti da una glassa al puro cioccolato a latte, sono dolci perfetti per un piccolo break. Preparati artigianalmente, i tocchetti Vincente sono perfetti da gustare in compagnia. 200 g\" \/>\n<meta property=\"og:url\" content=\"https:\/\/vincentedelicacies.com\/de\/produkt\/haselnusskrokant-umhullt-von-reiner-milchschokolade\/\" \/>\n<meta property=\"og:site_name\" content=\"Vincente Delicacies\" \/>\n<meta property=\"article:modified_time\" content=\"2023-09-14T13:01:18+00:00\" \/>\n<meta property=\"og:image\" content=\"https:\/\/vincentedelicacies.com\/wp-content\/uploads\/2021\/06\/croccante-nocciole-e-ciocc.jpg\" \/>\n\t<meta property=\"og:image:width\" content=\"790\" \/>\n\t<meta property=\"og:image:height\" content=\"799\" \/>\n\t<meta property=\"og:image:type\" content=\"image\/jpeg\" \/>\n<meta name=\"twitter:card\" content=\"summary_large_image\" \/>\n<meta name=\"twitter:label1\" content=\"Gesch\u00e4tzte Lesezeit\" \/>\n\t<meta name=\"twitter:data1\" content=\"1\u00a0Minute\" \/>\n<script type=\"application\/ld+json\" class=\"yoast-schema-graph\">{\"@context\":\"https:\/\/schema.org\",\"@graph\":[{\"@type\":\"WebPage\",\"@id\":\"https:\/\/vincentedelicacies.com\/prodotto\/tocchetti-di-croccante-alla-nocciola-ricoperti-di-puro-cioccolato-al-latte\/\",\"url\":\"https:\/\/vincentedelicacies.com\/prodotto\/tocchetti-di-croccante-alla-nocciola-ricoperti-di-puro-cioccolato-al-latte\/\",\"name\":\"Tocchetti di croccante alla Nocciola ricoperti di puro Cioccolato al Latte - Vincente Delicacies\",\"isPartOf\":{\"@id\":\"https:\/\/vincentedelicacies.com\/#website\"},\"primaryImageOfPage\":{\"@id\":\"https:\/\/vincentedelicacies.com\/prodotto\/tocchetti-di-croccante-alla-nocciola-ricoperti-di-puro-cioccolato-al-latte\/#primaryimage\"},\"image\":{\"@id\":\"https:\/\/vincentedelicacies.com\/prodotto\/tocchetti-di-croccante-alla-nocciola-ricoperti-di-puro-cioccolato-al-latte\/#primaryimage\"},\"thumbnailUrl\":\"https:\/\/vincentedelicacies.com\/wp-content\/uploads\/2021\/06\/croccante-nocciole-e-ciocc.jpg\",\"datePublished\":\"2021-06-22T10:18:07+00:00\",\"dateModified\":\"2023-09-14T13:01:18+00:00\",\"description\":\"I nostri deliziosi tocchetti di croccante con nocciole di Sicilia sono ricoperti da una glassa al puro cioccolato a latte,\",\"breadcrumb\":{\"@id\":\"https:\/\/vincentedelicacies.com\/prodotto\/tocchetti-di-croccante-alla-nocciola-ricoperti-di-puro-cioccolato-al-latte\/#breadcrumb\"},\"inLanguage\":\"de\",\"potentialAction\":[{\"@type\":\"ReadAction\",\"target\":[\"https:\/\/vincentedelicacies.com\/prodotto\/tocchetti-di-croccante-alla-nocciola-ricoperti-di-puro-cioccolato-al-latte\/\"]}]},{\"@type\":\"ImageObject\",\"inLanguage\":\"de\",\"@id\":\"https:\/\/vincentedelicacies.com\/prodotto\/tocchetti-di-croccante-alla-nocciola-ricoperti-di-puro-cioccolato-al-latte\/#primaryimage\",\"url\":\"https:\/\/vincentedelicacies.com\/wp-content\/uploads\/2021\/06\/croccante-nocciole-e-ciocc.jpg\",\"contentUrl\":\"https:\/\/vincentedelicacies.com\/wp-content\/uploads\/2021\/06\/croccante-nocciole-e-ciocc.jpg\",\"width\":790,\"height\":799},{\"@type\":\"BreadcrumbList\",\"@id\":\"https:\/\/vincentedelicacies.com\/prodotto\/tocchetti-di-croccante-alla-nocciola-ricoperti-di-puro-cioccolato-al-latte\/#breadcrumb\",\"itemListElement\":[{\"@type\":\"ListItem\",\"position\":1,\"name\":\"Home\",\"item\":\"https:\/\/vincentedelicacies.com\/\"},{\"@type\":\"ListItem\",\"position\":2,\"name\":\"Prodotti\",\"item\":\"https:\/\/vincentedelicacies.com\/shop1__trashed\/\"},{\"@type\":\"ListItem\",\"position\":3,\"name\":\"Tocchetti di croccante alla Nocciola ricoperti di puro Cioccolato al Latte\"}]},{\"@type\":\"WebSite\",\"@id\":\"https:\/\/vincentedelicacies.com\/#website\",\"url\":\"https:\/\/vincentedelicacies.com\/\",\"name\":\"Vincente Delicacies\",\"description\":\"Un grande laboratorio di pasticceria\",\"publisher\":{\"@id\":\"https:\/\/vincentedelicacies.com\/#organization\"},\"potentialAction\":[{\"@type\":\"SearchAction\",\"target\":{\"@type\":\"EntryPoint\",\"urlTemplate\":\"https:\/\/vincentedelicacies.com\/?s={search_term_string}\"},\"query-input\":{\"@type\":\"PropertyValueSpecification\",\"valueRequired\":true,\"valueName\":\"search_term_string\"}}],\"inLanguage\":\"de\"},{\"@type\":\"Organization\",\"@id\":\"https:\/\/vincentedelicacies.com\/#organization\",\"name\":\"Vincente Delicacies\",\"url\":\"https:\/\/vincentedelicacies.com\/\",\"logo\":{\"@type\":\"ImageObject\",\"inLanguage\":\"de\",\"@id\":\"https:\/\/vincentedelicacies.com\/#\/schema\/logo\/image\/\",\"url\":\"https:\/\/vincentedelicacies.com\/wp-content\/uploads\/2021\/06\/logo.png\",\"contentUrl\":\"https:\/\/vincentedelicacies.com\/wp-content\/uploads\/2021\/06\/logo.png\",\"width\":159,\"height\":47,\"caption\":\"Vincente Delicacies\"},\"image\":{\"@id\":\"https:\/\/vincentedelicacies.com\/#\/schema\/logo\/image\/\"}}]}<\/script>\n<!-- \/ Yoast SEO Premium plugin. -->","yoast_head_json":{"title":"Tocchetti di croccante alla Nocciola ricoperti di puro Cioccolato al Latte - Vincente Delicacies","description":"I nostri deliziosi tocchetti di croccante con nocciole di Sicilia sono ricoperti da una glassa al puro cioccolato a latte,","robots":{"index":"index","follow":"follow","max-snippet":"max-snippet:-1","max-image-preview":"max-image-preview:large","max-video-preview":"max-video-preview:-1"},"canonical":"https:\/\/vincentedelicacies.com\/de\/produkt\/haselnusskrokant-umhullt-von-reiner-milchschokolade\/","og_locale":"de_DE","og_type":"article","og_title":"Tocchetti di croccante alla Nocciola ricoperti di puro Cioccolato al Latte","og_description":"I nostri tocchetti di croccante con nocciole di Sicilia ricoperti da una glassa al puro cioccolato a latte, sono dolci perfetti per un piccolo break. Preparati artigianalmente, i tocchetti Vincente sono perfetti da gustare in compagnia. 200 g","og_url":"https:\/\/vincentedelicacies.com\/de\/produkt\/haselnusskrokant-umhullt-von-reiner-milchschokolade\/","og_site_name":"Vincente Delicacies","article_modified_time":"2023-09-14T13:01:18+00:00","og_image":[{"width":790,"height":799,"url":"https:\/\/vincentedelicacies.com\/wp-content\/uploads\/2021\/06\/croccante-nocciole-e-ciocc.jpg","type":"image\/jpeg"}],"twitter_card":"summary_large_image","twitter_misc":{"Gesch\u00e4tzte Lesezeit":"1\u00a0Minute"},"schema":{"@context":"https:\/\/schema.org","@graph":[{"@type":"WebPage","@id":"https:\/\/vincentedelicacies.com\/prodotto\/tocchetti-di-croccante-alla-nocciola-ricoperti-di-puro-cioccolato-al-latte\/","url":"https:\/\/vincentedelicacies.com\/prodotto\/tocchetti-di-croccante-alla-nocciola-ricoperti-di-puro-cioccolato-al-latte\/","name":"Tocchetti di croccante alla Nocciola ricoperti di puro Cioccolato al Latte - Vincente Delicacies","isPartOf":{"@id":"https:\/\/vincentedelicacies.com\/#website"},"primaryImageOfPage":{"@id":"https:\/\/vincentedelicacies.com\/prodotto\/tocchetti-di-croccante-alla-nocciola-ricoperti-di-puro-cioccolato-al-latte\/#primaryimage"},"image":{"@id":"https:\/\/vincentedelicacies.com\/prodotto\/tocchetti-di-croccante-alla-nocciola-ricoperti-di-puro-cioccolato-al-latte\/#primaryimage"},"thumbnailUrl":"https:\/\/vincentedelicacies.com\/wp-content\/uploads\/2021\/06\/croccante-nocciole-e-ciocc.jpg","datePublished":"2021-06-22T10:18:07+00:00","dateModified":"2023-09-14T13:01:18+00:00","description":"I nostri deliziosi tocchetti di croccante con nocciole di Sicilia sono ricoperti da una glassa al puro cioccolato a latte,","breadcrumb":{"@id":"https:\/\/vincentedelicacies.com\/prodotto\/tocchetti-di-croccante-alla-nocciola-ricoperti-di-puro-cioccolato-al-latte\/#breadcrumb"},"inLanguage":"de","potentialAction":[{"@type":"ReadAction","target":["https:\/\/vincentedelicacies.com\/prodotto\/tocchetti-di-croccante-alla-nocciola-ricoperti-di-puro-cioccolato-al-latte\/"]}]},{"@type":"ImageObject","inLanguage":"de","@id":"https:\/\/vincentedelicacies.com\/prodotto\/tocchetti-di-croccante-alla-nocciola-ricoperti-di-puro-cioccolato-al-latte\/#primaryimage","url":"https:\/\/vincentedelicacies.com\/wp-content\/uploads\/2021\/06\/croccante-nocciole-e-ciocc.jpg","contentUrl":"https:\/\/vincentedelicacies.com\/wp-content\/uploads\/2021\/06\/croccante-nocciole-e-ciocc.jpg","width":790,"height":799},{"@type":"BreadcrumbList","@id":"https:\/\/vincentedelicacies.com\/prodotto\/tocchetti-di-croccante-alla-nocciola-ricoperti-di-puro-cioccolato-al-latte\/#breadcrumb","itemListElement":[{"@type":"ListItem","position":1,"name":"Home","item":"https:\/\/vincentedelicacies.com\/"},{"@type":"ListItem","position":2,"name":"Prodotti","item":"https:\/\/vincentedelicacies.com\/shop1__trashed\/"},{"@type":"ListItem","position":3,"name":"Tocchetti di croccante alla Nocciola ricoperti di puro Cioccolato al Latte"}]},{"@type":"WebSite","@id":"https:\/\/vincentedelicacies.com\/#website","url":"https:\/\/vincentedelicacies.com\/","name":"Vincente Delicacies","description":"Un grande laboratorio di pasticceria","publisher":{"@id":"https:\/\/vincentedelicacies.com\/#organization"},"potentialAction":[{"@type":"SearchAction","target":{"@type":"EntryPoint","urlTemplate":"https:\/\/vincentedelicacies.com\/?s={search_term_string}"},"query-input":{"@type":"PropertyValueSpecification","valueRequired":true,"valueName":"search_term_string"}}],"inLanguage":"de"},{"@type":"Organization","@id":"https:\/\/vincentedelicacies.com\/#organization","name":"Vincente Delicacies","url":"https:\/\/vincentedelicacies.com\/","logo":{"@type":"ImageObject","inLanguage":"de","@id":"https:\/\/vincentedelicacies.com\/#\/schema\/logo\/image\/","url":"https:\/\/vincentedelicacies.com\/wp-content\/uploads\/2021\/06\/logo.png","contentUrl":"https:\/\/vincentedelicacies.com\/wp-content\/uploads\/2021\/06\/logo.png","width":159,"height":47,"caption":"Vincente Delicacies"},"image":{"@id":"https:\/\/vincentedelicacies.com\/#\/schema\/logo\/image\/"}}]}},"_links":{"self":[{"href":"https:\/\/vincentedelicacies.com\/de\/wp-json\/wp\/v2\/product\/2218","targetHints":{"allow":["GET"]}}],"collection":[{"href":"https:\/\/vincentedelicacies.com\/de\/wp-json\/wp\/v2\/product"}],"about":[{"href":"https:\/\/vincentedelicacies.com\/de\/wp-json\/wp\/v2\/types\/product"}],"replies":[{"embeddable":true,"href":"https:\/\/vincentedelicacies.com\/de\/wp-json\/wp\/v2\/comments?post=2218"}],"wp:featuredmedia":[{"embeddable":true,"href":"https:\/\/vincentedelicacies.com\/de\/wp-json\/wp\/v2\/media\/18890"}],"wp:attachment":[{"href":"https:\/\/vincentedelicacies.com\/de\/wp-json\/wp\/v2\/media?parent=2218"}],"wp:term":[{"taxonomy":"product_brand","embeddable":true,"href":"https:\/\/vincentedelicacies.com\/de\/wp-json\/wp\/v2\/product_brand?post=2218"},{"taxonomy":"product_cat","embeddable":true,"href":"https:\/\/vincentedelicacies.com\/de\/wp-json\/wp\/v2\/product_cat?post=2218"},{"taxonomy":"product_tag","embeddable":true,"href":"https:\/\/vincentedelicacies.com\/de\/wp-json\/wp\/v2\/product_tag?post=2218"}],"curies":[{"name":"wp","href":"https:\/\/api.w.org\/{rel}","templated":true}]}}