{"id":2142,"date":"2021-06-22T08:47:56","date_gmt":"2021-06-22T08:47:56","guid":{"rendered":"https:\/\/vincentedelicacies.com\/?post_type=product&#038;p=2142"},"modified":"2022-11-04T07:10:44","modified_gmt":"2022-11-04T07:10:44","slug":"weiche-pistazien-nougat-wurfel-umhullt-von-feiner-weiser-schokolade-mit-pistazienkornern","status":"publish","type":"product","link":"https:\/\/vincentedelicacies.com\/de\/produkt\/weiche-pistazien-nougat-wurfel-umhullt-von-feiner-weiser-schokolade-mit-pistazienkornern\/","title":{"rendered":"Weiche Pistazien-Nougat-W\u00fcrfel, umh\u00fcllt von wei\u00dfer Schokolade und Pistazienchips"},"content":{"rendered":"<p>Zutaten:<br \/>\nPISTACCOCHIO di Sicilia 60%, Zucker, Honig, Eiwei\u00df, Glukosesirup, \u00e4therisches Vanille\u00f6l. \u00dcberzug: Wei\u00dfe Schokolade 8% (Zucker, Kakaobutter, MILCHpulver, Molkenpulver, Emulgator: SOJA-Lecithin, Vanilleextrakt)<\/p>","protected":false},"excerpt":{"rendered":"<p>Nach einem traditionellen sizilianischen Rezept entsteht Vincente Nougat. Unsere sizilianischen Pistazien-Nougatw\u00fcrfel, umh\u00fcllt von einer feinen wei\u00dfen Schokoladenglasur, sind ein wahrer Gaumenschmaus.<\/p>","protected":false},"featured_media":12809,"comment_status":"open","ping_status":"closed","template":"","meta":[],"product_brand":[],"product_cat":[40,57],"product_tag":[],"class_list":{"0":"post-2142","1":"product","2":"type-product","3":"status-publish","4":"has-post-thumbnail","6":"product_cat-torrone","7":"product_cat-baroque","9":"first","10":"outofstock","11":"shipping-taxable","12":"product-type-variable"},"yoast_head":"<!-- This site is optimized with the Yoast SEO Premium plugin v21.8 (Yoast SEO v26.6) - https:\/\/yoast.com\/wordpress\/plugins\/seo\/ -->\n<title>Morbidi cubetti di Torrone al Pistacchio ricoperti di Cioccolato Bianco e Granella di pistacchio - Vincente Delicacies<\/title>\n<meta name=\"description\" content=\"I nostri cubetti di torrone al pistacchio, ricoperti da una glassa di finissimo cioccolato bianco, sono una vera delizia per il palato.\" \/>\n<meta name=\"robots\" content=\"index, follow, max-snippet:-1, max-image-preview:large, max-video-preview:-1\" \/>\n<link rel=\"canonical\" href=\"https:\/\/vincentedelicacies.com\/de\/produkt\/weiche-pistazien-nougat-wurfel-umhullt-von-feiner-weiser-schokolade-mit-pistazienkornern\/\" \/>\n<meta property=\"og:locale\" content=\"de_DE\" \/>\n<meta property=\"og:type\" content=\"article\" \/>\n<meta property=\"og:title\" content=\"Morbidi cubetti di Torrone al Pistacchio ricoperti di Cioccolato Bianco e Granella di pistacchio\" \/>\n<meta property=\"og:description\" content=\"Da una tradizionale ricetta siciliana nasce il torrone Vincente. I nostri cubetti di torrone al pistacchio di Sicilia, ricoperti da una glassa di finissimo cioccolato bianco, sono una vera delizia per il palato.\" \/>\n<meta property=\"og:url\" content=\"https:\/\/vincentedelicacies.com\/de\/produkt\/weiche-pistazien-nougat-wurfel-umhullt-von-feiner-weiser-schokolade-mit-pistazienkornern\/\" \/>\n<meta property=\"og:site_name\" content=\"Vincente Delicacies\" \/>\n<meta property=\"article:modified_time\" content=\"2022-11-04T07:10:44+00:00\" \/>\n<meta property=\"og:image\" content=\"https:\/\/vincentedelicacies.com\/wp-content\/uploads\/2021\/06\/CT-104.jpg\" \/>\n\t<meta property=\"og:image:width\" content=\"890\" \/>\n\t<meta property=\"og:image:height\" content=\"899\" \/>\n\t<meta property=\"og:image:type\" content=\"image\/jpeg\" \/>\n<meta name=\"twitter:card\" content=\"summary_large_image\" \/>\n<meta name=\"twitter:label1\" content=\"Gesch\u00e4tzte Lesezeit\" \/>\n\t<meta name=\"twitter:data1\" content=\"1\u00a0Minute\" \/>\n<script type=\"application\/ld+json\" class=\"yoast-schema-graph\">{\"@context\":\"https:\/\/schema.org\",\"@graph\":[{\"@type\":\"WebPage\",\"@id\":\"https:\/\/vincentedelicacies.com\/prodotto\/morbidi-cubetti-di-torrone-al-pistacchio-ricoperti-di-finissimo-cioccolato-bianco-con-granella-di-pistacchio\/\",\"url\":\"https:\/\/vincentedelicacies.com\/prodotto\/morbidi-cubetti-di-torrone-al-pistacchio-ricoperti-di-finissimo-cioccolato-bianco-con-granella-di-pistacchio\/\",\"name\":\"Morbidi cubetti di Torrone al Pistacchio ricoperti di Cioccolato Bianco e Granella di pistacchio - Vincente Delicacies\",\"isPartOf\":{\"@id\":\"https:\/\/vincentedelicacies.com\/#website\"},\"primaryImageOfPage\":{\"@id\":\"https:\/\/vincentedelicacies.com\/prodotto\/morbidi-cubetti-di-torrone-al-pistacchio-ricoperti-di-finissimo-cioccolato-bianco-con-granella-di-pistacchio\/#primaryimage\"},\"image\":{\"@id\":\"https:\/\/vincentedelicacies.com\/prodotto\/morbidi-cubetti-di-torrone-al-pistacchio-ricoperti-di-finissimo-cioccolato-bianco-con-granella-di-pistacchio\/#primaryimage\"},\"thumbnailUrl\":\"https:\/\/vincentedelicacies.com\/wp-content\/uploads\/2021\/06\/CT-104.jpg\",\"datePublished\":\"2021-06-22T08:47:56+00:00\",\"dateModified\":\"2022-11-04T07:10:44+00:00\",\"description\":\"I nostri cubetti di torrone al pistacchio, ricoperti da una glassa di finissimo cioccolato bianco, sono una vera delizia per il palato.\",\"breadcrumb\":{\"@id\":\"https:\/\/vincentedelicacies.com\/prodotto\/morbidi-cubetti-di-torrone-al-pistacchio-ricoperti-di-finissimo-cioccolato-bianco-con-granella-di-pistacchio\/#breadcrumb\"},\"inLanguage\":\"de\",\"potentialAction\":[{\"@type\":\"ReadAction\",\"target\":[\"https:\/\/vincentedelicacies.com\/prodotto\/morbidi-cubetti-di-torrone-al-pistacchio-ricoperti-di-finissimo-cioccolato-bianco-con-granella-di-pistacchio\/\"]}]},{\"@type\":\"ImageObject\",\"inLanguage\":\"de\",\"@id\":\"https:\/\/vincentedelicacies.com\/prodotto\/morbidi-cubetti-di-torrone-al-pistacchio-ricoperti-di-finissimo-cioccolato-bianco-con-granella-di-pistacchio\/#primaryimage\",\"url\":\"https:\/\/vincentedelicacies.com\/wp-content\/uploads\/2021\/06\/CT-104.jpg\",\"contentUrl\":\"https:\/\/vincentedelicacies.com\/wp-content\/uploads\/2021\/06\/CT-104.jpg\",\"width\":890,\"height\":899,\"caption\":\"Morbidi cubetti di Torrone al Pistacchio ricoperti di Cioccolato Bianco e Granella di pistacchio\"},{\"@type\":\"BreadcrumbList\",\"@id\":\"https:\/\/vincentedelicacies.com\/prodotto\/morbidi-cubetti-di-torrone-al-pistacchio-ricoperti-di-finissimo-cioccolato-bianco-con-granella-di-pistacchio\/#breadcrumb\",\"itemListElement\":[{\"@type\":\"ListItem\",\"position\":1,\"name\":\"Home\",\"item\":\"https:\/\/vincentedelicacies.com\/\"},{\"@type\":\"ListItem\",\"position\":2,\"name\":\"Prodotti\",\"item\":\"https:\/\/vincentedelicacies.com\/shop1__trashed\/\"},{\"@type\":\"ListItem\",\"position\":3,\"name\":\"Morbidi cubetti di Torrone al Pistacchio ricoperti di Cioccolato Bianco e Granella di pistacchio\"}]},{\"@type\":\"WebSite\",\"@id\":\"https:\/\/vincentedelicacies.com\/#website\",\"url\":\"https:\/\/vincentedelicacies.com\/\",\"name\":\"Vincente Delicacies\",\"description\":\"Un grande laboratorio di pasticceria\",\"publisher\":{\"@id\":\"https:\/\/vincentedelicacies.com\/#organization\"},\"potentialAction\":[{\"@type\":\"SearchAction\",\"target\":{\"@type\":\"EntryPoint\",\"urlTemplate\":\"https:\/\/vincentedelicacies.com\/?s={search_term_string}\"},\"query-input\":{\"@type\":\"PropertyValueSpecification\",\"valueRequired\":true,\"valueName\":\"search_term_string\"}}],\"inLanguage\":\"de\"},{\"@type\":\"Organization\",\"@id\":\"https:\/\/vincentedelicacies.com\/#organization\",\"name\":\"Vincente Delicacies\",\"url\":\"https:\/\/vincentedelicacies.com\/\",\"logo\":{\"@type\":\"ImageObject\",\"inLanguage\":\"de\",\"@id\":\"https:\/\/vincentedelicacies.com\/#\/schema\/logo\/image\/\",\"url\":\"https:\/\/vincentedelicacies.com\/wp-content\/uploads\/2021\/06\/logo.png\",\"contentUrl\":\"https:\/\/vincentedelicacies.com\/wp-content\/uploads\/2021\/06\/logo.png\",\"width\":159,\"height\":47,\"caption\":\"Vincente Delicacies\"},\"image\":{\"@id\":\"https:\/\/vincentedelicacies.com\/#\/schema\/logo\/image\/\"}}]}<\/script>\n<!-- \/ Yoast SEO Premium plugin. -->","yoast_head_json":{"title":"Morbidi cubetti di Torrone al Pistacchio ricoperti di Cioccolato Bianco e Granella di pistacchio - Vincente Delicacies","description":"I nostri cubetti di torrone al pistacchio, ricoperti da una glassa di finissimo cioccolato bianco, sono una vera delizia per il palato.","robots":{"index":"index","follow":"follow","max-snippet":"max-snippet:-1","max-image-preview":"max-image-preview:large","max-video-preview":"max-video-preview:-1"},"canonical":"https:\/\/vincentedelicacies.com\/de\/produkt\/weiche-pistazien-nougat-wurfel-umhullt-von-feiner-weiser-schokolade-mit-pistazienkornern\/","og_locale":"de_DE","og_type":"article","og_title":"Morbidi cubetti di Torrone al Pistacchio ricoperti di Cioccolato Bianco e Granella di pistacchio","og_description":"Da una tradizionale ricetta siciliana nasce il torrone Vincente. I nostri cubetti di torrone al pistacchio di Sicilia, ricoperti da una glassa di finissimo cioccolato bianco, sono una vera delizia per il palato.","og_url":"https:\/\/vincentedelicacies.com\/de\/produkt\/weiche-pistazien-nougat-wurfel-umhullt-von-feiner-weiser-schokolade-mit-pistazienkornern\/","og_site_name":"Vincente Delicacies","article_modified_time":"2022-11-04T07:10:44+00:00","og_image":[{"width":890,"height":899,"url":"https:\/\/vincentedelicacies.com\/wp-content\/uploads\/2021\/06\/CT-104.jpg","type":"image\/jpeg"}],"twitter_card":"summary_large_image","twitter_misc":{"Gesch\u00e4tzte Lesezeit":"1\u00a0Minute"},"schema":{"@context":"https:\/\/schema.org","@graph":[{"@type":"WebPage","@id":"https:\/\/vincentedelicacies.com\/prodotto\/morbidi-cubetti-di-torrone-al-pistacchio-ricoperti-di-finissimo-cioccolato-bianco-con-granella-di-pistacchio\/","url":"https:\/\/vincentedelicacies.com\/prodotto\/morbidi-cubetti-di-torrone-al-pistacchio-ricoperti-di-finissimo-cioccolato-bianco-con-granella-di-pistacchio\/","name":"Morbidi cubetti di Torrone al Pistacchio ricoperti di Cioccolato Bianco e Granella di pistacchio - Vincente Delicacies","isPartOf":{"@id":"https:\/\/vincentedelicacies.com\/#website"},"primaryImageOfPage":{"@id":"https:\/\/vincentedelicacies.com\/prodotto\/morbidi-cubetti-di-torrone-al-pistacchio-ricoperti-di-finissimo-cioccolato-bianco-con-granella-di-pistacchio\/#primaryimage"},"image":{"@id":"https:\/\/vincentedelicacies.com\/prodotto\/morbidi-cubetti-di-torrone-al-pistacchio-ricoperti-di-finissimo-cioccolato-bianco-con-granella-di-pistacchio\/#primaryimage"},"thumbnailUrl":"https:\/\/vincentedelicacies.com\/wp-content\/uploads\/2021\/06\/CT-104.jpg","datePublished":"2021-06-22T08:47:56+00:00","dateModified":"2022-11-04T07:10:44+00:00","description":"I nostri cubetti di torrone al pistacchio, ricoperti da una glassa di finissimo cioccolato bianco, sono una vera delizia per il palato.","breadcrumb":{"@id":"https:\/\/vincentedelicacies.com\/prodotto\/morbidi-cubetti-di-torrone-al-pistacchio-ricoperti-di-finissimo-cioccolato-bianco-con-granella-di-pistacchio\/#breadcrumb"},"inLanguage":"de","potentialAction":[{"@type":"ReadAction","target":["https:\/\/vincentedelicacies.com\/prodotto\/morbidi-cubetti-di-torrone-al-pistacchio-ricoperti-di-finissimo-cioccolato-bianco-con-granella-di-pistacchio\/"]}]},{"@type":"ImageObject","inLanguage":"de","@id":"https:\/\/vincentedelicacies.com\/prodotto\/morbidi-cubetti-di-torrone-al-pistacchio-ricoperti-di-finissimo-cioccolato-bianco-con-granella-di-pistacchio\/#primaryimage","url":"https:\/\/vincentedelicacies.com\/wp-content\/uploads\/2021\/06\/CT-104.jpg","contentUrl":"https:\/\/vincentedelicacies.com\/wp-content\/uploads\/2021\/06\/CT-104.jpg","width":890,"height":899,"caption":"Morbidi cubetti di Torrone al Pistacchio ricoperti di Cioccolato Bianco e Granella di pistacchio"},{"@type":"BreadcrumbList","@id":"https:\/\/vincentedelicacies.com\/prodotto\/morbidi-cubetti-di-torrone-al-pistacchio-ricoperti-di-finissimo-cioccolato-bianco-con-granella-di-pistacchio\/#breadcrumb","itemListElement":[{"@type":"ListItem","position":1,"name":"Home","item":"https:\/\/vincentedelicacies.com\/"},{"@type":"ListItem","position":2,"name":"Prodotti","item":"https:\/\/vincentedelicacies.com\/shop1__trashed\/"},{"@type":"ListItem","position":3,"name":"Morbidi cubetti di Torrone al Pistacchio ricoperti di Cioccolato Bianco e Granella di pistacchio"}]},{"@type":"WebSite","@id":"https:\/\/vincentedelicacies.com\/#website","url":"https:\/\/vincentedelicacies.com\/","name":"Vincente Delicacies","description":"Un grande laboratorio di pasticceria","publisher":{"@id":"https:\/\/vincentedelicacies.com\/#organization"},"potentialAction":[{"@type":"SearchAction","target":{"@type":"EntryPoint","urlTemplate":"https:\/\/vincentedelicacies.com\/?s={search_term_string}"},"query-input":{"@type":"PropertyValueSpecification","valueRequired":true,"valueName":"search_term_string"}}],"inLanguage":"de"},{"@type":"Organization","@id":"https:\/\/vincentedelicacies.com\/#organization","name":"Vincente Delicacies","url":"https:\/\/vincentedelicacies.com\/","logo":{"@type":"ImageObject","inLanguage":"de","@id":"https:\/\/vincentedelicacies.com\/#\/schema\/logo\/image\/","url":"https:\/\/vincentedelicacies.com\/wp-content\/uploads\/2021\/06\/logo.png","contentUrl":"https:\/\/vincentedelicacies.com\/wp-content\/uploads\/2021\/06\/logo.png","width":159,"height":47,"caption":"Vincente Delicacies"},"image":{"@id":"https:\/\/vincentedelicacies.com\/#\/schema\/logo\/image\/"}}]}},"_links":{"self":[{"href":"https:\/\/vincentedelicacies.com\/de\/wp-json\/wp\/v2\/product\/2142","targetHints":{"allow":["GET"]}}],"collection":[{"href":"https:\/\/vincentedelicacies.com\/de\/wp-json\/wp\/v2\/product"}],"about":[{"href":"https:\/\/vincentedelicacies.com\/de\/wp-json\/wp\/v2\/types\/product"}],"replies":[{"embeddable":true,"href":"https:\/\/vincentedelicacies.com\/de\/wp-json\/wp\/v2\/comments?post=2142"}],"wp:featuredmedia":[{"embeddable":true,"href":"https:\/\/vincentedelicacies.com\/de\/wp-json\/wp\/v2\/media\/12809"}],"wp:attachment":[{"href":"https:\/\/vincentedelicacies.com\/de\/wp-json\/wp\/v2\/media?parent=2142"}],"wp:term":[{"taxonomy":"product_brand","embeddable":true,"href":"https:\/\/vincentedelicacies.com\/de\/wp-json\/wp\/v2\/product_brand?post=2142"},{"taxonomy":"product_cat","embeddable":true,"href":"https:\/\/vincentedelicacies.com\/de\/wp-json\/wp\/v2\/product_cat?post=2142"},{"taxonomy":"product_tag","embeddable":true,"href":"https:\/\/vincentedelicacies.com\/de\/wp-json\/wp\/v2\/product_tag?post=2142"}],"curies":[{"name":"wp","href":"https:\/\/api.w.org\/{rel}","templated":true}]}}