{"id":2069,"date":"2021-06-22T07:43:46","date_gmt":"2021-06-22T07:43:46","guid":{"rendered":"https:\/\/vincentedelicacies.com\/?post_type=product&#038;p=2069"},"modified":"2023-09-16T08:41:03","modified_gmt":"2023-09-16T08:41:03","slug":"nougatmandel-umhullt-von-extra-dunkler-schokolade","status":"publish","type":"product","link":"https:\/\/vincentedelicacies.com\/de\/produkt\/nougatmandel-umhullt-von-extra-dunkler-schokolade\/","title":{"rendered":"Zartes Mandelnougat umh\u00fcllt von Zartbitterschokolade 70%"},"content":{"rendered":"<p>Zutaten:<br \/>\nSizilianische Mandel 60%, Zucker, Honig, Eiwei\u00df, Glukosesirup, \u00e4therisches Vanille\u00f6l. \u00dcberzug: Zartbitterschokolade 8% (Kakaomasse 72%, Zucker, Kakaobutter, Emulgator: SOJA-Lecithin, Vanilleextrakt).<\/p>","protected":false},"excerpt":{"rendered":"<p>Eine 70%-Glasur aus Zartbitterschokolade \u00fcberzieht eine typisch sizilianische S\u00fc\u00dfspeise, den Torrone Vincente. Der warme und umh\u00fcllende Geschmack von Zartbitterschokolade trifft auf den zarten und duftenden Geschmack der Torrone. Eine Erfahrung, die man genie\u00dfen sollte. 200 g<\/p>","protected":false},"featured_media":18955,"comment_status":"open","ping_status":"closed","template":"","meta":[],"product_brand":[],"product_cat":[40,56],"product_tag":[],"class_list":{"0":"post-2069","1":"product","2":"type-product","3":"status-publish","4":"has-post-thumbnail","6":"product_cat-torrone","7":"product_cat-morbido","9":"first","10":"outofstock","11":"shipping-taxable","12":"product-type-variable"},"yoast_head":"<!-- This site is optimized with the Yoast SEO Premium plugin v21.8 (Yoast SEO v26.6) - https:\/\/yoast.com\/wordpress\/plugins\/seo\/ -->\n<title>Torrone morbido alla Mandorla ricoperto di Cioccolato extra fondente 70% - Vincente Delicacies<\/title>\n<meta name=\"description\" content=\"Una glassa di cioccolato extra fondente al 70% ricopre un dolce tipico siciliano, il Torrone Vincente. Il gusto caldo e avvolgente del cioccolato fondente incontra quello delicato e profumato del Torrone. Un\u2019esperienza tutta da assaporare. 200 g\" \/>\n<meta name=\"robots\" content=\"index, follow, max-snippet:-1, max-image-preview:large, max-video-preview:-1\" \/>\n<link rel=\"canonical\" href=\"https:\/\/vincentedelicacies.com\/de\/produkt\/nougatmandel-umhullt-von-extra-dunkler-schokolade\/\" \/>\n<meta property=\"og:locale\" content=\"de_DE\" \/>\n<meta property=\"og:type\" content=\"article\" \/>\n<meta property=\"og:title\" content=\"Torrone morbido alla Mandorla ricoperto di Cioccolato extra fondente 70%\" \/>\n<meta property=\"og:description\" content=\"Una glassa di cioccolato extra fondente al 70% ricopre un dolce tipico siciliano, il Torrone Vincente. Il gusto caldo e avvolgente del cioccolato fondente incontra quello delicato e profumato del Torrone. Un\u2019esperienza tutta da assaporare. 200 g\" \/>\n<meta property=\"og:url\" content=\"https:\/\/vincentedelicacies.com\/de\/produkt\/nougatmandel-umhullt-von-extra-dunkler-schokolade\/\" \/>\n<meta property=\"og:site_name\" content=\"Vincente Delicacies\" \/>\n<meta property=\"article:modified_time\" content=\"2023-09-16T08:41:03+00:00\" \/>\n<meta property=\"og:image\" content=\"https:\/\/vincentedelicacies.com\/wp-content\/uploads\/2021\/06\/torr-mand-e-ciocc.jpg\" \/>\n\t<meta property=\"og:image:width\" content=\"790\" \/>\n\t<meta property=\"og:image:height\" content=\"799\" \/>\n\t<meta property=\"og:image:type\" content=\"image\/jpeg\" \/>\n<meta name=\"twitter:card\" content=\"summary_large_image\" \/>\n<meta name=\"twitter:label1\" content=\"Gesch\u00e4tzte Lesezeit\" \/>\n\t<meta name=\"twitter:data1\" content=\"1\u00a0Minute\" \/>\n<script type=\"application\/ld+json\" class=\"yoast-schema-graph\">{\"@context\":\"https:\/\/schema.org\",\"@graph\":[{\"@type\":\"WebPage\",\"@id\":\"https:\/\/vincentedelicacies.com\/prodotto\/torrone-mandorla-ricoperto-di-cioccolato-extra-fondente\/\",\"url\":\"https:\/\/vincentedelicacies.com\/prodotto\/torrone-mandorla-ricoperto-di-cioccolato-extra-fondente\/\",\"name\":\"Torrone morbido alla Mandorla ricoperto di Cioccolato extra fondente 70% - Vincente Delicacies\",\"isPartOf\":{\"@id\":\"https:\/\/vincentedelicacies.com\/#website\"},\"primaryImageOfPage\":{\"@id\":\"https:\/\/vincentedelicacies.com\/prodotto\/torrone-mandorla-ricoperto-di-cioccolato-extra-fondente\/#primaryimage\"},\"image\":{\"@id\":\"https:\/\/vincentedelicacies.com\/prodotto\/torrone-mandorla-ricoperto-di-cioccolato-extra-fondente\/#primaryimage\"},\"thumbnailUrl\":\"https:\/\/vincentedelicacies.com\/wp-content\/uploads\/2021\/06\/torr-mand-e-ciocc.jpg\",\"datePublished\":\"2021-06-22T07:43:46+00:00\",\"dateModified\":\"2023-09-16T08:41:03+00:00\",\"description\":\"Una glassa di cioccolato extra fondente al 70% ricopre un dolce tipico siciliano, il Torrone Vincente. Il gusto caldo e avvolgente del cioccolato fondente incontra quello delicato e profumato del Torrone. Un\u2019esperienza tutta da assaporare. 200 g\",\"breadcrumb\":{\"@id\":\"https:\/\/vincentedelicacies.com\/prodotto\/torrone-mandorla-ricoperto-di-cioccolato-extra-fondente\/#breadcrumb\"},\"inLanguage\":\"de\",\"potentialAction\":[{\"@type\":\"ReadAction\",\"target\":[\"https:\/\/vincentedelicacies.com\/prodotto\/torrone-mandorla-ricoperto-di-cioccolato-extra-fondente\/\"]}]},{\"@type\":\"ImageObject\",\"inLanguage\":\"de\",\"@id\":\"https:\/\/vincentedelicacies.com\/prodotto\/torrone-mandorla-ricoperto-di-cioccolato-extra-fondente\/#primaryimage\",\"url\":\"https:\/\/vincentedelicacies.com\/wp-content\/uploads\/2021\/06\/torr-mand-e-ciocc.jpg\",\"contentUrl\":\"https:\/\/vincentedelicacies.com\/wp-content\/uploads\/2021\/06\/torr-mand-e-ciocc.jpg\",\"width\":790,\"height\":799},{\"@type\":\"BreadcrumbList\",\"@id\":\"https:\/\/vincentedelicacies.com\/prodotto\/torrone-mandorla-ricoperto-di-cioccolato-extra-fondente\/#breadcrumb\",\"itemListElement\":[{\"@type\":\"ListItem\",\"position\":1,\"name\":\"Home\",\"item\":\"https:\/\/vincentedelicacies.com\/\"},{\"@type\":\"ListItem\",\"position\":2,\"name\":\"Prodotti\",\"item\":\"https:\/\/vincentedelicacies.com\/shop1__trashed\/\"},{\"@type\":\"ListItem\",\"position\":3,\"name\":\"Torrone morbido alla Mandorla ricoperto di Cioccolato extra fondente 70%\"}]},{\"@type\":\"WebSite\",\"@id\":\"https:\/\/vincentedelicacies.com\/#website\",\"url\":\"https:\/\/vincentedelicacies.com\/\",\"name\":\"Vincente Delicacies\",\"description\":\"Un grande laboratorio di pasticceria\",\"publisher\":{\"@id\":\"https:\/\/vincentedelicacies.com\/#organization\"},\"potentialAction\":[{\"@type\":\"SearchAction\",\"target\":{\"@type\":\"EntryPoint\",\"urlTemplate\":\"https:\/\/vincentedelicacies.com\/?s={search_term_string}\"},\"query-input\":{\"@type\":\"PropertyValueSpecification\",\"valueRequired\":true,\"valueName\":\"search_term_string\"}}],\"inLanguage\":\"de\"},{\"@type\":\"Organization\",\"@id\":\"https:\/\/vincentedelicacies.com\/#organization\",\"name\":\"Vincente Delicacies\",\"url\":\"https:\/\/vincentedelicacies.com\/\",\"logo\":{\"@type\":\"ImageObject\",\"inLanguage\":\"de\",\"@id\":\"https:\/\/vincentedelicacies.com\/#\/schema\/logo\/image\/\",\"url\":\"https:\/\/vincentedelicacies.com\/wp-content\/uploads\/2021\/06\/logo.png\",\"contentUrl\":\"https:\/\/vincentedelicacies.com\/wp-content\/uploads\/2021\/06\/logo.png\",\"width\":159,\"height\":47,\"caption\":\"Vincente Delicacies\"},\"image\":{\"@id\":\"https:\/\/vincentedelicacies.com\/#\/schema\/logo\/image\/\"}}]}<\/script>\n<!-- \/ Yoast SEO Premium plugin. -->","yoast_head_json":{"title":"Torrone morbido alla Mandorla ricoperto di Cioccolato extra fondente 70% - Vincente Delicacies","description":"Una glassa di cioccolato extra fondente al 70% ricopre un dolce tipico siciliano, il Torrone Vincente. Il gusto caldo e avvolgente del cioccolato fondente incontra quello delicato e profumato del Torrone. Un\u2019esperienza tutta da assaporare. 200 g","robots":{"index":"index","follow":"follow","max-snippet":"max-snippet:-1","max-image-preview":"max-image-preview:large","max-video-preview":"max-video-preview:-1"},"canonical":"https:\/\/vincentedelicacies.com\/de\/produkt\/nougatmandel-umhullt-von-extra-dunkler-schokolade\/","og_locale":"de_DE","og_type":"article","og_title":"Torrone morbido alla Mandorla ricoperto di Cioccolato extra fondente 70%","og_description":"Una glassa di cioccolato extra fondente al 70% ricopre un dolce tipico siciliano, il Torrone Vincente. Il gusto caldo e avvolgente del cioccolato fondente incontra quello delicato e profumato del Torrone. Un\u2019esperienza tutta da assaporare. 200 g","og_url":"https:\/\/vincentedelicacies.com\/de\/produkt\/nougatmandel-umhullt-von-extra-dunkler-schokolade\/","og_site_name":"Vincente Delicacies","article_modified_time":"2023-09-16T08:41:03+00:00","og_image":[{"width":790,"height":799,"url":"https:\/\/vincentedelicacies.com\/wp-content\/uploads\/2021\/06\/torr-mand-e-ciocc.jpg","type":"image\/jpeg"}],"twitter_card":"summary_large_image","twitter_misc":{"Gesch\u00e4tzte Lesezeit":"1\u00a0Minute"},"schema":{"@context":"https:\/\/schema.org","@graph":[{"@type":"WebPage","@id":"https:\/\/vincentedelicacies.com\/prodotto\/torrone-mandorla-ricoperto-di-cioccolato-extra-fondente\/","url":"https:\/\/vincentedelicacies.com\/prodotto\/torrone-mandorla-ricoperto-di-cioccolato-extra-fondente\/","name":"Torrone morbido alla Mandorla ricoperto di Cioccolato extra fondente 70% - Vincente Delicacies","isPartOf":{"@id":"https:\/\/vincentedelicacies.com\/#website"},"primaryImageOfPage":{"@id":"https:\/\/vincentedelicacies.com\/prodotto\/torrone-mandorla-ricoperto-di-cioccolato-extra-fondente\/#primaryimage"},"image":{"@id":"https:\/\/vincentedelicacies.com\/prodotto\/torrone-mandorla-ricoperto-di-cioccolato-extra-fondente\/#primaryimage"},"thumbnailUrl":"https:\/\/vincentedelicacies.com\/wp-content\/uploads\/2021\/06\/torr-mand-e-ciocc.jpg","datePublished":"2021-06-22T07:43:46+00:00","dateModified":"2023-09-16T08:41:03+00:00","description":"Una glassa di cioccolato extra fondente al 70% ricopre un dolce tipico siciliano, il Torrone Vincente. Il gusto caldo e avvolgente del cioccolato fondente incontra quello delicato e profumato del Torrone. Un\u2019esperienza tutta da assaporare. 200 g","breadcrumb":{"@id":"https:\/\/vincentedelicacies.com\/prodotto\/torrone-mandorla-ricoperto-di-cioccolato-extra-fondente\/#breadcrumb"},"inLanguage":"de","potentialAction":[{"@type":"ReadAction","target":["https:\/\/vincentedelicacies.com\/prodotto\/torrone-mandorla-ricoperto-di-cioccolato-extra-fondente\/"]}]},{"@type":"ImageObject","inLanguage":"de","@id":"https:\/\/vincentedelicacies.com\/prodotto\/torrone-mandorla-ricoperto-di-cioccolato-extra-fondente\/#primaryimage","url":"https:\/\/vincentedelicacies.com\/wp-content\/uploads\/2021\/06\/torr-mand-e-ciocc.jpg","contentUrl":"https:\/\/vincentedelicacies.com\/wp-content\/uploads\/2021\/06\/torr-mand-e-ciocc.jpg","width":790,"height":799},{"@type":"BreadcrumbList","@id":"https:\/\/vincentedelicacies.com\/prodotto\/torrone-mandorla-ricoperto-di-cioccolato-extra-fondente\/#breadcrumb","itemListElement":[{"@type":"ListItem","position":1,"name":"Home","item":"https:\/\/vincentedelicacies.com\/"},{"@type":"ListItem","position":2,"name":"Prodotti","item":"https:\/\/vincentedelicacies.com\/shop1__trashed\/"},{"@type":"ListItem","position":3,"name":"Torrone morbido alla Mandorla ricoperto di Cioccolato extra fondente 70%"}]},{"@type":"WebSite","@id":"https:\/\/vincentedelicacies.com\/#website","url":"https:\/\/vincentedelicacies.com\/","name":"Vincente Delicacies","description":"Un grande laboratorio di pasticceria","publisher":{"@id":"https:\/\/vincentedelicacies.com\/#organization"},"potentialAction":[{"@type":"SearchAction","target":{"@type":"EntryPoint","urlTemplate":"https:\/\/vincentedelicacies.com\/?s={search_term_string}"},"query-input":{"@type":"PropertyValueSpecification","valueRequired":true,"valueName":"search_term_string"}}],"inLanguage":"de"},{"@type":"Organization","@id":"https:\/\/vincentedelicacies.com\/#organization","name":"Vincente Delicacies","url":"https:\/\/vincentedelicacies.com\/","logo":{"@type":"ImageObject","inLanguage":"de","@id":"https:\/\/vincentedelicacies.com\/#\/schema\/logo\/image\/","url":"https:\/\/vincentedelicacies.com\/wp-content\/uploads\/2021\/06\/logo.png","contentUrl":"https:\/\/vincentedelicacies.com\/wp-content\/uploads\/2021\/06\/logo.png","width":159,"height":47,"caption":"Vincente Delicacies"},"image":{"@id":"https:\/\/vincentedelicacies.com\/#\/schema\/logo\/image\/"}}]}},"_links":{"self":[{"href":"https:\/\/vincentedelicacies.com\/de\/wp-json\/wp\/v2\/product\/2069","targetHints":{"allow":["GET"]}}],"collection":[{"href":"https:\/\/vincentedelicacies.com\/de\/wp-json\/wp\/v2\/product"}],"about":[{"href":"https:\/\/vincentedelicacies.com\/de\/wp-json\/wp\/v2\/types\/product"}],"replies":[{"embeddable":true,"href":"https:\/\/vincentedelicacies.com\/de\/wp-json\/wp\/v2\/comments?post=2069"}],"wp:featuredmedia":[{"embeddable":true,"href":"https:\/\/vincentedelicacies.com\/de\/wp-json\/wp\/v2\/media\/18955"}],"wp:attachment":[{"href":"https:\/\/vincentedelicacies.com\/de\/wp-json\/wp\/v2\/media?parent=2069"}],"wp:term":[{"taxonomy":"product_brand","embeddable":true,"href":"https:\/\/vincentedelicacies.com\/de\/wp-json\/wp\/v2\/product_brand?post=2069"},{"taxonomy":"product_cat","embeddable":true,"href":"https:\/\/vincentedelicacies.com\/de\/wp-json\/wp\/v2\/product_cat?post=2069"},{"taxonomy":"product_tag","embeddable":true,"href":"https:\/\/vincentedelicacies.com\/de\/wp-json\/wp\/v2\/product_tag?post=2069"}],"curies":[{"name":"wp","href":"https:\/\/api.w.org\/{rel}","templated":true}]}}