{"id":1998,"date":"2021-06-21T08:30:11","date_gmt":"2021-06-21T08:30:11","guid":{"rendered":"https:\/\/vincentedelicacies.com\/?post_type=product&#038;p=1998"},"modified":"2022-11-04T08:08:46","modified_gmt":"2022-11-04T08:08:46","slug":"klassisches-mandelmus-und-umhullte-pistazien","status":"publish","type":"product","link":"https:\/\/vincentedelicacies.com\/de\/produkt\/klassisches-mandelmus-und-umhullte-pistazien\/","title":{"rendered":"Klassische sizilianische Mandelpaste und Pistazien mit Schokolade \u00fcberzogen"},"content":{"rendered":"<p>Inhaltsstoffe<br \/>\nKlassische Mandelpaste umh\u00fcllt von extra dunkler Schokolade 70%: Sizilianische ALMOND 55%, Zucker, Eiwei\u00df, Glukosesirup, Stabilisator: Sorbit, Honig, Invertzuckersirup, Emulgator: SOY-Lecithin, nat\u00fcrliches Aroma, Konservierungsmittel: Sorbins\u00e4ure.<br \/>\nZutaten \u00dcberzug: Extra Dark Chocolate 8% (Kakaomasse 72% , Zucker, Kakaobutter, Emulgator: SOJA-Lecithin, Vanilleextrakt).<br \/>\nPistazien-Mandel-Paste mit wei\u00dfer Schokolade \u00fcberzogen: Sizilianische Mandel 30%, Sizilianischer PISTACHO 20%, Zucker, Eiwei\u00df, Glukosesirup, Stabilisator: Sorbitol, Honig, Invertzuckersirup, Emulgator: SOJA-Lecithin, nat\u00fcrliches Aroma, Konservierungsmittel: Sorbins\u00e4ure.<br \/>\nZutaten \u00dcberzug: Wei\u00dfe Schokolade 8% (Zucker, Kakaobutter, MILCHpulver, Molkenpulver, Emulgator: SOJA-Lecithin, Vanilleextrakt).<\/p>","protected":false},"excerpt":{"rendered":"<p>Das duftende Mandelgeb\u00e4ck ist in einer sch\u00f6n gestalteten Schachtel verpackt. Hergestellt aus sizilianischen Mandeln, sind die Geb\u00e4ckst\u00fccke mit einer extra dunklen Schokoladenglasur aus 70% und feiner wei\u00dfer Schokolade 300 g \u00fcberzogen<\/p>","protected":false},"featured_media":12834,"comment_status":"open","ping_status":"closed","template":"","meta":[],"product_brand":[],"product_cat":[15,52],"product_tag":[],"class_list":{"0":"post-1998","1":"product","2":"type-product","3":"status-publish","4":"has-post-thumbnail","6":"product_cat-pasta-di-mandorla","7":"product_cat-assortimento","9":"first","10":"instock","11":"shipping-taxable","12":"product-type-simple"},"yoast_head":"<!-- This site is optimized with the Yoast SEO Premium plugin v21.8 (Yoast SEO v26.6) - https:\/\/yoast.com\/wordpress\/plugins\/seo\/ -->\n<title>Pasta di mandorla di Sicilia classica e Pistacchi ricoperti al cioccolato - Vincente Delicacies<\/title>\n<meta name=\"description\" content=\"Realizzati con mandorle siciliane, i pasticcini sono ricoperti da una glassa di cioccolato extra fondente e da finissimo cioccolato bianco\" \/>\n<meta name=\"robots\" content=\"index, follow, max-snippet:-1, max-image-preview:large, max-video-preview:-1\" \/>\n<link rel=\"canonical\" href=\"https:\/\/vincentedelicacies.com\/de\/produkt\/klassisches-mandelmus-und-umhullte-pistazien\/\" \/>\n<meta property=\"og:locale\" content=\"de_DE\" \/>\n<meta property=\"og:type\" content=\"article\" \/>\n<meta property=\"og:title\" content=\"Pasta di mandorla di Sicilia classica e Pistacchi ricoperti al cioccolato\" \/>\n<meta property=\"og:description\" content=\"Fragranti paste di mandorla ricoperte sono racchiuse in un cofanetto dal design raffinato. Realizzati con mandorle siciliane, i pasticcini sono ricoperti da una glassa di cioccolato extra fondente al 70% e da finissimo cioccolato bianco\u00a0 300 g\" \/>\n<meta property=\"og:url\" content=\"https:\/\/vincentedelicacies.com\/de\/produkt\/klassisches-mandelmus-und-umhullte-pistazien\/\" \/>\n<meta property=\"og:site_name\" content=\"Vincente Delicacies\" \/>\n<meta property=\"article:modified_time\" content=\"2022-11-04T08:08:46+00:00\" \/>\n<meta property=\"og:image\" content=\"https:\/\/vincentedelicacies.com\/wp-content\/uploads\/2021\/06\/P-2005.jpg\" \/>\n\t<meta property=\"og:image:width\" content=\"890\" \/>\n\t<meta property=\"og:image:height\" content=\"899\" \/>\n\t<meta property=\"og:image:type\" content=\"image\/jpeg\" \/>\n<meta name=\"twitter:card\" content=\"summary_large_image\" \/>\n<meta name=\"twitter:label1\" content=\"Gesch\u00e4tzte Lesezeit\" \/>\n\t<meta name=\"twitter:data1\" content=\"1\u00a0Minute\" \/>\n<script type=\"application\/ld+json\" class=\"yoast-schema-graph\">{\"@context\":\"https:\/\/schema.org\",\"@graph\":[{\"@type\":\"WebPage\",\"@id\":\"https:\/\/vincentedelicacies.com\/prodotto\/pasta-di-mandorla-classica-e-pistacchi-ricoperti\/\",\"url\":\"https:\/\/vincentedelicacies.com\/prodotto\/pasta-di-mandorla-classica-e-pistacchi-ricoperti\/\",\"name\":\"Pasta di mandorla di Sicilia classica e Pistacchi ricoperti al cioccolato - Vincente Delicacies\",\"isPartOf\":{\"@id\":\"https:\/\/vincentedelicacies.com\/#website\"},\"primaryImageOfPage\":{\"@id\":\"https:\/\/vincentedelicacies.com\/prodotto\/pasta-di-mandorla-classica-e-pistacchi-ricoperti\/#primaryimage\"},\"image\":{\"@id\":\"https:\/\/vincentedelicacies.com\/prodotto\/pasta-di-mandorla-classica-e-pistacchi-ricoperti\/#primaryimage\"},\"thumbnailUrl\":\"https:\/\/vincentedelicacies.com\/wp-content\/uploads\/2021\/06\/P-2005.jpg\",\"datePublished\":\"2021-06-21T08:30:11+00:00\",\"dateModified\":\"2022-11-04T08:08:46+00:00\",\"description\":\"Realizzati con mandorle siciliane, i pasticcini sono ricoperti da una glassa di cioccolato extra fondente e da finissimo cioccolato bianco\",\"breadcrumb\":{\"@id\":\"https:\/\/vincentedelicacies.com\/prodotto\/pasta-di-mandorla-classica-e-pistacchi-ricoperti\/#breadcrumb\"},\"inLanguage\":\"de\",\"potentialAction\":[{\"@type\":\"ReadAction\",\"target\":[\"https:\/\/vincentedelicacies.com\/prodotto\/pasta-di-mandorla-classica-e-pistacchi-ricoperti\/\"]}]},{\"@type\":\"ImageObject\",\"inLanguage\":\"de\",\"@id\":\"https:\/\/vincentedelicacies.com\/prodotto\/pasta-di-mandorla-classica-e-pistacchi-ricoperti\/#primaryimage\",\"url\":\"https:\/\/vincentedelicacies.com\/wp-content\/uploads\/2021\/06\/P-2005.jpg\",\"contentUrl\":\"https:\/\/vincentedelicacies.com\/wp-content\/uploads\/2021\/06\/P-2005.jpg\",\"width\":890,\"height\":899,\"caption\":\"Pasta di mandorla di Sicilia classica e Pistacchi ricoperti al cioccolato\"},{\"@type\":\"BreadcrumbList\",\"@id\":\"https:\/\/vincentedelicacies.com\/prodotto\/pasta-di-mandorla-classica-e-pistacchi-ricoperti\/#breadcrumb\",\"itemListElement\":[{\"@type\":\"ListItem\",\"position\":1,\"name\":\"Home\",\"item\":\"https:\/\/vincentedelicacies.com\/\"},{\"@type\":\"ListItem\",\"position\":2,\"name\":\"Prodotti\",\"item\":\"https:\/\/vincentedelicacies.com\/shop1__trashed\/\"},{\"@type\":\"ListItem\",\"position\":3,\"name\":\"Pasta di mandorla di Sicilia classica e Pistacchi ricoperti al cioccolato\"}]},{\"@type\":\"WebSite\",\"@id\":\"https:\/\/vincentedelicacies.com\/#website\",\"url\":\"https:\/\/vincentedelicacies.com\/\",\"name\":\"Vincente Delicacies\",\"description\":\"Un grande laboratorio di pasticceria\",\"publisher\":{\"@id\":\"https:\/\/vincentedelicacies.com\/#organization\"},\"potentialAction\":[{\"@type\":\"SearchAction\",\"target\":{\"@type\":\"EntryPoint\",\"urlTemplate\":\"https:\/\/vincentedelicacies.com\/?s={search_term_string}\"},\"query-input\":{\"@type\":\"PropertyValueSpecification\",\"valueRequired\":true,\"valueName\":\"search_term_string\"}}],\"inLanguage\":\"de\"},{\"@type\":\"Organization\",\"@id\":\"https:\/\/vincentedelicacies.com\/#organization\",\"name\":\"Vincente Delicacies\",\"url\":\"https:\/\/vincentedelicacies.com\/\",\"logo\":{\"@type\":\"ImageObject\",\"inLanguage\":\"de\",\"@id\":\"https:\/\/vincentedelicacies.com\/#\/schema\/logo\/image\/\",\"url\":\"https:\/\/vincentedelicacies.com\/wp-content\/uploads\/2021\/06\/logo.png\",\"contentUrl\":\"https:\/\/vincentedelicacies.com\/wp-content\/uploads\/2021\/06\/logo.png\",\"width\":159,\"height\":47,\"caption\":\"Vincente Delicacies\"},\"image\":{\"@id\":\"https:\/\/vincentedelicacies.com\/#\/schema\/logo\/image\/\"}}]}<\/script>\n<!-- \/ Yoast SEO Premium plugin. -->","yoast_head_json":{"title":"Pasta di mandorla di Sicilia classica e Pistacchi ricoperti al cioccolato - Vincente Delicacies","description":"Realizzati con mandorle siciliane, i pasticcini sono ricoperti da una glassa di cioccolato extra fondente e da finissimo cioccolato bianco","robots":{"index":"index","follow":"follow","max-snippet":"max-snippet:-1","max-image-preview":"max-image-preview:large","max-video-preview":"max-video-preview:-1"},"canonical":"https:\/\/vincentedelicacies.com\/de\/produkt\/klassisches-mandelmus-und-umhullte-pistazien\/","og_locale":"de_DE","og_type":"article","og_title":"Pasta di mandorla di Sicilia classica e Pistacchi ricoperti al cioccolato","og_description":"Fragranti paste di mandorla ricoperte sono racchiuse in un cofanetto dal design raffinato. Realizzati con mandorle siciliane, i pasticcini sono ricoperti da una glassa di cioccolato extra fondente al 70% e da finissimo cioccolato bianco\u00a0 300 g","og_url":"https:\/\/vincentedelicacies.com\/de\/produkt\/klassisches-mandelmus-und-umhullte-pistazien\/","og_site_name":"Vincente Delicacies","article_modified_time":"2022-11-04T08:08:46+00:00","og_image":[{"width":890,"height":899,"url":"https:\/\/vincentedelicacies.com\/wp-content\/uploads\/2021\/06\/P-2005.jpg","type":"image\/jpeg"}],"twitter_card":"summary_large_image","twitter_misc":{"Gesch\u00e4tzte Lesezeit":"1\u00a0Minute"},"schema":{"@context":"https:\/\/schema.org","@graph":[{"@type":"WebPage","@id":"https:\/\/vincentedelicacies.com\/prodotto\/pasta-di-mandorla-classica-e-pistacchi-ricoperti\/","url":"https:\/\/vincentedelicacies.com\/prodotto\/pasta-di-mandorla-classica-e-pistacchi-ricoperti\/","name":"Pasta di mandorla di Sicilia classica e Pistacchi ricoperti al cioccolato - Vincente Delicacies","isPartOf":{"@id":"https:\/\/vincentedelicacies.com\/#website"},"primaryImageOfPage":{"@id":"https:\/\/vincentedelicacies.com\/prodotto\/pasta-di-mandorla-classica-e-pistacchi-ricoperti\/#primaryimage"},"image":{"@id":"https:\/\/vincentedelicacies.com\/prodotto\/pasta-di-mandorla-classica-e-pistacchi-ricoperti\/#primaryimage"},"thumbnailUrl":"https:\/\/vincentedelicacies.com\/wp-content\/uploads\/2021\/06\/P-2005.jpg","datePublished":"2021-06-21T08:30:11+00:00","dateModified":"2022-11-04T08:08:46+00:00","description":"Realizzati con mandorle siciliane, i pasticcini sono ricoperti da una glassa di cioccolato extra fondente e da finissimo cioccolato bianco","breadcrumb":{"@id":"https:\/\/vincentedelicacies.com\/prodotto\/pasta-di-mandorla-classica-e-pistacchi-ricoperti\/#breadcrumb"},"inLanguage":"de","potentialAction":[{"@type":"ReadAction","target":["https:\/\/vincentedelicacies.com\/prodotto\/pasta-di-mandorla-classica-e-pistacchi-ricoperti\/"]}]},{"@type":"ImageObject","inLanguage":"de","@id":"https:\/\/vincentedelicacies.com\/prodotto\/pasta-di-mandorla-classica-e-pistacchi-ricoperti\/#primaryimage","url":"https:\/\/vincentedelicacies.com\/wp-content\/uploads\/2021\/06\/P-2005.jpg","contentUrl":"https:\/\/vincentedelicacies.com\/wp-content\/uploads\/2021\/06\/P-2005.jpg","width":890,"height":899,"caption":"Pasta di mandorla di Sicilia classica e Pistacchi ricoperti al cioccolato"},{"@type":"BreadcrumbList","@id":"https:\/\/vincentedelicacies.com\/prodotto\/pasta-di-mandorla-classica-e-pistacchi-ricoperti\/#breadcrumb","itemListElement":[{"@type":"ListItem","position":1,"name":"Home","item":"https:\/\/vincentedelicacies.com\/"},{"@type":"ListItem","position":2,"name":"Prodotti","item":"https:\/\/vincentedelicacies.com\/shop1__trashed\/"},{"@type":"ListItem","position":3,"name":"Pasta di mandorla di Sicilia classica e Pistacchi ricoperti al cioccolato"}]},{"@type":"WebSite","@id":"https:\/\/vincentedelicacies.com\/#website","url":"https:\/\/vincentedelicacies.com\/","name":"Vincente Delicacies","description":"Un grande laboratorio di pasticceria","publisher":{"@id":"https:\/\/vincentedelicacies.com\/#organization"},"potentialAction":[{"@type":"SearchAction","target":{"@type":"EntryPoint","urlTemplate":"https:\/\/vincentedelicacies.com\/?s={search_term_string}"},"query-input":{"@type":"PropertyValueSpecification","valueRequired":true,"valueName":"search_term_string"}}],"inLanguage":"de"},{"@type":"Organization","@id":"https:\/\/vincentedelicacies.com\/#organization","name":"Vincente Delicacies","url":"https:\/\/vincentedelicacies.com\/","logo":{"@type":"ImageObject","inLanguage":"de","@id":"https:\/\/vincentedelicacies.com\/#\/schema\/logo\/image\/","url":"https:\/\/vincentedelicacies.com\/wp-content\/uploads\/2021\/06\/logo.png","contentUrl":"https:\/\/vincentedelicacies.com\/wp-content\/uploads\/2021\/06\/logo.png","width":159,"height":47,"caption":"Vincente Delicacies"},"image":{"@id":"https:\/\/vincentedelicacies.com\/#\/schema\/logo\/image\/"}}]}},"_links":{"self":[{"href":"https:\/\/vincentedelicacies.com\/de\/wp-json\/wp\/v2\/product\/1998","targetHints":{"allow":["GET"]}}],"collection":[{"href":"https:\/\/vincentedelicacies.com\/de\/wp-json\/wp\/v2\/product"}],"about":[{"href":"https:\/\/vincentedelicacies.com\/de\/wp-json\/wp\/v2\/types\/product"}],"replies":[{"embeddable":true,"href":"https:\/\/vincentedelicacies.com\/de\/wp-json\/wp\/v2\/comments?post=1998"}],"wp:featuredmedia":[{"embeddable":true,"href":"https:\/\/vincentedelicacies.com\/de\/wp-json\/wp\/v2\/media\/12834"}],"wp:attachment":[{"href":"https:\/\/vincentedelicacies.com\/de\/wp-json\/wp\/v2\/media?parent=1998"}],"wp:term":[{"taxonomy":"product_brand","embeddable":true,"href":"https:\/\/vincentedelicacies.com\/de\/wp-json\/wp\/v2\/product_brand?post=1998"},{"taxonomy":"product_cat","embeddable":true,"href":"https:\/\/vincentedelicacies.com\/de\/wp-json\/wp\/v2\/product_cat?post=1998"},{"taxonomy":"product_tag","embeddable":true,"href":"https:\/\/vincentedelicacies.com\/de\/wp-json\/wp\/v2\/product_tag?post=1998"}],"curies":[{"name":"wp","href":"https:\/\/api.w.org\/{rel}","templated":true}]}}