{"id":1974,"date":"2021-06-21T07:52:55","date_gmt":"2021-06-21T07:52:55","guid":{"rendered":"https:\/\/vincentedelicacies.com\/?post_type=product&#038;p=1974"},"modified":"2022-11-25T12:44:49","modified_gmt":"2022-11-25T12:44:49","slug":"zitronen-mandel-paste","status":"publish","type":"product","link":"https:\/\/vincentedelicacies.com\/de\/produkt\/zitronen-mandel-paste\/","title":{"rendered":"Sizilianische Mandelpaste mit Zitrusfr\u00fcchten"},"content":{"rendered":"<p><span style=\"vertical-align: inherit;\"><span style=\"vertical-align: inherit;\">Inhaltsstoffe <\/span><\/span><br \/>\n<span style=\"vertical-align: inherit;\"><span style=\"vertical-align: inherit;\">Mandelpaste mit Orange: ALMOND 50%, Zucker, Orangenst\u00e4bchen 10% (Orangenschalen, Glukose-Fruktose-Sirup, Saccharose, S\u00e4ureregulator: Zitronens\u00e4ure, Konservierungsmittel: SCHWEFELDIOXID), Eiwei\u00df EGG, Glukosesirup, Stabilisator: Sorbit, Honig, Invertzuckersirup, Emulgator: SOY-Lecithin, Orangenaroma 0.2%, Aromen, Konservierungsmittel: Sorbins\u00e4ure.<\/span><\/span><br \/>\n<span style=\"vertical-align: inherit;\"><span style=\"vertical-align: inherit;\">Mandarinenpaste: ALMOND 50%, Zucker, kandierte Mandarinenschalenw\u00fcrfel 10% (Mandarinenschalen, Glukose-Fruktose-Sirup, Saccharose, S\u00e4ureregulator: Zitronens\u00e4ure, Konservierungsmittel: SCHWEFELDIOXID), EIERwei\u00df, Glukosesirup, Stabilisator: Sorbit, Honig, Invertzuckersirup, Emulgator: SOJA-Lecithin, Mandarinenaroma 0,2%, Aromen, Konservierungsmittel: Sorbins\u00e4ure.<\/span><\/span><br \/>\n<span style=\"vertical-align: inherit;\"><span style=\"vertical-align: inherit;\">Mandelpaste mit Zitrone: ALMOND 50%, Zucker, Zitronatw\u00fcrfel 10% (Zitronenschalen, Glukosesirup - Fruktose, Saccharose, S\u00e4ureregulator: Zitronens\u00e4ure, Konservierungsmittel: SCHWEFELDIOXID), EIERWEISS, Glukosesirup, Stabilisator: Sorbit, Honig, Invertzuckersirup, Emulgator: SOJA-Lecithin, Zitronenaroma 0,2%, Aromen, Konservierungsmittel: Sorbins\u00e4ure.<\/span><\/span><\/p>","protected":false},"excerpt":{"rendered":"<p>Eine schlichte und elegante Verpackung enth\u00e4lt das Mandelgeb\u00e4ck von Vincente mit sizilianischen Zitrusfr\u00fcchten. Erg\u00e4nzt wird das Geb\u00e4ck durch kandierte Orangen, gew\u00fcrfelte Zitronenschalen und kandierte Mandarinen. Sizilien und seine D\u00fcfte und Geschm\u00e4cker in k\u00f6stlichem Geb\u00e4ck. 200 g<\/p>","protected":false},"featured_media":12725,"comment_status":"open","ping_status":"closed","template":"","meta":[],"product_brand":[],"product_cat":[15,54],"product_tag":[],"class_list":{"0":"post-1974","1":"product","2":"type-product","3":"status-publish","4":"has-post-thumbnail","6":"product_cat-pasta-di-mandorla","7":"product_cat-agrumi","9":"first","10":"instock","11":"shipping-taxable","12":"product-type-variable"},"yoast_head":"<!-- This site is optimized with the Yoast SEO Premium plugin v21.8 (Yoast SEO v26.6) - https:\/\/yoast.com\/wordpress\/plugins\/seo\/ -->\n<title>Pasta di mandorla di Sicilia agli agrumi - Vincente Delicacies<\/title>\n<meta name=\"description\" content=\"Le paste di mandorla Vincente agli agrumi di Sicilia sono completate da tondini d\u2019arancia candita, cubetti di scorza di limone e mandarino\" \/>\n<meta name=\"robots\" content=\"index, follow, max-snippet:-1, max-image-preview:large, max-video-preview:-1\" \/>\n<link rel=\"canonical\" href=\"https:\/\/vincentedelicacies.com\/de\/produkt\/zitronen-mandel-paste\/\" \/>\n<meta property=\"og:locale\" content=\"de_DE\" \/>\n<meta property=\"og:type\" content=\"article\" \/>\n<meta property=\"og:title\" content=\"Pasta di mandorla di Sicilia agli agrumi\" \/>\n<meta property=\"og:description\" content=\"Una confezione semplice ed elegante custodisce le paste di mandorla Vincente agli agrumi di Sicilia. Le paste sono completate da tondini d\u2019arancia candita, cubetti di scorza di limone e mandarino canditi. La Sicilia e i suoi odori e sapori racchiusi in deliziosi pasticcini. 200gr\" \/>\n<meta property=\"og:url\" content=\"https:\/\/vincentedelicacies.com\/de\/produkt\/zitronen-mandel-paste\/\" \/>\n<meta property=\"og:site_name\" content=\"Vincente Delicacies\" \/>\n<meta property=\"article:modified_time\" content=\"2022-11-25T12:44:49+00:00\" \/>\n<meta property=\"og:image\" content=\"https:\/\/vincentedelicacies.com\/wp-content\/uploads\/2021\/06\/P5002.jpg\" \/>\n\t<meta property=\"og:image:width\" content=\"890\" \/>\n\t<meta property=\"og:image:height\" content=\"899\" \/>\n\t<meta property=\"og:image:type\" content=\"image\/jpeg\" \/>\n<meta name=\"twitter:card\" content=\"summary_large_image\" \/>\n<meta name=\"twitter:label1\" content=\"Gesch\u00e4tzte Lesezeit\" \/>\n\t<meta name=\"twitter:data1\" content=\"1\u00a0Minute\" \/>\n<script type=\"application\/ld+json\" class=\"yoast-schema-graph\">{\"@context\":\"https:\/\/schema.org\",\"@graph\":[{\"@type\":\"WebPage\",\"@id\":\"https:\/\/vincentedelicacies.com\/prodotto\/pasta-di-mandorla-agli-agrumi\/\",\"url\":\"https:\/\/vincentedelicacies.com\/prodotto\/pasta-di-mandorla-agli-agrumi\/\",\"name\":\"Pasta di mandorla di Sicilia agli agrumi - Vincente Delicacies\",\"isPartOf\":{\"@id\":\"https:\/\/vincentedelicacies.com\/#website\"},\"primaryImageOfPage\":{\"@id\":\"https:\/\/vincentedelicacies.com\/prodotto\/pasta-di-mandorla-agli-agrumi\/#primaryimage\"},\"image\":{\"@id\":\"https:\/\/vincentedelicacies.com\/prodotto\/pasta-di-mandorla-agli-agrumi\/#primaryimage\"},\"thumbnailUrl\":\"https:\/\/vincentedelicacies.com\/wp-content\/uploads\/2021\/06\/P5002.jpg\",\"datePublished\":\"2021-06-21T07:52:55+00:00\",\"dateModified\":\"2022-11-25T12:44:49+00:00\",\"description\":\"Le paste di mandorla Vincente agli agrumi di Sicilia sono completate da tondini d\u2019arancia candita, cubetti di scorza di limone e mandarino\",\"breadcrumb\":{\"@id\":\"https:\/\/vincentedelicacies.com\/prodotto\/pasta-di-mandorla-agli-agrumi\/#breadcrumb\"},\"inLanguage\":\"de\",\"potentialAction\":[{\"@type\":\"ReadAction\",\"target\":[\"https:\/\/vincentedelicacies.com\/prodotto\/pasta-di-mandorla-agli-agrumi\/\"]}]},{\"@type\":\"ImageObject\",\"inLanguage\":\"de\",\"@id\":\"https:\/\/vincentedelicacies.com\/prodotto\/pasta-di-mandorla-agli-agrumi\/#primaryimage\",\"url\":\"https:\/\/vincentedelicacies.com\/wp-content\/uploads\/2021\/06\/P5002.jpg\",\"contentUrl\":\"https:\/\/vincentedelicacies.com\/wp-content\/uploads\/2021\/06\/P5002.jpg\",\"width\":890,\"height\":899,\"caption\":\"Pasta di mandorla di Sicilia agli agrumi\"},{\"@type\":\"BreadcrumbList\",\"@id\":\"https:\/\/vincentedelicacies.com\/prodotto\/pasta-di-mandorla-agli-agrumi\/#breadcrumb\",\"itemListElement\":[{\"@type\":\"ListItem\",\"position\":1,\"name\":\"Home\",\"item\":\"https:\/\/vincentedelicacies.com\/\"},{\"@type\":\"ListItem\",\"position\":2,\"name\":\"Prodotti\",\"item\":\"https:\/\/vincentedelicacies.com\/shop1__trashed\/\"},{\"@type\":\"ListItem\",\"position\":3,\"name\":\"Pasta di mandorla di Sicilia agli agrumi\"}]},{\"@type\":\"WebSite\",\"@id\":\"https:\/\/vincentedelicacies.com\/#website\",\"url\":\"https:\/\/vincentedelicacies.com\/\",\"name\":\"Vincente Delicacies\",\"description\":\"Un grande laboratorio di pasticceria\",\"publisher\":{\"@id\":\"https:\/\/vincentedelicacies.com\/#organization\"},\"potentialAction\":[{\"@type\":\"SearchAction\",\"target\":{\"@type\":\"EntryPoint\",\"urlTemplate\":\"https:\/\/vincentedelicacies.com\/?s={search_term_string}\"},\"query-input\":{\"@type\":\"PropertyValueSpecification\",\"valueRequired\":true,\"valueName\":\"search_term_string\"}}],\"inLanguage\":\"de\"},{\"@type\":\"Organization\",\"@id\":\"https:\/\/vincentedelicacies.com\/#organization\",\"name\":\"Vincente Delicacies\",\"url\":\"https:\/\/vincentedelicacies.com\/\",\"logo\":{\"@type\":\"ImageObject\",\"inLanguage\":\"de\",\"@id\":\"https:\/\/vincentedelicacies.com\/#\/schema\/logo\/image\/\",\"url\":\"https:\/\/vincentedelicacies.com\/wp-content\/uploads\/2021\/06\/logo.png\",\"contentUrl\":\"https:\/\/vincentedelicacies.com\/wp-content\/uploads\/2021\/06\/logo.png\",\"width\":159,\"height\":47,\"caption\":\"Vincente Delicacies\"},\"image\":{\"@id\":\"https:\/\/vincentedelicacies.com\/#\/schema\/logo\/image\/\"}}]}<\/script>\n<!-- \/ Yoast SEO Premium plugin. -->","yoast_head_json":{"title":"Pasta di mandorla di Sicilia agli agrumi - Vincente Delicacies","description":"Le paste di mandorla Vincente agli agrumi di Sicilia sono completate da tondini d\u2019arancia candita, cubetti di scorza di limone e mandarino","robots":{"index":"index","follow":"follow","max-snippet":"max-snippet:-1","max-image-preview":"max-image-preview:large","max-video-preview":"max-video-preview:-1"},"canonical":"https:\/\/vincentedelicacies.com\/de\/produkt\/zitronen-mandel-paste\/","og_locale":"de_DE","og_type":"article","og_title":"Pasta di mandorla di Sicilia agli agrumi","og_description":"Una confezione semplice ed elegante custodisce le paste di mandorla Vincente agli agrumi di Sicilia. Le paste sono completate da tondini d\u2019arancia candita, cubetti di scorza di limone e mandarino canditi. La Sicilia e i suoi odori e sapori racchiusi in deliziosi pasticcini. 200gr","og_url":"https:\/\/vincentedelicacies.com\/de\/produkt\/zitronen-mandel-paste\/","og_site_name":"Vincente Delicacies","article_modified_time":"2022-11-25T12:44:49+00:00","og_image":[{"width":890,"height":899,"url":"https:\/\/vincentedelicacies.com\/wp-content\/uploads\/2021\/06\/P5002.jpg","type":"image\/jpeg"}],"twitter_card":"summary_large_image","twitter_misc":{"Gesch\u00e4tzte Lesezeit":"1\u00a0Minute"},"schema":{"@context":"https:\/\/schema.org","@graph":[{"@type":"WebPage","@id":"https:\/\/vincentedelicacies.com\/prodotto\/pasta-di-mandorla-agli-agrumi\/","url":"https:\/\/vincentedelicacies.com\/prodotto\/pasta-di-mandorla-agli-agrumi\/","name":"Pasta di mandorla di Sicilia agli agrumi - Vincente Delicacies","isPartOf":{"@id":"https:\/\/vincentedelicacies.com\/#website"},"primaryImageOfPage":{"@id":"https:\/\/vincentedelicacies.com\/prodotto\/pasta-di-mandorla-agli-agrumi\/#primaryimage"},"image":{"@id":"https:\/\/vincentedelicacies.com\/prodotto\/pasta-di-mandorla-agli-agrumi\/#primaryimage"},"thumbnailUrl":"https:\/\/vincentedelicacies.com\/wp-content\/uploads\/2021\/06\/P5002.jpg","datePublished":"2021-06-21T07:52:55+00:00","dateModified":"2022-11-25T12:44:49+00:00","description":"Le paste di mandorla Vincente agli agrumi di Sicilia sono completate da tondini d\u2019arancia candita, cubetti di scorza di limone e mandarino","breadcrumb":{"@id":"https:\/\/vincentedelicacies.com\/prodotto\/pasta-di-mandorla-agli-agrumi\/#breadcrumb"},"inLanguage":"de","potentialAction":[{"@type":"ReadAction","target":["https:\/\/vincentedelicacies.com\/prodotto\/pasta-di-mandorla-agli-agrumi\/"]}]},{"@type":"ImageObject","inLanguage":"de","@id":"https:\/\/vincentedelicacies.com\/prodotto\/pasta-di-mandorla-agli-agrumi\/#primaryimage","url":"https:\/\/vincentedelicacies.com\/wp-content\/uploads\/2021\/06\/P5002.jpg","contentUrl":"https:\/\/vincentedelicacies.com\/wp-content\/uploads\/2021\/06\/P5002.jpg","width":890,"height":899,"caption":"Pasta di mandorla di Sicilia agli agrumi"},{"@type":"BreadcrumbList","@id":"https:\/\/vincentedelicacies.com\/prodotto\/pasta-di-mandorla-agli-agrumi\/#breadcrumb","itemListElement":[{"@type":"ListItem","position":1,"name":"Home","item":"https:\/\/vincentedelicacies.com\/"},{"@type":"ListItem","position":2,"name":"Prodotti","item":"https:\/\/vincentedelicacies.com\/shop1__trashed\/"},{"@type":"ListItem","position":3,"name":"Pasta di mandorla di Sicilia agli agrumi"}]},{"@type":"WebSite","@id":"https:\/\/vincentedelicacies.com\/#website","url":"https:\/\/vincentedelicacies.com\/","name":"Vincente Delicacies","description":"Un grande laboratorio di pasticceria","publisher":{"@id":"https:\/\/vincentedelicacies.com\/#organization"},"potentialAction":[{"@type":"SearchAction","target":{"@type":"EntryPoint","urlTemplate":"https:\/\/vincentedelicacies.com\/?s={search_term_string}"},"query-input":{"@type":"PropertyValueSpecification","valueRequired":true,"valueName":"search_term_string"}}],"inLanguage":"de"},{"@type":"Organization","@id":"https:\/\/vincentedelicacies.com\/#organization","name":"Vincente Delicacies","url":"https:\/\/vincentedelicacies.com\/","logo":{"@type":"ImageObject","inLanguage":"de","@id":"https:\/\/vincentedelicacies.com\/#\/schema\/logo\/image\/","url":"https:\/\/vincentedelicacies.com\/wp-content\/uploads\/2021\/06\/logo.png","contentUrl":"https:\/\/vincentedelicacies.com\/wp-content\/uploads\/2021\/06\/logo.png","width":159,"height":47,"caption":"Vincente Delicacies"},"image":{"@id":"https:\/\/vincentedelicacies.com\/#\/schema\/logo\/image\/"}}]}},"_links":{"self":[{"href":"https:\/\/vincentedelicacies.com\/de\/wp-json\/wp\/v2\/product\/1974","targetHints":{"allow":["GET"]}}],"collection":[{"href":"https:\/\/vincentedelicacies.com\/de\/wp-json\/wp\/v2\/product"}],"about":[{"href":"https:\/\/vincentedelicacies.com\/de\/wp-json\/wp\/v2\/types\/product"}],"replies":[{"embeddable":true,"href":"https:\/\/vincentedelicacies.com\/de\/wp-json\/wp\/v2\/comments?post=1974"}],"wp:featuredmedia":[{"embeddable":true,"href":"https:\/\/vincentedelicacies.com\/de\/wp-json\/wp\/v2\/media\/12725"}],"wp:attachment":[{"href":"https:\/\/vincentedelicacies.com\/de\/wp-json\/wp\/v2\/media?parent=1974"}],"wp:term":[{"taxonomy":"product_brand","embeddable":true,"href":"https:\/\/vincentedelicacies.com\/de\/wp-json\/wp\/v2\/product_brand?post=1974"},{"taxonomy":"product_cat","embeddable":true,"href":"https:\/\/vincentedelicacies.com\/de\/wp-json\/wp\/v2\/product_cat?post=1974"},{"taxonomy":"product_tag","embeddable":true,"href":"https:\/\/vincentedelicacies.com\/de\/wp-json\/wp\/v2\/product_tag?post=1974"}],"curies":[{"name":"wp","href":"https:\/\/api.w.org\/{rel}","templated":true}]}}